{"id":397338,"date":"2022-12-01T21:19:09","date_gmt":"2022-12-01T20:19:09","guid":{"rendered":"https:\/\/positiveprints.com\/?post_type=product&#038;p=397338"},"modified":"2026-04-12T22:47:56","modified_gmt":"2026-04-12T21:47:56","slug":"alla-mia-anima-gemella","status":"publish","type":"product","link":"https:\/\/positiveprints.com\/it\/prodotto\/alla-mia-anima-gemella\/","title":{"rendered":"Alla Mia Anima Gemella"},"content":{"rendered":"<p>Di notte, quando punti il naso all\u2019ins\u00f9, cosa vedi? Pensi alla vastit\u00e0 dell\u2019universo e non puoi far altro che sentirti insignificante? Oppure, la maestosit\u00e0 delle stelle ti lascia senza fiato? Gli occhi puntati su qualcosa di cos\u00ec grande mi ricorda che, l\u00e0 fuori, c\u2019\u00e8 qualcuno che mi aspetta. Qualcuno capace di vedere la bellezza esattamente dove la vedo. Qualcuno che riuscir\u00e0 a connettersi con ci\u00f2 che sono davvero. Dopotutto, perdersi a guardare il cielo notturno \u00e8 un po\u2019 come guardare negli occhi la propria anima gemella.<\/p>\r\n\r\n<h2 class=\"grenB f24 cblue\" style=\"margin-top: 3rem\">Il Nostro Legame Indissolubile<\/h2>\r\n\r\n<p style=\"margin-top: 1rem\">Un&#8217;anima gemella \u00e8 qualcuno con cui sentiamo una connessione forte e profonda. Questa persona \u00e8 capace di amore incondizionato e, insieme, formiamo la coppia perfetta. Le anime gemelle ci aiutano a crescere e a evolvere nella migliore versione di noi stessi. Al loro fianco, la sensazione di sentirsi completi e appagati \u00e8 pi\u00f9 forte che mai.<\/p>\r\n\r\n<p style=\"margin-top: 1rem\">Quando ti accorgi di aver trovato la tua anima gemella \u00e8 importante continuare a coltivare la vostra relazione. Le anime gemelle sono rare e speciali, quindi \u00e8 importante trattarle con cura. Trascorrere del tempo insieme facendo cose che piacciono a entrambi e comunicare con onest\u00e0 \u00e8 di fondamentale importanza. Le anime gemelle non si incontrano tutti i giorni, perci\u00f2 assicurati di farne tesoro!<\/p>\r\n\r\n<h2 class=\"grenB f24 cblue\" style=\"margin-top: 3rem\">Stampa Personalizzata per la Mia Anima Gemella<\/h2>\r\n\r\n<p style=\"margin-top: 1rem\">Stai cercando un regalo romantico e originale per la tua anima gemella? Non guardare oltre! \u201cAlla Mia Anima Gemella\u201d \u00e8 un poster o una tela personalizzata che rappresenta il cielo notturno in una data e in un luogo speciale su cui puoi inserire un testo personalizzato. Grazie alla possibilit\u00e0 di scegliere i colori della stampa, puoi selezionare quelli che la tua anima gemella ama alla follia. Che tu scelga la stampa di un poster, il poster con cornice, la tela o il file digitale istantaneo, siamo certi che la tua anima gemella sar\u00e0 felice di ricevere un regalo come questo. Cosa aspetti? Ordina subito \u201cAlla Mia Anima Gemella\u201d!<\/p>","protected":false},"excerpt":{"rendered":"<ul class=\"check-list\">\n<li>Cattura la magia del vostro legame creando una mappa stellare personalizzata<\/li>\n<li>Aggiungi pianeti, costellazioni e la Via Lattea<\/li>\n<li>Personalizzala in 3 semplici passaggi<\/li>\n<li>Aggiungi un testo personalizzato<\/li>\n<li>Guarda subito il risultato \u2013 l&#8217;anteprima interattiva ti permette di perfezionare ogni dettaglio<\/li>\n<\/ul>\n","protected":false},"featured_media":1332910,"template":"","meta":[],"product_brand":[],"product_cat":[4449,8008,7688,4448,11243],"product_tag":[8521],"class_list":{"0":"post-397338","1":"product","2":"type-product","3":"status-publish","4":"has-post-thumbnail","6":"product_cat-tutti-i-prodotti","7":"product_cat-regali-da-uomo","8":"product_cat-regali-da-donna","9":"product_cat-star-it-2","10":"product_cat-regali-di-san-valentino-per-lei","11":"product_tag-couples-it","13":"first","14":"instock","15":"sale","16":"taxable","17":"shipping-taxable","18":"purchasable","19":"product-type-variable"},"yoast_head":"<!-- This site is optimized with the Yoast SEO Premium plugin v27.2 (Yoast SEO v27.2) - https:\/\/yoast.com\/product\/yoast-seo-premium-wordpress\/ -->\n<title>Alla Mia Anima Gemella - Positive Prints<\/title>\n<meta name=\"robots\" content=\"index, follow, max-snippet:-1, max-image-preview:large, max-video-preview:-1\" \/>\n<link rel=\"canonical\" href=\"https:\/\/positiveprints.com\/it\/prodotto\/alla-mia-anima-gemella\/\" \/>\n<meta property=\"og:locale\" content=\"it_IT\" \/>\n<meta property=\"og:type\" content=\"article\" \/>\n<meta property=\"og:title\" content=\"Alla Mia Anima Gemella\" \/>\n<meta property=\"og:description\" content=\"Cattura la magia del vostro legame creando una mappa stellare personalizzata Aggiungi pianeti, costellazioni e la Via Lattea Personalizzala in 3 semplici passaggi Aggiungi un testo personalizzato Guarda subito il risultato \u2013 l&#039;anteprima interattiva ti permette di perfezionare ogni dettaglio\" \/>\n<meta property=\"og:url\" content=\"https:\/\/positiveprints.com\/it\/prodotto\/alla-mia-anima-gemella\/\" \/>\n<meta property=\"og:site_name\" content=\"Positive Prints\" \/>\n<meta property=\"article:publisher\" content=\"https:\/\/www.facebook.com\/positiveprintscom\" \/>\n<meta property=\"article:modified_time\" content=\"2026-04-12T21:47:56+00:00\" \/>\n<meta property=\"og:image\" content=\"https:\/\/positiveprints.com\/wp-content\/uploads\/2025\/01\/Alla-Mia-Anima-Gemella-1.webp\" \/>\n\t<meta property=\"og:image:width\" content=\"1450\" \/>\n\t<meta property=\"og:image:height\" content=\"1450\" \/>\n\t<meta property=\"og:image:type\" content=\"image\/webp\" \/>\n<meta name=\"twitter:card\" content=\"summary_large_image\" \/>\n<meta name=\"twitter:label1\" content=\"Tempo di lettura stimato\" \/>\n\t<meta name=\"twitter:data1\" content=\"2 minuti\" \/>\n<!-- \/ Yoast SEO Premium plugin. -->","yoast_head_json":{"title":"Alla Mia Anima Gemella - Positive Prints","robots":{"index":"index","follow":"follow","max-snippet":"max-snippet:-1","max-image-preview":"max-image-preview:large","max-video-preview":"max-video-preview:-1"},"canonical":"https:\/\/positiveprints.com\/it\/prodotto\/alla-mia-anima-gemella\/","og_locale":"it_IT","og_type":"article","og_title":"Alla Mia Anima Gemella","og_description":"Cattura la magia del vostro legame creando una mappa stellare personalizzata Aggiungi pianeti, costellazioni e la Via Lattea Personalizzala in 3 semplici passaggi Aggiungi un testo personalizzato Guarda subito il risultato \u2013 l'anteprima interattiva ti permette di perfezionare ogni dettaglio","og_url":"https:\/\/positiveprints.com\/it\/prodotto\/alla-mia-anima-gemella\/","og_site_name":"Positive Prints","article_publisher":"https:\/\/www.facebook.com\/positiveprintscom","article_modified_time":"2026-04-12T21:47:56+00:00","og_image":[{"width":1450,"height":1450,"url":"https:\/\/positiveprints.com\/wp-content\/uploads\/2025\/01\/Alla-Mia-Anima-Gemella-1.webp","type":"image\/webp"}],"twitter_card":"summary_large_image","twitter_misc":{"Tempo di lettura stimato":"2 minuti"},"schema":{"@context":"https:\/\/schema.org","@graph":[{"@type":["WebPage","ItemPage"],"@id":"https:\/\/positiveprints.com\/it\/prodotto\/alla-mia-anima-gemella\/","url":"https:\/\/positiveprints.com\/it\/prodotto\/alla-mia-anima-gemella\/","name":"Alla Mia Anima Gemella - Positive Prints","isPartOf":{"@id":"https:\/\/positiveprints.com\/it\/#website"},"primaryImageOfPage":{"@id":"https:\/\/positiveprints.com\/it\/prodotto\/alla-mia-anima-gemella\/#primaryimage"},"image":{"@id":"https:\/\/positiveprints.com\/it\/prodotto\/alla-mia-anima-gemella\/#primaryimage"},"thumbnailUrl":"https:\/\/positiveprints.com\/wp-content\/uploads\/2025\/01\/Alla-Mia-Anima-Gemella-1.webp","datePublished":"2022-12-01T20:19:09+00:00","dateModified":"2026-04-12T21:47:56+00:00","breadcrumb":{"@id":"https:\/\/positiveprints.com\/it\/prodotto\/alla-mia-anima-gemella\/#breadcrumb"},"inLanguage":"it-IT","potentialAction":[{"@type":"ReadAction","target":["https:\/\/positiveprints.com\/it\/prodotto\/alla-mia-anima-gemella\/"]}]},{"@type":"ImageObject","inLanguage":"it-IT","@id":"https:\/\/positiveprints.com\/it\/prodotto\/alla-mia-anima-gemella\/#primaryimage","url":"https:\/\/positiveprints.com\/wp-content\/uploads\/2025\/01\/Alla-Mia-Anima-Gemella-1.webp","contentUrl":"https:\/\/positiveprints.com\/wp-content\/uploads\/2025\/01\/Alla-Mia-Anima-Gemella-1.webp","width":1450,"height":1450},{"@type":"BreadcrumbList","@id":"https:\/\/positiveprints.com\/it\/prodotto\/alla-mia-anima-gemella\/#breadcrumb","itemListElement":[{"@type":"ListItem","position":1,"name":"Home","item":"https:\/\/positiveprints.com\/it\/"},{"@type":"ListItem","position":2,"name":"Prodotti","item":"https:\/\/positiveprints.com\/it\/shop\/"},{"@type":"ListItem","position":3,"name":"Alla Mia Anima Gemella"}]},{"@type":"WebSite","@id":"https:\/\/positiveprints.com\/it\/#website","url":"https:\/\/positiveprints.com\/it\/","name":"Positive Prints","description":"Amazing Custom Personalized Gifts","publisher":{"@id":"https:\/\/positiveprints.com\/it\/#organization"},"potentialAction":[{"@type":"SearchAction","target":{"@type":"EntryPoint","urlTemplate":"https:\/\/positiveprints.com\/it\/?s={search_term_string}"},"query-input":{"@type":"PropertyValueSpecification","valueRequired":true,"valueName":"search_term_string"}}],"inLanguage":"it-IT"},{"@type":"Organization","@id":"https:\/\/positiveprints.com\/it\/#organization","name":"Positive Prints","alternateName":"Positive Prints","url":"https:\/\/positiveprints.com\/it\/","logo":{"@type":"ImageObject","inLanguage":"it-IT","@id":"https:\/\/positiveprints.com\/it\/#\/schema\/logo\/image\/","url":"https:\/\/positiveprints.com\/wp-content\/uploads\/2026\/03\/245815646_1337939713319158_5671353136411139666_n.png","contentUrl":"https:\/\/positiveprints.com\/wp-content\/uploads\/2026\/03\/245815646_1337939713319158_5671353136411139666_n.png","width":800,"height":800,"caption":"Positive Prints"},"image":{"@id":"https:\/\/positiveprints.com\/it\/#\/schema\/logo\/image\/"},"sameAs":["https:\/\/www.facebook.com\/positiveprintscom","https:\/\/www.instagram.com\/positiveprintscom\/","https:\/\/www.tiktok.com\/@positiveprintscom","https:\/\/www.pinterest.com\/positiveprintscom\/"]}]}},"jetpack_sharing_enabled":true,"_links":{"self":[{"href":"https:\/\/positiveprints.com\/it\/wp-json\/wp\/v2\/product\/397338","targetHints":{"allow":["GET"]}}],"collection":[{"href":"https:\/\/positiveprints.com\/it\/wp-json\/wp\/v2\/product"}],"about":[{"href":"https:\/\/positiveprints.com\/it\/wp-json\/wp\/v2\/types\/product"}],"wp:featuredmedia":[{"embeddable":true,"href":"https:\/\/positiveprints.com\/it\/wp-json\/wp\/v2\/media\/1332910"}],"wp:attachment":[{"href":"https:\/\/positiveprints.com\/it\/wp-json\/wp\/v2\/media?parent=397338"}],"wp:term":[{"taxonomy":"product_brand","embeddable":true,"href":"https:\/\/positiveprints.com\/it\/wp-json\/wp\/v2\/product_brand?post=397338"},{"taxonomy":"product_cat","embeddable":true,"href":"https:\/\/positiveprints.com\/it\/wp-json\/wp\/v2\/product_cat?post=397338"},{"taxonomy":"product_tag","embeddable":true,"href":"https:\/\/positiveprints.com\/it\/wp-json\/wp\/v2\/product_tag?post=397338"}],"curies":[{"name":"wp","href":"https:\/\/api.w.org\/{rel}","templated":true}]}}