{"id":39456,"date":"2019-10-02T17:05:56","date_gmt":"2019-10-02T16:05:56","guid":{"rendered":"https:\/\/positiveprints.com\/product\/poster-fase-lunare-2\/"},"modified":"2026-04-18T09:19:56","modified_gmt":"2026-04-18T08:19:56","slug":"poster-della-luna-personalizzato","status":"publish","type":"product","link":"https:\/\/positiveprints.com\/it\/prodotto\/poster-della-luna-personalizzato\/","title":{"rendered":"Fase Lunare Personalizzata"},"content":{"rendered":"<p>I poster di una fase lunare sono stampe personalizzate con cui puoi ricreare l&#8217;esatto aspetto della luna in una serata importante. Rivivi le emozioni di quel giorno indimenticabile e torna a guardare la stessa luna che brillava in quel momento. Una fase lunare personalizzata \u00e8 un regalo davvero unico!<\/p>\r\n\r\n<h2 class=\"grenB f24 cblue\" style=\"margin-top: 3rem\">Stampa La Tua Luna Personalizzata<\/h2>\r\n\r\n<p style=\"margin-top: 1rem\">La tua fase lunare stampata su un poster \u00e8 il modo migliore per lasciar entrare in casa il punto pi\u00f9 bello e luminoso del cielo notturno. Nemmeno <a href=\"https:\/\/it.wikipedia.org\/wiki\/Galileo_Galilei\">Galileo<\/a> riusciva a resistere al fascino della luna. E, infatti, mentre osservava la volta celeste con il suo cannocchiale, disse: \u201cBellissima cosa e mirabilmente piacevole, vedere il corpo della luna\u201d. Da oggi, con un poster della luna personalizzato, anche tu puoi condividere la magica attrazione che senti per il nostro unico satellite. Noi di Positive Prints lo sappiamo bene: la luna non \u00e8 un semplice corpo celeste che illumina l&#8217;oscurit\u00e0 e che controlla le maree, ma ha un ruolo importante nelle nostre vite! Grazie all&#8217;aiuto di accurati dati astronomici, puoi ricreare la fase lunare di una data e di una posizione geografica specifica.<\/p>\r\n\r\n<p style=\"margin-top: 1rem\">Vuoi ricordare com&#8217;era la luna nella notte del tuo matrimonio?  O il cielo di quando \u00e8 nato il tuo beb\u00e8? O forse vuoi dare un&#8217;occhiata alla tua <a href=\"https:\/\/positiveprints.com\/it\/prodotto\/fase-lunare-nel-giorno-di-nascita\/\">luna di nascita<\/a>? Una mappa lunare personalizzata \u00e8 un fantastico regalo a cui puoi aggiungere anche un tocco personale. Insieme a una <a href=\"https:\/\/positiveprints.com\/it\/prodotto\/mappa-stellare-personalizzata\/\">mappa stellare personalizzata<\/a>, far\u00e0 un figurone!<\/p>\r\n\r\n<h2 class=\"grenB f24 cblue\" style=\"margin-top: 3rem\">Scegli Una Data &#038; Un Luogo Per Personalizzare La Tua Fase Lunare<\/h2>\r\n\r\n<p style=\"margin-top: 1rem\">Dal Mare della Serenit\u00e0 all&#8217;Uomo nella Luna, il satellite pi\u00f9 vicino alla Terra \u00e8 circondato da storie e leggende. La verit\u00e0 \u00e8 che la luna ha qualcosa da raccontare a chiunque si prenda un po&#8217; di tempo per puntare lo sguardo verso l&#8217;alto. Grazie agli accurati dati astronomici a cui ci affidiamo, il nostro editor online \u00e8 capace di creare incredibili poster personalizzati. Seleziona una data, una posizione geografica e il tuo colore preferito tra quelli disponibili per lo sfondo: cielo notturno, nero, bianco, blu notte o beige. Aggiungi una citazione, la frase di una canzone o una dedica e personalizza il poster della tua fase lunare. Non lasciare che i ricordi di una notte speciale si perdano nel tempo!<\/p>\r\n\r\n<h2 class=\"grenB f24 cblue\" style=\"margin-top: 3rem\">Con La Fase Lunare In Formato Digitale, Puoi Fare Un Regalo Originale In Pochi Secondi<\/h2>\r\n\r\n<p style=\"margin-top: 1rem\">Tra qualche minuto devi metterti in viaggio: il nuovo arrivato in famiglia sta per nascere! Non lasciar andare le emozioni di questo giorno cos\u00ec speciale: ricordale per sempre con un poster della luna personalizzato. Possiamo spedire il tuo poster della luna in tutto il mondo in pochi giorni, ma se non puoi aspettare, ti consigliamo di scegliere il formato digitale. Con il download istantaneo puoi recarti in una copisteria professionale di fiducia e stampare la tua creazione su vetro, legno o addirittura stoffa!<\/p>\r\n\r\n<p style=\"margin-top: 1rem\">Scegli una data importante, pensa al luogo del tuo evento speciale e crea la tua fase lunare personalizzata da stampare.<\/p>\r\n\r\n<h2 class=\"grenB f24 cblue\" style=\"margin-top: 3rem\">Ordina Una Stampa Cartacea o Un File Digitale Della Tua Luna Personalizzata<\/h2>\r\n\r\n<p style=\"margin-top: 1rem\">Le fasi lunari possono essere stampate con un orientamento orizzontale, verticale o quadrato. Le dimensioni dei nostri poster sono tra le pi\u00f9 standard al mondo e includono: 100&#215;70, 70&#215;50 e 40&#215;30 cm o 16&#215;12, 36&#215;24 e 24&#215;18 pollici. Non appena posizionerai il quadro sulla tua parete, noterai l&#8217;alta qualit\u00e0 dei materiali che utilizziamo.<\/p>\r\n\r\n<p style=\"margin-top: 1rem\">I formati digitali vengono inviati come file .jpeg. Rivolgiti alla tua copisteria professionale di fiducia e siamo certi che saranno in grado di lavorare con le dimensioni disponibili. Per un risultato eccellente, ti consigliamo di stampare la tua mappa lunare su carta opaca da 180gr.<\/p>\r\n\r\n<p style=\"margin-top: 1rem\">Stai cercando il regalo perfetto per dei neo genitori? Dai un&#8217;occhiata ai nostri <a href=\"https:\/\/positiveprints.com\/it\/prodotto\/poster-nascita\/\">fantastici poster nascita<\/a>!<\/p>","protected":false},"excerpt":{"rendered":"<ul class=\"check-list\">\n<li>Aggiungi l&#8217;ombra che la luna aveva in quel giorno<\/li>\n<li>Personalizzala in 3 semplici passaggi<\/li>\n<li>Scegli tra una variet\u00e0 di design straordinari<\/li>\n<li>Guarda subito il risultato \u2013 l&#8217;anteprima interattiva ti permette di perfezionare ogni dettaglio<\/li>\n<\/ul>\n","protected":false},"featured_media":1688216,"template":"","meta":[],"product_brand":[],"product_cat":[15847,9277,15112,8246,4428,7205,7928],"product_tag":[15725,14884,9797,13730,13631],"class_list":{"0":"post-39456","1":"product","2":"type-product","3":"status-publish","4":"has-post-thumbnail","6":"product_cat-shop-bestsellers-it","7":"product_cat-bestsellers-label-it","8":"product_cat-bestsellers-menu-it","9":"product_cat-digital-products-it","10":"product_cat-creators-it-2","11":"product_cat-moon-it","12":"product_cat-regali-per-laddio-al-nubilato","13":"product_tag-christmas-present-it","14":"product_tag-creators-it-2","15":"product_tag-luna","16":"product_tag-luna-it","17":"product_tag-moon-phase-it","19":"first","20":"instock","21":"sale","22":"taxable","23":"shipping-taxable","24":"purchasable","25":"product-type-variable"},"yoast_head":"<!-- This site is optimized with the Yoast SEO Premium plugin v27.2 (Yoast SEO v27.2) - https:\/\/yoast.com\/product\/yoast-seo-premium-wordpress\/ -->\n<title>Fase Lunare Personalizzata - Positive Prints<\/title>\n<meta name=\"description\" content=\"I poster della fase lunare personalizzati ti permetteranno di ricordare le tue nottate preferite. Un regalo con fase lunare davvero unico.\" \/>\n<meta name=\"robots\" content=\"index, follow, max-snippet:-1, max-image-preview:large, max-video-preview:-1\" \/>\n<link rel=\"canonical\" href=\"https:\/\/positiveprints.com\/it\/prodotto\/poster-della-luna-personalizzato\/\" \/>\n<meta property=\"og:locale\" content=\"it_IT\" \/>\n<meta property=\"og:type\" content=\"article\" \/>\n<meta property=\"og:title\" content=\"Fase Lunare Personalizzata\" \/>\n<meta property=\"og:description\" content=\"Aggiungi l&#039;ombra che la luna aveva in quel giorno  Personalizzala in 3 semplici passaggi  Scegli tra una variet\u00e0 di design straordinari  Guarda subito il risultato \u2013 l&#039;anteprima interattiva ti permette di perfezionare ogni dettaglio\" \/>\n<meta property=\"og:url\" content=\"https:\/\/positiveprints.com\/it\/prodotto\/poster-della-luna-personalizzato\/\" \/>\n<meta property=\"og:site_name\" content=\"Positive Prints\" \/>\n<meta property=\"article:publisher\" content=\"https:\/\/www.facebook.com\/positiveprintscom\" \/>\n<meta property=\"article:modified_time\" content=\"2026-04-18T08:19:56+00:00\" \/>\n<meta property=\"og:image\" content=\"https:\/\/positiveprints.com\/wp-content\/uploads\/2024\/10\/Packshot_IT_Personalized-Moon-Phase-product-image.webp\" \/>\n\t<meta property=\"og:image:width\" content=\"1450\" \/>\n\t<meta property=\"og:image:height\" content=\"1450\" \/>\n\t<meta property=\"og:image:type\" content=\"image\/webp\" \/>\n<meta name=\"twitter:card\" content=\"summary_large_image\" \/>\n<meta name=\"twitter:label1\" content=\"Tempo di lettura stimato\" \/>\n\t<meta name=\"twitter:data1\" content=\"3 minuti\" \/>\n<!-- \/ Yoast SEO Premium plugin. -->","yoast_head_json":{"title":"Fase Lunare Personalizzata - Positive Prints","description":"I poster della fase lunare personalizzati ti permetteranno di ricordare le tue nottate preferite. Un regalo con fase lunare davvero unico.","robots":{"index":"index","follow":"follow","max-snippet":"max-snippet:-1","max-image-preview":"max-image-preview:large","max-video-preview":"max-video-preview:-1"},"canonical":"https:\/\/positiveprints.com\/it\/prodotto\/poster-della-luna-personalizzato\/","og_locale":"it_IT","og_type":"article","og_title":"Fase Lunare Personalizzata","og_description":"Aggiungi l'ombra che la luna aveva in quel giorno  Personalizzala in 3 semplici passaggi  Scegli tra una variet\u00e0 di design straordinari  Guarda subito il risultato \u2013 l'anteprima interattiva ti permette di perfezionare ogni dettaglio","og_url":"https:\/\/positiveprints.com\/it\/prodotto\/poster-della-luna-personalizzato\/","og_site_name":"Positive Prints","article_publisher":"https:\/\/www.facebook.com\/positiveprintscom","article_modified_time":"2026-04-18T08:19:56+00:00","og_image":[{"width":1450,"height":1450,"url":"https:\/\/positiveprints.com\/wp-content\/uploads\/2024\/10\/Packshot_IT_Personalized-Moon-Phase-product-image.webp","type":"image\/webp"}],"twitter_card":"summary_large_image","twitter_misc":{"Tempo di lettura stimato":"3 minuti"},"schema":{"@context":"https:\/\/schema.org","@graph":[{"@type":["WebPage","ItemPage"],"@id":"https:\/\/positiveprints.com\/it\/prodotto\/poster-della-luna-personalizzato\/","url":"https:\/\/positiveprints.com\/it\/prodotto\/poster-della-luna-personalizzato\/","name":"Fase Lunare Personalizzata - Positive Prints","isPartOf":{"@id":"https:\/\/positiveprints.com\/it\/#website"},"primaryImageOfPage":{"@id":"https:\/\/positiveprints.com\/it\/prodotto\/poster-della-luna-personalizzato\/#primaryimage"},"image":{"@id":"https:\/\/positiveprints.com\/it\/prodotto\/poster-della-luna-personalizzato\/#primaryimage"},"thumbnailUrl":"https:\/\/positiveprints.com\/wp-content\/uploads\/2026\/03\/Packshot_IT_XX-Fase-Lunare-Personalizzata-.webp","datePublished":"2019-10-02T16:05:56+00:00","dateModified":"2026-04-18T08:19:56+00:00","description":"I poster della fase lunare personalizzati ti permetteranno di ricordare le tue nottate preferite. Un regalo con fase lunare davvero unico.","breadcrumb":{"@id":"https:\/\/positiveprints.com\/it\/prodotto\/poster-della-luna-personalizzato\/#breadcrumb"},"inLanguage":"it-IT","potentialAction":[{"@type":"ReadAction","target":["https:\/\/positiveprints.com\/it\/prodotto\/poster-della-luna-personalizzato\/"]}]},{"@type":"ImageObject","inLanguage":"it-IT","@id":"https:\/\/positiveprints.com\/it\/prodotto\/poster-della-luna-personalizzato\/#primaryimage","url":"https:\/\/positiveprints.com\/wp-content\/uploads\/2026\/03\/Packshot_IT_XX-Fase-Lunare-Personalizzata-.webp","contentUrl":"https:\/\/positiveprints.com\/wp-content\/uploads\/2026\/03\/Packshot_IT_XX-Fase-Lunare-Personalizzata-.webp","width":1450,"height":1450},{"@type":"BreadcrumbList","@id":"https:\/\/positiveprints.com\/it\/prodotto\/poster-della-luna-personalizzato\/#breadcrumb","itemListElement":[{"@type":"ListItem","position":1,"name":"Home","item":"https:\/\/positiveprints.com\/it\/"},{"@type":"ListItem","position":2,"name":"Prodotti","item":"https:\/\/positiveprints.com\/it\/shop\/"},{"@type":"ListItem","position":3,"name":"Fase Lunare Personalizzata"}]},{"@type":"WebSite","@id":"https:\/\/positiveprints.com\/it\/#website","url":"https:\/\/positiveprints.com\/it\/","name":"Positive Prints","description":"Amazing Custom Personalized Gifts","publisher":{"@id":"https:\/\/positiveprints.com\/it\/#organization"},"potentialAction":[{"@type":"SearchAction","target":{"@type":"EntryPoint","urlTemplate":"https:\/\/positiveprints.com\/it\/?s={search_term_string}"},"query-input":{"@type":"PropertyValueSpecification","valueRequired":true,"valueName":"search_term_string"}}],"inLanguage":"it-IT"},{"@type":"Organization","@id":"https:\/\/positiveprints.com\/it\/#organization","name":"Positive Prints","alternateName":"Positive Prints","url":"https:\/\/positiveprints.com\/it\/","logo":{"@type":"ImageObject","inLanguage":"it-IT","@id":"https:\/\/positiveprints.com\/it\/#\/schema\/logo\/image\/","url":"https:\/\/positiveprints.com\/wp-content\/uploads\/2026\/03\/245815646_1337939713319158_5671353136411139666_n.png","contentUrl":"https:\/\/positiveprints.com\/wp-content\/uploads\/2026\/03\/245815646_1337939713319158_5671353136411139666_n.png","width":800,"height":800,"caption":"Positive Prints"},"image":{"@id":"https:\/\/positiveprints.com\/it\/#\/schema\/logo\/image\/"},"sameAs":["https:\/\/www.facebook.com\/positiveprintscom","https:\/\/www.instagram.com\/positiveprintscom\/","https:\/\/www.tiktok.com\/@positiveprintscom","https:\/\/www.pinterest.com\/positiveprintscom\/"]}]}},"jetpack_sharing_enabled":true,"_links":{"self":[{"href":"https:\/\/positiveprints.com\/it\/wp-json\/wp\/v2\/product\/39456","targetHints":{"allow":["GET"]}}],"collection":[{"href":"https:\/\/positiveprints.com\/it\/wp-json\/wp\/v2\/product"}],"about":[{"href":"https:\/\/positiveprints.com\/it\/wp-json\/wp\/v2\/types\/product"}],"wp:featuredmedia":[{"embeddable":true,"href":"https:\/\/positiveprints.com\/it\/wp-json\/wp\/v2\/media\/1688216"}],"wp:attachment":[{"href":"https:\/\/positiveprints.com\/it\/wp-json\/wp\/v2\/media?parent=39456"}],"wp:term":[{"taxonomy":"product_brand","embeddable":true,"href":"https:\/\/positiveprints.com\/it\/wp-json\/wp\/v2\/product_brand?post=39456"},{"taxonomy":"product_cat","embeddable":true,"href":"https:\/\/positiveprints.com\/it\/wp-json\/wp\/v2\/product_cat?post=39456"},{"taxonomy":"product_tag","embeddable":true,"href":"https:\/\/positiveprints.com\/it\/wp-json\/wp\/v2\/product_tag?post=39456"}],"curies":[{"name":"wp","href":"https:\/\/api.w.org\/{rel}","templated":true}]}}