{"id":39301,"date":"2020-07-13T23:04:52","date_gmt":"2020-07-13T22:04:52","guid":{"rendered":"https:\/\/positiveprints.com\/product\/mappa-stellare-personalizzata\/"},"modified":"2026-04-18T09:14:48","modified_gmt":"2026-04-18T08:14:48","slug":"mappa-stellare-personalizzata","status":"publish","type":"product","link":"https:\/\/positiveprints.com\/it\/prodotto\/mappa-stellare-personalizzata\/","title":{"rendered":"Mappa Stellare Personalizzata"},"content":{"rendered":"<p style=\"text-align: left;\"><span style=\"font-weight: 400;\">Con una mappa stellare personalizzata puoi ricreare il cielo notturno della serata pi\u00f9 memorabile della tua vita. Ti basta inserire la data e la posizione geografica: grazie al nostro editor di mappe stellari puoi scoprire come erano disposte le stelle in quella sera speciale.<\/span><\/p>\n<p style=\"text-align: left;\"><span style=\"font-weight: 400;\">Senza alcun dubbio, osservare una mappa del cielo stellato ha un effetto calmante su molte persone ed \u00e8 ideale per testimoniare momenti molto preziosi. Grazie alle mappe del cielo stellato, noi di <\/span><a href=\"https:\/\/positiveprints.com\/it\/?attachment_id=661004\"><span style=\"font-weight: 400;\">Positive Prints<\/span><\/a><span style=\"font-weight: 400;\"> ci sentiamo parte integrante di un ricordo speciale che potrai ammirare come e quando vuoi!<\/span><\/p>\n<p><span style=\"font-weight: 400;\">Con i nostri poster personalizzati puoi creare un\u2019opera d\u2019arte che mostri esattamente quanto era bello il cielo notturno in quel preciso attimo della tua esistenza. Dalla notte di nozze alla nascita di un figlio: scopri come creare la tua mappa stellare con il nostro editor online.<\/span><\/p>\n<h2><b>Cos\u2019\u00e8 una mappa stellare personalizzata?<\/b><\/h2>\n<p><span style=\"font-weight: 400;\">Ripensa ai momenti magici che raccontano la storia della tua vita: com\u2019era il cielo notturno durante quegli istanti? Il cielo, cos\u00ec come avviene con i pianeti, \u00e8 sempre in evoluzione. Di conseguenza, il cielo che vediamo ogni notte non \u00e8 mai lo stesso della sera prima. Quindi creare una mappa del cielo stellato \u00e8 una fantastica idea per fermare il tempo e ricordare i tuoi eventi pi\u00f9 importanti.<\/span><\/p>\n<p><span style=\"font-weight: 400;\">Una mappa stellare \u00e8 la replica ufficiale del cielo notturno, in tutta la sua unicit\u00e0 e magia!<\/span><\/p>\n<h2><b>Mappe stellari scientificamente accurate<\/b><\/h2>\n<p style=\"text-align: left;\"><span style=\"font-weight: 400;\">Nel 1989, l&#8217;Agenzia Spaziale Europea ha lanciato il satellite <\/span><a href=\"https:\/\/it.wikipedia.org\/wiki\/Hipparcos\"><span style=\"font-weight: 400;\">Hipparcos<\/span><\/a><span style=\"font-weight: 400;\"> per ottenere misurazioni molto precise dei corpi celesti del nostro cielo notturno. Usiamo i dati provenienti da Hipparcos per creare mappe stellari dettagliate, che mostrano la disposizione precisa di stelle, costellazioni e galassie in qualsiasi punto nel tempo (passato, presente o futuro!) e nello spazio.<\/span><\/p>\n<h2><b>Perch\u00e9 regalare una mappa del cielo stellato?<\/b><\/h2>\n<p><span style=\"font-weight: 400;\">L&#8217;editor di mappe stellari rende il tuo regalo davvero personale! Con l&#8217;editor di mappe stellari, puoi riprodurre l&#8217;aspetto del cielo notturno in qualsiasi data e luogo nel mondo. Innanzitutto ti basta partire da data, ora e luogo, ma puoi anche inserire un messaggio personalizzato! Successivamente, con pochi clic, puoi aggiungere anche descrizioni alla tua stampa, affinch\u00e9 chiunque possa identificare la magia di quel momento attraverso le stelle!<\/span><\/p>\n<p><span style=\"font-weight: 400;\">Una mappa stellare personalizzata risponde alle necessit\u00e0 di chi \u00e8 alla ricerca di un regalo unico, elegante ed esclusivo. Pensa all\u2019emozione del destinatario che ricever\u00e0 il suo cielo stellato personale: nessuno pu\u00f2 immaginare un dono cos\u00ec speciale e pieno di amore! Tale regalo \u00e8 quindi molto apprezzato perch\u00e9 \u00e8 pensato su misura e creato per ricordare un momento specifico.<\/span><\/p>\n<p style=\"text-align: left;\"><span style=\"font-weight: 400;\">Inoltre una mamma \u00e8 perfetta per ogni occasione, soprattutto per:<\/span><\/p>\n<ul>\n<li style=\"text-align: left;\">Matrimoni<\/li>\n<li style=\"text-align: left;\">Anniversari<\/li>\n<li style=\"text-align: left;\"><span style=\"font-weight: 400;\">Nascite<\/span><\/li>\n<li style=\"text-align: left;\"><span style=\"font-weight: 400;\">Lauree<\/span><\/li>\n<li style=\"text-align: left;\"><span style=\"font-weight: 400;\">Pensionamenti<\/span><\/li>\n<li style=\"text-align: left;\">V<span style=\"font-weight: 400;\">acanze<\/span><\/li>\n<li style=\"text-align: left;\">P<span style=\"font-weight: 400;\">romozioni<\/span><\/li>\n<li style=\"text-align: left;\">E<span style=\"font-weight: 400;\">venti importanti<\/span><\/li>\n<\/ul>\n<p style=\"margin-top: 1rem;\"><span style=\"font-weight: 400;\">E grazie al nostro editor di mappe stellari cos\u00ec intuitivo, potrebbe anche venirti la voglia di creare una mamma tutta per te!<\/span><\/p>\n<h2><b>Passo dopo passo, crea la tua mappa del cielo stellato<\/b><\/h2>\n<p><span style=\"font-weight: 400;\">Uno degli obiettivi di Positive Prints \u00e8 di creare un metodo facile e divertente per permettere a chiunque di creare una mappa del cielo stellato. E ci siamo davvero riusciti! Bastano 3 semplici passaggi per costruire questa opera: una data, un luogo e l&#8217;orario. Inoltre \u00e8 possibile selezionare i colori che preferisci e aggiungere i dettagli (stelle, pianeti, costellazioni e molto altro). Infine, ricorda di inserire un breve testo e specificare perch\u00e9 questa mappa \u00e8 cos\u00ec speciale per te!<\/span><\/p>\n<p><span style=\"font-weight: 400;\">Se ordini un poster cartaceo, potrai scegliere anche le dimensioni di stampa ideali per la tua parete e per il tuo budget. Considera che le dimensioni delle nostre stampe sono le pi\u00f9 popolari al mondo, cos\u00ec non avrai alcun problema nel riuscire a trovare una cornice adatta. Usiamo solo carta di qualit\u00e0 superiore, cos\u00ec da permettere alle nostre stampe di resistere alla prova del tempo senza sbiadire.\u00a0<\/span><\/p>\n<p><span style=\"font-weight: 400;\">Se invece hai bisogno di un regalo last minute, ti consigliamo di approfittare del formato digitale. Una volta completata la tua mappa personalizzata, ti invieremo un link al tuo indirizzo di posta elettronica dove potrai scaricare la tua creazione e stamparla in autonomia. Ma veniamo al sodo!\u00a0<\/span><\/p>\n<h3><b>Ecco i 3 passaggi da completare<\/b><\/h3>\n<h3><b>Step 1: Seleziona il design\u00a0<\/b><\/h3>\n<p><span style=\"font-weight: 400;\">Per prima cosa decidi se racchiudere la tua mappa stellare in un romantico cuore o in un bel cerchio. Passa poi alla scelta della palette dei colori che preferisci e ricorda che pensiamo sempre a una combinazioni di colore precisa per esaltare al massimo il contrasto tra le stelle e lo sfondo. A questo punto seleziona gli elementi che compariranno sulla tua mappa. Per uno stile minimal, ti consigliamo di selezionare solo le costellazioni. Clicca sui pulsanti per aggiungere o togliere i pianeti, i nomi dei pianeti, le costellazioni, i nomi delle costellazioni, la Via Lattea e una linea eclittica. E se ti piacciono, puoi anche aggiungere un simbolo alla tua descrizione: copia e incolla uno dei tantissimi simboli disponibili online e il gioco \u00e8 fatto!<\/span><\/p>\n<p><span style=\"font-weight: 400;\">In fase di modifica, tieni d\u2019occhio l\u2019anteprima per visualizzare gli aggiornamenti in tempo reale. Quando hai raggiunto i risultati che desideri clicca su \u201cInserisci i dettagli\u201d per cominciare con la vera personalizzazione.<\/span><\/p>\n<h3><b>Step 2: Inserisci i dettagli<\/b><\/h3>\n<p><span style=\"font-weight: 400;\">Inserisci la posizione esatta del tuo evento e guarda il tuo poster stellare trasformarsi! Per determinare l\u2019esatto aspetto del cielo, il nostro editor di mappe stellari utilizza dati reali e ti mostra come appariva (o apparir\u00e0) la volta celeste dalla posizione geografica che hai scelto. Qui ti sar\u00e0 chiesto di inserire l\u2019ora, la data e, soprattutto, non dimenticare di pensare a un messaggio personale associato alla tua occasione speciale. Per scriverlo hai due righe di testo (un titolo e un sottotitolo), che puoi modificare con carattere standard o in corsivo.<\/span><\/p>\n<p><span style=\"font-weight: 400;\">Una volta inserito tutto il necessario, clicca su \u201cScegli il formato\u201d per terminare la creazione della tua mappa stellare.<\/span><\/p>\n<h3><b>Step 3: Scegli un formato\u00a0<\/b><\/h3>\n<p><span style=\"font-weight: 400;\">Per la stampa cartacea puoi scegliere tra 3 dimensioni standard. La pi\u00f9 popolare \u00e8 quella da 50 x 70cm, ma prenditi la libert\u00e0 di selezionare la dimensione che pensi possa andare bene sulla tua parete. Ai pi\u00f9 romantici consigliamo di optare per la tela o il quadro completo con cornice, che puoi modificare per colore. Selezionali e scopri le dimensioni disponibili!<\/span><\/p>\n<p><span style=\"font-weight: 400;\">Clicca invece su \u201cDownload Digitale Istantaneo\u201d per ricevere un link via email che ti consentir\u00e0 di scaricare il tuo poster e stamparlo come e dove preferisci. E con questo passaggio hai concluso la creazione della tua mappa personalizzata. Ora puoi finalmente aggiungerla al carrello. Procedi con la fase di pagamento e preparati a rendere felice qualcuno di speciale!<\/span><\/p>\n<h2><b>Personalizza la tua mappa del cielo stellato!<\/b><\/h2>\n<p><span style=\"font-weight: 400;\">Ora che conosci tutti i passaggi, puoi iniziare anche tu a personalizzare la tua mappa stellare: sorprendi una persona importante con un regalo significativo!<\/span><\/p><h2 class=\"wp-block-heading\" id=\"h-domande-poste-frequentemente\"><strong>Domande Poste Frequentemente<\/strong><\/h2><details class=\"wp-block-details is-layout-flow wp-block-details-is-layout-flow\"><summary><strong>Cos&#8217;\u00e8 una Mappa Stellare Personalizzata?<\/strong><\/summary><p>Una Mappa Stellare Personalizzata \u00e8 una replica del cielo notturno in un momento e luogo preciso, cos\u00ec da riprodurre lo scenario di quell\u2019istante cos\u00ec speciale. Di conseguenza, cattura la magia delle stelle usando dati astronomici.\u200b<\/p><\/details><details class=\"wp-block-details is-layout-flow wp-block-details-is-layout-flow\"><summary><strong>\u00c8 una mappa scientificamente accurata?<\/strong><\/summary><p>S\u00ec, ogni mappa \u00e8 scientificamente accurata. Infatti, utilizza i dati del satellite Hipparcos per misurazioni precise dei corpi celesti, offrendo la possibilit\u00e0 di sfogliare oltre 8.000 stelle nella loro posizione esatta. Inoltre, grazie all&#8217;anteprima interattiva puoi prfezionare tutto in tempo reale.\u200b<\/p><\/details><details class=\"wp-block-details is-layout-flow wp-block-details-is-layout-flow\"><summary><strong>Perch\u00e9 \u00e8 il regalo perfetto per occasioni speciali?<\/strong><\/summary><p>\u00c8 il regalo perfetto perch\u00e9 immortala momenti unici con precisione rigorosa ed \u00e8 un dono elegante, esclusivo e pieno di significato personale. Di conseguenza, diventa cos\u00ec un ricordo indimenticabile che emoziona chi lo riceve.\u200b<\/p><\/details><details class=\"wp-block-details is-layout-flow wp-block-details-is-layout-flow\"><summary><strong>Come creare la mia Mappa Stellare Personalizzata?<\/strong><\/summary><p>Puoi creare la tua mappa in 3 passaggi: innanzitutto, seleziona design, forma e palette di colori preferiti. Successivamente, inserisci posizione esatta, data, ora e messaggio personalizzato. Infine, scegli il formato e le dimensioni di stampa.\u200b<\/p><\/details><details class=\"wp-block-details is-layout-flow wp-block-details-is-layout-flow\"><summary><strong>Per quali occasioni \u00e8 perfetta questa mappa?<\/strong><\/summary><p>Questa mappa \u00e8 perfetta per matrimoni, nascite, anniversari e lauree. Inoltre, \u00e8 ideale per pensionamenti, promozioni, vacanze ed ogni altra occasione speciale.<\/p><\/details><details class=\"wp-block-details is-layout-flow wp-block-details-is-layout-flow\"><summary><strong>In quanto tempo posso ricevere la mia mappa?<\/strong><\/summary><p>Per un regalo immediato, scegli il nostro download digitale di un file JPEG ad alta risoluzione (300 dpi) che puoi stampare in autonomia. Per i prodotti finiti invece, sappic che stampiamo e spediamo dai nostri centri in Australia, Canada, Stati Uniti, Regno Unito ed Europa in pochi giorni.<\/p><\/details>","protected":false},"excerpt":{"rendered":"<ul class=\"check-list\">\n<li>Aggiungi pianeti, costellazioni e la Via Lattea<\/li>\n<li>Personalizzala in 3 semplici passaggi<\/li>\n<li>Aggiungi un testo personalizzato<\/li>\n<li>Guarda subito il risultato \u2013 l&#8217;anteprima interattiva ti permette di perfezionare ogni dettaglio<\/li>\n<\/ul>\n","protected":false},"featured_media":1220131,"template":"","meta":[],"product_brand":[],"product_cat":[15847,15112,8246,4429,4428,4448],"product_tag":[15549,14884,16443],"class_list":{"0":"post-39301","1":"product","2":"type-product","3":"status-publish","4":"has-post-thumbnail","6":"product_cat-shop-bestsellers-it","7":"product_cat-bestsellers-menu-it","8":"product_cat-digital-products-it","9":"product_cat-bestsellers-it-2","10":"product_cat-creators-it-2","11":"product_cat-star-it-2","12":"product_tag-cielo-notturno","13":"product_tag-creators-it-2","14":"product_tag-stella","16":"first","17":"instock","18":"sale","19":"taxable","20":"shipping-taxable","21":"purchasable","22":"product-type-variable","23":"has-default-attributes"},"yoast_head":"<!-- This site is optimized with the Yoast SEO Premium plugin v27.2 (Yoast SEO v27.2) - https:\/\/yoast.com\/product\/yoast-seo-premium-wordpress\/ -->\n<title>Mappa stellare personalizzata | La tua mappa delle stelle - Positive Prints<\/title>\n<meta name=\"description\" content=\"Con una mappa stellare personalizzata, puoi ricreare il cielo notturno durante le notte pi\u00f9 memorabili della tua vita.\" \/>\n<meta name=\"robots\" content=\"index, follow, max-snippet:-1, max-image-preview:large, max-video-preview:-1\" \/>\n<link rel=\"canonical\" href=\"https:\/\/positiveprints.com\/it\/prodotto\/mappa-stellare-personalizzata\/\" \/>\n<meta property=\"og:locale\" content=\"it_IT\" \/>\n<meta property=\"og:type\" content=\"article\" \/>\n<meta property=\"og:title\" content=\"Mappa Stellare Personalizzata\" \/>\n<meta property=\"og:description\" content=\"Aggiungi pianeti, costellazioni e la Via Lattea  Personalizzala in 3 semplici passaggi  Aggiungi un testo personalizzato  Guarda subito il risultato \u2013 l&#039;anteprima interattiva ti permette di perfezionare ogni dettaglio\" \/>\n<meta property=\"og:url\" content=\"https:\/\/positiveprints.com\/it\/prodotto\/mappa-stellare-personalizzata\/\" \/>\n<meta property=\"og:site_name\" content=\"Positive Prints\" \/>\n<meta property=\"article:publisher\" content=\"https:\/\/www.facebook.com\/positiveprintscom\" \/>\n<meta property=\"article:modified_time\" content=\"2026-04-18T08:14:48+00:00\" \/>\n<meta property=\"og:image\" content=\"https:\/\/positiveprints.com\/wp-content\/uploads\/2024\/10\/Packshot_IT_custom-star-map-product-image.webp\" \/>\n\t<meta property=\"og:image:width\" content=\"1450\" \/>\n\t<meta property=\"og:image:height\" content=\"1450\" \/>\n\t<meta property=\"og:image:type\" content=\"image\/webp\" \/>\n<meta name=\"twitter:card\" content=\"summary_large_image\" \/>\n<meta name=\"twitter:label1\" content=\"Tempo di lettura stimato\" \/>\n\t<meta name=\"twitter:data1\" content=\"7 minuti\" \/>\n<!-- \/ Yoast SEO Premium plugin. -->","yoast_head_json":{"title":"Mappa stellare personalizzata | La tua mappa delle stelle - Positive Prints","description":"Con una mappa stellare personalizzata, puoi ricreare il cielo notturno durante le notte pi\u00f9 memorabili della tua vita.","robots":{"index":"index","follow":"follow","max-snippet":"max-snippet:-1","max-image-preview":"max-image-preview:large","max-video-preview":"max-video-preview:-1"},"canonical":"https:\/\/positiveprints.com\/it\/prodotto\/mappa-stellare-personalizzata\/","og_locale":"it_IT","og_type":"article","og_title":"Mappa Stellare Personalizzata","og_description":"Aggiungi pianeti, costellazioni e la Via Lattea  Personalizzala in 3 semplici passaggi  Aggiungi un testo personalizzato  Guarda subito il risultato \u2013 l'anteprima interattiva ti permette di perfezionare ogni dettaglio","og_url":"https:\/\/positiveprints.com\/it\/prodotto\/mappa-stellare-personalizzata\/","og_site_name":"Positive Prints","article_publisher":"https:\/\/www.facebook.com\/positiveprintscom","article_modified_time":"2026-04-18T08:14:48+00:00","og_image":[{"width":1450,"height":1450,"url":"https:\/\/positiveprints.com\/wp-content\/uploads\/2024\/10\/Packshot_IT_custom-star-map-product-image.webp","type":"image\/webp"}],"twitter_card":"summary_large_image","twitter_misc":{"Tempo di lettura stimato":"7 minuti"},"schema":{"@context":"https:\/\/schema.org","@graph":[{"@type":["WebPage","ItemPage"],"@id":"https:\/\/positiveprints.com\/it\/prodotto\/mappa-stellare-personalizzata\/","url":"https:\/\/positiveprints.com\/it\/prodotto\/mappa-stellare-personalizzata\/","name":"Mappa stellare personalizzata | La tua mappa delle stelle - Positive Prints","isPartOf":{"@id":"https:\/\/positiveprints.com\/it\/#website"},"primaryImageOfPage":{"@id":"https:\/\/positiveprints.com\/it\/prodotto\/mappa-stellare-personalizzata\/#primaryimage"},"image":{"@id":"https:\/\/positiveprints.com\/it\/prodotto\/mappa-stellare-personalizzata\/#primaryimage"},"thumbnailUrl":"https:\/\/positiveprints.com\/wp-content\/uploads\/2024\/10\/Packshot_IT_custom-star-map-product-image.webp","datePublished":"2020-07-13T22:04:52+00:00","dateModified":"2026-04-18T08:14:48+00:00","description":"Con una mappa stellare personalizzata, puoi ricreare il cielo notturno durante le notte pi\u00f9 memorabili della tua vita.","breadcrumb":{"@id":"https:\/\/positiveprints.com\/it\/prodotto\/mappa-stellare-personalizzata\/#breadcrumb"},"inLanguage":"it-IT","potentialAction":[{"@type":"ReadAction","target":["https:\/\/positiveprints.com\/it\/prodotto\/mappa-stellare-personalizzata\/"]}]},{"@type":"ImageObject","inLanguage":"it-IT","@id":"https:\/\/positiveprints.com\/it\/prodotto\/mappa-stellare-personalizzata\/#primaryimage","url":"https:\/\/positiveprints.com\/wp-content\/uploads\/2024\/10\/Packshot_IT_custom-star-map-product-image.webp","contentUrl":"https:\/\/positiveprints.com\/wp-content\/uploads\/2024\/10\/Packshot_IT_custom-star-map-product-image.webp","width":1450,"height":1450},{"@type":"BreadcrumbList","@id":"https:\/\/positiveprints.com\/it\/prodotto\/mappa-stellare-personalizzata\/#breadcrumb","itemListElement":[{"@type":"ListItem","position":1,"name":"Home","item":"https:\/\/positiveprints.com\/it\/"},{"@type":"ListItem","position":2,"name":"Prodotti","item":"https:\/\/positiveprints.com\/it\/shop\/"},{"@type":"ListItem","position":3,"name":"Mappa Stellare Personalizzata"}]},{"@type":"WebSite","@id":"https:\/\/positiveprints.com\/it\/#website","url":"https:\/\/positiveprints.com\/it\/","name":"Positive Prints","description":"Amazing Custom Personalized Gifts","publisher":{"@id":"https:\/\/positiveprints.com\/it\/#organization"},"potentialAction":[{"@type":"SearchAction","target":{"@type":"EntryPoint","urlTemplate":"https:\/\/positiveprints.com\/it\/?s={search_term_string}"},"query-input":{"@type":"PropertyValueSpecification","valueRequired":true,"valueName":"search_term_string"}}],"inLanguage":"it-IT"},{"@type":"Organization","@id":"https:\/\/positiveprints.com\/it\/#organization","name":"Positive Prints","alternateName":"Positive Prints","url":"https:\/\/positiveprints.com\/it\/","logo":{"@type":"ImageObject","inLanguage":"it-IT","@id":"https:\/\/positiveprints.com\/it\/#\/schema\/logo\/image\/","url":"https:\/\/positiveprints.com\/wp-content\/uploads\/2026\/03\/245815646_1337939713319158_5671353136411139666_n.png","contentUrl":"https:\/\/positiveprints.com\/wp-content\/uploads\/2026\/03\/245815646_1337939713319158_5671353136411139666_n.png","width":800,"height":800,"caption":"Positive Prints"},"image":{"@id":"https:\/\/positiveprints.com\/it\/#\/schema\/logo\/image\/"},"sameAs":["https:\/\/www.facebook.com\/positiveprintscom","https:\/\/www.instagram.com\/positiveprintscom\/","https:\/\/www.tiktok.com\/@positiveprintscom","https:\/\/www.pinterest.com\/positiveprintscom\/"]}]}},"jetpack_sharing_enabled":true,"_links":{"self":[{"href":"https:\/\/positiveprints.com\/it\/wp-json\/wp\/v2\/product\/39301","targetHints":{"allow":["GET"]}}],"collection":[{"href":"https:\/\/positiveprints.com\/it\/wp-json\/wp\/v2\/product"}],"about":[{"href":"https:\/\/positiveprints.com\/it\/wp-json\/wp\/v2\/types\/product"}],"wp:featuredmedia":[{"embeddable":true,"href":"https:\/\/positiveprints.com\/it\/wp-json\/wp\/v2\/media\/1220131"}],"wp:attachment":[{"href":"https:\/\/positiveprints.com\/it\/wp-json\/wp\/v2\/media?parent=39301"}],"wp:term":[{"taxonomy":"product_brand","embeddable":true,"href":"https:\/\/positiveprints.com\/it\/wp-json\/wp\/v2\/product_brand?post=39301"},{"taxonomy":"product_cat","embeddable":true,"href":"https:\/\/positiveprints.com\/it\/wp-json\/wp\/v2\/product_cat?post=39301"},{"taxonomy":"product_tag","embeddable":true,"href":"https:\/\/positiveprints.com\/it\/wp-json\/wp\/v2\/product_tag?post=39301"}],"curies":[{"name":"wp","href":"https:\/\/api.w.org\/{rel}","templated":true}]}}