{"id":39273,"date":"2020-09-23T09:25:45","date_gmt":"2020-09-23T08:25:45","guid":{"rendered":"https:\/\/positiveprints.com\/product\/fase-lunare-nel-giorno-di-nascita\/"},"modified":"2026-04-18T09:14:40","modified_gmt":"2026-04-18T08:14:40","slug":"fase-lunare-nel-giorno-di-nascita","status":"publish","type":"product","link":"https:\/\/positiveprints.com\/it\/prodotto\/fase-lunare-nel-giorno-di-nascita\/","title":{"rendered":"Luna Di Nascita"},"content":{"rendered":"<p><span style=\"font-weight: 400;\">Conosci la tua <\/span><span style=\"font-weight: 400;\">Luna Di Nascita? <\/span><span style=\"font-weight: 400;\">Inserisci la data del tuo compleanno nel nostro editor e scopri come si presentava la luna al momento della tua nascita, cos\u00ec da poter creare un poster personalizzato unico. Ti renderai conto, infatti, che quella luna pu\u00f2 diventare un dono prezioso da regalare alle persone che ami di pi\u00f9.<\/span><\/p>\n<h2><b>La Tua Luna Di Nascita<\/b><\/h2>\n<p><span style=\"font-weight: 400;\">Sai per caso se c&#8217;era una bellissima luna piena il giorno della tua nascita? Oppure dominava un cielo notturno nero come la pece? Non temere, la risposta te la diamo noi: crea la tua Luna Di Nascita, dando un marchio unico e riconoscibile al tuo arrivo alla vita.\u00a0<\/span><\/p>\n<p><span style=\"font-weight: 400;\">Forse non sai che tantissime persone sono incuriosite da questo discorso, perch\u00e9 trovano molto affascinante l\u2019universo lunare. E allora interrompi la tua ricerca: con il nostro editor, non solo hai la possibilit\u00e0 di scoprirlo, ma inoltre puoi stampare la tua fase lunare e creare un poster da appendere in casa. Sar\u00e0 come guardare nel cielo notturno di quella notte speciale, \u00e8 una promessa!<\/span><\/p>\n<h2><b>La Fase Lunare della tua Nascita<\/b><\/h2>\n<p><span style=\"font-weight: 400;\">La cosiddetta Luna Di Nascita altro non \u00e8 che una forte influenza sulla tua personalit\u00e0, lo sapevi? Le fasi lunari, infatti, sono una parte molto importante dell&#8217;astrologia, proprio come i segni zodiacali e il moto dei pianeti. La personalit\u00e0 e i comportamenti di ciascuno di noi risentono dell&#8217;attuale posizione dei corpi celesti, cos\u00ec come avviene con la Luna Di Nascita.<\/span><\/p>\n<p><span style=\"font-weight: 400;\">Questo perch\u00e9 le fasi lunari corrispondono al ciclo della semina! Infatti, se ci fai caso, gli esseri umani sono proprio come dei semi: sbocciano e fioriscono con il tempo. Di conseguenza, in base alla posizione della luna nel giorno della tua nascita, la tua personalit\u00e0 e i tuoi interessi potrebbero essere diversi. Ecco perch\u00e9 pi\u00f9 persone con lo stesso segno zodiacale possono essere cos\u00ec diverse tra loro. La Luna Di Nascita \u00e8 unica, proprio come lo sei tu, le tue passioni e i tuoi obiettivi!<\/span><\/p>\n<p><span style=\"font-weight: 400;\">E allora scopri qual \u00e8 la Luna Di Nascita e dai risposte a una parte importante della tua crescita personale. Perch\u00e9 \u00e8 vero che non dobbiamo mai farci condizionare troppo da queste cose, ma \u00e8 altrettanto vero che il rapporto tra le fasi lunari e la personalit\u00e0 possono essere molto affascinanti. E magari anche di grande aiuto!<\/span><\/p>\n<h2><b>Crea Un Poster Con La Tua Luna Di Nascita<\/b><\/h2>\n<p><span style=\"font-weight: 400;\">Le stampe con una fase lunare personalizzata sono perfette per chiunque voglia sapere di pi\u00f9 rispetto alle proprie origini lunari, soprattutto se ti affidi al nostro editor intuitivo. Innanzitutto devi inserire la data e l&#8217;ora della tua nascita, e successivamente saremo noi a occuparci di sviluppo e stampa. Potrai cos\u00ec vedere come brillava la luna in quel giorno speciale e creare lo sfondo che pi\u00f9 si addice di pi\u00f9 alla tua parete domestica.<\/span><\/p>\n<p><span style=\"font-weight: 400;\">E se vuoi sorprendere una persona importante nel giorno del suo compleanno, scegliere la <\/span><a href=\"https:\/\/positiveprints.com\/it\/prodotto\/poster-della-luna-personalizzato\/\"><span style=\"font-weight: 400;\">luna di nascita<\/span><\/a><span style=\"font-weight: 400;\"> \u00e8 la scelta perfetta per donare qualcosa di unico e originale.<\/span><\/p>\n<h2 class=\"grenB f24 cblue\" style=\"margin-top: 3rem;\"><strong>Vuoi scoprire perch\u00e9 le fasi lunari influenzano la tua personalit\u00e0?<\/strong><\/h2>\n<p><a href=\"https:\/\/positiveprints.com\/it\/blog\/nato-con-la-luna-nuova-cosa-significa\/\">Nato sotto luna nuova<\/a><br \/><a href=\"https:\/\/positiveprints.com\/it\/blog\/nato-durante-una-luna-piena-cosa-significa\/\">Nato sotto luna piena<\/a><br \/><a href=\"https:\/\/positiveprints.com\/it\/blog\/nato-durante-una-luna-calante-cosa-significa\/\">Nato sotto luna calante<\/a><br \/><a href=\"https:\/\/positiveprints.com\/it\/blog\/nato-durante-una-luna-crescente-cosa-significa\/\">Nato sotto luna crescente<\/a><\/p><h2 class=\"wp-block-heading\" id=\"h-domande-poste-frequentemente\"><strong>Domande Poste Frequentemente<\/strong><\/h2><details class=\"wp-block-details is-layout-flow wp-block-details-is-layout-flow\"><summary><strong>Cos&#8217;\u00e8 un Poster &#8220;Luna Di Nascita&#8221;?<\/strong><\/summary><p>Il Poster &#8220;Luna Di Nascita&#8221; \u00e8 una stampa personalizzata che ricrea la fase lunare esatta del giorno della tua nascita. Mostra come brillava la luna in quel momento speciale utilizzando dati astronomici accurati. E di conseguenza trasforma un ricordo prezioso in un&#8217;opera d&#8217;arte eterna.\u200b<\/p><\/details><details class=\"wp-block-details is-layout-flow wp-block-details-is-layout-flow\"><summary><strong>\u00c8 una fase lunare personalizzata?<\/strong><\/summary><p>S\u00ec, ogni poster \u00e8 completamente personalizzato. Infatti inserisci la data, l\u2019ora e la posizione geografica in cui ti trovi per ricreare la fase lunare esatta. Inoltre, puoi aggiungere altri dettagli come l&#8217;ombra che la luna aveva in quel giorno preciso. E grazie all&#8217;anteprima interattiva potrai approvare tutto in tempo reale.<\/p><\/details><details class=\"wp-block-details is-layout-flow wp-block-details-is-layout-flow\"><summary><strong>Perch\u00e9 \u00e8 il regalo perfetto per occasioni speciali?<\/strong><\/summary><p>\u00c8 il regalo perfetto perch\u00e9 cattura un momento unico e significativo della vita. Nello specifico, la fase lunare influenza la personalit\u00e0 e rappresenta un potente simbolo di trasformazione. Di conseguenza, \u00e8 un ricordo indimenticabile e raffinato.\u200b<\/p><\/details><details class=\"wp-block-details is-layout-flow wp-block-details-is-layout-flow\"><summary><strong>Come creare il mio Poster &#8220;Luna Di Nascita&#8221;?<\/strong><\/summary><p>Puoi creare il tuo poster in tre passaggi: innanzitutto scegli tra pi\u00f9 design straordinari e colori. Successivamente, inserisci data, ora, posizione e un messaggio personalizzato se lo desideri. Infine, seleziona il formato stampa o il download digitale.\u200b<\/p><\/details><details class=\"wp-block-details is-layout-flow wp-block-details-is-layout-flow\"><summary><strong>Per quali occasioni \u00e8 perfetto questo poster?<\/strong><\/summary><p>Questo poster \u00e8 perfetto per compleanni, nascite, baby shower e battesimi. Inoltre, \u00e8 ideale per matrimoni, anniversari, San Valentino e per la Festa della Mamma, ma anche per lauree, pensionamenti e traguardi speciali.\u200b<\/p><\/details><details class=\"wp-block-details is-layout-flow wp-block-details-is-layout-flow\"><summary><strong>In quanto tempo posso ricevere il mio poster?<\/strong><\/summary><p>Se vuoi un regalo immediato, effettua il download digitale del file JPEG ad alta risoluzione (300 dpi) da stampare autonomamente. Se invece vuoi un prodotto finito, sappi che stampiamo e spediamo gli articoli con\u00a0 consegna rapida dai nostri centri in Australia, Canada, Stati Uniti, Regno Unito ed Europa.<\/p><\/details>","protected":false},"excerpt":{"rendered":"<ul class=\"check-list\">\n<li>Aggiungi l&#8217;ombra che la luna aveva in quel giorno<\/li>\n<li>Personalizzala in 3 semplici passaggi<\/li>\n<li>Scegli tra una variet\u00e0 di design straordinari<\/li>\n<li>Guarda subito il risultato \u2013 l&#8217;anteprima interattiva ti permette di perfezionare ogni dettaglio<\/li>\n<\/ul>\n","protected":false},"featured_media":1688590,"template":"","meta":[],"product_brand":[],"product_cat":[7592,9277,5343,11555,11556,11557,11558,11628,11629,11630,11631,7688,8008,7205,5257,5269,15043,7832,11428,11419,11431,8216,7816,7656,7624,7768,7737,11215,11216],"product_tag":[17454,17606,17583,17576,17560,17544,17529,17514,17499,17642,13337,17469,15085,15233,15420,13456,13427],"class_list":{"0":"post-39273","1":"product","2":"type-product","3":"status-publish","4":"has-post-thumbnail","6":"product_cat-regali-di-battesimo","7":"product_cat-bestsellers-label-it","8":"product_cat-regali-di-compleanno","9":"product_cat-compleanno-18-anni","10":"product_cat-compleanno-21-anni","11":"product_cat-compleanno-30-anni","12":"product_cat-compleanno-40-anni","13":"product_cat-compleanno-50-anni","14":"product_cat-compleanno-60-anni","15":"product_cat-compleanno-70-anni","16":"product_cat-compleanno-80-anni","17":"product_cat-regali-da-donna","18":"product_cat-regali-da-uomo","19":"product_cat-moon-it","20":"product_cat-regali-di-nascita-del-bambino","21":"product_cat-regali-di-natale","22":"product_cat-regali-di-natale-per-gli-amici","23":"product_cat-regali-per-gli-amici","24":"product_cat-regali-di-natale-per-i-bambini","25":"product_cat-regali-di-natale-per-il-fratello-regali-di-natale-idee-regalo","26":"product_cat-regali-di-natale-per-la-sorella","27":"product_cat-per-lui","28":"product_cat-regali-per-neogenitori","29":"product_cat-regali-per-un-figlio","30":"product_cat-regali-per-un-fratello","31":"product_cat-regali-per-una-figlia","32":"product_cat-regali-per-una-sorella","33":"product_cat-regali-di-compleanno-per-lei","34":"product_cat-regali-di-compleanno-per-lui","35":"product_tag-100-anni","36":"product_tag-16-anni","37":"product_tag-18-anni","38":"product_tag-20-anni","39":"product_tag-30-anni","40":"product_tag-40-anni","41":"product_tag-50-anni","42":"product_tag-60-anni","43":"product_tag-70-anni","44":"product_tag-80-anni","45":"product_tag-80o-compleanno","46":"product_tag-90-anni","47":"product_tag-birthday-de-it","48":"product_tag-christmas-gifts-for-friends-it","49":"product_tag-cornice-con-luna-di-nascita","50":"product_tag-regali-di-natale-per-il-fratello","51":"product_tag-regalo-di-natale-per-la-sorella","53":"first","54":"instock","55":"sale","56":"taxable","57":"shipping-taxable","58":"purchasable","59":"product-type-variable"},"yoast_head":"<!-- This site is optimized with the Yoast SEO Premium plugin v27.2 (Yoast SEO v27.2) - https:\/\/yoast.com\/product\/yoast-seo-premium-wordpress\/ -->\n<title>Fase lunare personalizzate nel giorno di nascita - Positive Prints<\/title>\n<meta name=\"description\" content=\"Ti sei mai chiesto come apparisse la luna il giorno in cui sei nato? Dai un&#039;occhiata alla fase lunare nel tuo giorno di nascita.\" \/>\n<meta name=\"robots\" content=\"index, follow, max-snippet:-1, max-image-preview:large, max-video-preview:-1\" \/>\n<link rel=\"canonical\" href=\"https:\/\/positiveprints.com\/it\/prodotto\/fase-lunare-nel-giorno-di-nascita\/\" \/>\n<meta property=\"og:locale\" content=\"it_IT\" \/>\n<meta property=\"og:type\" content=\"article\" \/>\n<meta property=\"og:title\" content=\"Luna Di Nascita\" \/>\n<meta property=\"og:description\" content=\"Aggiungi l&#039;ombra che la luna aveva in quel giorno  Personalizzala in 3 semplici passaggi  Scegli tra una variet\u00e0 di design straordinari  Guarda subito il risultato \u2013 l&#039;anteprima interattiva ti permette di perfezionare ogni dettaglio\" \/>\n<meta property=\"og:url\" content=\"https:\/\/positiveprints.com\/it\/prodotto\/fase-lunare-nel-giorno-di-nascita\/\" \/>\n<meta property=\"og:site_name\" content=\"Positive Prints\" \/>\n<meta property=\"article:publisher\" content=\"https:\/\/www.facebook.com\/positiveprintscom\" \/>\n<meta property=\"article:modified_time\" content=\"2026-04-18T08:14:40+00:00\" \/>\n<meta property=\"og:image\" content=\"https:\/\/positiveprints.com\/wp-content\/uploads\/2024\/10\/Packshot_IT_Birthday-Moon-Phase-product-image.webp\" \/>\n\t<meta property=\"og:image:width\" content=\"1450\" \/>\n\t<meta property=\"og:image:height\" content=\"1450\" \/>\n\t<meta property=\"og:image:type\" content=\"image\/webp\" \/>\n<meta name=\"twitter:card\" content=\"summary_large_image\" \/>\n<meta name=\"twitter:label1\" content=\"Tempo di lettura stimato\" \/>\n\t<meta name=\"twitter:data1\" content=\"4 minuti\" \/>\n<!-- \/ Yoast SEO Premium plugin. -->","yoast_head_json":{"title":"Fase lunare personalizzate nel giorno di nascita - Positive Prints","description":"Ti sei mai chiesto come apparisse la luna il giorno in cui sei nato? Dai un'occhiata alla fase lunare nel tuo giorno di nascita.","robots":{"index":"index","follow":"follow","max-snippet":"max-snippet:-1","max-image-preview":"max-image-preview:large","max-video-preview":"max-video-preview:-1"},"canonical":"https:\/\/positiveprints.com\/it\/prodotto\/fase-lunare-nel-giorno-di-nascita\/","og_locale":"it_IT","og_type":"article","og_title":"Luna Di Nascita","og_description":"Aggiungi l'ombra che la luna aveva in quel giorno  Personalizzala in 3 semplici passaggi  Scegli tra una variet\u00e0 di design straordinari  Guarda subito il risultato \u2013 l'anteprima interattiva ti permette di perfezionare ogni dettaglio","og_url":"https:\/\/positiveprints.com\/it\/prodotto\/fase-lunare-nel-giorno-di-nascita\/","og_site_name":"Positive Prints","article_publisher":"https:\/\/www.facebook.com\/positiveprintscom","article_modified_time":"2026-04-18T08:14:40+00:00","og_image":[{"width":1450,"height":1450,"url":"https:\/\/positiveprints.com\/wp-content\/uploads\/2024\/10\/Packshot_IT_Birthday-Moon-Phase-product-image.webp","type":"image\/webp"}],"twitter_card":"summary_large_image","twitter_misc":{"Tempo di lettura stimato":"4 minuti"},"schema":{"@context":"https:\/\/schema.org","@graph":[{"@type":["WebPage","ItemPage"],"@id":"https:\/\/positiveprints.com\/it\/prodotto\/fase-lunare-nel-giorno-di-nascita\/","url":"https:\/\/positiveprints.com\/it\/prodotto\/fase-lunare-nel-giorno-di-nascita\/","name":"Fase lunare personalizzate nel giorno di nascita - Positive Prints","isPartOf":{"@id":"https:\/\/positiveprints.com\/it\/#website"},"primaryImageOfPage":{"@id":"https:\/\/positiveprints.com\/it\/prodotto\/fase-lunare-nel-giorno-di-nascita\/#primaryimage"},"image":{"@id":"https:\/\/positiveprints.com\/it\/prodotto\/fase-lunare-nel-giorno-di-nascita\/#primaryimage"},"thumbnailUrl":"https:\/\/positiveprints.com\/wp-content\/uploads\/2026\/03\/Packshot_IT_Luna-Di-Nascita.webp","datePublished":"2020-09-23T08:25:45+00:00","dateModified":"2026-04-18T08:14:40+00:00","description":"Ti sei mai chiesto come apparisse la luna il giorno in cui sei nato? Dai un'occhiata alla fase lunare nel tuo giorno di nascita.","breadcrumb":{"@id":"https:\/\/positiveprints.com\/it\/prodotto\/fase-lunare-nel-giorno-di-nascita\/#breadcrumb"},"inLanguage":"it-IT","potentialAction":[{"@type":"ReadAction","target":["https:\/\/positiveprints.com\/it\/prodotto\/fase-lunare-nel-giorno-di-nascita\/"]}]},{"@type":"ImageObject","inLanguage":"it-IT","@id":"https:\/\/positiveprints.com\/it\/prodotto\/fase-lunare-nel-giorno-di-nascita\/#primaryimage","url":"https:\/\/positiveprints.com\/wp-content\/uploads\/2026\/03\/Packshot_IT_Luna-Di-Nascita.webp","contentUrl":"https:\/\/positiveprints.com\/wp-content\/uploads\/2026\/03\/Packshot_IT_Luna-Di-Nascita.webp","width":1450,"height":1450},{"@type":"BreadcrumbList","@id":"https:\/\/positiveprints.com\/it\/prodotto\/fase-lunare-nel-giorno-di-nascita\/#breadcrumb","itemListElement":[{"@type":"ListItem","position":1,"name":"Home","item":"https:\/\/positiveprints.com\/it\/"},{"@type":"ListItem","position":2,"name":"Prodotti","item":"https:\/\/positiveprints.com\/it\/shop\/"},{"@type":"ListItem","position":3,"name":"Luna Di Nascita"}]},{"@type":"WebSite","@id":"https:\/\/positiveprints.com\/it\/#website","url":"https:\/\/positiveprints.com\/it\/","name":"Positive Prints","description":"Amazing Custom Personalized Gifts","publisher":{"@id":"https:\/\/positiveprints.com\/it\/#organization"},"potentialAction":[{"@type":"SearchAction","target":{"@type":"EntryPoint","urlTemplate":"https:\/\/positiveprints.com\/it\/?s={search_term_string}"},"query-input":{"@type":"PropertyValueSpecification","valueRequired":true,"valueName":"search_term_string"}}],"inLanguage":"it-IT"},{"@type":"Organization","@id":"https:\/\/positiveprints.com\/it\/#organization","name":"Positive Prints","alternateName":"Positive Prints","url":"https:\/\/positiveprints.com\/it\/","logo":{"@type":"ImageObject","inLanguage":"it-IT","@id":"https:\/\/positiveprints.com\/it\/#\/schema\/logo\/image\/","url":"https:\/\/positiveprints.com\/wp-content\/uploads\/2026\/03\/245815646_1337939713319158_5671353136411139666_n.png","contentUrl":"https:\/\/positiveprints.com\/wp-content\/uploads\/2026\/03\/245815646_1337939713319158_5671353136411139666_n.png","width":800,"height":800,"caption":"Positive Prints"},"image":{"@id":"https:\/\/positiveprints.com\/it\/#\/schema\/logo\/image\/"},"sameAs":["https:\/\/www.facebook.com\/positiveprintscom","https:\/\/www.instagram.com\/positiveprintscom\/","https:\/\/www.tiktok.com\/@positiveprintscom","https:\/\/www.pinterest.com\/positiveprintscom\/"]}]}},"jetpack_sharing_enabled":true,"_links":{"self":[{"href":"https:\/\/positiveprints.com\/it\/wp-json\/wp\/v2\/product\/39273","targetHints":{"allow":["GET"]}}],"collection":[{"href":"https:\/\/positiveprints.com\/it\/wp-json\/wp\/v2\/product"}],"about":[{"href":"https:\/\/positiveprints.com\/it\/wp-json\/wp\/v2\/types\/product"}],"wp:featuredmedia":[{"embeddable":true,"href":"https:\/\/positiveprints.com\/it\/wp-json\/wp\/v2\/media\/1688590"}],"wp:attachment":[{"href":"https:\/\/positiveprints.com\/it\/wp-json\/wp\/v2\/media?parent=39273"}],"wp:term":[{"taxonomy":"product_brand","embeddable":true,"href":"https:\/\/positiveprints.com\/it\/wp-json\/wp\/v2\/product_brand?post=39273"},{"taxonomy":"product_cat","embeddable":true,"href":"https:\/\/positiveprints.com\/it\/wp-json\/wp\/v2\/product_cat?post=39273"},{"taxonomy":"product_tag","embeddable":true,"href":"https:\/\/positiveprints.com\/it\/wp-json\/wp\/v2\/product_tag?post=39273"}],"curies":[{"name":"wp","href":"https:\/\/api.w.org\/{rel}","templated":true}]}}