{"id":39225,"date":"2020-05-30T11:31:35","date_gmt":"2020-05-30T10:31:35","guid":{"rendered":"https:\/\/positiveprints.com\/product\/schizzo-neonato\/"},"modified":"2026-04-13T01:21:37","modified_gmt":"2026-04-13T00:21:37","slug":"schizzo-neonato","status":"publish","type":"product","link":"https:\/\/positiveprints.com\/it\/prodotto\/schizzo-neonato\/","title":{"rendered":"Quadro Nascita Personalizzato"},"content":{"rendered":"<p><span style=\"font-weight: 400;\">Non c&#8217;\u00e8 niente di pi\u00f9 speciale che assistere alla nascita di un beb\u00e8, soprattutto se si tratta del tuo primo bambino. Per non dimenticare le emozioni di questa giornata cos\u00ec importante, abbiamo pensato di darti la possibilit\u00e0 di personalizzare un quadro nascita. La stampa del tuo beb\u00e8 in scala 1:1 ti far\u00e0 rivivere per sempre il momento in cui hai visto tuo figlio per la prima volta.<br \/>\r\n<\/span><\/p>\r\n<p><span style=\"font-weight: 400;\">Crescono cos\u00ec in fretta! Prima che tu te ne accorga, comincer\u00e0 a camminare e a dire le sue prime paroline. Ma ai tuoi occhi, rimarr\u00e0 per sempre il tuo piccolino e con un quadro nascita, avrai un ricordo visivo di quanto fosse effettivamente piccolo il giorno in cui \u00e8 nato. Ogni poster rappresenta il tuo bambino nelle sue dimensioni reali ed \u00e8 perfetto per ricordare l&#8217;inizio di una grande avventura.<br \/>\r\n<\/span><\/p>","protected":false},"excerpt":{"rendered":"<ul class=\"check-list\">\n<li>Crea un regalo unico e indimenticabile per neogenitori con il nostro poster nascita<\/li>\n<li>Commemora i dettagli della nascita come nome, data, altezza e peso<\/li>\n<li>Scegli tra 7 illustrazioni e ricrea la lunghezza del tuo beb\u00e8 in scala 1:1<\/li>\n<li>Guarda subito il risultato \u2013 l&#8217;anteprima interattiva ti permette di perfezionare ogni dettaglio<\/li>\n<\/ul>\n","protected":false},"featured_media":1528496,"template":"","meta":[],"product_brand":[],"product_cat":[4428,4436],"product_tag":[14884],"class_list":{"0":"post-39225","1":"product","2":"type-product","3":"status-publish","4":"has-post-thumbnail","6":"product_cat-creators-it-2","7":"product_cat-infant-it-2","8":"product_tag-creators-it-2","10":"first","11":"instock","12":"sale","13":"taxable","14":"shipping-taxable","15":"purchasable","16":"product-type-variable"},"yoast_head":"<!-- This site is optimized with the Yoast SEO Premium plugin v27.2 (Yoast SEO v27.2) - https:\/\/yoast.com\/product\/yoast-seo-premium-wordpress\/ -->\n<title>Schizzo del bambino | Poster di contorno del bambino - Positive Prints<\/title>\n<meta name=\"description\" content=\"Vogliamo aiutarti a celebrare il miracolo della nascita con uno schizzo del neonato in scala 1:1 del tuo bambino\" \/>\n<meta name=\"robots\" content=\"index, follow, max-snippet:-1, max-image-preview:large, max-video-preview:-1\" \/>\n<link rel=\"canonical\" href=\"https:\/\/positiveprints.com\/it\/prodotto\/schizzo-neonato\/\" \/>\n<meta property=\"og:locale\" content=\"it_IT\" \/>\n<meta property=\"og:type\" content=\"article\" \/>\n<meta property=\"og:title\" content=\"Quadro Nascita Personalizzato\" \/>\n<meta property=\"og:description\" content=\"Crea un regalo unico e indimenticabile per neogenitori con il nostro poster nascita  Commemora i dettagli della nascita come nome, data, altezza e peso  Scegli tra 7 illustrazioni e ricrea la lunghezza del tuo beb\u00e8 in scala 1:1  Guarda subito il risultato \u2013 l&#039;anteprima interattiva ti permette di perfezionare ogni dettaglio\" \/>\n<meta property=\"og:url\" content=\"https:\/\/positiveprints.com\/it\/prodotto\/schizzo-neonato\/\" \/>\n<meta property=\"og:site_name\" content=\"Positive Prints\" \/>\n<meta property=\"article:publisher\" content=\"https:\/\/www.facebook.com\/positiveprintscom\" \/>\n<meta property=\"article:modified_time\" content=\"2026-04-13T00:21:37+00:00\" \/>\n<meta property=\"og:image\" content=\"https:\/\/positiveprints.com\/wp-content\/uploads\/2022\/05\/Quadro-Nascita-Personalizzato.jpg\" \/>\n\t<meta property=\"og:image:width\" content=\"1080\" \/>\n\t<meta property=\"og:image:height\" content=\"1080\" \/>\n\t<meta property=\"og:image:type\" content=\"image\/jpeg\" \/>\n<meta name=\"twitter:card\" content=\"summary_large_image\" \/>\n<meta name=\"twitter:label1\" content=\"Tempo di lettura stimato\" \/>\n\t<meta name=\"twitter:data1\" content=\"1 minuto\" \/>\n<!-- \/ Yoast SEO Premium plugin. -->","yoast_head_json":{"title":"Schizzo del bambino | Poster di contorno del bambino - Positive Prints","description":"Vogliamo aiutarti a celebrare il miracolo della nascita con uno schizzo del neonato in scala 1:1 del tuo bambino","robots":{"index":"index","follow":"follow","max-snippet":"max-snippet:-1","max-image-preview":"max-image-preview:large","max-video-preview":"max-video-preview:-1"},"canonical":"https:\/\/positiveprints.com\/it\/prodotto\/schizzo-neonato\/","og_locale":"it_IT","og_type":"article","og_title":"Quadro Nascita Personalizzato","og_description":"Crea un regalo unico e indimenticabile per neogenitori con il nostro poster nascita  Commemora i dettagli della nascita come nome, data, altezza e peso  Scegli tra 7 illustrazioni e ricrea la lunghezza del tuo beb\u00e8 in scala 1:1  Guarda subito il risultato \u2013 l'anteprima interattiva ti permette di perfezionare ogni dettaglio","og_url":"https:\/\/positiveprints.com\/it\/prodotto\/schizzo-neonato\/","og_site_name":"Positive Prints","article_publisher":"https:\/\/www.facebook.com\/positiveprintscom","article_modified_time":"2026-04-13T00:21:37+00:00","og_image":[{"width":1080,"height":1080,"url":"https:\/\/positiveprints.com\/wp-content\/uploads\/2022\/05\/Quadro-Nascita-Personalizzato.jpg","type":"image\/jpeg"}],"twitter_card":"summary_large_image","twitter_misc":{"Tempo di lettura stimato":"1 minuto"},"schema":{"@context":"https:\/\/schema.org","@graph":[{"@type":["WebPage","ItemPage"],"@id":"https:\/\/positiveprints.com\/it\/prodotto\/schizzo-neonato\/","url":"https:\/\/positiveprints.com\/it\/prodotto\/schizzo-neonato\/","name":"Schizzo del bambino | Poster di contorno del bambino - Positive Prints","isPartOf":{"@id":"https:\/\/positiveprints.com\/it\/#website"},"primaryImageOfPage":{"@id":"https:\/\/positiveprints.com\/it\/prodotto\/schizzo-neonato\/#primaryimage"},"image":{"@id":"https:\/\/positiveprints.com\/it\/prodotto\/schizzo-neonato\/#primaryimage"},"thumbnailUrl":"https:\/\/positiveprints.com\/wp-content\/uploads\/2025\/09\/Packshot_IT_Quadro-Nascita-Personalizzato.webp","datePublished":"2020-05-30T10:31:35+00:00","dateModified":"2026-04-13T00:21:37+00:00","description":"Vogliamo aiutarti a celebrare il miracolo della nascita con uno schizzo del neonato in scala 1:1 del tuo bambino","breadcrumb":{"@id":"https:\/\/positiveprints.com\/it\/prodotto\/schizzo-neonato\/#breadcrumb"},"inLanguage":"it-IT","potentialAction":[{"@type":"ReadAction","target":["https:\/\/positiveprints.com\/it\/prodotto\/schizzo-neonato\/"]}]},{"@type":"ImageObject","inLanguage":"it-IT","@id":"https:\/\/positiveprints.com\/it\/prodotto\/schizzo-neonato\/#primaryimage","url":"https:\/\/positiveprints.com\/wp-content\/uploads\/2025\/09\/Packshot_IT_Quadro-Nascita-Personalizzato.webp","contentUrl":"https:\/\/positiveprints.com\/wp-content\/uploads\/2025\/09\/Packshot_IT_Quadro-Nascita-Personalizzato.webp","width":1450,"height":1450},{"@type":"BreadcrumbList","@id":"https:\/\/positiveprints.com\/it\/prodotto\/schizzo-neonato\/#breadcrumb","itemListElement":[{"@type":"ListItem","position":1,"name":"Home","item":"https:\/\/positiveprints.com\/it\/"},{"@type":"ListItem","position":2,"name":"Prodotti","item":"https:\/\/positiveprints.com\/it\/shop\/"},{"@type":"ListItem","position":3,"name":"Quadro Nascita Personalizzato"}]},{"@type":"WebSite","@id":"https:\/\/positiveprints.com\/it\/#website","url":"https:\/\/positiveprints.com\/it\/","name":"Positive Prints","description":"Amazing Custom Personalized Gifts","publisher":{"@id":"https:\/\/positiveprints.com\/it\/#organization"},"potentialAction":[{"@type":"SearchAction","target":{"@type":"EntryPoint","urlTemplate":"https:\/\/positiveprints.com\/it\/?s={search_term_string}"},"query-input":{"@type":"PropertyValueSpecification","valueRequired":true,"valueName":"search_term_string"}}],"inLanguage":"it-IT"},{"@type":"Organization","@id":"https:\/\/positiveprints.com\/it\/#organization","name":"Positive Prints","alternateName":"Positive Prints","url":"https:\/\/positiveprints.com\/it\/","logo":{"@type":"ImageObject","inLanguage":"it-IT","@id":"https:\/\/positiveprints.com\/it\/#\/schema\/logo\/image\/","url":"https:\/\/positiveprints.com\/wp-content\/uploads\/2026\/03\/245815646_1337939713319158_5671353136411139666_n.png","contentUrl":"https:\/\/positiveprints.com\/wp-content\/uploads\/2026\/03\/245815646_1337939713319158_5671353136411139666_n.png","width":800,"height":800,"caption":"Positive Prints"},"image":{"@id":"https:\/\/positiveprints.com\/it\/#\/schema\/logo\/image\/"},"sameAs":["https:\/\/www.facebook.com\/positiveprintscom","https:\/\/www.instagram.com\/positiveprintscom\/","https:\/\/www.tiktok.com\/@positiveprintscom","https:\/\/www.pinterest.com\/positiveprintscom\/"]}]}},"jetpack_sharing_enabled":true,"_links":{"self":[{"href":"https:\/\/positiveprints.com\/it\/wp-json\/wp\/v2\/product\/39225","targetHints":{"allow":["GET"]}}],"collection":[{"href":"https:\/\/positiveprints.com\/it\/wp-json\/wp\/v2\/product"}],"about":[{"href":"https:\/\/positiveprints.com\/it\/wp-json\/wp\/v2\/types\/product"}],"wp:featuredmedia":[{"embeddable":true,"href":"https:\/\/positiveprints.com\/it\/wp-json\/wp\/v2\/media\/1528496"}],"wp:attachment":[{"href":"https:\/\/positiveprints.com\/it\/wp-json\/wp\/v2\/media?parent=39225"}],"wp:term":[{"taxonomy":"product_brand","embeddable":true,"href":"https:\/\/positiveprints.com\/it\/wp-json\/wp\/v2\/product_brand?post=39225"},{"taxonomy":"product_cat","embeddable":true,"href":"https:\/\/positiveprints.com\/it\/wp-json\/wp\/v2\/product_cat?post=39225"},{"taxonomy":"product_tag","embeddable":true,"href":"https:\/\/positiveprints.com\/it\/wp-json\/wp\/v2\/product_tag?post=39225"}],"curies":[{"name":"wp","href":"https:\/\/api.w.org\/{rel}","templated":true}]}}