{"id":390378,"date":"2022-12-23T16:11:55","date_gmt":"2022-12-23T15:11:55","guid":{"rendered":"https:\/\/positiveprints.com\/?post_type=product&#038;p=390378"},"modified":"2026-04-12T22:45:16","modified_gmt":"2026-04-12T21:45:16","slug":"onda-sonora-del-cuoricino","status":"publish","type":"product","link":"https:\/\/positiveprints.com\/it\/prodotto\/onda-sonora-del-cuoricino\/","title":{"rendered":"Onda Sonora del Battito del Cuoricino"},"content":{"rendered":"<p>Il battito del tuo bambino \u00e8 uno dei suoni pi\u00f9 preziosi al mondo. Trasformalo in un ricordo indelebile con la stampa dedicata all\u2019onda sonora del suo cuoricino. <\/p>\n\n\n\n<h2 class=\"grenB f24 cblue\" style=\"margin-top: 3rem\">Cos\u2019\u00e8 un\u2019Onda Sonora del Cuoricino del Tuo Beb\u00e8?<\/h2>\n\n\n\n<p style=\"margin-top: 1rem\">Ti ricordi quando hai sentito quel piccolo e dolcissimo cuoricino battere forte e hai capito che una nuova vita stava per cominciare? \u00c8 un\u2019esperienza magica, quasi surreale, non \u00e8 vero? Quel suono \u00e8 come se fosse la musica pi\u00f9 bella del mondo e, da genitore, vorresti catturarlo per sempre. Con la stampa dedicata al Battito del Cuoricino del tuo beb\u00e8, potrai ricordare questo momento per tutta la vita. <\/p>\n\n\n\n<p style=\"margin-top: 1rem\">Questa stampa dedicata al tuo beb\u00e8 trasforma il dolce suono del suo cuoricino in un\u2019immagine visiva, cos\u00ec che tutti possano vederlo. \u00c8 un bellissimo modo per celebrare la vita che hai creato e mostrare a tutti l\u2019impatto che ha avuto sul mondo ancor prima di nascere. <\/p>\n\n\n\n<h2 class=\"grenB f24 cblue\" style=\"margin-top: 3rem\">Perch\u00e9 Trasformare il Battito del Cuoricino del tuo Beb\u00e8 in un\u2019Onda Sonora?<\/h2>\n\n\n\n<p style=\"margin-top: 1rem\">Scegliere un\u2019Onda Sonora Personalizzata significa scegliere un regalo unico e originale per genitori, familiari o amici. Ogni creazione \u00e8 realizzata su misura e questo significa che ne esistono due uguali. Carica il file audio in cui si sente il cuoricino del tuo beb\u00e8 e scegli i colori che preferisci. Il risultato finale \u00e8 un ricordo speciale sia per te che ne farai tesoro per sempre, sia per il tuo bambino quando sar\u00e0 grande. <\/p>\n\n\n\n<h2 class=\"grenB f24 cblue\" style=\"margin-top: 3rem\">Come Creare un\u2019Onda Sonora del Cuoricino del Tuo Beb\u00e8<\/h2>\n\n\n\n<p style=\"margin-top: 1rem\">L\u2019obiettivo di Positive Prints \u00e8 quello di ridefinire il concetto di stampe personalizzate, perci\u00f2 siamo orgogliosi di poterti dare la possibilit\u00e0 di creare una stampa dedicata al battito cardiaco del tuo bambino. Cos\u00ec come per tutti i nostri prodotti, anche in questo caso abbiamo reso il processo di personalizzazione pi\u00f9 facile che mai. Ecco come:<\/p>\n\n\n\n<p style=\"margin-top: 1rem\"><strong>Primo Passaggio: Carica il tuo file audio.<\/strong> Per poter trasformare il tuo suono in un\u2019onda sonora visiva puoi caricare file .mp3 e .wav<\/p>\n\n\n\n<p style=\"margin-top: 1rem\"><strong>Secondo Passaggio: Aggiungi i dettagli che preferisci.<\/strong> Personalizzare la stampa che rappresenta il battito del cuoricino del tuo beb\u00e8 \u00e8 una delle parti pi\u00f9 divertenti! Scegli tra i design disponibili oppure creane uno tutto tuo. Aggiungi una frase speciale, la strofa di una canzone o qualsiasi altro messaggio che possa rendere davvero tua questa stampa. <\/p>\n\n\n\n<p style=\"margin-top: 1rem\"><strong>Terzo Passaggio: Seleziona il formato in cui vuoi riceverla.<\/strong>Disponibile in formato poster e tela con spedizione in tutto il mondo. Se invece desideri stampare la tua creazione in completa autonomia, per un regalo dell\u2019ultimo minuto, scegli il download digitale istantaneo. <\/p>\n\n\n\n<h2 class=\"grenB f24 cblue\" style=\"margin-top: 3rem\">Regala un\u2019Onda Sonora Personalizzata!<\/h2>\n\n\n\n<p style=\"margin-top: 1rem\">Che tu stia cercando un regalo per un baby shower o una decorazione da appendere alle pareti della cameretta di un bambino, questa stampa dedicata al Battito del Cuoricino del tuo beb\u00e8 sar\u00e0 la tua prossima creazione preferita. Trasforma subito uno dei suoni pi\u00f9 dolci al mondo in un ricordo indelebile. Inizia da qui. <\/p>","protected":false},"excerpt":{"rendered":"<ul class=\"check-list\">\n<li>Cattura il dolce battito del tuo beb\u00e8 e trasformalo in un&#8217;opera d&#8217;arte unica<\/li>\n<li>Carica semplicemente un file audio<\/li>\n<li>Aggiungi un codice QR e usalo per riprodurre la tua canzone preferita\n<li>Personalizzala in 3 semplici passaggi<\/li>\n<li>Scegli un template o dai sfogo alla fantasia<\/li>\n<\/ul>\n","protected":false},"featured_media":983363,"template":"","meta":[],"product_brand":[],"product_cat":[5257,7960,7816,7481],"product_tag":[8453],"class_list":{"0":"post-390378","1":"product","2":"type-product","3":"status-publish","4":"has-post-thumbnail","6":"product_cat-regali-di-nascita-del-bambino","7":"product_cat-regali-per-il-baby-shower","8":"product_cat-regali-per-neogenitori","9":"product_cat-onda-sonora-it","10":"product_tag-new-parents-it","12":"first","13":"instock","14":"sale","15":"taxable","16":"shipping-taxable","17":"purchasable","18":"product-type-variable"},"yoast_head":"<!-- This site is optimized with the Yoast SEO Premium plugin v27.2 (Yoast SEO v27.2) - https:\/\/yoast.com\/product\/yoast-seo-premium-wordpress\/ -->\n<title>Onda Sonora del Battito del Cuoricino - Positive Prints<\/title>\n<meta name=\"description\" content=\"Il battito del tuo bambino \u00e8 uno dei suoni pi\u00f9 preziosi al mondo. Trasformalo in un ricordo indelebile con la stampa dedicata all\u2019onda sonora del suo cuoricino.\" \/>\n<meta name=\"robots\" content=\"index, follow, max-snippet:-1, max-image-preview:large, max-video-preview:-1\" \/>\n<link rel=\"canonical\" href=\"https:\/\/positiveprints.com\/it\/prodotto\/onda-sonora-del-cuoricino\/\" \/>\n<meta property=\"og:locale\" content=\"it_IT\" \/>\n<meta property=\"og:type\" content=\"article\" \/>\n<meta property=\"og:title\" content=\"Onda Sonora del Battito del Cuoricino\" \/>\n<meta property=\"og:description\" content=\"Cattura il dolce battito del tuo beb\u00e8 e trasformalo in un&#039;opera d&#039;arte unica Carica semplicemente un file audio Aggiungi un codice QR e usalo per riprodurre la tua canzone preferita Personalizzala in 3 semplici passaggi Scegli un template o dai sfogo alla fantasia\" \/>\n<meta property=\"og:url\" content=\"https:\/\/positiveprints.com\/it\/prodotto\/onda-sonora-del-cuoricino\/\" \/>\n<meta property=\"og:site_name\" content=\"Positive Prints\" \/>\n<meta property=\"article:publisher\" content=\"https:\/\/www.facebook.com\/positiveprintscom\" \/>\n<meta property=\"article:modified_time\" content=\"2026-04-12T21:45:16+00:00\" \/>\n<meta property=\"og:image\" content=\"https:\/\/positiveprints.com\/wp-content\/uploads\/2023\/10\/Onda-Sonora-del-Battito-del-Cuoricino.jpg\" \/>\n\t<meta property=\"og:image:width\" content=\"1080\" \/>\n\t<meta property=\"og:image:height\" content=\"1080\" \/>\n\t<meta property=\"og:image:type\" content=\"image\/jpeg\" \/>\n<meta name=\"twitter:card\" content=\"summary_large_image\" \/>\n<meta name=\"twitter:label1\" content=\"Tempo di lettura stimato\" \/>\n\t<meta name=\"twitter:data1\" content=\"3 minuti\" \/>\n<!-- \/ Yoast SEO Premium plugin. -->","yoast_head_json":{"title":"Onda Sonora del Battito del Cuoricino - Positive Prints","description":"Il battito del tuo bambino \u00e8 uno dei suoni pi\u00f9 preziosi al mondo. Trasformalo in un ricordo indelebile con la stampa dedicata all\u2019onda sonora del suo cuoricino.","robots":{"index":"index","follow":"follow","max-snippet":"max-snippet:-1","max-image-preview":"max-image-preview:large","max-video-preview":"max-video-preview:-1"},"canonical":"https:\/\/positiveprints.com\/it\/prodotto\/onda-sonora-del-cuoricino\/","og_locale":"it_IT","og_type":"article","og_title":"Onda Sonora del Battito del Cuoricino","og_description":"Cattura il dolce battito del tuo beb\u00e8 e trasformalo in un'opera d'arte unica Carica semplicemente un file audio Aggiungi un codice QR e usalo per riprodurre la tua canzone preferita Personalizzala in 3 semplici passaggi Scegli un template o dai sfogo alla fantasia","og_url":"https:\/\/positiveprints.com\/it\/prodotto\/onda-sonora-del-cuoricino\/","og_site_name":"Positive Prints","article_publisher":"https:\/\/www.facebook.com\/positiveprintscom","article_modified_time":"2026-04-12T21:45:16+00:00","og_image":[{"width":1080,"height":1080,"url":"https:\/\/positiveprints.com\/wp-content\/uploads\/2023\/10\/Onda-Sonora-del-Battito-del-Cuoricino.jpg","type":"image\/jpeg"}],"twitter_card":"summary_large_image","twitter_misc":{"Tempo di lettura stimato":"3 minuti"},"schema":{"@context":"https:\/\/schema.org","@graph":[{"@type":["WebPage","ItemPage"],"@id":"https:\/\/positiveprints.com\/it\/prodotto\/onda-sonora-del-cuoricino\/","url":"https:\/\/positiveprints.com\/it\/prodotto\/onda-sonora-del-cuoricino\/","name":"Onda Sonora del Battito del Cuoricino - Positive Prints","isPartOf":{"@id":"https:\/\/positiveprints.com\/it\/#website"},"primaryImageOfPage":{"@id":"https:\/\/positiveprints.com\/it\/prodotto\/onda-sonora-del-cuoricino\/#primaryimage"},"image":{"@id":"https:\/\/positiveprints.com\/it\/prodotto\/onda-sonora-del-cuoricino\/#primaryimage"},"thumbnailUrl":"https:\/\/positiveprints.com\/wp-content\/uploads\/2023\/10\/Onda-Sonora-del-Battito-del-Cuoricino.jpg","datePublished":"2022-12-23T15:11:55+00:00","dateModified":"2026-04-12T21:45:16+00:00","description":"Il battito del tuo bambino \u00e8 uno dei suoni pi\u00f9 preziosi al mondo. Trasformalo in un ricordo indelebile con la stampa dedicata all\u2019onda sonora del suo cuoricino.","breadcrumb":{"@id":"https:\/\/positiveprints.com\/it\/prodotto\/onda-sonora-del-cuoricino\/#breadcrumb"},"inLanguage":"it-IT","potentialAction":[{"@type":"ReadAction","target":["https:\/\/positiveprints.com\/it\/prodotto\/onda-sonora-del-cuoricino\/"]}]},{"@type":"ImageObject","inLanguage":"it-IT","@id":"https:\/\/positiveprints.com\/it\/prodotto\/onda-sonora-del-cuoricino\/#primaryimage","url":"https:\/\/positiveprints.com\/wp-content\/uploads\/2023\/10\/Onda-Sonora-del-Battito-del-Cuoricino.jpg","contentUrl":"https:\/\/positiveprints.com\/wp-content\/uploads\/2023\/10\/Onda-Sonora-del-Battito-del-Cuoricino.jpg","width":1080,"height":1080,"caption":"Onda Sonora del Battito del Cuoricino"},{"@type":"BreadcrumbList","@id":"https:\/\/positiveprints.com\/it\/prodotto\/onda-sonora-del-cuoricino\/#breadcrumb","itemListElement":[{"@type":"ListItem","position":1,"name":"Home","item":"https:\/\/positiveprints.com\/it\/"},{"@type":"ListItem","position":2,"name":"Prodotti","item":"https:\/\/positiveprints.com\/it\/shop\/"},{"@type":"ListItem","position":3,"name":"Onda Sonora del Battito del Cuoricino"}]},{"@type":"WebSite","@id":"https:\/\/positiveprints.com\/it\/#website","url":"https:\/\/positiveprints.com\/it\/","name":"Positive Prints","description":"Amazing Custom Personalized Gifts","publisher":{"@id":"https:\/\/positiveprints.com\/it\/#organization"},"potentialAction":[{"@type":"SearchAction","target":{"@type":"EntryPoint","urlTemplate":"https:\/\/positiveprints.com\/it\/?s={search_term_string}"},"query-input":{"@type":"PropertyValueSpecification","valueRequired":true,"valueName":"search_term_string"}}],"inLanguage":"it-IT"},{"@type":"Organization","@id":"https:\/\/positiveprints.com\/it\/#organization","name":"Positive Prints","alternateName":"Positive Prints","url":"https:\/\/positiveprints.com\/it\/","logo":{"@type":"ImageObject","inLanguage":"it-IT","@id":"https:\/\/positiveprints.com\/it\/#\/schema\/logo\/image\/","url":"https:\/\/positiveprints.com\/wp-content\/uploads\/2026\/03\/245815646_1337939713319158_5671353136411139666_n.png","contentUrl":"https:\/\/positiveprints.com\/wp-content\/uploads\/2026\/03\/245815646_1337939713319158_5671353136411139666_n.png","width":800,"height":800,"caption":"Positive Prints"},"image":{"@id":"https:\/\/positiveprints.com\/it\/#\/schema\/logo\/image\/"},"sameAs":["https:\/\/www.facebook.com\/positiveprintscom","https:\/\/www.instagram.com\/positiveprintscom\/","https:\/\/www.tiktok.com\/@positiveprintscom","https:\/\/www.pinterest.com\/positiveprintscom\/"]}]}},"jetpack_sharing_enabled":true,"_links":{"self":[{"href":"https:\/\/positiveprints.com\/it\/wp-json\/wp\/v2\/product\/390378","targetHints":{"allow":["GET"]}}],"collection":[{"href":"https:\/\/positiveprints.com\/it\/wp-json\/wp\/v2\/product"}],"about":[{"href":"https:\/\/positiveprints.com\/it\/wp-json\/wp\/v2\/types\/product"}],"wp:featuredmedia":[{"embeddable":true,"href":"https:\/\/positiveprints.com\/it\/wp-json\/wp\/v2\/media\/983363"}],"wp:attachment":[{"href":"https:\/\/positiveprints.com\/it\/wp-json\/wp\/v2\/media?parent=390378"}],"wp:term":[{"taxonomy":"product_brand","embeddable":true,"href":"https:\/\/positiveprints.com\/it\/wp-json\/wp\/v2\/product_brand?post=390378"},{"taxonomy":"product_cat","embeddable":true,"href":"https:\/\/positiveprints.com\/it\/wp-json\/wp\/v2\/product_cat?post=390378"},{"taxonomy":"product_tag","embeddable":true,"href":"https:\/\/positiveprints.com\/it\/wp-json\/wp\/v2\/product_tag?post=390378"}],"curies":[{"name":"wp","href":"https:\/\/api.w.org\/{rel}","templated":true}]}}