{"id":38865,"date":"2019-11-26T23:42:16","date_gmt":"2019-11-26T22:42:16","guid":{"rendered":"https:\/\/positiveprints.com\/product\/mappe-artistiche-personalizzate\/"},"modified":"2026-04-18T09:19:47","modified_gmt":"2026-04-18T08:19:47","slug":"mappa-personalizzata","status":"publish","type":"product","link":"https:\/\/positiveprints.com\/it\/prodotto\/mappa-personalizzata\/","title":{"rendered":"Mappa Personalizzata"},"content":{"rendered":"<p>Fermati per un secondo e prova a pensare: c&#8217;\u00e8 un luogo nel mondo che ti fa battere il cuore? Con il nostro editor di mappe puoi realizzare una mappa personalizzata della citt\u00e0 dei tuoi sogni da stampare su un poster o da scaricare in formato digitale.<\/p>\r\n\r\n\r\n<h2 class=\"grenB f24 cblue\" style=\"margin-top: 3rem\">Una Mappa Personalizzata Per Ogni Luogo Indimenticabile<\/h2>\r\n\r\n<p style=\"margin-top: 1rem\">Nulla attira l&#8217;attenzione pi\u00f9 di una mappa personalizzata appesa alla tua parete! La citt\u00e0 dei tuoi sogni potrebbe essere anche in capo al mondo, ma da oggi puoi portarla direttamente a casa tua. Il nostro editor di mappe, infatti, ti offre tutti gli strumenti necessari per personalizzare al massimo la tua mappa. Tra colori, posizione geografica, indicatori di posizione e forma, hai completa libert\u00e0. Potresti ancora racchiudere la tua mappa in un romantico cuore! Stampa la mappa personalizzata della tua citt\u00e0 preferita su un poster, una tela o un quadro incorniciato. Oppure richiedi un file digitale per il download istantaneo.<\/p>\r\n\r\n\r\n<h2 class=\"grenB f24 cblue\" style=\"margin-top: 3rem\">Poster Di Una Citt\u00e0 &#8211; Il Regalo Perfetto Per Chi Ama Viaggiare<\/h2>\r\n\r\n<p style=\"margin-top: 1rem\">La tua citt\u00e0 natale o i luoghi che hai visitato nel mondo definiscono la persona che sei. Stai cercando un regalo unico nel suo genere? Una mappa personalizzata \u00e8 perfetta per una persona dallo spirito libero. Grazie ai dettagli che puoi aggiungere, un pensiero cos\u00ec originale \u00e8 facile da apprezzare. Potresti creare una mappa del suo paese di nascita, la metropoli in cui ha sempre sognato vivere o la localit\u00e0 in cui andava sempre in vacanza!<\/p>\r\n\r\n\r\n<h2 class=\"grenB f24 cblue\" style=\"margin-top: 3rem\">Editor di Mappe Personalizzate Facile Da Utilizzare<\/h2>\r\n\r\n<p style=\"margin-top: 1rem\">Grazie ai dati di <a href=\"https:\/\/www.openstreetmap.org\/\">OpenStreetMap<\/a> su cui si basa il nostro editor di mappe, puoi scegliere qualsiasi posizione nel mondo. Scegli una citt\u00e0, una nazione o uno stato dall&#8217;atlante digitale e l&#8217;editor metter\u00e0 in evidenza le strade, il litorale, i corsi d&#8217;acqua e tutti i punti di riferimento pi\u00f9 importanti dell&#8217;area. Racchiudi la tua mappa in un quadrato, in un cerchio o in un romantico cuore, e poi seleziona la palette di colori che preferisci. Puoi scegliere due colori in grande contrasto o sfumature tenui e vintage.<\/p>\r\n\r\n\r\n<h2 class=\"grenB f24 cblue\" style=\"margin-top: 3rem\">Incornicia La Mappa Di Una Citt\u00e0 \u2013 E Decora i Tuoi Interni Con Gusto<\/h2>\r\n\r\n<p style=\"margin-top: 1rem\">Una grafica personalizzata della mappa di una citt\u00e0 \u00e8 una vera chicca di interior design. Queste stampe da parete sono ideali per la camera degli ospiti o per decorare la tua sistemazione Airbnb. Nessuno resister\u00e0 al fascino di una mappa locale.<\/p>\r\n\r\n\r\n<ul>\r\n \t<li>I poster possono avere un orientamento orizzontale, verticale o quadrato. Le dimensioni dei nostri poster sono tra le pi\u00f9 standard al mondo e includono: 100&#215;70, 70&#215;50 e 40&#215;30 cm o 16&#215;12, 36&#215;24 e 24&#215;18 pollici. Non appena posizionerai il quadro sulla tua parete, noterai l&#8217;alta qualit\u00e0 dei materiali che utilizziamo.<\/li>\r\n\r\n \t<li>I formati digitali vengono inviati come file .jpeg. Rivolgiti alla tua copisteria professionale di fiducia e siamo certi che saranno in grado di lavorare con le dimensioni disponibili. Per un risultato eccellente, ti consigliamo di stampare la tua mappa su carta opaca da 180gr.<\/li>\r\n<\/ul>\r\n\r\n<\/ul>\r\nStai cercando uno stile pi\u00f9 minimalista? Non perderti le nostre stampe personalizzate di <a href=\"https:\/\/positiveprints.com\/it\/prodotto\/mappe-stato-e-paese\/\">Nazioni &#038; Paesi<\/a>! \r\n\r\n<br><br>","protected":false},"excerpt":{"rendered":"<ul class=\"check-list\">\n<li>Indica il punto preciso con un simbolo a tua scelta<\/li>\n<li>Personalizzala in 3 semplici passaggi<\/li>\n<li>Aggiungi un testo personalizzato<\/li>\n<li>Guarda subito il risultato \u2013 l&#8217;anteprima interattiva ti permette di perfezionare ogni dettaglio<\/li>\n<\/ul>\n","protected":false},"featured_media":1604414,"template":"","meta":[],"product_brand":[],"product_cat":[15112,8246,4428,7190,11555,11556,11557,11558,11628,11629,11630,11631],"product_tag":[14884,13655],"class_list":{"0":"post-38865","1":"product","2":"type-product","3":"status-publish","4":"has-post-thumbnail","6":"product_cat-bestsellers-menu-it","7":"product_cat-digital-products-it","8":"product_cat-creators-it-2","9":"product_cat-map-it","10":"product_cat-compleanno-18-anni","11":"product_cat-compleanno-21-anni","12":"product_cat-compleanno-30-anni","13":"product_cat-compleanno-40-anni","14":"product_cat-compleanno-50-anni","15":"product_cat-compleanno-60-anni","16":"product_cat-compleanno-70-anni","17":"product_cat-compleanno-80-anni","18":"product_tag-creators-it-2","19":"product_tag-mappa-delle-coordinate","21":"first","22":"instock","23":"sale","24":"taxable","25":"shipping-taxable","26":"purchasable","27":"product-type-variable"},"yoast_head":"<!-- This site is optimized with the Yoast SEO Premium plugin v27.2 (Yoast SEO v27.2) - https:\/\/yoast.com\/product\/yoast-seo-premium-wordpress\/ -->\n<title>Mappe Personalizzate | Creatore di Mappe di Citt\u00e0 - Positive Prints<\/title>\n<meta name=\"description\" content=\"Mappe personalizzate del tuo luogo preferito. Ora puoi creare una mappa della tua citt\u00e0 preferita da qualsiasi parte del mondo.\" \/>\n<meta name=\"robots\" content=\"index, follow, max-snippet:-1, max-image-preview:large, max-video-preview:-1\" \/>\n<link rel=\"canonical\" href=\"https:\/\/positiveprints.com\/it\/prodotto\/mappa-personalizzata\/\" \/>\n<meta property=\"og:locale\" content=\"it_IT\" \/>\n<meta property=\"og:type\" content=\"article\" \/>\n<meta property=\"og:title\" content=\"Mappa Personalizzata\" \/>\n<meta property=\"og:description\" content=\"Indica il punto preciso con un simbolo a tua scelta  Personalizzala in 3 semplici passaggi  Aggiungi un testo personalizzato  Guarda subito il risultato \u2013 l&#039;anteprima interattiva ti permette di perfezionare ogni dettaglio\" \/>\n<meta property=\"og:url\" content=\"https:\/\/positiveprints.com\/it\/prodotto\/mappa-personalizzata\/\" \/>\n<meta property=\"og:site_name\" content=\"Positive Prints\" \/>\n<meta property=\"article:publisher\" content=\"https:\/\/www.facebook.com\/positiveprintscom\" \/>\n<meta property=\"article:modified_time\" content=\"2026-04-18T08:19:47+00:00\" \/>\n<meta property=\"og:image\" content=\"https:\/\/positiveprints.com\/wp-content\/uploads\/2024\/10\/Packshot_IT_our-first-date-product-image.webp\" \/>\n\t<meta property=\"og:image:width\" content=\"1450\" \/>\n\t<meta property=\"og:image:height\" content=\"1450\" \/>\n\t<meta property=\"og:image:type\" content=\"image\/webp\" \/>\n<meta name=\"twitter:card\" content=\"summary_large_image\" \/>\n<meta name=\"twitter:label1\" content=\"Tempo di lettura stimato\" \/>\n\t<meta name=\"twitter:data1\" content=\"3 minuti\" \/>\n<!-- \/ Yoast SEO Premium plugin. -->","yoast_head_json":{"title":"Mappe Personalizzate | Creatore di Mappe di Citt\u00e0 - Positive Prints","description":"Mappe personalizzate del tuo luogo preferito. Ora puoi creare una mappa della tua citt\u00e0 preferita da qualsiasi parte del mondo.","robots":{"index":"index","follow":"follow","max-snippet":"max-snippet:-1","max-image-preview":"max-image-preview:large","max-video-preview":"max-video-preview:-1"},"canonical":"https:\/\/positiveprints.com\/it\/prodotto\/mappa-personalizzata\/","og_locale":"it_IT","og_type":"article","og_title":"Mappa Personalizzata","og_description":"Indica il punto preciso con un simbolo a tua scelta  Personalizzala in 3 semplici passaggi  Aggiungi un testo personalizzato  Guarda subito il risultato \u2013 l'anteprima interattiva ti permette di perfezionare ogni dettaglio","og_url":"https:\/\/positiveprints.com\/it\/prodotto\/mappa-personalizzata\/","og_site_name":"Positive Prints","article_publisher":"https:\/\/www.facebook.com\/positiveprintscom","article_modified_time":"2026-04-18T08:19:47+00:00","og_image":[{"width":1450,"height":1450,"url":"https:\/\/positiveprints.com\/wp-content\/uploads\/2024\/10\/Packshot_IT_our-first-date-product-image.webp","type":"image\/webp"}],"twitter_card":"summary_large_image","twitter_misc":{"Tempo di lettura stimato":"3 minuti"},"schema":{"@context":"https:\/\/schema.org","@graph":[{"@type":["WebPage","ItemPage"],"@id":"https:\/\/positiveprints.com\/it\/prodotto\/mappa-personalizzata\/","url":"https:\/\/positiveprints.com\/it\/prodotto\/mappa-personalizzata\/","name":"Mappe Personalizzate | Creatore di Mappe di Citt\u00e0 - Positive Prints","isPartOf":{"@id":"https:\/\/positiveprints.com\/it\/#website"},"primaryImageOfPage":{"@id":"https:\/\/positiveprints.com\/it\/prodotto\/mappa-personalizzata\/#primaryimage"},"image":{"@id":"https:\/\/positiveprints.com\/it\/prodotto\/mappa-personalizzata\/#primaryimage"},"thumbnailUrl":"https:\/\/positiveprints.com\/wp-content\/uploads\/2026\/01\/Packshot_IT_Mappa-Personalizzata.webp","datePublished":"2019-11-26T22:42:16+00:00","dateModified":"2026-04-18T08:19:47+00:00","description":"Mappe personalizzate del tuo luogo preferito. Ora puoi creare una mappa della tua citt\u00e0 preferita da qualsiasi parte del mondo.","breadcrumb":{"@id":"https:\/\/positiveprints.com\/it\/prodotto\/mappa-personalizzata\/#breadcrumb"},"inLanguage":"it-IT","potentialAction":[{"@type":"ReadAction","target":["https:\/\/positiveprints.com\/it\/prodotto\/mappa-personalizzata\/"]}]},{"@type":"ImageObject","inLanguage":"it-IT","@id":"https:\/\/positiveprints.com\/it\/prodotto\/mappa-personalizzata\/#primaryimage","url":"https:\/\/positiveprints.com\/wp-content\/uploads\/2026\/01\/Packshot_IT_Mappa-Personalizzata.webp","contentUrl":"https:\/\/positiveprints.com\/wp-content\/uploads\/2026\/01\/Packshot_IT_Mappa-Personalizzata.webp","width":1450,"height":1450},{"@type":"BreadcrumbList","@id":"https:\/\/positiveprints.com\/it\/prodotto\/mappa-personalizzata\/#breadcrumb","itemListElement":[{"@type":"ListItem","position":1,"name":"Home","item":"https:\/\/positiveprints.com\/it\/"},{"@type":"ListItem","position":2,"name":"Prodotti","item":"https:\/\/positiveprints.com\/it\/shop\/"},{"@type":"ListItem","position":3,"name":"Mappa Personalizzata"}]},{"@type":"WebSite","@id":"https:\/\/positiveprints.com\/it\/#website","url":"https:\/\/positiveprints.com\/it\/","name":"Positive Prints","description":"Amazing Custom Personalized Gifts","publisher":{"@id":"https:\/\/positiveprints.com\/it\/#organization"},"potentialAction":[{"@type":"SearchAction","target":{"@type":"EntryPoint","urlTemplate":"https:\/\/positiveprints.com\/it\/?s={search_term_string}"},"query-input":{"@type":"PropertyValueSpecification","valueRequired":true,"valueName":"search_term_string"}}],"inLanguage":"it-IT"},{"@type":"Organization","@id":"https:\/\/positiveprints.com\/it\/#organization","name":"Positive Prints","alternateName":"Positive Prints","url":"https:\/\/positiveprints.com\/it\/","logo":{"@type":"ImageObject","inLanguage":"it-IT","@id":"https:\/\/positiveprints.com\/it\/#\/schema\/logo\/image\/","url":"https:\/\/positiveprints.com\/wp-content\/uploads\/2026\/03\/245815646_1337939713319158_5671353136411139666_n.png","contentUrl":"https:\/\/positiveprints.com\/wp-content\/uploads\/2026\/03\/245815646_1337939713319158_5671353136411139666_n.png","width":800,"height":800,"caption":"Positive Prints"},"image":{"@id":"https:\/\/positiveprints.com\/it\/#\/schema\/logo\/image\/"},"sameAs":["https:\/\/www.facebook.com\/positiveprintscom","https:\/\/www.instagram.com\/positiveprintscom\/","https:\/\/www.tiktok.com\/@positiveprintscom","https:\/\/www.pinterest.com\/positiveprintscom\/"]}]}},"jetpack_sharing_enabled":true,"_links":{"self":[{"href":"https:\/\/positiveprints.com\/it\/wp-json\/wp\/v2\/product\/38865","targetHints":{"allow":["GET"]}}],"collection":[{"href":"https:\/\/positiveprints.com\/it\/wp-json\/wp\/v2\/product"}],"about":[{"href":"https:\/\/positiveprints.com\/it\/wp-json\/wp\/v2\/types\/product"}],"wp:featuredmedia":[{"embeddable":true,"href":"https:\/\/positiveprints.com\/it\/wp-json\/wp\/v2\/media\/1604414"}],"wp:attachment":[{"href":"https:\/\/positiveprints.com\/it\/wp-json\/wp\/v2\/media?parent=38865"}],"wp:term":[{"taxonomy":"product_brand","embeddable":true,"href":"https:\/\/positiveprints.com\/it\/wp-json\/wp\/v2\/product_brand?post=38865"},{"taxonomy":"product_cat","embeddable":true,"href":"https:\/\/positiveprints.com\/it\/wp-json\/wp\/v2\/product_cat?post=38865"},{"taxonomy":"product_tag","embeddable":true,"href":"https:\/\/positiveprints.com\/it\/wp-json\/wp\/v2\/product_tag?post=38865"}],"curies":[{"name":"wp","href":"https:\/\/api.w.org\/{rel}","templated":true}]}}