{"id":376732,"date":"2022-10-07T20:04:56","date_gmt":"2022-10-07T19:04:56","guid":{"rendered":"https:\/\/positiveprints.com\/product\/papa-ti-voglio-bene-fino-alla-luna\/"},"modified":"2026-04-23T11:42:01","modified_gmt":"2026-04-23T10:42:01","slug":"papa-ti-voglio-bene-fino-alla-luna","status":"publish","type":"product","link":"https:\/\/positiveprints.com\/it\/prodotto\/papa-ti-voglio-bene-fino-alla-luna\/","title":{"rendered":"Pap\u00e0, Ti Voglio Bene Fino alla Luna"},"content":{"rendered":"<p>Inserisci una data e un\u2019ora per creare la tua stampa lunare personalizzata \u201cPap\u00e0, Ti Voglio Bene Fino alla Luna\u201d. Il regalo pi\u00f9 bello che un pap\u00e0 possa ricevere.\r\n<\/p>","protected":false},"excerpt":{"rendered":"<ul class=\"check-list\">\n<li>Aggiungi l&#8217;ombra che la luna aveva in quel giorno<\/li>\n<li>Personalizzala in 3 semplici passaggi<\/li>\n<li>Scegli tra una variet\u00e0 di design straordinari<\/li>\n<li>Guarda subito il risultato \u2013 l&#8217;anteprima interattiva ti permette di perfezionare ogni dettaglio<\/li>\n<\/ul>\n","protected":false},"featured_media":1460762,"template":"","meta":[],"product_brand":[],"product_cat":[7338,7205,5269,11421,7976],"product_tag":[8554,11761],"class_list":{"0":"post-376732","1":"product","2":"type-product","3":"status-publish","4":"has-post-thumbnail","6":"product_cat-regali-per-la-festa-del-papa","7":"product_cat-moon-it","8":"product_cat-regali-di-natale","9":"product_cat-regali-di-natale-per-papa","10":"product_cat-regali-per-il-papa","11":"product_tag-father-it","12":"product_tag-regali-di-natale-per-papa","14":"first","15":"instock","16":"sale","17":"taxable","18":"shipping-taxable","19":"purchasable","20":"product-type-variable"},"yoast_head":"<!-- This site is optimized with the Yoast SEO Premium plugin v27.2 (Yoast SEO v27.2) - https:\/\/yoast.com\/product\/yoast-seo-premium-wordpress\/ -->\n<title>Pap\u00e0, Ti Voglio Bene Fino alla Luna - Positive Prints<\/title>\n<meta name=\"description\" content=\"Inserisci una data e un\u2019ora per creare la tua stampa lunare personalizzata Pap\u00e0, Ti Voglio Bene Fino alla Luna. Il regalo pi\u00f9 bello che un pap\u00e0 possa ricevere.\" \/>\n<meta name=\"robots\" content=\"index, follow, max-snippet:-1, max-image-preview:large, max-video-preview:-1\" \/>\n<link rel=\"canonical\" href=\"https:\/\/positiveprints.com\/it\/prodotto\/papa-ti-voglio-bene-fino-alla-luna\/\" \/>\n<meta property=\"og:locale\" content=\"it_IT\" \/>\n<meta property=\"og:type\" content=\"article\" \/>\n<meta property=\"og:title\" content=\"Pap\u00e0, Ti Voglio Bene Fino alla Luna\" \/>\n<meta property=\"og:description\" content=\"Aggiungi l&#039;ombra che la luna aveva in quel giorno  Personalizzala in 3 semplici passaggi  Scegli tra una variet\u00e0 di design straordinari  Guarda subito il risultato \u2013 l&#039;anteprima interattiva ti permette di perfezionare ogni dettaglio\" \/>\n<meta property=\"og:url\" content=\"https:\/\/positiveprints.com\/it\/prodotto\/papa-ti-voglio-bene-fino-alla-luna\/\" \/>\n<meta property=\"og:site_name\" content=\"Positive Prints\" \/>\n<meta property=\"article:publisher\" content=\"https:\/\/www.facebook.com\/positiveprintscom\" \/>\n<meta property=\"article:modified_time\" content=\"2026-04-23T10:42:01+00:00\" \/>\n<meta property=\"og:image\" content=\"https:\/\/positiveprints.com\/wp-content\/uploads\/2022\/10\/Packshot_IT_Papa\u0300-Ti-Voglio-Bene-Fino-alla-Luna.webp\" \/>\n\t<meta property=\"og:image:width\" content=\"1450\" \/>\n\t<meta property=\"og:image:height\" content=\"1450\" \/>\n\t<meta property=\"og:image:type\" content=\"image\/webp\" \/>\n<meta name=\"twitter:card\" content=\"summary_large_image\" \/>\n<!-- \/ Yoast SEO Premium plugin. -->","yoast_head_json":{"title":"Pap\u00e0, Ti Voglio Bene Fino alla Luna - Positive Prints","description":"Inserisci una data e un\u2019ora per creare la tua stampa lunare personalizzata Pap\u00e0, Ti Voglio Bene Fino alla Luna. Il regalo pi\u00f9 bello che un pap\u00e0 possa ricevere.","robots":{"index":"index","follow":"follow","max-snippet":"max-snippet:-1","max-image-preview":"max-image-preview:large","max-video-preview":"max-video-preview:-1"},"canonical":"https:\/\/positiveprints.com\/it\/prodotto\/papa-ti-voglio-bene-fino-alla-luna\/","og_locale":"it_IT","og_type":"article","og_title":"Pap\u00e0, Ti Voglio Bene Fino alla Luna","og_description":"Aggiungi l'ombra che la luna aveva in quel giorno  Personalizzala in 3 semplici passaggi  Scegli tra una variet\u00e0 di design straordinari  Guarda subito il risultato \u2013 l'anteprima interattiva ti permette di perfezionare ogni dettaglio","og_url":"https:\/\/positiveprints.com\/it\/prodotto\/papa-ti-voglio-bene-fino-alla-luna\/","og_site_name":"Positive Prints","article_publisher":"https:\/\/www.facebook.com\/positiveprintscom","article_modified_time":"2026-04-23T10:42:01+00:00","og_image":[{"width":1450,"height":1450,"url":"https:\/\/positiveprints.com\/wp-content\/uploads\/2022\/10\/Packshot_IT_Papa\u0300-Ti-Voglio-Bene-Fino-alla-Luna.webp","type":"image\/webp"}],"twitter_card":"summary_large_image","schema":{"@context":"https:\/\/schema.org","@graph":[{"@type":["WebPage","ItemPage"],"@id":"https:\/\/positiveprints.com\/it\/prodotto\/papa-ti-voglio-bene-fino-alla-luna\/","url":"https:\/\/positiveprints.com\/it\/prodotto\/papa-ti-voglio-bene-fino-alla-luna\/","name":"Pap\u00e0, Ti Voglio Bene Fino alla Luna - Positive Prints","isPartOf":{"@id":"https:\/\/positiveprints.com\/it\/#website"},"primaryImageOfPage":{"@id":"https:\/\/positiveprints.com\/it\/prodotto\/papa-ti-voglio-bene-fino-alla-luna\/#primaryimage"},"image":{"@id":"https:\/\/positiveprints.com\/it\/prodotto\/papa-ti-voglio-bene-fino-alla-luna\/#primaryimage"},"thumbnailUrl":"https:\/\/positiveprints.com\/wp-content\/uploads\/2022\/10\/Packshot_IT_Papa\u0300-Ti-Voglio-Bene-Fino-alla-Luna.webp","datePublished":"2022-10-07T19:04:56+00:00","dateModified":"2026-04-23T10:42:01+00:00","description":"Inserisci una data e un\u2019ora per creare la tua stampa lunare personalizzata Pap\u00e0, Ti Voglio Bene Fino alla Luna. Il regalo pi\u00f9 bello che un pap\u00e0 possa ricevere.","breadcrumb":{"@id":"https:\/\/positiveprints.com\/it\/prodotto\/papa-ti-voglio-bene-fino-alla-luna\/#breadcrumb"},"inLanguage":"it-IT","potentialAction":[{"@type":"ReadAction","target":["https:\/\/positiveprints.com\/it\/prodotto\/papa-ti-voglio-bene-fino-alla-luna\/"]}]},{"@type":"ImageObject","inLanguage":"it-IT","@id":"https:\/\/positiveprints.com\/it\/prodotto\/papa-ti-voglio-bene-fino-alla-luna\/#primaryimage","url":"https:\/\/positiveprints.com\/wp-content\/uploads\/2022\/10\/Packshot_IT_Papa\u0300-Ti-Voglio-Bene-Fino-alla-Luna.webp","contentUrl":"https:\/\/positiveprints.com\/wp-content\/uploads\/2022\/10\/Packshot_IT_Papa\u0300-Ti-Voglio-Bene-Fino-alla-Luna.webp","width":1450,"height":1450,"caption":"Packshot_IT_Papa\u0300, Ti Voglio Bene Fino alla Luna"},{"@type":"BreadcrumbList","@id":"https:\/\/positiveprints.com\/it\/prodotto\/papa-ti-voglio-bene-fino-alla-luna\/#breadcrumb","itemListElement":[{"@type":"ListItem","position":1,"name":"Home","item":"https:\/\/positiveprints.com\/it\/"},{"@type":"ListItem","position":2,"name":"Prodotti","item":"https:\/\/positiveprints.com\/it\/shop\/"},{"@type":"ListItem","position":3,"name":"Pap\u00e0, Ti Voglio Bene Fino alla Luna"}]},{"@type":"WebSite","@id":"https:\/\/positiveprints.com\/it\/#website","url":"https:\/\/positiveprints.com\/it\/","name":"Positive Prints","description":"Amazing Custom Personalized Gifts","publisher":{"@id":"https:\/\/positiveprints.com\/it\/#organization"},"potentialAction":[{"@type":"SearchAction","target":{"@type":"EntryPoint","urlTemplate":"https:\/\/positiveprints.com\/it\/?s={search_term_string}"},"query-input":{"@type":"PropertyValueSpecification","valueRequired":true,"valueName":"search_term_string"}}],"inLanguage":"it-IT"},{"@type":"Organization","@id":"https:\/\/positiveprints.com\/it\/#organization","name":"Positive Prints","alternateName":"Positive Prints","url":"https:\/\/positiveprints.com\/it\/","logo":{"@type":"ImageObject","inLanguage":"it-IT","@id":"https:\/\/positiveprints.com\/it\/#\/schema\/logo\/image\/","url":"https:\/\/positiveprints.com\/wp-content\/uploads\/2026\/03\/245815646_1337939713319158_5671353136411139666_n.png","contentUrl":"https:\/\/positiveprints.com\/wp-content\/uploads\/2026\/03\/245815646_1337939713319158_5671353136411139666_n.png","width":800,"height":800,"caption":"Positive Prints"},"image":{"@id":"https:\/\/positiveprints.com\/it\/#\/schema\/logo\/image\/"},"sameAs":["https:\/\/www.facebook.com\/positiveprintscom","https:\/\/www.instagram.com\/positiveprintscom\/","https:\/\/www.tiktok.com\/@positiveprintscom","https:\/\/www.pinterest.com\/positiveprintscom\/"]}]}},"jetpack_sharing_enabled":true,"_links":{"self":[{"href":"https:\/\/positiveprints.com\/it\/wp-json\/wp\/v2\/product\/376732","targetHints":{"allow":["GET"]}}],"collection":[{"href":"https:\/\/positiveprints.com\/it\/wp-json\/wp\/v2\/product"}],"about":[{"href":"https:\/\/positiveprints.com\/it\/wp-json\/wp\/v2\/types\/product"}],"wp:featuredmedia":[{"embeddable":true,"href":"https:\/\/positiveprints.com\/it\/wp-json\/wp\/v2\/media\/1460762"}],"wp:attachment":[{"href":"https:\/\/positiveprints.com\/it\/wp-json\/wp\/v2\/media?parent=376732"}],"wp:term":[{"taxonomy":"product_brand","embeddable":true,"href":"https:\/\/positiveprints.com\/it\/wp-json\/wp\/v2\/product_brand?post=376732"},{"taxonomy":"product_cat","embeddable":true,"href":"https:\/\/positiveprints.com\/it\/wp-json\/wp\/v2\/product_cat?post=376732"},{"taxonomy":"product_tag","embeddable":true,"href":"https:\/\/positiveprints.com\/it\/wp-json\/wp\/v2\/product_tag?post=376732"}],"curies":[{"name":"wp","href":"https:\/\/api.w.org\/{rel}","templated":true}]}}