{"id":376542,"date":"2022-10-06T21:17:27","date_gmt":"2022-10-06T20:17:27","guid":{"rendered":"https:\/\/positiveprints.com\/product\/la-mappa-della-nostra-storia-damore\/"},"modified":"2026-04-18T06:31:15","modified_gmt":"2026-04-18T05:31:15","slug":"dal-primo-incontro-alla-prima-casa","status":"publish","type":"product","link":"https:\/\/positiveprints.com\/it\/prodotto\/dal-primo-incontro-alla-prima-casa\/","title":{"rendered":"Dal Primo Incontro Alla Prima Casa"},"content":{"rendered":"<p>Quali sono i tre luoghi nel mondo che custodisci nel tuo cuore? Il luogo in cui vi siete incontrati, quello in cui vi siete sposati e quello in cui vivete. E siamo sicuri che ognuno di questi luoghi porta con s\u00e9 dei ricordi speciali per voi. Siete cos\u00ec fortunati ad esservi trovati e a condividere la vostra vita insieme. Prendetevi un momento per celebrare i luoghi pi\u00f9 importanti del vostro amore.<\/p>\r\n\r\n\r\n\r\n<h2 class=\"grenB f24 cblue\" style=\"margin-top: 3rem\">I Tre Luoghi Pi\u00f9 Importanti al Mondo: Dove ci Siamo Incontrati, Dove ci Siamo Sposati e Quello in Cui Viviamo<\/h2>\r\n\r\n\r\n\r\n\r\n\r\n<p style=\"margin-top: 1rem\">Il primo luogo \u00e8 quello in cui vi siete incontrati. Sicuramente, \u00e8 un posto speciale per voi, anche da prima che vi conosceste. Potrebbe essere un posto che \u00e8 da sempre nel vostro cuore o che ha un significato importante per voi. Come vi siete incontrati? \u00c8 stato amore a prima vista?<\/p>\r\n\r\n\r\n\r\n\r\n\r\n\r\n\r\n<p style=\"margin-top: 1rem\">Il secondo luogo \u00e8 quello in cui vi siete sposati. Questo \u00e8 un giorno che entrambi ricorderete per sempre. \u00c8 il giorno in cui vi siete scelti a vicenda in fronte ad amici e famiglia. Cos\u2019\u00e8 che ha resto questo giorno cos\u00ec speciale? \u00c8 stato il cielo limpido, la location spettacolare o il fatto che tutto \u00e8 andato come previsto?<\/p>\r\n\r\n\r\n\r\n\r\n\r\n\r\n\r\n<p style=\"margin-top: 1rem\">Il terzo e ultimo luogo \u00e8 quello in cui vivete. Questo \u00e8 il luogo che avete scelto di chiamare casa e quello che contiene tutte le vostre cose preferite. \u00c8 il luogo in cui potete rilassarvi dopo una lunga giornata e dove passare del tempo prezioso insieme alle persone che amate. Vi siete trasferiti da poco? Dal Primo Incontro Alla Prima Casa sar\u00e0 il regalo perfetto per decorare la vostra nuova casa.<\/p>\r\n\r\n\r\n\r\n\r\n\r\n\r\n\r\n<h2 class=\"grenB f24 cblue\" style=\"margin-top: 3rem\">Celebra la tua storia d\u2019amore<\/h2>\r\n\r\n\r\n\r\n<p style=\"margin-top: 1rem\">Dal Primo Incontro Alla Prima Casa \u00e8 la mappa perfetta per ricordare ogni momento della tua storia d\u2019amore. Con questa stampa originale e personalizzata puoi creare il regalo ideale per una coppia o semplicemente aggiungere una dolcissima decorazione per le pareti della tua casa.<\/p>\r\n\r\n\r\n\r\n\r\n\r\n\r\n\r\n<p style=\"margin-top: 1rem\">Dal Primo Incontro Alla Prima Casa \u00e8 una mappa che ti permette di aggiungere 3 luoghi diversi \u2013 quello del vostro incontro, del matrimonio e quello in cui avete scelto di vivere \u2013 e personalizzarla con colori e messaggi tutti tuoi. Puoi ordinarla in formato poster, con o senza cornice, tela e file digitale da scaricare immediatamente.<\/p>\r\n\r\n\r\n\r\n\r\n\r\n\r\n\r\n<p style=\"margin-top: 1rem\">\u00c8 un modo bellissimo e unico di ricordare i momenti pi\u00f9 speciali della tua vita, per sempre. Non aspettare ancora &#8211; crea subito Dal Primo Incontro Alla Prima Casa!<\/p>","protected":false},"excerpt":{"rendered":"<ul class=\"check-list\">\n<li>Indica l&#8217;indirizzo preciso con un simbolo a tua scelta<\/li>\n<li>Personalizzala in 3 semplici passaggi<\/li>\n<li>Aggiungi un testo personalizzato<\/li>\n<li>Guarda subito il risultato \u2013 l&#8217;anteprima interattiva ti permette di perfezionare ogni dettaglio<\/li>\n<\/ul>\n","protected":false},"featured_media":1321225,"template":"","meta":[],"product_brand":[],"product_cat":[5291,8008,7688,7229],"product_tag":[14889,8374],"class_list":{"0":"post-376542","1":"product","2":"type-product","3":"status-publish","4":"has-post-thumbnail","6":"product_cat-regali-per-una-casa-nuova","7":"product_cat-regali-da-uomo","8":"product_cat-regali-da-donna","9":"product_cat-triple-maps-it","10":"product_tag-anniversary-it-2","11":"product_tag-anniversary-it","13":"first","14":"instock","15":"sale","16":"taxable","17":"shipping-taxable","18":"purchasable","19":"product-type-variable"},"yoast_head":"<!-- This site is optimized with the Yoast SEO Premium plugin v27.2 (Yoast SEO v27.2) - https:\/\/yoast.com\/product\/yoast-seo-premium-wordpress\/ -->\n<title>Dal Primo Incontro Alla Prima Casa - Positive Prints<\/title>\n<meta name=\"description\" content=\"Dal primo incontro alla prima casa, la Mappa della Nostra Storia d\u2019Amore \u00e8 il modo pi\u00f9 romantico per ricordare ogni traguardo importante della vostra vita vissuta insieme.\" \/>\n<meta name=\"robots\" content=\"index, follow, max-snippet:-1, max-image-preview:large, max-video-preview:-1\" \/>\n<link rel=\"canonical\" href=\"https:\/\/positiveprints.com\/it\/prodotto\/dal-primo-incontro-alla-prima-casa\/\" \/>\n<meta property=\"og:locale\" content=\"it_IT\" \/>\n<meta property=\"og:type\" content=\"article\" \/>\n<meta property=\"og:title\" content=\"Dal Primo Incontro Alla Prima Casa\" \/>\n<meta property=\"og:description\" content=\"Indica l&#039;indirizzo preciso con un simbolo a tua scelta  Personalizzala in 3 semplici passaggi  Aggiungi un testo personalizzato  Guarda subito il risultato \u2013 l&#039;anteprima interattiva ti permette di perfezionare ogni dettaglio\" \/>\n<meta property=\"og:url\" content=\"https:\/\/positiveprints.com\/it\/prodotto\/dal-primo-incontro-alla-prima-casa\/\" \/>\n<meta property=\"og:site_name\" content=\"Positive Prints\" \/>\n<meta property=\"article:publisher\" content=\"https:\/\/www.facebook.com\/positiveprintscom\" \/>\n<meta property=\"article:modified_time\" content=\"2026-04-18T05:31:15+00:00\" \/>\n<meta property=\"og:image\" content=\"https:\/\/positiveprints.com\/wp-content\/uploads\/2022\/10\/Dal-Primo-Incontro-Alla-Prima-Casa.webp\" \/>\n\t<meta property=\"og:image:width\" content=\"1450\" \/>\n\t<meta property=\"og:image:height\" content=\"1450\" \/>\n\t<meta property=\"og:image:type\" content=\"image\/webp\" \/>\n<meta name=\"twitter:card\" content=\"summary_large_image\" \/>\n<meta name=\"twitter:label1\" content=\"Tempo di lettura stimato\" \/>\n\t<meta name=\"twitter:data1\" content=\"2 minuti\" \/>\n<!-- \/ Yoast SEO Premium plugin. -->","yoast_head_json":{"title":"Dal Primo Incontro Alla Prima Casa - Positive Prints","description":"Dal primo incontro alla prima casa, la Mappa della Nostra Storia d\u2019Amore \u00e8 il modo pi\u00f9 romantico per ricordare ogni traguardo importante della vostra vita vissuta insieme.","robots":{"index":"index","follow":"follow","max-snippet":"max-snippet:-1","max-image-preview":"max-image-preview:large","max-video-preview":"max-video-preview:-1"},"canonical":"https:\/\/positiveprints.com\/it\/prodotto\/dal-primo-incontro-alla-prima-casa\/","og_locale":"it_IT","og_type":"article","og_title":"Dal Primo Incontro Alla Prima Casa","og_description":"Indica l'indirizzo preciso con un simbolo a tua scelta  Personalizzala in 3 semplici passaggi  Aggiungi un testo personalizzato  Guarda subito il risultato \u2013 l'anteprima interattiva ti permette di perfezionare ogni dettaglio","og_url":"https:\/\/positiveprints.com\/it\/prodotto\/dal-primo-incontro-alla-prima-casa\/","og_site_name":"Positive Prints","article_publisher":"https:\/\/www.facebook.com\/positiveprintscom","article_modified_time":"2026-04-18T05:31:15+00:00","og_image":[{"width":1450,"height":1450,"url":"https:\/\/positiveprints.com\/wp-content\/uploads\/2022\/10\/Dal-Primo-Incontro-Alla-Prima-Casa.webp","type":"image\/webp"}],"twitter_card":"summary_large_image","twitter_misc":{"Tempo di lettura stimato":"2 minuti"},"schema":{"@context":"https:\/\/schema.org","@graph":[{"@type":["WebPage","ItemPage"],"@id":"https:\/\/positiveprints.com\/it\/prodotto\/dal-primo-incontro-alla-prima-casa\/","url":"https:\/\/positiveprints.com\/it\/prodotto\/dal-primo-incontro-alla-prima-casa\/","name":"Dal Primo Incontro Alla Prima Casa - Positive Prints","isPartOf":{"@id":"https:\/\/positiveprints.com\/it\/#website"},"primaryImageOfPage":{"@id":"https:\/\/positiveprints.com\/it\/prodotto\/dal-primo-incontro-alla-prima-casa\/#primaryimage"},"image":{"@id":"https:\/\/positiveprints.com\/it\/prodotto\/dal-primo-incontro-alla-prima-casa\/#primaryimage"},"thumbnailUrl":"https:\/\/positiveprints.com\/wp-content\/uploads\/2022\/10\/Dal-Primo-Incontro-Alla-Prima-Casa.webp","datePublished":"2022-10-06T20:17:27+00:00","dateModified":"2026-04-18T05:31:15+00:00","description":"Dal primo incontro alla prima casa, la Mappa della Nostra Storia d\u2019Amore \u00e8 il modo pi\u00f9 romantico per ricordare ogni traguardo importante della vostra vita vissuta insieme.","breadcrumb":{"@id":"https:\/\/positiveprints.com\/it\/prodotto\/dal-primo-incontro-alla-prima-casa\/#breadcrumb"},"inLanguage":"it-IT","potentialAction":[{"@type":"ReadAction","target":["https:\/\/positiveprints.com\/it\/prodotto\/dal-primo-incontro-alla-prima-casa\/"]}]},{"@type":"ImageObject","inLanguage":"it-IT","@id":"https:\/\/positiveprints.com\/it\/prodotto\/dal-primo-incontro-alla-prima-casa\/#primaryimage","url":"https:\/\/positiveprints.com\/wp-content\/uploads\/2022\/10\/Dal-Primo-Incontro-Alla-Prima-Casa.webp","contentUrl":"https:\/\/positiveprints.com\/wp-content\/uploads\/2022\/10\/Dal-Primo-Incontro-Alla-Prima-Casa.webp","width":1450,"height":1450,"caption":"Dal Primo Incontro Alla Prima Casa"},{"@type":"BreadcrumbList","@id":"https:\/\/positiveprints.com\/it\/prodotto\/dal-primo-incontro-alla-prima-casa\/#breadcrumb","itemListElement":[{"@type":"ListItem","position":1,"name":"Home","item":"https:\/\/positiveprints.com\/it\/"},{"@type":"ListItem","position":2,"name":"Prodotti","item":"https:\/\/positiveprints.com\/it\/shop\/"},{"@type":"ListItem","position":3,"name":"Dal Primo Incontro Alla Prima Casa"}]},{"@type":"WebSite","@id":"https:\/\/positiveprints.com\/it\/#website","url":"https:\/\/positiveprints.com\/it\/","name":"Positive Prints","description":"Amazing Custom Personalized Gifts","publisher":{"@id":"https:\/\/positiveprints.com\/it\/#organization"},"potentialAction":[{"@type":"SearchAction","target":{"@type":"EntryPoint","urlTemplate":"https:\/\/positiveprints.com\/it\/?s={search_term_string}"},"query-input":{"@type":"PropertyValueSpecification","valueRequired":true,"valueName":"search_term_string"}}],"inLanguage":"it-IT"},{"@type":"Organization","@id":"https:\/\/positiveprints.com\/it\/#organization","name":"Positive Prints","alternateName":"Positive Prints","url":"https:\/\/positiveprints.com\/it\/","logo":{"@type":"ImageObject","inLanguage":"it-IT","@id":"https:\/\/positiveprints.com\/it\/#\/schema\/logo\/image\/","url":"https:\/\/positiveprints.com\/wp-content\/uploads\/2026\/03\/245815646_1337939713319158_5671353136411139666_n.png","contentUrl":"https:\/\/positiveprints.com\/wp-content\/uploads\/2026\/03\/245815646_1337939713319158_5671353136411139666_n.png","width":800,"height":800,"caption":"Positive Prints"},"image":{"@id":"https:\/\/positiveprints.com\/it\/#\/schema\/logo\/image\/"},"sameAs":["https:\/\/www.facebook.com\/positiveprintscom","https:\/\/www.instagram.com\/positiveprintscom\/","https:\/\/www.tiktok.com\/@positiveprintscom","https:\/\/www.pinterest.com\/positiveprintscom\/"]}]}},"jetpack_sharing_enabled":true,"_links":{"self":[{"href":"https:\/\/positiveprints.com\/it\/wp-json\/wp\/v2\/product\/376542","targetHints":{"allow":["GET"]}}],"collection":[{"href":"https:\/\/positiveprints.com\/it\/wp-json\/wp\/v2\/product"}],"about":[{"href":"https:\/\/positiveprints.com\/it\/wp-json\/wp\/v2\/types\/product"}],"wp:featuredmedia":[{"embeddable":true,"href":"https:\/\/positiveprints.com\/it\/wp-json\/wp\/v2\/media\/1321225"}],"wp:attachment":[{"href":"https:\/\/positiveprints.com\/it\/wp-json\/wp\/v2\/media?parent=376542"}],"wp:term":[{"taxonomy":"product_brand","embeddable":true,"href":"https:\/\/positiveprints.com\/it\/wp-json\/wp\/v2\/product_brand?post=376542"},{"taxonomy":"product_cat","embeddable":true,"href":"https:\/\/positiveprints.com\/it\/wp-json\/wp\/v2\/product_cat?post=376542"},{"taxonomy":"product_tag","embeddable":true,"href":"https:\/\/positiveprints.com\/it\/wp-json\/wp\/v2\/product_tag?post=376542"}],"curies":[{"name":"wp","href":"https:\/\/api.w.org\/{rel}","templated":true}]}}