{"id":376231,"date":"2022-07-21T12:05:10","date_gmt":"2022-07-21T11:05:10","guid":{"rendered":"https:\/\/positiveprints.com\/product\/onda-sonora-ti-amo\/"},"modified":"2026-04-23T11:48:43","modified_gmt":"2026-04-23T10:48:43","slug":"onda-sonora-ti-amo","status":"publish","type":"product","link":"https:\/\/positiveprints.com\/it\/prodotto\/onda-sonora-ti-amo\/","title":{"rendered":"Onda Sonora Ti Amo"},"content":{"rendered":"<p>Un \u201cTi amo\u201d pu\u00f2 essere il suono pi\u00f9 dolce al mondo, soprattutto quando proviene da qualcuno che ami a tua volta. Trasforma le loro parole in arte visiva con l\u2019Onda Sonora del Ti amo.<\/p>\n\n\n\n\n\n<h2 class=\"grenB f24 cblue\" style=\"margin-top: 3rem\">Cos\u2019\u00e8 Onda Sonora del Ti amo?<\/h2>\n\n\n\n<p style=\"margin-top: 1rem\">I suoni non solleticano solo le nostre orecchie. Sono capaci di deliziare anche i nostri occhi. I suoni si presentano sotto forma di onde, e sebbene non possiamo vederle a occhio nudo, possiamo catturarle con la tecnologia giusta. E la nostra tecnologia \u00e8 appositamente progettata per questo scopo.<\/p>\n\n\n\n<p style=\"margin-top: 1rem\">Prendiamo il tuo file audio e lo trasformiamo in un\u2019onda visiva. Ogni onda sonora personalizzata \u00e8 unica nel suo genere perch\u00e9 nessuna voce \u00e8 del tutto identica. Carica semplicemente il file audio di una persona speciale che dice \u201cTi amo\u201d, e noi lo trasformeremo in un capolavoro.<\/p>\n\n\n\n\n\n<h2 class=\"grenB f24 cblue\" style=\"margin-top: 3rem\">L\u2019Onda Sonora del Ti Amo \u00e8 il Regalo di Coppia Perfetto!<\/h2>\n\n\n\n<p style=\"margin-top: 1rem\">Molte persone che arrivano su Positive Prints si lasciano conquistare dall\u2019idea di avere un \u201cTi amo\u201d esposto sulle loro pareti. Ma, se ci pensi, sentiamo la voce delle persone che amiamo tutti i giorni. Tuttavia, quando distanza o imprevisti dividono una coppia, quest\u2019opera d\u2019arte mantiene vivo l\u2019amore nei loro cuori.<\/p>\n\n\n\n<p style=\"margin-top: 1rem\">L\u2019Onda Sonora del Ti Amo \u00e8 il regalo perfetto per qualsiasi occasione, come:<\/p>\n\n\n\n<ul>\n\n<li>Compleanni<\/li>\n\n<li>Matrimoni<\/li>\n\n<li>Fidanzamenti<\/li>\n\n<li>Anniversari<\/li>\n\n<li>San Valentino<\/li>\n\n<li>Natale<\/li>\n\n<li>E qualsiasi altra occasione speciale per voi!<\/li>\n\n<\/ul>\n\n\n\n<p style=\"margin-top: 1rem\">Ci\u00f2 che rende un\u2019Onda Sonora del Ti Amo ancora pi\u00f9 speciale \u00e8 la possibilit\u00e0 di personalizzarla secondo i gusti di chi la riceve. Ogni onda sonora \u00e8 creata in base alla voce che fornisci, e per questo motivo non \u00e8 paragonabile a un semplice quadro che trovi in un negozio qualsiasi. Quando appendi la tua stampa alle pareti, sai per certo che nessun altro ne ha un\u2019altra uguale alla tua.<\/p>\n\n\n\n<h2 class=\"grenB f24 cblue\" style=\"margin-top: 3rem\">Come Personalizzare un\u2019Onda Sonora del Ti Amo<\/h2>\n\n\n\n<p style=\"margin-top: 1rem\">Creare un\u2019onda sonora suona come qualcosa di molto complicato e dispendioso, ma, in realt\u00e0, \u00e8 molto pi\u00f9 semplice che andare in un negozio e scegliere una di quelle classiche idee regalo dallo scaffale. Su Positive Prints, abbiamo integrato la tecnologia per la creazione di onde sonore nel processo creativo. Come per tutti gli altri prodotti disponibili sul nostro sito, puoi creare una stampa personalizzata della tua onda sonora in 3 semplici passaggi.<\/p>\n\n\n\n<p style=\"margin-top: 1rem\"><strong>Primo Passaggio:<\/strong> Carica il tuo file audio. Registra la voce di una persona speciale mentre dice \u201cTi amo\u201d o qualsiasi altra frase abbia un significato importante per te. Caricalo sulla nostra piattaforma e lo trasformeremo in un\u2019onda sonora visiva.<\/p>\n\n\n\n<p style=\"margin-top: 1rem\"><strong>Secondo Passaggio:<\/strong> Scegli i colori e personalizza i dettagli. Hai il completo controllo sul risultato finale della tua onda sonora. Scegli uno dei nostri layout con una palette di colori gi\u00e0 pronta o creano uno tutto tuo. Per rendere la stampa ancora pi\u00f9 tua, includi un messaggio personalizzato.<\/p>\n\n\n\n<p style=\"margin-top: 1rem\"><strong>Terzo Passaggio:<\/strong> Scegli il formato. Le onde sonore sono disponibili in formato poster, tela e file digitale con download istantaneo.<\/p>\n\n\n\n<h2 class=\"grenB f24 cblue\" style=\"margin-top: 3rem\">Inizia subito!<\/h2>\n\n\n\n<p style=\"margin-top: 1rem\">Crea la tua Onda Sonora del Ti amo oggi stesso. Inizia qui.<\/p>","protected":false},"excerpt":{"rendered":"<ul class=\"check-list\">\n<li>Trasforma il tuo &#8220;Ti amo&#8221; in un&#8217;onda sonora personalizzata<\/li>\n<li>Carica semplicemente un file audio<\/li>\n<li>Aggiungi un codice QR e usalo per riprodurre la tua canzone preferita\n<li>Personalizzala in 3 semplici passaggi<\/li>\n<li>Scegli un template o dai sfogo alla fantasia<\/li>\n<\/ul>\n","protected":false},"featured_media":632027,"template":"","meta":[],"product_brand":[],"product_cat":[5269,11425,11426,11424,11418,11432,11427,7673,7641,7784,7752,7800,7481,5315,11243,11244],"product_tag":[14889,11754,11798,11768,11796,11800,11799],"class_list":{"0":"post-376231","1":"product","2":"type-product","3":"status-publish","4":"has-post-thumbnail","6":"product_cat-regali-di-natale","7":"product_cat-regali-di-natale-per-lei","8":"product_cat-regali-di-natale-per-lui","9":"product_cat-regali-di-natale-per-la-fidanzata","10":"product_cat-regali-di-natale-per-il-fidanzato","11":"product_cat-regali-di-natale-per-la-moglie","12":"product_cat-regali-di-natale-per-il-marito","13":"product_cat-regali-per-il-fidanzato","14":"product_cat-regali-per-il-marito","15":"product_cat-regali-per-la-fidanzata","16":"product_cat-regali-per-la-moglie","17":"product_cat-regali-per-una-coppia","18":"product_cat-onda-sonora-it","19":"product_cat-regali-di-san-valentino","20":"product_cat-regali-di-san-valentino-per-lei","21":"product_cat-regali-di-san-valentino-per-lui","22":"product_tag-anniversary-it-2","23":"product_tag-regali-di-natale-per-il-fidanzato","24":"product_tag-regali-di-natale-per-il-marito","25":"product_tag-regali-di-natale-per-la-fidanzata","26":"product_tag-regali-di-natale-per-la-moglie","27":"product_tag-regali-di-natale-per-lei","28":"product_tag-regali-di-natale-per-lui","30":"first","31":"instock","32":"sale","33":"taxable","34":"shipping-taxable","35":"purchasable","36":"product-type-variable"},"yoast_head":"<!-- This site is optimized with the Yoast SEO Premium plugin v27.2 (Yoast SEO v27.2) - https:\/\/yoast.com\/product\/yoast-seo-premium-wordpress\/ -->\n<title>Onda Sonora Ti Amo - Positive Prints<\/title>\n<meta name=\"description\" content=\"Un ti voglio bene pu\u00f2 essere il suono pi\u00f9 dolce del mondo, soprattutto se proviene da una persona cara. Trasforma le tue parole in un\u2019Onda Sonora.\" \/>\n<meta name=\"robots\" content=\"index, follow, max-snippet:-1, max-image-preview:large, max-video-preview:-1\" \/>\n<link rel=\"canonical\" href=\"https:\/\/positiveprints.com\/it\/prodotto\/onda-sonora-ti-amo\/\" \/>\n<meta property=\"og:locale\" content=\"it_IT\" \/>\n<meta property=\"og:type\" content=\"article\" \/>\n<meta property=\"og:title\" content=\"Onda Sonora Ti Amo\" \/>\n<meta property=\"og:description\" content=\"Trasforma il tuo &quot;Ti amo&quot; in un&#039;onda sonora personalizzata Carica semplicemente un file audio Aggiungi un codice QR e usalo per riprodurre la tua canzone preferita Personalizzala in 3 semplici passaggi Scegli un template o dai sfogo alla fantasia\" \/>\n<meta property=\"og:url\" content=\"https:\/\/positiveprints.com\/it\/prodotto\/onda-sonora-ti-amo\/\" \/>\n<meta property=\"og:site_name\" content=\"Positive Prints\" \/>\n<meta property=\"article:publisher\" content=\"https:\/\/www.facebook.com\/positiveprintscom\" \/>\n<meta property=\"article:modified_time\" content=\"2026-04-23T10:48:43+00:00\" \/>\n<meta property=\"og:image\" content=\"https:\/\/positiveprints.com\/wp-content\/uploads\/2023\/07\/Onda-Sonora-Ti-Amo.jpg\" \/>\n\t<meta property=\"og:image:width\" content=\"1080\" \/>\n\t<meta property=\"og:image:height\" content=\"1080\" \/>\n\t<meta property=\"og:image:type\" content=\"image\/jpeg\" \/>\n<meta name=\"twitter:card\" content=\"summary_large_image\" \/>\n<meta name=\"twitter:label1\" content=\"Tempo di lettura stimato\" \/>\n\t<meta name=\"twitter:data1\" content=\"1 minuto\" \/>\n<!-- \/ Yoast SEO Premium plugin. -->","yoast_head_json":{"title":"Onda Sonora Ti Amo - Positive Prints","description":"Un ti voglio bene pu\u00f2 essere il suono pi\u00f9 dolce del mondo, soprattutto se proviene da una persona cara. Trasforma le tue parole in un\u2019Onda Sonora.","robots":{"index":"index","follow":"follow","max-snippet":"max-snippet:-1","max-image-preview":"max-image-preview:large","max-video-preview":"max-video-preview:-1"},"canonical":"https:\/\/positiveprints.com\/it\/prodotto\/onda-sonora-ti-amo\/","og_locale":"it_IT","og_type":"article","og_title":"Onda Sonora Ti Amo","og_description":"Trasforma il tuo \"Ti amo\" in un'onda sonora personalizzata Carica semplicemente un file audio Aggiungi un codice QR e usalo per riprodurre la tua canzone preferita Personalizzala in 3 semplici passaggi Scegli un template o dai sfogo alla fantasia","og_url":"https:\/\/positiveprints.com\/it\/prodotto\/onda-sonora-ti-amo\/","og_site_name":"Positive Prints","article_publisher":"https:\/\/www.facebook.com\/positiveprintscom","article_modified_time":"2026-04-23T10:48:43+00:00","og_image":[{"width":1080,"height":1080,"url":"https:\/\/positiveprints.com\/wp-content\/uploads\/2023\/07\/Onda-Sonora-Ti-Amo.jpg","type":"image\/jpeg"}],"twitter_card":"summary_large_image","twitter_misc":{"Tempo di lettura stimato":"1 minuto"},"schema":{"@context":"https:\/\/schema.org","@graph":[{"@type":["WebPage","ItemPage"],"@id":"https:\/\/positiveprints.com\/it\/prodotto\/onda-sonora-ti-amo\/","url":"https:\/\/positiveprints.com\/it\/prodotto\/onda-sonora-ti-amo\/","name":"Onda Sonora Ti Amo - Positive Prints","isPartOf":{"@id":"https:\/\/positiveprints.com\/it\/#website"},"primaryImageOfPage":{"@id":"https:\/\/positiveprints.com\/it\/prodotto\/onda-sonora-ti-amo\/#primaryimage"},"image":{"@id":"https:\/\/positiveprints.com\/it\/prodotto\/onda-sonora-ti-amo\/#primaryimage"},"thumbnailUrl":"https:\/\/positiveprints.com\/wp-content\/uploads\/2023\/07\/Onda-Sonora-Ti-Amo.jpg","datePublished":"2022-07-21T11:05:10+00:00","dateModified":"2026-04-23T10:48:43+00:00","description":"Un ti voglio bene pu\u00f2 essere il suono pi\u00f9 dolce del mondo, soprattutto se proviene da una persona cara. Trasforma le tue parole in un\u2019Onda Sonora.","breadcrumb":{"@id":"https:\/\/positiveprints.com\/it\/prodotto\/onda-sonora-ti-amo\/#breadcrumb"},"inLanguage":"it-IT","potentialAction":[{"@type":"ReadAction","target":["https:\/\/positiveprints.com\/it\/prodotto\/onda-sonora-ti-amo\/"]}]},{"@type":"ImageObject","inLanguage":"it-IT","@id":"https:\/\/positiveprints.com\/it\/prodotto\/onda-sonora-ti-amo\/#primaryimage","url":"https:\/\/positiveprints.com\/wp-content\/uploads\/2023\/07\/Onda-Sonora-Ti-Amo.jpg","contentUrl":"https:\/\/positiveprints.com\/wp-content\/uploads\/2023\/07\/Onda-Sonora-Ti-Amo.jpg","width":1080,"height":1080,"caption":"Onda Sonora Ti Amo"},{"@type":"BreadcrumbList","@id":"https:\/\/positiveprints.com\/it\/prodotto\/onda-sonora-ti-amo\/#breadcrumb","itemListElement":[{"@type":"ListItem","position":1,"name":"Home","item":"https:\/\/positiveprints.com\/it\/"},{"@type":"ListItem","position":2,"name":"Prodotti","item":"https:\/\/positiveprints.com\/it\/shop\/"},{"@type":"ListItem","position":3,"name":"Onda Sonora Ti Amo"}]},{"@type":"WebSite","@id":"https:\/\/positiveprints.com\/it\/#website","url":"https:\/\/positiveprints.com\/it\/","name":"Positive Prints","description":"Amazing Custom Personalized Gifts","publisher":{"@id":"https:\/\/positiveprints.com\/it\/#organization"},"potentialAction":[{"@type":"SearchAction","target":{"@type":"EntryPoint","urlTemplate":"https:\/\/positiveprints.com\/it\/?s={search_term_string}"},"query-input":{"@type":"PropertyValueSpecification","valueRequired":true,"valueName":"search_term_string"}}],"inLanguage":"it-IT"},{"@type":"Organization","@id":"https:\/\/positiveprints.com\/it\/#organization","name":"Positive Prints","alternateName":"Positive Prints","url":"https:\/\/positiveprints.com\/it\/","logo":{"@type":"ImageObject","inLanguage":"it-IT","@id":"https:\/\/positiveprints.com\/it\/#\/schema\/logo\/image\/","url":"https:\/\/positiveprints.com\/wp-content\/uploads\/2026\/03\/245815646_1337939713319158_5671353136411139666_n.png","contentUrl":"https:\/\/positiveprints.com\/wp-content\/uploads\/2026\/03\/245815646_1337939713319158_5671353136411139666_n.png","width":800,"height":800,"caption":"Positive Prints"},"image":{"@id":"https:\/\/positiveprints.com\/it\/#\/schema\/logo\/image\/"},"sameAs":["https:\/\/www.facebook.com\/positiveprintscom","https:\/\/www.instagram.com\/positiveprintscom\/","https:\/\/www.tiktok.com\/@positiveprintscom","https:\/\/www.pinterest.com\/positiveprintscom\/"]}]}},"jetpack_sharing_enabled":true,"_links":{"self":[{"href":"https:\/\/positiveprints.com\/it\/wp-json\/wp\/v2\/product\/376231","targetHints":{"allow":["GET"]}}],"collection":[{"href":"https:\/\/positiveprints.com\/it\/wp-json\/wp\/v2\/product"}],"about":[{"href":"https:\/\/positiveprints.com\/it\/wp-json\/wp\/v2\/types\/product"}],"wp:featuredmedia":[{"embeddable":true,"href":"https:\/\/positiveprints.com\/it\/wp-json\/wp\/v2\/media\/632027"}],"wp:attachment":[{"href":"https:\/\/positiveprints.com\/it\/wp-json\/wp\/v2\/media?parent=376231"}],"wp:term":[{"taxonomy":"product_brand","embeddable":true,"href":"https:\/\/positiveprints.com\/it\/wp-json\/wp\/v2\/product_brand?post=376231"},{"taxonomy":"product_cat","embeddable":true,"href":"https:\/\/positiveprints.com\/it\/wp-json\/wp\/v2\/product_cat?post=376231"},{"taxonomy":"product_tag","embeddable":true,"href":"https:\/\/positiveprints.com\/it\/wp-json\/wp\/v2\/product_tag?post=376231"}],"curies":[{"name":"wp","href":"https:\/\/api.w.org\/{rel}","templated":true}]}}