{"id":375840,"date":"2022-10-11T14:55:34","date_gmt":"2022-10-11T13:55:34","guid":{"rendered":"https:\/\/positiveprints.com\/product\/regalo-con-foto-per-innamorati\/"},"modified":"2026-04-18T06:26:42","modified_gmt":"2026-04-18T05:26:42","slug":"regalo-con-foto-per-innamorati","status":"publish","type":"product","link":"https:\/\/positiveprints.com\/it\/prodotto\/regalo-con-foto-per-innamorati\/","title":{"rendered":"Regalo con Foto per Innamorati"},"content":{"rendered":"L&#8217;amore \u00e8 un profondo legame d\u2019affetto, di ammirazione e premura verso qualcuno o qualcosa. Quando ami sinceramente qualcuno, nutri sentimenti positivi nei suoi confronti. La sua felicit\u00e0 e il suo benessere diventano una priorit\u00e0, e senti il bisogno di mettere le sue esigenze al di sopra delle tue. Spesso pensiamo all&#8217;amore come a un sostantivo, ma in realt\u00e0 potrebbe anche essere un verbo \u2013 un\u2019azione che richiede dedizione e pazienza.\r\n<h2 class=\"grenB f24 cblue\" style=\"margin-top: 3rem;\">Come Posso Esprimere il Mio Amore?<\/h2>\r\n<p style=\"margin-top: 1rem;\">Esistono molteplici modi per manifestare il tuo amore verso qualcuno. Puoi esprimerlo verbalmente, con sincerit\u00e0, condividendo i tuoi sentimenti o dimostrarlo attraverso le tue azioni, compiendo gesti che li facciano sentire speciali. A volte, sono proprio i gesti pi\u00f9 semplici a portare maggior significato, come cucinare il loro piatto preferito o abbracciarli nei momenti in cui ne hanno pi\u00f9 bisogno. Indipendentemente dal modo che scegli per esprimere il tuo amore, ci\u00f2 che conta davvero \u00e8 che sia un gesto sincero e autentico che scaturisce dal profondo del tuo cuore.<\/p>\r\n\r\n<h2 class=\"grenB f24 cblue\" style=\"margin-top: 3rem;\">Perch\u00e9 un Regalo Personalizzato \u00e8 il Modo Migliore per Dimostrare Amore?<\/h2>\r\n<p style=\"margin-top: 1rem;\">Un regalo fotografico personalizzato rappresenta un meraviglioso modo per dimostrare alla tua anima gemella quanto sia importante per te. Con un dono come questo puoi dimostrare che hai utilizzato il tuo tempo per pensare a loro e trovare un regalo che sia veramente unico. \u00c8 un segno di attenzione che sicuramente verr\u00e0 apprezzato. Inoltre, un Regalo con Foto per Innamorati \u00e8 l&#8217;ideale per celebrare occasioni speciali come anniversari, compleanni o il giorno di San Valentino.<\/p>\r\n\r\n<h2 class=\"grenB f24 cblue\" style=\"margin-top: 3rem;\">La Miglior Idea Regalo con Foto<\/h2>\r\n<p style=\"margin-top: 1rem;\">Stai cercando un regalo personalizzato e davvero originale? Non cercare oltre! Il Regalo con Foto per Innamorati di Positive Prints \u00e8 ci\u00f2 che fa al caso tuo! Questo regalo straordinario ti consente di caricare la tua foto e aggiungere un messaggio personalizzato per creare un qualcosa di veramente unico. \u00c8 perfetto per celebrare San Valentino, il vostro anniversario o qualsiasi altra occasione speciale. Disponibile in formati diversi, puoi ricevere il tuo Regalo con Foto per Innamorati sottoforma di stampa, quadro o tela. Con cos\u00ec tante opzioni tra cui scegliere, troverai sicuramente il modo perfetto per esprimere il tuo \u201cTi amo\u201d!<\/p>","protected":false},"excerpt":{"rendered":"<ul class=\"check-list\">\n<li>Aggiungi un tocco d\u2019amore alle pareti della tua casa: esponi i ricordi di coppia pi\u00f9 belli e trasforma ogni giorno in qualcosa di speciale<\/li>\n<li>Aggiungi un testo personalizzato<\/li>\n<li>Personalizzala in 3 semplici passaggi<\/li>\n<li>Scegli un template o dai sfogo alla fantasia<\/li>\n<li>Guarda subito il risultato \u2013 l&#8217;anteprima interattiva ti permette di perfezionare ogni dettaglio<\/li>\n<\/ul>\n","protected":false},"featured_media":355673,"template":"","meta":[],"product_brand":[],"product_cat":[7928,7688,8008,7499,5269,7673,11418,7641,11427,11424,7784,11432,7752,8191,11425,8216,11426,7800],"product_tag":[8521,11754,11798,11768,11796,11800,11799],"class_list":{"0":"post-375840","1":"product","2":"type-product","3":"status-publish","4":"has-post-thumbnail","6":"product_cat-regali-per-laddio-al-nubilato","7":"product_cat-regali-da-donna","8":"product_cat-regali-da-uomo","9":"product_cat-foto-it","10":"product_cat-regali-di-natale","11":"product_cat-regali-per-il-fidanzato","12":"product_cat-regali-di-natale-per-il-fidanzato","13":"product_cat-regali-per-il-marito","14":"product_cat-regali-di-natale-per-il-marito","15":"product_cat-regali-di-natale-per-la-fidanzata","16":"product_cat-regali-per-la-fidanzata","17":"product_cat-regali-di-natale-per-la-moglie","18":"product_cat-regali-per-la-moglie","19":"product_cat-per-lei","20":"product_cat-regali-di-natale-per-lei","21":"product_cat-per-lui","22":"product_cat-regali-di-natale-per-lui","23":"product_cat-regali-per-una-coppia","24":"product_tag-couples-it","25":"product_tag-regali-di-natale-per-il-fidanzato","26":"product_tag-regali-di-natale-per-il-marito","27":"product_tag-regali-di-natale-per-la-fidanzata","28":"product_tag-regali-di-natale-per-la-moglie","29":"product_tag-regali-di-natale-per-lei","30":"product_tag-regali-di-natale-per-lui","32":"first","33":"instock","34":"sale","35":"taxable","36":"shipping-taxable","37":"purchasable","38":"product-type-variable"},"yoast_head":"<!-- This site is optimized with the Yoast SEO Premium plugin v27.2 (Yoast SEO v27.2) - https:\/\/yoast.com\/product\/yoast-seo-premium-wordpress\/ -->\n<title>Regalo con Foto per Innamorati - Positive Prints<\/title>\n<meta name=\"description\" content=\"Un Regalo con Foto per Innamorati \u00e8 un ottimo modo per celebrare occasioni speciali come anniversari, compleanni o San Valentino.\" \/>\n<meta name=\"robots\" content=\"index, follow, max-snippet:-1, max-image-preview:large, max-video-preview:-1\" \/>\n<link rel=\"canonical\" href=\"https:\/\/positiveprints.com\/it\/prodotto\/regalo-con-foto-per-innamorati\/\" \/>\n<meta property=\"og:locale\" content=\"it_IT\" \/>\n<meta property=\"og:type\" content=\"article\" \/>\n<meta property=\"og:title\" content=\"Regalo con Foto per Innamorati\" \/>\n<meta property=\"og:description\" content=\"Aggiungi un tocco d\u2019amore alle pareti della tua casa: esponi i ricordi di coppia pi\u00f9 belli e trasforma ogni giorno in qualcosa di speciale Aggiungi un testo personalizzato Personalizzala in 3 semplici passaggi Scegli un template o dai sfogo alla fantasia Guarda subito il risultato \u2013 l&#039;anteprima interattiva ti permette di perfezionare ogni dettaglio\" \/>\n<meta property=\"og:url\" content=\"https:\/\/positiveprints.com\/it\/prodotto\/regalo-con-foto-per-innamorati\/\" \/>\n<meta property=\"og:site_name\" content=\"Positive Prints\" \/>\n<meta property=\"article:publisher\" content=\"https:\/\/www.facebook.com\/positiveprintscom\" \/>\n<meta property=\"article:modified_time\" content=\"2026-04-18T05:26:42+00:00\" \/>\n<meta property=\"og:image\" content=\"https:\/\/positiveprints.com\/wp-content\/uploads\/2022\/10\/love-photo-art.jpg\" \/>\n\t<meta property=\"og:image:width\" content=\"1080\" \/>\n\t<meta property=\"og:image:height\" content=\"1080\" \/>\n\t<meta property=\"og:image:type\" content=\"image\/jpeg\" \/>\n<meta name=\"twitter:card\" content=\"summary_large_image\" \/>\n<meta name=\"twitter:label1\" content=\"Tempo di lettura stimato\" \/>\n\t<meta name=\"twitter:data1\" content=\"1 minuto\" \/>\n<!-- \/ Yoast SEO Premium plugin. -->","yoast_head_json":{"title":"Regalo con Foto per Innamorati - Positive Prints","description":"Un Regalo con Foto per Innamorati \u00e8 un ottimo modo per celebrare occasioni speciali come anniversari, compleanni o San Valentino.","robots":{"index":"index","follow":"follow","max-snippet":"max-snippet:-1","max-image-preview":"max-image-preview:large","max-video-preview":"max-video-preview:-1"},"canonical":"https:\/\/positiveprints.com\/it\/prodotto\/regalo-con-foto-per-innamorati\/","og_locale":"it_IT","og_type":"article","og_title":"Regalo con Foto per Innamorati","og_description":"Aggiungi un tocco d\u2019amore alle pareti della tua casa: esponi i ricordi di coppia pi\u00f9 belli e trasforma ogni giorno in qualcosa di speciale Aggiungi un testo personalizzato Personalizzala in 3 semplici passaggi Scegli un template o dai sfogo alla fantasia Guarda subito il risultato \u2013 l'anteprima interattiva ti permette di perfezionare ogni dettaglio","og_url":"https:\/\/positiveprints.com\/it\/prodotto\/regalo-con-foto-per-innamorati\/","og_site_name":"Positive Prints","article_publisher":"https:\/\/www.facebook.com\/positiveprintscom","article_modified_time":"2026-04-18T05:26:42+00:00","og_image":[{"width":1080,"height":1080,"url":"https:\/\/positiveprints.com\/wp-content\/uploads\/2022\/10\/love-photo-art.jpg","type":"image\/jpeg"}],"twitter_card":"summary_large_image","twitter_misc":{"Tempo di lettura stimato":"1 minuto"},"schema":{"@context":"https:\/\/schema.org","@graph":[{"@type":["WebPage","ItemPage"],"@id":"https:\/\/positiveprints.com\/it\/prodotto\/regalo-con-foto-per-innamorati\/","url":"https:\/\/positiveprints.com\/it\/prodotto\/regalo-con-foto-per-innamorati\/","name":"Regalo con Foto per Innamorati - Positive Prints","isPartOf":{"@id":"https:\/\/positiveprints.com\/it\/#website"},"primaryImageOfPage":{"@id":"https:\/\/positiveprints.com\/it\/prodotto\/regalo-con-foto-per-innamorati\/#primaryimage"},"image":{"@id":"https:\/\/positiveprints.com\/it\/prodotto\/regalo-con-foto-per-innamorati\/#primaryimage"},"thumbnailUrl":"https:\/\/positiveprints.com\/wp-content\/uploads\/2022\/10\/love-photo-art.jpg","datePublished":"2022-10-11T13:55:34+00:00","dateModified":"2026-04-18T05:26:42+00:00","description":"Un Regalo con Foto per Innamorati \u00e8 un ottimo modo per celebrare occasioni speciali come anniversari, compleanni o San Valentino.","breadcrumb":{"@id":"https:\/\/positiveprints.com\/it\/prodotto\/regalo-con-foto-per-innamorati\/#breadcrumb"},"inLanguage":"it-IT","potentialAction":[{"@type":"ReadAction","target":["https:\/\/positiveprints.com\/it\/prodotto\/regalo-con-foto-per-innamorati\/"]}]},{"@type":"ImageObject","inLanguage":"it-IT","@id":"https:\/\/positiveprints.com\/it\/prodotto\/regalo-con-foto-per-innamorati\/#primaryimage","url":"https:\/\/positiveprints.com\/wp-content\/uploads\/2022\/10\/love-photo-art.jpg","contentUrl":"https:\/\/positiveprints.com\/wp-content\/uploads\/2022\/10\/love-photo-art.jpg","width":1080,"height":1080,"caption":"This unique gift allows you to upload your own photo and add text for a truly custom gift."},{"@type":"BreadcrumbList","@id":"https:\/\/positiveprints.com\/it\/prodotto\/regalo-con-foto-per-innamorati\/#breadcrumb","itemListElement":[{"@type":"ListItem","position":1,"name":"Home","item":"https:\/\/positiveprints.com\/it\/"},{"@type":"ListItem","position":2,"name":"Prodotti","item":"https:\/\/positiveprints.com\/it\/shop\/"},{"@type":"ListItem","position":3,"name":"Regalo con Foto per Innamorati"}]},{"@type":"WebSite","@id":"https:\/\/positiveprints.com\/it\/#website","url":"https:\/\/positiveprints.com\/it\/","name":"Positive Prints","description":"Amazing Custom Personalized Gifts","publisher":{"@id":"https:\/\/positiveprints.com\/it\/#organization"},"potentialAction":[{"@type":"SearchAction","target":{"@type":"EntryPoint","urlTemplate":"https:\/\/positiveprints.com\/it\/?s={search_term_string}"},"query-input":{"@type":"PropertyValueSpecification","valueRequired":true,"valueName":"search_term_string"}}],"inLanguage":"it-IT"},{"@type":"Organization","@id":"https:\/\/positiveprints.com\/it\/#organization","name":"Positive Prints","alternateName":"Positive Prints","url":"https:\/\/positiveprints.com\/it\/","logo":{"@type":"ImageObject","inLanguage":"it-IT","@id":"https:\/\/positiveprints.com\/it\/#\/schema\/logo\/image\/","url":"https:\/\/positiveprints.com\/wp-content\/uploads\/2026\/03\/245815646_1337939713319158_5671353136411139666_n.png","contentUrl":"https:\/\/positiveprints.com\/wp-content\/uploads\/2026\/03\/245815646_1337939713319158_5671353136411139666_n.png","width":800,"height":800,"caption":"Positive Prints"},"image":{"@id":"https:\/\/positiveprints.com\/it\/#\/schema\/logo\/image\/"},"sameAs":["https:\/\/www.facebook.com\/positiveprintscom","https:\/\/www.instagram.com\/positiveprintscom\/","https:\/\/www.tiktok.com\/@positiveprintscom","https:\/\/www.pinterest.com\/positiveprintscom\/"]}]}},"jetpack_sharing_enabled":true,"_links":{"self":[{"href":"https:\/\/positiveprints.com\/it\/wp-json\/wp\/v2\/product\/375840","targetHints":{"allow":["GET"]}}],"collection":[{"href":"https:\/\/positiveprints.com\/it\/wp-json\/wp\/v2\/product"}],"about":[{"href":"https:\/\/positiveprints.com\/it\/wp-json\/wp\/v2\/types\/product"}],"wp:featuredmedia":[{"embeddable":true,"href":"https:\/\/positiveprints.com\/it\/wp-json\/wp\/v2\/media\/355673"}],"wp:attachment":[{"href":"https:\/\/positiveprints.com\/it\/wp-json\/wp\/v2\/media?parent=375840"}],"wp:term":[{"taxonomy":"product_brand","embeddable":true,"href":"https:\/\/positiveprints.com\/it\/wp-json\/wp\/v2\/product_brand?post=375840"},{"taxonomy":"product_cat","embeddable":true,"href":"https:\/\/positiveprints.com\/it\/wp-json\/wp\/v2\/product_cat?post=375840"},{"taxonomy":"product_tag","embeddable":true,"href":"https:\/\/positiveprints.com\/it\/wp-json\/wp\/v2\/product_tag?post=375840"}],"curies":[{"name":"wp","href":"https:\/\/api.w.org\/{rel}","templated":true}]}}