{"id":369114,"date":"2022-11-15T12:54:27","date_gmt":"2022-11-15T11:54:27","guid":{"rendered":"https:\/\/positiveprints.com\/product\/lamore-non-conosce-distanze\/"},"modified":"2026-04-18T06:21:58","modified_gmt":"2026-04-18T05:21:58","slug":"lamore-non-conosce-distanze","status":"publish","type":"product","link":"https:\/\/positiveprints.com\/it\/prodotto\/lamore-non-conosce-distanze\/","title":{"rendered":"L&#8217;Amore Non Conosce Distanze"},"content":{"rendered":"<p style=\"margin-top: 1rem\">Non importa quanti chilometri ci siano tra di voi, questa stampa continuer\u00e0 a testimoniare la forza del vostro amore. L\u2019amore non conosce distanze e questa mappa personalizzata \u00e8 il modo perfetto per ricordare a entrambi questa verit\u00e0!<\/p>\r\n\r\n\r\n<h2 class=\"grenB f24 cblue\" style=\"margin-top: 3rem\">Celebra Qualsiasi Occasione Speciale<\/h2>\r\n\r\n<p style=\"margin-top: 1rem\">L\u2019amore non conosce distanze. Spesso questo detto viene utilizzato per descrivere la forza delle coppie che vivono una relazione a distanza, ed \u00e8 una verit\u00e0 innegabile: l&#8217;amore \u00e8 veramente al di sopra delle barriere geografiche. Anche se non potete condividere lo stesso spazio fisico, esistono numerose modalit\u00e0 per mantenere vivo il fuoco nella vostra relazione.<\/p>\r\n\r\n\r\n\r\n<p style=\"margin-top: 1rem\">Uno dei tanti modi per farlo \u00e8 dedicare del tempo ogni settimana per una chiacchierata al telefono o una videochiamata. Questo \u00e8 importante non solo per condividere gli avvenimenti quotidiani, ma anche per esplorare i vostri pensieri e sentimenti pi\u00f9 profondi. Un altro modo per mantenere vivo il vostro legame \u00e8 celebrare tutte le occasioni speciali, anche quando non potete essere fisicamente insieme. Cerca di inviare un regalo speciale in occasione di compleanni, anniversari e altre festivit\u00e0. E, infine, non sottovalutare il potere dei piccoli gesti. A volte, un semplice messaggio o una chiamata di buongiorno possono fare la differenza nel sentirsi vicini, indipendentemente dalla distanza che vi separa. \u00c8 proprio vero che l\u2019amore non conosce distanze.<\/p>\r\n\r\n\r\n\r\n<h2 class=\"grenB f24 cblue\" style=\"margin-top: 3rem\">Crea una Mappa Personalizzata dell\u2019Amore Che Non Conosce Distanze<\/h2>\r\n\r\n\r\n<p style=\"margin-top: 1rem\">Non c\u2019\u00e8 sensazione migliore che essere nella stessa stanza in cui si trova la tua anima gemella, ma qualche volta pu\u00f2 succedere che cause di forza maggiore vi tengano separati. Che tu stia vivendo una relazione a distanza o solamente un periodo lontano dalla tua dolce met\u00e0, pu\u00f2 essere difficile creare un senso di vicinanza. Non lasciarti prendere dallo sconforto \u2013 con un po\u2019 di creativit\u00e0, \u00e8 ancora possibile celebrare e condividere momenti speciali, indipendentemente dalla distanza che vi separa.<\/p>\r\n\r\n\r\n\r\n<p style=\"margin-top: 1rem\">Una stampa personalizzata rappresenta un dono straordinario e un dolcissimo modo per sentirsi vicini a qualcuno, anche quando ci sono chilometri di distanza a separarvi. Basta selezionare il design della mappa, inserire la tua posizione e quella della tua anima gemella, aggiungere un messaggio personalizzato e creare un regalo davvero unico. Se vuoi, per renderlo ancora pi\u00f9 speciale, puoi anche personalizzarne ulteriormente i colori e i font.<\/p>\r\n\r\n\r\n\r\n<p style=\"margin-top: 1rem\">Con una stampa personalizzata potrete celebrare insieme tutti i momenti pi\u00f9 speciali della vostra vita, senza tener conto della distanza fisica che vi separa. Perci\u00f2, non esitare ordina subito la tua stampa e, ricorda \u2013 l\u2019amore non conosce distanze.<\/p>","protected":false},"excerpt":{"rendered":"<ul class=\"check-list\">\n<li>Crea una mappa d\u2019amore e colma la distanza che vi separa<\/li>\n<li>Indica due luoghi speciali con un simbolo a scelta<\/li>\n<li>Personalizzala in 3 semplici passaggi<\/li>\n<li>Aggiungi un testo personalizzato<\/li>\n<li>Guarda subito il risultato \u2013 l&#8217;anteprima interattiva ti permette di perfezionare ogni dettaglio<\/li>\n<\/ul>\n","protected":false},"featured_media":1465383,"template":"","meta":[],"product_brand":[],"product_cat":[9115,8191,8216,4449,8999,5269,11425,11426,11423,11422,11424,11418,11430,8008,7673,7624,7608,7656,7688,7768,7784,7721,7737,7800,7848,7832,5315,11243,11244],"product_tag":[8521,11754,11768,11800,11799,13342,13341,14912,14909],"class_list":{"0":"post-369114","1":"product","2":"type-product","3":"status-publish","4":"has-post-thumbnail","6":"product_cat-double-maps-it","7":"product_cat-per-lei","8":"product_cat-per-lui","9":"product_cat-tutti-i-prodotti","10":"product_cat-festa-dei-nonni","11":"product_cat-regali-di-natale","12":"product_cat-regali-di-natale-per-lei","13":"product_cat-regali-di-natale-per-lui","14":"product_cat-regali-di-natale-per-nonna","15":"product_cat-regali-di-natale-per-nonno","16":"product_cat-regali-di-natale-per-la-fidanzata","17":"product_cat-regali-di-natale-per-il-fidanzato","18":"product_cat-regali-di-natale-per-i-genitori","19":"product_cat-regali-da-uomo","20":"product_cat-regali-per-il-fidanzato","21":"product_cat-regali-per-un-fratello","22":"product_cat-regali-per-il-nonno","23":"product_cat-regali-per-un-figlio","24":"product_cat-regali-da-donna","25":"product_cat-regali-per-una-figlia","26":"product_cat-regali-per-la-fidanzata","27":"product_cat-regali-per-la-nonna","28":"product_cat-regali-per-una-sorella","29":"product_cat-regali-per-una-coppia","30":"product_cat-regali-per-la-famiglia","31":"product_cat-regali-per-gli-amici","32":"product_cat-regali-di-san-valentino","33":"product_cat-regali-di-san-valentino-per-lei","34":"product_cat-regali-di-san-valentino-per-lui","35":"product_tag-couples-it","36":"product_tag-regali-di-natale-per-il-fidanzato","37":"product_tag-regali-di-natale-per-la-fidanzata","38":"product_tag-regali-di-natale-per-lei","39":"product_tag-regali-di-natale-per-lui","40":"product_tag-regalo-di-natale-per-un-nonno","41":"product_tag-regalo-di-natale-per-una-nonna","42":"product_tag-valentines-day-it","43":"product_tag-valentines-day-gift-it","45":"first","46":"instock","47":"sale","48":"taxable","49":"shipping-taxable","50":"purchasable","51":"product-type-variable"},"yoast_head":"<!-- This site is optimized with the Yoast SEO Premium plugin v27.2 (Yoast SEO v27.2) - https:\/\/yoast.com\/product\/yoast-seo-premium-wordpress\/ -->\n<title>L\u2019Amore Non Conosce Distanze - Positive Prints<\/title>\n<meta name=\"description\" content=\"Le mappe personalizzate di Positive Prints vengono create come un\u2019immagine singola, ma in realt\u00e0 rappresentano due momenti importanti della tua storia.\" \/>\n<meta name=\"robots\" content=\"index, follow, max-snippet:-1, max-image-preview:large, max-video-preview:-1\" \/>\n<link rel=\"canonical\" href=\"https:\/\/positiveprints.com\/it\/prodotto\/lamore-non-conosce-distanze\/\" \/>\n<meta property=\"og:locale\" content=\"it_IT\" \/>\n<meta property=\"og:type\" content=\"article\" \/>\n<meta property=\"og:title\" content=\"L&#039;Amore Non Conosce Distanze\" \/>\n<meta property=\"og:description\" content=\"Crea una mappa d\u2019amore e colma la distanza che vi separa Indica due luoghi speciali con un simbolo a scelta Personalizzala in 3 semplici passaggi Aggiungi un testo personalizzato Guarda subito il risultato \u2013 l&#039;anteprima interattiva ti permette di perfezionare ogni dettaglio\" \/>\n<meta property=\"og:url\" content=\"https:\/\/positiveprints.com\/it\/prodotto\/lamore-non-conosce-distanze\/\" \/>\n<meta property=\"og:site_name\" content=\"Positive Prints\" \/>\n<meta property=\"article:publisher\" content=\"https:\/\/www.facebook.com\/positiveprintscom\" \/>\n<meta property=\"article:modified_time\" content=\"2026-04-18T05:21:58+00:00\" \/>\n<meta property=\"og:image\" content=\"https:\/\/positiveprints.com\/wp-content\/uploads\/2022\/11\/LAmore-Non-Conosce-Distanze.jpg\" \/>\n\t<meta property=\"og:image:width\" content=\"1080\" \/>\n\t<meta property=\"og:image:height\" content=\"1080\" \/>\n\t<meta property=\"og:image:type\" content=\"image\/jpeg\" \/>\n<meta name=\"twitter:card\" content=\"summary_large_image\" \/>\n<!-- \/ Yoast SEO Premium plugin. -->","yoast_head_json":{"title":"L\u2019Amore Non Conosce Distanze - Positive Prints","description":"Le mappe personalizzate di Positive Prints vengono create come un\u2019immagine singola, ma in realt\u00e0 rappresentano due momenti importanti della tua storia.","robots":{"index":"index","follow":"follow","max-snippet":"max-snippet:-1","max-image-preview":"max-image-preview:large","max-video-preview":"max-video-preview:-1"},"canonical":"https:\/\/positiveprints.com\/it\/prodotto\/lamore-non-conosce-distanze\/","og_locale":"it_IT","og_type":"article","og_title":"L'Amore Non Conosce Distanze","og_description":"Crea una mappa d\u2019amore e colma la distanza che vi separa Indica due luoghi speciali con un simbolo a scelta Personalizzala in 3 semplici passaggi Aggiungi un testo personalizzato Guarda subito il risultato \u2013 l'anteprima interattiva ti permette di perfezionare ogni dettaglio","og_url":"https:\/\/positiveprints.com\/it\/prodotto\/lamore-non-conosce-distanze\/","og_site_name":"Positive Prints","article_publisher":"https:\/\/www.facebook.com\/positiveprintscom","article_modified_time":"2026-04-18T05:21:58+00:00","og_image":[{"width":1080,"height":1080,"url":"https:\/\/positiveprints.com\/wp-content\/uploads\/2022\/11\/LAmore-Non-Conosce-Distanze.jpg","type":"image\/jpeg"}],"twitter_card":"summary_large_image","schema":{"@context":"https:\/\/schema.org","@graph":[{"@type":["WebPage","ItemPage"],"@id":"https:\/\/positiveprints.com\/it\/prodotto\/lamore-non-conosce-distanze\/","url":"https:\/\/positiveprints.com\/it\/prodotto\/lamore-non-conosce-distanze\/","name":"L\u2019Amore Non Conosce Distanze - Positive Prints","isPartOf":{"@id":"https:\/\/positiveprints.com\/it\/#website"},"primaryImageOfPage":{"@id":"https:\/\/positiveprints.com\/it\/prodotto\/lamore-non-conosce-distanze\/#primaryimage"},"image":{"@id":"https:\/\/positiveprints.com\/it\/prodotto\/lamore-non-conosce-distanze\/#primaryimage"},"thumbnailUrl":"https:\/\/positiveprints.com\/wp-content\/uploads\/2025\/06\/Packshot_IT_LAmore-Non-Conosce-Distanze.webp","datePublished":"2022-11-15T11:54:27+00:00","dateModified":"2026-04-18T05:21:58+00:00","description":"Le mappe personalizzate di Positive Prints vengono create come un\u2019immagine singola, ma in realt\u00e0 rappresentano due momenti importanti della tua storia.","breadcrumb":{"@id":"https:\/\/positiveprints.com\/it\/prodotto\/lamore-non-conosce-distanze\/#breadcrumb"},"inLanguage":"it-IT","potentialAction":[{"@type":"ReadAction","target":["https:\/\/positiveprints.com\/it\/prodotto\/lamore-non-conosce-distanze\/"]}]},{"@type":"ImageObject","inLanguage":"it-IT","@id":"https:\/\/positiveprints.com\/it\/prodotto\/lamore-non-conosce-distanze\/#primaryimage","url":"https:\/\/positiveprints.com\/wp-content\/uploads\/2025\/06\/Packshot_IT_LAmore-Non-Conosce-Distanze.webp","contentUrl":"https:\/\/positiveprints.com\/wp-content\/uploads\/2025\/06\/Packshot_IT_LAmore-Non-Conosce-Distanze.webp","width":1450,"height":1450},{"@type":"BreadcrumbList","@id":"https:\/\/positiveprints.com\/it\/prodotto\/lamore-non-conosce-distanze\/#breadcrumb","itemListElement":[{"@type":"ListItem","position":1,"name":"Home","item":"https:\/\/positiveprints.com\/it\/"},{"@type":"ListItem","position":2,"name":"Prodotti","item":"https:\/\/positiveprints.com\/it\/shop\/"},{"@type":"ListItem","position":3,"name":"L\u2019Amore Non Conosce Distanze"}]},{"@type":"WebSite","@id":"https:\/\/positiveprints.com\/it\/#website","url":"https:\/\/positiveprints.com\/it\/","name":"Positive Prints","description":"Amazing Custom Personalized Gifts","publisher":{"@id":"https:\/\/positiveprints.com\/it\/#organization"},"potentialAction":[{"@type":"SearchAction","target":{"@type":"EntryPoint","urlTemplate":"https:\/\/positiveprints.com\/it\/?s={search_term_string}"},"query-input":{"@type":"PropertyValueSpecification","valueRequired":true,"valueName":"search_term_string"}}],"inLanguage":"it-IT"},{"@type":"Organization","@id":"https:\/\/positiveprints.com\/it\/#organization","name":"Positive Prints","alternateName":"Positive Prints","url":"https:\/\/positiveprints.com\/it\/","logo":{"@type":"ImageObject","inLanguage":"it-IT","@id":"https:\/\/positiveprints.com\/it\/#\/schema\/logo\/image\/","url":"https:\/\/positiveprints.com\/wp-content\/uploads\/2026\/03\/245815646_1337939713319158_5671353136411139666_n.png","contentUrl":"https:\/\/positiveprints.com\/wp-content\/uploads\/2026\/03\/245815646_1337939713319158_5671353136411139666_n.png","width":800,"height":800,"caption":"Positive Prints"},"image":{"@id":"https:\/\/positiveprints.com\/it\/#\/schema\/logo\/image\/"},"sameAs":["https:\/\/www.facebook.com\/positiveprintscom","https:\/\/www.instagram.com\/positiveprintscom\/","https:\/\/www.tiktok.com\/@positiveprintscom","https:\/\/www.pinterest.com\/positiveprintscom\/"]}]}},"jetpack_sharing_enabled":true,"_links":{"self":[{"href":"https:\/\/positiveprints.com\/it\/wp-json\/wp\/v2\/product\/369114","targetHints":{"allow":["GET"]}}],"collection":[{"href":"https:\/\/positiveprints.com\/it\/wp-json\/wp\/v2\/product"}],"about":[{"href":"https:\/\/positiveprints.com\/it\/wp-json\/wp\/v2\/types\/product"}],"wp:featuredmedia":[{"embeddable":true,"href":"https:\/\/positiveprints.com\/it\/wp-json\/wp\/v2\/media\/1465383"}],"wp:attachment":[{"href":"https:\/\/positiveprints.com\/it\/wp-json\/wp\/v2\/media?parent=369114"}],"wp:term":[{"taxonomy":"product_brand","embeddable":true,"href":"https:\/\/positiveprints.com\/it\/wp-json\/wp\/v2\/product_brand?post=369114"},{"taxonomy":"product_cat","embeddable":true,"href":"https:\/\/positiveprints.com\/it\/wp-json\/wp\/v2\/product_cat?post=369114"},{"taxonomy":"product_tag","embeddable":true,"href":"https:\/\/positiveprints.com\/it\/wp-json\/wp\/v2\/product_tag?post=369114"}],"curies":[{"name":"wp","href":"https:\/\/api.w.org\/{rel}","templated":true}]}}