{"id":368231,"date":"2022-11-07T15:10:47","date_gmt":"2022-11-07T14:10:47","guid":{"rendered":"https:\/\/positiveprints.com\/?post_type=product&#038;p=368231"},"modified":"2026-04-12T22:48:08","modified_gmt":"2026-04-12T21:48:08","slug":"mappa-doppia","status":"publish","type":"product","link":"https:\/\/positiveprints.com\/it\/prodotto\/mappa-doppia\/","title":{"rendered":"Mappa Doppia"},"content":{"rendered":"<p style=\"margin-top: 1rem\">Rimanere incantati di fronte a una mappa \u00e8 un po\u2019 come viaggiare. Ma quando la mappa contiene i luoghi pi\u00f9 importanti per te e le persone a cui vuoi bene, diventa un\u2019opera d\u2019arte capace di raccontare una storia. Prova a immaginare lo stupore negli occhi della tua dolce met\u00e0 quando vedr\u00e0 tutto l\u2019amore che hai messo nel realizzare un regalo personalizzato come questo. Scopri subito la Mappa Doppia e lasciati aiutare nel raccontare la tua storia.<\/p>\r\n\r\n<h2 class=\"grenB f24 cblue\" style=\"margin-top: 3rem\">Cos\u2019\u00e8 una Mappa Doppia?<\/h2>\r\n<p style=\"margin-top: 1rem\">Quando guardi una mappa di un luogo che per te significa tantissimo, accade qualcosa d&#8217;inspiegabilmente speciale. Grazie alla Mappa Doppia puoi creare una mappa che rappresenti due luoghi importanti. Che siano i luoghi del vostro primo e secondo appuntamento, due magiche destinazioni che avete esplorato insieme o qualsiasi altro posto che racconti la vostra storia, la Mappa Doppia cattura due ricordi incredibili per fonderli insieme nel modo pi\u00f9 personalizzato possibile.<\/p>\r\n\r\n<h2 class=\"grenB f24 cblue\" style=\"margin-top: 3rem\">Cosa rende una Mappa Doppia il regalo pi\u00f9 romantico per una coppia?<\/h2>\r\n<p style=\"margin-top: 1rem\">Cosa c\u2019\u00e8 di pi\u00f9 romantico che una mappa personalizzata che rappresenta i due luoghi pi\u00f9 importanti della vostra relazione? Che sia in occasione di un matrimonio, un anniversario o un fidanzamento, la Mappa Doppia \u00e8 un regalo perfetto per qualsiasi coppia. Questa mappa speciale \u00e8 composta da due pezzi che, uniti tra loro, formano un puzzle; come a significare il punto in cui due vite si intrecciano. La mappa pu\u00f2 essere personalizzata inserendo luoghi speciali e testi personalizzati, cos\u00ec da farla diventare un regalo unico e originale. Se stai cercando un regalo per celebrare la tua magica storia d\u2019amore, siamo certi che la Mappa Doppia diverr\u00e0 un tesoro che custodirete per sempre.<\/p>\r\n\r\n<h2 class=\"grenB f24 cblue\" style=\"margin-top: 3rem\">Perch\u00e9 una Mappa Doppia \u00e8 cos\u00ec importante per una famiglia?<\/h2>\r\n<p style=\"margin-top: 1rem\">Quando un membro della famiglia vive dall\u2019altra parte del mondo, potrebbe essere difficile dimostrargli quando siano importanti per te. Ecco perch\u00e9, con una mappa personalizzata, puoi far sentire tutto il tuo amore e supporto in qualsiasi momento. Questa mappa \u00e8 composta da due pezzi \u2012 uno per te e uno per la persona pi\u00f9 importante della tua vita. Ogni pezzo \u00e8 personalizzato con un luogo e una descrizione, cos\u00ec \u00e8 come se foste sempre vicini. Tutte le volte che guarderete la mappa, vi ricorderete del legame speciale che c\u2019\u00e8 tra voi. Perci\u00f2, se stai cercando un modo per dimostrare quanto tieni alla tua famiglia, questo \u00e8 il modo migliore.<\/p>\r\n\r\n<h2 class=\"grenB f24 cblue\" style=\"margin-top: 3rem\">Cosa rende i regali personalizzati cos\u00ec speciali?<\/h2>\r\n<p style=\"margin-top: 1rem\">Siamo sinceri: comprare un regalo, incartarlo e donarlo \u00e8 qualcosa che potrebbero fare tutti. Ovviamente, se sai per certo che il destinatario ha bisogno e user\u00e0 quel regalo che hai comprato in negozio, non c\u2019\u00e8 niente di male nel comprarglielo. Ma i regali che restano per sempre nei ricordi delle persone sono quelli unici, originali e che richiedono un pizzico di attenzione in pi\u00f9 per essere personalizzati. Il significato simbolico racchiuso in un regalo \u00e8 importante tanto quanto il dono stesso. E se quel dono \u00e8 una Mappa Doppia, riuscirai a sorprendere la tua dolce senza alcun dubbio.<p\/>\r\n\r\n<h2 class=\"grenB f24 cblue\" style=\"margin-top: 3rem\">Come creare una Mappa Doppia<\/h2>\r\n<p style=\"margin-top: 1rem\">Le mappe personalizzate di Positive Prints vengono create come un\u2019immagine singola, ma in realt\u00e0 rappresentano due momenti importanti della tua storia. Utilizzando il nostro GPS di ultima generazione, possiamo aiutarti a immortalare i tuoi luoghi pi\u00f9 importanti con la massima precisione.<\/p>\r\n\r\n<p style=\"margin-top: 1rem\">Trasformati subito in un artista e crea la tua Mappa Doppia seguendo questi semplici passaggi:<\/p>\r\n\r\n<h3 class=\"grenB f18 cblue\" style=\"margin-top: 3rem\">1\u00b0 Passaggio: Scegli il Tuo Design<\/h3>\r\n<p style=\"margin-top: 1rem\">Non esiste un singolo modo di creare un regalo originale. E per questo motivo, per realizzare la tua Mappa Doppia hai a disposizione tantissimi design realizzati dal nostro team di designer. Puoi scegliere il tuo template preferito oppure, se vuoi dare sfogo alla tua creativit\u00e0, puoi cliccare su Personalizza e creare la tua combinazione di colori. Poi, seleziona la forma per le tue mappe e rendile tonde, quadrate o, perch\u00e9 no, un cuore!<\/p>\r\n<p style=\"margin-top: 1rem\">Grazie all\u2019anteprima istantanea, puoi visualizzare tutte le tue modifiche in tempo reale e vedere la mappa prendere vita sotto i tuoi occhi.<\/p>\r\n\r\n<h3 class=\"grenB f18 cblue\" style=\"margin-top: 3rem\">2\u00b0 Passaggio: Inserisci Tutti i Dettagli<\/h3>\r\n<p style=\"margin-top: 1rem\">Una Mappa Doppia \u00e8 molto pi\u00f9 che una semplice immagine. Infatti, puoi aggiungere qualche riga di testo su entrambi i pezzi. Potresti inserire delle date o dei nomi che entrambi associate ai luoghi che hai scelto di rappresentare. Oppure, digita semplicemente una citazione che possa riassumere con dolcezza i vostri momenti speciali. Le possibilit\u00e0 sono davvero infinite!<\/p>\r\n\r\n<h3 class=\"grenB f18 cblue\" style=\"margin-top: 3rem\">3\u00b0 Passaggio: Seleziona un Formato<\/h3>\r\n<p style=\"margin-top: 1rem\">Come tutte le altre creazioni su Positive Prints, anche in questo caso puoi scegliere tra diversi formati e spedizioni disponibili. La carta che utilizziamo per stampare i nostri poster \u00e8 di altissima qualit\u00e0. I suoi colori brillanti si adatteranno perfettamente a qualsiasi parete della tua casa. Se invece preferisci ricevere un regalo pronto da donare, seleziona la stampa su tela e aggiungi una cornice. \r\n<\/p>\r\n<p style=\"margin-top: 1rem\">Oppure, se hai bisogno di un regalo dell\u2019ultimo minuto, ti consigliamo di scegliere il download digitale. In questo modo, la tua Mappa Doppia arriver\u00e0 nella tua casella di posta elettronica pronta per essere stampata nella tua copisteria di fiducia.<\/p>\r\n\r\n<h2 class=\"grenB f24 cblue\" style=\"margin-top: 3rem\">Sorprendi una persona speciale con una Mappa Doppia<\/h2>\r\n<p style=\"margin-top: 1rem\">Una Mappa Doppia \u00e8 un regalo che non smette mai di emozionare. Dai compleanni ai matrimoni, \u00e8 perfetta per qualsiasi occasione \u2012 inserisci un testo tutto tuo e personalizza ogni singolo dettaglio!<\/p>","protected":false},"excerpt":{"rendered":"<ul class=\"check-list\">\n<li>Cattura l&#8217;essenza di due posti speciali con la nostra mappa personalizzata<\/li>\n<li>Indica due luoghi speciali con un simbolo a scelta<\/li>\n<li>Personalizzala in 3 semplici passaggi<\/li>\n<li>Aggiungi un testo personalizzato<\/li>\n<li>Guarda subito il risultato \u2013 l&#8217;anteprima interattiva ti permette di perfezionare ogni dettaglio<\/li>\n<\/ul>\n","protected":false},"featured_media":1363393,"template":"","meta":[],"product_brand":[],"product_cat":[8246,9115,4449,4428,8008,7688],"product_tag":[14884,13670],"class_list":{"0":"post-368231","1":"product","2":"type-product","3":"status-publish","4":"has-post-thumbnail","6":"product_cat-digital-products-it","7":"product_cat-double-maps-it","8":"product_cat-tutti-i-prodotti","9":"product_cat-creators-it-2","10":"product_cat-regali-da-uomo","11":"product_cat-regali-da-donna","12":"product_tag-creators-it-2","13":"product_tag-mappa-con-2-localita","15":"first","16":"instock","17":"sale","18":"taxable","19":"shipping-taxable","20":"purchasable","21":"product-type-variable"},"yoast_head":"<!-- This site is optimized with the Yoast SEO Premium plugin v27.2 (Yoast SEO v27.2) - https:\/\/yoast.com\/product\/yoast-seo-premium-wordpress\/ -->\n<title>Mappa Doppia - Positive Prints<\/title>\n<meta name=\"robots\" content=\"index, follow, max-snippet:-1, max-image-preview:large, max-video-preview:-1\" \/>\n<link rel=\"canonical\" href=\"https:\/\/positiveprints.com\/it\/prodotto\/mappa-doppia\/\" \/>\n<meta property=\"og:locale\" content=\"it_IT\" \/>\n<meta property=\"og:type\" content=\"article\" \/>\n<meta property=\"og:title\" content=\"Mappa Doppia\" \/>\n<meta property=\"og:description\" content=\"Cattura l&#039;essenza di due posti speciali con la nostra mappa personalizzata Indica due luoghi speciali con un simbolo a scelta Personalizzala in 3 semplici passaggi Aggiungi un testo personalizzato Guarda subito il risultato \u2013 l&#039;anteprima interattiva ti permette di perfezionare ogni dettaglio\" \/>\n<meta property=\"og:url\" content=\"https:\/\/positiveprints.com\/it\/prodotto\/mappa-doppia\/\" \/>\n<meta property=\"og:site_name\" content=\"Positive Prints\" \/>\n<meta property=\"article:publisher\" content=\"https:\/\/www.facebook.com\/positiveprintscom\" \/>\n<meta property=\"article:modified_time\" content=\"2026-04-12T21:48:08+00:00\" \/>\n<meta property=\"og:image\" content=\"https:\/\/positiveprints.com\/wp-content\/uploads\/2025\/02\/Mappa-Doppia-1.webp\" \/>\n\t<meta property=\"og:image:width\" content=\"1450\" \/>\n\t<meta property=\"og:image:height\" content=\"1450\" \/>\n\t<meta property=\"og:image:type\" content=\"image\/webp\" \/>\n<meta name=\"twitter:card\" content=\"summary_large_image\" \/>\n<meta name=\"twitter:label1\" content=\"Tempo di lettura stimato\" \/>\n\t<meta name=\"twitter:data1\" content=\"5 minuti\" \/>\n<!-- \/ Yoast SEO Premium plugin. -->","yoast_head_json":{"title":"Mappa Doppia - Positive Prints","robots":{"index":"index","follow":"follow","max-snippet":"max-snippet:-1","max-image-preview":"max-image-preview:large","max-video-preview":"max-video-preview:-1"},"canonical":"https:\/\/positiveprints.com\/it\/prodotto\/mappa-doppia\/","og_locale":"it_IT","og_type":"article","og_title":"Mappa Doppia","og_description":"Cattura l'essenza di due posti speciali con la nostra mappa personalizzata Indica due luoghi speciali con un simbolo a scelta Personalizzala in 3 semplici passaggi Aggiungi un testo personalizzato Guarda subito il risultato \u2013 l'anteprima interattiva ti permette di perfezionare ogni dettaglio","og_url":"https:\/\/positiveprints.com\/it\/prodotto\/mappa-doppia\/","og_site_name":"Positive Prints","article_publisher":"https:\/\/www.facebook.com\/positiveprintscom","article_modified_time":"2026-04-12T21:48:08+00:00","og_image":[{"width":1450,"height":1450,"url":"https:\/\/positiveprints.com\/wp-content\/uploads\/2025\/02\/Mappa-Doppia-1.webp","type":"image\/webp"}],"twitter_card":"summary_large_image","twitter_misc":{"Tempo di lettura stimato":"5 minuti"},"schema":{"@context":"https:\/\/schema.org","@graph":[{"@type":["WebPage","ItemPage"],"@id":"https:\/\/positiveprints.com\/it\/prodotto\/mappa-doppia\/","url":"https:\/\/positiveprints.com\/it\/prodotto\/mappa-doppia\/","name":"Mappa Doppia - Positive Prints","isPartOf":{"@id":"https:\/\/positiveprints.com\/it\/#website"},"primaryImageOfPage":{"@id":"https:\/\/positiveprints.com\/it\/prodotto\/mappa-doppia\/#primaryimage"},"image":{"@id":"https:\/\/positiveprints.com\/it\/prodotto\/mappa-doppia\/#primaryimage"},"thumbnailUrl":"https:\/\/positiveprints.com\/wp-content\/uploads\/2025\/02\/Mappa-Doppia-1.webp","datePublished":"2022-11-07T14:10:47+00:00","dateModified":"2026-04-12T21:48:08+00:00","breadcrumb":{"@id":"https:\/\/positiveprints.com\/it\/prodotto\/mappa-doppia\/#breadcrumb"},"inLanguage":"it-IT","potentialAction":[{"@type":"ReadAction","target":["https:\/\/positiveprints.com\/it\/prodotto\/mappa-doppia\/"]}]},{"@type":"ImageObject","inLanguage":"it-IT","@id":"https:\/\/positiveprints.com\/it\/prodotto\/mappa-doppia\/#primaryimage","url":"https:\/\/positiveprints.com\/wp-content\/uploads\/2025\/02\/Mappa-Doppia-1.webp","contentUrl":"https:\/\/positiveprints.com\/wp-content\/uploads\/2025\/02\/Mappa-Doppia-1.webp","width":1450,"height":1450},{"@type":"BreadcrumbList","@id":"https:\/\/positiveprints.com\/it\/prodotto\/mappa-doppia\/#breadcrumb","itemListElement":[{"@type":"ListItem","position":1,"name":"Home","item":"https:\/\/positiveprints.com\/it\/"},{"@type":"ListItem","position":2,"name":"Prodotti","item":"https:\/\/positiveprints.com\/it\/shop\/"},{"@type":"ListItem","position":3,"name":"Mappa Doppia"}]},{"@type":"WebSite","@id":"https:\/\/positiveprints.com\/it\/#website","url":"https:\/\/positiveprints.com\/it\/","name":"Positive Prints","description":"Amazing Custom Personalized Gifts","publisher":{"@id":"https:\/\/positiveprints.com\/it\/#organization"},"potentialAction":[{"@type":"SearchAction","target":{"@type":"EntryPoint","urlTemplate":"https:\/\/positiveprints.com\/it\/?s={search_term_string}"},"query-input":{"@type":"PropertyValueSpecification","valueRequired":true,"valueName":"search_term_string"}}],"inLanguage":"it-IT"},{"@type":"Organization","@id":"https:\/\/positiveprints.com\/it\/#organization","name":"Positive Prints","alternateName":"Positive Prints","url":"https:\/\/positiveprints.com\/it\/","logo":{"@type":"ImageObject","inLanguage":"it-IT","@id":"https:\/\/positiveprints.com\/it\/#\/schema\/logo\/image\/","url":"https:\/\/positiveprints.com\/wp-content\/uploads\/2026\/03\/245815646_1337939713319158_5671353136411139666_n.png","contentUrl":"https:\/\/positiveprints.com\/wp-content\/uploads\/2026\/03\/245815646_1337939713319158_5671353136411139666_n.png","width":800,"height":800,"caption":"Positive Prints"},"image":{"@id":"https:\/\/positiveprints.com\/it\/#\/schema\/logo\/image\/"},"sameAs":["https:\/\/www.facebook.com\/positiveprintscom","https:\/\/www.instagram.com\/positiveprintscom\/","https:\/\/www.tiktok.com\/@positiveprintscom","https:\/\/www.pinterest.com\/positiveprintscom\/"]}]}},"jetpack_sharing_enabled":true,"_links":{"self":[{"href":"https:\/\/positiveprints.com\/it\/wp-json\/wp\/v2\/product\/368231","targetHints":{"allow":["GET"]}}],"collection":[{"href":"https:\/\/positiveprints.com\/it\/wp-json\/wp\/v2\/product"}],"about":[{"href":"https:\/\/positiveprints.com\/it\/wp-json\/wp\/v2\/types\/product"}],"wp:featuredmedia":[{"embeddable":true,"href":"https:\/\/positiveprints.com\/it\/wp-json\/wp\/v2\/media\/1363393"}],"wp:attachment":[{"href":"https:\/\/positiveprints.com\/it\/wp-json\/wp\/v2\/media?parent=368231"}],"wp:term":[{"taxonomy":"product_brand","embeddable":true,"href":"https:\/\/positiveprints.com\/it\/wp-json\/wp\/v2\/product_brand?post=368231"},{"taxonomy":"product_cat","embeddable":true,"href":"https:\/\/positiveprints.com\/it\/wp-json\/wp\/v2\/product_cat?post=368231"},{"taxonomy":"product_tag","embeddable":true,"href":"https:\/\/positiveprints.com\/it\/wp-json\/wp\/v2\/product_tag?post=368231"}],"curies":[{"name":"wp","href":"https:\/\/api.w.org\/{rel}","templated":true}]}}