{"id":362753,"date":"2022-07-21T12:51:35","date_gmt":"2022-07-21T11:51:35","guid":{"rendered":"https:\/\/positiveprints.com\/?post_type=product&#038;p=362753"},"modified":"2026-04-28T14:31:31","modified_gmt":"2026-04-28T13:31:31","slug":"onda-sonora-mi-vuoi-sposare","status":"publish","type":"product","link":"https:\/\/positiveprints.com\/it\/prodotto\/onda-sonora-mi-vuoi-sposare\/","title":{"rendered":"Onda Sonora \u201cMi Vuoi Sposare?\u201d"},"content":{"rendered":"<p>Mi vuoi sposare? \u00c8 una domanda che in molti non vendono l\u2019ora di pronunciare o ascoltare. E quando, finalmente, arrivo quel momento, potrai riascoltarlo tutte le volte che vorrai con un\u2019Onda Sonora del Mi Vuoi Sposare?<\/p>\n\n\n\n\n\n<h2 class=\"grenB f24 cblue\" style=\"margin-top: 3rem\">Prima l\u2019Amore, Poi il Matrimonio<\/h2>\n\n\n\n<p style=\"margin-top: 1rem\">Non importa da quanto ci stiate pensando \u2013 decidere di sposare l\u2019amore della tua vita \u00e8 sempre un grande passo da fare. Tuttavia, \u00e8 uno dei momenti pi\u00f9 felici che tu abbia vissuto fino a ora, e merita di essere celebrato in modo speciale. \u00c8 per questo motivo che abbiamo creato la nostra arte dell&#8217;Onda Sonora del Mi Vuoi Sposare. Prendiamo una registrazione in cui tu o il tuo partner avete pronunciato quella fatidica domanda e la trasformiamo in un\u2019onda sonora visiva.<\/p>\n\n\n\n<p style=\"margin-top: 1rem\">Un regalo artistico come questo \u00e8 perfetto per il vostro primo anniversario, le nozze di carta. Oppure, puoi aggiungerla alle decorazioni del vostro matrimonio, cos\u00ec da far ascoltare agli ospiti quel dolce momento che ha segnato l\u2019inizio di un nuovo capitolo nelle vostre vite.<\/p>\n\n\n\n\n\n<h2 class=\"grenB f24 cblue\" style=\"margin-top: 3rem\">Come Funziona<\/h2>\n\n\n\n<p style=\"margin-top: 1rem\">Abbiamo creato il nostro editor di opere d&#8217;arte per semplificarti la vita e aiutarti a creare un capolavoro in pochi minuti. Per cominciare, carica il file audio in cui tu o il tuo vero amore pronunciate la domanda &#8220;Vuoi Sposarmi?&#8221;. Potrebbe trattarsi della registrazione reale (se hai avuto la lungimiranza di catturare quel momento) o di una nuova registrazione con la loro voce e tonalit\u00e0. Lasciati sorprendere da come la nostra tecnologia traduce il suono per trasformarlo in qualcosa di tangibile! Poi, scegli uno dei nostri modelli predefiniti per aggiungere colori e dettagli alla tua onda sonora personalizzata. Non dimenticare di includere un testo, come i vostri nomi o la data del vostro fidanzamento. I limiti non esistono!<\/p>\n\n\n\n<p style=\"margin-top: 1rem\">Ti consigliamo di ordinare una stampa su poster o su tela, entrambe ideali per essere esposte sulle pareti della vostra casa. Tutte le nostre stampe sono di dimensioni standard per facilitare la ricerca della cornice perfetta. In alternativa, puoi optare per un file digitale e far stampare la tua onda sonora presso la tua tipografia di fiducia.<\/p>\n\n\n\n<h2 class=\"grenB f24 cblue\" style=\"margin-top: 3rem\">Crea l\u2019Onda Sonora del Mi Vuoi Sposare in Pochi Secondi<\/h2>\n\n\n\n<p style=\"margin-top: 1rem\">Il fidanzamento \u00e8 un momento unico nella vita di ognuno di noi e merita di essere ricordato per sempre. L\u2019Onda Sonora del Mi Vuoi Sposare, insieme a tutti i nostri regali personalizzati, sono un modo straordinario per condividere la vostra storia d\u2019amore con tutti coloro che vi vogliono bene.<\/p>","protected":false},"excerpt":{"rendered":"<ul class=\"check-list\">\n<li>Aggiungi un tocco di creativit\u00e0 alla tua proposta di matrimonio e immortalala con un\u2019opera d\u2019arte da conservare per sempre<\/li>\n<li>Carica semplicemente un file audio<\/li>\n<li>Aggiungi un codice QR e usalo per riprodurre la tua canzone preferita\n<li>Personalizzala in 3 semplici passaggi<\/li>\n<li>Scegli un template o dai sfogo alla fantasia<\/li>\n<\/ul>\n","protected":false},"featured_media":320934,"template":"","meta":[],"product_brand":[],"product_cat":[5281,7481],"product_tag":[9745],"class_list":{"0":"post-362753","1":"product","2":"type-product","3":"status-publish","4":"has-post-thumbnail","6":"product_cat-regali-di-fidanzamento","7":"product_cat-onda-sonora-it","8":"product_tag-fidanzamento","10":"first","11":"instock","12":"sale","13":"taxable","14":"shipping-taxable","15":"purchasable","16":"product-type-variable"},"yoast_head":"<!-- This site is optimized with the Yoast SEO Premium plugin v27.2 (Yoast SEO v27.2) - https:\/\/yoast.com\/product\/yoast-seo-premium-wordpress\/ -->\n<title>Onda Sonora \u201cMi Vuoi Sposare?\u201d - Positive Prints<\/title>\n<meta name=\"description\" content=\"Finalmente \u00e8 tutto pronto per fare la fatidica proposta. Rivivi quel momento per sempre creando un\u2019Onda Sonora del momento in cui pronunci un dolcissimo \u201cMi Vuoi Sposare?\u201d.\" \/>\n<meta name=\"robots\" content=\"index, follow, max-snippet:-1, max-image-preview:large, max-video-preview:-1\" \/>\n<link rel=\"canonical\" href=\"https:\/\/positiveprints.com\/it\/prodotto\/onda-sonora-mi-vuoi-sposare\/\" \/>\n<meta property=\"og:locale\" content=\"it_IT\" \/>\n<meta property=\"og:type\" content=\"article\" \/>\n<meta property=\"og:title\" content=\"Onda Sonora \u201cMi Vuoi Sposare?\u201d\" \/>\n<meta property=\"og:description\" content=\"Aggiungi un tocco di creativit\u00e0 alla tua proposta di matrimonio e immortalala con un\u2019opera d\u2019arte da conservare per sempre Carica semplicemente un file audio Aggiungi un codice QR e usalo per riprodurre la tua canzone preferita Personalizzala in 3 semplici passaggi Scegli un template o dai sfogo alla fantasia\" \/>\n<meta property=\"og:url\" content=\"https:\/\/positiveprints.com\/it\/prodotto\/onda-sonora-mi-vuoi-sposare\/\" \/>\n<meta property=\"og:site_name\" content=\"Positive Prints\" \/>\n<meta property=\"article:publisher\" content=\"https:\/\/www.facebook.com\/positiveprintscom\" \/>\n<meta property=\"article:modified_time\" content=\"2026-04-28T13:31:31+00:00\" \/>\n<meta property=\"og:image\" content=\"https:\/\/positiveprints.com\/wp-content\/uploads\/2022\/07\/will-you-marry-me-soundwave-art.jpg\" \/>\n\t<meta property=\"og:image:width\" content=\"1080\" \/>\n\t<meta property=\"og:image:height\" content=\"1080\" \/>\n\t<meta property=\"og:image:type\" content=\"image\/jpeg\" \/>\n<meta name=\"twitter:card\" content=\"summary_large_image\" \/>\n<!-- \/ Yoast SEO Premium plugin. -->","yoast_head_json":{"title":"Onda Sonora \u201cMi Vuoi Sposare?\u201d - Positive Prints","description":"Finalmente \u00e8 tutto pronto per fare la fatidica proposta. Rivivi quel momento per sempre creando un\u2019Onda Sonora del momento in cui pronunci un dolcissimo \u201cMi Vuoi Sposare?\u201d.","robots":{"index":"index","follow":"follow","max-snippet":"max-snippet:-1","max-image-preview":"max-image-preview:large","max-video-preview":"max-video-preview:-1"},"canonical":"https:\/\/positiveprints.com\/it\/prodotto\/onda-sonora-mi-vuoi-sposare\/","og_locale":"it_IT","og_type":"article","og_title":"Onda Sonora \u201cMi Vuoi Sposare?\u201d","og_description":"Aggiungi un tocco di creativit\u00e0 alla tua proposta di matrimonio e immortalala con un\u2019opera d\u2019arte da conservare per sempre Carica semplicemente un file audio Aggiungi un codice QR e usalo per riprodurre la tua canzone preferita Personalizzala in 3 semplici passaggi Scegli un template o dai sfogo alla fantasia","og_url":"https:\/\/positiveprints.com\/it\/prodotto\/onda-sonora-mi-vuoi-sposare\/","og_site_name":"Positive Prints","article_publisher":"https:\/\/www.facebook.com\/positiveprintscom","article_modified_time":"2026-04-28T13:31:31+00:00","og_image":[{"width":1080,"height":1080,"url":"https:\/\/positiveprints.com\/wp-content\/uploads\/2022\/07\/will-you-marry-me-soundwave-art.jpg","type":"image\/jpeg"}],"twitter_card":"summary_large_image","schema":{"@context":"https:\/\/schema.org","@graph":[{"@type":["WebPage","ItemPage"],"@id":"https:\/\/positiveprints.com\/it\/prodotto\/onda-sonora-mi-vuoi-sposare\/","url":"https:\/\/positiveprints.com\/it\/prodotto\/onda-sonora-mi-vuoi-sposare\/","name":"Onda Sonora \u201cMi Vuoi Sposare?\u201d - Positive Prints","isPartOf":{"@id":"https:\/\/positiveprints.com\/it\/#website"},"primaryImageOfPage":{"@id":"https:\/\/positiveprints.com\/it\/prodotto\/onda-sonora-mi-vuoi-sposare\/#primaryimage"},"image":{"@id":"https:\/\/positiveprints.com\/it\/prodotto\/onda-sonora-mi-vuoi-sposare\/#primaryimage"},"thumbnailUrl":"https:\/\/positiveprints.com\/wp-content\/uploads\/2022\/07\/will-you-marry-me-soundwave-art.jpg","datePublished":"2022-07-21T11:51:35+00:00","dateModified":"2026-04-28T13:31:31+00:00","description":"Finalmente \u00e8 tutto pronto per fare la fatidica proposta. Rivivi quel momento per sempre creando un\u2019Onda Sonora del momento in cui pronunci un dolcissimo \u201cMi Vuoi Sposare?\u201d.","breadcrumb":{"@id":"https:\/\/positiveprints.com\/it\/prodotto\/onda-sonora-mi-vuoi-sposare\/#breadcrumb"},"inLanguage":"it-IT","potentialAction":[{"@type":"ReadAction","target":["https:\/\/positiveprints.com\/it\/prodotto\/onda-sonora-mi-vuoi-sposare\/"]}]},{"@type":"ImageObject","inLanguage":"it-IT","@id":"https:\/\/positiveprints.com\/it\/prodotto\/onda-sonora-mi-vuoi-sposare\/#primaryimage","url":"https:\/\/positiveprints.com\/wp-content\/uploads\/2022\/07\/will-you-marry-me-soundwave-art.jpg","contentUrl":"https:\/\/positiveprints.com\/wp-content\/uploads\/2022\/07\/will-you-marry-me-soundwave-art.jpg","width":1080,"height":1080,"caption":"Art makes the perfect gift for a first anniversary, which is also known as the Paper anniversary."},{"@type":"BreadcrumbList","@id":"https:\/\/positiveprints.com\/it\/prodotto\/onda-sonora-mi-vuoi-sposare\/#breadcrumb","itemListElement":[{"@type":"ListItem","position":1,"name":"Home","item":"https:\/\/positiveprints.com\/it\/"},{"@type":"ListItem","position":2,"name":"Prodotti","item":"https:\/\/positiveprints.com\/it\/shop\/"},{"@type":"ListItem","position":3,"name":"Onda Sonora \u201cMi Vuoi Sposare?\u201d"}]},{"@type":"WebSite","@id":"https:\/\/positiveprints.com\/it\/#website","url":"https:\/\/positiveprints.com\/it\/","name":"Positive Prints","description":"Amazing Custom Personalized Gifts","publisher":{"@id":"https:\/\/positiveprints.com\/it\/#organization"},"potentialAction":[{"@type":"SearchAction","target":{"@type":"EntryPoint","urlTemplate":"https:\/\/positiveprints.com\/it\/?s={search_term_string}"},"query-input":{"@type":"PropertyValueSpecification","valueRequired":true,"valueName":"search_term_string"}}],"inLanguage":"it-IT"},{"@type":"Organization","@id":"https:\/\/positiveprints.com\/it\/#organization","name":"Positive Prints","alternateName":"Positive Prints","url":"https:\/\/positiveprints.com\/it\/","logo":{"@type":"ImageObject","inLanguage":"it-IT","@id":"https:\/\/positiveprints.com\/it\/#\/schema\/logo\/image\/","url":"https:\/\/positiveprints.com\/wp-content\/uploads\/2026\/03\/245815646_1337939713319158_5671353136411139666_n.png","contentUrl":"https:\/\/positiveprints.com\/wp-content\/uploads\/2026\/03\/245815646_1337939713319158_5671353136411139666_n.png","width":800,"height":800,"caption":"Positive Prints"},"image":{"@id":"https:\/\/positiveprints.com\/it\/#\/schema\/logo\/image\/"},"sameAs":["https:\/\/www.facebook.com\/positiveprintscom","https:\/\/www.instagram.com\/positiveprintscom\/","https:\/\/www.tiktok.com\/@positiveprintscom","https:\/\/www.pinterest.com\/positiveprintscom\/"]}]}},"jetpack_sharing_enabled":true,"_links":{"self":[{"href":"https:\/\/positiveprints.com\/it\/wp-json\/wp\/v2\/product\/362753","targetHints":{"allow":["GET"]}}],"collection":[{"href":"https:\/\/positiveprints.com\/it\/wp-json\/wp\/v2\/product"}],"about":[{"href":"https:\/\/positiveprints.com\/it\/wp-json\/wp\/v2\/types\/product"}],"wp:featuredmedia":[{"embeddable":true,"href":"https:\/\/positiveprints.com\/it\/wp-json\/wp\/v2\/media\/320934"}],"wp:attachment":[{"href":"https:\/\/positiveprints.com\/it\/wp-json\/wp\/v2\/media?parent=362753"}],"wp:term":[{"taxonomy":"product_brand","embeddable":true,"href":"https:\/\/positiveprints.com\/it\/wp-json\/wp\/v2\/product_brand?post=362753"},{"taxonomy":"product_cat","embeddable":true,"href":"https:\/\/positiveprints.com\/it\/wp-json\/wp\/v2\/product_cat?post=362753"},{"taxonomy":"product_tag","embeddable":true,"href":"https:\/\/positiveprints.com\/it\/wp-json\/wp\/v2\/product_tag?post=362753"}],"curies":[{"name":"wp","href":"https:\/\/api.w.org\/{rel}","templated":true}]}}