{"id":362707,"date":"2022-10-31T13:29:39","date_gmt":"2022-10-31T12:29:39","guid":{"rendered":"https:\/\/positiveprints.com\/?post_type=product&#038;p=362707"},"modified":"2026-04-12T22:49:27","modified_gmt":"2026-04-12T21:49:27","slug":"onda-sonora-si-lo-voglio","status":"publish","type":"product","link":"https:\/\/positiveprints.com\/it\/prodotto\/onda-sonora-si-lo-voglio\/","title":{"rendered":"Onda Sonora \u201cS\u00ec, Lo Voglio\u201d"},"content":{"rendered":"<p>Quando hai pronunciato il fatidico \u201cS\u00ec\u201d, per qualcuno \u00e8 stato come sentire una dolce melodia. Conserva quel momento per sempre con l\u2019Onda Sonora del S\u00ec, Lo Voglio.<\/p>\n\n\n\n\n\n<h2 class=\"grenB f24 cblue\" style=\"margin-top: 3rem\">Personalizza la Tua Onda Sonora \u201cS\u00ec, Lo Voglio\u201d<\/h2>\n\n\n\n<p style=\"margin-top: 1rem\">Il giorno del tuo matrimonio \u00e8 uno dei ricordi pi\u00f9 preziosi che hai, una giornata che continui a rivivere nella tua mente. E c&#8217;\u00e8 un modo speciale per riportare in vita quei momenti magici: trasformare le vostre promesse in un&#8217;opera d\u2019arte da appendere in casa. Le stampe personalizzate dell\u2019Onda Sonora \u201cS\u00ec, Lo Voglio\u201d prendono la registrazione delle vostre promesse e le trasformano in una rappresentazione visiva. Sar\u00e0 emozionante vedere le tue parole prendere forma sotto i tuoi occhi. Scansionando il codice integrato, potrai rivivere quei momenti speciali ogni volta che vuoi.<\/p>\n\n\n\n<p style=\"margin-top: 1rem\">Ogni opera d\u2019arte \u00e8 veramente unica poich\u00e9 \u00e8 creata dalla tua voce, una voce del tutto speciale e diversa da qualsiasi altra. Un\u2019idea regalo molto originale per il vostro anniversario!<\/p>\n\n\n\n\n\n<h2 class=\"grenB f24 cblue\" style=\"margin-top: 3rem\">Come Funziona<\/h2>\n\n\n\n<p style=\"margin-top: 1rem\">Abbiamo creato i nostri strumenti di grafica online in modo da rendere il processo di creazione semplice come contare fino a 10! Inizia caricando il tuo file audio nel nostro editor e poi abbinalo a uno dei nostri layout gi\u00e0 pronti. Modifica dopo modifica, osserva la tua onda sonora prendere vita sotto i tuoi occhi. Infine, aggiungi un testo personalizzato per mettere in risalto i dettagli speciali del tuo giorno di nozze, come la data, il luogo e qualsiasi altra cosa importante per te.<\/p>\n\n\n\n<p style=\"margin-top: 1rem\">Tutte le nostre onde sonore vengono stampate nei giorni successivi all\u2019ordine e spedite in tutto il mondo. Ma se hai fretta, puoi sempre optare per un file digitale da scarica immediatamente e far stampare nella tua tipografia di fiducia.<\/p>\n\n\n\n<h2 class=\"grenB f24 cblue\" style=\"margin-top: 3rem\">Sorprendi la Tua Dolce Met\u00e0 con un Regalo di Anniversario Personalizzato<\/h2>\n\n\n\n<p style=\"margin-top: 1rem\">Un regalo personalizzato proviene dal cuore. \u00c8 un modo dolcissimo per dimostrare che, pur di regalare qualcosa di speciale, hai speso tempo ed energie pensando alla persona che ami. Le onde sonore sono regali indimenticabili!<\/p>","protected":false},"excerpt":{"rendered":"<ul class=\"check-list\">\n<li>Cattura l&#8217;onda sonora del vostro &#8220;S\u00ec, lo voglio&#8221; e custodisci le promesse di matrimonio per tutta la vita<\/li>\n<li>Carica semplicemente un file audio<\/li>\n<li>Aggiungi un codice QR e usalo per riprodurre la tua canzone preferita\n<li>Personalizzala in 3 semplici passaggi<\/li>\n<li>Scegli un template o dai sfogo alla fantasia<\/li>\n<\/ul>\n","protected":false},"featured_media":631521,"template":"","meta":[],"product_brand":[],"product_cat":[7481],"product_tag":[14889,8374],"class_list":{"0":"post-362707","1":"product","2":"type-product","3":"status-publish","4":"has-post-thumbnail","6":"product_cat-onda-sonora-it","7":"product_tag-anniversary-it-2","8":"product_tag-anniversary-it","10":"first","11":"instock","12":"sale","13":"taxable","14":"shipping-taxable","15":"purchasable","16":"product-type-variable"},"yoast_head":"<!-- This site is optimized with the Yoast SEO Premium plugin v27.2 (Yoast SEO v27.2) - https:\/\/yoast.com\/product\/yoast-seo-premium-wordpress\/ -->\n<title>Onda Sonora \u201cS\u00ec, Lo Voglio\u201d - Positive Prints<\/title>\n<meta name=\"description\" content=\"Tra tutti i tuoi ricordi, quello che ricordi pi\u00f9 di tutti \u00e8 il momento in cui hai detto \u201cS\u00ec, Lo Voglio\u201d alla persona che ami. Trasforma quelle preziose parole in una bellissima Onda Sonora.\" \/>\n<meta name=\"robots\" content=\"index, follow, max-snippet:-1, max-image-preview:large, max-video-preview:-1\" \/>\n<link rel=\"canonical\" href=\"https:\/\/positiveprints.com\/it\/prodotto\/onda-sonora-si-lo-voglio\/\" \/>\n<meta property=\"og:locale\" content=\"it_IT\" \/>\n<meta property=\"og:type\" content=\"article\" \/>\n<meta property=\"og:title\" content=\"Onda Sonora \u201cS\u00ec, Lo Voglio\u201d\" \/>\n<meta property=\"og:description\" content=\"Cattura l&#039;onda sonora del vostro &quot;S\u00ec, lo voglio&quot; e custodisci le promesse di matrimonio per tutta la vita Carica semplicemente un file audio Aggiungi un codice QR e usalo per riprodurre la tua canzone preferita Personalizzala in 3 semplici passaggi Scegli un template o dai sfogo alla fantasia\" \/>\n<meta property=\"og:url\" content=\"https:\/\/positiveprints.com\/it\/prodotto\/onda-sonora-si-lo-voglio\/\" \/>\n<meta property=\"og:site_name\" content=\"Positive Prints\" \/>\n<meta property=\"article:publisher\" content=\"https:\/\/www.facebook.com\/positiveprintscom\" \/>\n<meta property=\"article:modified_time\" content=\"2026-04-12T21:49:27+00:00\" \/>\n<meta property=\"og:image\" content=\"https:\/\/positiveprints.com\/wp-content\/uploads\/2023\/07\/Onda-Sonora-Si-Lo-Voglio.jpg\" \/>\n\t<meta property=\"og:image:width\" content=\"1080\" \/>\n\t<meta property=\"og:image:height\" content=\"1080\" \/>\n\t<meta property=\"og:image:type\" content=\"image\/jpeg\" \/>\n<meta name=\"twitter:card\" content=\"summary_large_image\" \/>\n<!-- \/ Yoast SEO Premium plugin. -->","yoast_head_json":{"title":"Onda Sonora \u201cS\u00ec, Lo Voglio\u201d - Positive Prints","description":"Tra tutti i tuoi ricordi, quello che ricordi pi\u00f9 di tutti \u00e8 il momento in cui hai detto \u201cS\u00ec, Lo Voglio\u201d alla persona che ami. Trasforma quelle preziose parole in una bellissima Onda Sonora.","robots":{"index":"index","follow":"follow","max-snippet":"max-snippet:-1","max-image-preview":"max-image-preview:large","max-video-preview":"max-video-preview:-1"},"canonical":"https:\/\/positiveprints.com\/it\/prodotto\/onda-sonora-si-lo-voglio\/","og_locale":"it_IT","og_type":"article","og_title":"Onda Sonora \u201cS\u00ec, Lo Voglio\u201d","og_description":"Cattura l'onda sonora del vostro \"S\u00ec, lo voglio\" e custodisci le promesse di matrimonio per tutta la vita Carica semplicemente un file audio Aggiungi un codice QR e usalo per riprodurre la tua canzone preferita Personalizzala in 3 semplici passaggi Scegli un template o dai sfogo alla fantasia","og_url":"https:\/\/positiveprints.com\/it\/prodotto\/onda-sonora-si-lo-voglio\/","og_site_name":"Positive Prints","article_publisher":"https:\/\/www.facebook.com\/positiveprintscom","article_modified_time":"2026-04-12T21:49:27+00:00","og_image":[{"width":1080,"height":1080,"url":"https:\/\/positiveprints.com\/wp-content\/uploads\/2023\/07\/Onda-Sonora-Si-Lo-Voglio.jpg","type":"image\/jpeg"}],"twitter_card":"summary_large_image","schema":{"@context":"https:\/\/schema.org","@graph":[{"@type":["WebPage","ItemPage"],"@id":"https:\/\/positiveprints.com\/it\/prodotto\/onda-sonora-si-lo-voglio\/","url":"https:\/\/positiveprints.com\/it\/prodotto\/onda-sonora-si-lo-voglio\/","name":"Onda Sonora \u201cS\u00ec, Lo Voglio\u201d - Positive Prints","isPartOf":{"@id":"https:\/\/positiveprints.com\/it\/#website"},"primaryImageOfPage":{"@id":"https:\/\/positiveprints.com\/it\/prodotto\/onda-sonora-si-lo-voglio\/#primaryimage"},"image":{"@id":"https:\/\/positiveprints.com\/it\/prodotto\/onda-sonora-si-lo-voglio\/#primaryimage"},"thumbnailUrl":"https:\/\/positiveprints.com\/wp-content\/uploads\/2023\/07\/Onda-Sonora-Si-Lo-Voglio.jpg","datePublished":"2022-10-31T12:29:39+00:00","dateModified":"2026-04-12T21:49:27+00:00","description":"Tra tutti i tuoi ricordi, quello che ricordi pi\u00f9 di tutti \u00e8 il momento in cui hai detto \u201cS\u00ec, Lo Voglio\u201d alla persona che ami. Trasforma quelle preziose parole in una bellissima Onda Sonora.","breadcrumb":{"@id":"https:\/\/positiveprints.com\/it\/prodotto\/onda-sonora-si-lo-voglio\/#breadcrumb"},"inLanguage":"it-IT","potentialAction":[{"@type":"ReadAction","target":["https:\/\/positiveprints.com\/it\/prodotto\/onda-sonora-si-lo-voglio\/"]}]},{"@type":"ImageObject","inLanguage":"it-IT","@id":"https:\/\/positiveprints.com\/it\/prodotto\/onda-sonora-si-lo-voglio\/#primaryimage","url":"https:\/\/positiveprints.com\/wp-content\/uploads\/2023\/07\/Onda-Sonora-Si-Lo-Voglio.jpg","contentUrl":"https:\/\/positiveprints.com\/wp-content\/uploads\/2023\/07\/Onda-Sonora-Si-Lo-Voglio.jpg","width":1080,"height":1080,"caption":"Onda Sonora S\u00ec Lo Voglio"},{"@type":"BreadcrumbList","@id":"https:\/\/positiveprints.com\/it\/prodotto\/onda-sonora-si-lo-voglio\/#breadcrumb","itemListElement":[{"@type":"ListItem","position":1,"name":"Home","item":"https:\/\/positiveprints.com\/it\/"},{"@type":"ListItem","position":2,"name":"Prodotti","item":"https:\/\/positiveprints.com\/it\/shop\/"},{"@type":"ListItem","position":3,"name":"Onda Sonora \u201cS\u00ec, Lo Voglio\u201d"}]},{"@type":"WebSite","@id":"https:\/\/positiveprints.com\/it\/#website","url":"https:\/\/positiveprints.com\/it\/","name":"Positive Prints","description":"Amazing Custom Personalized Gifts","publisher":{"@id":"https:\/\/positiveprints.com\/it\/#organization"},"potentialAction":[{"@type":"SearchAction","target":{"@type":"EntryPoint","urlTemplate":"https:\/\/positiveprints.com\/it\/?s={search_term_string}"},"query-input":{"@type":"PropertyValueSpecification","valueRequired":true,"valueName":"search_term_string"}}],"inLanguage":"it-IT"},{"@type":"Organization","@id":"https:\/\/positiveprints.com\/it\/#organization","name":"Positive Prints","alternateName":"Positive Prints","url":"https:\/\/positiveprints.com\/it\/","logo":{"@type":"ImageObject","inLanguage":"it-IT","@id":"https:\/\/positiveprints.com\/it\/#\/schema\/logo\/image\/","url":"https:\/\/positiveprints.com\/wp-content\/uploads\/2026\/03\/245815646_1337939713319158_5671353136411139666_n.png","contentUrl":"https:\/\/positiveprints.com\/wp-content\/uploads\/2026\/03\/245815646_1337939713319158_5671353136411139666_n.png","width":800,"height":800,"caption":"Positive Prints"},"image":{"@id":"https:\/\/positiveprints.com\/it\/#\/schema\/logo\/image\/"},"sameAs":["https:\/\/www.facebook.com\/positiveprintscom","https:\/\/www.instagram.com\/positiveprintscom\/","https:\/\/www.tiktok.com\/@positiveprintscom","https:\/\/www.pinterest.com\/positiveprintscom\/"]}]}},"jetpack_sharing_enabled":true,"_links":{"self":[{"href":"https:\/\/positiveprints.com\/it\/wp-json\/wp\/v2\/product\/362707","targetHints":{"allow":["GET"]}}],"collection":[{"href":"https:\/\/positiveprints.com\/it\/wp-json\/wp\/v2\/product"}],"about":[{"href":"https:\/\/positiveprints.com\/it\/wp-json\/wp\/v2\/types\/product"}],"wp:featuredmedia":[{"embeddable":true,"href":"https:\/\/positiveprints.com\/it\/wp-json\/wp\/v2\/media\/631521"}],"wp:attachment":[{"href":"https:\/\/positiveprints.com\/it\/wp-json\/wp\/v2\/media?parent=362707"}],"wp:term":[{"taxonomy":"product_brand","embeddable":true,"href":"https:\/\/positiveprints.com\/it\/wp-json\/wp\/v2\/product_brand?post=362707"},{"taxonomy":"product_cat","embeddable":true,"href":"https:\/\/positiveprints.com\/it\/wp-json\/wp\/v2\/product_cat?post=362707"},{"taxonomy":"product_tag","embeddable":true,"href":"https:\/\/positiveprints.com\/it\/wp-json\/wp\/v2\/product_tag?post=362707"}],"curies":[{"name":"wp","href":"https:\/\/api.w.org\/{rel}","templated":true}]}}