{"id":362295,"date":"2022-10-28T18:29:26","date_gmt":"2022-10-28T17:29:26","guid":{"rendered":"https:\/\/positiveprints.com\/?post_type=product&#038;p=362295"},"modified":"2026-04-12T22:49:28","modified_gmt":"2026-04-12T21:49:28","slug":"foto-regalo-di-compleanno","status":"publish","type":"product","link":"https:\/\/positiveprints.com\/it\/prodotto\/foto-regalo-di-compleanno\/","title":{"rendered":"Foto Regalo per il Compleanno"},"content":{"rendered":"Ogni compleanno \u00e8 un traguardo unico, un giorno per celebrare un altro giro intorno al sole. Rendilo magico con un foto regalo personalizzato che celebra il ruolo speciale che hanno gli amici nella tua vita!\n\n<h2 class=\"grenB f24 cblue\" style=\"margin-top: 3rem;\">Celebra Ogni Compleanno con Stile<\/h2>\n\n<p style=\"margin-top: 1rem;\">Prima o poi, tutti arriviamo a chiederci \u201ccosa posso regalare a qualcuno che ha gi\u00e0 tutto o che non ha desideri particolari?\u201d. Un foto regalo potrebbe non essere nella loro lista dei desideri, ma rappresenta comunque un dono che apprezzeranno profondamente. \u00c8 un gesto personale e unico che dimostra l&#8217;attenzione che hai dedicato nella scelta. In fondo, un compleanno \u00e8 l&#8217;occasione ideale per celebrare una persona speciale nella tua vita, e quale regalo di compleanno pu\u00f2 essere migliore se non uno che ruota completamente intorno a loro?<\/p>\n\n<p style=\"margin-top: 1rem;\">Positive Prints ti offre la possibilit\u00e0 di celebrare le persone che ami tramite stampe personalizzate di alta qualit\u00e0, tutte progettate secondo le tue preferenze. Scegli le tue foto preferite di un membro della tua famiglia o di un caro amico (o ancora meglio, selezionane una in cui siete insieme!) e aggiungi un tocco personale scrivendo un testo che viene dal cuore, come citazioni, parole, strofe di una canzone o qualsiasi altra cosa capace di rendere il tuo regalo ancora pi\u00f9 profondo e speciale. \u00c8 un dono creato per sorprendere e che continueranno ad amare per tutta la vita!<\/p>\n\n\n\n<h2 class=\"grenB f24 cblue\" style=\"margin-top: 3rem;\">Come Funziona<\/h2>\n\n<p style=\"margin-top: 1rem;\">Positive Prints ti guida nella creazione di un regalo fotografico in soli 3 semplici passaggi!<\/p>\n\n<p style=\"margin-top: 1rem;\">Innanzitutto, scegli una foto e caricala nel nostro strumento di editing. Puoi scegliere tra le foto che hai nella galleria del tuo telefono, una foto digitale presa da Internet o una scansione di una foto stampata.<\/p>\n\n<p style=\"margin-top: 1rem;\">Ora puoi dare inizio alla personalizzazione. Parti dal testo! Sperimenta con i colori e i caratteri per rendere il tuo foto regalo davvero accattivante. E, cosa pi\u00f9 importante, non hai bisogno di essere un graphic designer per utilizzare Positive Prints!<\/p>\n\n<p style=\"margin-top: 1rem;\">Infine, seleziona tra un formato di stampa per completare la tua creazione. Puoi scegliere tra una stampa cartacea, una tela fotografica o, per una consegna istantanea, un file digitale. Tutte le nostre stampe cartacee vengono spedite in tutto il mondo e arrivano pronte per essere regalate alle persone che ami.<\/p>\n\n\n\n<h2 class=\"grenB f24 cblue\" style=\"margin-top: 3rem;\">Crea il Tuo Foto Regalo di Compleanno con Positive Prints<\/h2>\n\n<p style=\"margin-top: 1rem;\">Stai cercando il regalo di compleanno giusto per una persona importante? Crea un regalo fotografico e rendi la loro giornata ancora pi\u00f9 speciale.<\/p>","protected":false},"excerpt":{"rendered":"<ul class=\"check-list\">\n<li>Trasforma il compleanno di un amico speciale in un giorno indimenticabile: festeggia la storia della loro vita con un bellissimo foto regalo<\/li>\n<li>Aggiungi un testo personalizzato<\/li>\n<li>Personalizzala in 3 semplici passaggi<\/li>\n<li>Scegli un template o dai sfogo alla fantasia<\/li>\n<li>Guarda subito il risultato \u2013 l&#8217;anteprima interattiva ti permette di perfezionare ogni dettaglio<\/li>\n<\/ul>\n","protected":false},"featured_media":332939,"template":"","meta":[],"product_brand":[],"product_cat":[7499,5343,11215,11216,8008,7688],"product_tag":[15085,8466],"class_list":{"0":"post-362295","1":"product","2":"type-product","3":"status-publish","4":"has-post-thumbnail","6":"product_cat-foto-it","7":"product_cat-regali-di-compleanno","8":"product_cat-regali-di-compleanno-per-lei","9":"product_cat-regali-di-compleanno-per-lui","10":"product_cat-regali-da-uomo","11":"product_cat-regali-da-donna","12":"product_tag-birthday-de-it","13":"product_tag-birthday-it","15":"first","16":"instock","17":"sale","18":"taxable","19":"shipping-taxable","20":"purchasable","21":"product-type-variable"},"yoast_head":"<!-- This site is optimized with the Yoast SEO Premium plugin v27.2 (Yoast SEO v27.2) - https:\/\/yoast.com\/product\/yoast-seo-premium-wordpress\/ -->\n<title>Foto Regalo per il Compleanno - Positive Prints<\/title>\n<meta name=\"description\" content=\"Con una foto regalo puoi festeggiare ogni compleanno con stile! Personalizza la tua foto e inserisci un testo a tua scelta per creare un regalo unico e originale.\" \/>\n<meta name=\"robots\" content=\"index, follow, max-snippet:-1, max-image-preview:large, max-video-preview:-1\" \/>\n<link rel=\"canonical\" href=\"https:\/\/positiveprints.com\/it\/prodotto\/foto-regalo-di-compleanno\/\" \/>\n<meta property=\"og:locale\" content=\"it_IT\" \/>\n<meta property=\"og:type\" content=\"article\" \/>\n<meta property=\"og:title\" content=\"Foto Regalo per il Compleanno\" \/>\n<meta property=\"og:description\" content=\"Trasforma il compleanno di un amico speciale in un giorno indimenticabile: festeggia la storia della loro vita con un bellissimo foto regalo Aggiungi un testo personalizzato Personalizzala in 3 semplici passaggi Scegli un template o dai sfogo alla fantasia Guarda subito il risultato \u2013 l&#039;anteprima interattiva ti permette di perfezionare ogni dettaglio\" \/>\n<meta property=\"og:url\" content=\"https:\/\/positiveprints.com\/it\/prodotto\/foto-regalo-di-compleanno\/\" \/>\n<meta property=\"og:site_name\" content=\"Positive Prints\" \/>\n<meta property=\"article:publisher\" content=\"https:\/\/www.facebook.com\/positiveprintscom\" \/>\n<meta property=\"article:modified_time\" content=\"2026-04-12T21:49:28+00:00\" \/>\n<meta property=\"og:image\" content=\"https:\/\/positiveprints.com\/wp-content\/uploads\/2022\/08\/birthday-photo-gift.jpg\" \/>\n\t<meta property=\"og:image:width\" content=\"1080\" \/>\n\t<meta property=\"og:image:height\" content=\"1080\" \/>\n\t<meta property=\"og:image:type\" content=\"image\/jpeg\" \/>\n<meta name=\"twitter:card\" content=\"summary_large_image\" \/>\n<!-- \/ Yoast SEO Premium plugin. -->","yoast_head_json":{"title":"Foto Regalo per il Compleanno - Positive Prints","description":"Con una foto regalo puoi festeggiare ogni compleanno con stile! Personalizza la tua foto e inserisci un testo a tua scelta per creare un regalo unico e originale.","robots":{"index":"index","follow":"follow","max-snippet":"max-snippet:-1","max-image-preview":"max-image-preview:large","max-video-preview":"max-video-preview:-1"},"canonical":"https:\/\/positiveprints.com\/it\/prodotto\/foto-regalo-di-compleanno\/","og_locale":"it_IT","og_type":"article","og_title":"Foto Regalo per il Compleanno","og_description":"Trasforma il compleanno di un amico speciale in un giorno indimenticabile: festeggia la storia della loro vita con un bellissimo foto regalo Aggiungi un testo personalizzato Personalizzala in 3 semplici passaggi Scegli un template o dai sfogo alla fantasia Guarda subito il risultato \u2013 l'anteprima interattiva ti permette di perfezionare ogni dettaglio","og_url":"https:\/\/positiveprints.com\/it\/prodotto\/foto-regalo-di-compleanno\/","og_site_name":"Positive Prints","article_publisher":"https:\/\/www.facebook.com\/positiveprintscom","article_modified_time":"2026-04-12T21:49:28+00:00","og_image":[{"width":1080,"height":1080,"url":"https:\/\/positiveprints.com\/wp-content\/uploads\/2022\/08\/birthday-photo-gift.jpg","type":"image\/jpeg"}],"twitter_card":"summary_large_image","schema":{"@context":"https:\/\/schema.org","@graph":[{"@type":["WebPage","ItemPage"],"@id":"https:\/\/positiveprints.com\/it\/prodotto\/foto-regalo-di-compleanno\/","url":"https:\/\/positiveprints.com\/it\/prodotto\/foto-regalo-di-compleanno\/","name":"Foto Regalo per il Compleanno - Positive Prints","isPartOf":{"@id":"https:\/\/positiveprints.com\/it\/#website"},"primaryImageOfPage":{"@id":"https:\/\/positiveprints.com\/it\/prodotto\/foto-regalo-di-compleanno\/#primaryimage"},"image":{"@id":"https:\/\/positiveprints.com\/it\/prodotto\/foto-regalo-di-compleanno\/#primaryimage"},"thumbnailUrl":"https:\/\/positiveprints.com\/wp-content\/uploads\/2022\/08\/birthday-photo-gift.jpg","datePublished":"2022-10-28T17:29:26+00:00","dateModified":"2026-04-12T21:49:28+00:00","description":"Con una foto regalo puoi festeggiare ogni compleanno con stile! Personalizza la tua foto e inserisci un testo a tua scelta per creare un regalo unico e originale.","breadcrumb":{"@id":"https:\/\/positiveprints.com\/it\/prodotto\/foto-regalo-di-compleanno\/#breadcrumb"},"inLanguage":"it-IT","potentialAction":[{"@type":"ReadAction","target":["https:\/\/positiveprints.com\/it\/prodotto\/foto-regalo-di-compleanno\/"]}]},{"@type":"ImageObject","inLanguage":"it-IT","@id":"https:\/\/positiveprints.com\/it\/prodotto\/foto-regalo-di-compleanno\/#primaryimage","url":"https:\/\/positiveprints.com\/wp-content\/uploads\/2022\/08\/birthday-photo-gift.jpg","contentUrl":"https:\/\/positiveprints.com\/wp-content\/uploads\/2022\/08\/birthday-photo-gift.jpg","width":1080,"height":1080,"caption":"Bring a birthday photo gift to the party and help them enjoy their special day."},{"@type":"BreadcrumbList","@id":"https:\/\/positiveprints.com\/it\/prodotto\/foto-regalo-di-compleanno\/#breadcrumb","itemListElement":[{"@type":"ListItem","position":1,"name":"Home","item":"https:\/\/positiveprints.com\/it\/"},{"@type":"ListItem","position":2,"name":"Prodotti","item":"https:\/\/positiveprints.com\/it\/shop\/"},{"@type":"ListItem","position":3,"name":"Foto Regalo per il Compleanno"}]},{"@type":"WebSite","@id":"https:\/\/positiveprints.com\/it\/#website","url":"https:\/\/positiveprints.com\/it\/","name":"Positive Prints","description":"Amazing Custom Personalized Gifts","publisher":{"@id":"https:\/\/positiveprints.com\/it\/#organization"},"potentialAction":[{"@type":"SearchAction","target":{"@type":"EntryPoint","urlTemplate":"https:\/\/positiveprints.com\/it\/?s={search_term_string}"},"query-input":{"@type":"PropertyValueSpecification","valueRequired":true,"valueName":"search_term_string"}}],"inLanguage":"it-IT"},{"@type":"Organization","@id":"https:\/\/positiveprints.com\/it\/#organization","name":"Positive Prints","alternateName":"Positive Prints","url":"https:\/\/positiveprints.com\/it\/","logo":{"@type":"ImageObject","inLanguage":"it-IT","@id":"https:\/\/positiveprints.com\/it\/#\/schema\/logo\/image\/","url":"https:\/\/positiveprints.com\/wp-content\/uploads\/2026\/03\/245815646_1337939713319158_5671353136411139666_n.png","contentUrl":"https:\/\/positiveprints.com\/wp-content\/uploads\/2026\/03\/245815646_1337939713319158_5671353136411139666_n.png","width":800,"height":800,"caption":"Positive Prints"},"image":{"@id":"https:\/\/positiveprints.com\/it\/#\/schema\/logo\/image\/"},"sameAs":["https:\/\/www.facebook.com\/positiveprintscom","https:\/\/www.instagram.com\/positiveprintscom\/","https:\/\/www.tiktok.com\/@positiveprintscom","https:\/\/www.pinterest.com\/positiveprintscom\/"]}]}},"jetpack_sharing_enabled":true,"_links":{"self":[{"href":"https:\/\/positiveprints.com\/it\/wp-json\/wp\/v2\/product\/362295","targetHints":{"allow":["GET"]}}],"collection":[{"href":"https:\/\/positiveprints.com\/it\/wp-json\/wp\/v2\/product"}],"about":[{"href":"https:\/\/positiveprints.com\/it\/wp-json\/wp\/v2\/types\/product"}],"wp:featuredmedia":[{"embeddable":true,"href":"https:\/\/positiveprints.com\/it\/wp-json\/wp\/v2\/media\/332939"}],"wp:attachment":[{"href":"https:\/\/positiveprints.com\/it\/wp-json\/wp\/v2\/media?parent=362295"}],"wp:term":[{"taxonomy":"product_brand","embeddable":true,"href":"https:\/\/positiveprints.com\/it\/wp-json\/wp\/v2\/product_brand?post=362295"},{"taxonomy":"product_cat","embeddable":true,"href":"https:\/\/positiveprints.com\/it\/wp-json\/wp\/v2\/product_cat?post=362295"},{"taxonomy":"product_tag","embeddable":true,"href":"https:\/\/positiveprints.com\/it\/wp-json\/wp\/v2\/product_tag?post=362295"}],"curies":[{"name":"wp","href":"https:\/\/api.w.org\/{rel}","templated":true}]}}