{"id":362155,"date":"2022-10-28T14:38:33","date_gmt":"2022-10-28T13:38:33","guid":{"rendered":"https:\/\/positiveprints.com\/?post_type=product&#038;p=362155"},"modified":"2026-04-12T22:50:38","modified_gmt":"2026-04-12T21:50:38","slug":"onda-sonora-di-buon-compleanno","status":"publish","type":"product","link":"https:\/\/positiveprints.com\/it\/prodotto\/onda-sonora-di-buon-compleanno\/","title":{"rendered":"Onda Sonora di Buon Compleanno"},"content":{"rendered":"<p>Buon compleanno \u2014 \u00e8 un augurio che avrai sentito innumerevoli volte. Ma ha un significato molto pi\u00f9 profondo quando proviene dalle persone pi\u00f9 speciali della tua vita. Trasforma le loro voci in un tesoro da custodire per sempre con l\u2019Onda Sonora di Buon Compleanno.<\/p>\n\n\n\n\n\n<h2 class=\"grenB f24 cblue\" style=\"margin-top: 3rem\">Gli Auguri di Compleanno che Ricorderai per Sempre<\/h2>\n\n\n\n<p style=\"margin-top: 1rem\">Ogni compleanno \u00e8 speciale. E non \u00e8 solo perch\u00e9 hai completato un altro giro intorno al sole. Ma perch\u00e9 hai la possibilit\u00e0 di festeggiarlo con le persone che ami di pi\u00f9. Ecco perch\u00e9 non c&#8217;\u00e8 regalo migliore della nostra Onda Sonora di Buon Compleanno.<\/p>\n\n\n\n<p style=\"margin-top: 1rem\">Prendiamo la registrazione di una persona a cui vuoi bene che dice \u201cBuon Compleanno\u201d (o che canta l\u2019intera canzoncina!) e la trasformiamo in una piccola opera d\u2019arte personalizzata. Ogni volta che desideri ascoltare quella voce, basta scansionare il codice QR e ascoltare l\u2019onda sonora. In questo modo, anche quando non puoi festeggiare il compleanno insieme ai tuoi cari, l\u2019Onda Sonora di Buon Compleanno conserva le loro voci e tutti i loro migliori auguri per ricordarti che sono sempre vicino a te.<\/p>\n\n\n\n\n\n<h2 class=\"grenB f24 cblue\" style=\"margin-top: 3rem\">Il Modo Pi\u00f9 Originale per Augurare Buon Compleanno<\/h2>\n\n\n\n<p style=\"margin-top: 1rem\">Con Positive Prints, trasformare un suono in un\u2019opera d\u2019arte visiva \u00e8 semplicissimo. Abbiamo sviluppato la nostra tecnologia appositamente per questo, in modo che tu possa creare un tesoro di famiglia destinato a durare generazione dopo generazione. Tutto ci\u00f2 che devi fare \u00e8 caricare un file audio e osservare la tua onda sonora prendere vita sotto i tuoi occhi.<\/p>\n\n\n\n<p style=\"margin-top: 1rem\">Seleziona uno dei modelli progettati dai nostri designer per donare colore e contesto alla tua onda sonora. Personalizza ulteriormente il tuo regalo includendo una didascalia o aggiungendo del testo che racconti la tua storia. Infine, scegli il formato che preferisci per la tua stampa \u2014 un elegante poster cartaceo, una romantica stampa su tela o un file digitale istantaneo. Non esiste dono personalizzato pi\u00f9 significativo per far sentire vicine le persone a cui vuoi bene, anche se non sono pi\u00f9 qui per festeggiare il tuo compleanno con te.<\/p>\n\n\n\n<h2 class=\"grenB f24 cblue\" style=\"margin-top: 3rem\">Il Miglior Regalo Personalizzato di Buon Compleanno<\/h2>\n\n\n\n<p style=\"margin-top: 1rem\">Cattura ogni dettaglio di una persona importante per te con la nostra Onda Sonora di Buon Compleanno. \u00c8 un regalo capace di emozionare per anni. Personalizzalo secondo i tuoi desideri e regala un dono destinato a durare tutta la vita. Comincia da qui.<\/p>","protected":false},"excerpt":{"rendered":"<ul class=\"check-list\">\n<li>Sorprendi amici e famiglia con un regalo unico e sincero che cattura il meglio degli anni trascorsi<\/li>\n<li>Carica semplicemente un file audio<\/li>\n<li>Aggiungi un codice QR e usalo per riprodurre la tua canzone preferita\n<li>Personalizzala in 3 semplici passaggi<\/li>\n<li>Scegli un template o dai sfogo alla fantasia<\/li>\n<\/ul>\n","protected":false},"featured_media":982591,"template":"","meta":[],"product_brand":[],"product_cat":[5343,11215,11216,7481],"product_tag":[15085,8466],"class_list":{"0":"post-362155","1":"product","2":"type-product","3":"status-publish","4":"has-post-thumbnail","6":"product_cat-regali-di-compleanno","7":"product_cat-regali-di-compleanno-per-lei","8":"product_cat-regali-di-compleanno-per-lui","9":"product_cat-onda-sonora-it","10":"product_tag-birthday-de-it","11":"product_tag-birthday-it","13":"first","14":"instock","15":"sale","16":"taxable","17":"shipping-taxable","18":"purchasable","19":"product-type-variable"},"yoast_head":"<!-- This site is optimized with the Yoast SEO Premium plugin v27.2 (Yoast SEO v27.2) - https:\/\/yoast.com\/product\/yoast-seo-premium-wordpress\/ -->\n<title>Onda Sonora di Buon Compleanno - Positive Prints<\/title>\n<meta name=\"description\" content=\"Anche se non riesci a partecipare alla festa di compleanno di una persona a cui vuoi bene, puoi sempre dimostrarle il tuo affetto con un\u2019Onda Sonora di Buon Compleanno. Scopri di pi\u00f9.\" \/>\n<meta name=\"robots\" content=\"index, follow, max-snippet:-1, max-image-preview:large, max-video-preview:-1\" \/>\n<link rel=\"canonical\" href=\"https:\/\/positiveprints.com\/it\/prodotto\/onda-sonora-di-buon-compleanno\/\" \/>\n<meta property=\"og:locale\" content=\"it_IT\" \/>\n<meta property=\"og:type\" content=\"article\" \/>\n<meta property=\"og:title\" content=\"Onda Sonora di Buon Compleanno\" \/>\n<meta property=\"og:description\" content=\"Sorprendi amici e famiglia con un regalo unico e sincero che cattura il meglio degli anni trascorsi Carica semplicemente un file audio Aggiungi un codice QR e usalo per riprodurre la tua canzone preferita Personalizzala in 3 semplici passaggi Scegli un template o dai sfogo alla fantasia\" \/>\n<meta property=\"og:url\" content=\"https:\/\/positiveprints.com\/it\/prodotto\/onda-sonora-di-buon-compleanno\/\" \/>\n<meta property=\"og:site_name\" content=\"Positive Prints\" \/>\n<meta property=\"article:publisher\" content=\"https:\/\/www.facebook.com\/positiveprintscom\" \/>\n<meta property=\"article:modified_time\" content=\"2026-04-12T21:50:38+00:00\" \/>\n<meta property=\"og:image\" content=\"https:\/\/positiveprints.com\/wp-content\/uploads\/2023\/10\/Onda-Sonora-di-Buon-Compleanno.jpg\" \/>\n\t<meta property=\"og:image:width\" content=\"1080\" \/>\n\t<meta property=\"og:image:height\" content=\"1080\" \/>\n\t<meta property=\"og:image:type\" content=\"image\/jpeg\" \/>\n<meta name=\"twitter:card\" content=\"summary_large_image\" \/>\n<!-- \/ Yoast SEO Premium plugin. -->","yoast_head_json":{"title":"Onda Sonora di Buon Compleanno - Positive Prints","description":"Anche se non riesci a partecipare alla festa di compleanno di una persona a cui vuoi bene, puoi sempre dimostrarle il tuo affetto con un\u2019Onda Sonora di Buon Compleanno. Scopri di pi\u00f9.","robots":{"index":"index","follow":"follow","max-snippet":"max-snippet:-1","max-image-preview":"max-image-preview:large","max-video-preview":"max-video-preview:-1"},"canonical":"https:\/\/positiveprints.com\/it\/prodotto\/onda-sonora-di-buon-compleanno\/","og_locale":"it_IT","og_type":"article","og_title":"Onda Sonora di Buon Compleanno","og_description":"Sorprendi amici e famiglia con un regalo unico e sincero che cattura il meglio degli anni trascorsi Carica semplicemente un file audio Aggiungi un codice QR e usalo per riprodurre la tua canzone preferita Personalizzala in 3 semplici passaggi Scegli un template o dai sfogo alla fantasia","og_url":"https:\/\/positiveprints.com\/it\/prodotto\/onda-sonora-di-buon-compleanno\/","og_site_name":"Positive Prints","article_publisher":"https:\/\/www.facebook.com\/positiveprintscom","article_modified_time":"2026-04-12T21:50:38+00:00","og_image":[{"width":1080,"height":1080,"url":"https:\/\/positiveprints.com\/wp-content\/uploads\/2023\/10\/Onda-Sonora-di-Buon-Compleanno.jpg","type":"image\/jpeg"}],"twitter_card":"summary_large_image","schema":{"@context":"https:\/\/schema.org","@graph":[{"@type":["WebPage","ItemPage"],"@id":"https:\/\/positiveprints.com\/it\/prodotto\/onda-sonora-di-buon-compleanno\/","url":"https:\/\/positiveprints.com\/it\/prodotto\/onda-sonora-di-buon-compleanno\/","name":"Onda Sonora di Buon Compleanno - Positive Prints","isPartOf":{"@id":"https:\/\/positiveprints.com\/it\/#website"},"primaryImageOfPage":{"@id":"https:\/\/positiveprints.com\/it\/prodotto\/onda-sonora-di-buon-compleanno\/#primaryimage"},"image":{"@id":"https:\/\/positiveprints.com\/it\/prodotto\/onda-sonora-di-buon-compleanno\/#primaryimage"},"thumbnailUrl":"https:\/\/positiveprints.com\/wp-content\/uploads\/2023\/10\/Onda-Sonora-di-Buon-Compleanno.jpg","datePublished":"2022-10-28T13:38:33+00:00","dateModified":"2026-04-12T21:50:38+00:00","description":"Anche se non riesci a partecipare alla festa di compleanno di una persona a cui vuoi bene, puoi sempre dimostrarle il tuo affetto con un\u2019Onda Sonora di Buon Compleanno. Scopri di pi\u00f9.","breadcrumb":{"@id":"https:\/\/positiveprints.com\/it\/prodotto\/onda-sonora-di-buon-compleanno\/#breadcrumb"},"inLanguage":"it-IT","potentialAction":[{"@type":"ReadAction","target":["https:\/\/positiveprints.com\/it\/prodotto\/onda-sonora-di-buon-compleanno\/"]}]},{"@type":"ImageObject","inLanguage":"it-IT","@id":"https:\/\/positiveprints.com\/it\/prodotto\/onda-sonora-di-buon-compleanno\/#primaryimage","url":"https:\/\/positiveprints.com\/wp-content\/uploads\/2023\/10\/Onda-Sonora-di-Buon-Compleanno.jpg","contentUrl":"https:\/\/positiveprints.com\/wp-content\/uploads\/2023\/10\/Onda-Sonora-di-Buon-Compleanno.jpg","width":1080,"height":1080,"caption":"v"},{"@type":"BreadcrumbList","@id":"https:\/\/positiveprints.com\/it\/prodotto\/onda-sonora-di-buon-compleanno\/#breadcrumb","itemListElement":[{"@type":"ListItem","position":1,"name":"Home","item":"https:\/\/positiveprints.com\/it\/"},{"@type":"ListItem","position":2,"name":"Prodotti","item":"https:\/\/positiveprints.com\/it\/shop\/"},{"@type":"ListItem","position":3,"name":"Onda Sonora di Buon Compleanno"}]},{"@type":"WebSite","@id":"https:\/\/positiveprints.com\/it\/#website","url":"https:\/\/positiveprints.com\/it\/","name":"Positive Prints","description":"Amazing Custom Personalized Gifts","publisher":{"@id":"https:\/\/positiveprints.com\/it\/#organization"},"potentialAction":[{"@type":"SearchAction","target":{"@type":"EntryPoint","urlTemplate":"https:\/\/positiveprints.com\/it\/?s={search_term_string}"},"query-input":{"@type":"PropertyValueSpecification","valueRequired":true,"valueName":"search_term_string"}}],"inLanguage":"it-IT"},{"@type":"Organization","@id":"https:\/\/positiveprints.com\/it\/#organization","name":"Positive Prints","alternateName":"Positive Prints","url":"https:\/\/positiveprints.com\/it\/","logo":{"@type":"ImageObject","inLanguage":"it-IT","@id":"https:\/\/positiveprints.com\/it\/#\/schema\/logo\/image\/","url":"https:\/\/positiveprints.com\/wp-content\/uploads\/2026\/03\/245815646_1337939713319158_5671353136411139666_n.png","contentUrl":"https:\/\/positiveprints.com\/wp-content\/uploads\/2026\/03\/245815646_1337939713319158_5671353136411139666_n.png","width":800,"height":800,"caption":"Positive Prints"},"image":{"@id":"https:\/\/positiveprints.com\/it\/#\/schema\/logo\/image\/"},"sameAs":["https:\/\/www.facebook.com\/positiveprintscom","https:\/\/www.instagram.com\/positiveprintscom\/","https:\/\/www.tiktok.com\/@positiveprintscom","https:\/\/www.pinterest.com\/positiveprintscom\/"]}]}},"jetpack_sharing_enabled":true,"_links":{"self":[{"href":"https:\/\/positiveprints.com\/it\/wp-json\/wp\/v2\/product\/362155","targetHints":{"allow":["GET"]}}],"collection":[{"href":"https:\/\/positiveprints.com\/it\/wp-json\/wp\/v2\/product"}],"about":[{"href":"https:\/\/positiveprints.com\/it\/wp-json\/wp\/v2\/types\/product"}],"wp:featuredmedia":[{"embeddable":true,"href":"https:\/\/positiveprints.com\/it\/wp-json\/wp\/v2\/media\/982591"}],"wp:attachment":[{"href":"https:\/\/positiveprints.com\/it\/wp-json\/wp\/v2\/media?parent=362155"}],"wp:term":[{"taxonomy":"product_brand","embeddable":true,"href":"https:\/\/positiveprints.com\/it\/wp-json\/wp\/v2\/product_brand?post=362155"},{"taxonomy":"product_cat","embeddable":true,"href":"https:\/\/positiveprints.com\/it\/wp-json\/wp\/v2\/product_cat?post=362155"},{"taxonomy":"product_tag","embeddable":true,"href":"https:\/\/positiveprints.com\/it\/wp-json\/wp\/v2\/product_tag?post=362155"}],"curies":[{"name":"wp","href":"https:\/\/api.w.org\/{rel}","templated":true}]}}