{"id":362123,"date":"2022-10-28T13:54:45","date_gmt":"2022-10-28T12:54:45","guid":{"rendered":"https:\/\/positiveprints.com\/?post_type=product&#038;p=362123"},"modified":"2026-04-18T06:25:08","modified_gmt":"2026-04-18T05:25:08","slug":"ha-detto-si","status":"publish","type":"product","link":"https:\/\/positiveprints.com\/it\/prodotto\/ha-detto-si\/","title":{"rendered":"Ha Detto S\u00ec"},"content":{"rendered":"Non c&#8217;\u00e8 gioia pi\u00f9 grande che ricevere una proposta di matrimonio. Trovare la persona che conquista il tuo cuore non \u00e8 affatto un\u2019impresa semplice. Quando fai quella fatidica domanda e la tua anima gemella ti risponde con un s\u00ec, \u00e8 il momento di celebrare questo importante passo con una stampa personalizzata &#8220;Ha Detto S\u00ec\u201d di Positive Prints.\r\n<h2 class=\"grenB f24 cblue\" style=\"margin-top: 3rem;\">Ha Detto S\u00ec<\/h2>\r\n<p style=\"margin-top: 1rem;\">Quando fai la tua proposta e la tua dolce met\u00e0 risponde con un s\u00ec, vorresti farlo sapere al mondo intero! O, almeno, alla tua famiglia e ai vostri pi\u00f9 cari amici. Abbiamo creato questa romantica stampa \u201cHa Detto Si\u201d per aiutarvi a catturare uno dei momenti pi\u00f9 felici della vostra vita.<\/p>\r\n<p style=\"margin-top: 1rem;\">Le nostre stampe di alta qualit\u00e0 su poster e tela donano un tocco personalizzato a qualsiasi parete della tua casa e condividono con gli altri la vostra storia d\u2019amore. Celebra il vostro fidanzamento e anticipa con gioia il prossimo capitolo della vostra vita insieme.<\/p>\r\n\r\n<h2 class=\"grenB f24 cblue\" style=\"margin-top: 3rem;\">Aggiungi un Testo Personalizzato o Qualsiasi Altro Dettaglio per Rendere la Stampa Ancora Pi\u00f9 Speciale<\/h2>\r\n<p style=\"margin-top: 1rem;\">Con le nostre stampe personalizzabili hai la possibilit\u00e0 di caricare le tue foto preferite. Aggiungi la data in cui c\u2019\u00e8 stata la romantica proposta, la data dell\u2019imminente matrimonio, il cognome che condividerete \u2014 o qualsiasi altra cosa che possa rendere il tuo foto regalo ancora pi\u00f9 speciale.<\/p>\r\n<p style=\"margin-top: 1rem;\">Queste stampe sono un regalo ideale per festeggiare fidanzamenti ufficiali o feste pre-matrimoniali, oppure come dono di fidanzamento per i futuri sposini. Possono anche fungere da prima opera d\u2019arte da appendere nella nuova casa che state costruendo insieme, contribuendo a creare le solide basi di una storia d\u2019amore destinata a durare per tutta la vita.<\/p>\r\n\r\n<h2 class=\"grenB f24 cblue\" style=\"margin-top: 3rem;\">Dai Inizio a un Nuovo Capitolo Della Tua Vita<\/h2>\r\n<p style=\"margin-top: 1rem;\">Un fidanzamento ufficiale rappresenta solo il prossimo tassello di una vita colma di amore, gioia e risate. Non lasciarti sfuggire l&#8217;opportunit\u00e0 di immortalare questi momenti unici mentre vi preparate ad affrontare il prossimo emozionante capitolo della vostra storia insieme. Creare la vostra stampa \u201cHa Detto Si\u201d con Positive Prints \u00e8 il modo perfetto per iniziare \u2014 cosa aspetti, comincia subito!<\/p>","protected":false},"excerpt":{"rendered":"<ul class=\"check-list\">\n<li>Celebra, ricorda e condividi per sempre l\u2019amore e l\u2019impegno che c\u2019\u00e8 nella tua storia d\u2019amore<\/li>\n<li>Aggiungi un testo personalizzato<\/li>\n<li>Personalizzala in 3 semplici passaggi<\/li>\n<li>Scegli un template o dai sfogo alla fantasia<\/li>\n<li>Guarda subito il risultato \u2013 l&#8217;anteprima interattiva ti permette di perfezionare ogni dettaglio<\/li>\n<\/ul>\n","protected":false},"featured_media":338963,"template":"","meta":[],"product_brand":[],"product_cat":[7499,5281,7928],"product_tag":[9745],"class_list":{"0":"post-362123","1":"product","2":"type-product","3":"status-publish","4":"has-post-thumbnail","6":"product_cat-foto-it","7":"product_cat-regali-di-fidanzamento","8":"product_cat-regali-per-laddio-al-nubilato","9":"product_tag-fidanzamento","11":"first","12":"instock","13":"sale","14":"taxable","15":"shipping-taxable","16":"purchasable","17":"product-type-variable"},"yoast_head":"<!-- This site is optimized with the Yoast SEO Premium plugin v27.2 (Yoast SEO v27.2) - https:\/\/yoast.com\/product\/yoast-seo-premium-wordpress\/ -->\n<title>Ha Detto S\u00ec - Positive Prints<\/title>\n<meta name=\"description\" content=\"\u00c8 arrivata la proposta o hai ricevuto il grande \u201cS\u00ec\u201d? Crea un poster personalizzato utilizzando una tua foto e festeggia l\u2019inizio di una nuovo capitolo della vita con Positive Prints!\" \/>\n<meta name=\"robots\" content=\"index, follow, max-snippet:-1, max-image-preview:large, max-video-preview:-1\" \/>\n<link rel=\"canonical\" href=\"https:\/\/positiveprints.com\/it\/prodotto\/ha-detto-si\/\" \/>\n<meta property=\"og:locale\" content=\"it_IT\" \/>\n<meta property=\"og:type\" content=\"article\" \/>\n<meta property=\"og:title\" content=\"Ha Detto S\u00ec\" \/>\n<meta property=\"og:description\" content=\"Celebra, ricorda e condividi per sempre l\u2019amore e l\u2019impegno che c\u2019\u00e8 nella tua storia d\u2019amore Aggiungi un testo personalizzato Personalizzala in 3 semplici passaggi Scegli un template o dai sfogo alla fantasia Guarda subito il risultato \u2013 l&#039;anteprima interattiva ti permette di perfezionare ogni dettaglio\" \/>\n<meta property=\"og:url\" content=\"https:\/\/positiveprints.com\/it\/prodotto\/ha-detto-si\/\" \/>\n<meta property=\"og:site_name\" content=\"Positive Prints\" \/>\n<meta property=\"article:publisher\" content=\"https:\/\/www.facebook.com\/positiveprintscom\" \/>\n<meta property=\"article:modified_time\" content=\"2026-04-18T05:25:08+00:00\" \/>\n<meta property=\"og:image\" content=\"https:\/\/positiveprints.com\/wp-content\/uploads\/2022\/08\/he-asked-she-said.jpg\" \/>\n\t<meta property=\"og:image:width\" content=\"1080\" \/>\n\t<meta property=\"og:image:height\" content=\"1080\" \/>\n\t<meta property=\"og:image:type\" content=\"image\/jpeg\" \/>\n<meta name=\"twitter:card\" content=\"summary_large_image\" \/>\n<!-- \/ Yoast SEO Premium plugin. -->","yoast_head_json":{"title":"Ha Detto S\u00ec - Positive Prints","description":"\u00c8 arrivata la proposta o hai ricevuto il grande \u201cS\u00ec\u201d? Crea un poster personalizzato utilizzando una tua foto e festeggia l\u2019inizio di una nuovo capitolo della vita con Positive Prints!","robots":{"index":"index","follow":"follow","max-snippet":"max-snippet:-1","max-image-preview":"max-image-preview:large","max-video-preview":"max-video-preview:-1"},"canonical":"https:\/\/positiveprints.com\/it\/prodotto\/ha-detto-si\/","og_locale":"it_IT","og_type":"article","og_title":"Ha Detto S\u00ec","og_description":"Celebra, ricorda e condividi per sempre l\u2019amore e l\u2019impegno che c\u2019\u00e8 nella tua storia d\u2019amore Aggiungi un testo personalizzato Personalizzala in 3 semplici passaggi Scegli un template o dai sfogo alla fantasia Guarda subito il risultato \u2013 l'anteprima interattiva ti permette di perfezionare ogni dettaglio","og_url":"https:\/\/positiveprints.com\/it\/prodotto\/ha-detto-si\/","og_site_name":"Positive Prints","article_publisher":"https:\/\/www.facebook.com\/positiveprintscom","article_modified_time":"2026-04-18T05:25:08+00:00","og_image":[{"width":1080,"height":1080,"url":"https:\/\/positiveprints.com\/wp-content\/uploads\/2022\/08\/he-asked-she-said.jpg","type":"image\/jpeg"}],"twitter_card":"summary_large_image","schema":{"@context":"https:\/\/schema.org","@graph":[{"@type":["WebPage","ItemPage"],"@id":"https:\/\/positiveprints.com\/it\/prodotto\/ha-detto-si\/","url":"https:\/\/positiveprints.com\/it\/prodotto\/ha-detto-si\/","name":"Ha Detto S\u00ec - Positive Prints","isPartOf":{"@id":"https:\/\/positiveprints.com\/it\/#website"},"primaryImageOfPage":{"@id":"https:\/\/positiveprints.com\/it\/prodotto\/ha-detto-si\/#primaryimage"},"image":{"@id":"https:\/\/positiveprints.com\/it\/prodotto\/ha-detto-si\/#primaryimage"},"thumbnailUrl":"https:\/\/positiveprints.com\/wp-content\/uploads\/2022\/08\/he-asked-she-said.jpg","datePublished":"2022-10-28T12:54:45+00:00","dateModified":"2026-04-18T05:25:08+00:00","description":"\u00c8 arrivata la proposta o hai ricevuto il grande \u201cS\u00ec\u201d? Crea un poster personalizzato utilizzando una tua foto e festeggia l\u2019inizio di una nuovo capitolo della vita con Positive Prints!","breadcrumb":{"@id":"https:\/\/positiveprints.com\/it\/prodotto\/ha-detto-si\/#breadcrumb"},"inLanguage":"it-IT","potentialAction":[{"@type":"ReadAction","target":["https:\/\/positiveprints.com\/it\/prodotto\/ha-detto-si\/"]}]},{"@type":"ImageObject","inLanguage":"it-IT","@id":"https:\/\/positiveprints.com\/it\/prodotto\/ha-detto-si\/#primaryimage","url":"https:\/\/positiveprints.com\/wp-content\/uploads\/2022\/08\/he-asked-she-said.jpg","contentUrl":"https:\/\/positiveprints.com\/wp-content\/uploads\/2022\/08\/he-asked-she-said.jpg","width":1080,"height":1080,"caption":"He asked, and she said yes!"},{"@type":"BreadcrumbList","@id":"https:\/\/positiveprints.com\/it\/prodotto\/ha-detto-si\/#breadcrumb","itemListElement":[{"@type":"ListItem","position":1,"name":"Home","item":"https:\/\/positiveprints.com\/it\/"},{"@type":"ListItem","position":2,"name":"Prodotti","item":"https:\/\/positiveprints.com\/it\/shop\/"},{"@type":"ListItem","position":3,"name":"Ha Detto S\u00ec"}]},{"@type":"WebSite","@id":"https:\/\/positiveprints.com\/it\/#website","url":"https:\/\/positiveprints.com\/it\/","name":"Positive Prints","description":"Amazing Custom Personalized Gifts","publisher":{"@id":"https:\/\/positiveprints.com\/it\/#organization"},"potentialAction":[{"@type":"SearchAction","target":{"@type":"EntryPoint","urlTemplate":"https:\/\/positiveprints.com\/it\/?s={search_term_string}"},"query-input":{"@type":"PropertyValueSpecification","valueRequired":true,"valueName":"search_term_string"}}],"inLanguage":"it-IT"},{"@type":"Organization","@id":"https:\/\/positiveprints.com\/it\/#organization","name":"Positive Prints","alternateName":"Positive Prints","url":"https:\/\/positiveprints.com\/it\/","logo":{"@type":"ImageObject","inLanguage":"it-IT","@id":"https:\/\/positiveprints.com\/it\/#\/schema\/logo\/image\/","url":"https:\/\/positiveprints.com\/wp-content\/uploads\/2026\/03\/245815646_1337939713319158_5671353136411139666_n.png","contentUrl":"https:\/\/positiveprints.com\/wp-content\/uploads\/2026\/03\/245815646_1337939713319158_5671353136411139666_n.png","width":800,"height":800,"caption":"Positive Prints"},"image":{"@id":"https:\/\/positiveprints.com\/it\/#\/schema\/logo\/image\/"},"sameAs":["https:\/\/www.facebook.com\/positiveprintscom","https:\/\/www.instagram.com\/positiveprintscom\/","https:\/\/www.tiktok.com\/@positiveprintscom","https:\/\/www.pinterest.com\/positiveprintscom\/"]}]}},"jetpack_sharing_enabled":true,"_links":{"self":[{"href":"https:\/\/positiveprints.com\/it\/wp-json\/wp\/v2\/product\/362123","targetHints":{"allow":["GET"]}}],"collection":[{"href":"https:\/\/positiveprints.com\/it\/wp-json\/wp\/v2\/product"}],"about":[{"href":"https:\/\/positiveprints.com\/it\/wp-json\/wp\/v2\/types\/product"}],"wp:featuredmedia":[{"embeddable":true,"href":"https:\/\/positiveprints.com\/it\/wp-json\/wp\/v2\/media\/338963"}],"wp:attachment":[{"href":"https:\/\/positiveprints.com\/it\/wp-json\/wp\/v2\/media?parent=362123"}],"wp:term":[{"taxonomy":"product_brand","embeddable":true,"href":"https:\/\/positiveprints.com\/it\/wp-json\/wp\/v2\/product_brand?post=362123"},{"taxonomy":"product_cat","embeddable":true,"href":"https:\/\/positiveprints.com\/it\/wp-json\/wp\/v2\/product_cat?post=362123"},{"taxonomy":"product_tag","embeddable":true,"href":"https:\/\/positiveprints.com\/it\/wp-json\/wp\/v2\/product_tag?post=362123"}],"curies":[{"name":"wp","href":"https:\/\/api.w.org\/{rel}","templated":true}]}}