{"id":362063,"date":"2022-10-28T12:32:15","date_gmt":"2022-10-28T11:32:15","guid":{"rendered":"https:\/\/positiveprints.com\/?post_type=product&#038;p=362063"},"modified":"2026-04-03T03:25:15","modified_gmt":"2026-04-03T02:25:15","slug":"onda-sonora-delle-promesse-nuziali","status":"publish","type":"product","link":"https:\/\/positiveprints.com\/it\/prodotto\/onda-sonora-delle-promesse-nuziali\/","title":{"rendered":"Onda Sonora delle Promesse Nuziali"},"content":{"rendered":"<p>Desideri poter rivivere alcuni dei momenti pi\u00f9 belli del tuo giorno di nozze? Con l\u2019Onda Sonora delle Promesse Nuziali di Positive Prints puoi farlo!<\/p>\r\n\r\n\r\n<h2 class=\"grenB f24 cblue\" style=\"margin-top: 3rem\">Regala un Dono Emozionante e Originale<\/h2>\r\n\r\n<p style=\"margin-top: 1rem\">Il tuo matrimonio \u00e8 stato uno dei giorni pi\u00f9 belli della tua vita, senza ombra di dubbio. Ora puoi conservare uno dei momenti pi\u00f9 significativi di quel giorno per sempre \u2014 il suono delle tue promesse. La nostra onda sonora personalizzata, infatti, trasforma il tuo file audio in una bellissima rappresentazione visiva. Il risultato \u00e8 talmente dettagliato che potrai riascoltare il suono dell\u2019onda sonora ogni volta che vorrai. Cattura le tue promesse di matrimonio ed esponili sulle pareti della vostra casa in uno dei modi pi\u00f9 originali possibili.<\/p>\r\n\r\n\r\n<h2 class=\"grenB f24 cblue\" style=\"margin-top: 3rem\">Come Funziona<\/h2>\r\n\r\n<p style=\"margin-top: 1rem\">Con l\u2019editor online di onde sonore, Positive Prints ha il potere di trasformarti in un vero artista. Non devi far altro che caricare il tuo file audio e lasciarti guidare dalla nostra tecnologia. Personalizza la tua onda sonora utilizzando un modello predefinito e una palette di colori. Aggiungi una frase per dare un po\u2019 di contesto, come la data delle vostre nozze, una citazione e molto altro.<\/p>\r\n\r\n<p style=\"margin-top: 1rem\">Infine, scegli se ordinare la stampa della tua onda sonora su carta di alta qualit\u00e0 o su tela. Oppure, per una consegna pi\u00f9 rapida, opta per il file digitale e fai stampare la tua piccola opera d&#8217;arte nella tua tipografia di fiducia.<\/p>\r\n\r\n<h2 class=\"grenB f24 cblue\" style=\"margin-top: 3rem\">Il Miglior Regalo di Anniversario di Matrimonio<\/h2>\r\n\r\n<p style=\"margin-top: 1rem\">Rivivi il tuo matrimonio, ogni giorno. Con i nostri regali personalizzati, le tue promesse di matrimonio possono trasformarsi in un dono per sorprendere una coppia di sposi o sposini. Custodisci le vostre promesse nel tempo e lascia che siano un prezioso esempio di ci\u00f2 che il vero amore rappresenta. E tutto questo pu\u00f2 iniziare proprio da qui.<\/p>","protected":false},"excerpt":{"rendered":"<ul class=\"check-list\">\n<li>Trasforma le tue promesse di matrimonio in un\u2019onda sonora riproducibile<\/li>\n<li>Carica un file audio o incolla un link da YouTube<\/li>\n<li>Aggiungi un codice QR e usalo per riprodurre la tua canzone preferita\n<li>Personalizzala in 3 semplici passaggi<\/li>\n<li>Scegli un template o dai sfogo alla fantasia<\/li>\n<\/ul>\n","protected":false},"featured_media":633163,"template":"","meta":[],"product_brand":[],"product_cat":[4449],"product_tag":[14889,8374],"class_list":{"0":"post-362063","1":"product","2":"type-product","3":"status-publish","4":"has-post-thumbnail","6":"product_cat-tutti-i-prodotti","7":"product_tag-anniversary-it-2","8":"product_tag-anniversary-it","10":"first","11":"instock","12":"sale","13":"taxable","14":"shipping-taxable","15":"purchasable","16":"product-type-variable"},"yoast_head":"<!-- This site is optimized with the Yoast SEO Premium plugin v27.2 (Yoast SEO v27.2) - https:\/\/yoast.com\/product\/yoast-seo-premium-wordpress\/ -->\n<title>Onda Sonora delle Promesse Nuziali - Positive Prints<\/title>\n<meta name=\"description\" content=\"Scrivere le tue promesse nuziali \u00e8 stato davvero emozionante. Assapora di nuovo quei momenti trasformandole in un\u2019Onda Sonora pi\u00f9 speciale che mai.\" \/>\n<meta name=\"robots\" content=\"index, follow, max-snippet:-1, max-image-preview:large, max-video-preview:-1\" \/>\n<link rel=\"canonical\" href=\"https:\/\/positiveprints.com\/it\/prodotto\/onda-sonora-delle-promesse-nuziali\/\" \/>\n<meta property=\"og:locale\" content=\"it_IT\" \/>\n<meta property=\"og:type\" content=\"article\" \/>\n<meta property=\"og:title\" content=\"Onda Sonora delle Promesse Nuziali\" \/>\n<meta property=\"og:description\" content=\"Trasforma le tue promesse di matrimonio in un\u2019onda sonora riproducibile Carica un file audio o incolla un link da YouTube Aggiungi un codice QR e usalo per riprodurre la tua canzone preferita Personalizzala in 3 semplici passaggi Scegli un template o dai sfogo alla fantasia\" \/>\n<meta property=\"og:url\" content=\"https:\/\/positiveprints.com\/it\/prodotto\/onda-sonora-delle-promesse-nuziali\/\" \/>\n<meta property=\"og:site_name\" content=\"Positive Prints\" \/>\n<meta property=\"article:publisher\" content=\"https:\/\/www.facebook.com\/positiveprintscom\" \/>\n<meta property=\"article:modified_time\" content=\"2026-04-03T02:25:15+00:00\" \/>\n<meta property=\"og:image\" content=\"https:\/\/positiveprints.com\/wp-content\/uploads\/2023\/07\/Onda-Sonora-delle-Promesse-Nuziali.jpg\" \/>\n\t<meta property=\"og:image:width\" content=\"1080\" \/>\n\t<meta property=\"og:image:height\" content=\"1080\" \/>\n\t<meta property=\"og:image:type\" content=\"image\/jpeg\" \/>\n<meta name=\"twitter:card\" content=\"summary_large_image\" \/>\n<!-- \/ Yoast SEO Premium plugin. -->","yoast_head_json":{"title":"Onda Sonora delle Promesse Nuziali - Positive Prints","description":"Scrivere le tue promesse nuziali \u00e8 stato davvero emozionante. Assapora di nuovo quei momenti trasformandole in un\u2019Onda Sonora pi\u00f9 speciale che mai.","robots":{"index":"index","follow":"follow","max-snippet":"max-snippet:-1","max-image-preview":"max-image-preview:large","max-video-preview":"max-video-preview:-1"},"canonical":"https:\/\/positiveprints.com\/it\/prodotto\/onda-sonora-delle-promesse-nuziali\/","og_locale":"it_IT","og_type":"article","og_title":"Onda Sonora delle Promesse Nuziali","og_description":"Trasforma le tue promesse di matrimonio in un\u2019onda sonora riproducibile Carica un file audio o incolla un link da YouTube Aggiungi un codice QR e usalo per riprodurre la tua canzone preferita Personalizzala in 3 semplici passaggi Scegli un template o dai sfogo alla fantasia","og_url":"https:\/\/positiveprints.com\/it\/prodotto\/onda-sonora-delle-promesse-nuziali\/","og_site_name":"Positive Prints","article_publisher":"https:\/\/www.facebook.com\/positiveprintscom","article_modified_time":"2026-04-03T02:25:15+00:00","og_image":[{"width":1080,"height":1080,"url":"https:\/\/positiveprints.com\/wp-content\/uploads\/2023\/07\/Onda-Sonora-delle-Promesse-Nuziali.jpg","type":"image\/jpeg"}],"twitter_card":"summary_large_image","schema":{"@context":"https:\/\/schema.org","@graph":[{"@type":["WebPage","ItemPage"],"@id":"https:\/\/positiveprints.com\/it\/prodotto\/onda-sonora-delle-promesse-nuziali\/","url":"https:\/\/positiveprints.com\/it\/prodotto\/onda-sonora-delle-promesse-nuziali\/","name":"Onda Sonora delle Promesse Nuziali - Positive Prints","isPartOf":{"@id":"https:\/\/positiveprints.com\/it\/#website"},"primaryImageOfPage":{"@id":"https:\/\/positiveprints.com\/it\/prodotto\/onda-sonora-delle-promesse-nuziali\/#primaryimage"},"image":{"@id":"https:\/\/positiveprints.com\/it\/prodotto\/onda-sonora-delle-promesse-nuziali\/#primaryimage"},"thumbnailUrl":"https:\/\/positiveprints.com\/wp-content\/uploads\/2023\/07\/Onda-Sonora-delle-Promesse-Nuziali.jpg","datePublished":"2022-10-28T11:32:15+00:00","dateModified":"2026-04-03T02:25:15+00:00","description":"Scrivere le tue promesse nuziali \u00e8 stato davvero emozionante. Assapora di nuovo quei momenti trasformandole in un\u2019Onda Sonora pi\u00f9 speciale che mai.","breadcrumb":{"@id":"https:\/\/positiveprints.com\/it\/prodotto\/onda-sonora-delle-promesse-nuziali\/#breadcrumb"},"inLanguage":"it-IT","potentialAction":[{"@type":"ReadAction","target":["https:\/\/positiveprints.com\/it\/prodotto\/onda-sonora-delle-promesse-nuziali\/"]}]},{"@type":"ImageObject","inLanguage":"it-IT","@id":"https:\/\/positiveprints.com\/it\/prodotto\/onda-sonora-delle-promesse-nuziali\/#primaryimage","url":"https:\/\/positiveprints.com\/wp-content\/uploads\/2023\/07\/Onda-Sonora-delle-Promesse-Nuziali.jpg","contentUrl":"https:\/\/positiveprints.com\/wp-content\/uploads\/2023\/07\/Onda-Sonora-delle-Promesse-Nuziali.jpg","width":1080,"height":1080,"caption":"Onda Sonora delle Promesse Nuziali"},{"@type":"BreadcrumbList","@id":"https:\/\/positiveprints.com\/it\/prodotto\/onda-sonora-delle-promesse-nuziali\/#breadcrumb","itemListElement":[{"@type":"ListItem","position":1,"name":"Home","item":"https:\/\/positiveprints.com\/it\/"},{"@type":"ListItem","position":2,"name":"Prodotti","item":"https:\/\/positiveprints.com\/it\/shop\/"},{"@type":"ListItem","position":3,"name":"Onda Sonora delle Promesse Nuziali"}]},{"@type":"WebSite","@id":"https:\/\/positiveprints.com\/it\/#website","url":"https:\/\/positiveprints.com\/it\/","name":"Positive Prints","description":"Amazing Custom Personalized Gifts","publisher":{"@id":"https:\/\/positiveprints.com\/it\/#organization"},"potentialAction":[{"@type":"SearchAction","target":{"@type":"EntryPoint","urlTemplate":"https:\/\/positiveprints.com\/it\/?s={search_term_string}"},"query-input":{"@type":"PropertyValueSpecification","valueRequired":true,"valueName":"search_term_string"}}],"inLanguage":"it-IT"},{"@type":"Organization","@id":"https:\/\/positiveprints.com\/it\/#organization","name":"Positive Prints","alternateName":"Positive Prints","url":"https:\/\/positiveprints.com\/it\/","logo":{"@type":"ImageObject","inLanguage":"it-IT","@id":"https:\/\/positiveprints.com\/it\/#\/schema\/logo\/image\/","url":"https:\/\/positiveprints.com\/wp-content\/uploads\/2026\/03\/245815646_1337939713319158_5671353136411139666_n.png","contentUrl":"https:\/\/positiveprints.com\/wp-content\/uploads\/2026\/03\/245815646_1337939713319158_5671353136411139666_n.png","width":800,"height":800,"caption":"Positive Prints"},"image":{"@id":"https:\/\/positiveprints.com\/it\/#\/schema\/logo\/image\/"},"sameAs":["https:\/\/www.facebook.com\/positiveprintscom","https:\/\/www.instagram.com\/positiveprintscom\/","https:\/\/www.tiktok.com\/@positiveprintscom","https:\/\/www.pinterest.com\/positiveprintscom\/"]}]}},"jetpack_sharing_enabled":true,"_links":{"self":[{"href":"https:\/\/positiveprints.com\/it\/wp-json\/wp\/v2\/product\/362063","targetHints":{"allow":["GET"]}}],"collection":[{"href":"https:\/\/positiveprints.com\/it\/wp-json\/wp\/v2\/product"}],"about":[{"href":"https:\/\/positiveprints.com\/it\/wp-json\/wp\/v2\/types\/product"}],"wp:featuredmedia":[{"embeddable":true,"href":"https:\/\/positiveprints.com\/it\/wp-json\/wp\/v2\/media\/633163"}],"wp:attachment":[{"href":"https:\/\/positiveprints.com\/it\/wp-json\/wp\/v2\/media?parent=362063"}],"wp:term":[{"taxonomy":"product_brand","embeddable":true,"href":"https:\/\/positiveprints.com\/it\/wp-json\/wp\/v2\/product_brand?post=362063"},{"taxonomy":"product_cat","embeddable":true,"href":"https:\/\/positiveprints.com\/it\/wp-json\/wp\/v2\/product_cat?post=362063"},{"taxonomy":"product_tag","embeddable":true,"href":"https:\/\/positiveprints.com\/it\/wp-json\/wp\/v2\/product_tag?post=362063"}],"curies":[{"name":"wp","href":"https:\/\/api.w.org\/{rel}","templated":true}]}}