{"id":362022,"date":"2022-08-24T13:08:44","date_gmt":"2022-08-24T12:08:44","guid":{"rendered":"https:\/\/positiveprints.com\/?post_type=product&#038;p=362022"},"modified":"2026-04-03T03:29:29","modified_gmt":"2026-04-03T02:29:29","slug":"poster-con-foto-del-tuo-animale-domestico","status":"publish","type":"product","link":"https:\/\/positiveprints.com\/it\/prodotto\/poster-con-foto-del-tuo-animale-domestico\/","title":{"rendered":"Poster con Foto del Tuo Animale Domestico"},"content":{"rendered":"","protected":false},"excerpt":{"rendered":"<ul class=\"check-list\">\n<li>Mostra al mondo l&#8217;amore che provi il tuo animale domestico &#8211; dedicagli un poster e illumina qualsiasi stanza della casa<\/li>\n<li>Aggiungi un testo personalizzato<\/li>\n<li>Personalizzala in 3 semplici passaggi<\/li>\n<li>Scegli un template o dai sfogo alla fantasia<\/li>\n<li>Guarda subito il risultato \u2013 l&#8217;anteprima interattiva ti permette di perfezionare ogni dettaglio<\/li>\n<\/ul>\n","protected":false},"featured_media":334254,"template":"","meta":[],"product_brand":[],"product_cat":[7499,7896],"product_tag":[15397,15621,8692],"class_list":{"0":"post-362022","1":"product","2":"type-product","3":"status-publish","4":"has-post-thumbnail","6":"product_cat-foto-it","7":"product_cat-regali-per-amanti-dei-cani","8":"product_tag-animali","9":"product_tag-animals-it","10":"product_tag-dog-lovers-it","12":"first","13":"instock","14":"sale","15":"taxable","16":"shipping-taxable","17":"purchasable","18":"product-type-variable"},"yoast_head":"<!-- This site is optimized with the Yoast SEO Premium plugin v27.2 (Yoast SEO v27.2) - https:\/\/yoast.com\/product\/yoast-seo-premium-wordpress\/ -->\n<title>Poster con Foto del Tuo Animale Domestico - Positive Prints<\/title>\n<meta name=\"description\" content=\"I tuoi amici a 4 zampe sono parte della tua famiglia, perci\u00f2 perch\u00e9 non dedicargli un poster con una delle loro foto pi\u00f9 belle? Crea subito il tuo poster da parete.\" \/>\n<meta name=\"robots\" content=\"index, follow, max-snippet:-1, max-image-preview:large, max-video-preview:-1\" \/>\n<link rel=\"canonical\" href=\"https:\/\/positiveprints.com\/it\/prodotto\/poster-con-foto-del-tuo-animale-domestico\/\" \/>\n<meta property=\"og:locale\" content=\"it_IT\" \/>\n<meta property=\"og:type\" content=\"article\" \/>\n<meta property=\"og:title\" content=\"Poster con Foto del Tuo Animale Domestico\" \/>\n<meta property=\"og:description\" content=\"Mostra al mondo l&#039;amore che provi il tuo animale domestico - dedicagli un poster e illumina qualsiasi stanza della casa Aggiungi un testo personalizzato Personalizzala in 3 semplici passaggi Scegli un template o dai sfogo alla fantasia Guarda subito il risultato \u2013 l&#039;anteprima interattiva ti permette di perfezionare ogni dettaglio\" \/>\n<meta property=\"og:url\" content=\"https:\/\/positiveprints.com\/it\/prodotto\/poster-con-foto-del-tuo-animale-domestico\/\" \/>\n<meta property=\"og:site_name\" content=\"Positive Prints\" \/>\n<meta property=\"article:publisher\" content=\"https:\/\/www.facebook.com\/positiveprintscom\" \/>\n<meta property=\"article:modified_time\" content=\"2026-04-03T02:29:29+00:00\" \/>\n<meta property=\"og:image\" content=\"https:\/\/positiveprints.com\/wp-content\/uploads\/2022\/08\/pet-photo-wall-art.jpg\" \/>\n\t<meta property=\"og:image:width\" content=\"1080\" \/>\n\t<meta property=\"og:image:height\" content=\"1080\" \/>\n\t<meta property=\"og:image:type\" content=\"image\/jpeg\" \/>\n<meta name=\"twitter:card\" content=\"summary_large_image\" \/>\n<!-- \/ Yoast SEO Premium plugin. -->","yoast_head_json":{"title":"Poster con Foto del Tuo Animale Domestico - Positive Prints","description":"I tuoi amici a 4 zampe sono parte della tua famiglia, perci\u00f2 perch\u00e9 non dedicargli un poster con una delle loro foto pi\u00f9 belle? Crea subito il tuo poster da parete.","robots":{"index":"index","follow":"follow","max-snippet":"max-snippet:-1","max-image-preview":"max-image-preview:large","max-video-preview":"max-video-preview:-1"},"canonical":"https:\/\/positiveprints.com\/it\/prodotto\/poster-con-foto-del-tuo-animale-domestico\/","og_locale":"it_IT","og_type":"article","og_title":"Poster con Foto del Tuo Animale Domestico","og_description":"Mostra al mondo l'amore che provi il tuo animale domestico - dedicagli un poster e illumina qualsiasi stanza della casa Aggiungi un testo personalizzato Personalizzala in 3 semplici passaggi Scegli un template o dai sfogo alla fantasia Guarda subito il risultato \u2013 l'anteprima interattiva ti permette di perfezionare ogni dettaglio","og_url":"https:\/\/positiveprints.com\/it\/prodotto\/poster-con-foto-del-tuo-animale-domestico\/","og_site_name":"Positive Prints","article_publisher":"https:\/\/www.facebook.com\/positiveprintscom","article_modified_time":"2026-04-03T02:29:29+00:00","og_image":[{"width":1080,"height":1080,"url":"https:\/\/positiveprints.com\/wp-content\/uploads\/2022\/08\/pet-photo-wall-art.jpg","type":"image\/jpeg"}],"twitter_card":"summary_large_image","schema":{"@context":"https:\/\/schema.org","@graph":[{"@type":["WebPage","ItemPage"],"@id":"https:\/\/positiveprints.com\/it\/prodotto\/poster-con-foto-del-tuo-animale-domestico\/","url":"https:\/\/positiveprints.com\/it\/prodotto\/poster-con-foto-del-tuo-animale-domestico\/","name":"Poster con Foto del Tuo Animale Domestico - Positive Prints","isPartOf":{"@id":"https:\/\/positiveprints.com\/it\/#website"},"primaryImageOfPage":{"@id":"https:\/\/positiveprints.com\/it\/prodotto\/poster-con-foto-del-tuo-animale-domestico\/#primaryimage"},"image":{"@id":"https:\/\/positiveprints.com\/it\/prodotto\/poster-con-foto-del-tuo-animale-domestico\/#primaryimage"},"thumbnailUrl":"https:\/\/positiveprints.com\/wp-content\/uploads\/2022\/08\/pet-photo-wall-art.jpg","datePublished":"2022-08-24T12:08:44+00:00","dateModified":"2026-04-03T02:29:29+00:00","description":"I tuoi amici a 4 zampe sono parte della tua famiglia, perci\u00f2 perch\u00e9 non dedicargli un poster con una delle loro foto pi\u00f9 belle? Crea subito il tuo poster da parete.","breadcrumb":{"@id":"https:\/\/positiveprints.com\/it\/prodotto\/poster-con-foto-del-tuo-animale-domestico\/#breadcrumb"},"inLanguage":"it-IT","potentialAction":[{"@type":"ReadAction","target":["https:\/\/positiveprints.com\/it\/prodotto\/poster-con-foto-del-tuo-animale-domestico\/"]}]},{"@type":"ImageObject","inLanguage":"it-IT","@id":"https:\/\/positiveprints.com\/it\/prodotto\/poster-con-foto-del-tuo-animale-domestico\/#primaryimage","url":"https:\/\/positiveprints.com\/wp-content\/uploads\/2022\/08\/pet-photo-wall-art.jpg","contentUrl":"https:\/\/positiveprints.com\/wp-content\/uploads\/2022\/08\/pet-photo-wall-art.jpg","width":1080,"height":1080,"caption":"Customize photos of your pets and turn them into works of art"},{"@type":"BreadcrumbList","@id":"https:\/\/positiveprints.com\/it\/prodotto\/poster-con-foto-del-tuo-animale-domestico\/#breadcrumb","itemListElement":[{"@type":"ListItem","position":1,"name":"Home","item":"https:\/\/positiveprints.com\/it\/"},{"@type":"ListItem","position":2,"name":"Prodotti","item":"https:\/\/positiveprints.com\/it\/shop\/"},{"@type":"ListItem","position":3,"name":"Poster con Foto del Tuo Animale Domestico"}]},{"@type":"WebSite","@id":"https:\/\/positiveprints.com\/it\/#website","url":"https:\/\/positiveprints.com\/it\/","name":"Positive Prints","description":"Amazing Custom Personalized Gifts","publisher":{"@id":"https:\/\/positiveprints.com\/it\/#organization"},"potentialAction":[{"@type":"SearchAction","target":{"@type":"EntryPoint","urlTemplate":"https:\/\/positiveprints.com\/it\/?s={search_term_string}"},"query-input":{"@type":"PropertyValueSpecification","valueRequired":true,"valueName":"search_term_string"}}],"inLanguage":"it-IT"},{"@type":"Organization","@id":"https:\/\/positiveprints.com\/it\/#organization","name":"Positive Prints","alternateName":"Positive Prints","url":"https:\/\/positiveprints.com\/it\/","logo":{"@type":"ImageObject","inLanguage":"it-IT","@id":"https:\/\/positiveprints.com\/it\/#\/schema\/logo\/image\/","url":"https:\/\/positiveprints.com\/wp-content\/uploads\/2026\/03\/245815646_1337939713319158_5671353136411139666_n.png","contentUrl":"https:\/\/positiveprints.com\/wp-content\/uploads\/2026\/03\/245815646_1337939713319158_5671353136411139666_n.png","width":800,"height":800,"caption":"Positive Prints"},"image":{"@id":"https:\/\/positiveprints.com\/it\/#\/schema\/logo\/image\/"},"sameAs":["https:\/\/www.facebook.com\/positiveprintscom","https:\/\/www.instagram.com\/positiveprintscom\/","https:\/\/www.tiktok.com\/@positiveprintscom","https:\/\/www.pinterest.com\/positiveprintscom\/"]}]}},"jetpack_sharing_enabled":true,"_links":{"self":[{"href":"https:\/\/positiveprints.com\/it\/wp-json\/wp\/v2\/product\/362022","targetHints":{"allow":["GET"]}}],"collection":[{"href":"https:\/\/positiveprints.com\/it\/wp-json\/wp\/v2\/product"}],"about":[{"href":"https:\/\/positiveprints.com\/it\/wp-json\/wp\/v2\/types\/product"}],"wp:featuredmedia":[{"embeddable":true,"href":"https:\/\/positiveprints.com\/it\/wp-json\/wp\/v2\/media\/334254"}],"wp:attachment":[{"href":"https:\/\/positiveprints.com\/it\/wp-json\/wp\/v2\/media?parent=362022"}],"wp:term":[{"taxonomy":"product_brand","embeddable":true,"href":"https:\/\/positiveprints.com\/it\/wp-json\/wp\/v2\/product_brand?post=362022"},{"taxonomy":"product_cat","embeddable":true,"href":"https:\/\/positiveprints.com\/it\/wp-json\/wp\/v2\/product_cat?post=362022"},{"taxonomy":"product_tag","embeddable":true,"href":"https:\/\/positiveprints.com\/it\/wp-json\/wp\/v2\/product_tag?post=362022"}],"curies":[{"name":"wp","href":"https:\/\/api.w.org\/{rel}","templated":true}]}}