{"id":361178,"date":"2021-09-23T09:26:31","date_gmt":"2021-09-23T08:26:31","guid":{"rendered":"https:\/\/positiveprints.com\/?post_type=product&#038;p=361178"},"modified":"2026-04-18T07:46:31","modified_gmt":"2026-04-18T06:46:31","slug":"le-coordinate-del-luogo-del-nostro-incontro","status":"publish","type":"product","link":"https:\/\/positiveprints.com\/it\/prodotto\/le-coordinate-del-luogo-del-nostro-incontro\/","title":{"rendered":"Le Coordinate del Luogo del Nostro Incontro"},"content":{"rendered":"<p>Il luogo in cui hai incontrato l\u2019amore della tua vita ha un posto speciale nel tuo cuore. Condividilo con il mondo intero \u2013 o tienilo solo per voi due \u2013 con una mappa delle Coordinate del Luogo del Nostro Incontro.<\/p>\r\n\r\n<h2 class=\"grenB f24 cblue\" style=\"margin-top: 3rem\">Che Cosa Sono Le Coordinate del Luogo del Nostro Incontro?<\/h2>\r\n\r\n<p style=\"margin-top: 1rem\">In qualsiasi angolo del pianeta, puoi stabilire con precisione la tua posizione tramite delle coordinate GPS \u2013 e, ovviamente, puoi fare la stessa cosa con il luogo in cui hai incontrato la tua anima gemella. Le Coordinate del Luogo del Nostro Incontro \u00e8 un modo per trasformare quel punto preciso in una piccola opera d\u2019arte da appendere alle pareti della tua casa.<\/p>\r\n\r\n<p style=\"margin-top: 1rem\">Per farlo, Positive Prints sfrutta un GPS estremamente preciso. Infatti, se provi a inserire le tue coordinate su Google Maps o altri sistemi GPS, vedrai subito che ti porteranno esattamente nel punto in cui hai vissuto quegli indimenticabili momenti. Considerale un po\u2019 come un codice segreto che conosci solo tu!<\/p>\r\n\r\n<h2 class=\"grenB f24 cblue\" style=\"margin-top: 3rem\">Le Coordinate del Luogo del Nostro Incontro \u00e8 il Regalo Perfetto<\/h2>\r\n\r\n<p style=\"margin-top: 1rem\">Le Coordinate del Luogo del Nostro Incontro sono un regalo perfetto per celebrare anniversari, matrimoni, fidanzamenti ufficiali e altri traguardi importanti. Se vuoi sorprendere la tua dolce met\u00e0 con un regalo originale e indimenticabile, non cercare oltre. Dato che ogni stampa \u00e8 completamente personalizzabile, diventa un regalo davvero unico nel suo genere e pensato solo per chi lo riceve. \u00c8 un regalo che durer\u00e0 davvero per tutta la vita!<br>Ogni regalo con le coordinate \u00e8:<\/p>\r\n\r\n<ul>\r\n<li>Unico nel suo genere<\/li>\r\n<li>Personalizzabile per chiunque e per qualsiasi occasione<\/li>\r\n<li>Qualcosa di cui tutti si innamorano all\u2019istante e per sempre<\/li>\r\n<li>Una vera sorpresa!<\/li>\r\n<\/ul>\r\n\r\n\r\n<h2 class=\"grenB f24 cblue\" style=\"margin-top: 3rem\">Come Creare Le Coordinate del Luogo del Nostro Incontro<\/h2>\r\n\r\n<p style=\"margin-top: 1rem\">Da Positive Prints, trasformare un ricordo prezioso in un\u2019opera d\u2019arte \u00e8 pi\u00f9 facile che mai. Pratico e intuitivo, il nostro editor delle Coordinate del Luogo del Nostro Incontro si prender\u00e0 cura delle gran parte del lavoro. Con ogni tua modifica, l\u2019anteprima si aggiorna in tempo reale per farti vedere esattamente come apparir\u00e0 la tua stampa. Ecco come iniziare:<\/p>\r\n\r\n<h3 class=\"grenB f18 cblue\" style=\"margin-top: 3rem\">1\u00b0 Passaggio: Scegli il Tuo Design<\/h3>\r\n\r\n<p style=\"margin-top: 1rem\">I nostri designer hanno realizzato per te diverse palette da utilizzare liberamente. Altrimenti, prenditi la libert\u00e0 di personalizzare i colori per abbinarli all\u2019arredamento della tua casa.<\/p>\r\n\r\n<h3 class=\"grenB f18 cblue\" style=\"margin-top: 3rem\">2\u00b0 Passaggio: Inserisci i Tuoi Dettagli<\/h3>\r\n\r\n<p style=\"margin-top: 1rem\">Qual \u00e8 il significato che vuoi dare alle tue Coordinate del Luogo del Nostro Incontro? Hai la massima libert\u00e0 di scelta \u2013 scegli una location e aggiungi un paio di righe di testo per personalizzare la tua stampa e renderla davvero speciale. Ci occuperemo noi di allinearlo e formattarlo, perci\u00f2 non preoccuparti di nient\u2019altro. L\u2019unica cosa di cui devi preoccuparti \u00e8 di sorprendere l\u2019amore della tua vita!<\/p>\r\n\r\n<h3 class=\"grenB f18 cblue\" style=\"margin-top: 3rem\">3\u00b0 Passaggio: Seleziona il Tuo Formato<\/h3>\r\n\r\n<p style=\"margin-top: 1rem\">La mappa delle Coordinate del Luogo del Nostro Incontro \u00e8 disponibile su Positive Prints in diversi formati, tra cui poster, quadro incorniciato, tela e file digitale. In qualsiasi caso, le loro dimensioni standard ti permettono di trovare facilmente una cornice adatta e decorare la tua casa.<\/p>\r\n\r\n<h2 class=\"grenB f24 cblue\" style=\"margin-top: 3rem\">Trasforma i Tuoi Ricordi in Una Stampa con le Coordinate<\/h2>\r\n\r\n<p style=\"margin-top: 1rem\">Il luogo in cui hai incontrato la tua anima gemella \u00e8 uno dei pi\u00f9 preziosi della terra. Cattura quel punto magico con Le Coordinate del Luogo del Nostro Incontro.<\/p>","protected":false},"excerpt":{"rendered":"<ul class=\"check-list\">\n<li>Inserisci le coordinate e immortala il luogo in cui i vostri sguardi si sono incrociati per la prima volta &#8211; crea una stampa personalizzata unica nel suo genere<\/li>\n<li>Aggiungi un testo personalizzato<\/li>\n<li>Personalizzala in 3 semplici passaggi<\/li>\n<li>Scegli un template o dai sfogo alla fantasia<\/li>\n<li>Guarda subito il risultato \u2013 l&#8217;anteprima interattiva ti permette di perfezionare ogni dettaglio<\/li>\n<\/ul>\n","protected":false},"featured_media":634405,"template":"","meta":[],"product_brand":[],"product_cat":[8191,8216,7170,5331,11182,11181,11183,7928,5269,11425,11426,11424,11418,11432,11427,8008,7673,7641,7688,7784,7752,7800,5315,11243,11244],"product_tag":[14889,11754,11798,11768,11796,11800,11799],"class_list":{"0":"post-361178","1":"product","2":"type-product","3":"status-publish","4":"has-post-thumbnail","6":"product_cat-per-lei","7":"product_cat-per-lui","8":"product_cat-coordinates-it","9":"product_cat-regali-di-anniversario","10":"product_cat-regali-di-anniversario-per-coppie","11":"product_cat-regali-di-anniversario-per-lei","12":"product_cat-regali-di-anniversario-per-lui","13":"product_cat-regali-per-laddio-al-nubilato","14":"product_cat-regali-di-natale","15":"product_cat-regali-di-natale-per-lei","16":"product_cat-regali-di-natale-per-lui","17":"product_cat-regali-di-natale-per-la-fidanzata","18":"product_cat-regali-di-natale-per-il-fidanzato","19":"product_cat-regali-di-natale-per-la-moglie","20":"product_cat-regali-di-natale-per-il-marito","21":"product_cat-regali-da-uomo","22":"product_cat-regali-per-il-fidanzato","23":"product_cat-regali-per-il-marito","24":"product_cat-regali-da-donna","25":"product_cat-regali-per-la-fidanzata","26":"product_cat-regali-per-la-moglie","27":"product_cat-regali-per-una-coppia","28":"product_cat-regali-di-san-valentino","29":"product_cat-regali-di-san-valentino-per-lei","30":"product_cat-regali-di-san-valentino-per-lui","31":"product_tag-anniversary-it-2","32":"product_tag-regali-di-natale-per-il-fidanzato","33":"product_tag-regali-di-natale-per-il-marito","34":"product_tag-regali-di-natale-per-la-fidanzata","35":"product_tag-regali-di-natale-per-la-moglie","36":"product_tag-regali-di-natale-per-lei","37":"product_tag-regali-di-natale-per-lui","39":"first","40":"instock","41":"sale","42":"taxable","43":"shipping-taxable","44":"purchasable","45":"product-type-variable"},"yoast_head":"<!-- This site is optimized with the Yoast SEO Premium plugin v27.2 (Yoast SEO v27.2) - https:\/\/yoast.com\/product\/yoast-seo-premium-wordpress\/ -->\n<title>Le Coordinate del Luogo del Nostro Incontro - Positive Prints<\/title>\n<meta name=\"description\" content=\"Utilizza le coordinate GPS di un posto speciale e crea le Coordinate del Luogo del Nostro Incontro. Perfetto per celebrare per sempre un luogo importante!\" \/>\n<meta name=\"robots\" content=\"index, follow, max-snippet:-1, max-image-preview:large, max-video-preview:-1\" \/>\n<link rel=\"canonical\" href=\"https:\/\/positiveprints.com\/it\/prodotto\/le-coordinate-del-luogo-del-nostro-incontro\/\" \/>\n<meta property=\"og:locale\" content=\"it_IT\" \/>\n<meta property=\"og:type\" content=\"article\" \/>\n<meta property=\"og:title\" content=\"Le Coordinate del Luogo del Nostro Incontro\" \/>\n<meta property=\"og:description\" content=\"Inserisci le coordinate e immortala il luogo in cui i vostri sguardi si sono incrociati per la prima volta - crea una stampa personalizzata unica nel suo genere Aggiungi un testo personalizzato Personalizzala in 3 semplici passaggi Scegli un template o dai sfogo alla fantasia Guarda subito il risultato \u2013 l&#039;anteprima interattiva ti permette di perfezionare ogni dettaglio\" \/>\n<meta property=\"og:url\" content=\"https:\/\/positiveprints.com\/it\/prodotto\/le-coordinate-del-luogo-del-nostro-incontro\/\" \/>\n<meta property=\"og:site_name\" content=\"Positive Prints\" \/>\n<meta property=\"article:publisher\" content=\"https:\/\/www.facebook.com\/positiveprintscom\" \/>\n<meta property=\"article:modified_time\" content=\"2026-04-18T06:46:31+00:00\" \/>\n<meta property=\"og:image\" content=\"https:\/\/positiveprints.com\/wp-content\/uploads\/2023\/07\/Le-Coordinate-del-Luogo-del-Nostro-Incontro.jpg\" \/>\n\t<meta property=\"og:image:width\" content=\"1080\" \/>\n\t<meta property=\"og:image:height\" content=\"1080\" \/>\n\t<meta property=\"og:image:type\" content=\"image\/jpeg\" \/>\n<meta name=\"twitter:card\" content=\"summary_large_image\" \/>\n<!-- \/ Yoast SEO Premium plugin. -->","yoast_head_json":{"title":"Le Coordinate del Luogo del Nostro Incontro - Positive Prints","description":"Utilizza le coordinate GPS di un posto speciale e crea le Coordinate del Luogo del Nostro Incontro. Perfetto per celebrare per sempre un luogo importante!","robots":{"index":"index","follow":"follow","max-snippet":"max-snippet:-1","max-image-preview":"max-image-preview:large","max-video-preview":"max-video-preview:-1"},"canonical":"https:\/\/positiveprints.com\/it\/prodotto\/le-coordinate-del-luogo-del-nostro-incontro\/","og_locale":"it_IT","og_type":"article","og_title":"Le Coordinate del Luogo del Nostro Incontro","og_description":"Inserisci le coordinate e immortala il luogo in cui i vostri sguardi si sono incrociati per la prima volta - crea una stampa personalizzata unica nel suo genere Aggiungi un testo personalizzato Personalizzala in 3 semplici passaggi Scegli un template o dai sfogo alla fantasia Guarda subito il risultato \u2013 l'anteprima interattiva ti permette di perfezionare ogni dettaglio","og_url":"https:\/\/positiveprints.com\/it\/prodotto\/le-coordinate-del-luogo-del-nostro-incontro\/","og_site_name":"Positive Prints","article_publisher":"https:\/\/www.facebook.com\/positiveprintscom","article_modified_time":"2026-04-18T06:46:31+00:00","og_image":[{"width":1080,"height":1080,"url":"https:\/\/positiveprints.com\/wp-content\/uploads\/2023\/07\/Le-Coordinate-del-Luogo-del-Nostro-Incontro.jpg","type":"image\/jpeg"}],"twitter_card":"summary_large_image","schema":{"@context":"https:\/\/schema.org","@graph":[{"@type":["WebPage","ItemPage"],"@id":"https:\/\/positiveprints.com\/it\/prodotto\/le-coordinate-del-luogo-del-nostro-incontro\/","url":"https:\/\/positiveprints.com\/it\/prodotto\/le-coordinate-del-luogo-del-nostro-incontro\/","name":"Le Coordinate del Luogo del Nostro Incontro - Positive Prints","isPartOf":{"@id":"https:\/\/positiveprints.com\/it\/#website"},"primaryImageOfPage":{"@id":"https:\/\/positiveprints.com\/it\/prodotto\/le-coordinate-del-luogo-del-nostro-incontro\/#primaryimage"},"image":{"@id":"https:\/\/positiveprints.com\/it\/prodotto\/le-coordinate-del-luogo-del-nostro-incontro\/#primaryimage"},"thumbnailUrl":"https:\/\/positiveprints.com\/wp-content\/uploads\/2023\/07\/Le-Coordinate-del-Luogo-del-Nostro-Incontro.jpg","datePublished":"2021-09-23T08:26:31+00:00","dateModified":"2026-04-18T06:46:31+00:00","description":"Utilizza le coordinate GPS di un posto speciale e crea le Coordinate del Luogo del Nostro Incontro. Perfetto per celebrare per sempre un luogo importante!","breadcrumb":{"@id":"https:\/\/positiveprints.com\/it\/prodotto\/le-coordinate-del-luogo-del-nostro-incontro\/#breadcrumb"},"inLanguage":"it-IT","potentialAction":[{"@type":"ReadAction","target":["https:\/\/positiveprints.com\/it\/prodotto\/le-coordinate-del-luogo-del-nostro-incontro\/"]}]},{"@type":"ImageObject","inLanguage":"it-IT","@id":"https:\/\/positiveprints.com\/it\/prodotto\/le-coordinate-del-luogo-del-nostro-incontro\/#primaryimage","url":"https:\/\/positiveprints.com\/wp-content\/uploads\/2023\/07\/Le-Coordinate-del-Luogo-del-Nostro-Incontro.jpg","contentUrl":"https:\/\/positiveprints.com\/wp-content\/uploads\/2023\/07\/Le-Coordinate-del-Luogo-del-Nostro-Incontro.jpg","width":1080,"height":1080,"caption":"Le Coordinate del Luogo del Nostro Incontro"},{"@type":"BreadcrumbList","@id":"https:\/\/positiveprints.com\/it\/prodotto\/le-coordinate-del-luogo-del-nostro-incontro\/#breadcrumb","itemListElement":[{"@type":"ListItem","position":1,"name":"Home","item":"https:\/\/positiveprints.com\/it\/"},{"@type":"ListItem","position":2,"name":"Prodotti","item":"https:\/\/positiveprints.com\/it\/shop\/"},{"@type":"ListItem","position":3,"name":"Le Coordinate del Luogo del Nostro Incontro"}]},{"@type":"WebSite","@id":"https:\/\/positiveprints.com\/it\/#website","url":"https:\/\/positiveprints.com\/it\/","name":"Positive Prints","description":"Amazing Custom Personalized Gifts","publisher":{"@id":"https:\/\/positiveprints.com\/it\/#organization"},"potentialAction":[{"@type":"SearchAction","target":{"@type":"EntryPoint","urlTemplate":"https:\/\/positiveprints.com\/it\/?s={search_term_string}"},"query-input":{"@type":"PropertyValueSpecification","valueRequired":true,"valueName":"search_term_string"}}],"inLanguage":"it-IT"},{"@type":"Organization","@id":"https:\/\/positiveprints.com\/it\/#organization","name":"Positive Prints","alternateName":"Positive Prints","url":"https:\/\/positiveprints.com\/it\/","logo":{"@type":"ImageObject","inLanguage":"it-IT","@id":"https:\/\/positiveprints.com\/it\/#\/schema\/logo\/image\/","url":"https:\/\/positiveprints.com\/wp-content\/uploads\/2026\/03\/245815646_1337939713319158_5671353136411139666_n.png","contentUrl":"https:\/\/positiveprints.com\/wp-content\/uploads\/2026\/03\/245815646_1337939713319158_5671353136411139666_n.png","width":800,"height":800,"caption":"Positive Prints"},"image":{"@id":"https:\/\/positiveprints.com\/it\/#\/schema\/logo\/image\/"},"sameAs":["https:\/\/www.facebook.com\/positiveprintscom","https:\/\/www.instagram.com\/positiveprintscom\/","https:\/\/www.tiktok.com\/@positiveprintscom","https:\/\/www.pinterest.com\/positiveprintscom\/"]}]}},"jetpack_sharing_enabled":true,"_links":{"self":[{"href":"https:\/\/positiveprints.com\/it\/wp-json\/wp\/v2\/product\/361178","targetHints":{"allow":["GET"]}}],"collection":[{"href":"https:\/\/positiveprints.com\/it\/wp-json\/wp\/v2\/product"}],"about":[{"href":"https:\/\/positiveprints.com\/it\/wp-json\/wp\/v2\/types\/product"}],"wp:featuredmedia":[{"embeddable":true,"href":"https:\/\/positiveprints.com\/it\/wp-json\/wp\/v2\/media\/634405"}],"wp:attachment":[{"href":"https:\/\/positiveprints.com\/it\/wp-json\/wp\/v2\/media?parent=361178"}],"wp:term":[{"taxonomy":"product_brand","embeddable":true,"href":"https:\/\/positiveprints.com\/it\/wp-json\/wp\/v2\/product_brand?post=361178"},{"taxonomy":"product_cat","embeddable":true,"href":"https:\/\/positiveprints.com\/it\/wp-json\/wp\/v2\/product_cat?post=361178"},{"taxonomy":"product_tag","embeddable":true,"href":"https:\/\/positiveprints.com\/it\/wp-json\/wp\/v2\/product_tag?post=361178"}],"curies":[{"name":"wp","href":"https:\/\/api.w.org\/{rel}","templated":true}]}}