{"id":360840,"date":"2022-07-26T10:07:47","date_gmt":"2022-07-26T09:07:47","guid":{"rendered":"https:\/\/positiveprints.com\/?post_type=product&#038;p=360840"},"modified":"2026-04-03T03:30:33","modified_gmt":"2026-04-03T02:30:33","slug":"il-giorno-in-cui-sei-diventata-mia-moglie","status":"publish","type":"product","link":"https:\/\/positiveprints.com\/it\/prodotto\/il-giorno-in-cui-sei-diventata-mia-moglie\/","title":{"rendered":"Il Giorno in Cui Sei Diventata Mia Moglie"},"content":{"rendered":"<p>Il giorno in cui vi siete sposati ha segnato l\u2019inizio di una bellissima vita insieme. Ricorda quel momento per sempre con Il Giorno in Cui Sei Diventata Mia Moglie.<\/p>\r\n\r\n<h2 class=\"grenB f24 cblue\" style=\"margin-top: 3rem\">Rivivi il Tuo Matrimonio Giorno Dopo Giorno<\/h2>\r\n\r\n<p style=\"margin-top: 1rem\">Il giorno in cui vi siete detti \u201cS\u00ec, lo voglio\u201d \u00e8 stato uno dei pi\u00f9 belli della tua vita. Ha segnato la fine di un capitolo e l\u2019inizio di una nuova vita insieme. Momenti cos\u00ec speciali, non accadono cos\u00ec spesso, ecco perch\u00e9 merita di essere festeggiato pi\u00f9 e pi\u00f9 volte.<\/p>\r\n\r\n<p style=\"margin-top: 1rem\">Una mappa stellare personalizzata \u00e8 il modo perfetto per dimostrare a tua moglie tutto il tuo amore. Appendila sulle pareti della tua casa con orgoglio e condividi la tua storia d\u2019amore con tutti i tuoi ospiti.<\/p>\r\n\r\n<h2 class=\"grenB f24 cblue\" style=\"margin-top: 3rem\">La Tua Ancora Nella Tempesta Della Vita<\/h2>\r\n\r\n<p style=\"margin-top: 1rem\">Perfetti per qualsiasi occasione, questi regali pensati appositamente per la compagna della tua vita le ricorderanno ogni giorno uno dei momenti pi\u00f9 speciali della vostra vita insieme.<\/p>\r\n\r\n<p style=\"margin-top: 1rem\">Ma, siamo sinceri, per creare Il Giorno in Cui Sei Diventata Mia Moglie ci vuole un pizzico d\u2019impegno. Dovrai prendere in considerazione i suoi colori preferiti, le costellazioni e altri dettagli che solo tu puoi conoscere. Noi, con la nostra interfaccia intuitiva, ci prendiamo cura della parte pi\u00f9 difficile, quella di guidarti attraverso tutto il processo di design. Ma in pochi minuti avrai il regalo perfetto pronto per sorprenderla.<\/p>\r\n\r\n<p style=\"margin-top: 1rem\">Create appositamente per la tua anima gemella, Il Giorno in Cui Sei Diventata Mia Moglie sono stampe che non puoi acquistare in un negozio qualsiasi. E a differenza di fiori e cioccolato, una stampa personalizzata durer\u00e0 per sempre. Inizia subito!<\/p>","protected":false},"excerpt":{"rendered":"<ul class=\"check-list\">\n<li>Celebra l\u2019amore e l\u2019impegno che c\u2019\u00e8 tra voi con un regalo unico e sincero che verr\u00e0 ricordato per tutta la vita<\/li>\n<li>Aggiungi pianeti, costellazioni e la Via Lattea<\/li>\n<li>Personalizzala in 3 semplici passaggi<\/li>\n<li>Aggiungi un testo personalizzato<\/li>\n<li>Guarda subito il risultato \u2013 l&#8217;anteprima interattiva ti permette di perfezionare ogni dettaglio<\/li>\n<\/ul>\n","protected":false},"featured_media":1332372,"template":"","meta":[],"product_brand":[],"product_cat":[7752,4448],"product_tag":[14889],"class_list":{"0":"post-360840","1":"product","2":"type-product","3":"status-publish","4":"has-post-thumbnail","6":"product_cat-regali-per-la-moglie","7":"product_cat-star-it-2","8":"product_tag-anniversary-it-2","10":"first","11":"instock","12":"sale","13":"taxable","14":"shipping-taxable","15":"purchasable","16":"product-type-variable"},"yoast_head":"<!-- This site is optimized with the Yoast SEO Premium plugin v27.2 (Yoast SEO v27.2) - https:\/\/yoast.com\/product\/yoast-seo-premium-wordpress\/ -->\n<title>Il Giorno in Cui Sei Diventata Mia Moglie - Positive Prints<\/title>\n<meta name=\"description\" content=\"Crea il regalo perfetto per tua moglie in occasione del vostro anniversario o per qualsiasi altra giornata speciale da festeggiare insieme.\" \/>\n<meta name=\"robots\" content=\"index, follow, max-snippet:-1, max-image-preview:large, max-video-preview:-1\" \/>\n<link rel=\"canonical\" href=\"https:\/\/positiveprints.com\/it\/prodotto\/il-giorno-in-cui-sei-diventata-mia-moglie\/\" \/>\n<meta property=\"og:locale\" content=\"it_IT\" \/>\n<meta property=\"og:type\" content=\"article\" \/>\n<meta property=\"og:title\" content=\"Il Giorno in Cui Sei Diventata Mia Moglie\" \/>\n<meta property=\"og:description\" content=\"Celebra l\u2019amore e l\u2019impegno che c\u2019\u00e8 tra voi con un regalo unico e sincero che verr\u00e0 ricordato per tutta la vita Aggiungi pianeti, costellazioni e la Via Lattea Personalizzala in 3 semplici passaggi Aggiungi un testo personalizzato Guarda subito il risultato \u2013 l&#039;anteprima interattiva ti permette di perfezionare ogni dettaglio\" \/>\n<meta property=\"og:url\" content=\"https:\/\/positiveprints.com\/it\/prodotto\/il-giorno-in-cui-sei-diventata-mia-moglie\/\" \/>\n<meta property=\"og:site_name\" content=\"Positive Prints\" \/>\n<meta property=\"article:publisher\" content=\"https:\/\/www.facebook.com\/positiveprintscom\" \/>\n<meta property=\"article:modified_time\" content=\"2026-04-03T02:30:33+00:00\" \/>\n<meta property=\"og:image\" content=\"https:\/\/positiveprints.com\/wp-content\/uploads\/2025\/01\/Il-Giorno-in-Cui-Sei-Diventata-Mia-Moglie-1.webp\" \/>\n\t<meta property=\"og:image:width\" content=\"1450\" \/>\n\t<meta property=\"og:image:height\" content=\"1450\" \/>\n\t<meta property=\"og:image:type\" content=\"image\/webp\" \/>\n<meta name=\"twitter:card\" content=\"summary_large_image\" \/>\n<!-- \/ Yoast SEO Premium plugin. -->","yoast_head_json":{"title":"Il Giorno in Cui Sei Diventata Mia Moglie - Positive Prints","description":"Crea il regalo perfetto per tua moglie in occasione del vostro anniversario o per qualsiasi altra giornata speciale da festeggiare insieme.","robots":{"index":"index","follow":"follow","max-snippet":"max-snippet:-1","max-image-preview":"max-image-preview:large","max-video-preview":"max-video-preview:-1"},"canonical":"https:\/\/positiveprints.com\/it\/prodotto\/il-giorno-in-cui-sei-diventata-mia-moglie\/","og_locale":"it_IT","og_type":"article","og_title":"Il Giorno in Cui Sei Diventata Mia Moglie","og_description":"Celebra l\u2019amore e l\u2019impegno che c\u2019\u00e8 tra voi con un regalo unico e sincero che verr\u00e0 ricordato per tutta la vita Aggiungi pianeti, costellazioni e la Via Lattea Personalizzala in 3 semplici passaggi Aggiungi un testo personalizzato Guarda subito il risultato \u2013 l'anteprima interattiva ti permette di perfezionare ogni dettaglio","og_url":"https:\/\/positiveprints.com\/it\/prodotto\/il-giorno-in-cui-sei-diventata-mia-moglie\/","og_site_name":"Positive Prints","article_publisher":"https:\/\/www.facebook.com\/positiveprintscom","article_modified_time":"2026-04-03T02:30:33+00:00","og_image":[{"width":1450,"height":1450,"url":"https:\/\/positiveprints.com\/wp-content\/uploads\/2025\/01\/Il-Giorno-in-Cui-Sei-Diventata-Mia-Moglie-1.webp","type":"image\/webp"}],"twitter_card":"summary_large_image","schema":{"@context":"https:\/\/schema.org","@graph":[{"@type":["WebPage","ItemPage"],"@id":"https:\/\/positiveprints.com\/it\/prodotto\/il-giorno-in-cui-sei-diventata-mia-moglie\/","url":"https:\/\/positiveprints.com\/it\/prodotto\/il-giorno-in-cui-sei-diventata-mia-moglie\/","name":"Il Giorno in Cui Sei Diventata Mia Moglie - Positive Prints","isPartOf":{"@id":"https:\/\/positiveprints.com\/it\/#website"},"primaryImageOfPage":{"@id":"https:\/\/positiveprints.com\/it\/prodotto\/il-giorno-in-cui-sei-diventata-mia-moglie\/#primaryimage"},"image":{"@id":"https:\/\/positiveprints.com\/it\/prodotto\/il-giorno-in-cui-sei-diventata-mia-moglie\/#primaryimage"},"thumbnailUrl":"https:\/\/positiveprints.com\/wp-content\/uploads\/2025\/01\/Il-Giorno-in-Cui-Sei-Diventata-Mia-Moglie-1.webp","datePublished":"2022-07-26T09:07:47+00:00","dateModified":"2026-04-03T02:30:33+00:00","description":"Crea il regalo perfetto per tua moglie in occasione del vostro anniversario o per qualsiasi altra giornata speciale da festeggiare insieme.","breadcrumb":{"@id":"https:\/\/positiveprints.com\/it\/prodotto\/il-giorno-in-cui-sei-diventata-mia-moglie\/#breadcrumb"},"inLanguage":"it-IT","potentialAction":[{"@type":"ReadAction","target":["https:\/\/positiveprints.com\/it\/prodotto\/il-giorno-in-cui-sei-diventata-mia-moglie\/"]}]},{"@type":"ImageObject","inLanguage":"it-IT","@id":"https:\/\/positiveprints.com\/it\/prodotto\/il-giorno-in-cui-sei-diventata-mia-moglie\/#primaryimage","url":"https:\/\/positiveprints.com\/wp-content\/uploads\/2025\/01\/Il-Giorno-in-Cui-Sei-Diventata-Mia-Moglie-1.webp","contentUrl":"https:\/\/positiveprints.com\/wp-content\/uploads\/2025\/01\/Il-Giorno-in-Cui-Sei-Diventata-Mia-Moglie-1.webp","width":1450,"height":1450},{"@type":"BreadcrumbList","@id":"https:\/\/positiveprints.com\/it\/prodotto\/il-giorno-in-cui-sei-diventata-mia-moglie\/#breadcrumb","itemListElement":[{"@type":"ListItem","position":1,"name":"Home","item":"https:\/\/positiveprints.com\/it\/"},{"@type":"ListItem","position":2,"name":"Prodotti","item":"https:\/\/positiveprints.com\/it\/shop\/"},{"@type":"ListItem","position":3,"name":"Il Giorno in Cui Sei Diventata Mia Moglie"}]},{"@type":"WebSite","@id":"https:\/\/positiveprints.com\/it\/#website","url":"https:\/\/positiveprints.com\/it\/","name":"Positive Prints","description":"Amazing Custom Personalized Gifts","publisher":{"@id":"https:\/\/positiveprints.com\/it\/#organization"},"potentialAction":[{"@type":"SearchAction","target":{"@type":"EntryPoint","urlTemplate":"https:\/\/positiveprints.com\/it\/?s={search_term_string}"},"query-input":{"@type":"PropertyValueSpecification","valueRequired":true,"valueName":"search_term_string"}}],"inLanguage":"it-IT"},{"@type":"Organization","@id":"https:\/\/positiveprints.com\/it\/#organization","name":"Positive Prints","alternateName":"Positive Prints","url":"https:\/\/positiveprints.com\/it\/","logo":{"@type":"ImageObject","inLanguage":"it-IT","@id":"https:\/\/positiveprints.com\/it\/#\/schema\/logo\/image\/","url":"https:\/\/positiveprints.com\/wp-content\/uploads\/2026\/03\/245815646_1337939713319158_5671353136411139666_n.png","contentUrl":"https:\/\/positiveprints.com\/wp-content\/uploads\/2026\/03\/245815646_1337939713319158_5671353136411139666_n.png","width":800,"height":800,"caption":"Positive Prints"},"image":{"@id":"https:\/\/positiveprints.com\/it\/#\/schema\/logo\/image\/"},"sameAs":["https:\/\/www.facebook.com\/positiveprintscom","https:\/\/www.instagram.com\/positiveprintscom\/","https:\/\/www.tiktok.com\/@positiveprintscom","https:\/\/www.pinterest.com\/positiveprintscom\/"]}]}},"jetpack_sharing_enabled":true,"_links":{"self":[{"href":"https:\/\/positiveprints.com\/it\/wp-json\/wp\/v2\/product\/360840","targetHints":{"allow":["GET"]}}],"collection":[{"href":"https:\/\/positiveprints.com\/it\/wp-json\/wp\/v2\/product"}],"about":[{"href":"https:\/\/positiveprints.com\/it\/wp-json\/wp\/v2\/types\/product"}],"wp:featuredmedia":[{"embeddable":true,"href":"https:\/\/positiveprints.com\/it\/wp-json\/wp\/v2\/media\/1332372"}],"wp:attachment":[{"href":"https:\/\/positiveprints.com\/it\/wp-json\/wp\/v2\/media?parent=360840"}],"wp:term":[{"taxonomy":"product_brand","embeddable":true,"href":"https:\/\/positiveprints.com\/it\/wp-json\/wp\/v2\/product_brand?post=360840"},{"taxonomy":"product_cat","embeddable":true,"href":"https:\/\/positiveprints.com\/it\/wp-json\/wp\/v2\/product_cat?post=360840"},{"taxonomy":"product_tag","embeddable":true,"href":"https:\/\/positiveprints.com\/it\/wp-json\/wp\/v2\/product_tag?post=360840"}],"curies":[{"name":"wp","href":"https:\/\/api.w.org\/{rel}","templated":true}]}}