{"id":359405,"date":"2022-07-25T09:04:02","date_gmt":"2022-07-25T08:04:02","guid":{"rendered":"https:\/\/positiveprints.com\/?post_type=product&#038;p=359405"},"modified":"2026-04-28T14:38:35","modified_gmt":"2026-04-28T13:38:35","slug":"il-giorno-in-cui-sei-diventato-mio-marito","status":"publish","type":"product","link":"https:\/\/positiveprints.com\/it\/prodotto\/il-giorno-in-cui-sei-diventato-mio-marito\/","title":{"rendered":"Il Giorno in Cui Sei Diventato Mio Marito"},"content":{"rendered":"<p>Il giorno in cui vi siete giurati amore eterno \u00e8 stato uno dei pi\u00f9 felici della vostra vita. Crea Il Giorno in Cui Sei Diventato Mio Marito come un modo per dirgli ancora \u201cS\u00ec, lo voglio\u201d.<\/p>\n\n\n\n\n\n<h2 class=\"grenB f24 cblue\" style=\"margin-top: 3rem\">Continua a Celebrare il Vostro Amore con il Giorno in Cui Sei Diventato Mio Marito<\/h2>\n\n\n\n<p style=\"margin-top: 1rem\">Ci sono alcuni momenti della vita che meritano di essere rivissuti pi\u00f9 e pi\u00f9 volte, come il giorno in cui hai sposato tuo marito. Un momento cos\u00ec significativo merita di essere ricordato nel modo pi\u00f9 speciale possibile. Ecco perch\u00e9 abbiamo creato le nostre stampe del Giorno in Cui Sei Diventato Mio Marito.<\/p>\n\n\n\n<p style=\"margin-top: 1rem\">Regalare una stampa personalizzata a tuo marito \u00e8 un modo unico e originale per dimostrargli quanto lui sia importante per te. Dato che hai il completo controllo sulla personalizzazione, puoi scegliere tutti i dettagli che riflettono la personalit\u00e0 e gli interessi di tuo marito. In questo modo, la tua creazione sar\u00e0 molto pi\u00f9 speciale rispetto a un regalo qualsiasi comprato dallo scaffale di un negozio.<\/p>\n\n\n\n<p style=\"margin-top: 1rem\">Il Giorno in Cui Sei Diventato Mio Marito \u00e8 una stampa ricca di significato. Quando la crei, lo fai per la persona a cui vuoi regalarla. Appena la vedr\u00e0, tuo marito si render\u00e0 conto che \u00e8 qualcosa di davvero unico e vorr\u00e0 custodirla per sempre come un vero tesoro.<\/p>\n\n\n\n<h2 class=\"grenB f24 cblue\" style=\"margin-top: 3rem\">Personalizza il Tuo Regalo<\/h2>\n\n\n\n<p style=\"margin-top: 1rem\">Dalla forma della mappa alla scelta dei corpi celesti, puoi scegliere davvero tutto per personalizzare la tua mappa. Includi la data del vostro matrimonio, il luogo, l\u2019orario in cui siete diventati marito e moglie e altre simpatiche curiosit\u00e0. Infine, scegli come ricevere la tua creazione \u2013 una stampa, un poster incorniciato o una romantica tela.<\/p>\n\n\n\n<p style=\"margin-top: 1rem\">Inoltre, la spedizione \u00e8 in tutto il mondo. Altrimenti, puoi scegliere la velocit\u00e0 di un file digitale da scaricare in pochi secondi. Creare la tua mappa stellare personalizzata \u00e8 facile come contare fino a 10!<\/p>","protected":false},"excerpt":{"rendered":"<ul class=\"check-list\">\n<li>Dimostra a tuo marito tutto il tuo amore con una mappa stellare del giorno in cui vi siete sposati<\/li>\n<li>Aggiungi pianeti, costellazioni e la Via Lattea<\/li>\n<li>Personalizzala in 3 semplici passaggi<\/li>\n<li>Aggiungi un testo personalizzato<\/li>\n<li>Guarda subito il risultato \u2013 l&#8217;anteprima interattiva ti permette di perfezionare ogni dettaglio<\/li>\n<\/ul>\n","protected":false},"featured_media":1353945,"template":"","meta":[],"product_brand":[],"product_cat":[7641,4448],"product_tag":[14889],"class_list":{"0":"post-359405","1":"product","2":"type-product","3":"status-publish","4":"has-post-thumbnail","6":"product_cat-regali-per-il-marito","7":"product_cat-star-it-2","8":"product_tag-anniversary-it-2","10":"first","11":"instock","12":"sale","13":"taxable","14":"shipping-taxable","15":"purchasable","16":"product-type-variable"},"yoast_head":"<!-- This site is optimized with the Yoast SEO Premium plugin v27.2 (Yoast SEO v27.2) - https:\/\/yoast.com\/product\/yoast-seo-premium-wordpress\/ -->\n<title>Il Giorno in Cui Sei Diventato Mio Marito - Positive Prints<\/title>\n<meta name=\"description\" content=\"Crea il regalo perfetto per tuo marito in occasione del vostro anniversario o per qualsiasi altra giornata speciale da festeggiare insieme.\" \/>\n<meta name=\"robots\" content=\"index, follow, max-snippet:-1, max-image-preview:large, max-video-preview:-1\" \/>\n<link rel=\"canonical\" href=\"https:\/\/positiveprints.com\/it\/prodotto\/il-giorno-in-cui-sei-diventato-mio-marito\/\" \/>\n<meta property=\"og:locale\" content=\"it_IT\" \/>\n<meta property=\"og:type\" content=\"article\" \/>\n<meta property=\"og:title\" content=\"Il Giorno in Cui Sei Diventato Mio Marito\" \/>\n<meta property=\"og:description\" content=\"Dimostra a tuo marito tutto il tuo amore con una mappa stellare del giorno in cui vi siete sposati Aggiungi pianeti, costellazioni e la Via Lattea Personalizzala in 3 semplici passaggi Aggiungi un testo personalizzato Guarda subito il risultato \u2013 l&#039;anteprima interattiva ti permette di perfezionare ogni dettaglio\" \/>\n<meta property=\"og:url\" content=\"https:\/\/positiveprints.com\/it\/prodotto\/il-giorno-in-cui-sei-diventato-mio-marito\/\" \/>\n<meta property=\"og:site_name\" content=\"Positive Prints\" \/>\n<meta property=\"article:publisher\" content=\"https:\/\/www.facebook.com\/positiveprintscom\" \/>\n<meta property=\"article:modified_time\" content=\"2026-04-28T13:38:35+00:00\" \/>\n<meta property=\"og:image\" content=\"https:\/\/positiveprints.com\/wp-content\/uploads\/2024\/03\/The-Day-You-Became-My-Husband.jpg\" \/>\n\t<meta property=\"og:image:width\" content=\"1500\" \/>\n\t<meta property=\"og:image:height\" content=\"1500\" \/>\n\t<meta property=\"og:image:type\" content=\"image\/jpeg\" \/>\n<meta name=\"twitter:card\" content=\"summary_large_image\" \/>\n<!-- \/ Yoast SEO Premium plugin. -->","yoast_head_json":{"title":"Il Giorno in Cui Sei Diventato Mio Marito - Positive Prints","description":"Crea il regalo perfetto per tuo marito in occasione del vostro anniversario o per qualsiasi altra giornata speciale da festeggiare insieme.","robots":{"index":"index","follow":"follow","max-snippet":"max-snippet:-1","max-image-preview":"max-image-preview:large","max-video-preview":"max-video-preview:-1"},"canonical":"https:\/\/positiveprints.com\/it\/prodotto\/il-giorno-in-cui-sei-diventato-mio-marito\/","og_locale":"it_IT","og_type":"article","og_title":"Il Giorno in Cui Sei Diventato Mio Marito","og_description":"Dimostra a tuo marito tutto il tuo amore con una mappa stellare del giorno in cui vi siete sposati Aggiungi pianeti, costellazioni e la Via Lattea Personalizzala in 3 semplici passaggi Aggiungi un testo personalizzato Guarda subito il risultato \u2013 l'anteprima interattiva ti permette di perfezionare ogni dettaglio","og_url":"https:\/\/positiveprints.com\/it\/prodotto\/il-giorno-in-cui-sei-diventato-mio-marito\/","og_site_name":"Positive Prints","article_publisher":"https:\/\/www.facebook.com\/positiveprintscom","article_modified_time":"2026-04-28T13:38:35+00:00","og_image":[{"width":1500,"height":1500,"url":"https:\/\/positiveprints.com\/wp-content\/uploads\/2024\/03\/The-Day-You-Became-My-Husband.jpg","type":"image\/jpeg"}],"twitter_card":"summary_large_image","schema":{"@context":"https:\/\/schema.org","@graph":[{"@type":["WebPage","ItemPage"],"@id":"https:\/\/positiveprints.com\/it\/prodotto\/il-giorno-in-cui-sei-diventato-mio-marito\/","url":"https:\/\/positiveprints.com\/it\/prodotto\/il-giorno-in-cui-sei-diventato-mio-marito\/","name":"Il Giorno in Cui Sei Diventato Mio Marito - Positive Prints","isPartOf":{"@id":"https:\/\/positiveprints.com\/it\/#website"},"primaryImageOfPage":{"@id":"https:\/\/positiveprints.com\/it\/prodotto\/il-giorno-in-cui-sei-diventato-mio-marito\/#primaryimage"},"image":{"@id":"https:\/\/positiveprints.com\/it\/prodotto\/il-giorno-in-cui-sei-diventato-mio-marito\/#primaryimage"},"thumbnailUrl":"https:\/\/positiveprints.com\/wp-content\/uploads\/2025\/02\/Il-Giorno-in-Cui-Sei-Diventato-Mio-Marito-1.webp","datePublished":"2022-07-25T08:04:02+00:00","dateModified":"2026-04-28T13:38:35+00:00","description":"Crea il regalo perfetto per tuo marito in occasione del vostro anniversario o per qualsiasi altra giornata speciale da festeggiare insieme.","breadcrumb":{"@id":"https:\/\/positiveprints.com\/it\/prodotto\/il-giorno-in-cui-sei-diventato-mio-marito\/#breadcrumb"},"inLanguage":"it-IT","potentialAction":[{"@type":"ReadAction","target":["https:\/\/positiveprints.com\/it\/prodotto\/il-giorno-in-cui-sei-diventato-mio-marito\/"]}]},{"@type":"ImageObject","inLanguage":"it-IT","@id":"https:\/\/positiveprints.com\/it\/prodotto\/il-giorno-in-cui-sei-diventato-mio-marito\/#primaryimage","url":"https:\/\/positiveprints.com\/wp-content\/uploads\/2025\/02\/Il-Giorno-in-Cui-Sei-Diventato-Mio-Marito-1.webp","contentUrl":"https:\/\/positiveprints.com\/wp-content\/uploads\/2025\/02\/Il-Giorno-in-Cui-Sei-Diventato-Mio-Marito-1.webp","width":1450,"height":1450},{"@type":"BreadcrumbList","@id":"https:\/\/positiveprints.com\/it\/prodotto\/il-giorno-in-cui-sei-diventato-mio-marito\/#breadcrumb","itemListElement":[{"@type":"ListItem","position":1,"name":"Home","item":"https:\/\/positiveprints.com\/it\/"},{"@type":"ListItem","position":2,"name":"Prodotti","item":"https:\/\/positiveprints.com\/it\/shop\/"},{"@type":"ListItem","position":3,"name":"Il Giorno in Cui Sei Diventato Mio Marito"}]},{"@type":"WebSite","@id":"https:\/\/positiveprints.com\/it\/#website","url":"https:\/\/positiveprints.com\/it\/","name":"Positive Prints","description":"Amazing Custom Personalized Gifts","publisher":{"@id":"https:\/\/positiveprints.com\/it\/#organization"},"potentialAction":[{"@type":"SearchAction","target":{"@type":"EntryPoint","urlTemplate":"https:\/\/positiveprints.com\/it\/?s={search_term_string}"},"query-input":{"@type":"PropertyValueSpecification","valueRequired":true,"valueName":"search_term_string"}}],"inLanguage":"it-IT"},{"@type":"Organization","@id":"https:\/\/positiveprints.com\/it\/#organization","name":"Positive Prints","alternateName":"Positive Prints","url":"https:\/\/positiveprints.com\/it\/","logo":{"@type":"ImageObject","inLanguage":"it-IT","@id":"https:\/\/positiveprints.com\/it\/#\/schema\/logo\/image\/","url":"https:\/\/positiveprints.com\/wp-content\/uploads\/2026\/03\/245815646_1337939713319158_5671353136411139666_n.png","contentUrl":"https:\/\/positiveprints.com\/wp-content\/uploads\/2026\/03\/245815646_1337939713319158_5671353136411139666_n.png","width":800,"height":800,"caption":"Positive Prints"},"image":{"@id":"https:\/\/positiveprints.com\/it\/#\/schema\/logo\/image\/"},"sameAs":["https:\/\/www.facebook.com\/positiveprintscom","https:\/\/www.instagram.com\/positiveprintscom\/","https:\/\/www.tiktok.com\/@positiveprintscom","https:\/\/www.pinterest.com\/positiveprintscom\/"]}]}},"jetpack_sharing_enabled":true,"_links":{"self":[{"href":"https:\/\/positiveprints.com\/it\/wp-json\/wp\/v2\/product\/359405","targetHints":{"allow":["GET"]}}],"collection":[{"href":"https:\/\/positiveprints.com\/it\/wp-json\/wp\/v2\/product"}],"about":[{"href":"https:\/\/positiveprints.com\/it\/wp-json\/wp\/v2\/types\/product"}],"wp:featuredmedia":[{"embeddable":true,"href":"https:\/\/positiveprints.com\/it\/wp-json\/wp\/v2\/media\/1353945"}],"wp:attachment":[{"href":"https:\/\/positiveprints.com\/it\/wp-json\/wp\/v2\/media?parent=359405"}],"wp:term":[{"taxonomy":"product_brand","embeddable":true,"href":"https:\/\/positiveprints.com\/it\/wp-json\/wp\/v2\/product_brand?post=359405"},{"taxonomy":"product_cat","embeddable":true,"href":"https:\/\/positiveprints.com\/it\/wp-json\/wp\/v2\/product_cat?post=359405"},{"taxonomy":"product_tag","embeddable":true,"href":"https:\/\/positiveprints.com\/it\/wp-json\/wp\/v2\/product_tag?post=359405"}],"curies":[{"name":"wp","href":"https:\/\/api.w.org\/{rel}","templated":true}]}}