{"id":359313,"date":"2022-07-21T12:33:18","date_gmt":"2022-07-21T11:33:18","guid":{"rendered":"https:\/\/positiveprints.com\/?post_type=product&#038;p=359313"},"modified":"2026-04-18T06:53:47","modified_gmt":"2026-04-18T05:53:47","slug":"onda-sonora-del-tuo-brano-preferito","status":"publish","type":"product","link":"https:\/\/positiveprints.com\/it\/prodotto\/onda-sonora-del-tuo-brano-preferito\/","title":{"rendered":"Onda Sonora del Tuo Brano Preferito"},"content":{"rendered":"<p>La musica nutre le nostre orecchie e lenisce le nostre anime. E d\u2019ora in poi, sar\u00e0 anche un piacere per gli occhi. Con i nostri regali personalizzati puoi trasformare il tuo brano preferito in un\u2019onda sonora personalizzata.<\/p>\r\n\r\n\r\n\r\n\r\n\r\n<h2 class=\"grenB f24 cblue\" style=\"margin-top: 3rem\">Cos\u2019\u00e8 l\u2019Onda Sonora della Musica?<\/h2>\r\n\r\n\r\n\r\n<p style=\"margin-top: 1rem\">Ogni suono che ci circonda, sia esso una canzone o un discorso, viaggia attraverso onde sonore. Non possiamo vederle a occhio nudo, ma con la piattaforma giusta possiamo aggiungere l\u2019elemento visivo mancante. Ed \u00e8 proprio questo quello che facciamo con le nostre Onde Sonore dei Tuoi Brani Preferiti.<\/p>\r\n\r\n\r\n\r\n<p style=\"margin-top: 1rem\">Prendiamo la tua canzone preferita e la trasformiamo in un\u2019opera d\u2019arte visiva. Scopri l\u2019aspetto della tua canzone e immergiti nella sua magia in un modo completamente nuovo. Un codice QR integrato ti consente di scansionare e riprodurre la canzone, permettendo a tutti di ascoltarla, perfetto per quando cerchi quella scintilla di ispirazione creativa.<\/p>\r\n\r\n\r\n\r\n\r\n\r\n<h2 class=\"grenB f24 cblue\" style=\"margin-top: 3rem\">Trasforma la Tua Canzone Preferita in un\u2019Onda Sonora<\/h2>\r\n\r\n\r\n\r\n<p style=\"margin-top: 1rem\">Quando si tratta di trasformare il tuo brano perferito in un\u2019onda sonora, Positive Prints si prende cura del lavoro pi\u00f9 difficile. Carica un file audio della canzone che hai scelto, scegli uno dei nostri modelli predefinito e trasformeremo la tua canzone in un capolavoro ancora pi\u00f9 bello. Hai anche la possibilit\u00e0 di personalizzare la tua stampa con una strofa tratta dalla canzone, il titolo o qualsiasi altra cosa possa dare pi\u00f9 significato alla tua creazione.<\/p>\r\n\r\n\r\n\r\n<p style=\"margin-top: 1rem\">Le nostre onde sonore personalizzate sono disponibili in formato poster, tela o file digitale da scaricare immediatamente e stampare nella tua copisteria di fiducia. Aggiungi una cornice, appendila alle pareti della tua casa e preparati a stupire amici e famiglia. E se stai cercando il miglior regalo per chi ha appena comprato casa nuova, l\u2019hai appena trovato.<\/p>\r\n\r\n\r\n\r\n<h2 class=\"grenB f24 cblue\" style=\"margin-top: 3rem\">Regala un Po\u2019 d\u2019Ispirazione!<\/h2>\r\n\r\n\r\n\r\n<p style=\"margin-top: 1rem\">Le onde personalizzate sono il regalo perfetto per matrimoni, fidanzamenti, lauree, nascite, pensionamenti o per qualsiasi occasione in cui la vita sembra avere una colonna sonora. \u00c8 un dono che viene dal cuore, inaspettato e indimenticabile!<\/p>","protected":false},"excerpt":{"rendered":"<ul class=\"check-list\">\n<li>Carica semplicemente un file audio<\/li>\n<li>Aggiungi un codice QR e usalo per riprodurre la tua canzone preferita\n<li>Personalizzala in 3 semplici passaggi<\/li>\n<li>Scegli un template o dai sfogo alla fantasia<\/li>\n<\/ul>\n","protected":false},"featured_media":1277719,"template":"","meta":[],"product_brand":[],"product_cat":[8191,8216,11182,11181,11183,5343,11555,11556,11557,11558,11628,11629,11630,11631,11215,11216,5291,5269,11425,11426,11431,11419,11424,11418,11432,11427,11428,7673,7624,7641,7656,7768,7784,7737,7752,7800,7848,7832,7481],"product_tag":[15407,15085,9420,11754,13456,11798,11768,11796,11800,11799,13427],"class_list":{"0":"post-359313","1":"product","2":"type-product","3":"status-publish","4":"has-post-thumbnail","6":"product_cat-per-lei","7":"product_cat-per-lui","8":"product_cat-regali-di-anniversario-per-coppie","9":"product_cat-regali-di-anniversario-per-lei","10":"product_cat-regali-di-anniversario-per-lui","11":"product_cat-regali-di-compleanno","12":"product_cat-compleanno-18-anni","13":"product_cat-compleanno-21-anni","14":"product_cat-compleanno-30-anni","15":"product_cat-compleanno-40-anni","16":"product_cat-compleanno-50-anni","17":"product_cat-compleanno-60-anni","18":"product_cat-compleanno-70-anni","19":"product_cat-compleanno-80-anni","20":"product_cat-regali-di-compleanno-per-lei","21":"product_cat-regali-di-compleanno-per-lui","22":"product_cat-regali-per-una-casa-nuova","23":"product_cat-regali-di-natale","24":"product_cat-regali-di-natale-per-lei","25":"product_cat-regali-di-natale-per-lui","26":"product_cat-regali-di-natale-per-la-sorella","27":"product_cat-regali-di-natale-per-il-fratello-regali-di-natale-idee-regalo","28":"product_cat-regali-di-natale-per-la-fidanzata","29":"product_cat-regali-di-natale-per-il-fidanzato","30":"product_cat-regali-di-natale-per-la-moglie","31":"product_cat-regali-di-natale-per-il-marito","32":"product_cat-regali-di-natale-per-i-bambini","33":"product_cat-regali-per-il-fidanzato","34":"product_cat-regali-per-un-fratello","35":"product_cat-regali-per-il-marito","36":"product_cat-regali-per-un-figlio","37":"product_cat-regali-per-una-figlia","38":"product_cat-regali-per-la-fidanzata","39":"product_cat-regali-per-una-sorella","40":"product_cat-regali-per-la-moglie","41":"product_cat-regali-per-una-coppia","42":"product_cat-regali-per-la-famiglia","43":"product_cat-regali-per-gli-amici","44":"product_cat-onda-sonora-it","45":"product_tag-audio-it","46":"product_tag-birthday-de-it","47":"product_tag-musica","48":"product_tag-regali-di-natale-per-il-fidanzato","49":"product_tag-regali-di-natale-per-il-fratello","50":"product_tag-regali-di-natale-per-il-marito","51":"product_tag-regali-di-natale-per-la-fidanzata","52":"product_tag-regali-di-natale-per-la-moglie","53":"product_tag-regali-di-natale-per-lei","54":"product_tag-regali-di-natale-per-lui","55":"product_tag-regalo-di-natale-per-la-sorella","57":"first","58":"instock","59":"sale","60":"taxable","61":"shipping-taxable","62":"purchasable","63":"product-type-variable"},"yoast_head":"<!-- This site is optimized with the Yoast SEO Premium plugin v27.2 (Yoast SEO v27.2) - https:\/\/yoast.com\/product\/yoast-seo-premium-wordpress\/ -->\n<title>Onda Sonora del Tuo Brano Preferito - Positive Prints<\/title>\n<meta name=\"description\" content=\"Trasforma la tua canzone preferita in una grafica personalizzata. Osserva le onde sonore del tuo brano e scansiona il QR code per ascoltarla davvero!\" \/>\n<meta name=\"robots\" content=\"index, follow, max-snippet:-1, max-image-preview:large, max-video-preview:-1\" \/>\n<link rel=\"canonical\" href=\"https:\/\/positiveprints.com\/it\/prodotto\/onda-sonora-del-tuo-brano-preferito\/\" \/>\n<meta property=\"og:locale\" content=\"it_IT\" \/>\n<meta property=\"og:type\" content=\"article\" \/>\n<meta property=\"og:title\" content=\"Onda Sonora del Tuo Brano Preferito\" \/>\n<meta property=\"og:description\" content=\"Carica semplicemente un file audio  Aggiungi un codice QR e usalo per riprodurre la tua canzone preferita  Personalizzala in 3 semplici passaggi  Scegli un template o dai sfogo alla fantasia\" \/>\n<meta property=\"og:url\" content=\"https:\/\/positiveprints.com\/it\/prodotto\/onda-sonora-del-tuo-brano-preferito\/\" \/>\n<meta property=\"og:site_name\" content=\"Positive Prints\" \/>\n<meta property=\"article:publisher\" content=\"https:\/\/www.facebook.com\/positiveprintscom\" \/>\n<meta property=\"article:modified_time\" content=\"2026-04-18T05:53:47+00:00\" \/>\n<meta property=\"og:image\" content=\"https:\/\/positiveprints.com\/wp-content\/uploads\/2024\/11\/Packshot_IT_Custom-Song-Soundwave-Art-product-image-.webp\" \/>\n\t<meta property=\"og:image:width\" content=\"1450\" \/>\n\t<meta property=\"og:image:height\" content=\"1450\" \/>\n\t<meta property=\"og:image:type\" content=\"image\/webp\" \/>\n<meta name=\"twitter:card\" content=\"summary_large_image\" \/>\n<meta name=\"twitter:label1\" content=\"Tempo di lettura stimato\" \/>\n\t<meta name=\"twitter:data1\" content=\"2 minuti\" \/>\n<!-- \/ Yoast SEO Premium plugin. -->","yoast_head_json":{"title":"Onda Sonora del Tuo Brano Preferito - Positive Prints","description":"Trasforma la tua canzone preferita in una grafica personalizzata. Osserva le onde sonore del tuo brano e scansiona il QR code per ascoltarla davvero!","robots":{"index":"index","follow":"follow","max-snippet":"max-snippet:-1","max-image-preview":"max-image-preview:large","max-video-preview":"max-video-preview:-1"},"canonical":"https:\/\/positiveprints.com\/it\/prodotto\/onda-sonora-del-tuo-brano-preferito\/","og_locale":"it_IT","og_type":"article","og_title":"Onda Sonora del Tuo Brano Preferito","og_description":"Carica semplicemente un file audio  Aggiungi un codice QR e usalo per riprodurre la tua canzone preferita  Personalizzala in 3 semplici passaggi  Scegli un template o dai sfogo alla fantasia","og_url":"https:\/\/positiveprints.com\/it\/prodotto\/onda-sonora-del-tuo-brano-preferito\/","og_site_name":"Positive Prints","article_publisher":"https:\/\/www.facebook.com\/positiveprintscom","article_modified_time":"2026-04-18T05:53:47+00:00","og_image":[{"width":1450,"height":1450,"url":"https:\/\/positiveprints.com\/wp-content\/uploads\/2024\/11\/Packshot_IT_Custom-Song-Soundwave-Art-product-image-.webp","type":"image\/webp"}],"twitter_card":"summary_large_image","twitter_misc":{"Tempo di lettura stimato":"2 minuti"},"schema":{"@context":"https:\/\/schema.org","@graph":[{"@type":["WebPage","ItemPage"],"@id":"https:\/\/positiveprints.com\/it\/prodotto\/onda-sonora-del-tuo-brano-preferito\/","url":"https:\/\/positiveprints.com\/it\/prodotto\/onda-sonora-del-tuo-brano-preferito\/","name":"Onda Sonora del Tuo Brano Preferito - Positive Prints","isPartOf":{"@id":"https:\/\/positiveprints.com\/it\/#website"},"primaryImageOfPage":{"@id":"https:\/\/positiveprints.com\/it\/prodotto\/onda-sonora-del-tuo-brano-preferito\/#primaryimage"},"image":{"@id":"https:\/\/positiveprints.com\/it\/prodotto\/onda-sonora-del-tuo-brano-preferito\/#primaryimage"},"thumbnailUrl":"https:\/\/positiveprints.com\/wp-content\/uploads\/2024\/11\/Packshot_IT_Custom-Song-Soundwave-Art-product-image-.webp","datePublished":"2022-07-21T11:33:18+00:00","dateModified":"2026-04-18T05:53:47+00:00","description":"Trasforma la tua canzone preferita in una grafica personalizzata. Osserva le onde sonore del tuo brano e scansiona il QR code per ascoltarla davvero!","breadcrumb":{"@id":"https:\/\/positiveprints.com\/it\/prodotto\/onda-sonora-del-tuo-brano-preferito\/#breadcrumb"},"inLanguage":"it-IT","potentialAction":[{"@type":"ReadAction","target":["https:\/\/positiveprints.com\/it\/prodotto\/onda-sonora-del-tuo-brano-preferito\/"]}]},{"@type":"ImageObject","inLanguage":"it-IT","@id":"https:\/\/positiveprints.com\/it\/prodotto\/onda-sonora-del-tuo-brano-preferito\/#primaryimage","url":"https:\/\/positiveprints.com\/wp-content\/uploads\/2024\/11\/Packshot_IT_Custom-Song-Soundwave-Art-product-image-.webp","contentUrl":"https:\/\/positiveprints.com\/wp-content\/uploads\/2024\/11\/Packshot_IT_Custom-Song-Soundwave-Art-product-image-.webp","width":1450,"height":1450},{"@type":"BreadcrumbList","@id":"https:\/\/positiveprints.com\/it\/prodotto\/onda-sonora-del-tuo-brano-preferito\/#breadcrumb","itemListElement":[{"@type":"ListItem","position":1,"name":"Home","item":"https:\/\/positiveprints.com\/it\/"},{"@type":"ListItem","position":2,"name":"Prodotti","item":"https:\/\/positiveprints.com\/it\/shop\/"},{"@type":"ListItem","position":3,"name":"Onda Sonora del Tuo Brano Preferito"}]},{"@type":"WebSite","@id":"https:\/\/positiveprints.com\/it\/#website","url":"https:\/\/positiveprints.com\/it\/","name":"Positive Prints","description":"Amazing Custom Personalized Gifts","publisher":{"@id":"https:\/\/positiveprints.com\/it\/#organization"},"potentialAction":[{"@type":"SearchAction","target":{"@type":"EntryPoint","urlTemplate":"https:\/\/positiveprints.com\/it\/?s={search_term_string}"},"query-input":{"@type":"PropertyValueSpecification","valueRequired":true,"valueName":"search_term_string"}}],"inLanguage":"it-IT"},{"@type":"Organization","@id":"https:\/\/positiveprints.com\/it\/#organization","name":"Positive Prints","alternateName":"Positive Prints","url":"https:\/\/positiveprints.com\/it\/","logo":{"@type":"ImageObject","inLanguage":"it-IT","@id":"https:\/\/positiveprints.com\/it\/#\/schema\/logo\/image\/","url":"https:\/\/positiveprints.com\/wp-content\/uploads\/2026\/03\/245815646_1337939713319158_5671353136411139666_n.png","contentUrl":"https:\/\/positiveprints.com\/wp-content\/uploads\/2026\/03\/245815646_1337939713319158_5671353136411139666_n.png","width":800,"height":800,"caption":"Positive Prints"},"image":{"@id":"https:\/\/positiveprints.com\/it\/#\/schema\/logo\/image\/"},"sameAs":["https:\/\/www.facebook.com\/positiveprintscom","https:\/\/www.instagram.com\/positiveprintscom\/","https:\/\/www.tiktok.com\/@positiveprintscom","https:\/\/www.pinterest.com\/positiveprintscom\/"]}]}},"jetpack_sharing_enabled":true,"_links":{"self":[{"href":"https:\/\/positiveprints.com\/it\/wp-json\/wp\/v2\/product\/359313","targetHints":{"allow":["GET"]}}],"collection":[{"href":"https:\/\/positiveprints.com\/it\/wp-json\/wp\/v2\/product"}],"about":[{"href":"https:\/\/positiveprints.com\/it\/wp-json\/wp\/v2\/types\/product"}],"wp:featuredmedia":[{"embeddable":true,"href":"https:\/\/positiveprints.com\/it\/wp-json\/wp\/v2\/media\/1277719"}],"wp:attachment":[{"href":"https:\/\/positiveprints.com\/it\/wp-json\/wp\/v2\/media?parent=359313"}],"wp:term":[{"taxonomy":"product_brand","embeddable":true,"href":"https:\/\/positiveprints.com\/it\/wp-json\/wp\/v2\/product_brand?post=359313"},{"taxonomy":"product_cat","embeddable":true,"href":"https:\/\/positiveprints.com\/it\/wp-json\/wp\/v2\/product_cat?post=359313"},{"taxonomy":"product_tag","embeddable":true,"href":"https:\/\/positiveprints.com\/it\/wp-json\/wp\/v2\/product_tag?post=359313"}],"curies":[{"name":"wp","href":"https:\/\/api.w.org\/{rel}","templated":true}]}}