{"id":359304,"date":"2022-07-20T10:55:52","date_gmt":"2022-07-20T09:55:52","guid":{"rendered":"https:\/\/positiveprints.com\/?post_type=product&#038;p=359304"},"modified":"2026-04-23T11:49:16","modified_gmt":"2026-04-23T10:49:16","slug":"onda-sonora-del-primo-ballo","status":"publish","type":"product","link":"https:\/\/positiveprints.com\/it\/prodotto\/onda-sonora-del-primo-ballo\/","title":{"rendered":"Onda Sonora del Primo Ballo"},"content":{"rendered":"<p>La scelta della canzone per il primo ballo da sposati non \u00e8 una decisione che pu\u00f2 essere presa alla leggera. La musica andr\u00e0 avanti per tutta la notte, ma quella specifica canzone rester\u00e0 incisa nei vostri cuori per sempre. Conserva questo momento speciale per l\u2019eternit\u00e0 con l\u2019Onda Sonora del Primo Ballo di Positive Prints.<\/p>\n\n\n\n\n\n<h2 class=\"grenB f24 cblue\" style=\"margin-top: 3rem\">Rivivi il Primo Ballo per Sempre<\/h2>\n\n\n\n<p style=\"margin-top: 1rem\">Per organizzare un matrimonio ci vogliono mesi, se non addirittura anni. Ma \u00e8 solo quando arriva quel giorno tanto atteso che ti rendi conto che passa in un istante. Rivivere ogni momento felice \u00e8 pi\u00f9 facile quando hai un punto di riferimento come il nostro regalo di matrimonio personalizzato.<\/p>\n\n\n\n<p style=\"margin-top: 1rem\">Queste bellissime stampe di onde sonore trasformano la canzone del vostro primo ballo in un capolavoro da ascoltare. Guarda la vostra canzone prendere vita, scansiona il QR code integrato e fai partire la vostra canzone per rivivere quel magico momento. Aggiungi tutti i dettagli che vuoi per rendere la tua onda sonora personalizzata ancora pi\u00f9 unica.<\/p>\n\n\n\n<h2 class=\"grenB f24 cblue\" style=\"margin-top: 3rem\">Trasforma il Primo Ballo in Un Capolavoro<\/h2>\n\n\n\n<p style=\"margin-top: 1rem\">Che siano passati anni dal giorno delle vostre nozze o che abbiate appena iniziato il vostro viaggio insieme, possiamo trasformare la canzone del vostro primo balle in un\u2019opera d\u2019arte da esporre sulle pareti di casa vostra. Carica il file audio della vostra canzone, scegli uno dei modelli creati dai nostri designer e dai inizio a una stampa perfetta. Esplora le palette e i layout mentre guardi la tua creazione prendere vita in tempo reale. Aggiungi tutti i dettagli che vuoi, come il nome della canzone, una citazione, la data del vostro matrimonio o qualsiasi altra cosa che ti aiuti a raccontare la vostra storia.<\/p>\n\n\n\n<p style=\"margin-top: 1rem\">Possiamo consegnarti la tua Onda Sonora del Primo Ballo in formato poster, tela o file digitale. Stampiamo tutte le nostre stampe su carta di alta qualit\u00e0 e le spediamo in tutto il mondo. Cattura questo momento speciale della vostra vita insieme e trasformalo subito in un ricordo indelebile.<\/p>\n\n\n\n<h2 class=\"grenB f24 cblue\" style=\"margin-top: 3rem\">Il Regalo Perfetto per Matrimoni e Anniversari!<\/h2>\n\n\n\n<p style=\"margin-top: 1rem\">La nostra Onda Sonora del Primo Ballo \u00e8 perfetta da regalare in occasione di matrimoni, anniversarti e qualsiasi altra occasione in cui desideri regalare qualcosa di grande impatto. \u00c8 un modo veloce e semplice di donare un regalo che viene dal cuore.<\/p>","protected":false},"excerpt":{"rendered":"<ul class=\"check-list\">\n<li>Cattura il momento in cui avete ballato per la prima volta da marito e moglie ed esponi un meraviglioso capolavoro a casa vostra<\/li>\n<li>Carica semplicemente un file audio<\/li>\n<li>Aggiungi un codice QR e usalo per riprodurre la tua canzone preferita\n<li>Personalizzala in 3 semplici passaggi<\/li>\n<li>Scegli un template o dai sfogo alla fantasia<\/li>\n<\/ul>\n","protected":false},"featured_media":1700618,"template":"","meta":[],"product_brand":[],"product_cat":[5311,7481],"product_tag":[14889],"class_list":{"0":"post-359304","1":"product","2":"type-product","3":"status-publish","4":"has-post-thumbnail","6":"product_cat-regali-di-matrimonio","7":"product_cat-onda-sonora-it","8":"product_tag-anniversary-it-2","10":"first","11":"instock","12":"sale","13":"taxable","14":"shipping-taxable","15":"purchasable","16":"product-type-variable"},"yoast_head":"<!-- This site is optimized with the Yoast SEO Premium plugin v27.2 (Yoast SEO v27.2) - https:\/\/yoast.com\/product\/yoast-seo-premium-wordpress\/ -->\n<title>Onda Sonora del Primo Ballo - Positive Prints<\/title>\n<meta name=\"description\" content=\"Il vostro primo ballo da marito e moglie \u00e8 stato uno dei momenti pi\u00f9 emozionanti. Ricorda per sempre quella canzone con un\u2019Onda Sonora personalizzata.\" \/>\n<meta name=\"robots\" content=\"index, follow, max-snippet:-1, max-image-preview:large, max-video-preview:-1\" \/>\n<link rel=\"canonical\" href=\"https:\/\/positiveprints.com\/it\/prodotto\/onda-sonora-del-primo-ballo\/\" \/>\n<meta property=\"og:locale\" content=\"it_IT\" \/>\n<meta property=\"og:type\" content=\"article\" \/>\n<meta property=\"og:title\" content=\"Onda Sonora del Primo Ballo\" \/>\n<meta property=\"og:description\" content=\"Cattura il momento in cui avete ballato per la prima volta da marito e moglie ed esponi un meraviglioso capolavoro a casa vostra Carica semplicemente un file audio Aggiungi un codice QR e usalo per riprodurre la tua canzone preferita Personalizzala in 3 semplici passaggi Scegli un template o dai sfogo alla fantasia\" \/>\n<meta property=\"og:url\" content=\"https:\/\/positiveprints.com\/it\/prodotto\/onda-sonora-del-primo-ballo\/\" \/>\n<meta property=\"og:site_name\" content=\"Positive Prints\" \/>\n<meta property=\"article:publisher\" content=\"https:\/\/www.facebook.com\/positiveprintscom\" \/>\n<meta property=\"article:modified_time\" content=\"2026-04-23T10:49:16+00:00\" \/>\n<meta property=\"og:image\" content=\"https:\/\/positiveprints.com\/wp-content\/uploads\/2023\/07\/Onda-Sonora-del-Primo-Ballo.jpg\" \/>\n\t<meta property=\"og:image:width\" content=\"1080\" \/>\n\t<meta property=\"og:image:height\" content=\"1080\" \/>\n\t<meta property=\"og:image:type\" content=\"image\/jpeg\" \/>\n<meta name=\"twitter:card\" content=\"summary_large_image\" \/>\n<!-- \/ Yoast SEO Premium plugin. -->","yoast_head_json":{"title":"Onda Sonora del Primo Ballo - Positive Prints","description":"Il vostro primo ballo da marito e moglie \u00e8 stato uno dei momenti pi\u00f9 emozionanti. Ricorda per sempre quella canzone con un\u2019Onda Sonora personalizzata.","robots":{"index":"index","follow":"follow","max-snippet":"max-snippet:-1","max-image-preview":"max-image-preview:large","max-video-preview":"max-video-preview:-1"},"canonical":"https:\/\/positiveprints.com\/it\/prodotto\/onda-sonora-del-primo-ballo\/","og_locale":"it_IT","og_type":"article","og_title":"Onda Sonora del Primo Ballo","og_description":"Cattura il momento in cui avete ballato per la prima volta da marito e moglie ed esponi un meraviglioso capolavoro a casa vostra Carica semplicemente un file audio Aggiungi un codice QR e usalo per riprodurre la tua canzone preferita Personalizzala in 3 semplici passaggi Scegli un template o dai sfogo alla fantasia","og_url":"https:\/\/positiveprints.com\/it\/prodotto\/onda-sonora-del-primo-ballo\/","og_site_name":"Positive Prints","article_publisher":"https:\/\/www.facebook.com\/positiveprintscom","article_modified_time":"2026-04-23T10:49:16+00:00","og_image":[{"width":1080,"height":1080,"url":"https:\/\/positiveprints.com\/wp-content\/uploads\/2023\/07\/Onda-Sonora-del-Primo-Ballo.jpg","type":"image\/jpeg"}],"twitter_card":"summary_large_image","schema":{"@context":"https:\/\/schema.org","@graph":[{"@type":["WebPage","ItemPage"],"@id":"https:\/\/positiveprints.com\/it\/prodotto\/onda-sonora-del-primo-ballo\/","url":"https:\/\/positiveprints.com\/it\/prodotto\/onda-sonora-del-primo-ballo\/","name":"Onda Sonora del Primo Ballo - Positive Prints","isPartOf":{"@id":"https:\/\/positiveprints.com\/it\/#website"},"primaryImageOfPage":{"@id":"https:\/\/positiveprints.com\/it\/prodotto\/onda-sonora-del-primo-ballo\/#primaryimage"},"image":{"@id":"https:\/\/positiveprints.com\/it\/prodotto\/onda-sonora-del-primo-ballo\/#primaryimage"},"thumbnailUrl":"https:\/\/positiveprints.com\/wp-content\/uploads\/2026\/04\/Packshot_IT_XX-Arte-dellonda-sonora-della-canzone-del-primo-ballo.webp","datePublished":"2022-07-20T09:55:52+00:00","dateModified":"2026-04-23T10:49:16+00:00","description":"Il vostro primo ballo da marito e moglie \u00e8 stato uno dei momenti pi\u00f9 emozionanti. Ricorda per sempre quella canzone con un\u2019Onda Sonora personalizzata.","breadcrumb":{"@id":"https:\/\/positiveprints.com\/it\/prodotto\/onda-sonora-del-primo-ballo\/#breadcrumb"},"inLanguage":"it-IT","potentialAction":[{"@type":"ReadAction","target":["https:\/\/positiveprints.com\/it\/prodotto\/onda-sonora-del-primo-ballo\/"]}]},{"@type":"ImageObject","inLanguage":"it-IT","@id":"https:\/\/positiveprints.com\/it\/prodotto\/onda-sonora-del-primo-ballo\/#primaryimage","url":"https:\/\/positiveprints.com\/wp-content\/uploads\/2026\/04\/Packshot_IT_XX-Arte-dellonda-sonora-della-canzone-del-primo-ballo.webp","contentUrl":"https:\/\/positiveprints.com\/wp-content\/uploads\/2026\/04\/Packshot_IT_XX-Arte-dellonda-sonora-della-canzone-del-primo-ballo.webp","width":1450,"height":1450},{"@type":"BreadcrumbList","@id":"https:\/\/positiveprints.com\/it\/prodotto\/onda-sonora-del-primo-ballo\/#breadcrumb","itemListElement":[{"@type":"ListItem","position":1,"name":"Home","item":"https:\/\/positiveprints.com\/it\/"},{"@type":"ListItem","position":2,"name":"Prodotti","item":"https:\/\/positiveprints.com\/it\/shop\/"},{"@type":"ListItem","position":3,"name":"Onda Sonora del Primo Ballo"}]},{"@type":"WebSite","@id":"https:\/\/positiveprints.com\/it\/#website","url":"https:\/\/positiveprints.com\/it\/","name":"Positive Prints","description":"Amazing Custom Personalized Gifts","publisher":{"@id":"https:\/\/positiveprints.com\/it\/#organization"},"potentialAction":[{"@type":"SearchAction","target":{"@type":"EntryPoint","urlTemplate":"https:\/\/positiveprints.com\/it\/?s={search_term_string}"},"query-input":{"@type":"PropertyValueSpecification","valueRequired":true,"valueName":"search_term_string"}}],"inLanguage":"it-IT"},{"@type":"Organization","@id":"https:\/\/positiveprints.com\/it\/#organization","name":"Positive Prints","alternateName":"Positive Prints","url":"https:\/\/positiveprints.com\/it\/","logo":{"@type":"ImageObject","inLanguage":"it-IT","@id":"https:\/\/positiveprints.com\/it\/#\/schema\/logo\/image\/","url":"https:\/\/positiveprints.com\/wp-content\/uploads\/2026\/03\/245815646_1337939713319158_5671353136411139666_n.png","contentUrl":"https:\/\/positiveprints.com\/wp-content\/uploads\/2026\/03\/245815646_1337939713319158_5671353136411139666_n.png","width":800,"height":800,"caption":"Positive Prints"},"image":{"@id":"https:\/\/positiveprints.com\/it\/#\/schema\/logo\/image\/"},"sameAs":["https:\/\/www.facebook.com\/positiveprintscom","https:\/\/www.instagram.com\/positiveprintscom\/","https:\/\/www.tiktok.com\/@positiveprintscom","https:\/\/www.pinterest.com\/positiveprintscom\/"]}]}},"jetpack_sharing_enabled":true,"_links":{"self":[{"href":"https:\/\/positiveprints.com\/it\/wp-json\/wp\/v2\/product\/359304","targetHints":{"allow":["GET"]}}],"collection":[{"href":"https:\/\/positiveprints.com\/it\/wp-json\/wp\/v2\/product"}],"about":[{"href":"https:\/\/positiveprints.com\/it\/wp-json\/wp\/v2\/types\/product"}],"wp:featuredmedia":[{"embeddable":true,"href":"https:\/\/positiveprints.com\/it\/wp-json\/wp\/v2\/media\/1700618"}],"wp:attachment":[{"href":"https:\/\/positiveprints.com\/it\/wp-json\/wp\/v2\/media?parent=359304"}],"wp:term":[{"taxonomy":"product_brand","embeddable":true,"href":"https:\/\/positiveprints.com\/it\/wp-json\/wp\/v2\/product_brand?post=359304"},{"taxonomy":"product_cat","embeddable":true,"href":"https:\/\/positiveprints.com\/it\/wp-json\/wp\/v2\/product_cat?post=359304"},{"taxonomy":"product_tag","embeddable":true,"href":"https:\/\/positiveprints.com\/it\/wp-json\/wp\/v2\/product_tag?post=359304"}],"curies":[{"name":"wp","href":"https:\/\/api.w.org\/{rel}","templated":true}]}}