{"id":324064,"date":"2022-06-30T11:20:57","date_gmt":"2022-06-30T10:20:57","guid":{"rendered":"https:\/\/positiveprints.com\/product\/photo-wall-art\/"},"modified":"2026-04-18T06:57:21","modified_gmt":"2026-04-18T05:57:21","slug":"poster-personalizzato-con-foto","status":"publish","type":"product","link":"https:\/\/positiveprints.com\/it\/prodotto\/poster-personalizzato-con-foto\/","title":{"rendered":"Poster Personalizzato con Foto"},"content":{"rendered":"<p>Una foto \u00e8 capace di catturare un momento speciale della tua vita e riesce a fartelo apprezzare per sempre. Crea il tuo poster da parete personalizzato e condividi la gioia di ogni tuo ricordo!<\/p>\r\n\r\n\r\n\r\n<h2 class=\"grenB f24 cblue\" style=\"margin-top: 3rem\">Perch\u00e9 Regalare un Poster Personalizzato con Foto?<\/h2>\r\n\r\n\r\n\r\n<p style=\"margin-top: 1rem\">Ogni singola foto che custodisci preziosamente nel tuo smartphone rappresenta un momento felice della tua vita. \u00c8 incredibile come, anche solo con una foto, la nostra mente possa rivivere emozioni specifiche e preziosi ricordi. Per condividere la tua gioia con le persone che ami, ora puoi trasformare le tue foto in un poster personalizzato.<\/p>\r\n\r\n\r\n\r\n<p style=\"margin-top: 1rem\">Un poster personalizzato con le tue foto racconta una storia a tutti coloro che si fermano a osservarlo. Una foto, infatti, ci aiuta a conoscere meglio una persona e la sua incredibile storia. Data la sua altissima qualit\u00e0, riuscirai a tramandare questo poster personalizzato di generazione in generazione, conservando preziosi ricordi di famiglia per tenere viva la magia.<\/p>\r\n\r\n\r\n\r\n<h2 class=\"grenB f24 cblue\" style=\"margin-top: 3rem\">Come Funziona<\/h2>\r\n\r\n\r\n\r\n<p style=\"margin-top: 1rem\">Grazie al nostro editor, puoi trasformare qualsiasi foto in un\u2019opera d\u2019arte. E farlo \u00e8 semplice come contare fino a 3! Carica la foto che hai scelto, aggiungi un testo, scegli la dimensione del tuo poster e seleziona tutti i dettagli con cui personalizzarlo. Oltre a essere facile da utilizzare ed estremamente intuitivo, il nostro editor ti mostra un\u2019anteprima del tuo poster in tempo reale, cos\u00ec puoi tenere d\u2019occhio ogni modifica.<\/p>\r\n\r\n\r\n\r\n<p style=\"margin-top: 1rem\">I formati disponibili sono tra i pi\u00f9 comuni, e sono tutti stampati su materiali di altissima qualit\u00e0, pronti per essere regalati. Scegli tra un poster, una stampa su tela oppure seleziona il file digitale da scaricare e stampare dove vuoi tu. Tutti i nostri poster personalizzati con foto vengono spediti in qualsiasi parte del mondo.<\/p>\r\n\r\n\r\n\r\n<h2 class=\"grenB f24 cblue\" style=\"margin-top: 3rem\">Trasforma le Tue Foto in Regali Personalizzati<\/h2>\r\n\r\n\r\n\r\n<p style=\"margin-top: 1rem\">Non esiste niente di pi\u00f9 emozionante che regalare (o ricevere!) un regalo personalizzato con una foto. \u00c8 vero: ci vuole un pizzico di ingegno in pi\u00f9 rispetto a comprare un classico regalo in negozio, ma ne vale sempre la pena.<\/p> \r\n\r\n\r\n\r\n<p style=\"margin-top: 1rem\">Ecco perch\u00e9 l\u2019obiettivo di Positive Prints \u00e8 rendere il processo creativo pi\u00f9 semplice che mai: tu ti dedichi alla personalizzazione e noi facciamo tutto il resto. Un poster personalizzato con foto \u00e8 davvero un regalo originale per sorprendere le persone a cui vuoi bene. Inizia subito a crearlo!<\/p>","protected":false},"excerpt":{"rendered":"<ul class=\"check-list\">\n<li>Aggiungi un testo personalizzato<\/li>\n<li>Personalizzala in 3 semplici passaggi<\/li>\n<li>Scegli un template o dai sfogo alla fantasia<\/li>\n<li>Guarda subito il risultato \u2013 l&#8217;anteprima interattiva ti permette di perfezionare ogni dettaglio<\/li>\n<\/ul>\n","protected":false},"featured_media":1553090,"template":"","meta":[],"product_brand":[],"product_cat":[15112,8246,4428,7499],"product_tag":[14884,14885,13811],"class_list":{"0":"post-324064","1":"product","2":"type-product","3":"status-publish","4":"has-post-thumbnail","6":"product_cat-bestsellers-menu-it","7":"product_cat-digital-products-it","8":"product_cat-creators-it-2","9":"product_cat-foto-it","10":"product_tag-creators-it-2","11":"product_tag-custom-photo-it","12":"product_tag-poster-fotografico-personalizzato","14":"first","15":"instock","16":"sale","17":"taxable","18":"shipping-taxable","19":"purchasable","20":"product-type-variable"},"yoast_head":"<!-- This site is optimized with the Yoast SEO Premium plugin v27.2 (Yoast SEO v27.2) - https:\/\/yoast.com\/product\/yoast-seo-premium-wordpress\/ -->\n<title>Poster Personalizzato con Foto - Positive Prints<\/title>\n<meta name=\"description\" content=\"Sorprendi le persone a cui vuoi bene con un poster personalizzato con foto. Trasformare le tue foto in regali originali \u00e8 un gioco da ragazzi!\" \/>\n<meta name=\"robots\" content=\"index, follow, max-snippet:-1, max-image-preview:large, max-video-preview:-1\" \/>\n<link rel=\"canonical\" href=\"https:\/\/positiveprints.com\/it\/prodotto\/poster-personalizzato-con-foto\/\" \/>\n<meta property=\"og:locale\" content=\"it_IT\" \/>\n<meta property=\"og:type\" content=\"article\" \/>\n<meta property=\"og:title\" content=\"Poster Personalizzato con Foto\" \/>\n<meta property=\"og:description\" content=\"Aggiungi un testo personalizzato Personalizzala in 3 semplici passaggi Scegli un template o dai sfogo alla fantasia Guarda subito il risultato \u2013 l&#039;anteprima interattiva ti permette di perfezionare ogni dettaglio\" \/>\n<meta property=\"og:url\" content=\"https:\/\/positiveprints.com\/it\/prodotto\/poster-personalizzato-con-foto\/\" \/>\n<meta property=\"og:site_name\" content=\"Positive Prints\" \/>\n<meta property=\"article:publisher\" content=\"https:\/\/www.facebook.com\/positiveprintscom\" \/>\n<meta property=\"article:modified_time\" content=\"2026-04-18T05:57:21+00:00\" \/>\n<meta property=\"og:image\" content=\"https:\/\/positiveprints.com\/wp-content\/uploads\/2022\/06\/photo-wall-art.jpg\" \/>\n\t<meta property=\"og:image:width\" content=\"1080\" \/>\n\t<meta property=\"og:image:height\" content=\"1080\" \/>\n\t<meta property=\"og:image:type\" content=\"image\/jpeg\" \/>\n<meta name=\"twitter:card\" content=\"summary_large_image\" \/>\n<meta name=\"twitter:label1\" content=\"Tempo di lettura stimato\" \/>\n\t<meta name=\"twitter:data1\" content=\"2 minuti\" \/>\n<!-- \/ Yoast SEO Premium plugin. -->","yoast_head_json":{"title":"Poster Personalizzato con Foto - Positive Prints","description":"Sorprendi le persone a cui vuoi bene con un poster personalizzato con foto. Trasformare le tue foto in regali originali \u00e8 un gioco da ragazzi!","robots":{"index":"index","follow":"follow","max-snippet":"max-snippet:-1","max-image-preview":"max-image-preview:large","max-video-preview":"max-video-preview:-1"},"canonical":"https:\/\/positiveprints.com\/it\/prodotto\/poster-personalizzato-con-foto\/","og_locale":"it_IT","og_type":"article","og_title":"Poster Personalizzato con Foto","og_description":"Aggiungi un testo personalizzato Personalizzala in 3 semplici passaggi Scegli un template o dai sfogo alla fantasia Guarda subito il risultato \u2013 l'anteprima interattiva ti permette di perfezionare ogni dettaglio","og_url":"https:\/\/positiveprints.com\/it\/prodotto\/poster-personalizzato-con-foto\/","og_site_name":"Positive Prints","article_publisher":"https:\/\/www.facebook.com\/positiveprintscom","article_modified_time":"2026-04-18T05:57:21+00:00","og_image":[{"width":1080,"height":1080,"url":"https:\/\/positiveprints.com\/wp-content\/uploads\/2022\/06\/photo-wall-art.jpg","type":"image\/jpeg"}],"twitter_card":"summary_large_image","twitter_misc":{"Tempo di lettura stimato":"2 minuti"},"schema":{"@context":"https:\/\/schema.org","@graph":[{"@type":["WebPage","ItemPage"],"@id":"https:\/\/positiveprints.com\/it\/prodotto\/poster-personalizzato-con-foto\/","url":"https:\/\/positiveprints.com\/it\/prodotto\/poster-personalizzato-con-foto\/","name":"Poster Personalizzato con Foto - Positive Prints","isPartOf":{"@id":"https:\/\/positiveprints.com\/it\/#website"},"primaryImageOfPage":{"@id":"https:\/\/positiveprints.com\/it\/prodotto\/poster-personalizzato-con-foto\/#primaryimage"},"image":{"@id":"https:\/\/positiveprints.com\/it\/prodotto\/poster-personalizzato-con-foto\/#primaryimage"},"thumbnailUrl":"https:\/\/positiveprints.com\/wp-content\/uploads\/2025\/10\/Poster-Personalizzato-con-Foto-1.webp","datePublished":"2022-06-30T10:20:57+00:00","dateModified":"2026-04-18T05:57:21+00:00","description":"Sorprendi le persone a cui vuoi bene con un poster personalizzato con foto. Trasformare le tue foto in regali originali \u00e8 un gioco da ragazzi!","breadcrumb":{"@id":"https:\/\/positiveprints.com\/it\/prodotto\/poster-personalizzato-con-foto\/#breadcrumb"},"inLanguage":"it-IT","potentialAction":[{"@type":"ReadAction","target":["https:\/\/positiveprints.com\/it\/prodotto\/poster-personalizzato-con-foto\/"]}]},{"@type":"ImageObject","inLanguage":"it-IT","@id":"https:\/\/positiveprints.com\/it\/prodotto\/poster-personalizzato-con-foto\/#primaryimage","url":"https:\/\/positiveprints.com\/wp-content\/uploads\/2025\/10\/Poster-Personalizzato-con-Foto-1.webp","contentUrl":"https:\/\/positiveprints.com\/wp-content\/uploads\/2025\/10\/Poster-Personalizzato-con-Foto-1.webp","width":1450,"height":1450},{"@type":"BreadcrumbList","@id":"https:\/\/positiveprints.com\/it\/prodotto\/poster-personalizzato-con-foto\/#breadcrumb","itemListElement":[{"@type":"ListItem","position":1,"name":"Home","item":"https:\/\/positiveprints.com\/it\/"},{"@type":"ListItem","position":2,"name":"Prodotti","item":"https:\/\/positiveprints.com\/it\/shop\/"},{"@type":"ListItem","position":3,"name":"Poster Personalizzato con Foto"}]},{"@type":"WebSite","@id":"https:\/\/positiveprints.com\/it\/#website","url":"https:\/\/positiveprints.com\/it\/","name":"Positive Prints","description":"Amazing Custom Personalized Gifts","publisher":{"@id":"https:\/\/positiveprints.com\/it\/#organization"},"potentialAction":[{"@type":"SearchAction","target":{"@type":"EntryPoint","urlTemplate":"https:\/\/positiveprints.com\/it\/?s={search_term_string}"},"query-input":{"@type":"PropertyValueSpecification","valueRequired":true,"valueName":"search_term_string"}}],"inLanguage":"it-IT"},{"@type":"Organization","@id":"https:\/\/positiveprints.com\/it\/#organization","name":"Positive Prints","alternateName":"Positive Prints","url":"https:\/\/positiveprints.com\/it\/","logo":{"@type":"ImageObject","inLanguage":"it-IT","@id":"https:\/\/positiveprints.com\/it\/#\/schema\/logo\/image\/","url":"https:\/\/positiveprints.com\/wp-content\/uploads\/2026\/03\/245815646_1337939713319158_5671353136411139666_n.png","contentUrl":"https:\/\/positiveprints.com\/wp-content\/uploads\/2026\/03\/245815646_1337939713319158_5671353136411139666_n.png","width":800,"height":800,"caption":"Positive Prints"},"image":{"@id":"https:\/\/positiveprints.com\/it\/#\/schema\/logo\/image\/"},"sameAs":["https:\/\/www.facebook.com\/positiveprintscom","https:\/\/www.instagram.com\/positiveprintscom\/","https:\/\/www.tiktok.com\/@positiveprintscom","https:\/\/www.pinterest.com\/positiveprintscom\/"]}]}},"jetpack_sharing_enabled":true,"_links":{"self":[{"href":"https:\/\/positiveprints.com\/it\/wp-json\/wp\/v2\/product\/324064","targetHints":{"allow":["GET"]}}],"collection":[{"href":"https:\/\/positiveprints.com\/it\/wp-json\/wp\/v2\/product"}],"about":[{"href":"https:\/\/positiveprints.com\/it\/wp-json\/wp\/v2\/types\/product"}],"wp:featuredmedia":[{"embeddable":true,"href":"https:\/\/positiveprints.com\/it\/wp-json\/wp\/v2\/media\/1553090"}],"wp:attachment":[{"href":"https:\/\/positiveprints.com\/it\/wp-json\/wp\/v2\/media?parent=324064"}],"wp:term":[{"taxonomy":"product_brand","embeddable":true,"href":"https:\/\/positiveprints.com\/it\/wp-json\/wp\/v2\/product_brand?post=324064"},{"taxonomy":"product_cat","embeddable":true,"href":"https:\/\/positiveprints.com\/it\/wp-json\/wp\/v2\/product_cat?post=324064"},{"taxonomy":"product_tag","embeddable":true,"href":"https:\/\/positiveprints.com\/it\/wp-json\/wp\/v2\/product_tag?post=324064"}],"curies":[{"name":"wp","href":"https:\/\/api.w.org\/{rel}","templated":true}]}}