{"id":318109,"date":"2022-06-30T11:14:45","date_gmt":"2022-06-30T10:14:45","guid":{"rendered":"https:\/\/positiveprints.com\/product\/soundwave-art\/"},"modified":"2026-04-18T06:58:51","modified_gmt":"2026-04-18T05:58:51","slug":"onda-sonora-personalizzata","status":"publish","type":"product","link":"https:\/\/positiveprints.com\/it\/prodotto\/onda-sonora-personalizzata\/","title":{"rendered":"Onda Sonora Personalizzata"},"content":{"rendered":"<p>Trasforma un audio o un suono a tua scelta in un\u2019opera d\u2019arte visiva. Carica il tuo audio, scegli il design che preferisci e al resto ci pensiamo noi!<\/p>\r\n\r\n<h2 class=\"grenB f24 cblue\" style=\"margin-top: 3rem\">Cos\u2019\u00e8 un\u2019Onda Sonora Personalizzata?<\/h2>\r\n\r\n<p style=\"margin-top: 1rem\">Tutti i suoni e tutte le voci hanno un timbro diverso. Ma quando ascoltiamo o parliamo, non riusciamo concretamente a vederli. Con la tecnologia giusta, puoi vedere nero su bianco tutte le oscillazioni del suono di ogni singola parola.<\/p>\r\n\r\n<p style=\"margin-top: 1rem\">L\u2019obiettivo delle Onde Sonore Personalizzate disponibili su Positive Prints \u00e8 proprio quello di catturare un suono o un audio e trasformarlo in una stampa. Caricando un audio a tua scelta, il nostro editor sar\u00e0 in grado di dare una dimensione visiva al tuo suono e trasformarlo in un\u2019opera d\u2019arte.<\/p>\r\n\r\n<h2 class=\"grenB f24 cblue\" style=\"margin-top: 3rem\">Perch\u00e9 Creare un\u2019Onda Sonora Personalizzata?<\/h2>\r\n\r\n<p style=\"margin-top: 1rem\">Alcuni dei ricordi pi\u00f9 preziosi sono quelli che possiamo ancora sentire. Pensa alla prima parolina di tuo figlio. Alle ultime parole di una persona cara. A quando la tua dolce met\u00e0 ha pronunciato il suo \u201cS\u00ec\u201d. Alla tua canzone preferita. Questi ricordi non sono facili da vedere, ma meritano di rimanere indelebili nel tempo.<\/p>\r\n\r\n<p style=\"margin-top: 1rem\">Ecco perch\u00e9 abbiamo creato il nostro editor per Onde Sonore Personalizzate: per noi \u00e8 importante che tu possa osservare e ricordare i momenti pi\u00f9 importanti della tua vita quando e come preferisci. Quando puoi effettivamente guardare un audio trasformato in un poster, le parole importanti che contiene ti torneranno subito in mente. Un poster personalizzato come questo \u00e8 diverso da qualsiasi altro e, per questo motivo, rimarr\u00e0 nel cuore di chiunque lo riceva.<\/p>\r\n\r\n<h2 class=\"grenB f24 cblue\" style=\"margin-top: 3rem\">Il Regalo Perfetto per Qualsiasi Occasione<\/h2>\r\n\r\n<p style=\"margin-top: 1rem\">Chi sceglie un\u2019Onda Sonora Personalizzata lo fa per tanti motivi, ma, di solito, chi crea una delle nostre stampe \u00e8 perch\u00e9 sta cercando un regalo particolare. Sorprendi la tua dolce met\u00e0 con l\u2019onda sonora della vostra canzone d\u2019amore. Registra il cuoricino del tuo bambino che batte forte e trasformalo in un\u2019Onda Sonora Personalizzata da appendere nella sua cameretta. Oppure, trasforma una frase motivazionale in un regalo di laurea o in un dono speciale per qualsiasi traguardo importante.<\/p>\r\n\r\n<p style=\"margin-top: 1rem\">La stampa di un\u2019Onda Sonora Personalizzata \u00e8 il regalo perfetto per occasioni come:<\/p>\r\n\r\n<ul>\r\n\r\n<li>Compleanni<\/li>\r\n\r\n<li>Baby shower<\/li>\r\n\r\n<li>Anniversari<\/li>\r\n\r\n<li>Matrimoni<\/li>\r\n\r\n<li>Fidanzamenti ufficiali<\/li>\r\n\r\n<li>Vacanze<\/li>\r\n\r\n<li>Inizio di nuova carriera<\/li>\r\n\r\n<li>Pensionamenti<\/li>\r\n\r\n<\/ul>\r\n\r\n<p style=\"margin-top: 1rem\">Qualsiasi sia la tua occasione da festeggiare, allora \u00e8 meglio festeggiarla con stile. Personalizza la grafica della tua Onda Sonora Personalizzata per fare un regalo speciale proprio come la persona che la ricever\u00e0. Unico e completamente inaspettato, un regalo come questo ha molto pi\u00f9 significato rispetto a un semplice acquisto in un negozio qualsiasi. Il potenziale che nascondono \u00e8 infinito!<\/p>\r\n\r\n<h2 class=\"grenB f24 cblue\" style=\"margin-top: 3rem\">Crea Subito la Tua Onda Sonora Personalizzata<\/h2>\r\n\r\n<p style=\"margin-top: 1rem\">Trasformare i tuoi audio del cuore in un disegno concreto ti sembra una cosa assurda? Da oggi non pi\u00f9, con l\u2019aiuto del nuovissimo editor di Positive Prints. Non devi far altro che caricare il tuo audio o selezionare la tua canzone preferita su Spotify. Seleziona ci\u00f2 che vuoi far apparire sulla tua creazione e noi ci occuperemo del resto.<\/p>\r\n\r\n<p style=\"margin-top: 1rem\">Inizia subito e dai vita a un capolavoro che solo tu puoi creare!<\/p>","protected":false},"excerpt":{"rendered":"<ul class=\"check-list\">\n<li>Carica semplicemente un file audio<\/li>\n<li>Aggiungi un codice QR e usalo per riprodurre la tua canzone preferita\n<li>Personalizzala in 3 semplici passaggi<\/li>\n<li>Scegli un template o dai sfogo alla fantasia<\/li>\n<\/ul>\n","protected":false},"featured_media":1277094,"template":"","meta":[],"product_brand":[],"product_cat":[11549,11552,11553,11550,11554,11551,11606,15112,4428,8246,7481,4449],"product_tag":[14884],"class_list":{"0":"post-318109","1":"product","2":"type-product","3":"status-publish","4":"has-post-thumbnail","6":"product_cat-1-anno-di-matrimonio","7":"product_cat-10-anni-di-matrimonio","8":"product_cat-15-anni-di-matrimonio","9":"product_cat-2-anni-di-matrimonio","10":"product_cat-20-anni-di-matrimonio","11":"product_cat-5-anni-di-matrimonio","12":"product_cat-50-anni-di-matrimonio","13":"product_cat-bestsellers-menu-it","14":"product_cat-creators-it-2","15":"product_cat-digital-products-it","16":"product_cat-onda-sonora-it","17":"product_cat-tutti-i-prodotti","18":"product_tag-creators-it-2","20":"first","21":"instock","22":"sale","23":"taxable","24":"shipping-taxable","25":"purchasable","26":"product-type-variable"},"yoast_head":"<!-- This site is optimized with the Yoast SEO Premium plugin v27.2 (Yoast SEO v27.2) - https:\/\/yoast.com\/product\/yoast-seo-premium-wordpress\/ -->\n<title>Onda Sonora Personalizzata - Positive Prints<\/title>\n<meta name=\"description\" content=\"Personalizza la grafica della tua Onda Sonora Personalizzata per fare un regalo speciale proprio come la persona che la ricever\u00e0.\" \/>\n<meta name=\"robots\" content=\"index, follow, max-snippet:-1, max-image-preview:large, max-video-preview:-1\" \/>\n<link rel=\"canonical\" href=\"https:\/\/positiveprints.com\/it\/prodotto\/onda-sonora-personalizzata\/\" \/>\n<meta property=\"og:locale\" content=\"it_IT\" \/>\n<meta property=\"og:type\" content=\"article\" \/>\n<meta property=\"og:title\" content=\"Onda Sonora Personalizzata\" \/>\n<meta property=\"og:description\" content=\"Carica semplicemente un file audio  Aggiungi un codice QR e usalo per riprodurre la tua canzone preferita  Personalizzala in 3 semplici passaggi  Scegli un template o dai sfogo alla fantasia\" \/>\n<meta property=\"og:url\" content=\"https:\/\/positiveprints.com\/it\/prodotto\/onda-sonora-personalizzata\/\" \/>\n<meta property=\"og:site_name\" content=\"Positive Prints\" \/>\n<meta property=\"article:publisher\" content=\"https:\/\/www.facebook.com\/positiveprintscom\" \/>\n<meta property=\"article:modified_time\" content=\"2026-04-18T05:58:51+00:00\" \/>\n<meta property=\"og:image\" content=\"https:\/\/positiveprints.com\/wp-content\/uploads\/2024\/11\/Packshot_IT_Soundwave-Art-product-image-.webp\" \/>\n\t<meta property=\"og:image:width\" content=\"1450\" \/>\n\t<meta property=\"og:image:height\" content=\"1450\" \/>\n\t<meta property=\"og:image:type\" content=\"image\/webp\" \/>\n<meta name=\"twitter:card\" content=\"summary_large_image\" \/>\n<meta name=\"twitter:label1\" content=\"Tempo di lettura stimato\" \/>\n\t<meta name=\"twitter:data1\" content=\"3 minuti\" \/>\n<!-- \/ Yoast SEO Premium plugin. -->","yoast_head_json":{"title":"Onda Sonora Personalizzata - Positive Prints","description":"Personalizza la grafica della tua Onda Sonora Personalizzata per fare un regalo speciale proprio come la persona che la ricever\u00e0.","robots":{"index":"index","follow":"follow","max-snippet":"max-snippet:-1","max-image-preview":"max-image-preview:large","max-video-preview":"max-video-preview:-1"},"canonical":"https:\/\/positiveprints.com\/it\/prodotto\/onda-sonora-personalizzata\/","og_locale":"it_IT","og_type":"article","og_title":"Onda Sonora Personalizzata","og_description":"Carica semplicemente un file audio  Aggiungi un codice QR e usalo per riprodurre la tua canzone preferita  Personalizzala in 3 semplici passaggi  Scegli un template o dai sfogo alla fantasia","og_url":"https:\/\/positiveprints.com\/it\/prodotto\/onda-sonora-personalizzata\/","og_site_name":"Positive Prints","article_publisher":"https:\/\/www.facebook.com\/positiveprintscom","article_modified_time":"2026-04-18T05:58:51+00:00","og_image":[{"width":1450,"height":1450,"url":"https:\/\/positiveprints.com\/wp-content\/uploads\/2024\/11\/Packshot_IT_Soundwave-Art-product-image-.webp","type":"image\/webp"}],"twitter_card":"summary_large_image","twitter_misc":{"Tempo di lettura stimato":"3 minuti"},"schema":{"@context":"https:\/\/schema.org","@graph":[{"@type":["WebPage","ItemPage"],"@id":"https:\/\/positiveprints.com\/it\/prodotto\/onda-sonora-personalizzata\/","url":"https:\/\/positiveprints.com\/it\/prodotto\/onda-sonora-personalizzata\/","name":"Onda Sonora Personalizzata - Positive Prints","isPartOf":{"@id":"https:\/\/positiveprints.com\/it\/#website"},"primaryImageOfPage":{"@id":"https:\/\/positiveprints.com\/it\/prodotto\/onda-sonora-personalizzata\/#primaryimage"},"image":{"@id":"https:\/\/positiveprints.com\/it\/prodotto\/onda-sonora-personalizzata\/#primaryimage"},"thumbnailUrl":"https:\/\/positiveprints.com\/wp-content\/uploads\/2024\/11\/Packshot_IT_Soundwave-Art-product-image-.webp","datePublished":"2022-06-30T10:14:45+00:00","dateModified":"2026-04-18T05:58:51+00:00","description":"Personalizza la grafica della tua Onda Sonora Personalizzata per fare un regalo speciale proprio come la persona che la ricever\u00e0.","breadcrumb":{"@id":"https:\/\/positiveprints.com\/it\/prodotto\/onda-sonora-personalizzata\/#breadcrumb"},"inLanguage":"it-IT","potentialAction":[{"@type":"ReadAction","target":["https:\/\/positiveprints.com\/it\/prodotto\/onda-sonora-personalizzata\/"]}]},{"@type":"ImageObject","inLanguage":"it-IT","@id":"https:\/\/positiveprints.com\/it\/prodotto\/onda-sonora-personalizzata\/#primaryimage","url":"https:\/\/positiveprints.com\/wp-content\/uploads\/2024\/11\/Packshot_IT_Soundwave-Art-product-image-.webp","contentUrl":"https:\/\/positiveprints.com\/wp-content\/uploads\/2024\/11\/Packshot_IT_Soundwave-Art-product-image-.webp","width":1450,"height":1450},{"@type":"BreadcrumbList","@id":"https:\/\/positiveprints.com\/it\/prodotto\/onda-sonora-personalizzata\/#breadcrumb","itemListElement":[{"@type":"ListItem","position":1,"name":"Home","item":"https:\/\/positiveprints.com\/it\/"},{"@type":"ListItem","position":2,"name":"Prodotti","item":"https:\/\/positiveprints.com\/it\/shop\/"},{"@type":"ListItem","position":3,"name":"Onda Sonora Personalizzata"}]},{"@type":"WebSite","@id":"https:\/\/positiveprints.com\/it\/#website","url":"https:\/\/positiveprints.com\/it\/","name":"Positive Prints","description":"Amazing Custom Personalized Gifts","publisher":{"@id":"https:\/\/positiveprints.com\/it\/#organization"},"potentialAction":[{"@type":"SearchAction","target":{"@type":"EntryPoint","urlTemplate":"https:\/\/positiveprints.com\/it\/?s={search_term_string}"},"query-input":{"@type":"PropertyValueSpecification","valueRequired":true,"valueName":"search_term_string"}}],"inLanguage":"it-IT"},{"@type":"Organization","@id":"https:\/\/positiveprints.com\/it\/#organization","name":"Positive Prints","alternateName":"Positive Prints","url":"https:\/\/positiveprints.com\/it\/","logo":{"@type":"ImageObject","inLanguage":"it-IT","@id":"https:\/\/positiveprints.com\/it\/#\/schema\/logo\/image\/","url":"https:\/\/positiveprints.com\/wp-content\/uploads\/2026\/03\/245815646_1337939713319158_5671353136411139666_n.png","contentUrl":"https:\/\/positiveprints.com\/wp-content\/uploads\/2026\/03\/245815646_1337939713319158_5671353136411139666_n.png","width":800,"height":800,"caption":"Positive Prints"},"image":{"@id":"https:\/\/positiveprints.com\/it\/#\/schema\/logo\/image\/"},"sameAs":["https:\/\/www.facebook.com\/positiveprintscom","https:\/\/www.instagram.com\/positiveprintscom\/","https:\/\/www.tiktok.com\/@positiveprintscom","https:\/\/www.pinterest.com\/positiveprintscom\/"]}]}},"jetpack_sharing_enabled":true,"_links":{"self":[{"href":"https:\/\/positiveprints.com\/it\/wp-json\/wp\/v2\/product\/318109","targetHints":{"allow":["GET"]}}],"collection":[{"href":"https:\/\/positiveprints.com\/it\/wp-json\/wp\/v2\/product"}],"about":[{"href":"https:\/\/positiveprints.com\/it\/wp-json\/wp\/v2\/types\/product"}],"wp:featuredmedia":[{"embeddable":true,"href":"https:\/\/positiveprints.com\/it\/wp-json\/wp\/v2\/media\/1277094"}],"wp:attachment":[{"href":"https:\/\/positiveprints.com\/it\/wp-json\/wp\/v2\/media?parent=318109"}],"wp:term":[{"taxonomy":"product_brand","embeddable":true,"href":"https:\/\/positiveprints.com\/it\/wp-json\/wp\/v2\/product_brand?post=318109"},{"taxonomy":"product_cat","embeddable":true,"href":"https:\/\/positiveprints.com\/it\/wp-json\/wp\/v2\/product_cat?post=318109"},{"taxonomy":"product_tag","embeddable":true,"href":"https:\/\/positiveprints.com\/it\/wp-json\/wp\/v2\/product_tag?post=318109"}],"curies":[{"name":"wp","href":"https:\/\/api.w.org\/{rel}","templated":true}]}}