{"id":262320,"date":"2022-03-10T12:01:34","date_gmt":"2022-03-10T11:01:34","guid":{"rendered":"https:\/\/positiveprints.com\/product\/mappa-del-dove-ce-papa-ce-casa\/"},"modified":"2026-04-28T14:41:36","modified_gmt":"2026-04-28T13:41:36","slug":"mappa-del-dove-ce-papa-ce-casa","status":"publish","type":"product","link":"https:\/\/positiveprints.com\/it\/prodotto\/mappa-del-dove-ce-papa-ce-casa\/","title":{"rendered":"Mappa del Dove C&#8217;\u00e8 Pap\u00e0, C&#8217;\u00e8 Casa"},"content":{"rendered":"<h2 class=\"grenB f24 cblue\">Casa \u00e8 Dove C\u2019\u00e8 il Pap\u00e0<\/h2>\r\n<p style=\"margin-top: 1rem\">Tutti i pap\u00e0 sanno che un giorno i propri figli lasceranno il nido, ma ovunque essi andranno, casa rimarr\u00e0 comunque un luogo speciale. Non importa dove la vita ti abbia portato, casa \u00e8 sempre il tuo posto sicuro in cui tornare. Ed \u00e8 proprio per questo motivo che vale la pena celebrarlo! Ecco perch\u00e9 vogliamo darti la possibilit\u00e0 di creare una mappa personalizzata del Dove C\u2019\u00e8 Pap\u00e0, C\u2019\u00e8 Casa.<\/p>\r\n<p style=\"margin-top: 1rem\">Con questa bellissima mappa puoi rappresentare un luogo a tua scelta con tutti i dettagli che troveresti su una cartina geografica. Inserisci un indirizzo per far apparire l&#8217;indicatore proprio sul luogo che chiami casa, cos\u00ec da dimostrare al tuo pap\u00e0 quanto lui sia importante per te. Queste mappe sono perfette per la Festa del Pap\u00e0 perch\u00e9 puoi personalizzarle cos\u00ec tanto da farlo sentire pi\u00f9 speciale che mai.<\/p>\r\n<h2 class=\"grenB f24 cblue\" style=\"margin-top: 3rem\">Crea il Tuo Regalo per la Festa della Pap\u00e0 in 3 Semplici Passaggi<\/h2>\r\n<p style=\"margin-top: 1rem\">Positive Prints ha fatto passi da gigante pur di rendere facile e divertente il processo creativo per realizzare una Mappa del Dove C\u2019\u00e8 Pap\u00e0, C\u2019\u00e8 Casa. Passo dopo passo, il nostro editor interattivo ti guida fino alla completa creazione di un regalo che il tuo pap\u00e0 non smetter\u00e0 mai di guardare.<\/p>\r\n<p style=\"margin-top: 1rem\">Scegli uno dei design creati dai nostri designer e seleziona una combinazione di colori che potrebbe piacere al tuo pap\u00e0. Personalizzala aggiungendo il luogo che hai scelto e un messaggio d\u2019amore. Potresti inserire una citazione, una strofa di una canzone o qualsiasi altra cosa che possa rendere la tua mappa unica nel suo genere. Infine, scegli uno dei formati di stampa disponibili oppure il nostro download digitale istantaneo. E il regalo per la Festa della Pap\u00e0 \u00e8 pronto!<\/p>\r\n<p style=\"margin-top: 1rem\">Comincia subito a creare la tua mappa.<\/p>","protected":false},"excerpt":{"rendered":"<ul class=\"check-list\">\n<li>Crea una mappa del luogo che chiamerai sempre casa<\/li>\n<li>Indica il punto preciso con un simbolo a tua scelta<\/li>\n<li>Personalizzala in 3 semplici passaggi<\/li>\n<li>Aggiungi un testo personalizzato<\/li>\n<li>Guarda subito il risultato \u2013 l&#8217;anteprima interattiva ti permette di perfezionare ogni dettaglio<\/li>\n<\/ul>\n","protected":false},"featured_media":460798,"template":"","meta":[],"product_brand":[],"product_cat":[7338,7190,5269,11421,8008,7976],"product_tag":[8554,11761],"class_list":{"0":"post-262320","1":"product","2":"type-product","3":"status-publish","4":"has-post-thumbnail","6":"product_cat-regali-per-la-festa-del-papa","7":"product_cat-map-it","8":"product_cat-regali-di-natale","9":"product_cat-regali-di-natale-per-papa","10":"product_cat-regali-da-uomo","11":"product_cat-regali-per-il-papa","12":"product_tag-father-it","13":"product_tag-regali-di-natale-per-papa","15":"first","16":"instock","17":"sale","18":"taxable","19":"shipping-taxable","20":"purchasable","21":"product-type-variable"},"yoast_head":"<!-- This site is optimized with the Yoast SEO Premium plugin v27.2 (Yoast SEO v27.2) - https:\/\/yoast.com\/product\/yoast-seo-premium-wordpress\/ -->\n<title>Mappa del Dove C\u2019\u00e8 Pap\u00e0, C\u2019\u00e8 Casa - Il regalo perfetto - Positive Prints<\/title>\n<meta name=\"description\" content=\"Queste mappe sono perfette per la Festa del Pap\u00e0 perch\u00e9 puoi personalizzarle cos\u00ec tanto da farlo sentire pi\u00f9 speciale che mai.\" \/>\n<meta name=\"robots\" content=\"index, follow, max-snippet:-1, max-image-preview:large, max-video-preview:-1\" \/>\n<link rel=\"canonical\" href=\"https:\/\/positiveprints.com\/it\/prodotto\/mappa-del-dove-ce-papa-ce-casa\/\" \/>\n<meta property=\"og:locale\" content=\"it_IT\" \/>\n<meta property=\"og:type\" content=\"article\" \/>\n<meta property=\"og:title\" content=\"Mappa del Dove C&#039;\u00e8 Pap\u00e0, C&#039;\u00e8 Casa\" \/>\n<meta property=\"og:description\" content=\"Crea una mappa del luogo che chiamerai sempre casa Indica il punto preciso con un simbolo a tua scelta Personalizzala in 3 semplici passaggi Aggiungi un testo personalizzato Guarda subito il risultato \u2013 l&#039;anteprima interattiva ti permette di perfezionare ogni dettaglio\" \/>\n<meta property=\"og:url\" content=\"https:\/\/positiveprints.com\/it\/prodotto\/mappa-del-dove-ce-papa-ce-casa\/\" \/>\n<meta property=\"og:site_name\" content=\"Positive Prints\" \/>\n<meta property=\"article:publisher\" content=\"https:\/\/www.facebook.com\/positiveprintscom\" \/>\n<meta property=\"article:modified_time\" content=\"2026-04-28T13:41:36+00:00\" \/>\n<meta property=\"og:image\" content=\"https:\/\/positiveprints.com\/wp-content\/uploads\/2023\/04\/Mappa-del-Dove-Ce-Papa-Ce-Casa.jpg\" \/>\n\t<meta property=\"og:image:width\" content=\"1080\" \/>\n\t<meta property=\"og:image:height\" content=\"1080\" \/>\n\t<meta property=\"og:image:type\" content=\"image\/jpeg\" \/>\n<meta name=\"twitter:card\" content=\"summary_large_image\" \/>\n<!-- \/ Yoast SEO Premium plugin. -->","yoast_head_json":{"title":"Mappa del Dove C\u2019\u00e8 Pap\u00e0, C\u2019\u00e8 Casa - Il regalo perfetto - Positive Prints","description":"Queste mappe sono perfette per la Festa del Pap\u00e0 perch\u00e9 puoi personalizzarle cos\u00ec tanto da farlo sentire pi\u00f9 speciale che mai.","robots":{"index":"index","follow":"follow","max-snippet":"max-snippet:-1","max-image-preview":"max-image-preview:large","max-video-preview":"max-video-preview:-1"},"canonical":"https:\/\/positiveprints.com\/it\/prodotto\/mappa-del-dove-ce-papa-ce-casa\/","og_locale":"it_IT","og_type":"article","og_title":"Mappa del Dove C'\u00e8 Pap\u00e0, C'\u00e8 Casa","og_description":"Crea una mappa del luogo che chiamerai sempre casa Indica il punto preciso con un simbolo a tua scelta Personalizzala in 3 semplici passaggi Aggiungi un testo personalizzato Guarda subito il risultato \u2013 l'anteprima interattiva ti permette di perfezionare ogni dettaglio","og_url":"https:\/\/positiveprints.com\/it\/prodotto\/mappa-del-dove-ce-papa-ce-casa\/","og_site_name":"Positive Prints","article_publisher":"https:\/\/www.facebook.com\/positiveprintscom","article_modified_time":"2026-04-28T13:41:36+00:00","og_image":[{"width":1080,"height":1080,"url":"https:\/\/positiveprints.com\/wp-content\/uploads\/2023\/04\/Mappa-del-Dove-Ce-Papa-Ce-Casa.jpg","type":"image\/jpeg"}],"twitter_card":"summary_large_image","schema":{"@context":"https:\/\/schema.org","@graph":[{"@type":["WebPage","ItemPage"],"@id":"https:\/\/positiveprints.com\/it\/prodotto\/mappa-del-dove-ce-papa-ce-casa\/","url":"https:\/\/positiveprints.com\/it\/prodotto\/mappa-del-dove-ce-papa-ce-casa\/","name":"Mappa del Dove C\u2019\u00e8 Pap\u00e0, C\u2019\u00e8 Casa - Il regalo perfetto - Positive Prints","isPartOf":{"@id":"https:\/\/positiveprints.com\/it\/#website"},"primaryImageOfPage":{"@id":"https:\/\/positiveprints.com\/it\/prodotto\/mappa-del-dove-ce-papa-ce-casa\/#primaryimage"},"image":{"@id":"https:\/\/positiveprints.com\/it\/prodotto\/mappa-del-dove-ce-papa-ce-casa\/#primaryimage"},"thumbnailUrl":"https:\/\/positiveprints.com\/wp-content\/uploads\/2023\/04\/Mappa-del-Dove-Ce-Papa-Ce-Casa.jpg","datePublished":"2022-03-10T11:01:34+00:00","dateModified":"2026-04-28T13:41:36+00:00","description":"Queste mappe sono perfette per la Festa del Pap\u00e0 perch\u00e9 puoi personalizzarle cos\u00ec tanto da farlo sentire pi\u00f9 speciale che mai.","breadcrumb":{"@id":"https:\/\/positiveprints.com\/it\/prodotto\/mappa-del-dove-ce-papa-ce-casa\/#breadcrumb"},"inLanguage":"it-IT","potentialAction":[{"@type":"ReadAction","target":["https:\/\/positiveprints.com\/it\/prodotto\/mappa-del-dove-ce-papa-ce-casa\/"]}]},{"@type":"ImageObject","inLanguage":"it-IT","@id":"https:\/\/positiveprints.com\/it\/prodotto\/mappa-del-dove-ce-papa-ce-casa\/#primaryimage","url":"https:\/\/positiveprints.com\/wp-content\/uploads\/2023\/04\/Mappa-del-Dove-Ce-Papa-Ce-Casa.jpg","contentUrl":"https:\/\/positiveprints.com\/wp-content\/uploads\/2023\/04\/Mappa-del-Dove-Ce-Papa-Ce-Casa.jpg","width":1080,"height":1080,"caption":"Mappa del Dove C\u2019\u00e8 Pap\u00e0, C\u2019\u00e8 Casa"},{"@type":"BreadcrumbList","@id":"https:\/\/positiveprints.com\/it\/prodotto\/mappa-del-dove-ce-papa-ce-casa\/#breadcrumb","itemListElement":[{"@type":"ListItem","position":1,"name":"Home","item":"https:\/\/positiveprints.com\/it\/"},{"@type":"ListItem","position":2,"name":"Prodotti","item":"https:\/\/positiveprints.com\/it\/shop\/"},{"@type":"ListItem","position":3,"name":"Mappa del Dove C\u2019\u00e8 Pap\u00e0, C\u2019\u00e8 Casa"}]},{"@type":"WebSite","@id":"https:\/\/positiveprints.com\/it\/#website","url":"https:\/\/positiveprints.com\/it\/","name":"Positive Prints","description":"Amazing Custom Personalized Gifts","publisher":{"@id":"https:\/\/positiveprints.com\/it\/#organization"},"potentialAction":[{"@type":"SearchAction","target":{"@type":"EntryPoint","urlTemplate":"https:\/\/positiveprints.com\/it\/?s={search_term_string}"},"query-input":{"@type":"PropertyValueSpecification","valueRequired":true,"valueName":"search_term_string"}}],"inLanguage":"it-IT"},{"@type":"Organization","@id":"https:\/\/positiveprints.com\/it\/#organization","name":"Positive Prints","alternateName":"Positive Prints","url":"https:\/\/positiveprints.com\/it\/","logo":{"@type":"ImageObject","inLanguage":"it-IT","@id":"https:\/\/positiveprints.com\/it\/#\/schema\/logo\/image\/","url":"https:\/\/positiveprints.com\/wp-content\/uploads\/2026\/03\/245815646_1337939713319158_5671353136411139666_n.png","contentUrl":"https:\/\/positiveprints.com\/wp-content\/uploads\/2026\/03\/245815646_1337939713319158_5671353136411139666_n.png","width":800,"height":800,"caption":"Positive Prints"},"image":{"@id":"https:\/\/positiveprints.com\/it\/#\/schema\/logo\/image\/"},"sameAs":["https:\/\/www.facebook.com\/positiveprintscom","https:\/\/www.instagram.com\/positiveprintscom\/","https:\/\/www.tiktok.com\/@positiveprintscom","https:\/\/www.pinterest.com\/positiveprintscom\/"]}]}},"jetpack_sharing_enabled":true,"_links":{"self":[{"href":"https:\/\/positiveprints.com\/it\/wp-json\/wp\/v2\/product\/262320","targetHints":{"allow":["GET"]}}],"collection":[{"href":"https:\/\/positiveprints.com\/it\/wp-json\/wp\/v2\/product"}],"about":[{"href":"https:\/\/positiveprints.com\/it\/wp-json\/wp\/v2\/types\/product"}],"wp:featuredmedia":[{"embeddable":true,"href":"https:\/\/positiveprints.com\/it\/wp-json\/wp\/v2\/media\/460798"}],"wp:attachment":[{"href":"https:\/\/positiveprints.com\/it\/wp-json\/wp\/v2\/media?parent=262320"}],"wp:term":[{"taxonomy":"product_brand","embeddable":true,"href":"https:\/\/positiveprints.com\/it\/wp-json\/wp\/v2\/product_brand?post=262320"},{"taxonomy":"product_cat","embeddable":true,"href":"https:\/\/positiveprints.com\/it\/wp-json\/wp\/v2\/product_cat?post=262320"},{"taxonomy":"product_tag","embeddable":true,"href":"https:\/\/positiveprints.com\/it\/wp-json\/wp\/v2\/product_tag?post=262320"}],"curies":[{"name":"wp","href":"https:\/\/api.w.org\/{rel}","templated":true}]}}