{"id":262318,"date":"2022-03-10T13:15:56","date_gmt":"2022-03-10T12:15:56","guid":{"rendered":"https:\/\/positiveprints.com\/product\/il-cielo-quando-sei-diventato-papa\/"},"modified":"2026-04-07T16:01:28","modified_gmt":"2026-04-07T15:01:28","slug":"il-cielo-quando-sei-diventato-papa","status":"publish","type":"product","link":"https:\/\/positiveprints.com\/it\/prodotto\/il-cielo-quando-sei-diventato-papa\/","title":{"rendered":"Il Cielo Quando Sei Diventato Pap\u00e0"},"content":{"rendered":"<h2><b>Perch\u00e9 Regalare una Mappa Stellare per la Festa del Pap\u00e0?<\/b><\/h2>\n<p><span style=\"font-weight: 400;\">Ogni notte, il cielo si presenta a noi in modo sempre diverso. Dalle fasi lunari alla posizione delle stelle, dei pianeti e dei corpi celesti: se rivolgi lo sguardo all\u2019ins\u00f9 noterai sempre qualcosa di unico. E durante la notte della tua nascita, quando tuo pap\u00e0 \u00e8 ufficialmente diventato genitore, l\u2019universo si \u00e8 allineato come mai prima di allora. E allora perch\u00e9 non festeggiare con una mappa \u201cIl cielo quando sei diventato pap\u00e0\u201d?<\/span><\/p>\n<p><span style=\"font-weight: 400;\">L\u2019obiettivo della nostra mappa stellare \u00e8 quello di ricreare esattamente la posizione delle stelle nella notte in cui hai abbracciato il tuo pap\u00e0 per la prima volta. Di sicuro, quel preciso momento \u00e8 stato uno dei pi\u00f9 emozionanti della sua vita, perci\u00f2 una mappa stellare \u00e8 un bellissimo modo per fargli rivivere quelle sensazioni.<\/span><\/p>\n<h2><b>Il cielo quando sei diventato pap\u00e0: Crea il Regalo in 3 Semplici Passaggi<\/b><\/h2>\n<p><span style=\"font-weight: 400;\">Ogni mappa stellare personalizzata si basa su una data a tua scelta. Grazie alla tecnologia di Hipparcos-2 abbiamo accesso a informazioni scientificamente precise per realizzare mappe basate sulla posizione e sulla data che inserisci.<\/span><\/p>\n<p><span style=\"font-weight: 400;\">Grazie all\u2019editor interattivo di Positive Prints potrai dedicarti alla parte pi\u00f9 bella, ovvero quella della personalizzazione. Inoltre potrai tenere d\u2019occhio l\u2019anteprima istantanea per vedere la tua mappa stellare prendere vita sotto i tuoi occhi, rigorosamente in tempo reale. Non sai da dove iniziare?<\/span><\/p>\n<p><span style=\"font-weight: 400;\">Innanzitutto, seleziona una combinazione di colori creata dai nostri designer e successivamente la forma della tua mappa e tutti i dettagli per renderla unica nel suo genere. Infine, scegli se affidare la stampa a noi o occuparsene personalmente tramite il download digitale. Non importa se sceglierai un poster o il file digitale: il regalo per il tuo pap\u00e0 sar\u00e0 presto pronto in occasione del tuo evento preferito.<\/span><\/p>\n<p><span style=\"font-weight: 400;\">Dalla Festa del Pap\u00e0 al compleanno di una persona cara: Positive Prints \u00e8 al tuo fianco quando vuoi creare un regalo personalizzato. Inizia subito a dar vita alla tua creazione!<\/span><\/p><h2 class=\"wp-block-heading\" id=\"h-domande-poste-frequentemente\"><strong>Domande Poste Frequentemente<\/strong><\/h2><details class=\"wp-block-details is-layout-flow wp-block-details-is-layout-flow\"><summary><strong>Cos&#8217;\u00e8 una Mappa Stellare &#8220;Il cielo quando sei diventato pap\u00e0&#8221;?<\/strong><\/summary><p>Il cielo quando sei diventato pap\u00e0 \u00e8 una mappa personalizzata del cielo nella notte della tua nascita. Nello specifico, rappresenta l&#8217;allineamento delle stelle nel momento in cui pap\u00e0 ti ha preso in braccio la prima volta. Di conseguenza, immortala uno dei momenti pi\u00f9 emozionanti.<\/p><\/details><details class=\"wp-block-details is-layout-flow wp-block-details-is-layout-flow\"><summary><strong>\u00c8 una mappa stellare personalizzata?<\/strong><\/summary><p>S\u00ec, ogni mappa \u00e8 completamente personalizzata. Infatti, utilizza la tecnologia Hipparcos-2 per informazioni scientificamente accurate. E inoltre ti permette di aggiungere pianeti, costellazioni e Via Lattea, ammirando ogni modifica con l\u2019anteprima in tempo reale.<\/p><\/details><details class=\"wp-block-details is-layout-flow wp-block-details-is-layout-flow\"><summary><strong>Perch\u00e9 \u00e8 il regalo perfetto per la Festa del Pap\u00e0?<\/strong><\/summary><p>Il cielo quando sei diventato pap\u00e0 \u00e8 il regalo perfetto perch\u00e9 \u00e8 un modo bellissimo per rivivere quelle emozioni speciali. Di conseguenza, \u00e8 un ricordo unico che ogni genitore custodir\u00e0 nel cuore.\u200b<\/p><\/details><details class=\"wp-block-details is-layout-flow wp-block-details-is-layout-flow\"><summary><strong>Come creare la mia Mappa &#8220;Il cielo quando sei diventato pap\u00e0&#8221;?<\/strong><\/summary><p>Puoi creare la tua mappa in 3 passaggi: innanzitutto, selezioni la combinazione di colori e la forma della mappa. Successivamente, inserisci data, posizione e testo personalizzato. Infine, scegli il formato di stampa o il download digitale.\u200b<\/p><\/details><details class=\"wp-block-details is-layout-flow wp-block-details-is-layout-flow\"><summary><strong>Per quali occasioni \u00e8 perfetta questa mappa?<\/strong><\/summary><p>Questa mappa \u00e8 perfetta per la Festa del Pap\u00e0, compleanni e anniversari. Inoltre, \u00e8 ideale per celebrare nascite, battesimi o semplicemente per sorprendere qualcuno. In pi\u00f9, \u00e8 ottima per onorare il legame padre-figlio.\u200b<\/p><\/details><details class=\"wp-block-details is-layout-flow wp-block-details-is-layout-flow\"><summary><strong>In quanto tempo posso ricevere la mia mappa?<\/strong><\/summary><p>Per un regalo immediato, scegli il nostro download digitale di un file JPEG ad alta risoluzione (300 dpi) che puoi stampare autonomamente. Per un prodotto finito invece stampiamo e spediamo gli articoli dai nostri centri in Australia, Canada, Stati Uniti, Regno Unito ed Europa in pochi giorni.<\/p><\/details>","protected":false},"excerpt":{"rendered":"<ul class=\"check-list\">\n<li>Aggiungi pianeti, costellazioni e la Via Lattea<\/li>\n<li>Personalizzala in 3 semplici passaggi<\/li>\n<li>Aggiungi un testo personalizzato<\/li>\n<li>Guarda subito il risultato \u2013 l&#8217;anteprima interattiva ti permette di perfezionare ogni dettaglio<\/li>\n<\/ul>\n","protected":false},"featured_media":1224582,"template":"","meta":[],"product_brand":[],"product_cat":[9277,7338,5269,7976,11421,4448],"product_tag":[8554,12599,15571,9295,11761,13685],"class_list":{"0":"post-262318","1":"product","2":"type-product","3":"status-publish","4":"has-post-thumbnail","6":"product_cat-bestsellers-label-it","7":"product_cat-regali-per-la-festa-del-papa","8":"product_cat-regali-di-natale","9":"product_cat-regali-per-il-papa","10":"product_cat-regali-di-natale-per-papa","11":"product_cat-star-it-2","12":"product_tag-father-it","13":"product_tag-festa-del-papa","14":"product_tag-il-giorno-in-cui-sei-diventato-papa","15":"product_tag-il-miglior-papa-del-mondo","16":"product_tag-regali-di-natale-per-papa","17":"product_tag-regalo-per-la-festa-del-papa","19":"first","20":"instock","21":"sale","22":"taxable","23":"shipping-taxable","24":"purchasable","25":"product-type-variable"},"yoast_head":"<!-- This site is optimized with the Yoast SEO Premium plugin v27.2 (Yoast SEO v27.2) - https:\/\/yoast.com\/product\/yoast-seo-premium-wordpress\/ -->\n<title>Il Cielo Quando Sei Diventato Pap\u00e0 - Il regalo perfetto - Positive Prints<\/title>\n<meta name=\"description\" content=\"Dalla Festa del Pap\u00e0 a un compleanno di una persona cara, Positive Prints \u00e8 al tuo fianco quando vuoi creare un regalo personalizzato.\" \/>\n<meta name=\"robots\" content=\"index, follow, max-snippet:-1, max-image-preview:large, max-video-preview:-1\" \/>\n<link rel=\"canonical\" href=\"https:\/\/positiveprints.com\/it\/prodotto\/il-cielo-quando-sei-diventato-papa\/\" \/>\n<meta property=\"og:locale\" content=\"it_IT\" \/>\n<meta property=\"og:type\" content=\"article\" \/>\n<meta property=\"og:title\" content=\"Il Cielo Quando Sei Diventato Pap\u00e0\" \/>\n<meta property=\"og:description\" content=\"Aggiungi pianeti, costellazioni e la Via Lattea  Personalizzala in 3 semplici passaggi  Aggiungi un testo personalizzato  Guarda subito il risultato \u2013 l&#039;anteprima interattiva ti permette di perfezionare ogni dettaglio\" \/>\n<meta property=\"og:url\" content=\"https:\/\/positiveprints.com\/it\/prodotto\/il-cielo-quando-sei-diventato-papa\/\" \/>\n<meta property=\"og:site_name\" content=\"Positive Prints\" \/>\n<meta property=\"article:publisher\" content=\"https:\/\/www.facebook.com\/positiveprintscom\" \/>\n<meta property=\"article:modified_time\" content=\"2026-04-07T15:01:28+00:00\" \/>\n<meta property=\"og:image\" content=\"https:\/\/positiveprints.com\/wp-content\/uploads\/2024\/10\/Packshot_IT_The-Day-You-Became-My-Daddy-product-image.webp\" \/>\n\t<meta property=\"og:image:width\" content=\"1450\" \/>\n\t<meta property=\"og:image:height\" content=\"1450\" \/>\n\t<meta property=\"og:image:type\" content=\"image\/webp\" \/>\n<meta name=\"twitter:card\" content=\"summary_large_image\" \/>\n<meta name=\"twitter:label1\" content=\"Tempo di lettura stimato\" \/>\n\t<meta name=\"twitter:data1\" content=\"3 minuti\" \/>\n<!-- \/ Yoast SEO Premium plugin. -->","yoast_head_json":{"title":"Il Cielo Quando Sei Diventato Pap\u00e0 - Il regalo perfetto - Positive Prints","description":"Dalla Festa del Pap\u00e0 a un compleanno di una persona cara, Positive Prints \u00e8 al tuo fianco quando vuoi creare un regalo personalizzato.","robots":{"index":"index","follow":"follow","max-snippet":"max-snippet:-1","max-image-preview":"max-image-preview:large","max-video-preview":"max-video-preview:-1"},"canonical":"https:\/\/positiveprints.com\/it\/prodotto\/il-cielo-quando-sei-diventato-papa\/","og_locale":"it_IT","og_type":"article","og_title":"Il Cielo Quando Sei Diventato Pap\u00e0","og_description":"Aggiungi pianeti, costellazioni e la Via Lattea  Personalizzala in 3 semplici passaggi  Aggiungi un testo personalizzato  Guarda subito il risultato \u2013 l'anteprima interattiva ti permette di perfezionare ogni dettaglio","og_url":"https:\/\/positiveprints.com\/it\/prodotto\/il-cielo-quando-sei-diventato-papa\/","og_site_name":"Positive Prints","article_publisher":"https:\/\/www.facebook.com\/positiveprintscom","article_modified_time":"2026-04-07T15:01:28+00:00","og_image":[{"width":1450,"height":1450,"url":"https:\/\/positiveprints.com\/wp-content\/uploads\/2024\/10\/Packshot_IT_The-Day-You-Became-My-Daddy-product-image.webp","type":"image\/webp"}],"twitter_card":"summary_large_image","twitter_misc":{"Tempo di lettura stimato":"3 minuti"},"schema":{"@context":"https:\/\/schema.org","@graph":[{"@type":["WebPage","ItemPage"],"@id":"https:\/\/positiveprints.com\/it\/prodotto\/il-cielo-quando-sei-diventato-papa\/","url":"https:\/\/positiveprints.com\/it\/prodotto\/il-cielo-quando-sei-diventato-papa\/","name":"Il Cielo Quando Sei Diventato Pap\u00e0 - Il regalo perfetto - Positive Prints","isPartOf":{"@id":"https:\/\/positiveprints.com\/it\/#website"},"primaryImageOfPage":{"@id":"https:\/\/positiveprints.com\/it\/prodotto\/il-cielo-quando-sei-diventato-papa\/#primaryimage"},"image":{"@id":"https:\/\/positiveprints.com\/it\/prodotto\/il-cielo-quando-sei-diventato-papa\/#primaryimage"},"thumbnailUrl":"https:\/\/positiveprints.com\/wp-content\/uploads\/2024\/10\/Packshot_IT_The-Day-You-Became-My-Daddy-product-image.webp","datePublished":"2022-03-10T12:15:56+00:00","dateModified":"2026-04-07T15:01:28+00:00","description":"Dalla Festa del Pap\u00e0 a un compleanno di una persona cara, Positive Prints \u00e8 al tuo fianco quando vuoi creare un regalo personalizzato.","breadcrumb":{"@id":"https:\/\/positiveprints.com\/it\/prodotto\/il-cielo-quando-sei-diventato-papa\/#breadcrumb"},"inLanguage":"it-IT","potentialAction":[{"@type":"ReadAction","target":["https:\/\/positiveprints.com\/it\/prodotto\/il-cielo-quando-sei-diventato-papa\/"]}]},{"@type":"ImageObject","inLanguage":"it-IT","@id":"https:\/\/positiveprints.com\/it\/prodotto\/il-cielo-quando-sei-diventato-papa\/#primaryimage","url":"https:\/\/positiveprints.com\/wp-content\/uploads\/2024\/10\/Packshot_IT_The-Day-You-Became-My-Daddy-product-image.webp","contentUrl":"https:\/\/positiveprints.com\/wp-content\/uploads\/2024\/10\/Packshot_IT_The-Day-You-Became-My-Daddy-product-image.webp","width":1450,"height":1450},{"@type":"BreadcrumbList","@id":"https:\/\/positiveprints.com\/it\/prodotto\/il-cielo-quando-sei-diventato-papa\/#breadcrumb","itemListElement":[{"@type":"ListItem","position":1,"name":"Home","item":"https:\/\/positiveprints.com\/it\/"},{"@type":"ListItem","position":2,"name":"Prodotti","item":"https:\/\/positiveprints.com\/it\/shop\/"},{"@type":"ListItem","position":3,"name":"Il Cielo Quando Sei Diventato Pap\u00e0"}]},{"@type":"WebSite","@id":"https:\/\/positiveprints.com\/it\/#website","url":"https:\/\/positiveprints.com\/it\/","name":"Positive Prints","description":"Amazing Custom Personalized Gifts","publisher":{"@id":"https:\/\/positiveprints.com\/it\/#organization"},"potentialAction":[{"@type":"SearchAction","target":{"@type":"EntryPoint","urlTemplate":"https:\/\/positiveprints.com\/it\/?s={search_term_string}"},"query-input":{"@type":"PropertyValueSpecification","valueRequired":true,"valueName":"search_term_string"}}],"inLanguage":"it-IT"},{"@type":"Organization","@id":"https:\/\/positiveprints.com\/it\/#organization","name":"Positive Prints","alternateName":"Positive Prints","url":"https:\/\/positiveprints.com\/it\/","logo":{"@type":"ImageObject","inLanguage":"it-IT","@id":"https:\/\/positiveprints.com\/it\/#\/schema\/logo\/image\/","url":"https:\/\/positiveprints.com\/wp-content\/uploads\/2026\/03\/245815646_1337939713319158_5671353136411139666_n.png","contentUrl":"https:\/\/positiveprints.com\/wp-content\/uploads\/2026\/03\/245815646_1337939713319158_5671353136411139666_n.png","width":800,"height":800,"caption":"Positive Prints"},"image":{"@id":"https:\/\/positiveprints.com\/it\/#\/schema\/logo\/image\/"},"sameAs":["https:\/\/www.facebook.com\/positiveprintscom","https:\/\/www.instagram.com\/positiveprintscom\/","https:\/\/www.tiktok.com\/@positiveprintscom","https:\/\/www.pinterest.com\/positiveprintscom\/"]}]}},"jetpack_sharing_enabled":true,"_links":{"self":[{"href":"https:\/\/positiveprints.com\/it\/wp-json\/wp\/v2\/product\/262318","targetHints":{"allow":["GET"]}}],"collection":[{"href":"https:\/\/positiveprints.com\/it\/wp-json\/wp\/v2\/product"}],"about":[{"href":"https:\/\/positiveprints.com\/it\/wp-json\/wp\/v2\/types\/product"}],"wp:featuredmedia":[{"embeddable":true,"href":"https:\/\/positiveprints.com\/it\/wp-json\/wp\/v2\/media\/1224582"}],"wp:attachment":[{"href":"https:\/\/positiveprints.com\/it\/wp-json\/wp\/v2\/media?parent=262318"}],"wp:term":[{"taxonomy":"product_brand","embeddable":true,"href":"https:\/\/positiveprints.com\/it\/wp-json\/wp\/v2\/product_brand?post=262318"},{"taxonomy":"product_cat","embeddable":true,"href":"https:\/\/positiveprints.com\/it\/wp-json\/wp\/v2\/product_cat?post=262318"},{"taxonomy":"product_tag","embeddable":true,"href":"https:\/\/positiveprints.com\/it\/wp-json\/wp\/v2\/product_tag?post=262318"}],"curies":[{"name":"wp","href":"https:\/\/api.w.org\/{rel}","templated":true}]}}