{"id":244860,"date":"2022-02-09T12:29:15","date_gmt":"2022-02-09T11:29:15","guid":{"rendered":"https:\/\/positiveprints.com\/product\/mappa-per-sentirsi-vicini-al-papa\/"},"modified":"2026-04-12T23:23:12","modified_gmt":"2026-04-12T22:23:12","slug":"mappa-per-sentirsi-vicini-al-papa","status":"publish","type":"product","link":"https:\/\/positiveprints.com\/it\/prodotto\/mappa-per-sentirsi-vicini-al-papa\/","title":{"rendered":"Mappa per Sentirsi Vicini al Pap\u00e0"},"content":{"rendered":"<h2 class=\"grenB f24 cblue\">Cos\u2019\u00e8 una Mappa per Sentirsi Vicini al Pap\u00e0?<\/h2>\r\n<p style=\"margin-top: 1rem\">Non c\u2019\u00e8 sensazione migliore che sentire la vicinanza delle persone che amiamo. Con la Mappa per Sentirsi Vicini al Pap\u00e0 puoi colmare la distanza fisica che oggi ti divide dall\u2019uomo che ti \u00e8 stato accanto sin dalla nascita.<\/p>\r\n<p style=\"margin-top: 1rem\">Grazie a questa mappa 3-in-1 puoi rappresentare un pezzettino del vostro legame. Potresti mettere in risalto i luoghi in cui vi siete trasferiti tu e i tuoi fratelli, una destinazione esotica che avete visitato insieme, oppure tutti i posti pi\u00f9 importanti dell\u2019infanzia. \u00c8 la tua mappa, perci\u00f2 decidi tu. <\/p>\r\n<h2 class=\"grenB f24 cblue\" style=\"margin-top: 3rem\">Una Mappa per Sentirsi Vicini al Pap\u00e0 \u00e8 Perfetta per la Festa del Pap\u00e0!<\/h2>\r\n<p style=\"margin-top: 1rem\">Nonostante la distanza fisica, una Mappa per Sentirsi Vicini al Pap\u00e0 \u00e8 proprio ci\u00f2 che pu\u00f2 aiutarvi quando la nostalgia comincia a farsi sentire. Ogni volta che tuo padre guarder\u00e0 la tua mappa ti penser\u00e0 con gioia e, come se non bastasse, avr\u00e0 sempre qualcosa di bello da raccontare ogni volta che qualcuno dei suoi ospiti la noter\u00e0 appesa al muro.<\/p>\r\n<p style=\"margin-top: 1rem\">Creare una mappa personalizzata \u00e8 facile come contare fino a 10. Abbiamo impostato il nostro editor in modo da poterti lasciare solamente la parte pi\u00f9 bella: la personalizzazione. Seleziona la combinazione di colori che preferisci, la forma della mappa e tutti i dettagli che pensi possano aggiungere personalit\u00e0 e significato al tuo regalo. Scegli tre luoghi che vuoi rappresentare sulla mappa e poi inserisci la vostra citazione preferita, la strofa di una canzone, una data o un messaggio per il tuo pap\u00e0. Da l\u00ec in poi, pensiamo a tutto noi! <\/p>\r\n<p style=\"margin-top: 1rem\">Una Mappa per Sentirsi Vicini al Pap\u00e0 \u00e8 un\u2019idea regalo che rimane per sempre. Crea un regalo personalizzato \u2014 inizia subito qui.<\/p>","protected":false},"excerpt":{"rendered":"<ul class=\"check-list\">\n<li>Crea una mappa personalizzata con i luoghi dove vivono pap\u00e0 e fratelli, senza distanze che possano separarvi<\/li>\n<li>Indica l&#8217;indirizzo preciso con un simbolo a tua scelta<\/li>\n<li>Personalizzala in 3 semplici passaggi<\/li>\n<li>Aggiungi un testo personalizzato<\/li>\n<li>Guarda subito il risultato \u2013 l&#8217;anteprima interattiva ti permette di perfezionare ogni dettaglio<\/li>\n<\/ul>\n","protected":false},"featured_media":1468093,"template":"","meta":[],"product_brand":[],"product_cat":[7976,7229],"product_tag":[8554],"class_list":{"0":"post-244860","1":"product","2":"type-product","3":"status-publish","4":"has-post-thumbnail","6":"product_cat-regali-per-il-papa","7":"product_cat-triple-maps-it","8":"product_tag-father-it","10":"first","11":"instock","12":"sale","13":"taxable","14":"shipping-taxable","15":"purchasable","16":"product-type-variable"},"yoast_head":"<!-- This site is optimized with the Yoast SEO Premium plugin v27.2 (Yoast SEO v27.2) - https:\/\/yoast.com\/product\/yoast-seo-premium-wordpress\/ -->\n<title>Mappa per Sentirsi Vicini al Pap\u00e0 - Regalo per pap\u00e0 - Positive Prints<\/title>\n<meta name=\"description\" content=\"Nonostante la distanza fisica, una Mappa per Sentirsi Vicini al Pap\u00e0 \u00e8 proprio ci\u00f2 che pu\u00f2 aiutarvi quando la nostalgia comincia a farsi sentire\" \/>\n<meta name=\"robots\" content=\"index, follow, max-snippet:-1, max-image-preview:large, max-video-preview:-1\" \/>\n<link rel=\"canonical\" href=\"https:\/\/positiveprints.com\/it\/prodotto\/mappa-per-sentirsi-vicini-al-papa\/\" \/>\n<meta property=\"og:locale\" content=\"it_IT\" \/>\n<meta property=\"og:type\" content=\"article\" \/>\n<meta property=\"og:title\" content=\"Mappa per Sentirsi Vicini al Pap\u00e0\" \/>\n<meta property=\"og:description\" content=\"Crea una mappa personalizzata con i luoghi dove vivono pap\u00e0 e fratelli, senza distanze che possano separarvi Indica l&#039;indirizzo preciso con un simbolo a tua scelta Personalizzala in 3 semplici passaggi Aggiungi un testo personalizzato Guarda subito il risultato \u2013 l&#039;anteprima interattiva ti permette di perfezionare ogni dettaglio\" \/>\n<meta property=\"og:url\" content=\"https:\/\/positiveprints.com\/it\/prodotto\/mappa-per-sentirsi-vicini-al-papa\/\" \/>\n<meta property=\"og:site_name\" content=\"Positive Prints\" \/>\n<meta property=\"article:publisher\" content=\"https:\/\/www.facebook.com\/positiveprintscom\" \/>\n<meta property=\"article:modified_time\" content=\"2026-04-12T22:23:12+00:00\" \/>\n<meta property=\"og:image\" content=\"https:\/\/positiveprints.com\/wp-content\/uploads\/2023\/04\/Mappa-per-Sentirsi-Vicini-al-Papa.jpg\" \/>\n\t<meta property=\"og:image:width\" content=\"1080\" \/>\n\t<meta property=\"og:image:height\" content=\"1080\" \/>\n\t<meta property=\"og:image:type\" content=\"image\/jpeg\" \/>\n<meta name=\"twitter:card\" content=\"summary_large_image\" \/>\n<meta name=\"twitter:label1\" content=\"Tempo di lettura stimato\" \/>\n\t<meta name=\"twitter:data1\" content=\"1 minuto\" \/>\n<!-- \/ Yoast SEO Premium plugin. -->","yoast_head_json":{"title":"Mappa per Sentirsi Vicini al Pap\u00e0 - Regalo per pap\u00e0 - Positive Prints","description":"Nonostante la distanza fisica, una Mappa per Sentirsi Vicini al Pap\u00e0 \u00e8 proprio ci\u00f2 che pu\u00f2 aiutarvi quando la nostalgia comincia a farsi sentire","robots":{"index":"index","follow":"follow","max-snippet":"max-snippet:-1","max-image-preview":"max-image-preview:large","max-video-preview":"max-video-preview:-1"},"canonical":"https:\/\/positiveprints.com\/it\/prodotto\/mappa-per-sentirsi-vicini-al-papa\/","og_locale":"it_IT","og_type":"article","og_title":"Mappa per Sentirsi Vicini al Pap\u00e0","og_description":"Crea una mappa personalizzata con i luoghi dove vivono pap\u00e0 e fratelli, senza distanze che possano separarvi Indica l'indirizzo preciso con un simbolo a tua scelta Personalizzala in 3 semplici passaggi Aggiungi un testo personalizzato Guarda subito il risultato \u2013 l'anteprima interattiva ti permette di perfezionare ogni dettaglio","og_url":"https:\/\/positiveprints.com\/it\/prodotto\/mappa-per-sentirsi-vicini-al-papa\/","og_site_name":"Positive Prints","article_publisher":"https:\/\/www.facebook.com\/positiveprintscom","article_modified_time":"2026-04-12T22:23:12+00:00","og_image":[{"width":1080,"height":1080,"url":"https:\/\/positiveprints.com\/wp-content\/uploads\/2023\/04\/Mappa-per-Sentirsi-Vicini-al-Papa.jpg","type":"image\/jpeg"}],"twitter_card":"summary_large_image","twitter_misc":{"Tempo di lettura stimato":"1 minuto"},"schema":{"@context":"https:\/\/schema.org","@graph":[{"@type":["WebPage","ItemPage"],"@id":"https:\/\/positiveprints.com\/it\/prodotto\/mappa-per-sentirsi-vicini-al-papa\/","url":"https:\/\/positiveprints.com\/it\/prodotto\/mappa-per-sentirsi-vicini-al-papa\/","name":"Mappa per Sentirsi Vicini al Pap\u00e0 - Regalo per pap\u00e0 - Positive Prints","isPartOf":{"@id":"https:\/\/positiveprints.com\/it\/#website"},"primaryImageOfPage":{"@id":"https:\/\/positiveprints.com\/it\/prodotto\/mappa-per-sentirsi-vicini-al-papa\/#primaryimage"},"image":{"@id":"https:\/\/positiveprints.com\/it\/prodotto\/mappa-per-sentirsi-vicini-al-papa\/#primaryimage"},"thumbnailUrl":"https:\/\/positiveprints.com\/wp-content\/uploads\/2025\/07\/Packshot_IT_Mappa-per-Sentirsi-Vicini-al-Papa\u0300.webp","datePublished":"2022-02-09T11:29:15+00:00","dateModified":"2026-04-12T22:23:12+00:00","description":"Nonostante la distanza fisica, una Mappa per Sentirsi Vicini al Pap\u00e0 \u00e8 proprio ci\u00f2 che pu\u00f2 aiutarvi quando la nostalgia comincia a farsi sentire","breadcrumb":{"@id":"https:\/\/positiveprints.com\/it\/prodotto\/mappa-per-sentirsi-vicini-al-papa\/#breadcrumb"},"inLanguage":"it-IT","potentialAction":[{"@type":"ReadAction","target":["https:\/\/positiveprints.com\/it\/prodotto\/mappa-per-sentirsi-vicini-al-papa\/"]}]},{"@type":"ImageObject","inLanguage":"it-IT","@id":"https:\/\/positiveprints.com\/it\/prodotto\/mappa-per-sentirsi-vicini-al-papa\/#primaryimage","url":"https:\/\/positiveprints.com\/wp-content\/uploads\/2025\/07\/Packshot_IT_Mappa-per-Sentirsi-Vicini-al-Papa\u0300.webp","contentUrl":"https:\/\/positiveprints.com\/wp-content\/uploads\/2025\/07\/Packshot_IT_Mappa-per-Sentirsi-Vicini-al-Papa\u0300.webp","width":1450,"height":1450,"caption":"Packshot_IT_Mappa per Sentirsi Vicini al Papa\u0300"},{"@type":"BreadcrumbList","@id":"https:\/\/positiveprints.com\/it\/prodotto\/mappa-per-sentirsi-vicini-al-papa\/#breadcrumb","itemListElement":[{"@type":"ListItem","position":1,"name":"Home","item":"https:\/\/positiveprints.com\/it\/"},{"@type":"ListItem","position":2,"name":"Prodotti","item":"https:\/\/positiveprints.com\/it\/shop\/"},{"@type":"ListItem","position":3,"name":"Mappa per Sentirsi Vicini al Pap\u00e0"}]},{"@type":"WebSite","@id":"https:\/\/positiveprints.com\/it\/#website","url":"https:\/\/positiveprints.com\/it\/","name":"Positive Prints","description":"Amazing Custom Personalized Gifts","publisher":{"@id":"https:\/\/positiveprints.com\/it\/#organization"},"potentialAction":[{"@type":"SearchAction","target":{"@type":"EntryPoint","urlTemplate":"https:\/\/positiveprints.com\/it\/?s={search_term_string}"},"query-input":{"@type":"PropertyValueSpecification","valueRequired":true,"valueName":"search_term_string"}}],"inLanguage":"it-IT"},{"@type":"Organization","@id":"https:\/\/positiveprints.com\/it\/#organization","name":"Positive Prints","alternateName":"Positive Prints","url":"https:\/\/positiveprints.com\/it\/","logo":{"@type":"ImageObject","inLanguage":"it-IT","@id":"https:\/\/positiveprints.com\/it\/#\/schema\/logo\/image\/","url":"https:\/\/positiveprints.com\/wp-content\/uploads\/2026\/03\/245815646_1337939713319158_5671353136411139666_n.png","contentUrl":"https:\/\/positiveprints.com\/wp-content\/uploads\/2026\/03\/245815646_1337939713319158_5671353136411139666_n.png","width":800,"height":800,"caption":"Positive Prints"},"image":{"@id":"https:\/\/positiveprints.com\/it\/#\/schema\/logo\/image\/"},"sameAs":["https:\/\/www.facebook.com\/positiveprintscom","https:\/\/www.instagram.com\/positiveprintscom\/","https:\/\/www.tiktok.com\/@positiveprintscom","https:\/\/www.pinterest.com\/positiveprintscom\/"]}]}},"jetpack_sharing_enabled":true,"_links":{"self":[{"href":"https:\/\/positiveprints.com\/it\/wp-json\/wp\/v2\/product\/244860","targetHints":{"allow":["GET"]}}],"collection":[{"href":"https:\/\/positiveprints.com\/it\/wp-json\/wp\/v2\/product"}],"about":[{"href":"https:\/\/positiveprints.com\/it\/wp-json\/wp\/v2\/types\/product"}],"wp:featuredmedia":[{"embeddable":true,"href":"https:\/\/positiveprints.com\/it\/wp-json\/wp\/v2\/media\/1468093"}],"wp:attachment":[{"href":"https:\/\/positiveprints.com\/it\/wp-json\/wp\/v2\/media?parent=244860"}],"wp:term":[{"taxonomy":"product_brand","embeddable":true,"href":"https:\/\/positiveprints.com\/it\/wp-json\/wp\/v2\/product_brand?post=244860"},{"taxonomy":"product_cat","embeddable":true,"href":"https:\/\/positiveprints.com\/it\/wp-json\/wp\/v2\/product_cat?post=244860"},{"taxonomy":"product_tag","embeddable":true,"href":"https:\/\/positiveprints.com\/it\/wp-json\/wp\/v2\/product_tag?post=244860"}],"curies":[{"name":"wp","href":"https:\/\/api.w.org\/{rel}","templated":true}]}}