{"id":244845,"date":"2022-02-21T12:26:30","date_gmt":"2022-02-21T11:26:30","guid":{"rendered":"https:\/\/positiveprints.com\/product\/la-nostra-luna\/"},"modified":"2026-04-18T07:02:09","modified_gmt":"2026-04-18T06:02:09","slug":"la-nostra-luna","status":"publish","type":"product","link":"https:\/\/positiveprints.com\/it\/prodotto\/la-nostra-luna\/","title":{"rendered":"La Nostra Luna"},"content":{"rendered":"<h2 class=\"grenB f24 cblue\">Il Regalo Perfetto per il Vostro Anniversario!<\/h2>\r\n<p style=\"margin-top: 1rem\">La notte in cui hai incontrato il tuo vero amore, non c\u2019eri solo tu ad assistere a quell\u2019evento pazzesco. Anche se troppo spesso non ce ne accorgiamo, la luna e le stelle erano l\u00ec a osservare le notti migliori della nostra vita. E siamo certi che la notte in cui hai incrociato lo sguardo della tua anima gemella \u00e8 una notte davvero importante. Con una mappa personalizzata della luna puoi rivivere quelle emozioni ogni giorno e per sempre.<\/p>\r\n<p style=\"margin-top: 1rem\">I nostri poster delle fasi lunari ricreano l\u2019aspetto che aveva la luna in una data a tua scelta. Che sia quella in cui vi siete conosciuti, quella in cui \u00e8 iniziata la vostra storia d\u2019amore o quella in cui avete pronunciato il fatidico \u201cLo voglio\u201d, la scelta \u00e8 solo tua. Il nostro compito \u00e8 quello di rendere indelebile un ricordo speciale e far in modo che tu possa sempre guardare a quel ricordo con gioia.<\/p>\r\n<h2 class=\"grenB f24 cblue\" style=\"margin-top: 3rem\">Come Creare il Tuo Poster della Luna Personalizzato<\/h2>\r\n<p style=\"margin-top: 1rem\">L\u2019editor interattivo di Positive Prints d\u00e0 a tutti la possibilit\u00e0 di realizzare creazioni artistiche in modo professionale. Scegli tra le combinazioni di colore create dai nostri designer e aggiungi un testo personalizzato alla tua stampa come una citazione, una strofa di una canzone, una poesia o una data in cui le vostre vite sono cambiate per sempre. Il poster lunare \u00e8 il tuo, perci\u00f2 prenditi la completa libert\u00e0 di crearlo come vuoi tu \u2014 e regalarlo alla persona pi\u00f9 importante della tua vita!<\/p>\r\n<p style=\"margin-top: 1rem\">Un poster lunare \u00e8 un&#8217;opportunit\u00e0 per ripercorrere tutti i momenti pi\u00f9 belli di quella notte e ricordarli per sempre. Comincia subito a creare la tua stampa e sorprendi la tua dolce met\u00e0 con un regalo creato su misura.<\/p>","protected":false},"excerpt":{"rendered":"<ul class=\"check-list\">\n<li>Aggiungi l&#8217;ombra che la luna aveva in quel giorno<\/li>\n<li>Personalizzala in 3 semplici passaggi<\/li>\n<li>Scegli tra una variet\u00e0 di design straordinari<\/li>\n<li>Guarda subito il risultato \u2013 l&#8217;anteprima interattiva ti permette di perfezionare ogni dettaglio<\/li>\n<\/ul>\n","protected":false},"featured_media":1689379,"template":"","meta":[],"product_brand":[],"product_cat":[7205,5281,8008,7688],"product_tag":[14889,13760,13750],"class_list":{"0":"post-244845","1":"product","2":"type-product","3":"status-publish","4":"has-post-thumbnail","6":"product_cat-moon-it","7":"product_cat-regali-di-fidanzamento","8":"product_cat-regali-da-uomo","9":"product_cat-regali-da-donna","10":"product_tag-anniversary-it-2","11":"product_tag-fase-lunare-del-giorno-del-matrimonio","12":"product_tag-fase-lunare-dellanniversario","14":"first","15":"instock","16":"sale","17":"taxable","18":"shipping-taxable","19":"purchasable","20":"product-type-variable"},"yoast_head":"<!-- This site is optimized with the Yoast SEO Premium plugin v27.2 (Yoast SEO v27.2) - https:\/\/yoast.com\/product\/yoast-seo-premium-wordpress\/ -->\n<title>La Nostra Luna - Regalo di anniversario personalizzato - Positive Prints<\/title>\n<meta name=\"robots\" content=\"index, follow, max-snippet:-1, max-image-preview:large, max-video-preview:-1\" \/>\n<link rel=\"canonical\" href=\"https:\/\/positiveprints.com\/it\/prodotto\/la-nostra-luna\/\" \/>\n<meta property=\"og:locale\" content=\"it_IT\" \/>\n<meta property=\"og:type\" content=\"article\" \/>\n<meta property=\"og:title\" content=\"La Nostra Luna\" \/>\n<meta property=\"og:description\" content=\"Aggiungi l&#039;ombra che la luna aveva in quel giorno Personalizzala in 3 semplici passaggi Scegli tra una variet\u00e0 di design straordinari Guarda subito il risultato \u2013 l&#039;anteprima interattiva ti permette di perfezionare ogni dettaglio\" \/>\n<meta property=\"og:url\" content=\"https:\/\/positiveprints.com\/it\/prodotto\/la-nostra-luna\/\" \/>\n<meta property=\"og:site_name\" content=\"Positive Prints\" \/>\n<meta property=\"article:publisher\" content=\"https:\/\/www.facebook.com\/positiveprintscom\" \/>\n<meta property=\"article:modified_time\" content=\"2026-04-18T06:02:09+00:00\" \/>\n<meta property=\"og:image\" content=\"https:\/\/positiveprints.com\/wp-content\/uploads\/2024\/10\/Packshot_IT_our-moon-product-image.webp\" \/>\n\t<meta property=\"og:image:width\" content=\"1450\" \/>\n\t<meta property=\"og:image:height\" content=\"1450\" \/>\n\t<meta property=\"og:image:type\" content=\"image\/webp\" \/>\n<meta name=\"twitter:card\" content=\"summary_large_image\" \/>\n<meta name=\"twitter:label1\" content=\"Tempo di lettura stimato\" \/>\n\t<meta name=\"twitter:data1\" content=\"2 minuti\" \/>\n<!-- \/ Yoast SEO Premium plugin. -->","yoast_head_json":{"title":"La Nostra Luna - Regalo di anniversario personalizzato - Positive Prints","robots":{"index":"index","follow":"follow","max-snippet":"max-snippet:-1","max-image-preview":"max-image-preview:large","max-video-preview":"max-video-preview:-1"},"canonical":"https:\/\/positiveprints.com\/it\/prodotto\/la-nostra-luna\/","og_locale":"it_IT","og_type":"article","og_title":"La Nostra Luna","og_description":"Aggiungi l'ombra che la luna aveva in quel giorno Personalizzala in 3 semplici passaggi Scegli tra una variet\u00e0 di design straordinari Guarda subito il risultato \u2013 l'anteprima interattiva ti permette di perfezionare ogni dettaglio","og_url":"https:\/\/positiveprints.com\/it\/prodotto\/la-nostra-luna\/","og_site_name":"Positive Prints","article_publisher":"https:\/\/www.facebook.com\/positiveprintscom","article_modified_time":"2026-04-18T06:02:09+00:00","og_image":[{"width":1450,"height":1450,"url":"https:\/\/positiveprints.com\/wp-content\/uploads\/2024\/10\/Packshot_IT_our-moon-product-image.webp","type":"image\/webp"}],"twitter_card":"summary_large_image","twitter_misc":{"Tempo di lettura stimato":"2 minuti"},"schema":{"@context":"https:\/\/schema.org","@graph":[{"@type":["WebPage","ItemPage"],"@id":"https:\/\/positiveprints.com\/it\/prodotto\/la-nostra-luna\/","url":"https:\/\/positiveprints.com\/it\/prodotto\/la-nostra-luna\/","name":"La Nostra Luna - Regalo di anniversario personalizzato - Positive Prints","isPartOf":{"@id":"https:\/\/positiveprints.com\/it\/#website"},"primaryImageOfPage":{"@id":"https:\/\/positiveprints.com\/it\/prodotto\/la-nostra-luna\/#primaryimage"},"image":{"@id":"https:\/\/positiveprints.com\/it\/prodotto\/la-nostra-luna\/#primaryimage"},"thumbnailUrl":"https:\/\/positiveprints.com\/wp-content\/uploads\/2026\/03\/Packshot_IT_La-Nostra-Luna.webp","datePublished":"2022-02-21T11:26:30+00:00","dateModified":"2026-04-18T06:02:09+00:00","breadcrumb":{"@id":"https:\/\/positiveprints.com\/it\/prodotto\/la-nostra-luna\/#breadcrumb"},"inLanguage":"it-IT","potentialAction":[{"@type":"ReadAction","target":["https:\/\/positiveprints.com\/it\/prodotto\/la-nostra-luna\/"]}]},{"@type":"ImageObject","inLanguage":"it-IT","@id":"https:\/\/positiveprints.com\/it\/prodotto\/la-nostra-luna\/#primaryimage","url":"https:\/\/positiveprints.com\/wp-content\/uploads\/2026\/03\/Packshot_IT_La-Nostra-Luna.webp","contentUrl":"https:\/\/positiveprints.com\/wp-content\/uploads\/2026\/03\/Packshot_IT_La-Nostra-Luna.webp","width":1450,"height":1450},{"@type":"BreadcrumbList","@id":"https:\/\/positiveprints.com\/it\/prodotto\/la-nostra-luna\/#breadcrumb","itemListElement":[{"@type":"ListItem","position":1,"name":"Home","item":"https:\/\/positiveprints.com\/it\/"},{"@type":"ListItem","position":2,"name":"Prodotti","item":"https:\/\/positiveprints.com\/it\/shop\/"},{"@type":"ListItem","position":3,"name":"La Nostra Luna"}]},{"@type":"WebSite","@id":"https:\/\/positiveprints.com\/it\/#website","url":"https:\/\/positiveprints.com\/it\/","name":"Positive Prints","description":"Amazing Custom Personalized Gifts","publisher":{"@id":"https:\/\/positiveprints.com\/it\/#organization"},"potentialAction":[{"@type":"SearchAction","target":{"@type":"EntryPoint","urlTemplate":"https:\/\/positiveprints.com\/it\/?s={search_term_string}"},"query-input":{"@type":"PropertyValueSpecification","valueRequired":true,"valueName":"search_term_string"}}],"inLanguage":"it-IT"},{"@type":"Organization","@id":"https:\/\/positiveprints.com\/it\/#organization","name":"Positive Prints","alternateName":"Positive Prints","url":"https:\/\/positiveprints.com\/it\/","logo":{"@type":"ImageObject","inLanguage":"it-IT","@id":"https:\/\/positiveprints.com\/it\/#\/schema\/logo\/image\/","url":"https:\/\/positiveprints.com\/wp-content\/uploads\/2026\/03\/245815646_1337939713319158_5671353136411139666_n.png","contentUrl":"https:\/\/positiveprints.com\/wp-content\/uploads\/2026\/03\/245815646_1337939713319158_5671353136411139666_n.png","width":800,"height":800,"caption":"Positive Prints"},"image":{"@id":"https:\/\/positiveprints.com\/it\/#\/schema\/logo\/image\/"},"sameAs":["https:\/\/www.facebook.com\/positiveprintscom","https:\/\/www.instagram.com\/positiveprintscom\/","https:\/\/www.tiktok.com\/@positiveprintscom","https:\/\/www.pinterest.com\/positiveprintscom\/"]}]}},"jetpack_sharing_enabled":true,"_links":{"self":[{"href":"https:\/\/positiveprints.com\/it\/wp-json\/wp\/v2\/product\/244845","targetHints":{"allow":["GET"]}}],"collection":[{"href":"https:\/\/positiveprints.com\/it\/wp-json\/wp\/v2\/product"}],"about":[{"href":"https:\/\/positiveprints.com\/it\/wp-json\/wp\/v2\/types\/product"}],"wp:featuredmedia":[{"embeddable":true,"href":"https:\/\/positiveprints.com\/it\/wp-json\/wp\/v2\/media\/1689379"}],"wp:attachment":[{"href":"https:\/\/positiveprints.com\/it\/wp-json\/wp\/v2\/media?parent=244845"}],"wp:term":[{"taxonomy":"product_brand","embeddable":true,"href":"https:\/\/positiveprints.com\/it\/wp-json\/wp\/v2\/product_brand?post=244845"},{"taxonomy":"product_cat","embeddable":true,"href":"https:\/\/positiveprints.com\/it\/wp-json\/wp\/v2\/product_cat?post=244845"},{"taxonomy":"product_tag","embeddable":true,"href":"https:\/\/positiveprints.com\/it\/wp-json\/wp\/v2\/product_tag?post=244845"}],"curies":[{"name":"wp","href":"https:\/\/api.w.org\/{rel}","templated":true}]}}