{"id":244822,"date":"2022-02-09T21:43:30","date_gmt":"2022-02-09T20:43:30","guid":{"rendered":"https:\/\/positiveprints.com\/product\/mappa-del-dove-ce-mamma-ce-casa\/"},"modified":"2026-04-12T23:22:55","modified_gmt":"2026-04-12T22:22:55","slug":"mappa-del-dove-ce-mamma-ce-casa","status":"publish","type":"product","link":"https:\/\/positiveprints.com\/it\/prodotto\/mappa-del-dove-ce-mamma-ce-casa\/","title":{"rendered":"Mappa del Dove C&#8217;\u00e8 Mamma, C&#8217;\u00e8 Casa"},"content":{"rendered":"<h2 class=\"grenB f24 cblue\">Casa \u00e8 Dove C\u2019\u00e8 la Mamma<\/h2>\r\n<p style=\"margin-top: 1rem\">Tutte le mamme sanno che un giorno i propri figli lasceranno il nido, ma ovunque essi andranno, casa rimarr\u00e0 comunque un luogo speciale. Non importa dove la vita ti abbia portato, casa \u00e8 sempre il tuo posto sicuro in cui tornare. Ed \u00e8 proprio per questo motivo che vale la pena celebrarlo! Ecco perch\u00e9 vogliamo darti la possibilit\u00e0 di creare una mappa personalizzata del Dove C\u2019\u00e8 Mamma, C\u2019\u00e8 Casa.<\/p>\r\n<p style=\"margin-top: 1rem\">Con questa bellissima mappa puoi rappresentare un luogo a tua scelta con tutti i dettagli che troveresti su una cartina geografica. Inserisci un indirizzo per far apparire l&#8217;indicatore proprio sul luogo che chiami casa, cos\u00ec da dimostrare alla tua mamma quanto lei sia importante per te. Queste mappe sono perfette per la Festa della Mamma perch\u00e9 puoi personalizzarle cos\u00ec tanto da farle sentire pi\u00f9 speciale che mai.<\/p>\r\n<h2 class=\"grenB f24 cblue\" style=\"margin-top: 3rem\">Crea il Tuo Regalo per la Festa della Mamma in 3 Semplici Passaggi<\/h2>\r\n<p style=\"margin-top: 1rem\">Positive Prints ha fatto passi da gigante pur di rendere facile e divertente il processo creativo per realizzare una Mappa del Dove C\u2019\u00e8 Mamma, C\u2019\u00e8 Casa. Passo dopo passo, il nostro editor interattivo ti guida fino alla completa creazione di un regalo che la tua mamma non smetter\u00e0 mai di guardare. <\/p>\r\n<p style=\"margin-top: 1rem\">Scegli uno dei design creati dai nostri designer e seleziona una combinazione di colori che potrebbe piacere alla tua mamma. Personalizzala aggiungendo il luogo che hai scelto e un messaggio d\u2019amore. Potresti inserire una citazione, una strofa di una canzone o qualsiasi altra cosa che possa rendere la tua mappa unica nel suo genere. Infine, scegli uno dei formati di stampa disponibili oppure il nostro download digitale istantaneo. E il regalo per la Festa della Mamma \u00e8 <em>pronto<\/em>!<\/p>\r\n<p style=\"margin-top: 1rem\">Comincia subito a creare la tua mappa.<\/p>","protected":false},"excerpt":{"rendered":"<ul class=\"check-list\">\n<li>Celebra il legame tra te e tua madre e mostrale quanto amore e supporto porta nella tua vita<\/li>\n<li>Indica il punto preciso con un simbolo a tua scelta<\/li>\n<li>Personalizzala in 3 semplici passaggi<\/li>\n<li>Aggiungi un testo personalizzato<\/li>\n<li>Guarda subito il risultato \u2013 l&#8217;anteprima interattiva ti permette di perfezionare ogni dettaglio<\/li>\n<\/ul>\n","protected":false},"featured_media":1697175,"template":"","meta":[],"product_brand":[],"product_cat":[7190,5269,11429],"product_tag":[11797],"class_list":{"0":"post-244822","1":"product","2":"type-product","3":"status-publish","4":"has-post-thumbnail","6":"product_cat-map-it","7":"product_cat-regali-di-natale","8":"product_cat-regali-di-natale-per-mamma","9":"product_tag-regali-di-natale-per-mamma","11":"first","12":"instock","13":"sale","14":"taxable","15":"shipping-taxable","16":"purchasable","17":"product-type-variable"},"yoast_head":"<!-- This site is optimized with the Yoast SEO Premium plugin v27.2 (Yoast SEO v27.2) - https:\/\/yoast.com\/product\/yoast-seo-premium-wordpress\/ -->\n<title>Mappa del Dove C\u2019\u00e8 Mamma, C\u2019\u00e8 Casa - Regalo per la mamma - Positive Prints<\/title>\n<meta name=\"description\" content=\"Queste mappe sono perfette per la Festa della Mamma perch\u00e9 puoi personalizzarle cos\u00ec tanto da farle sentire pi\u00f9 speciale che mai.\" \/>\n<meta name=\"robots\" content=\"index, follow, max-snippet:-1, max-image-preview:large, max-video-preview:-1\" \/>\n<link rel=\"canonical\" href=\"https:\/\/positiveprints.com\/it\/prodotto\/mappa-del-dove-ce-mamma-ce-casa\/\" \/>\n<meta property=\"og:locale\" content=\"it_IT\" \/>\n<meta property=\"og:type\" content=\"article\" \/>\n<meta property=\"og:title\" content=\"Mappa del Dove C&#039;\u00e8 Mamma, C&#039;\u00e8 Casa\" \/>\n<meta property=\"og:description\" content=\"Celebra il legame tra te e tua madre e mostrale quanto amore e supporto porta nella tua vita Indica il punto preciso con un simbolo a tua scelta Personalizzala in 3 semplici passaggi Aggiungi un testo personalizzato Guarda subito il risultato \u2013 l&#039;anteprima interattiva ti permette di perfezionare ogni dettaglio\" \/>\n<meta property=\"og:url\" content=\"https:\/\/positiveprints.com\/it\/prodotto\/mappa-del-dove-ce-mamma-ce-casa\/\" \/>\n<meta property=\"og:site_name\" content=\"Positive Prints\" \/>\n<meta property=\"article:publisher\" content=\"https:\/\/www.facebook.com\/positiveprintscom\" \/>\n<meta property=\"article:modified_time\" content=\"2026-04-12T22:22:55+00:00\" \/>\n<meta property=\"og:image\" content=\"https:\/\/positiveprints.com\/wp-content\/uploads\/2023\/04\/Mappa-del-Dove-Ce-Mamma-Ce-Casa.jpg\" \/>\n\t<meta property=\"og:image:width\" content=\"1080\" \/>\n\t<meta property=\"og:image:height\" content=\"1080\" \/>\n\t<meta property=\"og:image:type\" content=\"image\/jpeg\" \/>\n<meta name=\"twitter:card\" content=\"summary_large_image\" \/>\n<meta name=\"twitter:label1\" content=\"Tempo di lettura stimato\" \/>\n\t<meta name=\"twitter:data1\" content=\"2 minuti\" \/>\n<!-- \/ Yoast SEO Premium plugin. -->","yoast_head_json":{"title":"Mappa del Dove C\u2019\u00e8 Mamma, C\u2019\u00e8 Casa - Regalo per la mamma - Positive Prints","description":"Queste mappe sono perfette per la Festa della Mamma perch\u00e9 puoi personalizzarle cos\u00ec tanto da farle sentire pi\u00f9 speciale che mai.","robots":{"index":"index","follow":"follow","max-snippet":"max-snippet:-1","max-image-preview":"max-image-preview:large","max-video-preview":"max-video-preview:-1"},"canonical":"https:\/\/positiveprints.com\/it\/prodotto\/mappa-del-dove-ce-mamma-ce-casa\/","og_locale":"it_IT","og_type":"article","og_title":"Mappa del Dove C'\u00e8 Mamma, C'\u00e8 Casa","og_description":"Celebra il legame tra te e tua madre e mostrale quanto amore e supporto porta nella tua vita Indica il punto preciso con un simbolo a tua scelta Personalizzala in 3 semplici passaggi Aggiungi un testo personalizzato Guarda subito il risultato \u2013 l'anteprima interattiva ti permette di perfezionare ogni dettaglio","og_url":"https:\/\/positiveprints.com\/it\/prodotto\/mappa-del-dove-ce-mamma-ce-casa\/","og_site_name":"Positive Prints","article_publisher":"https:\/\/www.facebook.com\/positiveprintscom","article_modified_time":"2026-04-12T22:22:55+00:00","og_image":[{"width":1080,"height":1080,"url":"https:\/\/positiveprints.com\/wp-content\/uploads\/2023\/04\/Mappa-del-Dove-Ce-Mamma-Ce-Casa.jpg","type":"image\/jpeg"}],"twitter_card":"summary_large_image","twitter_misc":{"Tempo di lettura stimato":"2 minuti"},"schema":{"@context":"https:\/\/schema.org","@graph":[{"@type":["WebPage","ItemPage"],"@id":"https:\/\/positiveprints.com\/it\/prodotto\/mappa-del-dove-ce-mamma-ce-casa\/","url":"https:\/\/positiveprints.com\/it\/prodotto\/mappa-del-dove-ce-mamma-ce-casa\/","name":"Mappa del Dove C\u2019\u00e8 Mamma, C\u2019\u00e8 Casa - Regalo per la mamma - Positive Prints","isPartOf":{"@id":"https:\/\/positiveprints.com\/it\/#website"},"primaryImageOfPage":{"@id":"https:\/\/positiveprints.com\/it\/prodotto\/mappa-del-dove-ce-mamma-ce-casa\/#primaryimage"},"image":{"@id":"https:\/\/positiveprints.com\/it\/prodotto\/mappa-del-dove-ce-mamma-ce-casa\/#primaryimage"},"thumbnailUrl":"https:\/\/positiveprints.com\/wp-content\/uploads\/2026\/04\/Packshot_IT_XX-Mappa-Casa-e-dove-ce-la-mia-mamma.webp","datePublished":"2022-02-09T20:43:30+00:00","dateModified":"2026-04-12T22:22:55+00:00","description":"Queste mappe sono perfette per la Festa della Mamma perch\u00e9 puoi personalizzarle cos\u00ec tanto da farle sentire pi\u00f9 speciale che mai.","breadcrumb":{"@id":"https:\/\/positiveprints.com\/it\/prodotto\/mappa-del-dove-ce-mamma-ce-casa\/#breadcrumb"},"inLanguage":"it-IT","potentialAction":[{"@type":"ReadAction","target":["https:\/\/positiveprints.com\/it\/prodotto\/mappa-del-dove-ce-mamma-ce-casa\/"]}]},{"@type":"ImageObject","inLanguage":"it-IT","@id":"https:\/\/positiveprints.com\/it\/prodotto\/mappa-del-dove-ce-mamma-ce-casa\/#primaryimage","url":"https:\/\/positiveprints.com\/wp-content\/uploads\/2026\/04\/Packshot_IT_XX-Mappa-Casa-e-dove-ce-la-mia-mamma.webp","contentUrl":"https:\/\/positiveprints.com\/wp-content\/uploads\/2026\/04\/Packshot_IT_XX-Mappa-Casa-e-dove-ce-la-mia-mamma.webp","width":1450,"height":1450},{"@type":"BreadcrumbList","@id":"https:\/\/positiveprints.com\/it\/prodotto\/mappa-del-dove-ce-mamma-ce-casa\/#breadcrumb","itemListElement":[{"@type":"ListItem","position":1,"name":"Home","item":"https:\/\/positiveprints.com\/it\/"},{"@type":"ListItem","position":2,"name":"Prodotti","item":"https:\/\/positiveprints.com\/it\/shop\/"},{"@type":"ListItem","position":3,"name":"Mappa del Dove C\u2019\u00e8 Mamma, C\u2019\u00e8 Casa"}]},{"@type":"WebSite","@id":"https:\/\/positiveprints.com\/it\/#website","url":"https:\/\/positiveprints.com\/it\/","name":"Positive Prints","description":"Amazing Custom Personalized Gifts","publisher":{"@id":"https:\/\/positiveprints.com\/it\/#organization"},"potentialAction":[{"@type":"SearchAction","target":{"@type":"EntryPoint","urlTemplate":"https:\/\/positiveprints.com\/it\/?s={search_term_string}"},"query-input":{"@type":"PropertyValueSpecification","valueRequired":true,"valueName":"search_term_string"}}],"inLanguage":"it-IT"},{"@type":"Organization","@id":"https:\/\/positiveprints.com\/it\/#organization","name":"Positive Prints","alternateName":"Positive Prints","url":"https:\/\/positiveprints.com\/it\/","logo":{"@type":"ImageObject","inLanguage":"it-IT","@id":"https:\/\/positiveprints.com\/it\/#\/schema\/logo\/image\/","url":"https:\/\/positiveprints.com\/wp-content\/uploads\/2026\/03\/245815646_1337939713319158_5671353136411139666_n.png","contentUrl":"https:\/\/positiveprints.com\/wp-content\/uploads\/2026\/03\/245815646_1337939713319158_5671353136411139666_n.png","width":800,"height":800,"caption":"Positive Prints"},"image":{"@id":"https:\/\/positiveprints.com\/it\/#\/schema\/logo\/image\/"},"sameAs":["https:\/\/www.facebook.com\/positiveprintscom","https:\/\/www.instagram.com\/positiveprintscom\/","https:\/\/www.tiktok.com\/@positiveprintscom","https:\/\/www.pinterest.com\/positiveprintscom\/"]}]}},"jetpack_sharing_enabled":true,"_links":{"self":[{"href":"https:\/\/positiveprints.com\/it\/wp-json\/wp\/v2\/product\/244822","targetHints":{"allow":["GET"]}}],"collection":[{"href":"https:\/\/positiveprints.com\/it\/wp-json\/wp\/v2\/product"}],"about":[{"href":"https:\/\/positiveprints.com\/it\/wp-json\/wp\/v2\/types\/product"}],"wp:featuredmedia":[{"embeddable":true,"href":"https:\/\/positiveprints.com\/it\/wp-json\/wp\/v2\/media\/1697175"}],"wp:attachment":[{"href":"https:\/\/positiveprints.com\/it\/wp-json\/wp\/v2\/media?parent=244822"}],"wp:term":[{"taxonomy":"product_brand","embeddable":true,"href":"https:\/\/positiveprints.com\/it\/wp-json\/wp\/v2\/product_brand?post=244822"},{"taxonomy":"product_cat","embeddable":true,"href":"https:\/\/positiveprints.com\/it\/wp-json\/wp\/v2\/product_cat?post=244822"},{"taxonomy":"product_tag","embeddable":true,"href":"https:\/\/positiveprints.com\/it\/wp-json\/wp\/v2\/product_tag?post=244822"}],"curies":[{"name":"wp","href":"https:\/\/api.w.org\/{rel}","templated":true}]}}