{"id":244807,"date":"2022-02-10T13:48:48","date_gmt":"2022-02-10T12:48:48","guid":{"rendered":"https:\/\/positiveprints.com\/product\/il-cielo-quando-sei-diventata-mamma\/"},"modified":"2026-04-18T07:02:13","modified_gmt":"2026-04-18T06:02:13","slug":"il-cielo-quando-sei-diventata-mamma","status":"publish","type":"product","link":"https:\/\/positiveprints.com\/it\/prodotto\/il-cielo-quando-sei-diventata-mamma\/","title":{"rendered":"Il Cielo Quando Sei Diventata Mamma"},"content":{"rendered":"<h2><b>Perch\u00e9 Regalare una Mappa Stellare per la Festa della Mamma?<\/b><\/h2>\n<p><span style=\"font-weight: 400;\">Ogni notte, il cielo \u00e8 diverso e la nostra esistenza \u00e8 unica: dalle fasi lunari alla posizione delle stelle, dei pianeti e dei corpi celesti. E la notte della tua nascita racconta anche un\u2019altra storia, ovvero \u201cIl cielo quando sei diventata mamma\u201d: non ti sembra un affascinante motivo per festeggiare?<\/span><\/p>\n<p><span style=\"font-weight: 400;\">L\u2019obiettivo della nostra mappa stellare \u00e8 quello di ricreare esattamente la posizione delle stelle nella notte in cui hai abbracciato la tua mamma per la prima volta. Di sicuro, quel preciso momento \u00e8 stato uno dei pi\u00f9 emozionanti della sua vita, ecco perch\u00e9 la mappa \u201cIl cielo quando sei diventata mamma\u201d \u00e8 un modo bellissimo per rivivere per sempre quelle sensazioni.<\/span><\/p>\n<h2><b>Crea \u201cIl cielo quando sei diventata mamma\u201d in 3 Semplici Passaggi<\/b><\/h2>\n<p><span style=\"font-weight: 400;\">Ogni mappa stellare personalizzata si basa su una data specifica a tua scelta. Grazie alla tecnologia di Hipparcos-2 abbiamo accesso a informazioni scientificamente accurate per realizzare mappe precise in base alla posizione e alla data che inserisci.<\/span><\/p>\n<p><span style=\"font-weight: 400;\">Innanzitutto, grazie all\u2019editor interattivo di Positive Prints potrai dedicarti alla parte pi\u00f9 bella della creazione: la personalizzazione. Controlli direttamente dall\u2019anteprima la tua mappa stellare e puoi cos\u00ec ammirare l\u2019opera d\u2019arte de \u201cIl cielo quando sei diventata mamma\u201d prendere vita sotto i tuoi occhi. Seleziona una combinazione di colori creata dai nostri designer, successivamente la forma della tua mappa e tutti i dettagli per renderla unica nel suo genere. Infine, scegli se affidare la stampa a noi o se preferisci occupartene personalmente, tramite il download digitale. Alla fine, che si tratti di un poster o di un file digitale poco importa: il regalo per la tua mamma \u00e8 pronto per essere donato.<\/span><\/p>\n<p><span style=\"font-weight: 400;\">A prescindere dalla ricorrenza speciale (per esempio, Festa della Mamma o un compleanno) noi di Positive Prints siamo al tuo fianco per creare un regalo personalizzato. Inizia oggi stesso a dar vita alla tua creazione!<\/span><\/p><h2 class=\"wp-block-heading\" id=\"h-domande-poste-frequentemente\"><strong>Domande Poste Frequentemente<\/strong><\/h2><details class=\"wp-block-details is-layout-flow wp-block-details-is-layout-flow\"><summary><strong>Cos&#8217;\u00e8 una Mappa Stellare &#8220;Il cielo quando sei diventata mamma&#8221;?<\/strong><\/summary><p>La Mappa Stellare &#8220;Il cielo quando sei diventata mamma&#8221; \u00e8 una personalizzazione del cielo al momento della tua nascita. Nello specifico, rappresenta l&#8217;allineamento delle stelle quando la mamma ti ha abbracciato per la prima volta. Di conseguenza, ti aiuta a immortalare uno dei momenti pi\u00f9 emozionanti della vita.\u200b<\/p><\/details><details class=\"wp-block-details is-layout-flow wp-block-details-is-layout-flow\"><summary><strong>\u00c8 una mappa stellare personalizzata?<\/strong><\/summary><p>S\u00ec, ogni mappa \u00e8 completamente personalizzata. Infatti, si utilizza la tecnologia Hipparcos-2 per informazioni scientificamente accurate. Inoltre, aggiungi pianeti, costellazioni e tutti quei dettagli utili per fare in modo che la tua mappa prenda vita.<\/p><\/details><details class=\"wp-block-details is-layout-flow wp-block-details-is-layout-flow\"><summary><strong>Perch\u00e9 \u00e8 il regalo perfetto per la Festa della Mamma?<\/strong><\/summary><p>\u00c8 il regalo perfetto perch\u00e9 celebra il momento in cui \u00e8 diventata mamma. Nello specifico, \u00e8 un modo bellissimo per rivivere quelle emozioni per sempre. Di conseguenza, \u00e8 un ricordo prezioso che custodir\u00e0 nel cuore.\u200b<\/p><\/details><details class=\"wp-block-details is-layout-flow wp-block-details-is-layout-flow\"><summary><strong>Come creare la mia Mappa Stellare &#8220;Il cielo quando sei diventata mamma&#8221;?<\/strong><\/summary><p>Bastano 3 passaggi per creare la tua mappa: innanzitutto, seleziona la combinazione di colori e la forma della mappa. Successivamente, inserisci data, posizione e testo personalizzato. Infine, scegli il formato di stampa o il download digitale.\u200b<\/p><\/details><details class=\"wp-block-details is-layout-flow wp-block-details-is-layout-flow\"><summary><strong>Per quali occasioni \u00e8 perfetta questa mappa?<\/strong><\/summary><p>Questa mappa \u00e8 perfetta per Festa della Mamma, compleanni e anniversari. Inoltre, \u00e8 ideale per celebrare nascite, battesimi o semplicemente per sorprendere chi ami. Infine, \u00e8 ideale per onorare il legame madre-figlio.\u200b<\/p><\/details><details class=\"wp-block-details is-layout-flow wp-block-details-is-layout-flow\"><summary><strong>In quanto tempo posso ricevere la mia mappa?<\/strong><\/summary><p>Per un regalo immediato, scegli il nostro download digitale del file JPEG che contiene \u201cIl cielo quando sei diventata mamma\u201d in alta risoluzione (300 dpi). Potrai stamparlo in autonomia. Mentre per ricevere un prodotto finito, ti puoi affidare ai nostri centri in Australia, Canada, Stati Uniti, Regno Unito ed Europa con consegna in pochi giorni.<\/p><\/details>","protected":false},"excerpt":{"rendered":"<ul class=\"check-list\">\n<li>Aggiungi pianeti, costellazioni e la Via Lattea<\/li>\n<li>Personalizzala in 3 semplici passaggi<\/li>\n<li>Aggiungi un testo personalizzato<\/li>\n<li>Guarda subito il risultato \u2013 l&#8217;anteprima interattiva ti permette di perfezionare ogni dettaglio<\/li>\n<\/ul>\n","protected":false},"featured_media":1225194,"template":"","meta":[],"product_brand":[],"product_cat":[15847,9277,7280,5269,11429,11430,7704,4448],"product_tag":[15560,12602,12603,8406,11797,12605,15542],"class_list":{"0":"post-244807","1":"product","2":"type-product","3":"status-publish","4":"has-post-thumbnail","6":"product_cat-shop-bestsellers-it","7":"product_cat-bestsellers-label-it","8":"product_cat-regali-per-la-festa-della-mamma","9":"product_cat-regali-di-natale","10":"product_cat-regali-di-natale-per-mamma","11":"product_cat-regali-di-natale-per-i-genitori","12":"product_cat-regali-per-la-mamma","13":"product_cat-star-it-2","14":"product_tag-la-migliore-mamma","15":"product_tag-mamma-it","16":"product_tag-mamma-it-2","17":"product_tag-mother-it","18":"product_tag-regali-di-natale-per-mamma","19":"product_tag-regali-per-la-mamma","20":"product_tag-regalo-mamma","22":"first","23":"instock","24":"sale","25":"taxable","26":"shipping-taxable","27":"purchasable","28":"product-type-variable"},"yoast_head":"<!-- This site is optimized with the Yoast SEO Premium plugin v27.2 (Yoast SEO v27.2) - https:\/\/yoast.com\/product\/yoast-seo-premium-wordpress\/ -->\n<title>Il Cielo Quando Sei Diventata Mamma - Positive Prints<\/title>\n<meta name=\"description\" content=\"Dalla Festa della Mamma a un compleanno, qualsiasi sia il tuo evento speciale, Positive Prints \u00e8 al tuo fianco quando vuoi creare un regalo personalizzato.\" \/>\n<meta name=\"robots\" content=\"index, follow, max-snippet:-1, max-image-preview:large, max-video-preview:-1\" \/>\n<link rel=\"canonical\" href=\"https:\/\/positiveprints.com\/it\/prodotto\/il-cielo-quando-sei-diventata-mamma\/\" \/>\n<meta property=\"og:locale\" content=\"it_IT\" \/>\n<meta property=\"og:type\" content=\"article\" \/>\n<meta property=\"og:title\" content=\"Il Cielo Quando Sei Diventata Mamma\" \/>\n<meta property=\"og:description\" content=\"Aggiungi pianeti, costellazioni e la Via Lattea  Personalizzala in 3 semplici passaggi  Aggiungi un testo personalizzato  Guarda subito il risultato \u2013 l&#039;anteprima interattiva ti permette di perfezionare ogni dettaglio\" \/>\n<meta property=\"og:url\" content=\"https:\/\/positiveprints.com\/it\/prodotto\/il-cielo-quando-sei-diventata-mamma\/\" \/>\n<meta property=\"og:site_name\" content=\"Positive Prints\" \/>\n<meta property=\"article:publisher\" content=\"https:\/\/www.facebook.com\/positiveprintscom\" \/>\n<meta property=\"article:modified_time\" content=\"2026-04-18T06:02:13+00:00\" \/>\n<meta property=\"og:image\" content=\"https:\/\/positiveprints.com\/wp-content\/uploads\/2024\/10\/Packshot_IT_The-Day-You-Became-My-Mommy-product-image.webp\" \/>\n\t<meta property=\"og:image:width\" content=\"1450\" \/>\n\t<meta property=\"og:image:height\" content=\"1450\" \/>\n\t<meta property=\"og:image:type\" content=\"image\/webp\" \/>\n<meta name=\"twitter:card\" content=\"summary_large_image\" \/>\n<meta name=\"twitter:label1\" content=\"Tempo di lettura stimato\" \/>\n\t<meta name=\"twitter:data1\" content=\"3 minuti\" \/>\n<!-- \/ Yoast SEO Premium plugin. -->","yoast_head_json":{"title":"Il Cielo Quando Sei Diventata Mamma - Positive Prints","description":"Dalla Festa della Mamma a un compleanno, qualsiasi sia il tuo evento speciale, Positive Prints \u00e8 al tuo fianco quando vuoi creare un regalo personalizzato.","robots":{"index":"index","follow":"follow","max-snippet":"max-snippet:-1","max-image-preview":"max-image-preview:large","max-video-preview":"max-video-preview:-1"},"canonical":"https:\/\/positiveprints.com\/it\/prodotto\/il-cielo-quando-sei-diventata-mamma\/","og_locale":"it_IT","og_type":"article","og_title":"Il Cielo Quando Sei Diventata Mamma","og_description":"Aggiungi pianeti, costellazioni e la Via Lattea  Personalizzala in 3 semplici passaggi  Aggiungi un testo personalizzato  Guarda subito il risultato \u2013 l'anteprima interattiva ti permette di perfezionare ogni dettaglio","og_url":"https:\/\/positiveprints.com\/it\/prodotto\/il-cielo-quando-sei-diventata-mamma\/","og_site_name":"Positive Prints","article_publisher":"https:\/\/www.facebook.com\/positiveprintscom","article_modified_time":"2026-04-18T06:02:13+00:00","og_image":[{"width":1450,"height":1450,"url":"https:\/\/positiveprints.com\/wp-content\/uploads\/2024\/10\/Packshot_IT_The-Day-You-Became-My-Mommy-product-image.webp","type":"image\/webp"}],"twitter_card":"summary_large_image","twitter_misc":{"Tempo di lettura stimato":"3 minuti"},"schema":{"@context":"https:\/\/schema.org","@graph":[{"@type":["WebPage","ItemPage"],"@id":"https:\/\/positiveprints.com\/it\/prodotto\/il-cielo-quando-sei-diventata-mamma\/","url":"https:\/\/positiveprints.com\/it\/prodotto\/il-cielo-quando-sei-diventata-mamma\/","name":"Il Cielo Quando Sei Diventata Mamma - Positive Prints","isPartOf":{"@id":"https:\/\/positiveprints.com\/it\/#website"},"primaryImageOfPage":{"@id":"https:\/\/positiveprints.com\/it\/prodotto\/il-cielo-quando-sei-diventata-mamma\/#primaryimage"},"image":{"@id":"https:\/\/positiveprints.com\/it\/prodotto\/il-cielo-quando-sei-diventata-mamma\/#primaryimage"},"thumbnailUrl":"https:\/\/positiveprints.com\/wp-content\/uploads\/2024\/10\/Packshot_IT_The-Day-You-Became-My-Mommy-product-image.webp","datePublished":"2022-02-10T12:48:48+00:00","dateModified":"2026-04-18T06:02:13+00:00","description":"Dalla Festa della Mamma a un compleanno, qualsiasi sia il tuo evento speciale, Positive Prints \u00e8 al tuo fianco quando vuoi creare un regalo personalizzato.","breadcrumb":{"@id":"https:\/\/positiveprints.com\/it\/prodotto\/il-cielo-quando-sei-diventata-mamma\/#breadcrumb"},"inLanguage":"it-IT","potentialAction":[{"@type":"ReadAction","target":["https:\/\/positiveprints.com\/it\/prodotto\/il-cielo-quando-sei-diventata-mamma\/"]}]},{"@type":"ImageObject","inLanguage":"it-IT","@id":"https:\/\/positiveprints.com\/it\/prodotto\/il-cielo-quando-sei-diventata-mamma\/#primaryimage","url":"https:\/\/positiveprints.com\/wp-content\/uploads\/2024\/10\/Packshot_IT_The-Day-You-Became-My-Mommy-product-image.webp","contentUrl":"https:\/\/positiveprints.com\/wp-content\/uploads\/2024\/10\/Packshot_IT_The-Day-You-Became-My-Mommy-product-image.webp","width":1450,"height":1450},{"@type":"BreadcrumbList","@id":"https:\/\/positiveprints.com\/it\/prodotto\/il-cielo-quando-sei-diventata-mamma\/#breadcrumb","itemListElement":[{"@type":"ListItem","position":1,"name":"Home","item":"https:\/\/positiveprints.com\/it\/"},{"@type":"ListItem","position":2,"name":"Prodotti","item":"https:\/\/positiveprints.com\/it\/shop\/"},{"@type":"ListItem","position":3,"name":"Il Cielo Quando Sei Diventata Mamma"}]},{"@type":"WebSite","@id":"https:\/\/positiveprints.com\/it\/#website","url":"https:\/\/positiveprints.com\/it\/","name":"Positive Prints","description":"Amazing Custom Personalized Gifts","publisher":{"@id":"https:\/\/positiveprints.com\/it\/#organization"},"potentialAction":[{"@type":"SearchAction","target":{"@type":"EntryPoint","urlTemplate":"https:\/\/positiveprints.com\/it\/?s={search_term_string}"},"query-input":{"@type":"PropertyValueSpecification","valueRequired":true,"valueName":"search_term_string"}}],"inLanguage":"it-IT"},{"@type":"Organization","@id":"https:\/\/positiveprints.com\/it\/#organization","name":"Positive Prints","alternateName":"Positive Prints","url":"https:\/\/positiveprints.com\/it\/","logo":{"@type":"ImageObject","inLanguage":"it-IT","@id":"https:\/\/positiveprints.com\/it\/#\/schema\/logo\/image\/","url":"https:\/\/positiveprints.com\/wp-content\/uploads\/2026\/03\/245815646_1337939713319158_5671353136411139666_n.png","contentUrl":"https:\/\/positiveprints.com\/wp-content\/uploads\/2026\/03\/245815646_1337939713319158_5671353136411139666_n.png","width":800,"height":800,"caption":"Positive Prints"},"image":{"@id":"https:\/\/positiveprints.com\/it\/#\/schema\/logo\/image\/"},"sameAs":["https:\/\/www.facebook.com\/positiveprintscom","https:\/\/www.instagram.com\/positiveprintscom\/","https:\/\/www.tiktok.com\/@positiveprintscom","https:\/\/www.pinterest.com\/positiveprintscom\/"]}]}},"jetpack_sharing_enabled":true,"_links":{"self":[{"href":"https:\/\/positiveprints.com\/it\/wp-json\/wp\/v2\/product\/244807","targetHints":{"allow":["GET"]}}],"collection":[{"href":"https:\/\/positiveprints.com\/it\/wp-json\/wp\/v2\/product"}],"about":[{"href":"https:\/\/positiveprints.com\/it\/wp-json\/wp\/v2\/types\/product"}],"wp:featuredmedia":[{"embeddable":true,"href":"https:\/\/positiveprints.com\/it\/wp-json\/wp\/v2\/media\/1225194"}],"wp:attachment":[{"href":"https:\/\/positiveprints.com\/it\/wp-json\/wp\/v2\/media?parent=244807"}],"wp:term":[{"taxonomy":"product_brand","embeddable":true,"href":"https:\/\/positiveprints.com\/it\/wp-json\/wp\/v2\/product_brand?post=244807"},{"taxonomy":"product_cat","embeddable":true,"href":"https:\/\/positiveprints.com\/it\/wp-json\/wp\/v2\/product_cat?post=244807"},{"taxonomy":"product_tag","embeddable":true,"href":"https:\/\/positiveprints.com\/it\/wp-json\/wp\/v2\/product_tag?post=244807"}],"curies":[{"name":"wp","href":"https:\/\/api.w.org\/{rel}","templated":true}]}}