{"id":244724,"date":"2022-01-25T21:10:25","date_gmt":"2022-01-25T20:10:25","guid":{"rendered":"https:\/\/positiveprints.com\/product\/mappa-per-sentirsi-vicini-alla-mamma\/"},"modified":"2026-04-23T11:51:59","modified_gmt":"2026-04-23T10:51:59","slug":"mappa-per-sentirsi-vicini-alla-mamma","status":"publish","type":"product","link":"https:\/\/positiveprints.com\/it\/prodotto\/mappa-per-sentirsi-vicini-alla-mamma\/","title":{"rendered":"Mappa per Sentirsi Vicini alla Mamma"},"content":{"rendered":"<h2 class=\"grenB f24 cblue\">Regali per Sentirsi Vicini alla Mamma<\/h2>\n\n<p style=\"margin-top: 1rem\">Casa \u00e8 dove c\u2019\u00e8 la mamma, e questa bellissima Mappa Personalizzata per Sentirsi Vicini alla Mamma \u00e8 un modo dolcissimo per tenerla stretta al tuo cuore. Questa mappa tripla \u00e8 composta da tre piccole mappe personalizzabili \u2014 dal potenziale infinito!<\/p>\n\n<p style=\"margin-top: 1rem\">Per accorciare le distanze, potresti creare una mappa che rappresenti tutti i luoghi in cui vivete tu e tuoi fratelli. Oppure, se durante la tua infanzia avete traslocato pi\u00f9 volte, potresti mettere in risalto i luoghi pi\u00f9 importanti dove avete vissuto tutti insieme. O ancora, potresti inserire dei luoghi legati a ricordi specifici come, la destinazione della vostra prima vacanza all\u2019estero o un evento importante che vi ha portati da qualche parte. <\/p>\n\n<p style=\"margin-top: 1rem\">\u00c8 la tua mappa, creala come vuoi tu \u2014 seguila e ti condurr\u00e0 dalla persona pi\u00f9 speciale della tua vita.<\/p>\n\n<h2 class=\"grenB f24 cblue\" style=\"margin-top: 3rem\">Ordina la Tua Mappa per la Festa della Mamma!<\/h2>\n\n<p style=\"margin-top: 1rem\">L&#8217;obiettivo di Positive Prints \u00e8 quello di dare a tutti la possibilit\u00e0 di creare una mappa personalizzata. Utilizzando il nostro editor interattivo puoi selezionare la forma, lo stile, i colori e inserire un testo nella tua Mappa per Sentirsi Vicini alla Mamma. E non dimenticare di tenere d\u2019occhio l\u2019anteprima istantanea per assicurarti che la tua personalizzazione sia esattamente come desideri.<\/p>\n\n<p style=\"margin-top: 1rem\">Stampiamo tutte le nostre mappe personalizzate su carta o tela di altissima qualit\u00e0 e in formati standard, a meno che tu non scelga il formato digitale per un regalo dell\u2019ultimo minuto. La spedizione di poster e tele \u00e8 disponibile amente in tutto il mondo. <\/p>\n\n<p style=\"margin-top: 1rem\">Sorprendi la tua mamma con una mappa personalizzata! Comincia subito a crearla.<\/p>","protected":false},"excerpt":{"rendered":"<ul class=\"check-list\">\n<li>Mostra alla tua mamma quanto sia importante: evidenzia i luoghi speciali che vi uniscono anche quando siete lontani<\/li>\n<li>Indica l&#8217;indirizzo preciso con un simbolo a tua scelta<\/li>\n<li>Personalizzala in 3 semplici passaggi<\/li>\n<li>Aggiungi un testo personalizzato<\/li>\n<li>Guarda subito il risultato \u2013 l&#8217;anteprima interattiva ti permette di perfezionare ogni dettaglio<\/li>\n<\/ul>\n","protected":false},"featured_media":1348050,"template":"","meta":[],"product_brand":[],"product_cat":[5269,11429,7229],"product_tag":[11797],"class_list":{"0":"post-244724","1":"product","2":"type-product","3":"status-publish","4":"has-post-thumbnail","6":"product_cat-regali-di-natale","7":"product_cat-regali-di-natale-per-mamma","8":"product_cat-triple-maps-it","9":"product_tag-regali-di-natale-per-mamma","11":"first","12":"instock","13":"sale","14":"taxable","15":"shipping-taxable","16":"purchasable","17":"product-type-variable"},"yoast_head":"<!-- This site is optimized with the Yoast SEO Premium plugin v27.2 (Yoast SEO v27.2) - https:\/\/yoast.com\/product\/yoast-seo-premium-wordpress\/ -->\n<title>Mappa per Sentirsi Vicini alla Mamma - Regalo per la mamma - Positive Prints<\/title>\n<meta name=\"description\" content=\"Per accorciare le distanze, potresti creare una mappa che rappresenti tutti i luoghi in cui vivete tu e tuoi fratelli.\" \/>\n<meta name=\"robots\" content=\"index, follow, max-snippet:-1, max-image-preview:large, max-video-preview:-1\" \/>\n<link rel=\"canonical\" href=\"https:\/\/positiveprints.com\/it\/prodotto\/mappa-per-sentirsi-vicini-alla-mamma\/\" \/>\n<meta property=\"og:locale\" content=\"it_IT\" \/>\n<meta property=\"og:type\" content=\"article\" \/>\n<meta property=\"og:title\" content=\"Mappa per Sentirsi Vicini alla Mamma\" \/>\n<meta property=\"og:description\" content=\"Mostra alla tua mamma quanto sia importante: evidenzia i luoghi speciali che vi uniscono anche quando siete lontani Indica l&#039;indirizzo preciso con un simbolo a tua scelta Personalizzala in 3 semplici passaggi Aggiungi un testo personalizzato Guarda subito il risultato \u2013 l&#039;anteprima interattiva ti permette di perfezionare ogni dettaglio\" \/>\n<meta property=\"og:url\" content=\"https:\/\/positiveprints.com\/it\/prodotto\/mappa-per-sentirsi-vicini-alla-mamma\/\" \/>\n<meta property=\"og:site_name\" content=\"Positive Prints\" \/>\n<meta property=\"article:publisher\" content=\"https:\/\/www.facebook.com\/positiveprintscom\" \/>\n<meta property=\"article:modified_time\" content=\"2026-04-23T10:51:59+00:00\" \/>\n<meta property=\"og:image\" content=\"https:\/\/positiveprints.com\/wp-content\/uploads\/2023\/04\/Mappa-per-Sentirsi-Vicini-alla-Mamma.jpg\" \/>\n\t<meta property=\"og:image:width\" content=\"1080\" \/>\n\t<meta property=\"og:image:height\" content=\"1080\" \/>\n\t<meta property=\"og:image:type\" content=\"image\/jpeg\" \/>\n<meta name=\"twitter:card\" content=\"summary_large_image\" \/>\n<!-- \/ Yoast SEO Premium plugin. -->","yoast_head_json":{"title":"Mappa per Sentirsi Vicini alla Mamma - Regalo per la mamma - Positive Prints","description":"Per accorciare le distanze, potresti creare una mappa che rappresenti tutti i luoghi in cui vivete tu e tuoi fratelli.","robots":{"index":"index","follow":"follow","max-snippet":"max-snippet:-1","max-image-preview":"max-image-preview:large","max-video-preview":"max-video-preview:-1"},"canonical":"https:\/\/positiveprints.com\/it\/prodotto\/mappa-per-sentirsi-vicini-alla-mamma\/","og_locale":"it_IT","og_type":"article","og_title":"Mappa per Sentirsi Vicini alla Mamma","og_description":"Mostra alla tua mamma quanto sia importante: evidenzia i luoghi speciali che vi uniscono anche quando siete lontani Indica l'indirizzo preciso con un simbolo a tua scelta Personalizzala in 3 semplici passaggi Aggiungi un testo personalizzato Guarda subito il risultato \u2013 l'anteprima interattiva ti permette di perfezionare ogni dettaglio","og_url":"https:\/\/positiveprints.com\/it\/prodotto\/mappa-per-sentirsi-vicini-alla-mamma\/","og_site_name":"Positive Prints","article_publisher":"https:\/\/www.facebook.com\/positiveprintscom","article_modified_time":"2026-04-23T10:51:59+00:00","og_image":[{"width":1080,"height":1080,"url":"https:\/\/positiveprints.com\/wp-content\/uploads\/2023\/04\/Mappa-per-Sentirsi-Vicini-alla-Mamma.jpg","type":"image\/jpeg"}],"twitter_card":"summary_large_image","schema":{"@context":"https:\/\/schema.org","@graph":[{"@type":["WebPage","ItemPage"],"@id":"https:\/\/positiveprints.com\/it\/prodotto\/mappa-per-sentirsi-vicini-alla-mamma\/","url":"https:\/\/positiveprints.com\/it\/prodotto\/mappa-per-sentirsi-vicini-alla-mamma\/","name":"Mappa per Sentirsi Vicini alla Mamma - Regalo per la mamma - Positive Prints","isPartOf":{"@id":"https:\/\/positiveprints.com\/it\/#website"},"primaryImageOfPage":{"@id":"https:\/\/positiveprints.com\/it\/prodotto\/mappa-per-sentirsi-vicini-alla-mamma\/#primaryimage"},"image":{"@id":"https:\/\/positiveprints.com\/it\/prodotto\/mappa-per-sentirsi-vicini-alla-mamma\/#primaryimage"},"thumbnailUrl":"https:\/\/positiveprints.com\/wp-content\/uploads\/2025\/02\/Mappa-per-Sentirsi-Vicini-alla-Mamma-1.webp","datePublished":"2022-01-25T20:10:25+00:00","dateModified":"2026-04-23T10:51:59+00:00","description":"Per accorciare le distanze, potresti creare una mappa che rappresenti tutti i luoghi in cui vivete tu e tuoi fratelli.","breadcrumb":{"@id":"https:\/\/positiveprints.com\/it\/prodotto\/mappa-per-sentirsi-vicini-alla-mamma\/#breadcrumb"},"inLanguage":"it-IT","potentialAction":[{"@type":"ReadAction","target":["https:\/\/positiveprints.com\/it\/prodotto\/mappa-per-sentirsi-vicini-alla-mamma\/"]}]},{"@type":"ImageObject","inLanguage":"it-IT","@id":"https:\/\/positiveprints.com\/it\/prodotto\/mappa-per-sentirsi-vicini-alla-mamma\/#primaryimage","url":"https:\/\/positiveprints.com\/wp-content\/uploads\/2025\/02\/Mappa-per-Sentirsi-Vicini-alla-Mamma-1.webp","contentUrl":"https:\/\/positiveprints.com\/wp-content\/uploads\/2025\/02\/Mappa-per-Sentirsi-Vicini-alla-Mamma-1.webp","width":1450,"height":1450},{"@type":"BreadcrumbList","@id":"https:\/\/positiveprints.com\/it\/prodotto\/mappa-per-sentirsi-vicini-alla-mamma\/#breadcrumb","itemListElement":[{"@type":"ListItem","position":1,"name":"Home","item":"https:\/\/positiveprints.com\/it\/"},{"@type":"ListItem","position":2,"name":"Prodotti","item":"https:\/\/positiveprints.com\/it\/shop\/"},{"@type":"ListItem","position":3,"name":"Mappa per Sentirsi Vicini alla Mamma"}]},{"@type":"WebSite","@id":"https:\/\/positiveprints.com\/it\/#website","url":"https:\/\/positiveprints.com\/it\/","name":"Positive Prints","description":"Amazing Custom Personalized Gifts","publisher":{"@id":"https:\/\/positiveprints.com\/it\/#organization"},"potentialAction":[{"@type":"SearchAction","target":{"@type":"EntryPoint","urlTemplate":"https:\/\/positiveprints.com\/it\/?s={search_term_string}"},"query-input":{"@type":"PropertyValueSpecification","valueRequired":true,"valueName":"search_term_string"}}],"inLanguage":"it-IT"},{"@type":"Organization","@id":"https:\/\/positiveprints.com\/it\/#organization","name":"Positive Prints","alternateName":"Positive Prints","url":"https:\/\/positiveprints.com\/it\/","logo":{"@type":"ImageObject","inLanguage":"it-IT","@id":"https:\/\/positiveprints.com\/it\/#\/schema\/logo\/image\/","url":"https:\/\/positiveprints.com\/wp-content\/uploads\/2026\/03\/245815646_1337939713319158_5671353136411139666_n.png","contentUrl":"https:\/\/positiveprints.com\/wp-content\/uploads\/2026\/03\/245815646_1337939713319158_5671353136411139666_n.png","width":800,"height":800,"caption":"Positive Prints"},"image":{"@id":"https:\/\/positiveprints.com\/it\/#\/schema\/logo\/image\/"},"sameAs":["https:\/\/www.facebook.com\/positiveprintscom","https:\/\/www.instagram.com\/positiveprintscom\/","https:\/\/www.tiktok.com\/@positiveprintscom","https:\/\/www.pinterest.com\/positiveprintscom\/"]}]}},"jetpack_sharing_enabled":true,"_links":{"self":[{"href":"https:\/\/positiveprints.com\/it\/wp-json\/wp\/v2\/product\/244724","targetHints":{"allow":["GET"]}}],"collection":[{"href":"https:\/\/positiveprints.com\/it\/wp-json\/wp\/v2\/product"}],"about":[{"href":"https:\/\/positiveprints.com\/it\/wp-json\/wp\/v2\/types\/product"}],"wp:featuredmedia":[{"embeddable":true,"href":"https:\/\/positiveprints.com\/it\/wp-json\/wp\/v2\/media\/1348050"}],"wp:attachment":[{"href":"https:\/\/positiveprints.com\/it\/wp-json\/wp\/v2\/media?parent=244724"}],"wp:term":[{"taxonomy":"product_brand","embeddable":true,"href":"https:\/\/positiveprints.com\/it\/wp-json\/wp\/v2\/product_brand?post=244724"},{"taxonomy":"product_cat","embeddable":true,"href":"https:\/\/positiveprints.com\/it\/wp-json\/wp\/v2\/product_cat?post=244724"},{"taxonomy":"product_tag","embeddable":true,"href":"https:\/\/positiveprints.com\/it\/wp-json\/wp\/v2\/product_tag?post=244724"}],"curies":[{"name":"wp","href":"https:\/\/api.w.org\/{rel}","templated":true}]}}