{"id":188513,"date":"2021-03-23T08:58:13","date_gmt":"2021-03-23T07:58:13","guid":{"rendered":"https:\/\/positiveprints.com\/product\/mappa-stellare-del-giorno-di-nascita\/"},"modified":"2026-04-18T09:13:01","modified_gmt":"2026-04-18T08:13:01","slug":"mappa-stellare-del-giorno-di-nascita","status":"publish","type":"product","link":"https:\/\/positiveprints.com\/it\/prodotto\/mappa-stellare-del-giorno-di-nascita\/","title":{"rendered":"Mappa Stellare del Giorno di Nascita"},"content":{"rendered":"<p><span style=\"font-weight: 400;\">Una Mappa Stellare del Giorno di Nascita \u00e8 il regalo perfetto per un beb\u00e8 che \u00e8 appena venuto al mondo. Con questo poster personalizzato hai il potere di ricreare l\u2019aspetto del cielo stellato in un momento speciale come quello di una nascita.<\/span><\/p>\n<h2><b>Cos&#8217;\u00e8 una Mappa Stellare del Giorno di Nascita?<\/b><\/h2>\n<p><span style=\"font-weight: 400;\">Una mappa stellare \u00e8 una rappresentazione dettagliata di come apparivano le stelle in un momento specifico. Creare una mappa stellare significa quindi avere la possibilit\u00e0 di rivedere il cielo notturno che c\u2019era in una notte importante della tua vita e catturare per sempre le emozioni che hai provato.<\/span><\/p>\n<p><span style=\"font-weight: 400;\">Molti dicono che le stelle e i corpi celesti siano in grado di influenzare le nostre vite terrene. E in occasioni importanti come la nascita di un bambino, le stelle, i pianeti e tutto il cielo sono in perfetta armonia. Eventi come questi, plasmano la nostra vita per sempre: di conseguenza, diventa un momento che vale la pena catturare!<\/span><\/p>\n<p><span style=\"font-weight: 400;\">E se non credi molto agli astri non \u00e8 un problema: in qualunque caso, una mappa stellare personalizzata \u00e8 il modo migliore per immortalare un istante speciale della tua vita. Le <\/span><a href=\"https:\/\/positiveprints.com\/it\/prodotto\/mappa-stellare-personalizzata\/\"><span style=\"font-weight: 400;\">mappe stellari<\/span><\/a><span style=\"font-weight: 400;\">, cos\u00ec dettagliate e affascinanti, diventano poster creati per essere appesi sulle pareti di casa tua e quindi pronte a stupire chiunque le veda. Ma non \u00e8 tutto: lo sapevi che possono anche diventare una fantastica idea regalo per qualsiasi membro della tua famiglia?<\/span><\/p>\n<h2><b>Quanto \u00e8 accurata una Mappa Stellare del Giorno di Nascita?<\/b><\/h2>\n<p><span style=\"font-weight: 400;\">Il nostro editor non \u00e8 un giocattolo o una semplice raffigurazione delle stelle. Per garantirti massima precisione, utilizziamo infatti i dati estrapolati da Hipparcos, il primo progetto spaziale satellitare dedicato all\u2019astrometria. <\/span><a href=\"https:\/\/it.wikipedia.org\/wiki\/Hipparcos\"><span style=\"font-weight: 400;\">Hipparcos<\/span><\/a><span style=\"font-weight: 400;\"> \u00e8 infatti un satellite capace di individuare la posizione esatta dei corpi celesti nel cielo. E siccome \u00e8 in funzione da tantissimi anni, \u00e8 in grado di raccogliere i dati di oltre 118.000 stelle. Perci\u00f2, non preoccuparti di nulla: grazie a questa tecnologia puoi realizzare mappe stellari altamente accurate e piene di dettagli.<\/span><\/p>\n<p><span style=\"font-weight: 400;\">Dar vita a una mappa stellare con Positive Prints \u00e8 il modo migliore per viaggiare indietro nel tempo e osservare come si erano allineate le stelle in un\u2019occasione tanto importante come quella della nascita del tuo beb\u00e8.<\/span><\/p>\n<h2><b>Come si personalizza una Mappa Stellare del Giorno di Nascita?<\/b><\/h2>\n<p><span style=\"font-weight: 400;\">Non devi essere un esperto di astronomia per creare una Mappa Stellare del Giorno di Nascita. E soprattutto non dovrai effettuare delle ricerche approfondite per scoprire il posizionamento preciso durante la notte in cui \u00e8 nato il tuo bambino. Positive Prints \u00e8 qui per fare tutto il lavoro al posto tuo: dovrai quindi solo pensare alla parte pi\u00f9 artistica e creativa del tuo poster. E il gioco \u00e8 fatto!<\/span><\/p>\n<p><span style=\"font-weight: 400;\">Grazie al nostro Editor Stellare puoi realizzare la tua mappa del cielo stellato in 3 semplici passaggi. Innanzitutto, usa il nostro tool creativo e diventa protagonista della creazione! Seleziona una forma per la tua mappa e successivamente la combinazione dei colori per lo sfondo, poi i dettagli che vuoi far apparire sul poster e, infine, aggiungi un testo personalizzato. Tieni d\u2019occhio l\u2019anteprima istantanea cos\u00ec da controllare ogni modifica in tempo reale.\u00a0<\/span><\/p>\n<p><span style=\"font-weight: 400;\">Con Positive Prints sei tu ad avere il controllo completo: se vuoi, puoi aggiungere le costellazioni e i loro nomi, la Via Lattea o i pianeti. Ogni dettaglio \u00e8 importante e, grazie all\u2019anteprima gratuita, puoi fare tutte le prove che vuoi finch\u00e9 non trovi ci\u00f2 che preferisci.<\/span><\/p>\n<p><span style=\"font-weight: 400;\">Inserisci la posizione esatta del luogo speciale, oltre alla data e all\u2019ora per una rappresentazione davvero accurata. Per un tocco ancora pi\u00f9 originale, puoi aggiungere una <\/span><a href=\"https:\/\/positiveprints.com\/it\/blog\/citazioni-per-mappe-stellari\/\"><span style=\"font-weight: 400;\">frase personalizzata per il tuo beb\u00e8<\/span><\/a><span style=\"font-weight: 400;\">, una citazione significativa o la strofa di una canzone.<\/span><\/p>\n<p><span style=\"font-weight: 400;\">Una volta che hai finito di personalizzare la tua Mappa Stellare del Giorno di Nascita, potrai decidere come riceverla. Con Positive Prints puoi stampare e ricevere la tua creazione comodamente a casa tua. Oppure puoi scaricare un file digitale (ottimo per i regali last minute!) e farlo stampare in autonomia. Sul nostro sito puoi trovare non solo i poster di alta qualit\u00e0, ma anche tele o quadri con cornice, ideali per un regalo originale.<\/span><\/p>\n<h2><b>Un regalo di nascita originale e significativo!<\/b><\/h2>\n<p><span style=\"font-weight: 400;\">I nostri clienti amano le mappe stellari di Positive Prints per tanti motivi, ma la maggior parte delle volte i nostri poster vengono scelti per fare un regalo affettuoso e speciale. Una mappa stellare personalizzata \u00e8 un regalo molto apprezzato, specialmente quando vuoi omaggiare l\u2019inizio di una nuova vita.<\/span><\/p>\n<p><span style=\"font-weight: 400;\">Con un poster personalizzato puoi dimostrare di aver dedicato cura e tempo nella realizzazione di qualcosa di originale, senza ridurti a comprare un oggetto qualsiasi e privo di personalit\u00e0. Il nostro consiglio? Dai un\u2019occhiata al nostro editor e comincia subito a creare la tua Mappa Stellare del Giorno di Nascita!<\/span><\/p><h2 class=\"wp-block-heading\" id=\"h-domande-poste-frequentemente\"><strong>Domande Poste Frequentemente<\/strong><\/h2><details class=\"wp-block-details is-layout-flow wp-block-details-is-layout-flow\"><summary><strong>Cos&#8217;\u00e8 una Mappa Stellare del Giorno di Nascita?<\/strong><\/summary><p>Una Mappa Stellare del Giorno di Nascita \u00e8 una rappresentazione dettagliata del cielo in quella notte speciale. Nello specifico, ti mostra la posizione delle stelle, dei pianeti e delle costellazioni in quell\u2019istante. Di conseguenza, immortala come l&#8217;universo si \u00e8 allineato per la nascita del beb\u00e8.\u200b<\/p><\/details><details class=\"wp-block-details is-layout-flow wp-block-details-is-layout-flow\"><summary><strong>\u00c8 una mappa stellare personalizzata?<\/strong><\/summary><p>S\u00ec, ogni mappa \u00e8 completamente personalizzata. Infatti, utilizza dati di Hipparcos per garantire una precisione astronomica. Inoltre, puoi inserire pianeti, costellazioni e Via Lattea e verificare ogni modifica in tempo reale con l&#8217;anteprima interattiva.<\/p><\/details><details class=\"wp-block-details is-layout-flow wp-block-details-is-layout-flow\"><summary><strong>Perch\u00e9 \u00e8 il regalo perfetto per una nascita?<\/strong><\/summary><p>\u00c8 il regalo perfetto perch\u00e9 celebra l\u2019inizio di una nuova vita con precisione astronomica. Ed \u00e8 anche un dono unico, che dimostra cura e attenzione, diventando di conseguenza un oggetto da custodire con premura.<\/p><\/details><details class=\"wp-block-details is-layout-flow wp-block-details-is-layout-flow\"><summary><strong>Come creare la mia Mappa Stellare del Giorno di Nascita?<\/strong><\/summary><p>Puoi creare la tua mappa in 3 passaggi: innanzitutto, seleziona la forma, la combinazione dei colori e i dettagli da mostrare. Successivamente, inserisci la posizione esatta, la data, l\u2019ora e il testo personalizzato. Infine, scegli tra il formato stampa o il download digitale.\u200b<\/p><\/details><details class=\"wp-block-details is-layout-flow wp-block-details-is-layout-flow\"><summary><strong>Per quali occasioni \u00e8 perfetta questa mappa?<\/strong><\/summary><p>Questa mappa \u00e8 perfetta per nascite, battesimi, compleanni e baby shower. Inoltre, \u00e8 ideale come regalo per i neo genitori o i nonni, pronti a festeggiare questa nuova vita!<\/p><\/details><details class=\"wp-block-details is-layout-flow wp-block-details-is-layout-flow\"><summary><strong>In quanto tempo posso ricevere la mia mappa?<\/strong><\/summary><p>Per un regalo immediato, scegli il nostro download digitale di un file JPEG ad alta risoluzione (300 dpi) che puoi stampare in autonomia. Per i prodotti finiti invece, stampiamo e spediamo dai nostri centri in Australia, Canada, Stati Uniti, Regno Unito ed Europa in pochi giorni.<\/p><\/details>","protected":false},"excerpt":{"rendered":"<ul class=\"check-list\">\n<li>Aggiungi pianeti, costellazioni e la Via Lattea<\/li>\n<li>Personalizzala in 3 semplici passaggi<\/li>\n<li>Aggiungi un testo personalizzato<\/li>\n<li>Guarda subito il risultato \u2013 l&#8217;anteprima interattiva ti permette di perfezionare ogni dettaglio<\/li>\n<\/ul>\n","protected":false},"featured_media":1225860,"template":"","meta":[],"product_brand":[],"product_cat":[9277,5343,7688,8008,5257,5269,11428,8216,7816,7656,7768,11215,11216,15847,4448],"product_tag":[17454,17606,17583,17576,17560,17544,17529,17514,17499,17642,13337,17469,8453,13436,13340],"class_list":{"0":"post-188513","1":"product","2":"type-product","3":"status-publish","4":"has-post-thumbnail","6":"product_cat-bestsellers-label-it","7":"product_cat-regali-di-compleanno","8":"product_cat-regali-da-donna","9":"product_cat-regali-da-uomo","10":"product_cat-regali-di-nascita-del-bambino","11":"product_cat-regali-di-natale","12":"product_cat-regali-di-natale-per-i-bambini","13":"product_cat-per-lui","14":"product_cat-regali-per-neogenitori","15":"product_cat-regali-per-un-figlio","16":"product_cat-regali-per-una-figlia","17":"product_cat-regali-di-compleanno-per-lei","18":"product_cat-regali-di-compleanno-per-lui","19":"product_cat-shop-bestsellers-it","20":"product_cat-star-it-2","21":"product_tag-100-anni","22":"product_tag-16-anni","23":"product_tag-18-anni","24":"product_tag-20-anni","25":"product_tag-30-anni","26":"product_tag-40-anni","27":"product_tag-50-anni","28":"product_tag-60-anni","29":"product_tag-70-anni","30":"product_tag-80-anni","31":"product_tag-80o-compleanno","32":"product_tag-90-anni","33":"product_tag-new-parents-it","34":"product_tag-regalo-di-natale-per-il-figlio","35":"product_tag-regalo-di-natale-per-una-figlia","37":"first","38":"instock","39":"sale","40":"taxable","41":"shipping-taxable","42":"purchasable","43":"product-type-variable"},"yoast_head":"<!-- This site is optimized with the Yoast SEO Premium plugin v27.2 (Yoast SEO v27.2) - https:\/\/yoast.com\/product\/yoast-seo-premium-wordpress\/ -->\n<title>Mappa Stellare del Giorno di Nascita - Positive Prints<\/title>\n<meta name=\"description\" content=\"Una Mappa Stellare del Giorno di Nascita \u00e8 il regalo perfetto per un beb\u00e8 che \u00e8 appena venuto al mondo. Con questo poster personalizzato hai il potere di ricreare l\u2019aspetto del cielo stellato in un momento speciale come quello di una nascita.\" \/>\n<meta name=\"robots\" content=\"index, follow, max-snippet:-1, max-image-preview:large, max-video-preview:-1\" \/>\n<link rel=\"canonical\" href=\"https:\/\/positiveprints.com\/it\/prodotto\/mappa-stellare-del-giorno-di-nascita\/\" \/>\n<meta property=\"og:locale\" content=\"it_IT\" \/>\n<meta property=\"og:type\" content=\"article\" \/>\n<meta property=\"og:title\" content=\"Mappa Stellare del Giorno di Nascita\" \/>\n<meta property=\"og:description\" content=\"Aggiungi pianeti, costellazioni e la Via Lattea  Personalizzala in 3 semplici passaggi  Aggiungi un testo personalizzato  Guarda subito il risultato \u2013 l&#039;anteprima interattiva ti permette di perfezionare ogni dettaglio\" \/>\n<meta property=\"og:url\" content=\"https:\/\/positiveprints.com\/it\/prodotto\/mappa-stellare-del-giorno-di-nascita\/\" \/>\n<meta property=\"og:site_name\" content=\"Positive Prints\" \/>\n<meta property=\"article:publisher\" content=\"https:\/\/www.facebook.com\/positiveprintscom\" \/>\n<meta property=\"article:modified_time\" content=\"2026-04-18T08:13:01+00:00\" \/>\n<meta property=\"og:image\" content=\"https:\/\/positiveprints.com\/wp-content\/uploads\/2024\/10\/Packshot_IT_The-Day-You-Were-Born-product-image.webp\" \/>\n\t<meta property=\"og:image:width\" content=\"1450\" \/>\n\t<meta property=\"og:image:height\" content=\"1450\" \/>\n\t<meta property=\"og:image:type\" content=\"image\/webp\" \/>\n<meta name=\"twitter:card\" content=\"summary_large_image\" \/>\n<meta name=\"twitter:label1\" content=\"Tempo di lettura stimato\" \/>\n\t<meta name=\"twitter:data1\" content=\"5 minuti\" \/>\n<!-- \/ Yoast SEO Premium plugin. -->","yoast_head_json":{"title":"Mappa Stellare del Giorno di Nascita - Positive Prints","description":"Una Mappa Stellare del Giorno di Nascita \u00e8 il regalo perfetto per un beb\u00e8 che \u00e8 appena venuto al mondo. Con questo poster personalizzato hai il potere di ricreare l\u2019aspetto del cielo stellato in un momento speciale come quello di una nascita.","robots":{"index":"index","follow":"follow","max-snippet":"max-snippet:-1","max-image-preview":"max-image-preview:large","max-video-preview":"max-video-preview:-1"},"canonical":"https:\/\/positiveprints.com\/it\/prodotto\/mappa-stellare-del-giorno-di-nascita\/","og_locale":"it_IT","og_type":"article","og_title":"Mappa Stellare del Giorno di Nascita","og_description":"Aggiungi pianeti, costellazioni e la Via Lattea  Personalizzala in 3 semplici passaggi  Aggiungi un testo personalizzato  Guarda subito il risultato \u2013 l'anteprima interattiva ti permette di perfezionare ogni dettaglio","og_url":"https:\/\/positiveprints.com\/it\/prodotto\/mappa-stellare-del-giorno-di-nascita\/","og_site_name":"Positive Prints","article_publisher":"https:\/\/www.facebook.com\/positiveprintscom","article_modified_time":"2026-04-18T08:13:01+00:00","og_image":[{"width":1450,"height":1450,"url":"https:\/\/positiveprints.com\/wp-content\/uploads\/2024\/10\/Packshot_IT_The-Day-You-Were-Born-product-image.webp","type":"image\/webp"}],"twitter_card":"summary_large_image","twitter_misc":{"Tempo di lettura stimato":"5 minuti"},"schema":{"@context":"https:\/\/schema.org","@graph":[{"@type":["WebPage","ItemPage"],"@id":"https:\/\/positiveprints.com\/it\/prodotto\/mappa-stellare-del-giorno-di-nascita\/","url":"https:\/\/positiveprints.com\/it\/prodotto\/mappa-stellare-del-giorno-di-nascita\/","name":"Mappa Stellare del Giorno di Nascita - Positive Prints","isPartOf":{"@id":"https:\/\/positiveprints.com\/it\/#website"},"primaryImageOfPage":{"@id":"https:\/\/positiveprints.com\/it\/prodotto\/mappa-stellare-del-giorno-di-nascita\/#primaryimage"},"image":{"@id":"https:\/\/positiveprints.com\/it\/prodotto\/mappa-stellare-del-giorno-di-nascita\/#primaryimage"},"thumbnailUrl":"https:\/\/positiveprints.com\/wp-content\/uploads\/2024\/10\/Packshot_IT_The-Day-You-Were-Born-product-image.webp","datePublished":"2021-03-23T07:58:13+00:00","dateModified":"2026-04-18T08:13:01+00:00","description":"Una Mappa Stellare del Giorno di Nascita \u00e8 il regalo perfetto per un beb\u00e8 che \u00e8 appena venuto al mondo. Con questo poster personalizzato hai il potere di ricreare l\u2019aspetto del cielo stellato in un momento speciale come quello di una nascita.","breadcrumb":{"@id":"https:\/\/positiveprints.com\/it\/prodotto\/mappa-stellare-del-giorno-di-nascita\/#breadcrumb"},"inLanguage":"it-IT","potentialAction":[{"@type":"ReadAction","target":["https:\/\/positiveprints.com\/it\/prodotto\/mappa-stellare-del-giorno-di-nascita\/"]}]},{"@type":"ImageObject","inLanguage":"it-IT","@id":"https:\/\/positiveprints.com\/it\/prodotto\/mappa-stellare-del-giorno-di-nascita\/#primaryimage","url":"https:\/\/positiveprints.com\/wp-content\/uploads\/2024\/10\/Packshot_IT_The-Day-You-Were-Born-product-image.webp","contentUrl":"https:\/\/positiveprints.com\/wp-content\/uploads\/2024\/10\/Packshot_IT_The-Day-You-Were-Born-product-image.webp","width":1450,"height":1450},{"@type":"BreadcrumbList","@id":"https:\/\/positiveprints.com\/it\/prodotto\/mappa-stellare-del-giorno-di-nascita\/#breadcrumb","itemListElement":[{"@type":"ListItem","position":1,"name":"Home","item":"https:\/\/positiveprints.com\/it\/"},{"@type":"ListItem","position":2,"name":"Prodotti","item":"https:\/\/positiveprints.com\/it\/shop\/"},{"@type":"ListItem","position":3,"name":"Mappa Stellare del Giorno di Nascita"}]},{"@type":"WebSite","@id":"https:\/\/positiveprints.com\/it\/#website","url":"https:\/\/positiveprints.com\/it\/","name":"Positive Prints","description":"Amazing Custom Personalized Gifts","publisher":{"@id":"https:\/\/positiveprints.com\/it\/#organization"},"potentialAction":[{"@type":"SearchAction","target":{"@type":"EntryPoint","urlTemplate":"https:\/\/positiveprints.com\/it\/?s={search_term_string}"},"query-input":{"@type":"PropertyValueSpecification","valueRequired":true,"valueName":"search_term_string"}}],"inLanguage":"it-IT"},{"@type":"Organization","@id":"https:\/\/positiveprints.com\/it\/#organization","name":"Positive Prints","alternateName":"Positive Prints","url":"https:\/\/positiveprints.com\/it\/","logo":{"@type":"ImageObject","inLanguage":"it-IT","@id":"https:\/\/positiveprints.com\/it\/#\/schema\/logo\/image\/","url":"https:\/\/positiveprints.com\/wp-content\/uploads\/2026\/03\/245815646_1337939713319158_5671353136411139666_n.png","contentUrl":"https:\/\/positiveprints.com\/wp-content\/uploads\/2026\/03\/245815646_1337939713319158_5671353136411139666_n.png","width":800,"height":800,"caption":"Positive Prints"},"image":{"@id":"https:\/\/positiveprints.com\/it\/#\/schema\/logo\/image\/"},"sameAs":["https:\/\/www.facebook.com\/positiveprintscom","https:\/\/www.instagram.com\/positiveprintscom\/","https:\/\/www.tiktok.com\/@positiveprintscom","https:\/\/www.pinterest.com\/positiveprintscom\/"]}]}},"jetpack_sharing_enabled":true,"_links":{"self":[{"href":"https:\/\/positiveprints.com\/it\/wp-json\/wp\/v2\/product\/188513","targetHints":{"allow":["GET"]}}],"collection":[{"href":"https:\/\/positiveprints.com\/it\/wp-json\/wp\/v2\/product"}],"about":[{"href":"https:\/\/positiveprints.com\/it\/wp-json\/wp\/v2\/types\/product"}],"wp:featuredmedia":[{"embeddable":true,"href":"https:\/\/positiveprints.com\/it\/wp-json\/wp\/v2\/media\/1225860"}],"wp:attachment":[{"href":"https:\/\/positiveprints.com\/it\/wp-json\/wp\/v2\/media?parent=188513"}],"wp:term":[{"taxonomy":"product_brand","embeddable":true,"href":"https:\/\/positiveprints.com\/it\/wp-json\/wp\/v2\/product_brand?post=188513"},{"taxonomy":"product_cat","embeddable":true,"href":"https:\/\/positiveprints.com\/it\/wp-json\/wp\/v2\/product_cat?post=188513"},{"taxonomy":"product_tag","embeddable":true,"href":"https:\/\/positiveprints.com\/it\/wp-json\/wp\/v2\/product_tag?post=188513"}],"curies":[{"name":"wp","href":"https:\/\/api.w.org\/{rel}","templated":true}]}}