{"id":165213,"date":"2021-09-06T12:51:19","date_gmt":"2021-09-06T11:51:19","guid":{"rendered":"https:\/\/positiveprints.com\/product\/lincontro-il-primo-bacio-la-promessa\/"},"modified":"2026-04-18T08:06:15","modified_gmt":"2026-04-18T07:06:15","slug":"lincontro-il-primo-bacio-la-promessa","status":"publish","type":"product","link":"https:\/\/positiveprints.com\/it\/prodotto\/lincontro-il-primo-bacio-la-promessa\/","title":{"rendered":"L&#8217;incontro, Il Primo Bacio, La Promessa"},"content":{"rendered":"<p>Tutto \u00e8 iniziato nel momento in cui i vostri sguardi si sono incrociati per la prima volta. Il vostro incontro ha portato al momento del vostro primo bacio che a sua volta vi ha fatto decidere di trascorrere il resto della vostra vita insieme. Ogni storia d\u2019amore vale la pena di essere celebrata e raccontata per sempre con una mappa \u2018L\u2019Incontro, il Primo Bacio, la Promessa\u2019.<\/p>\r\n\r\n\r\n\r\n<h2 class=\"grenB f24 cblue\" style=\"margin-top: 3rem\">Cos\u2019\u00e8 Una Mappa \u2018L\u2019Incontro, il Primo Bacio, la Promessa\u2019?<\/h2>\r\n\r\n<p style=\"margin-top: 1rem\">A dire il vero, \u2018L\u2019Incontro, il Primo Bacio, la Promessa\u2019 non \u00e8 una mappa come tutte le altre, ma una serie di tre mappe unite in un unico poster. Con queste mappe hai la possibilit\u00e0 di selezionare i tre momenti pi\u00f9 importanti della tua storia d\u2019amore, come: il luogo in cui vi siete incontrati, quello in cui vi siete scambiati il primo bacio e quello in cui avete deciso di vivere insieme.<\/p>\r\n\r\n\r\n\r\n<p style=\"margin-top: 1rem\">Ogni mappa ha il suo testo personalizzato. Potresti inserire un dettaglio in pi\u00f9 sulla posizione, la data del tuo evento o qualsiasi altro messaggio che ritieni sia importante per la vostra coppia. E non \u00e8 tutto: per indicare con esattezza il luogo in cui \u00e8 avvenuta la magia puoi aggiungere un romantico simbolo a forma di cuore.<\/p>\r\n\r\n\r\n\r\n<h2 class=\"grenB f24 cblue\" style=\"margin-top: 3rem\">Perch\u00e9 scegliere un regalo di fidanzamento personalizzato?<\/h2>\r\n\r\n<p style=\"margin-top: 1rem\">I regali di fidanzamento dovrebbero venire dal cuore. Perci\u00f2 quale idea migliore se non un regalo personalizzato che rappresenti il momento in cui \u00e8 sbocciato il vostro amore fino a quello in cui vi siete scambiati le promesse?<\/p>\r\n\r\n\r\n\r\n<p style=\"margin-top: 1rem\">Una festa di fidanzamento \u00e8 dedicata a tutto il vostro amore, quindi perch\u00e9 non celebrarlo con un regalo personalizzato? Personalizzare un regalo di fidanzamento significa dare la possibilit\u00e0 a genitori, amici, familiari e agli sposi stessi di scambiarsi o fare un dono speciale, significativo e molto apprezzato.<\/p>\r\n\r\n\r\n\r\n<h2 class=\"grenB f24 cblue\" style=\"margin-top: 3rem\">Come realizzare una mappa \u2018L\u2019Incontro, il Primo Bacio, la Promessa\u2019<\/h2>\r\n\r\n<p style=\"margin-top: 1rem\">Con Positive Prints puoi trasformarti in un designer senza sapere nulla di design. Per realizzare la tua mappa personalizzata non devi far altro che seguire 3 semplici passaggi. Grazie al nostro editor online, intuitivo e facile da utilizzare, puoi creare una mappa \u2018L\u2019Incontro, il Primo Bacio, la Promessa\u2019 in meno tempo di quello che impiegheresti per andare in negozio e metterti alla ricerca del regalo perfetto. Ecco come funziona:<\/p>\r\n\r\n\r\n\r\n<p style=\"margin-top: 1rem\"><b>1\u00b0 Passaggio: Seleziona il Tuo Sfondo Preferito<\/b><\/p>\r\n\r\n<p style=\"margin-top: 1rem\">Abbiamo creato per te una serie di bellissimi design tra cui scegliere, comprese forme originali e combinazioni di colori uniche nel loro genere. Puoi approfittare del lavoro che abbiamo fatto per te o creare la tua combinazione di colori personalizzata.<\/p>\r\n\r\n\r\n\r\n<p style=\"margin-top: 1rem\"><b>2\u00b0 Passaggio: Inserisci Tutti i Dettagli<\/b><\/p>\r\n\r\n<p style=\"margin-top: 1rem\">Dopo aver selezionato il tuo sfondo preferito, finalmente \u00e8 il momento di inserire ci\u00f2 che distinguer\u00e0 la tua mappa da tutte le altre. Per ogni mappa puoi scegliere una posizione geografica, un testo personalizzato e un simbolo per indicare il punto esatto del vostro momento speciale.<\/p>\r\n\r\n\r\n\r\n<p style=\"margin-top: 1rem\">La cosa fantastica di una mappa \u2018L\u2019Incontro, il Primo Bacio, la Promessa\u2019 \u00e8 che puoi includere qualsiasi momento importante per te. Per esempio, se preferisci aggiungere il giorno in cui avete comprato casa insieme, prenditi la completa libert\u00e0 di farlo! \u00c8 la tua mappa, creala a modo tuo.<\/p>\r\n\r\n\r\n\r\n<p style=\"margin-top: 1rem\"><b>3\u00b0 Passaggio: Ricevi la Tua Creazione<\/b><\/p>\r\n\r\n\r\n\r\n<p style=\"margin-top: 1rem\">Grazie alla spedizione in tutto il mondo, con Positive Prints puoi ricevere i tuoi poster cartacei, le stampe su tela e i quadri incorniciati ovunque tu sia. Se ti serve un regalo last-minute, non dimenticare che puoi sempre selezionare il download digitale e stampare la tua creazione in una tipografia vicino casa.<\/p>\r\n\r\n\r\n\r\n<h2 class=\"grenB f24 cblue\" style=\"margin-top: 3rem\">Creare una mappa personalizzata \u00e8 facile!<\/h2>\r\n\r\n<p style=\"margin-top: 1rem\">La tua storia d\u2019amore \u00e8 unica al mondo: fa\u2019 in modo che anche il tuo regalo di fidanzamento lo sia. Inizia subito a crea la tua mappa \u2018L\u2019Incontro, il Primo Bacio, la Promessa\u2019 con Positive Prints!<\/p>","protected":false},"excerpt":{"rendered":"<ul class=\"check-list\">\n<li>Indica l&#8217;indirizzo preciso con un simbolo a tua scelta<\/li>\n<li>Personalizzala in 3 semplici passaggi<\/li>\n<li>Aggiungi un testo personalizzato<\/li>\n<li>Guarda subito il risultato \u2013 l&#8217;anteprima interattiva ti permette di perfezionare ogni dettaglio<\/li>\n<\/ul>\n","protected":false},"featured_media":1469186,"template":"","meta":[],"product_brand":[],"product_cat":[7688,8008,5281,7229,4449],"product_tag":[9745],"class_list":{"0":"post-165213","1":"product","2":"type-product","3":"status-publish","4":"has-post-thumbnail","6":"product_cat-regali-da-donna","7":"product_cat-regali-da-uomo","8":"product_cat-regali-di-fidanzamento","9":"product_cat-triple-maps-it","10":"product_cat-tutti-i-prodotti","11":"product_tag-fidanzamento","13":"first","14":"instock","15":"sale","16":"taxable","17":"shipping-taxable","18":"purchasable","19":"product-type-variable"},"yoast_head":"<!-- This site is optimized with the Yoast SEO Premium plugin v27.2 (Yoast SEO v27.2) - https:\/\/yoast.com\/product\/yoast-seo-premium-wordpress\/ -->\n<title>L&#039;incontro, Il Primo Bacio, La Promessa - Positive Prints<\/title>\n<meta name=\"description\" content=\"I regali di fidanzamento migliori sono quelli personalizzati. Festeggia un altro anno passato insieme con la mappa L&#039;Incontro, Il Primo Bacio, La Promessa.\" \/>\n<meta name=\"robots\" content=\"index, follow, max-snippet:-1, max-image-preview:large, max-video-preview:-1\" \/>\n<link rel=\"canonical\" href=\"https:\/\/positiveprints.com\/it\/prodotto\/lincontro-il-primo-bacio-la-promessa\/\" \/>\n<meta property=\"og:locale\" content=\"it_IT\" \/>\n<meta property=\"og:type\" content=\"article\" \/>\n<meta property=\"og:title\" content=\"L&#039;incontro, Il Primo Bacio, La Promessa\" \/>\n<meta property=\"og:description\" content=\"Indica l&#039;indirizzo preciso con un simbolo a tua scelta  Personalizzala in 3 semplici passaggi  Aggiungi un testo personalizzato  Guarda subito il risultato \u2013 l&#039;anteprima interattiva ti permette di perfezionare ogni dettaglio\" \/>\n<meta property=\"og:url\" content=\"https:\/\/positiveprints.com\/it\/prodotto\/lincontro-il-primo-bacio-la-promessa\/\" \/>\n<meta property=\"og:site_name\" content=\"Positive Prints\" \/>\n<meta property=\"article:publisher\" content=\"https:\/\/www.facebook.com\/positiveprintscom\" \/>\n<meta property=\"article:modified_time\" content=\"2026-04-18T07:06:15+00:00\" \/>\n<meta property=\"og:image\" content=\"https:\/\/positiveprints.com\/wp-content\/uploads\/2023\/07\/Lincontro-Il-Primo-Bacio-La-Promessa.jpg\" \/>\n\t<meta property=\"og:image:width\" content=\"1080\" \/>\n\t<meta property=\"og:image:height\" content=\"1080\" \/>\n\t<meta property=\"og:image:type\" content=\"image\/jpeg\" \/>\n<meta name=\"twitter:card\" content=\"summary_large_image\" \/>\n<meta name=\"twitter:label1\" content=\"Tempo di lettura stimato\" \/>\n\t<meta name=\"twitter:data1\" content=\"3 minuti\" \/>\n<!-- \/ Yoast SEO Premium plugin. -->","yoast_head_json":{"title":"L'incontro, Il Primo Bacio, La Promessa - Positive Prints","description":"I regali di fidanzamento migliori sono quelli personalizzati. Festeggia un altro anno passato insieme con la mappa L'Incontro, Il Primo Bacio, La Promessa.","robots":{"index":"index","follow":"follow","max-snippet":"max-snippet:-1","max-image-preview":"max-image-preview:large","max-video-preview":"max-video-preview:-1"},"canonical":"https:\/\/positiveprints.com\/it\/prodotto\/lincontro-il-primo-bacio-la-promessa\/","og_locale":"it_IT","og_type":"article","og_title":"L'incontro, Il Primo Bacio, La Promessa","og_description":"Indica l'indirizzo preciso con un simbolo a tua scelta  Personalizzala in 3 semplici passaggi  Aggiungi un testo personalizzato  Guarda subito il risultato \u2013 l'anteprima interattiva ti permette di perfezionare ogni dettaglio","og_url":"https:\/\/positiveprints.com\/it\/prodotto\/lincontro-il-primo-bacio-la-promessa\/","og_site_name":"Positive Prints","article_publisher":"https:\/\/www.facebook.com\/positiveprintscom","article_modified_time":"2026-04-18T07:06:15+00:00","og_image":[{"width":1080,"height":1080,"url":"https:\/\/positiveprints.com\/wp-content\/uploads\/2023\/07\/Lincontro-Il-Primo-Bacio-La-Promessa.jpg","type":"image\/jpeg"}],"twitter_card":"summary_large_image","twitter_misc":{"Tempo di lettura stimato":"3 minuti"},"schema":{"@context":"https:\/\/schema.org","@graph":[{"@type":["WebPage","ItemPage"],"@id":"https:\/\/positiveprints.com\/it\/prodotto\/lincontro-il-primo-bacio-la-promessa\/","url":"https:\/\/positiveprints.com\/it\/prodotto\/lincontro-il-primo-bacio-la-promessa\/","name":"L'incontro, Il Primo Bacio, La Promessa - Positive Prints","isPartOf":{"@id":"https:\/\/positiveprints.com\/it\/#website"},"primaryImageOfPage":{"@id":"https:\/\/positiveprints.com\/it\/prodotto\/lincontro-il-primo-bacio-la-promessa\/#primaryimage"},"image":{"@id":"https:\/\/positiveprints.com\/it\/prodotto\/lincontro-il-primo-bacio-la-promessa\/#primaryimage"},"thumbnailUrl":"https:\/\/positiveprints.com\/wp-content\/uploads\/2025\/07\/Packshot_IT_Lincontro-Il-Primo-Bacio-La-Promessa.webp","datePublished":"2021-09-06T11:51:19+00:00","dateModified":"2026-04-18T07:06:15+00:00","description":"I regali di fidanzamento migliori sono quelli personalizzati. Festeggia un altro anno passato insieme con la mappa L'Incontro, Il Primo Bacio, La Promessa.","breadcrumb":{"@id":"https:\/\/positiveprints.com\/it\/prodotto\/lincontro-il-primo-bacio-la-promessa\/#breadcrumb"},"inLanguage":"it-IT","potentialAction":[{"@type":"ReadAction","target":["https:\/\/positiveprints.com\/it\/prodotto\/lincontro-il-primo-bacio-la-promessa\/"]}]},{"@type":"ImageObject","inLanguage":"it-IT","@id":"https:\/\/positiveprints.com\/it\/prodotto\/lincontro-il-primo-bacio-la-promessa\/#primaryimage","url":"https:\/\/positiveprints.com\/wp-content\/uploads\/2025\/07\/Packshot_IT_Lincontro-Il-Primo-Bacio-La-Promessa.webp","contentUrl":"https:\/\/positiveprints.com\/wp-content\/uploads\/2025\/07\/Packshot_IT_Lincontro-Il-Primo-Bacio-La-Promessa.webp","width":1450,"height":1450},{"@type":"BreadcrumbList","@id":"https:\/\/positiveprints.com\/it\/prodotto\/lincontro-il-primo-bacio-la-promessa\/#breadcrumb","itemListElement":[{"@type":"ListItem","position":1,"name":"Home","item":"https:\/\/positiveprints.com\/it\/"},{"@type":"ListItem","position":2,"name":"Prodotti","item":"https:\/\/positiveprints.com\/it\/shop\/"},{"@type":"ListItem","position":3,"name":"L&#8217;incontro, Il Primo Bacio, La Promessa"}]},{"@type":"WebSite","@id":"https:\/\/positiveprints.com\/it\/#website","url":"https:\/\/positiveprints.com\/it\/","name":"Positive Prints","description":"Amazing Custom Personalized Gifts","publisher":{"@id":"https:\/\/positiveprints.com\/it\/#organization"},"potentialAction":[{"@type":"SearchAction","target":{"@type":"EntryPoint","urlTemplate":"https:\/\/positiveprints.com\/it\/?s={search_term_string}"},"query-input":{"@type":"PropertyValueSpecification","valueRequired":true,"valueName":"search_term_string"}}],"inLanguage":"it-IT"},{"@type":"Organization","@id":"https:\/\/positiveprints.com\/it\/#organization","name":"Positive Prints","alternateName":"Positive Prints","url":"https:\/\/positiveprints.com\/it\/","logo":{"@type":"ImageObject","inLanguage":"it-IT","@id":"https:\/\/positiveprints.com\/it\/#\/schema\/logo\/image\/","url":"https:\/\/positiveprints.com\/wp-content\/uploads\/2026\/03\/245815646_1337939713319158_5671353136411139666_n.png","contentUrl":"https:\/\/positiveprints.com\/wp-content\/uploads\/2026\/03\/245815646_1337939713319158_5671353136411139666_n.png","width":800,"height":800,"caption":"Positive Prints"},"image":{"@id":"https:\/\/positiveprints.com\/it\/#\/schema\/logo\/image\/"},"sameAs":["https:\/\/www.facebook.com\/positiveprintscom","https:\/\/www.instagram.com\/positiveprintscom\/","https:\/\/www.tiktok.com\/@positiveprintscom","https:\/\/www.pinterest.com\/positiveprintscom\/"]}]}},"jetpack_sharing_enabled":true,"_links":{"self":[{"href":"https:\/\/positiveprints.com\/it\/wp-json\/wp\/v2\/product\/165213","targetHints":{"allow":["GET"]}}],"collection":[{"href":"https:\/\/positiveprints.com\/it\/wp-json\/wp\/v2\/product"}],"about":[{"href":"https:\/\/positiveprints.com\/it\/wp-json\/wp\/v2\/types\/product"}],"wp:featuredmedia":[{"embeddable":true,"href":"https:\/\/positiveprints.com\/it\/wp-json\/wp\/v2\/media\/1469186"}],"wp:attachment":[{"href":"https:\/\/positiveprints.com\/it\/wp-json\/wp\/v2\/media?parent=165213"}],"wp:term":[{"taxonomy":"product_brand","embeddable":true,"href":"https:\/\/positiveprints.com\/it\/wp-json\/wp\/v2\/product_brand?post=165213"},{"taxonomy":"product_cat","embeddable":true,"href":"https:\/\/positiveprints.com\/it\/wp-json\/wp\/v2\/product_cat?post=165213"},{"taxonomy":"product_tag","embeddable":true,"href":"https:\/\/positiveprints.com\/it\/wp-json\/wp\/v2\/product_tag?post=165213"}],"curies":[{"name":"wp","href":"https:\/\/api.w.org\/{rel}","templated":true}]}}