{"id":165209,"date":"2021-09-06T13:15:13","date_gmt":"2021-09-06T12:15:13","guid":{"rendered":"https:\/\/positiveprints.com\/product\/ti-amo-fino-alla-luna-e-ritorno\/"},"modified":"2026-04-18T08:04:47","modified_gmt":"2026-04-18T07:04:47","slug":"ti-amo-fino-alla-luna-e-ritorno","status":"publish","type":"product","link":"https:\/\/positiveprints.com\/it\/prodotto\/ti-amo-fino-alla-luna-e-ritorno\/","title":{"rendered":"Ti Amo Fino Alla Luna E Ritorno"},"content":{"rendered":"<p>Un poster lunare \u00e8 il regalo perfetto per tutti coloro che sentono un legame speciale con la luna. Soprattutto se hai la possibilit\u00e0 di personalizzarlo, come in questo caso.<\/p>\r\n\r\n\r\n\r\n<h2 class=\"grenB f24 cblue\" style=\"margin-top: 3rem\">Cos\u2019\u00e8 un Poster \u2018Ti Amo Fino alla Luna e Ritorno\u2019?<\/h2>\r\n\r\n\r\n\r\n<p style=\"margin-top: 1rem\">Hai mai sentito la frase \u201cti amo fino alla luna e ritorno\u201d? Utilizzata per esprimere un amore senza limiti, questa espressione \u00e8 diventata famosa soprattutto nella sua versione originale in inglese \u2013 I love you to the moon and back. E dato che, per la maggior parte delle persone, un viaggio sulla luna rimarr\u00e0 solo un grande sogno, abbiamo pensato di dedicare uno dei nostri poster a questa citazione dal profondo significato.<\/p>\r\n\r\n\r\n\r\n<p style=\"margin-top: 1rem\">\u2018Ti amo Fino alla Luna e Ritorno\u2019 \u00e8 un modo super romantico per condividere questa frase con la persona che ami. Inserendo una data e un luogo a tua scelta, potrai scoprire che aspetto aveva la luna in un momento ben preciso e trasformarlo in un poster. Potresti inserire la data in cui \u00e8 venuto al mondo il tuo beb\u00e8, la notte del tuo matrimonio, il giorno della tua laurea o quello in cui hai traslocato nella tua prima casa. La luna non ha confini!<\/p>\r\n\r\n\r\n\r\n<h2 class=\"grenB f24 cblue\" style=\"margin-top: 3rem\">Ti Amo Fino alla Luna e Ritorno \u2014 con un Tocco Personale<\/h2>\r\n\r\n\r\n\r\n<p style=\"margin-top: 1rem\">Un regalo personalizzato come il nostro poster \u2018Ti Amo Fino alla Luna e Ritorno\u2019 \u00e8 speciale perch\u00e9 non ce ne sono due uguali. Non sempre te ne accorgi, ma la luna cambia aspetto ogni giorno. E dato che i nostri poster tengono conto di data e luogo, ogni stampa \u00e8 unica nel suo genere.<\/p>\r\n\r\n\r\n\r\n<p style=\"margin-top: 1rem\">In pi\u00f9, per personalizzare ancora di pi\u00f9 il tuo poster, puoi aggiungere un messaggio in pi\u00f9 e dicarlo alla tua anima gemella. Potresti scegliere di inserire una citazione significativa, una data importante, una strofa di una canzone, una frase speciale o un soprannome che vi siete dati a vicenda.<\/p>\r\n\r\n\r\n\r\n<h2 class=\"grenB f24 cblue\" style=\"margin-top: 3rem\">Come personalizzare la tua Mappa Lunare<\/h2>\r\n\r\n\r\n\r\n<p style=\"margin-top: 1rem\">Con Positive Prints sei in buone mani: abbiamo fatto la maggior parte del lavoro per te! Per creare una mappa lunare personalizzata ti bastano tre semplici passaggi. Segui questa facile guida per realizzare un\u2019opera d\u2019arte che tutti adoreranno:<\/p>\r\n\r\n\r\n\r\n<p style=\"margin-top: 1rem\"><b>1\u00b0 Passaggio: Seleziona il Tuo Design<\/b><\/p>\r\n\r\n\r\n\r\n<p style=\"margin-top: 1rem\">Per mettere a disposizione un\u2019ampia scelta di design, i nostri artisti hanno lavorato duramente, ma in questo modo per te sar\u00e0 un gioco da ragazzi creare un regalo personalizzato. Scegli il tuo sfondo preferito tra quelli disponibili e seleziona la combinazione di colori pi\u00f9 adatta per chi ricever\u00e0 il poster. <\/p>\r\n\r\n\r\n\r\n<p style=\"margin-top: 1rem\"><b>2\u00b0 Passaggio: Inserisci i Dettagli pi\u00f9 Importanti<\/b><\/p>\r\n\r\n\r\n\r\n<p style=\"margin-top: 1rem\">Inserisci l\u2019ora e il luogo speciale del tuo evento e lascia che il nostro editor lunare ricrei la luna che splendeva in quella notte speciale. Continua la personalizzazione del tuo poster decorandolo con un messaggio come \u2018Ti amo fino alla luna e ritorno\u2019 o qualsiasi altra frase significativa per te e la tua dolce met\u00e0.<\/p>\r\n\r\n\r\n\r\n<p style=\"margin-top: 1rem\"><b>3\u00b0 Passaggio: Ricevi la Tua Creazione<\/b><\/p>\r\n\r\n\r\n\r\n<p style=\"margin-top: 1rem\">Qualsiasi poster o tela tu scelga, con Positive Prints la spedizione \u00e8 sempre in tutto il mondo. Se hai bisogno di un regalo last-minute, scegli il formato digitale!<\/p>\r\n\r\n\r\n\r\n<p style=\"margin-top: 1rem\"><b>Personalizza il tuo poster \u2018Ti Amo Fino alla Luna e Ritorno\u2019<\/b><\/p>\r\n\r\n\r\n\r\n<p style=\"margin-top: 1rem\">Lascia entrare il cielo nella tua stanza con un poster che non smetterai pi\u00f9 di guardare! Comincia subito a creare una mappa lunare \u2018Ti Amo Fino alla Luna e Ritorno\u2019!<\/p>","protected":false},"excerpt":{"rendered":"<ul class=\"check-list\">\n<li>Aggiungi l&#8217;ombra che la luna aveva in quel giorno<\/li>\n<li>Personalizzala in 3 semplici passaggi<\/li>\n<li>Scegli tra una variet\u00e0 di design straordinari<\/li>\n<li>Guarda subito il risultato \u2013 l&#8217;anteprima interattiva ti permette di perfezionare ogni dettaglio<\/li>\n<\/ul>\n","protected":false},"featured_media":1459651,"template":"","meta":[],"product_brand":[],"product_cat":[7205,7960,5269,11430,8008,7688,7848],"product_tag":[8453],"class_list":{"0":"post-165209","1":"product","2":"type-product","3":"status-publish","4":"has-post-thumbnail","6":"product_cat-moon-it","7":"product_cat-regali-per-il-baby-shower","8":"product_cat-regali-di-natale","9":"product_cat-regali-di-natale-per-i-genitori","10":"product_cat-regali-da-uomo","11":"product_cat-regali-da-donna","12":"product_cat-regali-per-la-famiglia","13":"product_tag-new-parents-it","15":"first","16":"instock","17":"sale","18":"taxable","19":"shipping-taxable","20":"purchasable","21":"product-type-variable"},"yoast_head":"<!-- This site is optimized with the Yoast SEO Premium plugin v27.2 (Yoast SEO v27.2) - https:\/\/yoast.com\/product\/yoast-seo-premium-wordpress\/ -->\n<title>Ti Amo Fino Alla Luna E Ritorno - Positive Prints<\/title>\n<meta name=\"description\" content=\"Ti Amo Fino alla Luna e Ritorno \u00e8 una mappa lunare che esprime tutto il tuo amore per la tua dolce met\u00e0. Crea il tuo poster personalizzato con Positive Prints!\" \/>\n<meta name=\"robots\" content=\"index, follow, max-snippet:-1, max-image-preview:large, max-video-preview:-1\" \/>\n<link rel=\"canonical\" href=\"https:\/\/positiveprints.com\/it\/prodotto\/ti-amo-fino-alla-luna-e-ritorno\/\" \/>\n<meta property=\"og:locale\" content=\"it_IT\" \/>\n<meta property=\"og:type\" content=\"article\" \/>\n<meta property=\"og:title\" content=\"Ti Amo Fino Alla Luna E Ritorno\" \/>\n<meta property=\"og:description\" content=\"Aggiungi l&#039;ombra che la luna aveva in quel giorno  Personalizzala in 3 semplici passaggi  Scegli tra una variet\u00e0 di design straordinari  Guarda subito il risultato \u2013 l&#039;anteprima interattiva ti permette di perfezionare ogni dettaglio\" \/>\n<meta property=\"og:url\" content=\"https:\/\/positiveprints.com\/it\/prodotto\/ti-amo-fino-alla-luna-e-ritorno\/\" \/>\n<meta property=\"og:site_name\" content=\"Positive Prints\" \/>\n<meta property=\"article:publisher\" content=\"https:\/\/www.facebook.com\/positiveprintscom\" \/>\n<meta property=\"article:modified_time\" content=\"2026-04-18T07:04:47+00:00\" \/>\n<meta property=\"og:image\" content=\"https:\/\/positiveprints.com\/wp-content\/uploads\/2021\/09\/Packshot_IT_Ti-Amo-Fino-Alla-Luna-E-Ritorno.webp\" \/>\n\t<meta property=\"og:image:width\" content=\"1450\" \/>\n\t<meta property=\"og:image:height\" content=\"1450\" \/>\n\t<meta property=\"og:image:type\" content=\"image\/webp\" \/>\n<meta name=\"twitter:card\" content=\"summary_large_image\" \/>\n<meta name=\"twitter:label1\" content=\"Tempo di lettura stimato\" \/>\n\t<meta name=\"twitter:data1\" content=\"3 minuti\" \/>\n<!-- \/ Yoast SEO Premium plugin. -->","yoast_head_json":{"title":"Ti Amo Fino Alla Luna E Ritorno - Positive Prints","description":"Ti Amo Fino alla Luna e Ritorno \u00e8 una mappa lunare che esprime tutto il tuo amore per la tua dolce met\u00e0. Crea il tuo poster personalizzato con Positive Prints!","robots":{"index":"index","follow":"follow","max-snippet":"max-snippet:-1","max-image-preview":"max-image-preview:large","max-video-preview":"max-video-preview:-1"},"canonical":"https:\/\/positiveprints.com\/it\/prodotto\/ti-amo-fino-alla-luna-e-ritorno\/","og_locale":"it_IT","og_type":"article","og_title":"Ti Amo Fino Alla Luna E Ritorno","og_description":"Aggiungi l'ombra che la luna aveva in quel giorno  Personalizzala in 3 semplici passaggi  Scegli tra una variet\u00e0 di design straordinari  Guarda subito il risultato \u2013 l'anteprima interattiva ti permette di perfezionare ogni dettaglio","og_url":"https:\/\/positiveprints.com\/it\/prodotto\/ti-amo-fino-alla-luna-e-ritorno\/","og_site_name":"Positive Prints","article_publisher":"https:\/\/www.facebook.com\/positiveprintscom","article_modified_time":"2026-04-18T07:04:47+00:00","og_image":[{"width":1450,"height":1450,"url":"https:\/\/positiveprints.com\/wp-content\/uploads\/2021\/09\/Packshot_IT_Ti-Amo-Fino-Alla-Luna-E-Ritorno.webp","type":"image\/webp"}],"twitter_card":"summary_large_image","twitter_misc":{"Tempo di lettura stimato":"3 minuti"},"schema":{"@context":"https:\/\/schema.org","@graph":[{"@type":["WebPage","ItemPage"],"@id":"https:\/\/positiveprints.com\/it\/prodotto\/ti-amo-fino-alla-luna-e-ritorno\/","url":"https:\/\/positiveprints.com\/it\/prodotto\/ti-amo-fino-alla-luna-e-ritorno\/","name":"Ti Amo Fino Alla Luna E Ritorno - Positive Prints","isPartOf":{"@id":"https:\/\/positiveprints.com\/it\/#website"},"primaryImageOfPage":{"@id":"https:\/\/positiveprints.com\/it\/prodotto\/ti-amo-fino-alla-luna-e-ritorno\/#primaryimage"},"image":{"@id":"https:\/\/positiveprints.com\/it\/prodotto\/ti-amo-fino-alla-luna-e-ritorno\/#primaryimage"},"thumbnailUrl":"https:\/\/positiveprints.com\/wp-content\/uploads\/2021\/09\/Packshot_IT_Ti-Amo-Fino-Alla-Luna-E-Ritorno.webp","datePublished":"2021-09-06T12:15:13+00:00","dateModified":"2026-04-18T07:04:47+00:00","description":"Ti Amo Fino alla Luna e Ritorno \u00e8 una mappa lunare che esprime tutto il tuo amore per la tua dolce met\u00e0. Crea il tuo poster personalizzato con Positive Prints!","breadcrumb":{"@id":"https:\/\/positiveprints.com\/it\/prodotto\/ti-amo-fino-alla-luna-e-ritorno\/#breadcrumb"},"inLanguage":"it-IT","potentialAction":[{"@type":"ReadAction","target":["https:\/\/positiveprints.com\/it\/prodotto\/ti-amo-fino-alla-luna-e-ritorno\/"]}]},{"@type":"ImageObject","inLanguage":"it-IT","@id":"https:\/\/positiveprints.com\/it\/prodotto\/ti-amo-fino-alla-luna-e-ritorno\/#primaryimage","url":"https:\/\/positiveprints.com\/wp-content\/uploads\/2021\/09\/Packshot_IT_Ti-Amo-Fino-Alla-Luna-E-Ritorno.webp","contentUrl":"https:\/\/positiveprints.com\/wp-content\/uploads\/2021\/09\/Packshot_IT_Ti-Amo-Fino-Alla-Luna-E-Ritorno.webp","width":1450,"height":1450,"caption":"Packshot_IT_Ti Amo Fino Alla Luna E Ritorno"},{"@type":"BreadcrumbList","@id":"https:\/\/positiveprints.com\/it\/prodotto\/ti-amo-fino-alla-luna-e-ritorno\/#breadcrumb","itemListElement":[{"@type":"ListItem","position":1,"name":"Home","item":"https:\/\/positiveprints.com\/it\/"},{"@type":"ListItem","position":2,"name":"Prodotti","item":"https:\/\/positiveprints.com\/it\/shop\/"},{"@type":"ListItem","position":3,"name":"Ti Amo Fino Alla Luna E Ritorno"}]},{"@type":"WebSite","@id":"https:\/\/positiveprints.com\/it\/#website","url":"https:\/\/positiveprints.com\/it\/","name":"Positive Prints","description":"Amazing Custom Personalized Gifts","publisher":{"@id":"https:\/\/positiveprints.com\/it\/#organization"},"potentialAction":[{"@type":"SearchAction","target":{"@type":"EntryPoint","urlTemplate":"https:\/\/positiveprints.com\/it\/?s={search_term_string}"},"query-input":{"@type":"PropertyValueSpecification","valueRequired":true,"valueName":"search_term_string"}}],"inLanguage":"it-IT"},{"@type":"Organization","@id":"https:\/\/positiveprints.com\/it\/#organization","name":"Positive Prints","alternateName":"Positive Prints","url":"https:\/\/positiveprints.com\/it\/","logo":{"@type":"ImageObject","inLanguage":"it-IT","@id":"https:\/\/positiveprints.com\/it\/#\/schema\/logo\/image\/","url":"https:\/\/positiveprints.com\/wp-content\/uploads\/2026\/03\/245815646_1337939713319158_5671353136411139666_n.png","contentUrl":"https:\/\/positiveprints.com\/wp-content\/uploads\/2026\/03\/245815646_1337939713319158_5671353136411139666_n.png","width":800,"height":800,"caption":"Positive Prints"},"image":{"@id":"https:\/\/positiveprints.com\/it\/#\/schema\/logo\/image\/"},"sameAs":["https:\/\/www.facebook.com\/positiveprintscom","https:\/\/www.instagram.com\/positiveprintscom\/","https:\/\/www.tiktok.com\/@positiveprintscom","https:\/\/www.pinterest.com\/positiveprintscom\/"]}]}},"jetpack_sharing_enabled":true,"_links":{"self":[{"href":"https:\/\/positiveprints.com\/it\/wp-json\/wp\/v2\/product\/165209","targetHints":{"allow":["GET"]}}],"collection":[{"href":"https:\/\/positiveprints.com\/it\/wp-json\/wp\/v2\/product"}],"about":[{"href":"https:\/\/positiveprints.com\/it\/wp-json\/wp\/v2\/types\/product"}],"wp:featuredmedia":[{"embeddable":true,"href":"https:\/\/positiveprints.com\/it\/wp-json\/wp\/v2\/media\/1459651"}],"wp:attachment":[{"href":"https:\/\/positiveprints.com\/it\/wp-json\/wp\/v2\/media?parent=165209"}],"wp:term":[{"taxonomy":"product_brand","embeddable":true,"href":"https:\/\/positiveprints.com\/it\/wp-json\/wp\/v2\/product_brand?post=165209"},{"taxonomy":"product_cat","embeddable":true,"href":"https:\/\/positiveprints.com\/it\/wp-json\/wp\/v2\/product_cat?post=165209"},{"taxonomy":"product_tag","embeddable":true,"href":"https:\/\/positiveprints.com\/it\/wp-json\/wp\/v2\/product_tag?post=165209"}],"curies":[{"name":"wp","href":"https:\/\/api.w.org\/{rel}","templated":true}]}}