{"id":165164,"date":"2021-03-23T11:22:30","date_gmt":"2021-03-23T10:22:30","guid":{"rendered":"https:\/\/positiveprints.com\/product\/mappa-stellare-di-anniversario\/"},"modified":"2026-04-18T09:11:02","modified_gmt":"2026-04-18T08:11:02","slug":"mappa-stellare-di-anniversario","status":"publish","type":"product","link":"https:\/\/positiveprints.com\/it\/prodotto\/mappa-stellare-di-anniversario\/","title":{"rendered":"Mappa Stellare Di Anniversario"},"content":{"rendered":"<p>\r\n\r\nDa quanto tempo siete innamorati? Non importa! Un anniversario di matrimonio \u00e8 sempre un\u2019occasione che vale la pena di festeggiare. Fai brillare il sorriso della tua anima gemella con una mappa stellare di anniversario!\r\n\r\n<\/p>\r\n\r\n\r\n\r\n<h2 class=\"grenB f24 cblue\" style=\"margin-top: 3rem\">Sta per arrivare il vostro anniversario?<\/h2>\r\n\r\n\r\n\r\n<p style=\"margin-top: 1rem\">Il giorno del vostro anniversario si sta avvicinando? Cosa farai per celebrare un amore unico come il vostro? Hai gi\u00e0 provato con un mazzo di fiori, una scatola di cioccolatini e un paio di foto, non \u00e8 vero? Forse vi siete concessi un viaggio in quella destinazione esotica in cui volevate andare da sempre. Oppure avete organizzata una cena a lume di candela. Ma un regalo che rimarr\u00e0 intatto e speciale per sempre potrebbe essere solo una Mappa Stellare di Anniversario.<\/p>\r\n\r\n\r\n\r\n<p style=\"margin-top: 1rem\">Tutte le storie d\u2019amore hanno una storia da raccontare. E la data del vostro anniversario \u00e8 uno di quei traguardi che non puoi dimenticare. In fondo, rappresenta un pezzo della vostra vita insieme! Proprio cos\u00ec: una Mappa Stellare di Anniversario ricrea il cielo notturno nella data in cui vi siete giurati amore eterno. Mentre eravate impegnati a festeggiare, ballare e cantare con amici e familiari, il cielo e tutte le sue stelle vi osservavano dall\u2019alto. Hanno condiviso con voi la gioia di quel momento e assaporato ogni dettaglio, proprio come succede per tanti altri eventi in giro per il mondo.<\/p>\r\n\r\n\r\n\r\n<p style=\"margin-top: 1rem\">Questa \u00e8 la tua occasione per portare quello stesso cielo in casa tua e catturare le emozioni di quella notte, per sempre.<\/p>\r\n\r\n\r\n\r\n<h2 class=\"grenB f24 cblue\" style=\"margin-top: 3rem\">Cosa rende una Mappa Stellare di Anniversario cos\u00ec speciale?<\/h2>\r\n\r\n\r\n\r\n<p style=\"margin-top: 1rem\">Una Mappa Stellare di Anniversario \u00e8 una mappa personalizzata e unica nel suo genere. Non ce ne sono due uguali. Se due persone decidono di creare due mappe utilizzando gli stessi design, colori e layout, il risultato sarebbe comunque diverso. Questo perch\u00e9 l\u2019esatto momento del tuo matrimonio non potrebbe mai essere davvero uguale a quello di qualcun\u2019altro. Dalla data, all\u2019ora, fino alla posizione geografica precisa, la tua mappa stellare personalizzata racconta la tua storia, unica e speciale cos\u00ec com\u2019\u00e8.<\/p>\r\n\r\n\r\n\r\n<p style=\"margin-top: 1rem\">Quando crei una Mappa Stellare di Anniversario hai il completo controllo sul risultato. Con l\u2019editor di Positive Prints e la sua anteprima istantanea puoi selezionare straordinarie combinazioni di colori e design finch\u00e9 non raggiungi esattamente il risultato che desideri. Per rendere il tuo regalo di anniversario ancora pi\u00f9 personale puoi aggiungere un messaggio da far apparire sulla tua opera d\u2019arte. Scegli le dimensioni, l\u2019inclinazione e la modalit\u00e0 di stampa (come poster, tela o quadro con cornice) e il gioco \u00e8 fatto!<\/p>\r\n\r\n\r\n\r\n<p style=\"margin-top: 1rem\">Ma forse la caratteristica pi\u00f9 speciale di questa mappa \u00e8 l\u2019emozione e la gioia che dona alle persone che la ricevono: non \u00e8 un regalo che puoi prendere dallo scaffale di un negozio. \u00c8 un regalo personalizzato dedicato all\u2019amore della tua vita con cui puoi dimostrare di esserti preso\/a cura di ogni dettaglio. Un regalo inaspettato, ma che saranno felicissimi di ricevere.<\/p>\r\n\r\n\r\n\r\n<h2 class=\"grenB f24 cblue\" style=\"margin-top: 3rem\">Come creare una Mappa Stellare di Anniversario<\/h2>\r\n\r\n\r\n\r\n<p style=\"margin-top: 1rem\">Creare da zero una mappa stellare personalizzata potrebbe sembrarti una missione impossibile, ma fidati di noi, non \u00e8 affatto cos\u00ec. La buona notizia \u00e8 che non hai bisogno di essere un artista o un design esperto per creare la tua Mappa Stellare di Anniversario, quindi, niente paura!<\/p>\r\n\r\n\r\n\r\n<p style=\"margin-top: 1rem\">Grazie ai tre semplici passaggi di Positive Prints puoi generare una mappa personalizzata in pochi minuti. La prima cosa da fare \u00e8 selezionare una forma per la tua mappa e la combinazione di colori che vuoi far apparire sullo sfondo. Scegli i dettagli da mostrare nel tuo cielo come le stelle, i pianeti e i loro nomi, le costellazioni e persino la Via Lattea. Dato che l\u2019anteprima compare sempre in tempo reale, il nostro consiglio \u00e8 quello di divertirti a sperimentare finch\u00e9 non raggiungi esattamente il risultato che desideri. Prima di ordinare, assicurati di aver inserito tutti i dettagli e tieni sempre d\u2019occhio l\u2019anteprima per non perderti nessuna modifica.<\/p>\r\n\r\n\r\n\r\n<p style=\"margin-top: 1rem\">Ora \u00e8 il momento di aggiungere un messaggio speciale alla tua mappa stellare. Pensa a una frase romantica o a una citazione da dedicare alla tua anima gemella. Oppure, puoi semplicemente inserire la data, l\u2019ora e il luogo del vostro matrimonio. Tutto \u00e8 nelle tue mani!<\/p>\r\n\r\n\r\n\r\n<p style=\"margin-top: 1rem\">Ultimo, ma non meno importante, il formato per la tua creazione. Se hai bisogno di un regalo dell\u2019ultimo minuto, ti consigliamo di selezionare il download digitale da scaricare immediatamente. Subito dopo l\u2019acquisto riceverai un file pronto da portare nella tua tipografia di fiducia. Altrimenti, se hai un po\u2019 pi\u00f9 di tempo, possiamo spedirtela direttamente a casa. Per i pi\u00f9 romantici c\u2019\u00e8 l\u2019opzione tela, oppure puoi scegliere un poster e aggiungere un\u2019elegante cornice una volta che l\u2019avrai ricevuto. E non dimenticare che, ovunque tu sia, la spedizione \u00e8 sempre disponibile!<\/p>\r\n\r\n\r\n\r\n<h2 class=\"grenB f24 cblue\" style=\"margin-top: 3rem\">Sorprendi la tua dolce met\u00e0 con una Mappa Stellare!<\/h2>\r\n\r\n\r\n\r\n<p style=\"margin-top: 1rem\">Da quanto tempo vi amate alla follia? Non ha importanza, un anniversario di matrimonio \u00e8 sempre un\u2019occasione che vale la pena festeggiare. Celebrare il momento in cui tu e l\u2019amore della tua vita avete deciso di condividere la vostra vita insieme \u00e8 importante. Le stelle e i pianeti che vi osservavano in quella notte, lo sanno bene. Ora \u00e8 il tuo momento: puoi portare le stelle che c\u2019erano la notte del vostro matrimonio nella vostra stanza e rivivere emozioni magiche per sempre.<\/p>\r\n\r\n\r\n\r\n<p style=\"margin-top: 1rem\">Non vedi l\u2019ora di creare un regalo personalizzato che racconti tutto il vostro amore? Inizia subito con una Mappa Stellare di Anniversario!<\/p>","protected":false},"excerpt":{"rendered":"<ul class=\"check-list\">\n<li>Aggiungi pianeti, costellazioni e la Via Lattea<\/li>\n<li>Personalizzala in 3 semplici passaggi<\/li>\n<li>Aggiungi un testo personalizzato<\/li>\n<li>Guarda subito il risultato \u2013 l&#8217;anteprima interattiva ti permette di perfezionare ogni dettaglio<\/li>\n<\/ul>\n","protected":false},"featured_media":1218907,"template":"","meta":[],"product_brand":[],"product_cat":[9277,11182,11181,11183,4448],"product_tag":[12704,14905,14894,14902,14903,14904,14886,14898,14906,13531,13561,14657,14683,12683,14897,12664,14910,14890,14907,14911,14893,14912,14909,14887],"class_list":{"0":"post-165164","1":"product","2":"type-product","3":"status-publish","4":"has-post-thumbnail","6":"product_cat-bestsellers-label-it","7":"product_cat-regali-di-anniversario-per-coppie","8":"product_cat-regali-di-anniversario-per-lei","9":"product_cat-regali-di-anniversario-per-lui","10":"product_cat-star-it-2","11":"product_tag-amore","12":"product_tag-anniversary-gift-it","13":"product_tag-anniversary-gifts-it","14":"product_tag-anniversary-present-it","15":"product_tag-couple-gift-it","16":"product_tag-gift-for-couple-it","17":"product_tag-love-it","18":"product_tag-love-gift-it","19":"product_tag-personalized-gift-it","20":"product_tag-regali-di-san-valentino","21":"product_tag-regalo-per-lanniversario","22":"product_tag-regalo-premuroso","23":"product_tag-regalo-romantico","24":"product_tag-regalo-san-valentino","25":"product_tag-romantic-gifts-it","26":"product_tag-san-valentino","27":"product_tag-sentimental-gift-it","28":"product_tag-special-occasion-it","29":"product_tag-thoughtful-gift-it","30":"product_tag-unique-gift-it","31":"product_tag-valentines-day-gifts-it","32":"product_tag-valentines-day-it","33":"product_tag-valentines-day-gift-it","34":"product_tag-wedding-anniversary-it","36":"first","37":"instock","38":"sale","39":"taxable","40":"shipping-taxable","41":"purchasable","42":"product-type-variable","43":"has-default-attributes"},"yoast_head":"<!-- This site is optimized with the Yoast SEO Premium plugin v27.2 (Yoast SEO v27.2) - https:\/\/yoast.com\/product\/yoast-seo-premium-wordpress\/ -->\n<title>Mappa Stellare Di Anniversario - Positive Prints<\/title>\n<meta name=\"description\" content=\"Cerchi un regalo di anniversario originale? Crea una mappa stellare personalizzata con il nostro editor online. Inserisci una data importante e scopri la magia.\" \/>\n<meta name=\"robots\" content=\"index, follow, max-snippet:-1, max-image-preview:large, max-video-preview:-1\" \/>\n<link rel=\"canonical\" href=\"https:\/\/positiveprints.com\/it\/prodotto\/mappa-stellare-di-anniversario\/\" \/>\n<meta property=\"og:locale\" content=\"it_IT\" \/>\n<meta property=\"og:type\" content=\"article\" \/>\n<meta property=\"og:title\" content=\"Mappa Stellare Di Anniversario\" \/>\n<meta property=\"og:description\" content=\"Aggiungi pianeti, costellazioni e la Via Lattea  Personalizzala in 3 semplici passaggi  Aggiungi un testo personalizzato  Guarda subito il risultato \u2013 l&#039;anteprima interattiva ti permette di perfezionare ogni dettaglio\" \/>\n<meta property=\"og:url\" content=\"https:\/\/positiveprints.com\/it\/prodotto\/mappa-stellare-di-anniversario\/\" \/>\n<meta property=\"og:site_name\" content=\"Positive Prints\" \/>\n<meta property=\"article:publisher\" content=\"https:\/\/www.facebook.com\/positiveprintscom\" \/>\n<meta property=\"article:modified_time\" content=\"2026-04-18T08:11:02+00:00\" \/>\n<meta property=\"og:image\" content=\"https:\/\/positiveprints.com\/wp-content\/uploads\/2024\/10\/Packshot_IT_anniversary-star-map-product-image.webp\" \/>\n\t<meta property=\"og:image:width\" content=\"1450\" \/>\n\t<meta property=\"og:image:height\" content=\"1450\" \/>\n\t<meta property=\"og:image:type\" content=\"image\/webp\" \/>\n<meta name=\"twitter:card\" content=\"summary_large_image\" \/>\n<meta name=\"twitter:label1\" content=\"Tempo di lettura stimato\" \/>\n\t<meta name=\"twitter:data1\" content=\"5 minuti\" \/>\n<!-- \/ Yoast SEO Premium plugin. -->","yoast_head_json":{"title":"Mappa Stellare Di Anniversario - Positive Prints","description":"Cerchi un regalo di anniversario originale? Crea una mappa stellare personalizzata con il nostro editor online. Inserisci una data importante e scopri la magia.","robots":{"index":"index","follow":"follow","max-snippet":"max-snippet:-1","max-image-preview":"max-image-preview:large","max-video-preview":"max-video-preview:-1"},"canonical":"https:\/\/positiveprints.com\/it\/prodotto\/mappa-stellare-di-anniversario\/","og_locale":"it_IT","og_type":"article","og_title":"Mappa Stellare Di Anniversario","og_description":"Aggiungi pianeti, costellazioni e la Via Lattea  Personalizzala in 3 semplici passaggi  Aggiungi un testo personalizzato  Guarda subito il risultato \u2013 l'anteprima interattiva ti permette di perfezionare ogni dettaglio","og_url":"https:\/\/positiveprints.com\/it\/prodotto\/mappa-stellare-di-anniversario\/","og_site_name":"Positive Prints","article_publisher":"https:\/\/www.facebook.com\/positiveprintscom","article_modified_time":"2026-04-18T08:11:02+00:00","og_image":[{"width":1450,"height":1450,"url":"https:\/\/positiveprints.com\/wp-content\/uploads\/2024\/10\/Packshot_IT_anniversary-star-map-product-image.webp","type":"image\/webp"}],"twitter_card":"summary_large_image","twitter_misc":{"Tempo di lettura stimato":"5 minuti"},"schema":{"@context":"https:\/\/schema.org","@graph":[{"@type":["WebPage","ItemPage"],"@id":"https:\/\/positiveprints.com\/it\/prodotto\/mappa-stellare-di-anniversario\/","url":"https:\/\/positiveprints.com\/it\/prodotto\/mappa-stellare-di-anniversario\/","name":"Mappa Stellare Di Anniversario - Positive Prints","isPartOf":{"@id":"https:\/\/positiveprints.com\/it\/#website"},"primaryImageOfPage":{"@id":"https:\/\/positiveprints.com\/it\/prodotto\/mappa-stellare-di-anniversario\/#primaryimage"},"image":{"@id":"https:\/\/positiveprints.com\/it\/prodotto\/mappa-stellare-di-anniversario\/#primaryimage"},"thumbnailUrl":"https:\/\/positiveprints.com\/wp-content\/uploads\/2024\/10\/Packshot_IT_anniversary-star-map-product-image.webp","datePublished":"2021-03-23T10:22:30+00:00","dateModified":"2026-04-18T08:11:02+00:00","description":"Cerchi un regalo di anniversario originale? Crea una mappa stellare personalizzata con il nostro editor online. Inserisci una data importante e scopri la magia.","breadcrumb":{"@id":"https:\/\/positiveprints.com\/it\/prodotto\/mappa-stellare-di-anniversario\/#breadcrumb"},"inLanguage":"it-IT","potentialAction":[{"@type":"ReadAction","target":["https:\/\/positiveprints.com\/it\/prodotto\/mappa-stellare-di-anniversario\/"]}]},{"@type":"ImageObject","inLanguage":"it-IT","@id":"https:\/\/positiveprints.com\/it\/prodotto\/mappa-stellare-di-anniversario\/#primaryimage","url":"https:\/\/positiveprints.com\/wp-content\/uploads\/2024\/10\/Packshot_IT_anniversary-star-map-product-image.webp","contentUrl":"https:\/\/positiveprints.com\/wp-content\/uploads\/2024\/10\/Packshot_IT_anniversary-star-map-product-image.webp","width":1450,"height":1450},{"@type":"BreadcrumbList","@id":"https:\/\/positiveprints.com\/it\/prodotto\/mappa-stellare-di-anniversario\/#breadcrumb","itemListElement":[{"@type":"ListItem","position":1,"name":"Home","item":"https:\/\/positiveprints.com\/it\/"},{"@type":"ListItem","position":2,"name":"Prodotti","item":"https:\/\/positiveprints.com\/it\/shop\/"},{"@type":"ListItem","position":3,"name":"Mappa Stellare Di Anniversario"}]},{"@type":"WebSite","@id":"https:\/\/positiveprints.com\/it\/#website","url":"https:\/\/positiveprints.com\/it\/","name":"Positive Prints","description":"Amazing Custom Personalized Gifts","publisher":{"@id":"https:\/\/positiveprints.com\/it\/#organization"},"potentialAction":[{"@type":"SearchAction","target":{"@type":"EntryPoint","urlTemplate":"https:\/\/positiveprints.com\/it\/?s={search_term_string}"},"query-input":{"@type":"PropertyValueSpecification","valueRequired":true,"valueName":"search_term_string"}}],"inLanguage":"it-IT"},{"@type":"Organization","@id":"https:\/\/positiveprints.com\/it\/#organization","name":"Positive Prints","alternateName":"Positive Prints","url":"https:\/\/positiveprints.com\/it\/","logo":{"@type":"ImageObject","inLanguage":"it-IT","@id":"https:\/\/positiveprints.com\/it\/#\/schema\/logo\/image\/","url":"https:\/\/positiveprints.com\/wp-content\/uploads\/2026\/03\/245815646_1337939713319158_5671353136411139666_n.png","contentUrl":"https:\/\/positiveprints.com\/wp-content\/uploads\/2026\/03\/245815646_1337939713319158_5671353136411139666_n.png","width":800,"height":800,"caption":"Positive Prints"},"image":{"@id":"https:\/\/positiveprints.com\/it\/#\/schema\/logo\/image\/"},"sameAs":["https:\/\/www.facebook.com\/positiveprintscom","https:\/\/www.instagram.com\/positiveprintscom\/","https:\/\/www.tiktok.com\/@positiveprintscom","https:\/\/www.pinterest.com\/positiveprintscom\/"]}]}},"jetpack_sharing_enabled":true,"_links":{"self":[{"href":"https:\/\/positiveprints.com\/it\/wp-json\/wp\/v2\/product\/165164","targetHints":{"allow":["GET"]}}],"collection":[{"href":"https:\/\/positiveprints.com\/it\/wp-json\/wp\/v2\/product"}],"about":[{"href":"https:\/\/positiveprints.com\/it\/wp-json\/wp\/v2\/types\/product"}],"wp:featuredmedia":[{"embeddable":true,"href":"https:\/\/positiveprints.com\/it\/wp-json\/wp\/v2\/media\/1218907"}],"wp:attachment":[{"href":"https:\/\/positiveprints.com\/it\/wp-json\/wp\/v2\/media?parent=165164"}],"wp:term":[{"taxonomy":"product_brand","embeddable":true,"href":"https:\/\/positiveprints.com\/it\/wp-json\/wp\/v2\/product_brand?post=165164"},{"taxonomy":"product_cat","embeddable":true,"href":"https:\/\/positiveprints.com\/it\/wp-json\/wp\/v2\/product_cat?post=165164"},{"taxonomy":"product_tag","embeddable":true,"href":"https:\/\/positiveprints.com\/it\/wp-json\/wp\/v2\/product_tag?post=165164"}],"curies":[{"name":"wp","href":"https:\/\/api.w.org\/{rel}","templated":true}]}}