{"id":165117,"date":"2021-03-23T11:06:26","date_gmt":"2021-03-23T10:06:26","guid":{"rendered":"https:\/\/positiveprints.com\/product\/le-stelle-nel-giorno-del-nostro-matrimonio\/"},"modified":"2026-04-23T12:28:15","modified_gmt":"2026-04-23T11:28:15","slug":"le-stelle-nel-giorno-del-nostro-matrimonio","status":"publish","type":"product","link":"https:\/\/positiveprints.com\/it\/prodotto\/le-stelle-nel-giorno-del-nostro-matrimonio\/","title":{"rendered":"Le Stelle nel Giorno del Nostro Matrimonio"},"content":{"rendered":"<p>Se stai cercando un regalo personalizzato e originale o vuoi decorare con creativit\u00e0 una parete di casa tua, non cercare oltre! Con un poster romantico come \u2018Le Stelle nel Giorno del Nostro Matrimonio\u2019 vai sul sicuro.<\/p>\r\n\r\n<h2 class=\"grenB f24 cblue\" style=\"margin-top: 3rem\">Mappa stellare del Giorno del Nostro Matrimonio<\/h2>\r\n\r\n<p style=\"margin-top: 1rem\">Ti ricordi come appariva il cielo nella notte pi\u00f9 importante della tua vita? Con la nostra mappa stellare personalizzata dedicata alle nozze puoi ricreare l\u2019aspetto del cielo nel momento in cui l\u2019universo si \u00e8 allineato per te.<\/p>\r\n\r\n<p style=\"margin-top: 1rem\">I matrimoni, come tutti i traguardi e gli eventi importanti della vita, sono momenti che la vale ricordare. Una mappa come \u2018Le Stelle nel Giorno del Nostro Matrimonio\u2019 ti aiuta a raccontare un pezzettino della tua vita catturando eventi speciali con creativit\u00e0.<\/p>\r\n\r\n<p style=\"margin-top: 1rem\">Ogni stampa \u00e8 unica come chi la riceve. Questo perch\u00e9 non esiste una vita uguale all\u2019altra, e grazie a \u2018Le Stelle nel Giorno del Nostro Matrimonio\u2019 puoi raccontare esattamente ci\u00f2 che \u00e8 successo a voi.<\/p>\r\n\r\n<p style=\"margin-top: 1rem\">Se stai cercando un <a href=\"https:\/\/positiveprints.com\/it\/matrimoni\/\">regalo di nozze<\/a> originale da personalizzare per una persona speciale o semplicemente stai alla ricerca di un modo romantico per decorare una stanza, non cercare oltre! Con un poster romantico come \u2018Le Stelle nel Giorno del Nostro Matrimonio\u2019 vai sul sicuro.<\/p>\r\n\r\n<h2 class=\"grenB f24 cblue\" style=\"margin-top: 3rem\">Cos\u2019\u00e8 una poster \u2018Le Stelle nel Giorno del Nostro Matrimonio\u2019?<\/h2>\r\n\r\n<p style=\"margin-top: 1rem\">In qualsiasi parte del mondo tu sia, il cielo notturno sopra di te \u00e8 pieno di stelle, pianeti e corpi celesti di qualsiasi tipo. Ma lo sai che, a seconda di dove ti trovi e del momento in cui punti lo sguardo all\u2019ins\u00f9, il cielo \u00e8 sempre diverso?<\/p>\r\n\r\n<p style=\"margin-top: 1rem\">Ecco perch\u00e9 sempre pi\u00f9 persone scelgono di creare una mappa stellare dedicata al giorno del proprio matrimonio: non c\u2019\u00e8 niente di pi\u00f9 speciale che celebrare le nozze con una rappresentazione delle stelle allineate per il coronamento del vostro amore. Inserendo luogo, data e ora specifica nel nostro editor stellare, hai la possibilit\u00e0 di avere una mappa delle stelle accurata e dettagliata. Ogni volta che lo guardai insieme alla tua anima gemella, non potrai far altro che rivivere con gioia le emozioni di quel giorno.<\/p>\r\n\r\n<h2 class=\"grenB f24 cblue\" style=\"margin-top: 3rem\">Come personalizzare una mappa stellare?<\/h2>\r\n\r\n<p style=\"margin-top: 1rem\">Ci\u00f2 che rende una mappa stellare un poster unico e inimitabile \u00e8 la possibilit\u00e0 di personalizzarlo per una persona importante. Dopo che inserisci la data, l\u2019ora e la posizione geografica, il nostro editor di ultima generazione fa tutto il resto: muove le stelle, le costellazioni, i pianeti e tutti gli altri corpi celesti per creare la tua mappa stellare.<\/p>\r\n\r\n<p style=\"margin-top: 1rem\">E non \u00e8 tutto! Scopri come personalizzare ogni dettaglio del tuo regalo di nozze con Positive Prints.<\/p>\r\n\r\n<h3 class=\"grenB f18 cblue\" style=\"margin-top: 3rem\">1\u00b0 Passaggio: Seleziona il Design<\/h3>\r\n\r\n<p style=\"margin-top: 1rem\">Grazie al nostro editor online puoi creare la tua mappa stellare in modo semplice e veloce: abbiamo eliminata ogni passaggio superfluo! Il primo passo \u00e8 scegliere uno dei 7 design disponibili o selezionare l\u2019opzione \u2018personalizza\u2019 per creare la tua combinazione di colori. Poi, con un semplice clic, puoi decidere quanti dettagli includere sulla tua mappa: potresti far comparire i pianeti, le costellazioni, la <a href=\"https:\/\/it.wikipedia.org\/wiki\/Via_Lattea\">Via Lattea<\/a> e molto altro ancora.<\/p>\r\n\r\n<h3 class=\"grenB f18 cblue\" style=\"margin-top: 3rem\">2\u00b0 Passaggio: Inserisci i Dettagli<\/h3>\r\n\r\n<p style=\"margin-top: 1rem\">Uno dei passaggi fondamentali \u00e8 quello in cui inserisci la data per la tua mappa. \u2018Le Stelle nel Giorno del Nostro Matrimonio\u2019 \u00e8 la rappresentazione del cielo in uno dei giorni pi\u00f9 importanti della tua vita (e non solo!). E non dimenticare: puoi inserire una posizione geografica, coordinate specifiche e persino un\u2019ora precisa. Puoi dedicare la tua mappa al giorno in cui il tuo beb\u00e8 \u00e8 venuto al mondo; alla notte in cui hai incontrato la tua anima gemella; al momento in cui avete pronunciato insieme \u201cLo voglio!\u201d e chiss\u00e0 quanti altri momenti importanti della vita.<\/p>\r\n\r\n<p style=\"margin-top: 1rem\">Per rendere \u2018Le Stelle nel Giorno del Nostro Matrimonio\u2019 ancora pi\u00f9 personale hai la possibilit\u00e0 di aggiungere una citazione o una frase significativa con cui raccontare un pezzetto della tua storia. Se le parole non sono il tuo forte, il nostro editor ti aiuta con qualche suggerimento adatto alla tua occasione. Clicca sull\u2019icona a forma di fumetto, seleziona il tuo evento importante e scegli una frase che si addice alla tua mappa.<\/p>\r\n\r\n<h3 class=\"grenB f18 cblue\" style=\"margin-top: 3rem\">3\u00b0 Passaggio: Scegli il Formato<\/h3>\r\n\r\n<p style=\"margin-top: 1rem\">Una volta che hai raggiunto un risultato che ti soddisfa, scegli il formato che si adatta alle tue esigenze. Se hai bisogno di un regalo dell\u2019ultimo minuto, ti consigliamo di selezionare il download digitale. In questo modo riceverai un file digitale da scaricare e stampare nella tua tipografia di fiducia.<\/p>\r\n\r\n<p style=\"margin-top: 1rem\">Se invece preferisci una stampa professionale, lascia fare a noi! Seleziona \u2018tela\u2019, \u2018poster\u2019 o \u2018quadro con cornice\u2019 e spediremo la tua creazione, ovunque tu sia.<\/p>\r\n\r\n<h2 class=\"grenB f24 cblue\" style=\"margin-top: 3rem\">Le Stelle nel Giorno del Nostro Matrimonio \u00e8 una mappa accurata?<\/h2>\r\n\r\n<p style=\"margin-top: 1rem\">La straordinaria bellezza delle nostre mappe stellari \u00e8 tutta nei dettagli e nella precisione con cui vengono realizzate. Per ottenere una rappresentazione accurata del cielo notturno in base alla data e alla posizione da te scelta, utilizziamo i dati di Hipparcos, un satellite specializzato in astrometria.<\/p>\r\n\r\n<p style=\"margin-top: 1rem\">Questo significa che la posizione delle stelle che vedrai sulla tua mappa \u00e8 molto simile a quella appariva in cielo nella tua notte speciale. Ogni mappa disponibile su Positive Prints viene realizzata con l\u2019aiuto di dati astrometrici reali cos\u00ec che tu possa regalare una creazione accurata e affascinante.<\/p>\r\n\r\n<h2 class=\"grenB f24 cblue\" style=\"margin-top: 3rem\">Sorprendi la tua dolce met\u00e0 con Le Stelle nel Giorno del Nostro Matrimonio!<\/h2>\r\n\r\n<p style=\"margin-top: 1rem\">Quando si tratta di regali personalizzati, non c\u2019\u00e8 niente di simile a una mappa stellare. Ogni poster viene realizzato su misura e stampato solo su ordinazione in base ai dettagli inseriti. Ideale per ogni occasione, una mappa del cielo stellato \u00e8 un\u2019idea regalo fantastica, per te e per le persone a cui vuoi bene.<\/p>\r\n\r\n<p style=\"margin-top: 1rem\">Illumina i momenti pi\u00f9 preziosi della tua vita con il barlume delle stelle. Dai vita al tuo regalo personalizzato oggi stesso!<\/p>","protected":false},"excerpt":{"rendered":"<ul class=\"check-list\">\n<li>Aggiungi pianeti, costellazioni e la Via Lattea<\/li>\n<li>Personalizzala in 3 semplici passaggi<\/li>\n<li>Aggiungi un testo personalizzato<\/li>\n<li>Guarda subito il risultato \u2013 l&#8217;anteprima interattiva ti permette di perfezionare ogni dettaglio<\/li>\n<\/ul>\n","protected":false},"featured_media":1221336,"template":"","meta":[],"product_brand":[],"product_cat":[9277,5311,7928,4448],"product_tag":[15076],"class_list":{"0":"post-165117","1":"product","2":"type-product","3":"status-publish","4":"has-post-thumbnail","6":"product_cat-bestsellers-label-it","7":"product_cat-regali-di-matrimonio","8":"product_cat-regali-per-laddio-al-nubilato","9":"product_cat-star-it-2","10":"product_tag-wedding-it-2","12":"first","13":"instock","14":"sale","15":"taxable","16":"shipping-taxable","17":"purchasable","18":"product-type-variable","19":"has-default-attributes"},"yoast_head":"<!-- This site is optimized with the Yoast SEO Premium plugin v27.2 (Yoast SEO v27.2) - https:\/\/yoast.com\/product\/yoast-seo-premium-wordpress\/ -->\n<title>Le Stelle nel Giorno del Nostro Matrimonio - Positive Prints<\/title>\n<meta name=\"description\" content=\"Le Stelle nel Giorno del Nostro Matrimonio \u00e8 una mappa stellare personalizzata che celebra la notte pi\u00f9 importante della vita e un regalo di nozze originale!\" \/>\n<meta name=\"robots\" content=\"index, follow, max-snippet:-1, max-image-preview:large, max-video-preview:-1\" \/>\n<link rel=\"canonical\" href=\"https:\/\/positiveprints.com\/it\/prodotto\/le-stelle-nel-giorno-del-nostro-matrimonio\/\" \/>\n<meta property=\"og:locale\" content=\"it_IT\" \/>\n<meta property=\"og:type\" content=\"article\" \/>\n<meta property=\"og:title\" content=\"Le Stelle nel Giorno del Nostro Matrimonio\" \/>\n<meta property=\"og:description\" content=\"Aggiungi pianeti, costellazioni e la Via Lattea Personalizzala in 3 semplici passaggi Aggiungi un testo personalizzato Guarda subito il risultato \u2013 l&#039;anteprima interattiva ti permette di perfezionare ogni dettaglio\" \/>\n<meta property=\"og:url\" content=\"https:\/\/positiveprints.com\/it\/prodotto\/le-stelle-nel-giorno-del-nostro-matrimonio\/\" \/>\n<meta property=\"og:site_name\" content=\"Positive Prints\" \/>\n<meta property=\"article:publisher\" content=\"https:\/\/www.facebook.com\/positiveprintscom\" \/>\n<meta property=\"article:modified_time\" content=\"2026-04-23T11:28:15+00:00\" \/>\n<meta property=\"og:image\" content=\"https:\/\/positiveprints.com\/wp-content\/uploads\/2024\/10\/Packshot_IT_stars-on-a-wedding-dayporduct-image.webp\" \/>\n\t<meta property=\"og:image:width\" content=\"1450\" \/>\n\t<meta property=\"og:image:height\" content=\"1450\" \/>\n\t<meta property=\"og:image:type\" content=\"image\/webp\" \/>\n<meta name=\"twitter:card\" content=\"summary_large_image\" \/>\n<meta name=\"twitter:label1\" content=\"Tempo di lettura stimato\" \/>\n\t<meta name=\"twitter:data1\" content=\"5 minuti\" \/>\n<!-- \/ Yoast SEO Premium plugin. -->","yoast_head_json":{"title":"Le Stelle nel Giorno del Nostro Matrimonio - Positive Prints","description":"Le Stelle nel Giorno del Nostro Matrimonio \u00e8 una mappa stellare personalizzata che celebra la notte pi\u00f9 importante della vita e un regalo di nozze originale!","robots":{"index":"index","follow":"follow","max-snippet":"max-snippet:-1","max-image-preview":"max-image-preview:large","max-video-preview":"max-video-preview:-1"},"canonical":"https:\/\/positiveprints.com\/it\/prodotto\/le-stelle-nel-giorno-del-nostro-matrimonio\/","og_locale":"it_IT","og_type":"article","og_title":"Le Stelle nel Giorno del Nostro Matrimonio","og_description":"Aggiungi pianeti, costellazioni e la Via Lattea Personalizzala in 3 semplici passaggi Aggiungi un testo personalizzato Guarda subito il risultato \u2013 l'anteprima interattiva ti permette di perfezionare ogni dettaglio","og_url":"https:\/\/positiveprints.com\/it\/prodotto\/le-stelle-nel-giorno-del-nostro-matrimonio\/","og_site_name":"Positive Prints","article_publisher":"https:\/\/www.facebook.com\/positiveprintscom","article_modified_time":"2026-04-23T11:28:15+00:00","og_image":[{"width":1450,"height":1450,"url":"https:\/\/positiveprints.com\/wp-content\/uploads\/2024\/10\/Packshot_IT_stars-on-a-wedding-dayporduct-image.webp","type":"image\/webp"}],"twitter_card":"summary_large_image","twitter_misc":{"Tempo di lettura stimato":"5 minuti"},"schema":{"@context":"https:\/\/schema.org","@graph":[{"@type":["WebPage","ItemPage"],"@id":"https:\/\/positiveprints.com\/it\/prodotto\/le-stelle-nel-giorno-del-nostro-matrimonio\/","url":"https:\/\/positiveprints.com\/it\/prodotto\/le-stelle-nel-giorno-del-nostro-matrimonio\/","name":"Le Stelle nel Giorno del Nostro Matrimonio - Positive Prints","isPartOf":{"@id":"https:\/\/positiveprints.com\/it\/#website"},"primaryImageOfPage":{"@id":"https:\/\/positiveprints.com\/it\/prodotto\/le-stelle-nel-giorno-del-nostro-matrimonio\/#primaryimage"},"image":{"@id":"https:\/\/positiveprints.com\/it\/prodotto\/le-stelle-nel-giorno-del-nostro-matrimonio\/#primaryimage"},"thumbnailUrl":"https:\/\/positiveprints.com\/wp-content\/uploads\/2024\/10\/Packshot_IT_stars-on-a-wedding-dayporduct-image.webp","datePublished":"2021-03-23T10:06:26+00:00","dateModified":"2026-04-23T11:28:15+00:00","description":"Le Stelle nel Giorno del Nostro Matrimonio \u00e8 una mappa stellare personalizzata che celebra la notte pi\u00f9 importante della vita e un regalo di nozze originale!","breadcrumb":{"@id":"https:\/\/positiveprints.com\/it\/prodotto\/le-stelle-nel-giorno-del-nostro-matrimonio\/#breadcrumb"},"inLanguage":"it-IT","potentialAction":[{"@type":"ReadAction","target":["https:\/\/positiveprints.com\/it\/prodotto\/le-stelle-nel-giorno-del-nostro-matrimonio\/"]}]},{"@type":"ImageObject","inLanguage":"it-IT","@id":"https:\/\/positiveprints.com\/it\/prodotto\/le-stelle-nel-giorno-del-nostro-matrimonio\/#primaryimage","url":"https:\/\/positiveprints.com\/wp-content\/uploads\/2024\/10\/Packshot_IT_stars-on-a-wedding-dayporduct-image.webp","contentUrl":"https:\/\/positiveprints.com\/wp-content\/uploads\/2024\/10\/Packshot_IT_stars-on-a-wedding-dayporduct-image.webp","width":1450,"height":1450},{"@type":"BreadcrumbList","@id":"https:\/\/positiveprints.com\/it\/prodotto\/le-stelle-nel-giorno-del-nostro-matrimonio\/#breadcrumb","itemListElement":[{"@type":"ListItem","position":1,"name":"Home","item":"https:\/\/positiveprints.com\/it\/"},{"@type":"ListItem","position":2,"name":"Prodotti","item":"https:\/\/positiveprints.com\/it\/shop\/"},{"@type":"ListItem","position":3,"name":"Le Stelle nel Giorno del Nostro Matrimonio"}]},{"@type":"WebSite","@id":"https:\/\/positiveprints.com\/it\/#website","url":"https:\/\/positiveprints.com\/it\/","name":"Positive Prints","description":"Amazing Custom Personalized Gifts","publisher":{"@id":"https:\/\/positiveprints.com\/it\/#organization"},"potentialAction":[{"@type":"SearchAction","target":{"@type":"EntryPoint","urlTemplate":"https:\/\/positiveprints.com\/it\/?s={search_term_string}"},"query-input":{"@type":"PropertyValueSpecification","valueRequired":true,"valueName":"search_term_string"}}],"inLanguage":"it-IT"},{"@type":"Organization","@id":"https:\/\/positiveprints.com\/it\/#organization","name":"Positive Prints","alternateName":"Positive Prints","url":"https:\/\/positiveprints.com\/it\/","logo":{"@type":"ImageObject","inLanguage":"it-IT","@id":"https:\/\/positiveprints.com\/it\/#\/schema\/logo\/image\/","url":"https:\/\/positiveprints.com\/wp-content\/uploads\/2026\/03\/245815646_1337939713319158_5671353136411139666_n.png","contentUrl":"https:\/\/positiveprints.com\/wp-content\/uploads\/2026\/03\/245815646_1337939713319158_5671353136411139666_n.png","width":800,"height":800,"caption":"Positive Prints"},"image":{"@id":"https:\/\/positiveprints.com\/it\/#\/schema\/logo\/image\/"},"sameAs":["https:\/\/www.facebook.com\/positiveprintscom","https:\/\/www.instagram.com\/positiveprintscom\/","https:\/\/www.tiktok.com\/@positiveprintscom","https:\/\/www.pinterest.com\/positiveprintscom\/"]}]}},"jetpack_sharing_enabled":true,"_links":{"self":[{"href":"https:\/\/positiveprints.com\/it\/wp-json\/wp\/v2\/product\/165117","targetHints":{"allow":["GET"]}}],"collection":[{"href":"https:\/\/positiveprints.com\/it\/wp-json\/wp\/v2\/product"}],"about":[{"href":"https:\/\/positiveprints.com\/it\/wp-json\/wp\/v2\/types\/product"}],"wp:featuredmedia":[{"embeddable":true,"href":"https:\/\/positiveprints.com\/it\/wp-json\/wp\/v2\/media\/1221336"}],"wp:attachment":[{"href":"https:\/\/positiveprints.com\/it\/wp-json\/wp\/v2\/media?parent=165117"}],"wp:term":[{"taxonomy":"product_brand","embeddable":true,"href":"https:\/\/positiveprints.com\/it\/wp-json\/wp\/v2\/product_brand?post=165117"},{"taxonomy":"product_cat","embeddable":true,"href":"https:\/\/positiveprints.com\/it\/wp-json\/wp\/v2\/product_cat?post=165117"},{"taxonomy":"product_tag","embeddable":true,"href":"https:\/\/positiveprints.com\/it\/wp-json\/wp\/v2\/product_tag?post=165117"}],"curies":[{"name":"wp","href":"https:\/\/api.w.org\/{rel}","templated":true}]}}