{"id":145226,"date":"2021-09-06T13:05:07","date_gmt":"2021-09-06T12:05:07","guid":{"rendered":"https:\/\/positiveprints.com\/?post_type=product&#038;p=145226"},"modified":"2026-04-18T08:04:51","modified_gmt":"2026-04-18T07:04:51","slug":"ciao-vuoi-sposarmi-lo-voglio","status":"publish","type":"product","link":"https:\/\/positiveprints.com\/it\/prodotto\/ciao-vuoi-sposarmi-lo-voglio\/","title":{"rendered":"Ciao! Vuoi sposarmi? Lo voglio!"},"content":{"rendered":"<p style=\"margin-top: 1rem\">Il miglior <a href=\"https:\/\/positiveprints.com\/it\/matrimoni\/\">regalo di nozze<\/a> \u00e8 quello che arriva dritto al cuore. Quello che ti ricorda la fortuna che hai avuto quando hai incontrato la tua anima gemella. Celebra i traguardi che vi hanno portato ad essere ci\u00f2 che siete oggi con una mappa Ciao! Vuoi Sposarmi? Lo Voglio!<\/p>\r\n\r\n<h2 class=\"grenB f24 cblue\" style=\"margin-top: 3rem\">Cos\u2019\u00e8 una mappa Ciao! Vuoi Sposarmi? Lo Voglio!?<\/h2>\r\n\r\n<p style=\"margin-top: 1rem\">Sin dal momento in cui i vostri sguardi si sono incrociati, le vostre vite sono cambiate completamente. D\u2019un tratto vi siete accorti che non riuscivate pi\u00f9 a vivere l\u2019uno senza l\u2019altra. E poi, dopo settimane, mesi o anni di pianificazione, finalmente avete pronunciato il fatidico \u201clo voglio!\u201d.<\/p>\r\n\r\n<p style=\"margin-top: 1rem\">Ogni traguardo \u00e8 stato raggiunto in un momento e in un luogo preciso, ma con Ciao! Vuoi Sposarmi? Lo Voglio, non importa dov\u2019\u00e8 avvenuta la magia, perch\u00e9 con una mappa tripla come questa puoi mettere nero su bianco tutti gli eventi pi\u00f9 importanti e riassaporarli per tutta la vita.<\/p>\r\n\r\n<p style=\"margin-top: 1rem\">Ogni poster contiene tre mappe separate: una che evidenzia <a href=\"https:\/\/positiveprints.com\/it\/prodotto\/mappa-del-luogo-del-nostro-incontro\/\">il luogo del vostro primo appuntamento<\/a> e quello in cui <a href=\"https:\/\/positiveprints.com\/product\/where-we-met-map\/\">vi siete incontrati per la volta<\/a>; una che mostra il punto esatto in cui vi siete scambiati le promesse; e nella terza c\u2019\u00e8 il luogo del vostro matrimonio. Ciascun luogo occuper\u00e0 per sempre un posto speciale nei cuori di entrambi, perci\u00f2 non c\u2019\u00e8 modo migliore di ricordarli che un\u2019opera d\u2019arte personalizzata.<\/p>\r\n\r\n<h2 class=\"grenB f24 cblue\" style=\"margin-top: 3rem\">Come creare un regalo di nozze personalizzato?<\/h2>\r\n\r\n<p style=\"margin-top: 1rem\">Una mappa Ciao! Vuoi Sposarmi? Lo Voglio! \u00e8 il regalo di nozze che tutte le coppie vorrebbero ricevere. Perch\u00e9? Perch\u00e9 \u00e8 un\u2019opera che traccia i traguardi pi\u00f9 importanti della vita. In pi\u00f9, grazie all\u2019editor facile e intuitivo di Positive Prints puoi realizzare una romantica mappa personalizzata in pochi e semplici passaggi.<\/p>\r\n\r\n<h3 class=\"grenB f18 cblue\" style=\"margin-top: 3rem\">1\u00b0 Passaggio: Seleziona un Design<\/h3>\r\n\r\n<p style=\"margin-top: 1rem\">Per ogni mappa Ciao! Vuoi Sposarmi? Lo Voglio! hai la possibilit\u00e0 di scegliere tra un\u2019ampia variet\u00e0 di design, forme e combinazione di colori. Seleziona ci\u00f2 che \u00e8 pi\u00f9 affine ai tuoi gusti fino a creare una combinazione perfetta da condividere con il mondo intero.<\/p>\r\n\r\n<h3 class=\"grenB f18 cblue\" style=\"margin-top: 3rem\">2\u00b0 Passaggio: Prenditi Cura dei Dettagli<\/h3>\r\n\r\n<p style=\"margin-top: 1rem\">Per personalizzare davvero una mappa, quello che devi fare \u00e8 aggiungere un testo personale e la posizione esatta per ogni evento importante che vuoi rappresentare. Potresti inserire una strofa di una canzone, una citazione o uno dei vostri modi di dire preferiti. Infine, scegli un simbolo da aggiungere a ogni mappa per far risplendere il punto esatto del tuo momento speciale.<\/p>\r\n\r\n<h3 class=\"grenB f18 cblue\" style=\"margin-top: 3rem\">3\u00b0 Passaggio: Scegli il Tipo di Spedizione<\/h3>\r\n\r\n<p style=\"margin-top: 1rem\">Puoi ricevere la tua mappa in due modi diversi. Se hai deciso di optare per una stampa cartacea, come un poster, un quadro con cornice o una romantica tela, puoi approfittare della spedizione veloce e in tutto il mondo. Se invece hai poco tempo e hai bisogno di un regalo dell\u2019ultimo minuto, ti consigliamo di selezionare il formato digitale, cos\u00ec potrai scaricare la tua creazione e stamparla nella tua tipografia di fiducia. In pi\u00f9, se un giorno vorrai aggiungere una cornice, non preoccuparti: tutti i nostri poster sono di dimensioni standard.<\/p>\r\n\r\n<h2 class=\"grenB f24 cblue\" style=\"margin-top: 3rem\">Come esporre la tua mappa Ciao! Vuoi Sposarmi? Lo Voglio!<\/h2>\r\n\r\n<p style=\"margin-top: 1rem\">Molti dei nostri clienti scelgono una mappa Ciao! Vuoi Sposarmi? Lo Voglio! come regalo di nozze. Oppure, un\u2019altra idea molto romantica \u00e8 quella di esporre la mappa al ricevimento del vostro matrimonio, cos\u00ec che tutti gli invitati possano scoprire un po\u2019 di pi\u00f9 sulla vostra storia d\u2019amore.<\/p>","protected":false},"excerpt":{"rendered":"<ul class=\"check-list\">\n<li>Indica l&#8217;indirizzo preciso con un simbolo a tua scelta<\/li>\n<li>Personalizzala in 3 semplici passaggi<\/li>\n<li>Aggiungi un testo personalizzato<\/li>\n<li>Guarda subito il risultato \u2013 l&#8217;anteprima interattiva ti permette di perfezionare ogni dettaglio<\/li>\n<\/ul>\n","protected":false},"featured_media":1240753,"template":"","meta":[],"product_brand":[],"product_cat":[15847,9277,8191,8216,9763,5331,11182,11181,11183,5311,7928,5269,11425,11426,11432,11427,8008,7641,7688,7752,7800,7229,5315,11243,11244],"product_tag":[15520,11798,11796,11800,11799,15076],"class_list":{"0":"post-145226","1":"product","2":"type-product","3":"status-publish","4":"has-post-thumbnail","6":"product_cat-shop-bestsellers-it","7":"product_cat-bestsellers-label-it","8":"product_cat-per-lei","9":"product_cat-per-lui","10":"product_cat-trending-label-it","11":"product_cat-regali-di-anniversario","12":"product_cat-regali-di-anniversario-per-coppie","13":"product_cat-regali-di-anniversario-per-lei","14":"product_cat-regali-di-anniversario-per-lui","15":"product_cat-regali-di-matrimonio","16":"product_cat-regali-per-laddio-al-nubilato","17":"product_cat-regali-di-natale","18":"product_cat-regali-di-natale-per-lei","19":"product_cat-regali-di-natale-per-lui","20":"product_cat-regali-di-natale-per-la-moglie","21":"product_cat-regali-di-natale-per-il-marito","22":"product_cat-regali-da-uomo","23":"product_cat-regali-per-il-marito","24":"product_cat-regali-da-donna","25":"product_cat-regali-per-la-moglie","26":"product_cat-regali-per-una-coppia","27":"product_cat-triple-maps-it","28":"product_cat-regali-di-san-valentino","29":"product_cat-regali-di-san-valentino-per-lei","30":"product_cat-regali-di-san-valentino-per-lui","31":"product_tag-la-nostra-storia-damore","32":"product_tag-regali-di-natale-per-il-marito","33":"product_tag-regali-di-natale-per-la-moglie","34":"product_tag-regali-di-natale-per-lei","35":"product_tag-regali-di-natale-per-lui","36":"product_tag-wedding-it-2","38":"first","39":"instock","40":"sale","41":"taxable","42":"shipping-taxable","43":"purchasable","44":"product-type-variable"},"yoast_head":"<!-- This site is optimized with the Yoast SEO Premium plugin v27.2 (Yoast SEO v27.2) - https:\/\/yoast.com\/product\/yoast-seo-premium-wordpress\/ -->\n<title>Ciao! Vuoi sposarmi? Lo voglio - Positive Prints<\/title>\n<meta name=\"description\" content=\"Celebra l&#039;amore con una mappa personalizzata Ciao! Vuoi Sposarmi? Lo Voglio, un regalo romantico dedicato ai traguardi raggiunti insieme alla tua dolce met\u00e0.\" \/>\n<meta name=\"robots\" content=\"index, follow, max-snippet:-1, max-image-preview:large, max-video-preview:-1\" \/>\n<link rel=\"canonical\" href=\"https:\/\/positiveprints.com\/it\/prodotto\/ciao-vuoi-sposarmi-lo-voglio\/\" \/>\n<meta property=\"og:locale\" content=\"it_IT\" \/>\n<meta property=\"og:type\" content=\"article\" \/>\n<meta property=\"og:title\" content=\"Ciao! Vuoi sposarmi? Lo voglio!\" \/>\n<meta property=\"og:description\" content=\"Indica l&#039;indirizzo preciso con un simbolo a tua scelta Personalizzala in 3 semplici passaggi Aggiungi un testo personalizzato Guarda subito il risultato \u2013 l&#039;anteprima interattiva ti permette di perfezionare ogni dettaglio\" \/>\n<meta property=\"og:url\" content=\"https:\/\/positiveprints.com\/it\/prodotto\/ciao-vuoi-sposarmi-lo-voglio\/\" \/>\n<meta property=\"og:site_name\" content=\"Positive Prints\" \/>\n<meta property=\"article:publisher\" content=\"https:\/\/www.facebook.com\/positiveprintscom\" \/>\n<meta property=\"article:modified_time\" content=\"2026-04-18T07:04:51+00:00\" \/>\n<meta property=\"og:image\" content=\"https:\/\/positiveprints.com\/wp-content\/uploads\/2024\/10\/Packshot_IT_Hello-WIll-you-I-do-product-image.webp\" \/>\n\t<meta property=\"og:image:width\" content=\"1450\" \/>\n\t<meta property=\"og:image:height\" content=\"1450\" \/>\n\t<meta property=\"og:image:type\" content=\"image\/webp\" \/>\n<meta name=\"twitter:card\" content=\"summary_large_image\" \/>\n<meta name=\"twitter:label1\" content=\"Tempo di lettura stimato\" \/>\n\t<meta name=\"twitter:data1\" content=\"3 minuti\" \/>\n<!-- \/ Yoast SEO Premium plugin. -->","yoast_head_json":{"title":"Ciao! Vuoi sposarmi? Lo voglio - Positive Prints","description":"Celebra l'amore con una mappa personalizzata Ciao! Vuoi Sposarmi? Lo Voglio, un regalo romantico dedicato ai traguardi raggiunti insieme alla tua dolce met\u00e0.","robots":{"index":"index","follow":"follow","max-snippet":"max-snippet:-1","max-image-preview":"max-image-preview:large","max-video-preview":"max-video-preview:-1"},"canonical":"https:\/\/positiveprints.com\/it\/prodotto\/ciao-vuoi-sposarmi-lo-voglio\/","og_locale":"it_IT","og_type":"article","og_title":"Ciao! Vuoi sposarmi? Lo voglio!","og_description":"Indica l'indirizzo preciso con un simbolo a tua scelta Personalizzala in 3 semplici passaggi Aggiungi un testo personalizzato Guarda subito il risultato \u2013 l'anteprima interattiva ti permette di perfezionare ogni dettaglio","og_url":"https:\/\/positiveprints.com\/it\/prodotto\/ciao-vuoi-sposarmi-lo-voglio\/","og_site_name":"Positive Prints","article_publisher":"https:\/\/www.facebook.com\/positiveprintscom","article_modified_time":"2026-04-18T07:04:51+00:00","og_image":[{"width":1450,"height":1450,"url":"https:\/\/positiveprints.com\/wp-content\/uploads\/2024\/10\/Packshot_IT_Hello-WIll-you-I-do-product-image.webp","type":"image\/webp"}],"twitter_card":"summary_large_image","twitter_misc":{"Tempo di lettura stimato":"3 minuti"},"schema":{"@context":"https:\/\/schema.org","@graph":[{"@type":["WebPage","ItemPage"],"@id":"https:\/\/positiveprints.com\/it\/prodotto\/ciao-vuoi-sposarmi-lo-voglio\/","url":"https:\/\/positiveprints.com\/it\/prodotto\/ciao-vuoi-sposarmi-lo-voglio\/","name":"Ciao! Vuoi sposarmi? Lo voglio - Positive Prints","isPartOf":{"@id":"https:\/\/positiveprints.com\/it\/#website"},"primaryImageOfPage":{"@id":"https:\/\/positiveprints.com\/it\/prodotto\/ciao-vuoi-sposarmi-lo-voglio\/#primaryimage"},"image":{"@id":"https:\/\/positiveprints.com\/it\/prodotto\/ciao-vuoi-sposarmi-lo-voglio\/#primaryimage"},"thumbnailUrl":"https:\/\/positiveprints.com\/wp-content\/uploads\/2024\/10\/Packshot_IT_Hello-WIll-you-I-do-product-image.webp","datePublished":"2021-09-06T12:05:07+00:00","dateModified":"2026-04-18T07:04:51+00:00","description":"Celebra l'amore con una mappa personalizzata Ciao! Vuoi Sposarmi? Lo Voglio, un regalo romantico dedicato ai traguardi raggiunti insieme alla tua dolce met\u00e0.","breadcrumb":{"@id":"https:\/\/positiveprints.com\/it\/prodotto\/ciao-vuoi-sposarmi-lo-voglio\/#breadcrumb"},"inLanguage":"it-IT","potentialAction":[{"@type":"ReadAction","target":["https:\/\/positiveprints.com\/it\/prodotto\/ciao-vuoi-sposarmi-lo-voglio\/"]}]},{"@type":"ImageObject","inLanguage":"it-IT","@id":"https:\/\/positiveprints.com\/it\/prodotto\/ciao-vuoi-sposarmi-lo-voglio\/#primaryimage","url":"https:\/\/positiveprints.com\/wp-content\/uploads\/2024\/10\/Packshot_IT_Hello-WIll-you-I-do-product-image.webp","contentUrl":"https:\/\/positiveprints.com\/wp-content\/uploads\/2024\/10\/Packshot_IT_Hello-WIll-you-I-do-product-image.webp","width":1450,"height":1450},{"@type":"BreadcrumbList","@id":"https:\/\/positiveprints.com\/it\/prodotto\/ciao-vuoi-sposarmi-lo-voglio\/#breadcrumb","itemListElement":[{"@type":"ListItem","position":1,"name":"Home","item":"https:\/\/positiveprints.com\/it\/"},{"@type":"ListItem","position":2,"name":"Prodotti","item":"https:\/\/positiveprints.com\/it\/shop\/"},{"@type":"ListItem","position":3,"name":"Ciao! Vuoi sposarmi? Lo voglio!"}]},{"@type":"WebSite","@id":"https:\/\/positiveprints.com\/it\/#website","url":"https:\/\/positiveprints.com\/it\/","name":"Positive Prints","description":"Amazing Custom Personalized Gifts","publisher":{"@id":"https:\/\/positiveprints.com\/it\/#organization"},"potentialAction":[{"@type":"SearchAction","target":{"@type":"EntryPoint","urlTemplate":"https:\/\/positiveprints.com\/it\/?s={search_term_string}"},"query-input":{"@type":"PropertyValueSpecification","valueRequired":true,"valueName":"search_term_string"}}],"inLanguage":"it-IT"},{"@type":"Organization","@id":"https:\/\/positiveprints.com\/it\/#organization","name":"Positive Prints","alternateName":"Positive Prints","url":"https:\/\/positiveprints.com\/it\/","logo":{"@type":"ImageObject","inLanguage":"it-IT","@id":"https:\/\/positiveprints.com\/it\/#\/schema\/logo\/image\/","url":"https:\/\/positiveprints.com\/wp-content\/uploads\/2026\/03\/245815646_1337939713319158_5671353136411139666_n.png","contentUrl":"https:\/\/positiveprints.com\/wp-content\/uploads\/2026\/03\/245815646_1337939713319158_5671353136411139666_n.png","width":800,"height":800,"caption":"Positive Prints"},"image":{"@id":"https:\/\/positiveprints.com\/it\/#\/schema\/logo\/image\/"},"sameAs":["https:\/\/www.facebook.com\/positiveprintscom","https:\/\/www.instagram.com\/positiveprintscom\/","https:\/\/www.tiktok.com\/@positiveprintscom","https:\/\/www.pinterest.com\/positiveprintscom\/"]}]}},"jetpack_sharing_enabled":true,"_links":{"self":[{"href":"https:\/\/positiveprints.com\/it\/wp-json\/wp\/v2\/product\/145226","targetHints":{"allow":["GET"]}}],"collection":[{"href":"https:\/\/positiveprints.com\/it\/wp-json\/wp\/v2\/product"}],"about":[{"href":"https:\/\/positiveprints.com\/it\/wp-json\/wp\/v2\/types\/product"}],"wp:featuredmedia":[{"embeddable":true,"href":"https:\/\/positiveprints.com\/it\/wp-json\/wp\/v2\/media\/1240753"}],"wp:attachment":[{"href":"https:\/\/positiveprints.com\/it\/wp-json\/wp\/v2\/media?parent=145226"}],"wp:term":[{"taxonomy":"product_brand","embeddable":true,"href":"https:\/\/positiveprints.com\/it\/wp-json\/wp\/v2\/product_brand?post=145226"},{"taxonomy":"product_cat","embeddable":true,"href":"https:\/\/positiveprints.com\/it\/wp-json\/wp\/v2\/product_cat?post=145226"},{"taxonomy":"product_tag","embeddable":true,"href":"https:\/\/positiveprints.com\/it\/wp-json\/wp\/v2\/product_tag?post=145226"}],"curies":[{"name":"wp","href":"https:\/\/api.w.org\/{rel}","templated":true}]}}