{"id":1431195,"date":"2025-05-23T13:06:42","date_gmt":"2025-05-23T11:06:42","guid":{"rendered":"https:\/\/positiveprints.com\/?post_type=product&#038;p=1431195"},"modified":"2026-04-12T19:37:23","modified_gmt":"2026-04-12T18:37:23","slug":"poster-line-art-con-illustrazione-dei-bambini","status":"publish","type":"product","link":"https:\/\/positiveprints.com\/it\/prodotto\/poster-line-art-con-illustrazione-dei-bambini\/","title":{"rendered":"Poster Line Art con illustrazione dei bambini"},"content":{"rendered":"","protected":false},"excerpt":{"rendered":"<ul class=\"check-list\">\n<li>Disegnato e inviato per la tua approvazione entro 2-3 giorni lavorativi<\/li>\n<li>Personalizza in 3 semplici passi<\/li>\n<li>Seleziona un modello oppure libera la tua creativit\u00e0<\/li>\n<li>2 revisioni disponibili su richiesta<\/li>\n<\/ul>\n","protected":false},"featured_media":1432214,"template":"","meta":[],"product_brand":[],"product_cat":[8999,7338,7280,9180,5269,11430,7608,7976,15057,7704,7721,11429,11423,11422,11421,4449],"product_tag":[16084,8554,12599,12604,12603,12602,8406,12598,12600,13466,11797,11761,12597,17341,15668,13342,13341,12596,17215],"class_list":{"0":"post-1431195","1":"product","2":"type-product","3":"status-publish","4":"has-post-thumbnail","6":"product_cat-festa-dei-nonni","7":"product_cat-regali-per-la-festa-del-papa","8":"product_cat-regali-per-la-festa-della-mamma","9":"product_cat-line-art-it","10":"product_cat-regali-di-natale","11":"product_cat-regali-di-natale-per-i-genitori","12":"product_cat-regali-per-il-nonno","13":"product_cat-regali-per-il-papa","14":"product_cat-regali-di-natale-per-la-famiglia","15":"product_cat-regali-per-la-mamma","16":"product_cat-regali-per-la-nonna","17":"product_cat-regali-di-natale-per-mamma","18":"product_cat-regali-di-natale-per-nonna","19":"product_cat-regali-di-natale-per-nonno","20":"product_cat-regali-di-natale-per-papa","21":"product_cat-tutti-i-prodotti","22":"product_tag-christmas-gifts-for-family-it","23":"product_tag-father-it","24":"product_tag-festa-del-papa","25":"product_tag-festa-della-mamma","26":"product_tag-mamma-it-2","27":"product_tag-mamma-it","28":"product_tag-mother-it","29":"product_tag-papa-it","30":"product_tag-papa-it-2","31":"product_tag-regali-di-natale-per-la-famiglia","32":"product_tag-regali-di-natale-per-mamma","33":"product_tag-regali-di-natale-per-papa","34":"product_tag-regali-nonna","35":"product_tag-regalo-di-compleanno-per-nonna","36":"product_tag-regalo-di-compleanno-per-nonno","37":"product_tag-regalo-di-natale-per-un-nonno","38":"product_tag-regalo-di-natale-per-una-nonna","39":"product_tag-regalo-nonno","40":"product_tag-regalo-per-nonna","42":"first","43":"instock","44":"sale","45":"taxable","46":"shipping-taxable","47":"purchasable","48":"product-type-variable"},"yoast_head":"<!-- This site is optimized with the Yoast SEO Premium plugin v27.2 (Yoast SEO v27.2) - https:\/\/yoast.com\/product\/yoast-seo-premium-wordpress\/ -->\n<title>Poster Line Art con illustrazione dei bambini - Positive Prints<\/title>\n<meta name=\"description\" content=\"Sei alla ricerca di un regalo unico e amorevole? Trasforma il disegno pi\u00f9 prezioso del tuo bambino in una splendida opera minimalista: sar\u00e0 un ricordo intramontabile della sua creativit\u00e0.\" \/>\n<meta name=\"robots\" content=\"index, follow, max-snippet:-1, max-image-preview:large, max-video-preview:-1\" \/>\n<link rel=\"canonical\" href=\"https:\/\/positiveprints.com\/it\/prodotto\/poster-line-art-con-illustrazione-dei-bambini\/\" \/>\n<meta property=\"og:locale\" content=\"it_IT\" \/>\n<meta property=\"og:type\" content=\"article\" \/>\n<meta property=\"og:title\" content=\"Poster Line Art con illustrazione dei bambini\" \/>\n<meta property=\"og:description\" content=\"Disegnato e inviato per la tua approvazione entro 2-3 giorni lavorativi  Personalizza in 3 semplici passi  Seleziona un modello oppure libera la tua creativit\u00e0  2 revisioni disponibili su richiesta\" \/>\n<meta property=\"og:url\" content=\"https:\/\/positiveprints.com\/it\/prodotto\/poster-line-art-con-illustrazione-dei-bambini\/\" \/>\n<meta property=\"og:site_name\" content=\"Positive Prints\" \/>\n<meta property=\"article:publisher\" content=\"https:\/\/www.facebook.com\/positiveprintscom\" \/>\n<meta property=\"article:modified_time\" content=\"2026-04-12T18:37:23+00:00\" \/>\n<meta property=\"og:image\" content=\"https:\/\/positiveprints.com\/wp-content\/uploads\/2025\/05\/Packshot_IT_bambini.webp\" \/>\n\t<meta property=\"og:image:width\" content=\"1450\" \/>\n\t<meta property=\"og:image:height\" content=\"1450\" \/>\n\t<meta property=\"og:image:type\" content=\"image\/webp\" \/>\n<meta name=\"twitter:card\" content=\"summary_large_image\" \/>\n<meta name=\"twitter:label1\" content=\"Tempo di lettura stimato\" \/>\n\t<meta name=\"twitter:data1\" content=\"1 minuto\" \/>\n<!-- \/ Yoast SEO Premium plugin. -->","yoast_head_json":{"title":"Poster Line Art con illustrazione dei bambini - Positive Prints","description":"Sei alla ricerca di un regalo unico e amorevole? Trasforma il disegno pi\u00f9 prezioso del tuo bambino in una splendida opera minimalista: sar\u00e0 un ricordo intramontabile della sua creativit\u00e0.","robots":{"index":"index","follow":"follow","max-snippet":"max-snippet:-1","max-image-preview":"max-image-preview:large","max-video-preview":"max-video-preview:-1"},"canonical":"https:\/\/positiveprints.com\/it\/prodotto\/poster-line-art-con-illustrazione-dei-bambini\/","og_locale":"it_IT","og_type":"article","og_title":"Poster Line Art con illustrazione dei bambini","og_description":"Disegnato e inviato per la tua approvazione entro 2-3 giorni lavorativi  Personalizza in 3 semplici passi  Seleziona un modello oppure libera la tua creativit\u00e0  2 revisioni disponibili su richiesta","og_url":"https:\/\/positiveprints.com\/it\/prodotto\/poster-line-art-con-illustrazione-dei-bambini\/","og_site_name":"Positive Prints","article_publisher":"https:\/\/www.facebook.com\/positiveprintscom","article_modified_time":"2026-04-12T18:37:23+00:00","og_image":[{"width":1450,"height":1450,"url":"https:\/\/positiveprints.com\/wp-content\/uploads\/2025\/05\/Packshot_IT_bambini.webp","type":"image\/webp"}],"twitter_card":"summary_large_image","twitter_misc":{"Tempo di lettura stimato":"1 minuto"},"schema":{"@context":"https:\/\/schema.org","@graph":[{"@type":["WebPage","ItemPage"],"@id":"https:\/\/positiveprints.com\/it\/prodotto\/poster-line-art-con-illustrazione-dei-bambini\/","url":"https:\/\/positiveprints.com\/it\/prodotto\/poster-line-art-con-illustrazione-dei-bambini\/","name":"Poster Line Art con illustrazione dei bambini - Positive Prints","isPartOf":{"@id":"https:\/\/positiveprints.com\/it\/#website"},"primaryImageOfPage":{"@id":"https:\/\/positiveprints.com\/it\/prodotto\/poster-line-art-con-illustrazione-dei-bambini\/#primaryimage"},"image":{"@id":"https:\/\/positiveprints.com\/it\/prodotto\/poster-line-art-con-illustrazione-dei-bambini\/#primaryimage"},"thumbnailUrl":"https:\/\/positiveprints.com\/wp-content\/uploads\/2025\/05\/Packshot_IT_bambini.webp","datePublished":"2025-05-23T11:06:42+00:00","dateModified":"2026-04-12T18:37:23+00:00","description":"Sei alla ricerca di un regalo unico e amorevole? Trasforma il disegno pi\u00f9 prezioso del tuo bambino in una splendida opera minimalista: sar\u00e0 un ricordo intramontabile della sua creativit\u00e0.","breadcrumb":{"@id":"https:\/\/positiveprints.com\/it\/prodotto\/poster-line-art-con-illustrazione-dei-bambini\/#breadcrumb"},"inLanguage":"it-IT","potentialAction":[{"@type":"ReadAction","target":["https:\/\/positiveprints.com\/it\/prodotto\/poster-line-art-con-illustrazione-dei-bambini\/"]}]},{"@type":"ImageObject","inLanguage":"it-IT","@id":"https:\/\/positiveprints.com\/it\/prodotto\/poster-line-art-con-illustrazione-dei-bambini\/#primaryimage","url":"https:\/\/positiveprints.com\/wp-content\/uploads\/2025\/05\/Packshot_IT_bambini.webp","contentUrl":"https:\/\/positiveprints.com\/wp-content\/uploads\/2025\/05\/Packshot_IT_bambini.webp","width":1450,"height":1450,"caption":"Packshot_IT_bambini"},{"@type":"BreadcrumbList","@id":"https:\/\/positiveprints.com\/it\/prodotto\/poster-line-art-con-illustrazione-dei-bambini\/#breadcrumb","itemListElement":[{"@type":"ListItem","position":1,"name":"Home","item":"https:\/\/positiveprints.com\/it\/"},{"@type":"ListItem","position":2,"name":"Prodotti","item":"https:\/\/positiveprints.com\/it\/shop\/"},{"@type":"ListItem","position":3,"name":"Poster Line Art con illustrazione dei bambini"}]},{"@type":"WebSite","@id":"https:\/\/positiveprints.com\/it\/#website","url":"https:\/\/positiveprints.com\/it\/","name":"Positive Prints","description":"Amazing Custom Personalized Gifts","publisher":{"@id":"https:\/\/positiveprints.com\/it\/#organization"},"potentialAction":[{"@type":"SearchAction","target":{"@type":"EntryPoint","urlTemplate":"https:\/\/positiveprints.com\/it\/?s={search_term_string}"},"query-input":{"@type":"PropertyValueSpecification","valueRequired":true,"valueName":"search_term_string"}}],"inLanguage":"it-IT"},{"@type":"Organization","@id":"https:\/\/positiveprints.com\/it\/#organization","name":"Positive Prints","alternateName":"Positive Prints","url":"https:\/\/positiveprints.com\/it\/","logo":{"@type":"ImageObject","inLanguage":"it-IT","@id":"https:\/\/positiveprints.com\/it\/#\/schema\/logo\/image\/","url":"https:\/\/positiveprints.com\/wp-content\/uploads\/2026\/03\/245815646_1337939713319158_5671353136411139666_n.png","contentUrl":"https:\/\/positiveprints.com\/wp-content\/uploads\/2026\/03\/245815646_1337939713319158_5671353136411139666_n.png","width":800,"height":800,"caption":"Positive Prints"},"image":{"@id":"https:\/\/positiveprints.com\/it\/#\/schema\/logo\/image\/"},"sameAs":["https:\/\/www.facebook.com\/positiveprintscom","https:\/\/www.instagram.com\/positiveprintscom\/","https:\/\/www.tiktok.com\/@positiveprintscom","https:\/\/www.pinterest.com\/positiveprintscom\/"]}]}},"jetpack_sharing_enabled":true,"_links":{"self":[{"href":"https:\/\/positiveprints.com\/it\/wp-json\/wp\/v2\/product\/1431195","targetHints":{"allow":["GET"]}}],"collection":[{"href":"https:\/\/positiveprints.com\/it\/wp-json\/wp\/v2\/product"}],"about":[{"href":"https:\/\/positiveprints.com\/it\/wp-json\/wp\/v2\/types\/product"}],"wp:featuredmedia":[{"embeddable":true,"href":"https:\/\/positiveprints.com\/it\/wp-json\/wp\/v2\/media\/1432214"}],"wp:attachment":[{"href":"https:\/\/positiveprints.com\/it\/wp-json\/wp\/v2\/media?parent=1431195"}],"wp:term":[{"taxonomy":"product_brand","embeddable":true,"href":"https:\/\/positiveprints.com\/it\/wp-json\/wp\/v2\/product_brand?post=1431195"},{"taxonomy":"product_cat","embeddable":true,"href":"https:\/\/positiveprints.com\/it\/wp-json\/wp\/v2\/product_cat?post=1431195"},{"taxonomy":"product_tag","embeddable":true,"href":"https:\/\/positiveprints.com\/it\/wp-json\/wp\/v2\/product_tag?post=1431195"}],"curies":[{"name":"wp","href":"https:\/\/api.w.org\/{rel}","templated":true}]}}