{"id":140741,"date":"2020-01-15T17:12:53","date_gmt":"2020-01-15T16:12:53","guid":{"rendered":"https:\/\/positiveprints.com\/product\/mappa-di-fidanzamento-ufficiale\/"},"modified":"2026-04-18T09:18:15","modified_gmt":"2026-04-18T08:18:15","slug":"mappa-di-fidanzamento-ufficiale","status":"publish","type":"product","link":"https:\/\/positiveprints.com\/it\/prodotto\/mappa-di-fidanzamento-ufficiale\/","title":{"rendered":"Mappa Di Fidanzamento Ufficiale"},"content":{"rendered":"<p>Festeggia uno dei traguardi pi\u00f9 importanti della tua vita con una mappa di fidanzamento ufficiale \u2014 una mappa personalizza con cui ricordare il luogo in cui si \u00e8 accesa la prima scintilla della vostra vita insieme.<\/p>\r\n\r\n\r\n\r\n\r\n\r\n<h2 class=\"grenB f24 cblue\" style=\"margin-top: 3rem\">Perch\u00e9 Regalare una Mappa di Fidanzamento Ufficiale?<\/h2>\r\n\r\n\r\n\r\n<p style=\"margin-top: 1rem\">Ogni mappa racconta un viaggio. E il momento pi\u00f9 importante del viaggio insieme alla tua dolce met\u00e0 \u00e8 stato quando vi siete fidanzati ufficialmente. Una Mappa di Fidanzamento \u00e8 perfetta per ricordare per sempre le emozioni di quegli istanti cos\u00ec speciali.<\/p>\r\n\r\n\r\n\r\n<p style=\"margin-top: 1rem\">Con una mappa personalizzata come questa puoi rappresentare il luogo esatto in cui tu e la tua anima gemella avete deciso di trascorrere la vostra vita per sempre insieme. Sfoggia con orgoglio una stampa che racconta un pezzettino della tua storia d&#8217;amore: sar\u00e0 una gioia condividerla su una parete della vostra nuova casa.<\/p>\r\n\r\n\r\n\r\n\r\n\r\n<h2 class=\"grenB f24 cblue\" style=\"margin-top: 3rem\">Regalo di Fidanzamento: L&#8217;idea Perfetta<\/h2>\r\n\r\n\r\n\r\n<p style=\"margin-top: 1rem\">Una Mappa di Fidanzamento \u00e8 il regalo perfetto per le coppie che hanno appena deciso di fidanzarsi ufficialmente. Pensa che emozione quando decideranno di appenderla nel nido d&#8217;amore che stanno costruendo insieme! Realizzarla \u00e8 davvero facile: devi solo inserire il luogo esatto dove \u00e8 scattata la scintilla e scegliere il formato della stampa. Per il massimo della personalizzazione, inserisci anche un messaggio personale e tutti i dettagli che desideri.<\/p>\r\n\r\n\r\n\r\n<p style=\"margin-top: 1rem\">Una Mappa di Fidanzamento \u00e8 un&#8217;idea regalo originale e inaspettata anche per matrimoni, anniversari o qualsiasi altra occasione importante. E non preoccuparti: le nostre stampe hanno dimensioni standard, perci\u00f2 potrai facilmente trovare la cornice perfetta per completare il tuo regalo.<\/p>\r\n\r\n\r\n\r\n\r\n\r\n\r\n\r\n<h2 class=\"grenB f24 cblue\" style=\"margin-top: 3rem\">Personalizza la Tua Mappa di Fidanzamento Ufficiale<\/h2>\r\n\r\n\r\n\r\n<p style=\"margin-top: 1rem\">Ma quanto \u00e8 davvero personalizzabile una Mappa di Fidanzamento? Grazie all&#8217;editor intuitivo di Positive Prints non hai bisogno di essere un artista per prendere il controllo sulla tua creazione!<\/p>\r\n\r\n\r\n\r\n<p style=\"margin-top: 1rem\">Per prima cosa, potrai decidere la forma della tua mappa e la combinazione di colori che preferisci. Cerca di scegliere i colori che piacciono alla tua coppia preferita cos\u00ec riusciranno facilmente ad arredare una stanza della loro casa con la tua creazione. Scegli tra una mappa a forma di cuore, cerchio o quadrato e poi aggiungi un filtro colorato come vintage, minimal o carboncino.<\/p>\r\n\r\n\r\n\r\n<p style=\"margin-top: 1rem\">Il secondo passaggio \u00e8 il momento in cui inserisci il nome di una citt\u00e0, un paese, un indirizzo o un punto di interesse specifico. In pochi secondi vedrai comparire la posizione che hai scelto nell&#8217;anteprima e da l\u00ec potrai ingrandire o ridurre la mappa a seconda delle tue preferenze. Aggiungi un simbolo sulla mappa per marcare il punto preciso in cui avete detto &#8220;Sar\u00e0 per sempre!&#8221;.<\/p>\r\n\r\n\r\n\r\n<p style=\"margin-top: 1rem\">Ora puoi personalizzare la tua mappa con una frase significativa! Rendi tutto ancora pi\u00f9 dolce con una frase che vi siete detti davvero oppure prendi spunto da queste idee:<\/p>\r\n\r\n\r\n\r\n\r\n\r\n<ul>\r\n\r\n<li>\u201cHa detto s\u00ec!\u201d<\/li>\r\n\r\n<li>\u201cS\u00ec, lo voglio!\u201d<\/li>\r\n\r\n<li>\u201cVuoi sposarmi?\u201d<\/li>\r\n\r\n<li>\u201cIl grande giorno.\u201d<\/li>\r\n\r\n<li>\u201cCi siamo fidanzati ufficialmente!\u201d<\/li>\r\n\r\n<li>\u201cCon l&#8217;anello al dito.\u201d<\/li>\r\n\r\n<li>\u201cFinalmente, mi ha chiesto di sposarlo.\u201d<\/li>\r\n\r\n<li>\u201cIl mio cuore \u00e8 pi\u00f9 leggero se la mia mano \u00e8 nella tua!\u201d<\/li>\r\n\r\n<li>\u201cE questo \u00e8 solo l&#8217;inizio&#8230;\u201d<\/li>\r\n\r\n<li>\u201cHo sempre saputo che eri la mia anima gemella.\u201d<\/li>  \r\n\r\n<li>\u201cTutto Dipende da Te!\u201d<\/li>  \r\n\r\n<\/ul>\r\n\r\n\r\n\r\n\r\n\r\n<p style=\"margin-top: 1rem\">Ultimo ma non meno importante, durante il terzo passaggio deciderai in che modo stampare la tua mappa. Puoi scegliere il formato digitale o approfittare della spedizione in tutto il mondo e lasciare fare a noi tutto il resto. Per i pi\u00f9 romantici, possiamo realizzare una stampa su tela o persino incorniciare la tua opera d&#8217;arte in una raffinata cornice. La tua mappa \u00e8 quasi pronta: scegli la dimensione e dai inizio alla magia!<\/p>\r\n\r\n\r\n\r\n\r\n\r\n<h2 class=\"grenB f24 cblue\" style=\"margin-top: 3rem\">Crea Subito la Tua Mappa di Fidanzamento Ufficiale!<\/h2>\r\n\r\n\r\n\r\n<p style=\"margin-top: 1rem\">Una Mappa di Fidanzamento Ufficiale \u00e8 un regalo che durer\u00e0 per secoli. Scatena la creativit\u00e0 che c&#8217;\u00e8 in te e dai subito inizio alla tua mappa personalizzata!<\/p>","protected":false},"excerpt":{"rendered":"<ul class=\"check-list\">\n<li>Indica il punto preciso con un simbolo a tua scelta<\/li>\n<li>Personalizzala in 3 semplici passaggi<\/li>\n<li>Aggiungi un testo personalizzato<\/li>\n<li>Guarda subito il risultato \u2013 l&#8217;anteprima interattiva ti permette di perfezionare ogni dettaglio<\/li>\n<\/ul>\n","protected":false},"featured_media":1695418,"template":"","meta":[],"product_brand":[],"product_cat":[9277,5281,7190,4449],"product_tag":[9745],"class_list":{"0":"post-140741","1":"product","2":"type-product","3":"status-publish","4":"has-post-thumbnail","6":"product_cat-bestsellers-label-it","7":"product_cat-regali-di-fidanzamento","8":"product_cat-map-it","9":"product_cat-tutti-i-prodotti","10":"product_tag-fidanzamento","12":"first","13":"instock","14":"sale","15":"taxable","16":"shipping-taxable","17":"purchasable","18":"product-type-variable"},"yoast_head":"<!-- This site is optimized with the Yoast SEO Premium plugin v27.2 (Yoast SEO v27.2) - https:\/\/yoast.com\/product\/yoast-seo-premium-wordpress\/ -->\n<title>Mappa Di Fidanzamento Ufficiale - Positive Prints<\/title>\n<meta name=\"description\" content=\"Finalmente ha detto S\u00ec! Festeggia uno dei traguardi pi\u00f9 importanti della tua vita con una Mappa di Fidanzamento Ufficiale. Clicca qui e inizia a crearla!\" \/>\n<meta name=\"robots\" content=\"index, follow, max-snippet:-1, max-image-preview:large, max-video-preview:-1\" \/>\n<link rel=\"canonical\" href=\"https:\/\/positiveprints.com\/it\/prodotto\/mappa-di-fidanzamento-ufficiale\/\" \/>\n<meta property=\"og:locale\" content=\"it_IT\" \/>\n<meta property=\"og:type\" content=\"article\" \/>\n<meta property=\"og:title\" content=\"Mappa Di Fidanzamento Ufficiale\" \/>\n<meta property=\"og:description\" content=\"Indica il punto preciso con un simbolo a tua scelta  Personalizzala in 3 semplici passaggi  Aggiungi un testo personalizzato  Guarda subito il risultato \u2013 l&#039;anteprima interattiva ti permette di perfezionare ogni dettaglio\" \/>\n<meta property=\"og:url\" content=\"https:\/\/positiveprints.com\/it\/prodotto\/mappa-di-fidanzamento-ufficiale\/\" \/>\n<meta property=\"og:site_name\" content=\"Positive Prints\" \/>\n<meta property=\"article:publisher\" content=\"https:\/\/www.facebook.com\/positiveprintscom\" \/>\n<meta property=\"article:modified_time\" content=\"2026-04-18T08:18:15+00:00\" \/>\n<meta property=\"og:image\" content=\"https:\/\/positiveprints.com\/wp-content\/uploads\/2024\/10\/Packshot_IT_engagement-product-image.webp\" \/>\n\t<meta property=\"og:image:width\" content=\"1450\" \/>\n\t<meta property=\"og:image:height\" content=\"1450\" \/>\n\t<meta property=\"og:image:type\" content=\"image\/webp\" \/>\n<meta name=\"twitter:card\" content=\"summary_large_image\" \/>\n<meta name=\"twitter:label1\" content=\"Tempo di lettura stimato\" \/>\n\t<meta name=\"twitter:data1\" content=\"3 minuti\" \/>\n<!-- \/ Yoast SEO Premium plugin. -->","yoast_head_json":{"title":"Mappa Di Fidanzamento Ufficiale - Positive Prints","description":"Finalmente ha detto S\u00ec! Festeggia uno dei traguardi pi\u00f9 importanti della tua vita con una Mappa di Fidanzamento Ufficiale. Clicca qui e inizia a crearla!","robots":{"index":"index","follow":"follow","max-snippet":"max-snippet:-1","max-image-preview":"max-image-preview:large","max-video-preview":"max-video-preview:-1"},"canonical":"https:\/\/positiveprints.com\/it\/prodotto\/mappa-di-fidanzamento-ufficiale\/","og_locale":"it_IT","og_type":"article","og_title":"Mappa Di Fidanzamento Ufficiale","og_description":"Indica il punto preciso con un simbolo a tua scelta  Personalizzala in 3 semplici passaggi  Aggiungi un testo personalizzato  Guarda subito il risultato \u2013 l'anteprima interattiva ti permette di perfezionare ogni dettaglio","og_url":"https:\/\/positiveprints.com\/it\/prodotto\/mappa-di-fidanzamento-ufficiale\/","og_site_name":"Positive Prints","article_publisher":"https:\/\/www.facebook.com\/positiveprintscom","article_modified_time":"2026-04-18T08:18:15+00:00","og_image":[{"width":1450,"height":1450,"url":"https:\/\/positiveprints.com\/wp-content\/uploads\/2024\/10\/Packshot_IT_engagement-product-image.webp","type":"image\/webp"}],"twitter_card":"summary_large_image","twitter_misc":{"Tempo di lettura stimato":"3 minuti"},"schema":{"@context":"https:\/\/schema.org","@graph":[{"@type":["WebPage","ItemPage"],"@id":"https:\/\/positiveprints.com\/it\/prodotto\/mappa-di-fidanzamento-ufficiale\/","url":"https:\/\/positiveprints.com\/it\/prodotto\/mappa-di-fidanzamento-ufficiale\/","name":"Mappa Di Fidanzamento Ufficiale - Positive Prints","isPartOf":{"@id":"https:\/\/positiveprints.com\/it\/#website"},"primaryImageOfPage":{"@id":"https:\/\/positiveprints.com\/it\/prodotto\/mappa-di-fidanzamento-ufficiale\/#primaryimage"},"image":{"@id":"https:\/\/positiveprints.com\/it\/prodotto\/mappa-di-fidanzamento-ufficiale\/#primaryimage"},"thumbnailUrl":"https:\/\/positiveprints.com\/wp-content\/uploads\/2026\/04\/Packshot_IT_XX-Il-nostro-fidanzamento.webp","datePublished":"2020-01-15T16:12:53+00:00","dateModified":"2026-04-18T08:18:15+00:00","description":"Finalmente ha detto S\u00ec! Festeggia uno dei traguardi pi\u00f9 importanti della tua vita con una Mappa di Fidanzamento Ufficiale. Clicca qui e inizia a crearla!","breadcrumb":{"@id":"https:\/\/positiveprints.com\/it\/prodotto\/mappa-di-fidanzamento-ufficiale\/#breadcrumb"},"inLanguage":"it-IT","potentialAction":[{"@type":"ReadAction","target":["https:\/\/positiveprints.com\/it\/prodotto\/mappa-di-fidanzamento-ufficiale\/"]}]},{"@type":"ImageObject","inLanguage":"it-IT","@id":"https:\/\/positiveprints.com\/it\/prodotto\/mappa-di-fidanzamento-ufficiale\/#primaryimage","url":"https:\/\/positiveprints.com\/wp-content\/uploads\/2026\/04\/Packshot_IT_XX-Il-nostro-fidanzamento.webp","contentUrl":"https:\/\/positiveprints.com\/wp-content\/uploads\/2026\/04\/Packshot_IT_XX-Il-nostro-fidanzamento.webp","width":1450,"height":1450},{"@type":"BreadcrumbList","@id":"https:\/\/positiveprints.com\/it\/prodotto\/mappa-di-fidanzamento-ufficiale\/#breadcrumb","itemListElement":[{"@type":"ListItem","position":1,"name":"Home","item":"https:\/\/positiveprints.com\/it\/"},{"@type":"ListItem","position":2,"name":"Prodotti","item":"https:\/\/positiveprints.com\/it\/shop\/"},{"@type":"ListItem","position":3,"name":"Mappa Di Fidanzamento Ufficiale"}]},{"@type":"WebSite","@id":"https:\/\/positiveprints.com\/it\/#website","url":"https:\/\/positiveprints.com\/it\/","name":"Positive Prints","description":"Amazing Custom Personalized Gifts","publisher":{"@id":"https:\/\/positiveprints.com\/it\/#organization"},"potentialAction":[{"@type":"SearchAction","target":{"@type":"EntryPoint","urlTemplate":"https:\/\/positiveprints.com\/it\/?s={search_term_string}"},"query-input":{"@type":"PropertyValueSpecification","valueRequired":true,"valueName":"search_term_string"}}],"inLanguage":"it-IT"},{"@type":"Organization","@id":"https:\/\/positiveprints.com\/it\/#organization","name":"Positive Prints","alternateName":"Positive Prints","url":"https:\/\/positiveprints.com\/it\/","logo":{"@type":"ImageObject","inLanguage":"it-IT","@id":"https:\/\/positiveprints.com\/it\/#\/schema\/logo\/image\/","url":"https:\/\/positiveprints.com\/wp-content\/uploads\/2026\/03\/245815646_1337939713319158_5671353136411139666_n.png","contentUrl":"https:\/\/positiveprints.com\/wp-content\/uploads\/2026\/03\/245815646_1337939713319158_5671353136411139666_n.png","width":800,"height":800,"caption":"Positive Prints"},"image":{"@id":"https:\/\/positiveprints.com\/it\/#\/schema\/logo\/image\/"},"sameAs":["https:\/\/www.facebook.com\/positiveprintscom","https:\/\/www.instagram.com\/positiveprintscom\/","https:\/\/www.tiktok.com\/@positiveprintscom","https:\/\/www.pinterest.com\/positiveprintscom\/"]}]}},"jetpack_sharing_enabled":true,"_links":{"self":[{"href":"https:\/\/positiveprints.com\/it\/wp-json\/wp\/v2\/product\/140741","targetHints":{"allow":["GET"]}}],"collection":[{"href":"https:\/\/positiveprints.com\/it\/wp-json\/wp\/v2\/product"}],"about":[{"href":"https:\/\/positiveprints.com\/it\/wp-json\/wp\/v2\/types\/product"}],"wp:featuredmedia":[{"embeddable":true,"href":"https:\/\/positiveprints.com\/it\/wp-json\/wp\/v2\/media\/1695418"}],"wp:attachment":[{"href":"https:\/\/positiveprints.com\/it\/wp-json\/wp\/v2\/media?parent=140741"}],"wp:term":[{"taxonomy":"product_brand","embeddable":true,"href":"https:\/\/positiveprints.com\/it\/wp-json\/wp\/v2\/product_brand?post=140741"},{"taxonomy":"product_cat","embeddable":true,"href":"https:\/\/positiveprints.com\/it\/wp-json\/wp\/v2\/product_cat?post=140741"},{"taxonomy":"product_tag","embeddable":true,"href":"https:\/\/positiveprints.com\/it\/wp-json\/wp\/v2\/product_tag?post=140741"}],"curies":[{"name":"wp","href":"https:\/\/api.w.org\/{rel}","templated":true}]}}