{"id":140734,"date":"2021-07-05T12:33:17","date_gmt":"2021-07-05T11:33:17","guid":{"rendered":"https:\/\/positiveprints.com\/product\/mappa-del-nostro-primo-nido-damore\/"},"modified":"2026-04-18T08:41:51","modified_gmt":"2026-04-18T07:41:51","slug":"mappa-del-nostro-primo-nido-damore","status":"publish","type":"product","link":"https:\/\/positiveprints.com\/it\/prodotto\/mappa-del-nostro-primo-nido-damore\/","title":{"rendered":"Mappa Del Nostro Primo Nido D&#8217;Amore"},"content":{"rendered":"<p>Se casa \u00e8 dove si trova il cuore, allora non esiste modo migliore che questa Mappa Personalizzata per custodire il ricordo del vostro primo nido d&#8217;amore.<\/p>\r\n\r\n<h2 class=\"grenB f24 cblue\" style=\"margin-top: 3rem\">Cos&#8217;\u00e8 una Mappa Del Nostro Primo Nido d&#8217;Amore?<\/h2>\r\n\r\n<p style=\"margin-top: 1rem\">Ogni mappa racconta una storia. E quando si tratta di una Mappa del Nostro Primo Nido d&#8217;Amore \u00e8 una storia unica: la tua e quella della persona pi\u00f9 speciale della tua vita. Con questa mappa personalizzata puoi rappresentare il luogo esatto dove tu e la dolce met\u00e0 avete condiviso i primi giorni della vostra vita insieme.<\/p>\r\n\r\n<p style=\"margin-top: 1rem\">Nonostante la frenesia della vita di tutti i giorni, ci sono tantissimi momenti importanti che vale la pena ricordare. Uno fra tutti \u00e8 sicuramente il fatidico giorno in cui hai detto &#8220;Ho comprato casa!&#8221;. Oppure, il primo appartamento in cui hai vissuto con la persona che ami. O ancora, il luogo in cui hai dato inizio alla tua famiglia. Casa \u00e8 dove si trova il cuore, ma anche dove nascono i primi ricordi di una nuova famiglia.<\/p>\r\n\r\n<p style=\"margin-top: 1rem\">Creare una Mappa del Nostro Primo Nido d&#8217;Amore significa realizzare un&#8217;opera d&#8217;arte romantica, che contiene bei ricordi e anche un pizzico di nostalgia.<\/p>\r\n\r\n<h2 class=\"grenB f24 cblue\" style=\"margin-top: 3rem\">Casa Dolce Casa: Personalizza la Tua Mappa<\/h2>\r\n\r\n<p style=\"margin-top: 1rem\">Comprare casa \u00e8 un passo importante nella vita di ciascuno di noi. L&#8217;emozione di trasferirsi in un posto tutto nuovo ha il potere di farti notare ogni dettaglio: dal primo passo aldil\u00e0 della porta principale alla pianificazione dell&#8217;arredamento. Ecco perch\u00e9 questo poster \u00e8 il regalo ideale: dalla forma ai colori, puoi personalizzare ogni dettaglio per far in modo che ti ricordino esattamente ci\u00f2 che hai provato quando hai infilato le chiavi nel portone di casa per la prima volta.<\/p>\r\n\r\n<p style=\"margin-top: 1rem\">Creare una Mappa Personalizzata \u00e8 Facilissimo con Positive Prints.<\/p>\r\n\r\n<p style=\"margin-top: 1rem\"><em>Passaggio 1:<\/em> Seleziona il design della tua <a href=\"https:\/\/positiveprints.com\/it\/prodotto\/mappa-personalizzata\/\">mappa personalizzata<\/a>. Sai che non esiste una Mappa del Nostro Primo Nido d&#8217;Amore uguale all&#8217;altra? Grazie al nostro editor di mappe hai tutta la libert\u00e0 che vuoi per personalizzare forma e colori. Per aiutarti nella scelta troverai anche alcuni design completi. E non preoccuparti: con l&#8217;anteprima del tuo poster che si aggiorna in tempo reale, puoi tenere sotto controllo ogni modifica apportata.<\/p>\r\n\r\n<p style=\"margin-top: 1rem\"><em>Passaggio 2:<\/em> Inserisci i dettagli speciali. Ci\u00f2 che rende speciale un regalo personalizzato \u00e8 il tempo che dedichi a ogni singolo dettaglio. Con il nostro editor puoi personalizzare la tua mappa con un testo creativo. Ad esempio, potresti inserire l&#8217;indirizzo della tua prima casa, il giorno in cui vi siete trasferiti, il nome della citt\u00e0 o qualsiasi altra cosa ti aiuti a raccontare l&#8217;inizio della vostra vita insieme.<\/p>\r\n\r\n<p style=\"margin-top: 1rem\"><em>Passaggio 3:<\/em> Seleziona il formato perfetto per la tua creazione. Per stampare i nostri poster utilizziamo solo materiali professionali e di alta qualit\u00e0. Per i pi\u00f9 romantici, possiamo realizzare una stampa su tela o persino incorniciare la tua opera d&#8217;arte in una raffinata cornice. In pi\u00f9, la spedizione \u00e8 sempre in qualunque parte del mondo tu sia! Altrimenti, se hai bisogno di un regalo dell&#8217;ultimo minuto, clicca su formato digitale per scaricare la tua creazione in pochi secondi e stamparla nella tua copisteria di fiducia.<\/p>\r\n\r\n<h2 class=\"grenB f24 cblue\" style=\"margin-top: 3rem\">Casa \u00e8 Dove si Trova il Cuore<\/h2>\r\n\r\n<p style=\"margin-top: 1rem\">Se vuoi regalare qualcosa di originale, inaspettato e personalizzato, una Mappa del Nostro Primo Nido d&#8217;Amore \u00e8 la soluzione. Potresti sorprendere una coppia di amici che ha appena annunciato di aver acquistato casa. O tuo figlio che ti ha appena detto che presto andr\u00e0 a vivere da solo o insieme alla sua compagna. La prima casa \u00e8 sempre la prima casa, a qualsiasi et\u00e0 ed \u00e8 sicuramente qualcosa da festeggiare e ricordare.<br><br>Una Mappa del Nostro Primo Nido d&#8217;Amore \u00e8 perfetta da regalare in occasione di:<\/p>\r\n\r\n<ul>\r\n<li>Matrimoni<\/li>\r\n<li>Inaugurazioni<\/li>\r\n<li>Anniversari<\/li>\r\n<li>O semplicemente perch\u00e9 ti piace l&#8217;idea di un regalo personalizzato!<\/li>\r\n<\/ul>\r\n\r\n<p style=\"margin-top: 1rem\">D&#8217;altronde, questa mappa \u00e8 pur sempre un quadro con cui potrebbero decorare proprio una parete della loro prima casa. E se un giorno decideranno di trasferirsi nuovamente o cambiare citt\u00e0, rimarr\u00e0 comunque il dolce ricordo di un capitolo speciale della loro vita.<\/p>\r\n\r\n<h2 class=\"grenB f24 cblue\" style=\"margin-top: 3rem\">Crea una Mappa del Nostro Primo Nido d&#8217;Amore!<\/h2>\r\n\r\n<p style=\"margin-top: 1rem\">L&#8217;obiettivo di Positive Prints \u00e8 dare la possibilit\u00e0 a chiunque di sentirsi un artista. Secondo la nostra filosofia, tutti dovrebbero avere la possibilit\u00e0 di creare e incorniciare un quadro personalizzato creato con la propria fantasia. E allora, lasciati guidare dal nostro editor di mappe attraverso tre semplici passaggi per dare vita al poster.<\/p>\r\n\r\n<p style=\"margin-top: 1rem\">Scegli il formato digitale per ricevere la tua creazione direttamente nella tua casella di posta elettronica oppure lascia fare a noi! Per le nostre stampe utilizziamo solo carta della migliore qualit\u00e0 con risultati dai colori brillanti e resistenti. Approfitta della spedizione in tutto il mondo e ricevi a casa un quadro pronto da essere incorniciato e regalato.<\/p>\r\n\r\n<p style=\"margin-top: 1rem\">Non perdere altro tempo: crea subito una Mappa del Nostro Primo Nido d&#8217;Amore!<\/p>","protected":false},"excerpt":{"rendered":"<ul class=\"check-list\">\n<li>Indica il punto preciso con un simbolo a tua scelta<\/li>\n<li>Personalizzala in 3 semplici passaggi<\/li>\n<li>Aggiungi un testo personalizzato<\/li>\n<li>Guarda subito il risultato \u2013 l&#8217;anteprima interattiva ti permette di perfezionare ogni dettaglio<\/li>\n<\/ul>\n","protected":false},"featured_media":1694682,"template":"","meta":[],"product_brand":[],"product_cat":[8216,9763,7190,5291,8008,7688],"product_tag":[14883],"class_list":{"0":"post-140734","1":"product","2":"type-product","3":"status-publish","4":"has-post-thumbnail","6":"product_cat-per-lui","7":"product_cat-trending-label-it","8":"product_cat-map-it","9":"product_cat-regali-per-una-casa-nuova","10":"product_cat-regali-da-uomo","11":"product_cat-regali-da-donna","12":"product_tag-housewarming-it-2","14":"first","15":"instock","16":"sale","17":"taxable","18":"shipping-taxable","19":"purchasable","20":"product-type-variable"},"yoast_head":"<!-- This site is optimized with the Yoast SEO Premium plugin v27.2 (Yoast SEO v27.2) - https:\/\/yoast.com\/product\/yoast-seo-premium-wordpress\/ -->\n<title>Mappa Del Nostro Primo Nido D\u2019Amore - Positive Prints<\/title>\n<meta name=\"description\" content=\"Se casa \u00e8 dove si trova il cuore, allora non esiste modo migliore che questa mappa personalizzata per custodire il ricordo del vostro primo nido d&#039;amore.\" \/>\n<meta name=\"robots\" content=\"index, follow, max-snippet:-1, max-image-preview:large, max-video-preview:-1\" \/>\n<link rel=\"canonical\" href=\"https:\/\/positiveprints.com\/it\/prodotto\/mappa-del-nostro-primo-nido-damore\/\" \/>\n<meta property=\"og:locale\" content=\"it_IT\" \/>\n<meta property=\"og:type\" content=\"article\" \/>\n<meta property=\"og:title\" content=\"Mappa Del Nostro Primo Nido D&#039;Amore\" \/>\n<meta property=\"og:description\" content=\"Indica il punto preciso con un simbolo a tua scelta Personalizzala in 3 semplici passaggi Aggiungi un testo personalizzato Guarda subito il risultato \u2013 l&#039;anteprima interattiva ti permette di perfezionare ogni dettaglio\" \/>\n<meta property=\"og:url\" content=\"https:\/\/positiveprints.com\/it\/prodotto\/mappa-del-nostro-primo-nido-damore\/\" \/>\n<meta property=\"og:site_name\" content=\"Positive Prints\" \/>\n<meta property=\"article:publisher\" content=\"https:\/\/www.facebook.com\/positiveprintscom\" \/>\n<meta property=\"article:modified_time\" content=\"2026-04-18T07:41:51+00:00\" \/>\n<meta property=\"og:image\" content=\"https:\/\/positiveprints.com\/wp-content\/uploads\/2024\/10\/Packshot_IT_our-first-home-map-product-image.webp\" \/>\n\t<meta property=\"og:image:width\" content=\"1450\" \/>\n\t<meta property=\"og:image:height\" content=\"1450\" \/>\n\t<meta property=\"og:image:type\" content=\"image\/webp\" \/>\n<meta name=\"twitter:card\" content=\"summary_large_image\" \/>\n<meta name=\"twitter:label1\" content=\"Tempo di lettura stimato\" \/>\n\t<meta name=\"twitter:data1\" content=\"4 minuti\" \/>\n<!-- \/ Yoast SEO Premium plugin. -->","yoast_head_json":{"title":"Mappa Del Nostro Primo Nido D\u2019Amore - Positive Prints","description":"Se casa \u00e8 dove si trova il cuore, allora non esiste modo migliore che questa mappa personalizzata per custodire il ricordo del vostro primo nido d'amore.","robots":{"index":"index","follow":"follow","max-snippet":"max-snippet:-1","max-image-preview":"max-image-preview:large","max-video-preview":"max-video-preview:-1"},"canonical":"https:\/\/positiveprints.com\/it\/prodotto\/mappa-del-nostro-primo-nido-damore\/","og_locale":"it_IT","og_type":"article","og_title":"Mappa Del Nostro Primo Nido D'Amore","og_description":"Indica il punto preciso con un simbolo a tua scelta Personalizzala in 3 semplici passaggi Aggiungi un testo personalizzato Guarda subito il risultato \u2013 l'anteprima interattiva ti permette di perfezionare ogni dettaglio","og_url":"https:\/\/positiveprints.com\/it\/prodotto\/mappa-del-nostro-primo-nido-damore\/","og_site_name":"Positive Prints","article_publisher":"https:\/\/www.facebook.com\/positiveprintscom","article_modified_time":"2026-04-18T07:41:51+00:00","og_image":[{"width":1450,"height":1450,"url":"https:\/\/positiveprints.com\/wp-content\/uploads\/2024\/10\/Packshot_IT_our-first-home-map-product-image.webp","type":"image\/webp"}],"twitter_card":"summary_large_image","twitter_misc":{"Tempo di lettura stimato":"4 minuti"},"schema":{"@context":"https:\/\/schema.org","@graph":[{"@type":["WebPage","ItemPage"],"@id":"https:\/\/positiveprints.com\/it\/prodotto\/mappa-del-nostro-primo-nido-damore\/","url":"https:\/\/positiveprints.com\/it\/prodotto\/mappa-del-nostro-primo-nido-damore\/","name":"Mappa Del Nostro Primo Nido D\u2019Amore - Positive Prints","isPartOf":{"@id":"https:\/\/positiveprints.com\/it\/#website"},"primaryImageOfPage":{"@id":"https:\/\/positiveprints.com\/it\/prodotto\/mappa-del-nostro-primo-nido-damore\/#primaryimage"},"image":{"@id":"https:\/\/positiveprints.com\/it\/prodotto\/mappa-del-nostro-primo-nido-damore\/#primaryimage"},"thumbnailUrl":"https:\/\/positiveprints.com\/wp-content\/uploads\/2026\/04\/Packshot_IT_XX-Mappa-Del-Nostro-Primo-Nido-DAmore.webp","datePublished":"2021-07-05T11:33:17+00:00","dateModified":"2026-04-18T07:41:51+00:00","description":"Se casa \u00e8 dove si trova il cuore, allora non esiste modo migliore che questa mappa personalizzata per custodire il ricordo del vostro primo nido d'amore.","breadcrumb":{"@id":"https:\/\/positiveprints.com\/it\/prodotto\/mappa-del-nostro-primo-nido-damore\/#breadcrumb"},"inLanguage":"it-IT","potentialAction":[{"@type":"ReadAction","target":["https:\/\/positiveprints.com\/it\/prodotto\/mappa-del-nostro-primo-nido-damore\/"]}]},{"@type":"ImageObject","inLanguage":"it-IT","@id":"https:\/\/positiveprints.com\/it\/prodotto\/mappa-del-nostro-primo-nido-damore\/#primaryimage","url":"https:\/\/positiveprints.com\/wp-content\/uploads\/2026\/04\/Packshot_IT_XX-Mappa-Del-Nostro-Primo-Nido-DAmore.webp","contentUrl":"https:\/\/positiveprints.com\/wp-content\/uploads\/2026\/04\/Packshot_IT_XX-Mappa-Del-Nostro-Primo-Nido-DAmore.webp","width":1450,"height":1450,"caption":"Packshot_IT_XX Mappa Del Nostro Primo Nido D'Amore"},{"@type":"BreadcrumbList","@id":"https:\/\/positiveprints.com\/it\/prodotto\/mappa-del-nostro-primo-nido-damore\/#breadcrumb","itemListElement":[{"@type":"ListItem","position":1,"name":"Home","item":"https:\/\/positiveprints.com\/it\/"},{"@type":"ListItem","position":2,"name":"Prodotti","item":"https:\/\/positiveprints.com\/it\/shop\/"},{"@type":"ListItem","position":3,"name":"Mappa Del Nostro Primo Nido D\u2019Amore"}]},{"@type":"WebSite","@id":"https:\/\/positiveprints.com\/it\/#website","url":"https:\/\/positiveprints.com\/it\/","name":"Positive Prints","description":"Amazing Custom Personalized Gifts","publisher":{"@id":"https:\/\/positiveprints.com\/it\/#organization"},"potentialAction":[{"@type":"SearchAction","target":{"@type":"EntryPoint","urlTemplate":"https:\/\/positiveprints.com\/it\/?s={search_term_string}"},"query-input":{"@type":"PropertyValueSpecification","valueRequired":true,"valueName":"search_term_string"}}],"inLanguage":"it-IT"},{"@type":"Organization","@id":"https:\/\/positiveprints.com\/it\/#organization","name":"Positive Prints","alternateName":"Positive Prints","url":"https:\/\/positiveprints.com\/it\/","logo":{"@type":"ImageObject","inLanguage":"it-IT","@id":"https:\/\/positiveprints.com\/it\/#\/schema\/logo\/image\/","url":"https:\/\/positiveprints.com\/wp-content\/uploads\/2026\/03\/245815646_1337939713319158_5671353136411139666_n.png","contentUrl":"https:\/\/positiveprints.com\/wp-content\/uploads\/2026\/03\/245815646_1337939713319158_5671353136411139666_n.png","width":800,"height":800,"caption":"Positive Prints"},"image":{"@id":"https:\/\/positiveprints.com\/it\/#\/schema\/logo\/image\/"},"sameAs":["https:\/\/www.facebook.com\/positiveprintscom","https:\/\/www.instagram.com\/positiveprintscom\/","https:\/\/www.tiktok.com\/@positiveprintscom","https:\/\/www.pinterest.com\/positiveprintscom\/"]}]}},"jetpack_sharing_enabled":true,"_links":{"self":[{"href":"https:\/\/positiveprints.com\/it\/wp-json\/wp\/v2\/product\/140734","targetHints":{"allow":["GET"]}}],"collection":[{"href":"https:\/\/positiveprints.com\/it\/wp-json\/wp\/v2\/product"}],"about":[{"href":"https:\/\/positiveprints.com\/it\/wp-json\/wp\/v2\/types\/product"}],"wp:featuredmedia":[{"embeddable":true,"href":"https:\/\/positiveprints.com\/it\/wp-json\/wp\/v2\/media\/1694682"}],"wp:attachment":[{"href":"https:\/\/positiveprints.com\/it\/wp-json\/wp\/v2\/media?parent=140734"}],"wp:term":[{"taxonomy":"product_brand","embeddable":true,"href":"https:\/\/positiveprints.com\/it\/wp-json\/wp\/v2\/product_brand?post=140734"},{"taxonomy":"product_cat","embeddable":true,"href":"https:\/\/positiveprints.com\/it\/wp-json\/wp\/v2\/product_cat?post=140734"},{"taxonomy":"product_tag","embeddable":true,"href":"https:\/\/positiveprints.com\/it\/wp-json\/wp\/v2\/product_tag?post=140734"}],"curies":[{"name":"wp","href":"https:\/\/api.w.org\/{rel}","templated":true}]}}