{"id":140677,"date":"2021-03-23T08:59:16","date_gmt":"2021-03-23T07:59:16","guid":{"rendered":"https:\/\/positiveprints.com\/product\/mappa-delle-stelle-nella-notte-in-cui-ci-siamo-conosciuti\/"},"modified":"2026-04-18T09:12:48","modified_gmt":"2026-04-18T08:12:48","slug":"mappa-delle-stelle-nella-notte-in-cui-ci-siamo-conosciuti","status":"publish","type":"product","link":"https:\/\/positiveprints.com\/it\/prodotto\/mappa-delle-stelle-nella-notte-in-cui-ci-siamo-conosciuti\/","title":{"rendered":"La Sera in Cui Tutto Ebbe Inizio"},"content":{"rendered":"<p><span style=\"font-weight: 400;\">In quella sera speciale non avete lanciato uno sguardo verso le stelle? \u201cLa sera in cui tutto ebbe inizio\u201d \u00e8 la mappa perfetta per immortalare il preciso momento in cui\u00a0 l&#8217;universo si \u00e8 allineato per voi. Omaggia la vostra serata speciale, quando i vostri sguardi si sono incrociati per la prima volta.<\/span><\/p>\n<h2><b>\u201cLa sera in cui tutto ebbe inizio\u201d \u00e8 una Mappa che Cattura un Magico Momento<\/b><\/h2>\n<p><span style=\"font-weight: 400;\">Ripensi mai al momento in cui hai incontrato la tua anima gemella? Pensa a tutti i momenti che avete vissuto insieme e a quanta strada avete fatto per arrivare dove siete ora. Qualcuno dir\u00e0 che \u00e8 stato solo un caso, altri invece lo chiamano destino. In qualunque caso, quel magico momento pu\u00f2 essere catturato con le stelle. Ecco perch\u00e9 la Mappa \u201cLa sera in cui tutto ebbe inizio\u201d diventa un regalo prezioso.<\/span><\/p>\n<p><span style=\"font-weight: 400;\">Mettiamola cos\u00ec: spesso \u00e8 difficile rendersi conto di aver incontrato la persona giusta. Ma la cosa pi\u00f9 importante \u00e8 riuscire a omaggiare la bellezza e la profondit\u00e0 di quell\u2019amore che dura da cos\u00ec tanto.<\/span><\/p>\n<h2><b>Cosa rappresenta la Mappa \u201cLa sera in cui tutto ebbe inizio\u201d?<\/b><\/h2>\n<p><span style=\"font-weight: 400;\">Il cielo notturno diventa uno straordinario dipinto ma \u00e8 in continua evoluzione: le stelle, i pianeti, le costellazioni e gli altri corpi celesti sono sempre in movimento. Se due persone decidono di guardare le stelle nello stesso giorno e alla stessa ora, ma in due punti diversi del pianeta, il loro cielo apparir\u00e0 completamente diverso. Il cielo che vedi in Spagna \u00e8 diverso da quello che vedi in Australia, per capirci! Ecco perch\u00e9 questa Mappa delle Stelle \u00e8 cos\u00ec speciale.<\/span><\/p>\n<p><span style=\"font-weight: 400;\">Grazie all&#8217;avanzata tecnologia del nostro editor, puoi inserire un orario, una data e un luogo per ricreare l&#8217;esatto aspetto che aveva il cielo notturno in quel momento e in un preciso luogo. La personalizzazione \u00e8 un plus che rende \u201cLa sera in cui tutto ebbe inizio\u201d unica e piena di emozioni.\u00a0<\/span><\/p>\n<p><span style=\"font-weight: 400;\">Potrai cos\u00ec rivivere la notte del vostro primo appuntamento come un ricordo romantico di quell\u2019attimo che ti ha cambiato la vita per sempre.\u00a0<\/span><\/p>\n<h2><b>Perch\u00e9 Creare una Mappa delle Stelle?<\/b><\/h2>\n<p><span style=\"font-weight: 400;\">Se vuoi regalare qualcosa di originale, inaspettato e personalizzato, Positive Prints \u00e8 il sito web giusto per te. Il nostro obiettivo \u00e8 infatti quello di costruire Mappe Stellari realizzate per essere regalate, ma anche per emozionare diverse tipologie di pubblico, lasciando tutti senza parole. In particolare la tua dolce met\u00e0!<\/span><\/p>\n<p><span style=\"font-weight: 400;\">Per stampare i nostri poster utilizziamo solo materiali professionali e di alta qualit\u00e0, cos\u00ec da creare una stampa su tela, con o senza cornice raffinata. Siamo certi che la qualit\u00e0 delle nostre stampe far\u00e0 un figurone sulle tue pareti.<\/span><\/p>\n<p><span style=\"font-weight: 400;\">Le nostre stampe personalizzate sono il regalo perfetto per qualsiasi occasione, tra cui:<\/span><\/p>\n<ul>\n<li style=\"font-weight: 400;\" aria-level=\"1\"><span style=\"font-weight: 400;\">Compleanni<\/span><\/li>\n<li style=\"font-weight: 400;\" aria-level=\"1\"><span style=\"font-weight: 400;\">Fidanzamenti<\/span><\/li>\n<li style=\"font-weight: 400;\" aria-level=\"1\"><span style=\"font-weight: 400;\">Anniversari di matrimonio<\/span><\/li>\n<li style=\"font-weight: 400;\" aria-level=\"1\"><span style=\"font-weight: 400;\">Regali di nozze<\/span><\/li>\n<li style=\"font-weight: 400;\" aria-level=\"1\"><span style=\"font-weight: 400;\">Natale<\/span><\/li>\n<li style=\"font-weight: 400;\" aria-level=\"1\"><a href=\"https:\/\/it.wikipedia.org\/wiki\/Chanukkah\"><span style=\"font-weight: 400;\">Hanukkah<\/span><\/a><\/li>\n<li style=\"font-weight: 400;\" aria-level=\"1\"><span style=\"font-weight: 400;\">San Valentino<\/span><\/li>\n<li style=\"font-weight: 400;\" aria-level=\"1\"><span style=\"font-weight: 400;\">O semplicemente perch\u00e9 ti piace l&#8217;idea di un regalo personalizzato!<\/span><\/li>\n<\/ul>\n<p><span style=\"font-weight: 400;\">D&#8217;altronde non esiste un momento sbagliato per dimostrare alla tua anima gemella tutto l&#8217;amore che provi e la felicit\u00e0 nell&#8217;averla incontrata.<\/span><\/p>\n<h2><b>Come Trasformare un Cielo Stellato in un Poster<\/b><\/h2>\n<p><span style=\"font-weight: 400;\">Per creare la tua Mappa \u201cLa sera in cui tutto ebbe inizio\u201d non hai bisogno di essere un artista. Il nostro editor \u00e8 intuitivo e ti aiuta a personalizzare il tuo poster in soli 3 passaggi.\u00a0<\/span><\/p>\n<p><span style=\"font-weight: 400;\">Innanzitutto, durante la creazione guidata della tua mappa, devi selezionare la dimensione che preferisci, la forma che vuoi dare alla stampa, la quantit\u00e0 dei dettagli che vuoi far apparire sulla mappa come i pianeti, le stelle, le costellazione e la Via Lattea. Per ottenere un&#8217;accurata rappresentazione delle stelle, inserisci anche la posizione geografica, la data e l&#8217;ora.<\/span><\/p>\n<p><span style=\"font-weight: 400;\">Successivamente puoi aggiungere un messaggio, una frase romantica, una strofa di una canzone o qualsiasi altro dettaglio che dar\u00e0 ancora pi\u00f9 significato alla tua stampa.<\/span><\/p>\n<p><span style=\"font-weight: 400;\">E dopo ogni modifica, dai uno sguardo all&#8217;anteprima in tempo reale cos\u00ec da verificare che il tuo poster sia proprio come l&#8217;avevi immaginato!<\/span><\/p>\n<h2><b>Sorprendi la Tua Dolce Met\u00e0 con la Mappa de \u201cLa sera in cui tutto ebbe inizio\u201d!<\/b><\/h2>\n<p><span style=\"font-weight: 400;\">La sera in cui tutto ebbe inizio \u00e8 una mappa inaspettata e unica nel suo genere. Ti aiuter\u00e0 a conquistare il cuore della tua anima gemella con un regalo facile da realizzare, ma dall&#8217;immenso significato.<\/span><\/p>\n<p><span style=\"font-weight: 400;\">Racconta la tua storia d&#8217;amore con una Mappa delle Stelle, facile da creare e immediata!<\/span><\/p><h2 class=\"wp-block-heading\" id=\"h-domande-poste-frequentemente\"><strong>Domande Poste Frequentemente<\/strong><\/h2><details class=\"wp-block-details is-layout-flow wp-block-details-is-layout-flow\"><summary><strong>Cos&#8217;\u00e8 la Mappa Stellare &#8220;La sera in cui tutto ebbe inizio&#8221;?<\/strong><\/summary><p>La sera in cui tutto ebbe inizio \u00e8 una mappa che mostra come si presentava il cielo nel momento del vostro primo incontro. Di conseguenza, immortala come l&#8217;universo si \u00e8 allineato per voi.\u200b<\/p><\/details><details class=\"wp-block-details is-layout-flow wp-block-details-is-layout-flow\"><summary><strong>\u00c8 una mappa stellare personalizzata?<\/strong><\/summary><p>S\u00ec, ogni mappa \u00e8 completamente personalizzata. Infatti si basa su dati astronomici reali per ricreare il cielo notturno. Inoltre, ti permette di aggiungere pianeti, costellazioni e Via Lattea, ammirando l\u2019effetto finale attraverso l&#8217;anteprima interattiva aggiornata in tempo reale.<\/p><\/details><details class=\"wp-block-details is-layout-flow wp-block-details-is-layout-flow\"><summary><strong>Perch\u00e9 \u00e8 il regalo perfetto per le coppie?<\/strong><\/summary><p>\u00c8 il regalo perfetto perch\u00e9 cattura un momento magico che ha cambiato la vostra vita e riesce a offrire un significato davvero profondo e inaspettato. Di conseguenza diventa un ricordo prezioso capace di conquistare il cuore di tutti gli innamorati.<\/p><\/details><details class=\"wp-block-details is-layout-flow wp-block-details-is-layout-flow\"><summary><strong>Come creare la mia Mappa Stellare &#8220;La sera in cui tutto ebbe inizio&#8221;?<\/strong><\/summary><p>Creare la tua mappa richiede solo 3 passaggi: innanzitutto, selezioni design, forma e colori preferiti. Successivamente, inserisci la posizione geografica, la data e l\u2019ora esatte con testo personalizzato. Infine, scegli il formato di stampa desiderato.\u200b<\/p><\/details><details class=\"wp-block-details is-layout-flow wp-block-details-is-layout-flow\"><summary><strong>Per quali occasioni \u00e8 perfetta questa mappa?<\/strong><\/summary><p>Questa mappa \u00e8 perfetta per compleanni, fidanzamenti, anniversari e San Valentino. Inoltre, \u00e8 ideale per Natale, regali di nozze o semplicemente per sorprendere chi ami, celebrando la vostra storia d&#8217;amore.\u200b<\/p><\/details><details class=\"wp-block-details is-layout-flow wp-block-details-is-layout-flow\"><summary><strong>In quanto tempo posso ricevere la mia mappa?<\/strong><\/summary><p>Per un regalo immediato, scegli il nostro download digitale di un file JPEG ad alta risoluzione (300 dpi) che puoi stampare autonomamente. Per un prodotto completo invece scegli stampa e spedizione offerte dai nostri centri situati in Australia, Canada, Stati Uniti, Regno Unito ed Europa. Bastano pochi giorni!<\/p><\/details>","protected":false},"excerpt":{"rendered":"<ul class=\"check-list\">\n<li>Aggiungi pianeti, costellazioni e la Via Lattea<\/li>\n<li>Personalizzala in 3 semplici passaggi<\/li>\n<li>Aggiungi un testo personalizzato<\/li>\n<li>Guarda subito il risultato \u2013 l&#8217;anteprima interattiva ti permette di perfezionare ogni dettaglio<\/li>\n<\/ul>\n","protected":false},"featured_media":1424638,"template":"","meta":[],"product_brand":[],"product_cat":[9277,8191,8216,9763,5331,11182,11181,11183,5269,11425,11426,11424,11418,11432,11427,8008,7673,7688,7784,7800,4448,5315,11244],"product_tag":[14889,15453,11802,11754,11798,11768,11796,11800,11799,11801],"class_list":{"0":"post-140677","1":"product","2":"type-product","3":"status-publish","4":"has-post-thumbnail","6":"product_cat-bestsellers-label-it","7":"product_cat-per-lei","8":"product_cat-per-lui","9":"product_cat-trending-label-it","10":"product_cat-regali-di-anniversario","11":"product_cat-regali-di-anniversario-per-coppie","12":"product_cat-regali-di-anniversario-per-lei","13":"product_cat-regali-di-anniversario-per-lui","14":"product_cat-regali-di-natale","15":"product_cat-regali-di-natale-per-lei","16":"product_cat-regali-di-natale-per-lui","17":"product_cat-regali-di-natale-per-la-fidanzata","18":"product_cat-regali-di-natale-per-il-fidanzato","19":"product_cat-regali-di-natale-per-la-moglie","20":"product_cat-regali-di-natale-per-il-marito","21":"product_cat-regali-da-uomo","22":"product_cat-regali-per-il-fidanzato","23":"product_cat-regali-da-donna","24":"product_cat-regali-per-la-fidanzata","25":"product_cat-regali-per-una-coppia","26":"product_cat-star-it-2","27":"product_cat-regali-di-san-valentino","28":"product_cat-regali-di-san-valentino-per-lui","29":"product_tag-anniversary-it-2","30":"product_tag-il-cielo-in-cui-ci-siamo-incontrati","31":"product_tag-regali-di-natale-per-donne","32":"product_tag-regali-di-natale-per-il-fidanzato","33":"product_tag-regali-di-natale-per-il-marito","34":"product_tag-regali-di-natale-per-la-fidanzata","35":"product_tag-regali-di-natale-per-la-moglie","36":"product_tag-regali-di-natale-per-lei","37":"product_tag-regali-di-natale-per-lui","38":"product_tag-regali-di-natale-per-uomini","40":"first","41":"instock","42":"sale","43":"taxable","44":"shipping-taxable","45":"purchasable","46":"product-type-variable"},"yoast_head":"<!-- This site is optimized with the Yoast SEO Premium plugin v27.2 (Yoast SEO v27.2) - https:\/\/yoast.com\/product\/yoast-seo-premium-wordpress\/ -->\n<title>La Sera in Cui Tutto Ebbe Inizio - Positive Prints<\/title>\n<meta name=\"description\" content=\"La Sera in Cui Tutto Ebbe Inizio \u00e8 il modo pi\u00f9 dolce e romantico per ricordare il giorno in cui i vostri sguardi si sono incrociati.\" \/>\n<meta name=\"robots\" content=\"index, follow, max-snippet:-1, max-image-preview:large, max-video-preview:-1\" \/>\n<link rel=\"canonical\" href=\"https:\/\/positiveprints.com\/it\/prodotto\/mappa-delle-stelle-nella-notte-in-cui-ci-siamo-conosciuti\/\" \/>\n<meta property=\"og:locale\" content=\"it_IT\" \/>\n<meta property=\"og:type\" content=\"article\" \/>\n<meta property=\"og:title\" content=\"La Sera in Cui Tutto Ebbe Inizio\" \/>\n<meta property=\"og:description\" content=\"Aggiungi pianeti, costellazioni e la Via Lattea  Personalizzala in 3 semplici passaggi  Aggiungi un testo personalizzato  Guarda subito il risultato \u2013 l&#039;anteprima interattiva ti permette di perfezionare ogni dettaglio\" \/>\n<meta property=\"og:url\" content=\"https:\/\/positiveprints.com\/it\/prodotto\/mappa-delle-stelle-nella-notte-in-cui-ci-siamo-conosciuti\/\" \/>\n<meta property=\"og:site_name\" content=\"Positive Prints\" \/>\n<meta property=\"article:publisher\" content=\"https:\/\/www.facebook.com\/positiveprintscom\" \/>\n<meta property=\"article:modified_time\" content=\"2026-04-18T08:12:48+00:00\" \/>\n<meta property=\"og:image\" content=\"https:\/\/positiveprints.com\/wp-content\/uploads\/2025\/05\/La-Sera-in-Cui-Tutto-Ebbe-Inizio-1.webp\" \/>\n\t<meta property=\"og:image:width\" content=\"1450\" \/>\n\t<meta property=\"og:image:height\" content=\"1450\" \/>\n\t<meta property=\"og:image:type\" content=\"image\/webp\" \/>\n<meta name=\"twitter:card\" content=\"summary_large_image\" \/>\n<meta name=\"twitter:label1\" content=\"Tempo di lettura stimato\" \/>\n\t<meta name=\"twitter:data1\" content=\"5 minuti\" \/>\n<!-- \/ Yoast SEO Premium plugin. -->","yoast_head_json":{"title":"La Sera in Cui Tutto Ebbe Inizio - Positive Prints","description":"La Sera in Cui Tutto Ebbe Inizio \u00e8 il modo pi\u00f9 dolce e romantico per ricordare il giorno in cui i vostri sguardi si sono incrociati.","robots":{"index":"index","follow":"follow","max-snippet":"max-snippet:-1","max-image-preview":"max-image-preview:large","max-video-preview":"max-video-preview:-1"},"canonical":"https:\/\/positiveprints.com\/it\/prodotto\/mappa-delle-stelle-nella-notte-in-cui-ci-siamo-conosciuti\/","og_locale":"it_IT","og_type":"article","og_title":"La Sera in Cui Tutto Ebbe Inizio","og_description":"Aggiungi pianeti, costellazioni e la Via Lattea  Personalizzala in 3 semplici passaggi  Aggiungi un testo personalizzato  Guarda subito il risultato \u2013 l'anteprima interattiva ti permette di perfezionare ogni dettaglio","og_url":"https:\/\/positiveprints.com\/it\/prodotto\/mappa-delle-stelle-nella-notte-in-cui-ci-siamo-conosciuti\/","og_site_name":"Positive Prints","article_publisher":"https:\/\/www.facebook.com\/positiveprintscom","article_modified_time":"2026-04-18T08:12:48+00:00","og_image":[{"width":1450,"height":1450,"url":"https:\/\/positiveprints.com\/wp-content\/uploads\/2025\/05\/La-Sera-in-Cui-Tutto-Ebbe-Inizio-1.webp","type":"image\/webp"}],"twitter_card":"summary_large_image","twitter_misc":{"Tempo di lettura stimato":"5 minuti"},"schema":{"@context":"https:\/\/schema.org","@graph":[{"@type":["WebPage","ItemPage"],"@id":"https:\/\/positiveprints.com\/it\/prodotto\/mappa-delle-stelle-nella-notte-in-cui-ci-siamo-conosciuti\/","url":"https:\/\/positiveprints.com\/it\/prodotto\/mappa-delle-stelle-nella-notte-in-cui-ci-siamo-conosciuti\/","name":"La Sera in Cui Tutto Ebbe Inizio - Positive Prints","isPartOf":{"@id":"https:\/\/positiveprints.com\/it\/#website"},"primaryImageOfPage":{"@id":"https:\/\/positiveprints.com\/it\/prodotto\/mappa-delle-stelle-nella-notte-in-cui-ci-siamo-conosciuti\/#primaryimage"},"image":{"@id":"https:\/\/positiveprints.com\/it\/prodotto\/mappa-delle-stelle-nella-notte-in-cui-ci-siamo-conosciuti\/#primaryimage"},"thumbnailUrl":"https:\/\/positiveprints.com\/wp-content\/uploads\/2025\/05\/La-Sera-in-Cui-Tutto-Ebbe-Inizio-1.webp","datePublished":"2021-03-23T07:59:16+00:00","dateModified":"2026-04-18T08:12:48+00:00","description":"La Sera in Cui Tutto Ebbe Inizio \u00e8 il modo pi\u00f9 dolce e romantico per ricordare il giorno in cui i vostri sguardi si sono incrociati.","breadcrumb":{"@id":"https:\/\/positiveprints.com\/it\/prodotto\/mappa-delle-stelle-nella-notte-in-cui-ci-siamo-conosciuti\/#breadcrumb"},"inLanguage":"it-IT","potentialAction":[{"@type":"ReadAction","target":["https:\/\/positiveprints.com\/it\/prodotto\/mappa-delle-stelle-nella-notte-in-cui-ci-siamo-conosciuti\/"]}]},{"@type":"ImageObject","inLanguage":"it-IT","@id":"https:\/\/positiveprints.com\/it\/prodotto\/mappa-delle-stelle-nella-notte-in-cui-ci-siamo-conosciuti\/#primaryimage","url":"https:\/\/positiveprints.com\/wp-content\/uploads\/2025\/05\/La-Sera-in-Cui-Tutto-Ebbe-Inizio-1.webp","contentUrl":"https:\/\/positiveprints.com\/wp-content\/uploads\/2025\/05\/La-Sera-in-Cui-Tutto-Ebbe-Inizio-1.webp","width":1450,"height":1450},{"@type":"BreadcrumbList","@id":"https:\/\/positiveprints.com\/it\/prodotto\/mappa-delle-stelle-nella-notte-in-cui-ci-siamo-conosciuti\/#breadcrumb","itemListElement":[{"@type":"ListItem","position":1,"name":"Home","item":"https:\/\/positiveprints.com\/it\/"},{"@type":"ListItem","position":2,"name":"Prodotti","item":"https:\/\/positiveprints.com\/it\/shop\/"},{"@type":"ListItem","position":3,"name":"La Sera in Cui Tutto Ebbe Inizio"}]},{"@type":"WebSite","@id":"https:\/\/positiveprints.com\/it\/#website","url":"https:\/\/positiveprints.com\/it\/","name":"Positive Prints","description":"Amazing Custom Personalized Gifts","publisher":{"@id":"https:\/\/positiveprints.com\/it\/#organization"},"potentialAction":[{"@type":"SearchAction","target":{"@type":"EntryPoint","urlTemplate":"https:\/\/positiveprints.com\/it\/?s={search_term_string}"},"query-input":{"@type":"PropertyValueSpecification","valueRequired":true,"valueName":"search_term_string"}}],"inLanguage":"it-IT"},{"@type":"Organization","@id":"https:\/\/positiveprints.com\/it\/#organization","name":"Positive Prints","alternateName":"Positive Prints","url":"https:\/\/positiveprints.com\/it\/","logo":{"@type":"ImageObject","inLanguage":"it-IT","@id":"https:\/\/positiveprints.com\/it\/#\/schema\/logo\/image\/","url":"https:\/\/positiveprints.com\/wp-content\/uploads\/2026\/03\/245815646_1337939713319158_5671353136411139666_n.png","contentUrl":"https:\/\/positiveprints.com\/wp-content\/uploads\/2026\/03\/245815646_1337939713319158_5671353136411139666_n.png","width":800,"height":800,"caption":"Positive Prints"},"image":{"@id":"https:\/\/positiveprints.com\/it\/#\/schema\/logo\/image\/"},"sameAs":["https:\/\/www.facebook.com\/positiveprintscom","https:\/\/www.instagram.com\/positiveprintscom\/","https:\/\/www.tiktok.com\/@positiveprintscom","https:\/\/www.pinterest.com\/positiveprintscom\/"]}]}},"jetpack_sharing_enabled":true,"_links":{"self":[{"href":"https:\/\/positiveprints.com\/it\/wp-json\/wp\/v2\/product\/140677","targetHints":{"allow":["GET"]}}],"collection":[{"href":"https:\/\/positiveprints.com\/it\/wp-json\/wp\/v2\/product"}],"about":[{"href":"https:\/\/positiveprints.com\/it\/wp-json\/wp\/v2\/types\/product"}],"wp:featuredmedia":[{"embeddable":true,"href":"https:\/\/positiveprints.com\/it\/wp-json\/wp\/v2\/media\/1424638"}],"wp:attachment":[{"href":"https:\/\/positiveprints.com\/it\/wp-json\/wp\/v2\/media?parent=140677"}],"wp:term":[{"taxonomy":"product_brand","embeddable":true,"href":"https:\/\/positiveprints.com\/it\/wp-json\/wp\/v2\/product_brand?post=140677"},{"taxonomy":"product_cat","embeddable":true,"href":"https:\/\/positiveprints.com\/it\/wp-json\/wp\/v2\/product_cat?post=140677"},{"taxonomy":"product_tag","embeddable":true,"href":"https:\/\/positiveprints.com\/it\/wp-json\/wp\/v2\/product_tag?post=140677"}],"curies":[{"name":"wp","href":"https:\/\/api.w.org\/{rel}","templated":true}]}}