{"id":140667,"date":"2021-07-22T16:35:42","date_gmt":"2021-07-22T15:35:42","guid":{"rendered":"https:\/\/positiveprints.com\/product\/poster-con-coordinate\/"},"modified":"2026-04-18T08:37:08","modified_gmt":"2026-04-18T07:37:08","slug":"poster-con-coordinate","status":"publish","type":"product","link":"https:\/\/positiveprints.com\/it\/prodotto\/poster-con-coordinate\/","title":{"rendered":"Poster con Coordinate"},"content":{"rendered":"<p>Un poster con coordinate \u00e8 un&#8217;opera d&#8217;arte che rende omaggio al luogo pi\u00f9 speciale della tua vita. Tutti abbiamo lasciato un pezzo del nostro cuore da qualche parte nel mondo! Crea una mappa personalizzata per ricordare la citt\u00e0 o il Paese dei tuoi sogni.<\/p>\r\n<h2 class=\"grenB f24 cblue\" style=\"margin-top: 3rem\">Trasforma i Tuoi Ricordi in un Poster con Coordinate<\/h2>\r\n<p style=\"margin-top: 1rem\">Qualunque sia il tuo luogo del cuore, un poster con coordinate ti aiuter\u00e0 a ricordarlo per sempre con affetto.<\/p>\r\n<h2 class=\"grenB f24 cblue\" style=\"margin-top: 3rem\">Ma cos&#8217;\u00e8 un poster con coordinate?<\/h2>\r\n<p style=\"margin-top: 1rem\">Per individuare la posizione di un punto esatto sul nostro fantastico pianeta, abbiamo bisogno di alcuni valori chiamati coordinate geografiche. Esse rappresentano la <a href=\"https:\/\/www.nationalgeographic.org\/activity\/introduction-latitude-longitude\/\">longitudine e latitudine<\/a>, e il bello \u00e8 che sono come un linguaggio universale: non importa da dove vieni n\u00e9 dove stai andando perch\u00e9 le coordinate dei tuoi luoghi speciali sono le stesse in qualsiasi lingua.<\/p>\r\n<p style=\"margin-top: 1rem\">Un poster con le coordinate prende la posizione esatta dei tuoi luoghi del cuore e la trasforma in un&#8217;opera d&#8217;arte da appendere al muro. Uniche nel loro genere, le nostre stampe vengono realizzate su ordinazione e riflettono esattamente le coordinate che scegli di inserire. Stampate su carta di altissima qualit\u00e0, sono pronte per essere incorniciate: i loro colori vividi e accesi decoreranno la tua parete per anni e anni.<\/p>\r\n<p style=\"margin-top: 1rem\">Un poster con coordinate \u00e8 perfetto per decorare soggiorni, camere da letto, uffici, camerette dei bambini o qualsiasi parete che abbia bisogno di un tocco di colore. Ogni volta che i tuoi occhi si fermeranno sul poster, ti ricorderai di quel luogo speciale che ti fa battere il cuore.<\/p>\r\n<h2 class=\"grenB f24 cblue\" style=\"margin-top: 3rem\">Perch\u00e9 un Poster con Coordinate \u00e8 Cos\u00ec Speciale?<\/h2>\r\n<p style=\"margin-top: 1rem\">Ogni parete della tua casa \u00e8 come una tela bianca che aspetta di essere decorata. Per alcuni, questo significa aggiungere quadri o decorazioni comprate in un qualsiasi negozio di arredamento. Per altri, \u00e8 un&#8217;occasione irripetibile per aggiungere un tocco di personalit\u00e0 alle mura di casa e circondarsi di decorazioni con un significato speciale.<\/p>\r\n<p style=\"margin-top: 1rem\">Questa \u00e8 la magia di un poster con coordinate. Chiunque desideri una delle nostre stampe \u00e8 una persona che apprezza la creativit\u00e0 e l&#8217;originalit\u00e0 dell&#8217;arte, ma non ha abbastanza tempo per dipingere o creare un quadro da zero. Con i nostri strumenti online, intuitivi e facili da utilizzare, riuscirai a realizzare un poster tutto tuo anche se non sei un designer o un artista.<\/p>\r\n<p style=\"margin-top: 1rem\">Il risultato finale sembrer\u00e0 una creazione su cui hai speso ore di ricerche e settimane di progettazione. Ma in realt\u00e0, i passaggi richiedono solo pochi minuti.<\/p>\r\n<p style=\"margin-top: 1rem\">Puoi creare un poster con le coordinate del luogo in cui hai pronunciato il tuo fatidico &#8220;S\u00ec&#8221;, la casa dove hai passato l&#8217;infanzia, l&#8217;azienda in cui hai ottenuto il tuo primo lavoro, l&#8217;universit\u00e0 in cui hai studiato o qualsiasi altro luogo abbia un significato speciale per te. Trasforma le tue coordinate in poster da parete per catturare i tuoi momenti pi\u00f9 preziosi e trasformarli in ricordi che dureranno una vita.<\/p>\r\n<h2 class=\"grenB f24 cblue\" style=\"margin-top: 3rem\">Poster Con Coordinate: un&#8217;Idea Regalo Originale<\/h2>\r\n<p style=\"margin-top: 1rem\">Per chi ama sorprendere i propri cari con regali creativi e inaspettati, un poster personalizzato \u00e8 l&#8217;idea migliore. Dopotutto un regalo significa proprio questo \u2014 donare a qualcuno qualcosa che non ha e che magari non comprerebbe mai per se!<\/p>\r\n<p>I nostri poster da regalare hanno tutte le caratteristiche di cui hai bisogno:<\/p>\r\n<ul>\r\n<li>Originali e creativi<\/li>\r\n<li>Unici nel loro genere<\/li>\r\n<li>Personalizzabili<\/li>\r\n<li>Completamente inaspettati<\/li>\r\n<li>Sorprendono sempre<\/li>\r\n<\/ul>\r\n<p style=\"margin-top: 1rem\">Sai quando vai in un negozio e prendi qualcosa dallo scaffale per fare un regalo a qualcuno? Ecco, regalare un poster personalizzato \u00e8 qualcosa di completamente diverso. L&#8217;attenzione e la cura che hai messo nel realizzarlo non passeranno inosservate. La persona a cui lo regalerai si accorger\u00e0 subito del tempo che hai impiegato per realizzarlo e dell&#8217;idea originale che hai avuto.<\/p>\r\n<p style=\"margin-top: 1rem\">Un poster con le coordinate \u00e8 il regalo perfetto per qualsiasi occasione: anniversari, matrimoni, fidanzamenti, compleanni, viaggi di nozze, lauree, inaugurazioni, nuovi inizi, pensionamenti e per tutti i momenti pi\u00f9 importanti della vita. Gli appassionati di viaggi o chiunque abbia un legame speciale con un luogo preciso, non riusciranno a trattenere l&#8217;emozione alla vista di quest&#8217;opera d&#8217;arte.<\/p>\r\n<p style=\"margin-top: 1rem\">Per tutti i nostri poster personalizzati utilizziamo solo carta di altissima qualit\u00e0: cos\u00ec puoi goderti una stampa dai colori brillanti e che non sbiadiscono col tempo. Ogni stampa arriva pronta da essere incorniciata o regalata. Se stai cercando un regalo dell&#8217;ultimo minuto, ti consigliamo di scegliere il formato digitale per ricevere e scaricare la tua creazione in pochi secondi, direttamente dal tuo indirizzo email.<br>Consegna il tuo file digitale alla tipografia pi\u00f9 vicina per stampare e regalare la tua creazione.<\/p>\r\n<h2 class=\"grenB f24 cblue\" style=\"margin-top: 3rem\">Come si Crea una Poster con Coordinate?<\/h2>\r\n<p style=\"margin-top: 1rem\">Tutti dovrebbero avere la possibilit\u00e0 di liberare la propria creativit\u00e0. E con <a href=\"https:\/\/positiveprints.com\/\">Positive Prints<\/a> \u00e8 proprio questo il nostro obiettivo \u2014 rendere il processo creativo il pi\u00f9 facile possibile. Per creare uno dei nostri poster personalizzati bastano solo tre passaggi!<\/p>\r\n<p style=\"margin-top: 1rem\">Per prima cosa, scegli le tue coordinate speciali e lascia che il nostro editor trovi la posizione esatta da inserire nel tuo poster. Seleziona la combinazione di colori che preferisci tra quelle disponibili o crea la tua palette personale. Aggiungi una frase per condividere la magia del luogo che hai scelto di rappresentare sulla mappa e ricorda di prenderti tutta la libert\u00e0 che vuoi per raccontare la sua storia!<\/p>\r\n<p style=\"margin-top: 1rem\">Ogni volta che apporti una modifica, tieni sott&#8217;occhio l&#8217;anteprima in tempo reale per verificare che il tuo poster sia proprio come l&#8217;avevi immaginato. Se vuoi appendere la tua creazione su una parete, non preoccuparti: le nostre stampe hanno dimensioni standard e si adattano a cornici facili da trovare.<\/p>\r\n<p style=\"margin-top: 1rem\">Una volta aggiunti tutti i dettagli, ci prenderemo cura della stampa e della spedizione (a in tutto il mondo!) oppure seleziona il formato digitale per ricevere un link di download diretto.<\/p>\r\n<h2 class=\"grenB f24 cblue\" style=\"margin-top: 3rem\">Crea il Tuo Poster con Coordinate: Inizia da Qui<\/h2>\r\n<p style=\"margin-top: 1rem\">Che tu voglia decorare la tua casa raccontando un pezzo della tua vita o creare un regalo inaspettato per una persona speciale, i nostri poster personalizzati con coordinate geografiche sono la scelta perfetta.<\/p>\r\n<p style=\"margin-top: 1rem\">E ora che \u00e8 tutto pronto per trasformare la citt\u00e0 dei tuoi sogni in un&#8217;opera d&#8217;arte, non ti resta che utilizzare il nostro tool online e dare subito inizio al poster con coordinate!<\/p>","protected":false},"excerpt":{"rendered":"<ul class=\"check-list\">\n<li>Aggiungi un testo personalizzato<\/li>\n<li>Personalizzala in 3 semplici passaggi<\/li>\n<li>Scegli un template o dai sfogo alla fantasia<\/li>\n<li>Guarda subito il risultato \u2013 l&#8217;anteprima interattiva ti permette di perfezionare ogni dettaglio<\/li>\n<\/ul>\n","protected":false},"featured_media":1477838,"template":"","meta":[],"product_brand":[],"product_cat":[7170,4428,8246],"product_tag":[14884],"class_list":{"0":"post-140667","1":"product","2":"type-product","3":"status-publish","4":"has-post-thumbnail","6":"product_cat-coordinates-it","7":"product_cat-creators-it-2","8":"product_cat-digital-products-it","9":"product_tag-creators-it-2","11":"first","12":"instock","13":"sale","14":"taxable","15":"shipping-taxable","16":"purchasable","17":"product-type-variable"},"yoast_head":"<!-- This site is optimized with the Yoast SEO Premium plugin v27.2 (Yoast SEO v27.2) - https:\/\/yoast.com\/product\/yoast-seo-premium-wordpress\/ -->\n<title>Poster Con Coordinate - Positive Prints<\/title>\n<meta name=\"description\" content=\"Qualunque sia il tuo posto nel mondo, ora puoi trasformarlo in uno splendido poster con coordinate. Crea un poster personalizzato con la citt\u00e0 dei tuoi sogni!\" \/>\n<meta name=\"robots\" content=\"index, follow, max-snippet:-1, max-image-preview:large, max-video-preview:-1\" \/>\n<link rel=\"canonical\" href=\"https:\/\/positiveprints.com\/it\/prodotto\/poster-con-coordinate\/\" \/>\n<meta property=\"og:locale\" content=\"it_IT\" \/>\n<meta property=\"og:type\" content=\"article\" \/>\n<meta property=\"og:title\" content=\"Poster con Coordinate\" \/>\n<meta property=\"og:description\" content=\"Aggiungi un testo personalizzato Personalizzala in 3 semplici passaggi Scegli un template o dai sfogo alla fantasia Guarda subito il risultato \u2013 l&#039;anteprima interattiva ti permette di perfezionare ogni dettaglio\" \/>\n<meta property=\"og:url\" content=\"https:\/\/positiveprints.com\/it\/prodotto\/poster-con-coordinate\/\" \/>\n<meta property=\"og:site_name\" content=\"Positive Prints\" \/>\n<meta property=\"article:publisher\" content=\"https:\/\/www.facebook.com\/positiveprintscom\" \/>\n<meta property=\"article:modified_time\" content=\"2026-04-18T07:37:08+00:00\" \/>\n<meta property=\"og:image\" content=\"https:\/\/positiveprints.com\/wp-content\/uploads\/2022\/05\/regali-con-coordinate-geografiche.jpg\" \/>\n\t<meta property=\"og:image:width\" content=\"1080\" \/>\n\t<meta property=\"og:image:height\" content=\"1080\" \/>\n\t<meta property=\"og:image:type\" content=\"image\/jpeg\" \/>\n<meta name=\"twitter:card\" content=\"summary_large_image\" \/>\n<meta name=\"twitter:label1\" content=\"Tempo di lettura stimato\" \/>\n\t<meta name=\"twitter:data1\" content=\"5 minuti\" \/>\n<!-- \/ Yoast SEO Premium plugin. -->","yoast_head_json":{"title":"Poster Con Coordinate - Positive Prints","description":"Qualunque sia il tuo posto nel mondo, ora puoi trasformarlo in uno splendido poster con coordinate. Crea un poster personalizzato con la citt\u00e0 dei tuoi sogni!","robots":{"index":"index","follow":"follow","max-snippet":"max-snippet:-1","max-image-preview":"max-image-preview:large","max-video-preview":"max-video-preview:-1"},"canonical":"https:\/\/positiveprints.com\/it\/prodotto\/poster-con-coordinate\/","og_locale":"it_IT","og_type":"article","og_title":"Poster con Coordinate","og_description":"Aggiungi un testo personalizzato Personalizzala in 3 semplici passaggi Scegli un template o dai sfogo alla fantasia Guarda subito il risultato \u2013 l'anteprima interattiva ti permette di perfezionare ogni dettaglio","og_url":"https:\/\/positiveprints.com\/it\/prodotto\/poster-con-coordinate\/","og_site_name":"Positive Prints","article_publisher":"https:\/\/www.facebook.com\/positiveprintscom","article_modified_time":"2026-04-18T07:37:08+00:00","og_image":[{"width":1080,"height":1080,"url":"https:\/\/positiveprints.com\/wp-content\/uploads\/2022\/05\/regali-con-coordinate-geografiche.jpg","type":"image\/jpeg"}],"twitter_card":"summary_large_image","twitter_misc":{"Tempo di lettura stimato":"5 minuti"},"schema":{"@context":"https:\/\/schema.org","@graph":[{"@type":["WebPage","ItemPage"],"@id":"https:\/\/positiveprints.com\/it\/prodotto\/poster-con-coordinate\/","url":"https:\/\/positiveprints.com\/it\/prodotto\/poster-con-coordinate\/","name":"Poster Con Coordinate - Positive Prints","isPartOf":{"@id":"https:\/\/positiveprints.com\/it\/#website"},"primaryImageOfPage":{"@id":"https:\/\/positiveprints.com\/it\/prodotto\/poster-con-coordinate\/#primaryimage"},"image":{"@id":"https:\/\/positiveprints.com\/it\/prodotto\/poster-con-coordinate\/#primaryimage"},"thumbnailUrl":"https:\/\/positiveprints.com\/wp-content\/uploads\/2025\/07\/Packshot_IT_Poster-con-Coordinate.webp","datePublished":"2021-07-22T15:35:42+00:00","dateModified":"2026-04-18T07:37:08+00:00","description":"Qualunque sia il tuo posto nel mondo, ora puoi trasformarlo in uno splendido poster con coordinate. Crea un poster personalizzato con la citt\u00e0 dei tuoi sogni!","breadcrumb":{"@id":"https:\/\/positiveprints.com\/it\/prodotto\/poster-con-coordinate\/#breadcrumb"},"inLanguage":"it-IT","potentialAction":[{"@type":"ReadAction","target":["https:\/\/positiveprints.com\/it\/prodotto\/poster-con-coordinate\/"]}]},{"@type":"ImageObject","inLanguage":"it-IT","@id":"https:\/\/positiveprints.com\/it\/prodotto\/poster-con-coordinate\/#primaryimage","url":"https:\/\/positiveprints.com\/wp-content\/uploads\/2025\/07\/Packshot_IT_Poster-con-Coordinate.webp","contentUrl":"https:\/\/positiveprints.com\/wp-content\/uploads\/2025\/07\/Packshot_IT_Poster-con-Coordinate.webp","width":1450,"height":1450},{"@type":"BreadcrumbList","@id":"https:\/\/positiveprints.com\/it\/prodotto\/poster-con-coordinate\/#breadcrumb","itemListElement":[{"@type":"ListItem","position":1,"name":"Home","item":"https:\/\/positiveprints.com\/it\/"},{"@type":"ListItem","position":2,"name":"Prodotti","item":"https:\/\/positiveprints.com\/it\/shop\/"},{"@type":"ListItem","position":3,"name":"Poster con Coordinate"}]},{"@type":"WebSite","@id":"https:\/\/positiveprints.com\/it\/#website","url":"https:\/\/positiveprints.com\/it\/","name":"Positive Prints","description":"Amazing Custom Personalized Gifts","publisher":{"@id":"https:\/\/positiveprints.com\/it\/#organization"},"potentialAction":[{"@type":"SearchAction","target":{"@type":"EntryPoint","urlTemplate":"https:\/\/positiveprints.com\/it\/?s={search_term_string}"},"query-input":{"@type":"PropertyValueSpecification","valueRequired":true,"valueName":"search_term_string"}}],"inLanguage":"it-IT"},{"@type":"Organization","@id":"https:\/\/positiveprints.com\/it\/#organization","name":"Positive Prints","alternateName":"Positive Prints","url":"https:\/\/positiveprints.com\/it\/","logo":{"@type":"ImageObject","inLanguage":"it-IT","@id":"https:\/\/positiveprints.com\/it\/#\/schema\/logo\/image\/","url":"https:\/\/positiveprints.com\/wp-content\/uploads\/2026\/03\/245815646_1337939713319158_5671353136411139666_n.png","contentUrl":"https:\/\/positiveprints.com\/wp-content\/uploads\/2026\/03\/245815646_1337939713319158_5671353136411139666_n.png","width":800,"height":800,"caption":"Positive Prints"},"image":{"@id":"https:\/\/positiveprints.com\/it\/#\/schema\/logo\/image\/"},"sameAs":["https:\/\/www.facebook.com\/positiveprintscom","https:\/\/www.instagram.com\/positiveprintscom\/","https:\/\/www.tiktok.com\/@positiveprintscom","https:\/\/www.pinterest.com\/positiveprintscom\/"]}]}},"jetpack_sharing_enabled":true,"_links":{"self":[{"href":"https:\/\/positiveprints.com\/it\/wp-json\/wp\/v2\/product\/140667","targetHints":{"allow":["GET"]}}],"collection":[{"href":"https:\/\/positiveprints.com\/it\/wp-json\/wp\/v2\/product"}],"about":[{"href":"https:\/\/positiveprints.com\/it\/wp-json\/wp\/v2\/types\/product"}],"wp:featuredmedia":[{"embeddable":true,"href":"https:\/\/positiveprints.com\/it\/wp-json\/wp\/v2\/media\/1477838"}],"wp:attachment":[{"href":"https:\/\/positiveprints.com\/it\/wp-json\/wp\/v2\/media?parent=140667"}],"wp:term":[{"taxonomy":"product_brand","embeddable":true,"href":"https:\/\/positiveprints.com\/it\/wp-json\/wp\/v2\/product_brand?post=140667"},{"taxonomy":"product_cat","embeddable":true,"href":"https:\/\/positiveprints.com\/it\/wp-json\/wp\/v2\/product_cat?post=140667"},{"taxonomy":"product_tag","embeddable":true,"href":"https:\/\/positiveprints.com\/it\/wp-json\/wp\/v2\/product_tag?post=140667"}],"curies":[{"name":"wp","href":"https:\/\/api.w.org\/{rel}","templated":true}]}}