{"id":140621,"date":"2021-03-23T10:23:30","date_gmt":"2021-03-23T09:23:30","guid":{"rendered":"https:\/\/positiveprints.com\/product\/mappa-stellare-del-tuo-giorno-di-nascita\/"},"modified":"2026-04-18T09:12:40","modified_gmt":"2026-04-18T08:12:40","slug":"mappa-stellare-del-tuo-compleanno","status":"publish","type":"product","link":"https:\/\/positiveprints.com\/it\/prodotto\/mappa-stellare-del-tuo-compleanno\/","title":{"rendered":"Mappa Stellare del tuo Compleanno"},"content":{"rendered":"<p>Come appariva nel cielo il giorno della mia nascita? Se anche tu hai sempre cercato una risposta a questa domanda, ecco la mappa stellare che ti sveler\u00e0 la posizione di stelle e pianeti nel giorno del tuo compleanno.<\/p>\r\n\r\n<h2 class=\"grenB f24 cblue\" style=\"margin-top: 3rem\">Il Cielo nel Giorno della Mia Nascita<\/h2>\r\n\r\n<p style=\"margin-top: 1rem\">La vita \u00e8 un dono. La scienza ci ha dimostrato a lungo che un essere umano ha solo una possibilit\u00e0 su 400 trilioni per nascere. E questo fa riflettere su quanto sia importante festeggiare ogni anno il giorno del proprio compleanno. Ecco perch\u00e9 una mappa stellare del giorno di nascita \u00e8 un regalo per celebrare la vita delle persone che ami. Con una mappa personalizzata puoi dimostrare a una persona speciale quanto sia importante per te.<\/p>\r\n\r\n<p style=\"margin-top: 1rem\">Una mappa stellare del tuo giorno di nascita \u00e8 un&#8217;opera d&#8217;arte che mostra com&#8217;era bello e luminoso il cielo stellato in un preciso momento e in un luogo specifico del pianeta terra.<\/p>\r\n\r\n<p style=\"margin-top: 1rem\">E questo \u00e8 proprio ci\u00f2 che rende unica la tua <a href=\"https:\/\/positiveprints.com\/it\/prodotto\/mappa-stellare-personalizzata\/\">mappa stellare personalizzata<\/a>: non ne esistono due uguali! Per il massimo della precisione, ogni mappa si basa su una data, un luogo ed un&#8217;ora specifica.<\/p>\r\n\r\n<p style=\"margin-top: 1rem\">Stupire una persona a cui vuoi bene \u00e8 facile con questo regalo di compleanno: siamo certi che apprezzeranno l&#8217;attenzione che hai messo per realizzare questa mappa stellare. Non \u00e8 come ricevere un semplice oggetto comprato dallo scaffale di un negozio. Ci vogliono tempo, creativit\u00e0 e un pizzico di originalit\u00e0 in pi\u00f9 per pensare di regalare una mappa personalizzata. E tutto questo non passer\u00e0 inosservato mentre scarteranno il tuo pacchetto regalo.<\/p>\r\n\r\n<h2 class=\"grenB f24 cblue\" style=\"margin-top: 3rem\">Cosa Rende la Mappa Stellare del Tuo Giorno di Nascita Cos\u00ec Speciale?<\/h2>\r\n\r\n<p style=\"margin-top: 1rem\">Stasera affacciati alla finestra e osserva il cielo stellato. Se domani punti di nuovo lo sguardo all&#8217;ins\u00f9 ti accorgerai subito che le stelle sono in una posizione diversa, anche se sei sempre nello stesso posto. L&#8217;universo \u00e8 in costante movimento, ecco perch\u00e9, di giorno in giorno e di stagione in stagione, le stelle, i pianeti e le costellazioni che vediamo sono sempre diverse.<\/p>\r\n\r\n<p style=\"margin-top: 1rem\">Il cielo nel giorno della tua nascita \u00e8 speciale perch\u00e9 puoi scoprire come l&#8217;universo si era allineato quando hai messo piede in questo mondo. La posizione delle stelle, dei pianeti e di tutti gli altri corpi celesti \u00e8 dedicata a te.<\/p>\r\n\r\n<p style=\"margin-top: 1rem\">Osservare una mappa stellare che rappresenta il cielo nel giorno della tua nascita \u00e8 un po&#8217; come fare un salto indietro nel tempo. \u00c8 una stampa che segna l&#8217;inizio della tua vita. \u00c8 un modo per raccontare l&#8217;inizio della tua storia esattamente dal giorno 0, quello che ha posto le basi per tutto ci\u00f2 che hai vissuto fino ad oggi.<\/p>\r\n\r\n<h2 class=\"grenB f24 cblue\" style=\"margin-top: 3rem\">Come Realizzare una Mappa Stellare Del Tuo Giorno Di Nascita?<\/h2>\r\n\r\n<p style=\"margin-top: 1rem\">Il nostro obiettivo \u00e8 quello di dare a tutti la possibilit\u00e0 di progettare una mappa stellare personalizzata. Anche a chi non conosce niente n\u00e9 di arte n\u00e9 di design! Grazie al nostro editor di mappe bastano solo tre passaggi per personalizzare e completare la tua mappa stellare. Per scoprire com&#8217;era il cielo nel giorno della tua nascita e creare la tua mappa, segui questa semplice guida passo dopo passo:<\/p>\r\n\r\n<h3 class=\"grenB f18 cblue\" style=\"margin-top: 3rem\">Step Uno: Seleziona il Tuo Design<\/h3>\r\n\r\n<p style=\"margin-top: 1rem\">La prima cosa da fare \u00e8 scegliere uno dei 7 design che trovi su Positive Prints. Puoi racchiudere la tua mappa stellare in un romantico cuore o in un bel cerchio e poi scegliere tra le palette di colori disponibili. Ma niente paura: se i tuoi colori preferiti non sono tra questi, ti baster\u00e0 cliccare su Personalizza e dare sfogo alla tua creativit\u00e0.<\/p>\r\n\r\n<p style=\"margin-top: 1rem\">Prima di passare al passaggio successivo seleziona gli elementi che vuoi far comparire sulla mappa. Puoi aggiungere i pianeti, i nomi dei pianeti, le costellazioni e persino la Via Lattea. Per tenere traccia della tua creazione, non dimenticare di tenere d&#8217;occhio l&#8217;anteprima: si aggiorna in tempo reale ogni volta che apporti una modifica.<\/p>\r\n\r\n<h3 class=\"grenB f18 cblue\" style=\"margin-top: 3rem\">Step Due: Aggiungi i Tuoi Dati<\/h3>\r\n\r\n<p style=\"margin-top: 1rem\">Questo \u00e8 il passaggio in cui dovrai inserire la posizione o <a href=\"https:\/\/positiveprints.com\/it\/prodotto\/poster-con-coordinate\/\">le coordinate<\/a>, nonch\u00e9 la data e l&#8217;ora di nascita. Per determinare l\u2019esatto aspetto del cielo nel giorno della tua nascita, il nostro editor di mappe stellari utilizza dati reali raccolti dalla posizione geografica e dalla data che hai inserito.<\/p>\r\n\r\n<p style=\"margin-top: 1rem\">Una mappa stellare non pu\u00f2 considerarsi completa senza un messaggio personale! Utilizza le tre righe di testo (un titolo, un sottotitolo e una nota a pi\u00e8 di pagina) per inserire una frase significativa, una citazione, una strofa di una canzone o qualsiasi cosa possa rendere il tuo poster il pi\u00f9 personalizzato possibile.<\/p>\r\n\r\n<h3 class=\"grenB f18 cblue\" style=\"margin-top: 3rem\">Passaggio tre: Scegli il Formato<\/h3>\r\n\r\n<p style=\"margin-top: 1rem\">La mappa stellare del giorno della tua nascita \u00e8 quasi finita. Ora non ti rimane che scegliere le dimensioni del tuo poster o selezionare il formato che ti fa pi\u00f9 comodo. Se vuoi assicurarti il massimo della qualit\u00e0, ti consigliamo di lasciare fare a noi: per le nostre stampe utilizziamo solo carta di alta qualit\u00e0. Oppure, per i pi\u00f9 romantici che desiderano un regalo pronto da appendere, ci sono le opzioni tela o quadro con cornice. In qualsiasi caso, la spedizione in tutto il mondo, ovunque tu sia.<\/p>\r\n\r\n<p style=\"margin-top: 1rem\">If you are looking for a last-minute gift option, Positive Prints can help. We offer a digital download option and will email you the poster within minutes of checkout. You can take the digital file to your local print shop for fast service and skip the shipping. <\/p>\r\n\r\n<h2 class=\"grenB f24 cblue\" style=\"margin-top: 3rem\">Sorprendi una persona speciale con una mappa stellare personalizzata!<\/h2>\r\n\r\n<p style=\"margin-top: 1rem\">Quale regalo migliore per un compleanno? Per un regalo indimenticabile, inizia subito a creare la tua mappa stellare personalizzata!<\/p>","protected":false},"excerpt":{"rendered":"<ul class=\"check-list\">\n<li>Aggiungi pianeti, costellazioni e la Via Lattea<\/li>\n<li>Personalizzala in 3 semplici passaggi<\/li>\n<li>Aggiungi un testo personalizzato<\/li>\n<li>Guarda subito il risultato \u2013 l&#8217;anteprima interattiva ti permette di perfezionare ogni dettaglio<\/li>\n<\/ul>\n","protected":false},"featured_media":1424157,"template":"","meta":[],"product_brand":[],"product_cat":[9277,8191,5343,11215,11216,5269,15043,11431,11419,8008,7624,7688,7737,7832,4448],"product_tag":[15085,15233,13456,13427],"class_list":{"0":"post-140621","1":"product","2":"type-product","3":"status-publish","4":"has-post-thumbnail","6":"product_cat-bestsellers-label-it","7":"product_cat-per-lei","8":"product_cat-regali-di-compleanno","9":"product_cat-regali-di-compleanno-per-lei","10":"product_cat-regali-di-compleanno-per-lui","11":"product_cat-regali-di-natale","12":"product_cat-regali-di-natale-per-gli-amici","13":"product_cat-regali-di-natale-per-la-sorella","14":"product_cat-regali-di-natale-per-il-fratello-regali-di-natale-idee-regalo","15":"product_cat-regali-da-uomo","16":"product_cat-regali-per-un-fratello","17":"product_cat-regali-da-donna","18":"product_cat-regali-per-una-sorella","19":"product_cat-regali-per-gli-amici","20":"product_cat-star-it-2","21":"product_tag-birthday-de-it","22":"product_tag-christmas-gifts-for-friends-it","23":"product_tag-regali-di-natale-per-il-fratello","24":"product_tag-regalo-di-natale-per-la-sorella","26":"first","27":"instock","28":"sale","29":"taxable","30":"shipping-taxable","31":"purchasable","32":"product-type-variable","33":"has-default-attributes"},"yoast_head":"<!-- This site is optimized with the Yoast SEO Premium plugin v27.2 (Yoast SEO v27.2) - https:\/\/yoast.com\/product\/yoast-seo-premium-wordpress\/ -->\n<title>Mappa Stellare Del Tuo Compleanno - Positive Prints<\/title>\n<meta name=\"description\" content=\"Se ti stai chiedendo, come appariva il cielo il giorno della mia nascita? Ecco una mappa stellare per scoprirlo e realizzare un poster personalizzato.\" \/>\n<meta name=\"robots\" content=\"index, follow, max-snippet:-1, max-image-preview:large, max-video-preview:-1\" \/>\n<link rel=\"canonical\" href=\"https:\/\/positiveprints.com\/it\/prodotto\/mappa-stellare-del-tuo-compleanno\/\" \/>\n<meta property=\"og:locale\" content=\"it_IT\" \/>\n<meta property=\"og:type\" content=\"article\" \/>\n<meta property=\"og:title\" content=\"Mappa Stellare del tuo Compleanno\" \/>\n<meta property=\"og:description\" content=\"Aggiungi pianeti, costellazioni e la Via Lattea  Personalizzala in 3 semplici passaggi  Aggiungi un testo personalizzato  Guarda subito il risultato \u2013 l&#039;anteprima interattiva ti permette di perfezionare ogni dettaglio\" \/>\n<meta property=\"og:url\" content=\"https:\/\/positiveprints.com\/it\/prodotto\/mappa-stellare-del-tuo-compleanno\/\" \/>\n<meta property=\"og:site_name\" content=\"Positive Prints\" \/>\n<meta property=\"article:publisher\" content=\"https:\/\/www.facebook.com\/positiveprintscom\" \/>\n<meta property=\"article:modified_time\" content=\"2026-04-18T08:12:40+00:00\" \/>\n<meta property=\"og:image\" content=\"https:\/\/positiveprints.com\/wp-content\/uploads\/2024\/10\/Packshot_IT_birthday-star-map-product-image.webp\" \/>\n\t<meta property=\"og:image:width\" content=\"1450\" \/>\n\t<meta property=\"og:image:height\" content=\"1450\" \/>\n\t<meta property=\"og:image:type\" content=\"image\/webp\" \/>\n<meta name=\"twitter:card\" content=\"summary_large_image\" \/>\n<meta name=\"twitter:label1\" content=\"Tempo di lettura stimato\" \/>\n\t<meta name=\"twitter:data1\" content=\"5 minuti\" \/>\n<!-- \/ Yoast SEO Premium plugin. -->","yoast_head_json":{"title":"Mappa Stellare Del Tuo Compleanno - Positive Prints","description":"Se ti stai chiedendo, come appariva il cielo il giorno della mia nascita? Ecco una mappa stellare per scoprirlo e realizzare un poster personalizzato.","robots":{"index":"index","follow":"follow","max-snippet":"max-snippet:-1","max-image-preview":"max-image-preview:large","max-video-preview":"max-video-preview:-1"},"canonical":"https:\/\/positiveprints.com\/it\/prodotto\/mappa-stellare-del-tuo-compleanno\/","og_locale":"it_IT","og_type":"article","og_title":"Mappa Stellare del tuo Compleanno","og_description":"Aggiungi pianeti, costellazioni e la Via Lattea  Personalizzala in 3 semplici passaggi  Aggiungi un testo personalizzato  Guarda subito il risultato \u2013 l'anteprima interattiva ti permette di perfezionare ogni dettaglio","og_url":"https:\/\/positiveprints.com\/it\/prodotto\/mappa-stellare-del-tuo-compleanno\/","og_site_name":"Positive Prints","article_publisher":"https:\/\/www.facebook.com\/positiveprintscom","article_modified_time":"2026-04-18T08:12:40+00:00","og_image":[{"width":1450,"height":1450,"url":"https:\/\/positiveprints.com\/wp-content\/uploads\/2024\/10\/Packshot_IT_birthday-star-map-product-image.webp","type":"image\/webp"}],"twitter_card":"summary_large_image","twitter_misc":{"Tempo di lettura stimato":"5 minuti"},"schema":{"@context":"https:\/\/schema.org","@graph":[{"@type":["WebPage","ItemPage"],"@id":"https:\/\/positiveprints.com\/it\/prodotto\/mappa-stellare-del-tuo-compleanno\/","url":"https:\/\/positiveprints.com\/it\/prodotto\/mappa-stellare-del-tuo-compleanno\/","name":"Mappa Stellare Del Tuo Compleanno - Positive Prints","isPartOf":{"@id":"https:\/\/positiveprints.com\/it\/#website"},"primaryImageOfPage":{"@id":"https:\/\/positiveprints.com\/it\/prodotto\/mappa-stellare-del-tuo-compleanno\/#primaryimage"},"image":{"@id":"https:\/\/positiveprints.com\/it\/prodotto\/mappa-stellare-del-tuo-compleanno\/#primaryimage"},"thumbnailUrl":"https:\/\/positiveprints.com\/wp-content\/uploads\/2025\/05\/Mappa-Stellare-del-tuo-Compleanno-1.webp","datePublished":"2021-03-23T09:23:30+00:00","dateModified":"2026-04-18T08:12:40+00:00","description":"Se ti stai chiedendo, come appariva il cielo il giorno della mia nascita? Ecco una mappa stellare per scoprirlo e realizzare un poster personalizzato.","breadcrumb":{"@id":"https:\/\/positiveprints.com\/it\/prodotto\/mappa-stellare-del-tuo-compleanno\/#breadcrumb"},"inLanguage":"it-IT","potentialAction":[{"@type":"ReadAction","target":["https:\/\/positiveprints.com\/it\/prodotto\/mappa-stellare-del-tuo-compleanno\/"]}]},{"@type":"ImageObject","inLanguage":"it-IT","@id":"https:\/\/positiveprints.com\/it\/prodotto\/mappa-stellare-del-tuo-compleanno\/#primaryimage","url":"https:\/\/positiveprints.com\/wp-content\/uploads\/2025\/05\/Mappa-Stellare-del-tuo-Compleanno-1.webp","contentUrl":"https:\/\/positiveprints.com\/wp-content\/uploads\/2025\/05\/Mappa-Stellare-del-tuo-Compleanno-1.webp","width":1450,"height":1450},{"@type":"BreadcrumbList","@id":"https:\/\/positiveprints.com\/it\/prodotto\/mappa-stellare-del-tuo-compleanno\/#breadcrumb","itemListElement":[{"@type":"ListItem","position":1,"name":"Home","item":"https:\/\/positiveprints.com\/it\/"},{"@type":"ListItem","position":2,"name":"Prodotti","item":"https:\/\/positiveprints.com\/it\/shop\/"},{"@type":"ListItem","position":3,"name":"Mappa Stellare del tuo Compleanno"}]},{"@type":"WebSite","@id":"https:\/\/positiveprints.com\/it\/#website","url":"https:\/\/positiveprints.com\/it\/","name":"Positive Prints","description":"Amazing Custom Personalized Gifts","publisher":{"@id":"https:\/\/positiveprints.com\/it\/#organization"},"potentialAction":[{"@type":"SearchAction","target":{"@type":"EntryPoint","urlTemplate":"https:\/\/positiveprints.com\/it\/?s={search_term_string}"},"query-input":{"@type":"PropertyValueSpecification","valueRequired":true,"valueName":"search_term_string"}}],"inLanguage":"it-IT"},{"@type":"Organization","@id":"https:\/\/positiveprints.com\/it\/#organization","name":"Positive Prints","alternateName":"Positive Prints","url":"https:\/\/positiveprints.com\/it\/","logo":{"@type":"ImageObject","inLanguage":"it-IT","@id":"https:\/\/positiveprints.com\/it\/#\/schema\/logo\/image\/","url":"https:\/\/positiveprints.com\/wp-content\/uploads\/2026\/03\/245815646_1337939713319158_5671353136411139666_n.png","contentUrl":"https:\/\/positiveprints.com\/wp-content\/uploads\/2026\/03\/245815646_1337939713319158_5671353136411139666_n.png","width":800,"height":800,"caption":"Positive Prints"},"image":{"@id":"https:\/\/positiveprints.com\/it\/#\/schema\/logo\/image\/"},"sameAs":["https:\/\/www.facebook.com\/positiveprintscom","https:\/\/www.instagram.com\/positiveprintscom\/","https:\/\/www.tiktok.com\/@positiveprintscom","https:\/\/www.pinterest.com\/positiveprintscom\/"]}]}},"jetpack_sharing_enabled":true,"_links":{"self":[{"href":"https:\/\/positiveprints.com\/it\/wp-json\/wp\/v2\/product\/140621","targetHints":{"allow":["GET"]}}],"collection":[{"href":"https:\/\/positiveprints.com\/it\/wp-json\/wp\/v2\/product"}],"about":[{"href":"https:\/\/positiveprints.com\/it\/wp-json\/wp\/v2\/types\/product"}],"wp:featuredmedia":[{"embeddable":true,"href":"https:\/\/positiveprints.com\/it\/wp-json\/wp\/v2\/media\/1424157"}],"wp:attachment":[{"href":"https:\/\/positiveprints.com\/it\/wp-json\/wp\/v2\/media?parent=140621"}],"wp:term":[{"taxonomy":"product_brand","embeddable":true,"href":"https:\/\/positiveprints.com\/it\/wp-json\/wp\/v2\/product_brand?post=140621"},{"taxonomy":"product_cat","embeddable":true,"href":"https:\/\/positiveprints.com\/it\/wp-json\/wp\/v2\/product_cat?post=140621"},{"taxonomy":"product_tag","embeddable":true,"href":"https:\/\/positiveprints.com\/it\/wp-json\/wp\/v2\/product_tag?post=140621"}],"curies":[{"name":"wp","href":"https:\/\/api.w.org\/{rel}","templated":true}]}}