{"id":1309173,"date":"2024-12-26T21:25:34","date_gmt":"2024-12-26T20:25:34","guid":{"rendered":"https:\/\/positiveprints.com\/product\/dove-tutto-e-iniziato-mappa-e-foto\/"},"modified":"2026-04-03T02:35:30","modified_gmt":"2026-04-03T01:35:30","slug":"dove-tutto-e-iniziato-mappa-e-foto","status":"publish","type":"product","link":"https:\/\/positiveprints.com\/it\/prodotto\/dove-tutto-e-iniziato-mappa-e-foto\/","title":{"rendered":"Dove Tutto \u00c8 Iniziato &#8211; Mappa e Foto"},"content":{"rendered":"","protected":false},"excerpt":{"rendered":"<ul class=\"check-list\">\n<li>Cattura il momento speciale con una mappa e una foto personalizzate, indicando il luogo esatto dei ricordi preziosi.<\/li>\n<li>Contrassegnare un punto speciale con un simbolo scelto<\/li>\n<li>Aggiungi un testo personalizzato<\/li>\n<li>Personalizzala in 3 semplici passaggi<\/li>\n<li>Guarda subito il risultato \u2013 l&#8217;anteprima interattiva ti permette di perfezionare ogni dettaglio<\/li>\n<\/ul>\n","protected":false},"featured_media":1352020,"template":"","meta":[],"product_brand":[],"product_cat":[7688,8008,9115,5269,7673,11418,11427,7641,7784,11424,7752,11432,11425,11426,7800,11182,11181,11183,11243,11244,5315,4449],"product_tag":[11754,11798,11768,11796,11800,11799,14912,14909],"class_list":{"0":"post-1309173","1":"product","2":"type-product","3":"status-publish","4":"has-post-thumbnail","6":"product_cat-regali-da-donna","7":"product_cat-regali-da-uomo","8":"product_cat-double-maps-it","9":"product_cat-regali-di-natale","10":"product_cat-regali-per-il-fidanzato","11":"product_cat-regali-di-natale-per-il-fidanzato","12":"product_cat-regali-di-natale-per-il-marito","13":"product_cat-regali-per-il-marito","14":"product_cat-regali-per-la-fidanzata","15":"product_cat-regali-di-natale-per-la-fidanzata","16":"product_cat-regali-per-la-moglie","17":"product_cat-regali-di-natale-per-la-moglie","18":"product_cat-regali-di-natale-per-lei","19":"product_cat-regali-di-natale-per-lui","20":"product_cat-regali-per-una-coppia","21":"product_cat-regali-di-anniversario-per-coppie","22":"product_cat-regali-di-anniversario-per-lei","23":"product_cat-regali-di-anniversario-per-lui","24":"product_cat-regali-di-san-valentino-per-lei","25":"product_cat-regali-di-san-valentino-per-lui","26":"product_cat-regali-di-san-valentino","27":"product_cat-tutti-i-prodotti","28":"product_tag-regali-di-natale-per-il-fidanzato","29":"product_tag-regali-di-natale-per-il-marito","30":"product_tag-regali-di-natale-per-la-fidanzata","31":"product_tag-regali-di-natale-per-la-moglie","32":"product_tag-regali-di-natale-per-lei","33":"product_tag-regali-di-natale-per-lui","34":"product_tag-valentines-day-it","35":"product_tag-valentines-day-gift-it","37":"first","38":"instock","39":"sale","40":"taxable","41":"shipping-taxable","42":"purchasable","43":"product-type-variable"},"yoast_head":"<!-- This site is optimized with the Yoast SEO Premium plugin v27.2 (Yoast SEO v27.2) - https:\/\/yoast.com\/product\/yoast-seo-premium-wordpress\/ -->\n<title>Dove Tutto \u00c8 Iniziato - Mappa e Foto - Positive Prints<\/title>\n<meta name=\"description\" content=\"La Mappa e Foto del Luogo Dove Tutto \u00c8 Iniziato \u00e8 un regalo unico e premuroso per anniversari, San Valentino, matrimoni o qualsiasi occasione speciale.\" \/>\n<meta name=\"robots\" content=\"index, follow, max-snippet:-1, max-image-preview:large, max-video-preview:-1\" \/>\n<link rel=\"canonical\" href=\"https:\/\/positiveprints.com\/it\/prodotto\/dove-tutto-e-iniziato-mappa-e-foto\/\" \/>\n<meta property=\"og:locale\" content=\"it_IT\" \/>\n<meta property=\"og:type\" content=\"article\" \/>\n<meta property=\"og:title\" content=\"Dove Tutto \u00c8 Iniziato - Mappa e Foto\" \/>\n<meta property=\"og:description\" content=\"Cattura il momento speciale con una mappa e una foto personalizzate, indicando il luogo esatto dei ricordi preziosi. Contrassegnare un punto speciale con un simbolo scelto Aggiungi un testo personalizzato Personalizzala in 3 semplici passaggi Guarda subito il risultato \u2013 l&#039;anteprima interattiva ti permette di perfezionare ogni dettaglio\" \/>\n<meta property=\"og:url\" content=\"https:\/\/positiveprints.com\/it\/prodotto\/dove-tutto-e-iniziato-mappa-e-foto\/\" \/>\n<meta property=\"og:site_name\" content=\"Positive Prints\" \/>\n<meta property=\"article:publisher\" content=\"https:\/\/www.facebook.com\/positiveprintscom\" \/>\n<meta property=\"article:modified_time\" content=\"2026-04-03T01:35:30+00:00\" \/>\n<meta property=\"og:image\" content=\"https:\/\/positiveprints.com\/wp-content\/uploads\/2024\/12\/Dove-Tutto-E\u0300-Iniziato-Mappa-e-Foto.webp\" \/>\n\t<meta property=\"og:image:width\" content=\"1080\" \/>\n\t<meta property=\"og:image:height\" content=\"1080\" \/>\n\t<meta property=\"og:image:type\" content=\"image\/webp\" \/>\n<meta name=\"twitter:card\" content=\"summary_large_image\" \/>\n<meta name=\"twitter:label1\" content=\"Tempo di lettura stimato\" \/>\n\t<meta name=\"twitter:data1\" content=\"1 minuto\" \/>\n<!-- \/ Yoast SEO Premium plugin. -->","yoast_head_json":{"title":"Dove Tutto \u00c8 Iniziato - Mappa e Foto - Positive Prints","description":"La Mappa e Foto del Luogo Dove Tutto \u00c8 Iniziato \u00e8 un regalo unico e premuroso per anniversari, San Valentino, matrimoni o qualsiasi occasione speciale.","robots":{"index":"index","follow":"follow","max-snippet":"max-snippet:-1","max-image-preview":"max-image-preview:large","max-video-preview":"max-video-preview:-1"},"canonical":"https:\/\/positiveprints.com\/it\/prodotto\/dove-tutto-e-iniziato-mappa-e-foto\/","og_locale":"it_IT","og_type":"article","og_title":"Dove Tutto \u00c8 Iniziato - Mappa e Foto","og_description":"Cattura il momento speciale con una mappa e una foto personalizzate, indicando il luogo esatto dei ricordi preziosi. Contrassegnare un punto speciale con un simbolo scelto Aggiungi un testo personalizzato Personalizzala in 3 semplici passaggi Guarda subito il risultato \u2013 l'anteprima interattiva ti permette di perfezionare ogni dettaglio","og_url":"https:\/\/positiveprints.com\/it\/prodotto\/dove-tutto-e-iniziato-mappa-e-foto\/","og_site_name":"Positive Prints","article_publisher":"https:\/\/www.facebook.com\/positiveprintscom","article_modified_time":"2026-04-03T01:35:30+00:00","og_image":[{"width":1080,"height":1080,"url":"https:\/\/positiveprints.com\/wp-content\/uploads\/2024\/12\/Dove-Tutto-E\u0300-Iniziato-Mappa-e-Foto.webp","type":"image\/webp"}],"twitter_card":"summary_large_image","twitter_misc":{"Tempo di lettura stimato":"1 minuto"},"schema":{"@context":"https:\/\/schema.org","@graph":[{"@type":["WebPage","ItemPage"],"@id":"https:\/\/positiveprints.com\/it\/prodotto\/dove-tutto-e-iniziato-mappa-e-foto\/","url":"https:\/\/positiveprints.com\/it\/prodotto\/dove-tutto-e-iniziato-mappa-e-foto\/","name":"Dove Tutto \u00c8 Iniziato - Mappa e Foto - Positive Prints","isPartOf":{"@id":"https:\/\/positiveprints.com\/it\/#website"},"primaryImageOfPage":{"@id":"https:\/\/positiveprints.com\/it\/prodotto\/dove-tutto-e-iniziato-mappa-e-foto\/#primaryimage"},"image":{"@id":"https:\/\/positiveprints.com\/it\/prodotto\/dove-tutto-e-iniziato-mappa-e-foto\/#primaryimage"},"thumbnailUrl":"https:\/\/positiveprints.com\/wp-content\/uploads\/2025\/02\/Dove-Tutto-E\u0300-Iniziato-Mappa-e-Foto-1.webp","datePublished":"2024-12-26T20:25:34+00:00","dateModified":"2026-04-03T01:35:30+00:00","description":"La Mappa e Foto del Luogo Dove Tutto \u00c8 Iniziato \u00e8 un regalo unico e premuroso per anniversari, San Valentino, matrimoni o qualsiasi occasione speciale.","breadcrumb":{"@id":"https:\/\/positiveprints.com\/it\/prodotto\/dove-tutto-e-iniziato-mappa-e-foto\/#breadcrumb"},"inLanguage":"it-IT","potentialAction":[{"@type":"ReadAction","target":["https:\/\/positiveprints.com\/it\/prodotto\/dove-tutto-e-iniziato-mappa-e-foto\/"]}]},{"@type":"ImageObject","inLanguage":"it-IT","@id":"https:\/\/positiveprints.com\/it\/prodotto\/dove-tutto-e-iniziato-mappa-e-foto\/#primaryimage","url":"https:\/\/positiveprints.com\/wp-content\/uploads\/2025\/02\/Dove-Tutto-E\u0300-Iniziato-Mappa-e-Foto-1.webp","contentUrl":"https:\/\/positiveprints.com\/wp-content\/uploads\/2025\/02\/Dove-Tutto-E\u0300-Iniziato-Mappa-e-Foto-1.webp","width":1450,"height":1450},{"@type":"BreadcrumbList","@id":"https:\/\/positiveprints.com\/it\/prodotto\/dove-tutto-e-iniziato-mappa-e-foto\/#breadcrumb","itemListElement":[{"@type":"ListItem","position":1,"name":"Home","item":"https:\/\/positiveprints.com\/it\/"},{"@type":"ListItem","position":2,"name":"Prodotti","item":"https:\/\/positiveprints.com\/it\/shop\/"},{"@type":"ListItem","position":3,"name":"Dove Tutto \u00c8 Iniziato &#8211; Mappa e Foto"}]},{"@type":"WebSite","@id":"https:\/\/positiveprints.com\/it\/#website","url":"https:\/\/positiveprints.com\/it\/","name":"Positive Prints","description":"Amazing Custom Personalized Gifts","publisher":{"@id":"https:\/\/positiveprints.com\/it\/#organization"},"potentialAction":[{"@type":"SearchAction","target":{"@type":"EntryPoint","urlTemplate":"https:\/\/positiveprints.com\/it\/?s={search_term_string}"},"query-input":{"@type":"PropertyValueSpecification","valueRequired":true,"valueName":"search_term_string"}}],"inLanguage":"it-IT"},{"@type":"Organization","@id":"https:\/\/positiveprints.com\/it\/#organization","name":"Positive Prints","alternateName":"Positive Prints","url":"https:\/\/positiveprints.com\/it\/","logo":{"@type":"ImageObject","inLanguage":"it-IT","@id":"https:\/\/positiveprints.com\/it\/#\/schema\/logo\/image\/","url":"https:\/\/positiveprints.com\/wp-content\/uploads\/2026\/03\/245815646_1337939713319158_5671353136411139666_n.png","contentUrl":"https:\/\/positiveprints.com\/wp-content\/uploads\/2026\/03\/245815646_1337939713319158_5671353136411139666_n.png","width":800,"height":800,"caption":"Positive Prints"},"image":{"@id":"https:\/\/positiveprints.com\/it\/#\/schema\/logo\/image\/"},"sameAs":["https:\/\/www.facebook.com\/positiveprintscom","https:\/\/www.instagram.com\/positiveprintscom\/","https:\/\/www.tiktok.com\/@positiveprintscom","https:\/\/www.pinterest.com\/positiveprintscom\/"]}]}},"jetpack_sharing_enabled":true,"_links":{"self":[{"href":"https:\/\/positiveprints.com\/it\/wp-json\/wp\/v2\/product\/1309173","targetHints":{"allow":["GET"]}}],"collection":[{"href":"https:\/\/positiveprints.com\/it\/wp-json\/wp\/v2\/product"}],"about":[{"href":"https:\/\/positiveprints.com\/it\/wp-json\/wp\/v2\/types\/product"}],"wp:featuredmedia":[{"embeddable":true,"href":"https:\/\/positiveprints.com\/it\/wp-json\/wp\/v2\/media\/1352020"}],"wp:attachment":[{"href":"https:\/\/positiveprints.com\/it\/wp-json\/wp\/v2\/media?parent=1309173"}],"wp:term":[{"taxonomy":"product_brand","embeddable":true,"href":"https:\/\/positiveprints.com\/it\/wp-json\/wp\/v2\/product_brand?post=1309173"},{"taxonomy":"product_cat","embeddable":true,"href":"https:\/\/positiveprints.com\/it\/wp-json\/wp\/v2\/product_cat?post=1309173"},{"taxonomy":"product_tag","embeddable":true,"href":"https:\/\/positiveprints.com\/it\/wp-json\/wp\/v2\/product_tag?post=1309173"}],"curies":[{"name":"wp","href":"https:\/\/api.w.org\/{rel}","templated":true}]}}