{"id":1170042,"date":"2024-08-05T10:33:39","date_gmt":"2024-08-05T09:33:39","guid":{"rendered":"https:\/\/positiveprints.com\/?post_type=product&#038;p=1170042"},"modified":"2026-04-12T20:07:12","modified_gmt":"2026-04-12T19:07:12","slug":"tre-lune-per-papa","status":"publish","type":"product","link":"https:\/\/positiveprints.com\/it\/prodotto\/tre-lune-per-papa\/","title":{"rendered":"Tre Lune per Pap\u00e0"},"content":{"rendered":"<p>Stai cercando un regalo sincero e unico che celebri il legame speciale tra Pap\u00e0 e i suoi figli? Tre Lune per Pap\u00e0 \u00e8 una stampa o una tela personalizzata che cattura magnificamente la magia della paternit\u00e0. Presentando tre fasi della luna\u2014una per ciascuno dei suoi figli\u2014questo straordinario pezzo d\u2019arte \u00e8 il modo perfetto per onorare Pap\u00e0 e creare un ricordo duraturo che lui apprezzer\u00e0 per sempre.<\/p>\r\n<h2>Tre Lune per Pap\u00e0<\/h2>\r\n<p>Tre Lune per Pap\u00e0 \u00e8 un\u2019opera d\u2019arte personalizzata straordinaria che mostra tre fasi lunari significative, ognuna rappresentante il giorno di nascita di ciascun bambino. Per creare questo ricordo significativo, visita semplicemente il nostro editor online. Inizia scegliendo uno sfondo. Scegli tra le opzioni predefinite o progetta il tuo schema di colori. Poi, aggiungi un titolo per la tua opera\u2014un messaggio speciale o un sentimento che sar\u00e0 visualizzato sopra le fasi lunari.<\/p>\r\n<p>Dopo aver impostato il titolo, inserisci le date e i luoghi per visualizzare le fasi della luna corrispondenti alle date di nascita di ciascun bambino. Sotto ciascuna fase della luna, puoi aggiungere nomi, date di nascita o qualsiasi altro testo per renderla ancora pi\u00f9 personale. Infine, scegli il formato della tua opera. Offriamo diverse dimensioni e stili, comprese stampe su poster o incorniciate, tele e download digitali istantanei.<\/p>\r\n<h2>Perch\u00e9 Tre Lune per Pap\u00e0 \u00e8 il Regalo Perfetto<\/h2>\r\n<p>Trovare un regalo significativo e personale per Pap\u00e0 pu\u00f2 essere una sfida, ma Tre Lune per Pap\u00e0 \u00e8 la soluzione ideale. Quest\u2019opera non \u00e8 solo un piacere visivo. \u00c8 un ricordo sentimentale dei giorni speciali in cui sono nati ciascuno dei suoi figli. Ideale per la Festa del Pap\u00e0, compleanni o qualsiasi occasione speciale, questo regalo mostra a Pap\u00e0 quanto quei momenti significano per te e la tua famiglia.<\/p>\r\n<p>La natura personalizzata di quest\u2019opera garantisce che ogni pezzo sia unico. Ogni volta che Pap\u00e0 la guarder\u00e0, sar\u00e0 ricordato dell\u2019amore e della gioia che i suoi figli portano nella sua vita. \u00c8 un regalo che porta un significato profondo e diventer\u00e0 sicuramente una parte preziosa della vostra casa.<\/p>\r\n<h2>Inizia a Personalizzare il Tuo Regalo Oggi<\/h2>\r\n<p>Pronto a creare un regalo memorabile e sincero per Pap\u00e0? Inizia a personalizzare la tua opera Tre Lune per Pap\u00e0 oggi stesso.<\/p>\r\n<p>Non aspettare\u2014trasforma quei momenti indimenticabili in un\u2019opera d\u2019arte mozzafiato che Pap\u00e0 conserver\u00e0 per sempre. Ordina ora il tuo Tre Lune per Pap\u00e0 personalizzato e regala un dono veramente straordinario.<\/p>","protected":false},"excerpt":{"rendered":"<ul class=\"check-list\">\n<li>Cattura tre momenti speciali e mostra come era la luna in quei giorni<\/li>\n<li>Personalizza in 3 semplici passaggi<\/li>\n<li>Scegli tra una gamma di design straordinari<\/li>\n<li>Includi un testo personalizzato significativo<\/li>\n<li>Anteprima del tuo design ad ogni passaggio<\/li>\n<\/ul>\n","protected":false},"featured_media":1480737,"template":"","meta":[],"product_brand":[],"product_cat":[11126,4449,7338,5269,11421,7976],"product_tag":[8554,12599,9797,13631,12600,12598,11761],"class_list":{"0":"post-1170042","1":"product","2":"type-product","3":"status-publish","4":"has-post-thumbnail","6":"product_cat-tripla-luna","7":"product_cat-tutti-i-prodotti","8":"product_cat-regali-per-la-festa-del-papa","9":"product_cat-regali-di-natale","10":"product_cat-regali-di-natale-per-papa","11":"product_cat-regali-per-il-papa","12":"product_tag-father-it","13":"product_tag-festa-del-papa","14":"product_tag-luna","15":"product_tag-moon-phase-it","16":"product_tag-papa-it-2","17":"product_tag-papa-it","18":"product_tag-regali-di-natale-per-papa","20":"first","21":"instock","22":"sale","23":"taxable","24":"shipping-taxable","25":"purchasable","26":"product-type-variable"},"yoast_head":"<!-- This site is optimized with the Yoast SEO Premium plugin v27.2 (Yoast SEO v27.2) - https:\/\/yoast.com\/product\/yoast-seo-premium-wordpress\/ -->\n<title>Tre Lune per Pap\u00e0 - Positive Prints<\/title>\n<meta name=\"description\" content=\"Tre Lune per Pap\u00e0 \u00e8 una stampa o una tela personalizzata che cattura magnificamente la magia della paternit\u00e0. Ordina la tua adesso.\" \/>\n<meta name=\"robots\" content=\"index, follow, max-snippet:-1, max-image-preview:large, max-video-preview:-1\" \/>\n<link rel=\"canonical\" href=\"https:\/\/positiveprints.com\/it\/prodotto\/tre-lune-per-papa\/\" \/>\n<meta property=\"og:locale\" content=\"it_IT\" \/>\n<meta property=\"og:type\" content=\"article\" \/>\n<meta property=\"og:title\" content=\"Tre Lune per Pap\u00e0\" \/>\n<meta property=\"og:description\" content=\"Cattura tre momenti speciali e mostra come era la luna in quei giorni Personalizza in 3 semplici passaggi Scegli tra una gamma di design straordinari Includi un testo personalizzato significativo Anteprima del tuo design ad ogni passaggio\" \/>\n<meta property=\"og:url\" content=\"https:\/\/positiveprints.com\/it\/prodotto\/tre-lune-per-papa\/\" \/>\n<meta property=\"og:site_name\" content=\"Positive Prints\" \/>\n<meta property=\"article:publisher\" content=\"https:\/\/www.facebook.com\/positiveprintscom\" \/>\n<meta property=\"article:modified_time\" content=\"2026-04-12T19:07:12+00:00\" \/>\n<meta property=\"og:image\" content=\"https:\/\/positiveprints.com\/wp-content\/uploads\/2025\/07\/Packshot_IT_Tre-Lune-per-Papa\u0300.webp\" \/>\n\t<meta property=\"og:image:width\" content=\"1450\" \/>\n\t<meta property=\"og:image:height\" content=\"1450\" \/>\n\t<meta property=\"og:image:type\" content=\"image\/webp\" \/>\n<meta name=\"twitter:card\" content=\"summary_large_image\" \/>\n<!-- \/ Yoast SEO Premium plugin. -->","yoast_head_json":{"title":"Tre Lune per Pap\u00e0 - Positive Prints","description":"Tre Lune per Pap\u00e0 \u00e8 una stampa o una tela personalizzata che cattura magnificamente la magia della paternit\u00e0. Ordina la tua adesso.","robots":{"index":"index","follow":"follow","max-snippet":"max-snippet:-1","max-image-preview":"max-image-preview:large","max-video-preview":"max-video-preview:-1"},"canonical":"https:\/\/positiveprints.com\/it\/prodotto\/tre-lune-per-papa\/","og_locale":"it_IT","og_type":"article","og_title":"Tre Lune per Pap\u00e0","og_description":"Cattura tre momenti speciali e mostra come era la luna in quei giorni Personalizza in 3 semplici passaggi Scegli tra una gamma di design straordinari Includi un testo personalizzato significativo Anteprima del tuo design ad ogni passaggio","og_url":"https:\/\/positiveprints.com\/it\/prodotto\/tre-lune-per-papa\/","og_site_name":"Positive Prints","article_publisher":"https:\/\/www.facebook.com\/positiveprintscom","article_modified_time":"2026-04-12T19:07:12+00:00","og_image":[{"width":1450,"height":1450,"url":"https:\/\/positiveprints.com\/wp-content\/uploads\/2025\/07\/Packshot_IT_Tre-Lune-per-Papa\u0300.webp","type":"image\/webp"}],"twitter_card":"summary_large_image","schema":{"@context":"https:\/\/schema.org","@graph":[{"@type":["WebPage","ItemPage"],"@id":"https:\/\/positiveprints.com\/it\/prodotto\/tre-lune-per-papa\/","url":"https:\/\/positiveprints.com\/it\/prodotto\/tre-lune-per-papa\/","name":"Tre Lune per Pap\u00e0 - Positive Prints","isPartOf":{"@id":"https:\/\/positiveprints.com\/it\/#website"},"primaryImageOfPage":{"@id":"https:\/\/positiveprints.com\/it\/prodotto\/tre-lune-per-papa\/#primaryimage"},"image":{"@id":"https:\/\/positiveprints.com\/it\/prodotto\/tre-lune-per-papa\/#primaryimage"},"thumbnailUrl":"https:\/\/positiveprints.com\/wp-content\/uploads\/2025\/07\/Packshot_IT_Tre-Lune-per-Papa\u0300.webp","datePublished":"2024-08-05T09:33:39+00:00","dateModified":"2026-04-12T19:07:12+00:00","description":"Tre Lune per Pap\u00e0 \u00e8 una stampa o una tela personalizzata che cattura magnificamente la magia della paternit\u00e0. Ordina la tua adesso.","breadcrumb":{"@id":"https:\/\/positiveprints.com\/it\/prodotto\/tre-lune-per-papa\/#breadcrumb"},"inLanguage":"it-IT","potentialAction":[{"@type":"ReadAction","target":["https:\/\/positiveprints.com\/it\/prodotto\/tre-lune-per-papa\/"]}]},{"@type":"ImageObject","inLanguage":"it-IT","@id":"https:\/\/positiveprints.com\/it\/prodotto\/tre-lune-per-papa\/#primaryimage","url":"https:\/\/positiveprints.com\/wp-content\/uploads\/2025\/07\/Packshot_IT_Tre-Lune-per-Papa\u0300.webp","contentUrl":"https:\/\/positiveprints.com\/wp-content\/uploads\/2025\/07\/Packshot_IT_Tre-Lune-per-Papa\u0300.webp","width":1450,"height":1450,"caption":"Packshot_IT_Tre Lune per Papa\u0300"},{"@type":"BreadcrumbList","@id":"https:\/\/positiveprints.com\/it\/prodotto\/tre-lune-per-papa\/#breadcrumb","itemListElement":[{"@type":"ListItem","position":1,"name":"Home","item":"https:\/\/positiveprints.com\/it\/"},{"@type":"ListItem","position":2,"name":"Prodotti","item":"https:\/\/positiveprints.com\/it\/shop\/"},{"@type":"ListItem","position":3,"name":"Tre Lune per Pap\u00e0"}]},{"@type":"WebSite","@id":"https:\/\/positiveprints.com\/it\/#website","url":"https:\/\/positiveprints.com\/it\/","name":"Positive Prints","description":"Amazing Custom Personalized Gifts","publisher":{"@id":"https:\/\/positiveprints.com\/it\/#organization"},"potentialAction":[{"@type":"SearchAction","target":{"@type":"EntryPoint","urlTemplate":"https:\/\/positiveprints.com\/it\/?s={search_term_string}"},"query-input":{"@type":"PropertyValueSpecification","valueRequired":true,"valueName":"search_term_string"}}],"inLanguage":"it-IT"},{"@type":"Organization","@id":"https:\/\/positiveprints.com\/it\/#organization","name":"Positive Prints","alternateName":"Positive Prints","url":"https:\/\/positiveprints.com\/it\/","logo":{"@type":"ImageObject","inLanguage":"it-IT","@id":"https:\/\/positiveprints.com\/it\/#\/schema\/logo\/image\/","url":"https:\/\/positiveprints.com\/wp-content\/uploads\/2026\/03\/245815646_1337939713319158_5671353136411139666_n.png","contentUrl":"https:\/\/positiveprints.com\/wp-content\/uploads\/2026\/03\/245815646_1337939713319158_5671353136411139666_n.png","width":800,"height":800,"caption":"Positive Prints"},"image":{"@id":"https:\/\/positiveprints.com\/it\/#\/schema\/logo\/image\/"},"sameAs":["https:\/\/www.facebook.com\/positiveprintscom","https:\/\/www.instagram.com\/positiveprintscom\/","https:\/\/www.tiktok.com\/@positiveprintscom","https:\/\/www.pinterest.com\/positiveprintscom\/"]}]}},"jetpack_sharing_enabled":true,"_links":{"self":[{"href":"https:\/\/positiveprints.com\/it\/wp-json\/wp\/v2\/product\/1170042","targetHints":{"allow":["GET"]}}],"collection":[{"href":"https:\/\/positiveprints.com\/it\/wp-json\/wp\/v2\/product"}],"about":[{"href":"https:\/\/positiveprints.com\/it\/wp-json\/wp\/v2\/types\/product"}],"wp:featuredmedia":[{"embeddable":true,"href":"https:\/\/positiveprints.com\/it\/wp-json\/wp\/v2\/media\/1480737"}],"wp:attachment":[{"href":"https:\/\/positiveprints.com\/it\/wp-json\/wp\/v2\/media?parent=1170042"}],"wp:term":[{"taxonomy":"product_brand","embeddable":true,"href":"https:\/\/positiveprints.com\/it\/wp-json\/wp\/v2\/product_brand?post=1170042"},{"taxonomy":"product_cat","embeddable":true,"href":"https:\/\/positiveprints.com\/it\/wp-json\/wp\/v2\/product_cat?post=1170042"},{"taxonomy":"product_tag","embeddable":true,"href":"https:\/\/positiveprints.com\/it\/wp-json\/wp\/v2\/product_tag?post=1170042"}],"curies":[{"name":"wp","href":"https:\/\/api.w.org\/{rel}","templated":true}]}}