{"id":1170014,"date":"2024-08-02T09:54:28","date_gmt":"2024-08-02T08:54:28","guid":{"rendered":"https:\/\/positiveprints.com\/?post_type=product&#038;p=1170014"},"modified":"2026-04-03T02:39:31","modified_gmt":"2026-04-03T01:39:31","slug":"luna-della-notte-in-cui-ci-siamo-incontrati-con-foto","status":"publish","type":"product","link":"https:\/\/positiveprints.com\/it\/prodotto\/luna-della-notte-in-cui-ci-siamo-incontrati-con-foto\/","title":{"rendered":"Luna della Notte in cui Ci Siamo Incontrati con Foto"},"content":{"rendered":"<p>Cerchi un modo romantico e memorabile per celebrare il tuo anniversario speciale? Luna della Notte in cui Ci Siamo Incontrati con Foto \u00e8 una stampa o tela personalizzata che cattura magnificamente la magia della notte in cui vi siete incontrati per la prima volta. Quest&#8217;opera d&#8217;arte squisita presenta la fase lunare di quella serata memorabile, accanto a una foto preziosa di te e del tuo partner. \u00c8 il modo perfetto per onorare la vostra storia d&#8217;amore e creare un ricordo duraturo.<\/p>\r\n\r\n<h2>Luna della Notte in cui Ci Siamo Incontrati con Foto<\/h2>\r\n\r\n<p>Luna della Notte in cui Ci Siamo Incontrati con Foto \u00e8 una straordinaria opera d&#8217;arte personalizzata che mette in risalto una fase lunare e una foto personale. Per creare questo ricordo sentimentale, visita semplicemente il nostro editor online. Inizia selezionando uno sfondo. Scegli tra le opzioni predefinite o progetta la tua combinazione di colori. Poi, aggiungi un titolo alla tua opera\u2014un messaggio speciale o un sentimento che sar\u00e0 mostrato sopra la luna e la foto.<\/p>\r\n\r\n<p>Dopo aver impostato il titolo, inserisci la data e il luogo per visualizzare la fase lunare della notte in cui tu e il tuo partner vi siete incontrati. Sotto la luna e la foto, puoi aggiungere nomi o qualsiasi altro testo che preferisci per renderlo ancora pi\u00f9 personale. Infine, scegli il formato della tua opera. Offriamo varie dimensioni e stili, incluse stampe poster stampate o incorniciate, tele e download digitali istantanei.<\/p>\r\n\r\n<h2>Perch\u00e9 Luna della Notte in cui Ci Siamo Incontrati con Foto \u00e8 il Regalo Perfetto<\/h2>\r\n\r\n<p>Trovare un regalo significativo e romantico per un anniversario pu\u00f2 essere una sfida, ma Luna della Notte in cui Ci Siamo Incontrati con Foto \u00e8 la soluzione perfetta. Quest&#8217;opera d&#8217;arte non \u00e8 solo un piacere visivo. \u00c8 un ricordo sentimentale della notte speciale che ha dato inizio alla vostra storia d&#8217;amore. Ideale per anniversari o qualsiasi occasione romantica, questo regalo mostra al tuo partner quanto significa per te.<\/p>\r\n\r\n<p>La natura personalizzata di quest&#8217;opera garantisce che ogni pezzo sia unico. Ogni volta che tu e il tuo partner la vedrete, ricorderete l&#8217;amore e la magia che vi hanno uniti. \u00c8 un regalo che porta un significato profondo e che sicuramente diventer\u00e0 una parte preziosa della vostra casa.<\/p>\r\n\r\n<h2>Inizia a Personalizzare il Tuo Regalo Oggi<\/h2>\r\n\r\n<p>Pronto a creare un regalo di anniversario memorabile e sincero? Inizia a personalizzare oggi stesso la tua opera Luna della Notte in cui Ci Siamo Incontrati con Foto. Visita il nostro editor online per scegliere uno sfondo, aggiungere un titolo speciale, inserire la data e il luogo per la fase lunare, e personalizzare il testo sotto la luna e la foto. Seleziona il formato che meglio si adatta al tuo stile, e sei pronto!<\/p>\r\n\r\n<p>Non aspettare\u2014trasforma quella notte indimenticabile in un&#8217;opera d&#8217;arte straordinaria che tu e il tuo partner conserverete per sempre. Ordina ora la tua Luna della Notte in cui Ci Siamo Incontrati con Foto personalizzata e regala un dono davvero fuori dal comune.<\/p>","protected":false},"excerpt":{"rendered":"<ul class=\"check-list\">\n<li> Ricorda un momento speciale con una stampa della fase lunare della tua data e luogo <\/li>\n<li>Personalizza in 3 semplici passaggi<\/li>\n<li>Scegli tra una gamma di design straordinari<\/li>\n<li>Includi un testo personalizzato significativo<\/li>\n<li>Anteprima del tuo design ad ogni passaggio<\/li>\n<\/ul>\n","protected":false},"featured_media":1176767,"template":"","meta":[],"product_brand":[],"product_cat":[5331,7688,8008,11125,5269,7673,11418,7641,11427,11424,7784,11432,7752,11425,8191,11426,8216,7800,11182,11181,11183,11243,11244,5315,4449],"product_tag":[14889,9797,13631,11754,11798,11768,11796,11800,11799],"class_list":{"0":"post-1170014","1":"product","2":"type-product","3":"status-publish","4":"has-post-thumbnail","6":"product_cat-regali-di-anniversario","7":"product_cat-regali-da-donna","8":"product_cat-regali-da-uomo","9":"product_cat-doppia-luna","10":"product_cat-regali-di-natale","11":"product_cat-regali-per-il-fidanzato","12":"product_cat-regali-di-natale-per-il-fidanzato","13":"product_cat-regali-per-il-marito","14":"product_cat-regali-di-natale-per-il-marito","15":"product_cat-regali-di-natale-per-la-fidanzata","16":"product_cat-regali-per-la-fidanzata","17":"product_cat-regali-di-natale-per-la-moglie","18":"product_cat-regali-per-la-moglie","19":"product_cat-regali-di-natale-per-lei","20":"product_cat-per-lei","21":"product_cat-regali-di-natale-per-lui","22":"product_cat-per-lui","23":"product_cat-regali-per-una-coppia","24":"product_cat-regali-di-anniversario-per-coppie","25":"product_cat-regali-di-anniversario-per-lei","26":"product_cat-regali-di-anniversario-per-lui","27":"product_cat-regali-di-san-valentino-per-lei","28":"product_cat-regali-di-san-valentino-per-lui","29":"product_cat-regali-di-san-valentino","30":"product_cat-tutti-i-prodotti","31":"product_tag-anniversary-it-2","32":"product_tag-luna","33":"product_tag-moon-phase-it","34":"product_tag-regali-di-natale-per-il-fidanzato","35":"product_tag-regali-di-natale-per-il-marito","36":"product_tag-regali-di-natale-per-la-fidanzata","37":"product_tag-regali-di-natale-per-la-moglie","38":"product_tag-regali-di-natale-per-lei","39":"product_tag-regali-di-natale-per-lui","41":"first","42":"instock","43":"sale","44":"taxable","45":"shipping-taxable","46":"purchasable","47":"product-type-variable"},"yoast_head":"<!-- This site is optimized with the Yoast SEO Premium plugin v27.2 (Yoast SEO v27.2) - https:\/\/yoast.com\/product\/yoast-seo-premium-wordpress\/ -->\n<title>Luna della Notte in cui Ci Siamo Incontrati con Foto - Positive Prints<\/title>\n<meta name=\"description\" content=\"Pronto a creare un regalo di anniversario memorabile e sincero? Inizia a personalizzare oggi stesso la tua opera Luna della Notte in cui Ci Siamo Incontrati con Foto.\" \/>\n<meta name=\"robots\" content=\"index, follow, max-snippet:-1, max-image-preview:large, max-video-preview:-1\" \/>\n<link rel=\"canonical\" href=\"https:\/\/positiveprints.com\/it\/prodotto\/luna-della-notte-in-cui-ci-siamo-incontrati-con-foto\/\" \/>\n<meta property=\"og:locale\" content=\"it_IT\" \/>\n<meta property=\"og:type\" content=\"article\" \/>\n<meta property=\"og:title\" content=\"Luna della Notte in cui Ci Siamo Incontrati con Foto\" \/>\n<meta property=\"og:description\" content=\"Ricorda un momento speciale con una stampa della fase lunare della tua data e luogo  Personalizza in 3 semplici passaggi Scegli tra una gamma di design straordinari Includi un testo personalizzato significativo Anteprima del tuo design ad ogni passaggio\" \/>\n<meta property=\"og:url\" content=\"https:\/\/positiveprints.com\/it\/prodotto\/luna-della-notte-in-cui-ci-siamo-incontrati-con-foto\/\" \/>\n<meta property=\"og:site_name\" content=\"Positive Prints\" \/>\n<meta property=\"article:publisher\" content=\"https:\/\/www.facebook.com\/positiveprintscom\" \/>\n<meta property=\"article:modified_time\" content=\"2026-04-03T01:39:31+00:00\" \/>\n<meta property=\"og:image\" content=\"https:\/\/positiveprints.com\/wp-content\/uploads\/2024\/08\/Luna-della-Notte-in-cui-Ci-Siamo-Incontrati-con-Foto.jpg\" \/>\n\t<meta property=\"og:image:width\" content=\"1080\" \/>\n\t<meta property=\"og:image:height\" content=\"1080\" \/>\n\t<meta property=\"og:image:type\" content=\"image\/jpeg\" \/>\n<meta name=\"twitter:card\" content=\"summary_large_image\" \/>\n<!-- \/ Yoast SEO Premium plugin. -->","yoast_head_json":{"title":"Luna della Notte in cui Ci Siamo Incontrati con Foto - Positive Prints","description":"Pronto a creare un regalo di anniversario memorabile e sincero? Inizia a personalizzare oggi stesso la tua opera Luna della Notte in cui Ci Siamo Incontrati con Foto.","robots":{"index":"index","follow":"follow","max-snippet":"max-snippet:-1","max-image-preview":"max-image-preview:large","max-video-preview":"max-video-preview:-1"},"canonical":"https:\/\/positiveprints.com\/it\/prodotto\/luna-della-notte-in-cui-ci-siamo-incontrati-con-foto\/","og_locale":"it_IT","og_type":"article","og_title":"Luna della Notte in cui Ci Siamo Incontrati con Foto","og_description":"Ricorda un momento speciale con una stampa della fase lunare della tua data e luogo  Personalizza in 3 semplici passaggi Scegli tra una gamma di design straordinari Includi un testo personalizzato significativo Anteprima del tuo design ad ogni passaggio","og_url":"https:\/\/positiveprints.com\/it\/prodotto\/luna-della-notte-in-cui-ci-siamo-incontrati-con-foto\/","og_site_name":"Positive Prints","article_publisher":"https:\/\/www.facebook.com\/positiveprintscom","article_modified_time":"2026-04-03T01:39:31+00:00","og_image":[{"width":1080,"height":1080,"url":"https:\/\/positiveprints.com\/wp-content\/uploads\/2024\/08\/Luna-della-Notte-in-cui-Ci-Siamo-Incontrati-con-Foto.jpg","type":"image\/jpeg"}],"twitter_card":"summary_large_image","schema":{"@context":"https:\/\/schema.org","@graph":[{"@type":["WebPage","ItemPage"],"@id":"https:\/\/positiveprints.com\/it\/prodotto\/luna-della-notte-in-cui-ci-siamo-incontrati-con-foto\/","url":"https:\/\/positiveprints.com\/it\/prodotto\/luna-della-notte-in-cui-ci-siamo-incontrati-con-foto\/","name":"Luna della Notte in cui Ci Siamo Incontrati con Foto - Positive Prints","isPartOf":{"@id":"https:\/\/positiveprints.com\/it\/#website"},"primaryImageOfPage":{"@id":"https:\/\/positiveprints.com\/it\/prodotto\/luna-della-notte-in-cui-ci-siamo-incontrati-con-foto\/#primaryimage"},"image":{"@id":"https:\/\/positiveprints.com\/it\/prodotto\/luna-della-notte-in-cui-ci-siamo-incontrati-con-foto\/#primaryimage"},"thumbnailUrl":"https:\/\/positiveprints.com\/wp-content\/uploads\/2024\/08\/Luna-della-Notte-in-cui-Ci-Siamo-Incontrati-con-Foto.jpg","datePublished":"2024-08-02T08:54:28+00:00","dateModified":"2026-04-03T01:39:31+00:00","description":"Pronto a creare un regalo di anniversario memorabile e sincero? Inizia a personalizzare oggi stesso la tua opera Luna della Notte in cui Ci Siamo Incontrati con Foto.","breadcrumb":{"@id":"https:\/\/positiveprints.com\/it\/prodotto\/luna-della-notte-in-cui-ci-siamo-incontrati-con-foto\/#breadcrumb"},"inLanguage":"it-IT","potentialAction":[{"@type":"ReadAction","target":["https:\/\/positiveprints.com\/it\/prodotto\/luna-della-notte-in-cui-ci-siamo-incontrati-con-foto\/"]}]},{"@type":"ImageObject","inLanguage":"it-IT","@id":"https:\/\/positiveprints.com\/it\/prodotto\/luna-della-notte-in-cui-ci-siamo-incontrati-con-foto\/#primaryimage","url":"https:\/\/positiveprints.com\/wp-content\/uploads\/2024\/08\/Luna-della-Notte-in-cui-Ci-Siamo-Incontrati-con-Foto.jpg","contentUrl":"https:\/\/positiveprints.com\/wp-content\/uploads\/2024\/08\/Luna-della-Notte-in-cui-Ci-Siamo-Incontrati-con-Foto.jpg","width":1080,"height":1080},{"@type":"BreadcrumbList","@id":"https:\/\/positiveprints.com\/it\/prodotto\/luna-della-notte-in-cui-ci-siamo-incontrati-con-foto\/#breadcrumb","itemListElement":[{"@type":"ListItem","position":1,"name":"Home","item":"https:\/\/positiveprints.com\/it\/"},{"@type":"ListItem","position":2,"name":"Prodotti","item":"https:\/\/positiveprints.com\/it\/shop\/"},{"@type":"ListItem","position":3,"name":"Luna della Notte in cui Ci Siamo Incontrati con Foto"}]},{"@type":"WebSite","@id":"https:\/\/positiveprints.com\/it\/#website","url":"https:\/\/positiveprints.com\/it\/","name":"Positive Prints","description":"Amazing Custom Personalized Gifts","publisher":{"@id":"https:\/\/positiveprints.com\/it\/#organization"},"potentialAction":[{"@type":"SearchAction","target":{"@type":"EntryPoint","urlTemplate":"https:\/\/positiveprints.com\/it\/?s={search_term_string}"},"query-input":{"@type":"PropertyValueSpecification","valueRequired":true,"valueName":"search_term_string"}}],"inLanguage":"it-IT"},{"@type":"Organization","@id":"https:\/\/positiveprints.com\/it\/#organization","name":"Positive Prints","alternateName":"Positive Prints","url":"https:\/\/positiveprints.com\/it\/","logo":{"@type":"ImageObject","inLanguage":"it-IT","@id":"https:\/\/positiveprints.com\/it\/#\/schema\/logo\/image\/","url":"https:\/\/positiveprints.com\/wp-content\/uploads\/2026\/03\/245815646_1337939713319158_5671353136411139666_n.png","contentUrl":"https:\/\/positiveprints.com\/wp-content\/uploads\/2026\/03\/245815646_1337939713319158_5671353136411139666_n.png","width":800,"height":800,"caption":"Positive Prints"},"image":{"@id":"https:\/\/positiveprints.com\/it\/#\/schema\/logo\/image\/"},"sameAs":["https:\/\/www.facebook.com\/positiveprintscom","https:\/\/www.instagram.com\/positiveprintscom\/","https:\/\/www.tiktok.com\/@positiveprintscom","https:\/\/www.pinterest.com\/positiveprintscom\/"]}]}},"jetpack_sharing_enabled":true,"_links":{"self":[{"href":"https:\/\/positiveprints.com\/it\/wp-json\/wp\/v2\/product\/1170014","targetHints":{"allow":["GET"]}}],"collection":[{"href":"https:\/\/positiveprints.com\/it\/wp-json\/wp\/v2\/product"}],"about":[{"href":"https:\/\/positiveprints.com\/it\/wp-json\/wp\/v2\/types\/product"}],"wp:featuredmedia":[{"embeddable":true,"href":"https:\/\/positiveprints.com\/it\/wp-json\/wp\/v2\/media\/1176767"}],"wp:attachment":[{"href":"https:\/\/positiveprints.com\/it\/wp-json\/wp\/v2\/media?parent=1170014"}],"wp:term":[{"taxonomy":"product_brand","embeddable":true,"href":"https:\/\/positiveprints.com\/it\/wp-json\/wp\/v2\/product_brand?post=1170014"},{"taxonomy":"product_cat","embeddable":true,"href":"https:\/\/positiveprints.com\/it\/wp-json\/wp\/v2\/product_cat?post=1170014"},{"taxonomy":"product_tag","embeddable":true,"href":"https:\/\/positiveprints.com\/it\/wp-json\/wp\/v2\/product_tag?post=1170014"}],"curies":[{"name":"wp","href":"https:\/\/api.w.org\/{rel}","templated":true}]}}