{"id":1170005,"date":"2024-08-02T09:30:21","date_gmt":"2024-08-02T08:30:21","guid":{"rendered":"https:\/\/positiveprints.com\/?post_type=product&#038;p=1170005"},"modified":"2026-04-03T02:39:49","modified_gmt":"2026-04-03T01:39:49","slug":"fase-lunare-con-foto","status":"publish","type":"product","link":"https:\/\/positiveprints.com\/it\/prodotto\/fase-lunare-con-foto\/","title":{"rendered":"Fase Lunare con Foto"},"content":{"rendered":"<p>Cerchi un regalo unico e memorabile che combini la bellezza celestiale con i ricordi personali? Fase Lunare con Foto \u00e8 una stampa o tela personalizzata che fonde magnificamente la magia delle fasi lunari con la tua foto preziosa. Questa opera d&#8217;arte squisita presenta una fase lunare di una data significativa nella tua vita, insieme a una foto preziosa. \u00c8 il modo perfetto per celebrare momenti speciali e creare un ricordo duraturo.<\/p>\r\n\r\n<h2>Fase Lunare con Foto<\/h2>\r\n\r\n<p>Fase Lunare con Foto \u00e8 una bellissima opera d&#8217;arte personalizzata che mette in mostra una fase lunare e una foto personale. Per creare questo ricordo significativo, visita semplicemente il nostro editor online. Inizia selezionando uno sfondo. Scegli tra le opzioni predefinite o crea la tua combinazione di colori. Successivamente, aggiungi un titolo alla tua opera \u2013 un messaggio speciale o un sentimento che sar\u00e0 mostrato sopra la luna e la foto.<\/p>\r\n\r\n<p>Dopo aver impostato il titolo, inserisci la data e il luogo per visualizzare la fase lunare del giorno significativo da te scelto. Sotto la luna e la foto, puoi aggiungere nomi o qualsiasi altro testo che preferisci per renderla ancora pi\u00f9 personale. Infine, scegli il formato della tua opera. Offriamo varie dimensioni e stili, inclusi stampe poster stampate o incorniciate, tele e download digitali istantanei.<\/p>\r\n\r\n<h2>Perch\u00e9 Fase Lunare con Foto \u00e8 il Regalo Perfetto<\/h2>\r\n\r\n<p>Trovare un regalo significativo e personalizzato pu\u00f2 essere una sfida, ma Fase Lunare con Foto \u00e8 la soluzione perfetta. Questa opera d&#8217;arte non \u00e8 solo un piacere visivo. \u00c8 un ricordo sentimentale di un giorno significativo nella tua vita. Ideale per compleanni, anniversari, matrimoni, o qualsiasi occasione speciale, questo regalo mostra ai tuoi cari quanto quei momenti significano per te.<\/p>\r\n\r\n<p>La natura personalizzata di questa opera garantisce che ogni pezzo sia unico. Ogni volta che tu o i tuoi cari la vedrete, vi ricorderete dell&#8217;amore e dei ricordi che condividete. \u00c8 un regalo che porta un significato profondo e che sicuramente diventer\u00e0 una parte preziosa della tua casa.<\/p>\r\n\r\n<h2>Inizia a Personalizzare il Tuo Regalo Oggi<\/h2>\r\n\r\n<p>Pronto a creare un regalo memorabile e toccante? Inizia a personalizzare oggi stesso la tua opera d&#8217;arte Fase Lunare con Foto.<\/p>\r\n<p>Non aspettare\u2014trasforma quei momenti speciali in un\u2019opera d&#8217;arte straordinaria che tu e i tuoi cari conserverete per sempre. Ordina ora la tua Fase Lunare con Foto personalizzata e regala un dono davvero fuori dal comune.<\/p>","protected":false},"excerpt":{"rendered":"<ul class=\"check-list\">\n<li>Ricorda un momento speciale con una stampa della fase lunare della tua data e luogo<\/li>\n<li>Personalizza in 3 semplici passaggi<\/li>\n<li>Scegli tra una gamma di design straordinari<\/li>\n<li>Includi un testo personalizzato significativo<\/li>\n<li>Anteprima del tuo design ad ogni passaggio<\/li>\n<\/ul>\n","protected":false},"featured_media":1176182,"template":"","meta":[],"product_brand":[],"product_cat":[11125,4449,8008,7688],"product_tag":[9797,13631],"class_list":{"0":"post-1170005","1":"product","2":"type-product","3":"status-publish","4":"has-post-thumbnail","6":"product_cat-doppia-luna","7":"product_cat-tutti-i-prodotti","8":"product_cat-regali-da-uomo","9":"product_cat-regali-da-donna","10":"product_tag-luna","11":"product_tag-moon-phase-it","13":"first","14":"instock","15":"sale","16":"taxable","17":"shipping-taxable","18":"purchasable","19":"product-type-variable"},"yoast_head":"<!-- This site is optimized with the Yoast SEO Premium plugin v27.2 (Yoast SEO v27.2) - https:\/\/yoast.com\/product\/yoast-seo-premium-wordpress\/ -->\n<title>Fase Lunare con Foto - Positive Prints<\/title>\n<meta name=\"description\" content=\"Cerchi un regalo unico e memorabile che combini la bellezza celestiale con i ricordi personali? Inizia a personalizzare oggi stesso la tua opera d&#039;arte Fase Lunare con Foto.\" \/>\n<meta name=\"robots\" content=\"index, follow, max-snippet:-1, max-image-preview:large, max-video-preview:-1\" \/>\n<link rel=\"canonical\" href=\"https:\/\/positiveprints.com\/it\/prodotto\/fase-lunare-con-foto\/\" \/>\n<meta property=\"og:locale\" content=\"it_IT\" \/>\n<meta property=\"og:type\" content=\"article\" \/>\n<meta property=\"og:title\" content=\"Fase Lunare con Foto\" \/>\n<meta property=\"og:description\" content=\"Ricorda un momento speciale con una stampa della fase lunare della tua data e luogo Personalizza in 3 semplici passaggi Scegli tra una gamma di design straordinari Includi un testo personalizzato significativo Anteprima del tuo design ad ogni passaggio\" \/>\n<meta property=\"og:url\" content=\"https:\/\/positiveprints.com\/it\/prodotto\/fase-lunare-con-foto\/\" \/>\n<meta property=\"og:site_name\" content=\"Positive Prints\" \/>\n<meta property=\"article:publisher\" content=\"https:\/\/www.facebook.com\/positiveprintscom\" \/>\n<meta property=\"article:modified_time\" content=\"2026-04-03T01:39:49+00:00\" \/>\n<meta property=\"og:image\" content=\"https:\/\/positiveprints.com\/wp-content\/uploads\/2024\/08\/Fase-Lunare-con-Foto.jpg\" \/>\n\t<meta property=\"og:image:width\" content=\"1080\" \/>\n\t<meta property=\"og:image:height\" content=\"1080\" \/>\n\t<meta property=\"og:image:type\" content=\"image\/jpeg\" \/>\n<meta name=\"twitter:card\" content=\"summary_large_image\" \/>\n<!-- \/ Yoast SEO Premium plugin. -->","yoast_head_json":{"title":"Fase Lunare con Foto - Positive Prints","description":"Cerchi un regalo unico e memorabile che combini la bellezza celestiale con i ricordi personali? Inizia a personalizzare oggi stesso la tua opera d'arte Fase Lunare con Foto.","robots":{"index":"index","follow":"follow","max-snippet":"max-snippet:-1","max-image-preview":"max-image-preview:large","max-video-preview":"max-video-preview:-1"},"canonical":"https:\/\/positiveprints.com\/it\/prodotto\/fase-lunare-con-foto\/","og_locale":"it_IT","og_type":"article","og_title":"Fase Lunare con Foto","og_description":"Ricorda un momento speciale con una stampa della fase lunare della tua data e luogo Personalizza in 3 semplici passaggi Scegli tra una gamma di design straordinari Includi un testo personalizzato significativo Anteprima del tuo design ad ogni passaggio","og_url":"https:\/\/positiveprints.com\/it\/prodotto\/fase-lunare-con-foto\/","og_site_name":"Positive Prints","article_publisher":"https:\/\/www.facebook.com\/positiveprintscom","article_modified_time":"2026-04-03T01:39:49+00:00","og_image":[{"width":1080,"height":1080,"url":"https:\/\/positiveprints.com\/wp-content\/uploads\/2024\/08\/Fase-Lunare-con-Foto.jpg","type":"image\/jpeg"}],"twitter_card":"summary_large_image","schema":{"@context":"https:\/\/schema.org","@graph":[{"@type":["WebPage","ItemPage"],"@id":"https:\/\/positiveprints.com\/it\/prodotto\/fase-lunare-con-foto\/","url":"https:\/\/positiveprints.com\/it\/prodotto\/fase-lunare-con-foto\/","name":"Fase Lunare con Foto - Positive Prints","isPartOf":{"@id":"https:\/\/positiveprints.com\/it\/#website"},"primaryImageOfPage":{"@id":"https:\/\/positiveprints.com\/it\/prodotto\/fase-lunare-con-foto\/#primaryimage"},"image":{"@id":"https:\/\/positiveprints.com\/it\/prodotto\/fase-lunare-con-foto\/#primaryimage"},"thumbnailUrl":"https:\/\/positiveprints.com\/wp-content\/uploads\/2024\/08\/Fase-Lunare-con-Foto.jpg","datePublished":"2024-08-02T08:30:21+00:00","dateModified":"2026-04-03T01:39:49+00:00","description":"Cerchi un regalo unico e memorabile che combini la bellezza celestiale con i ricordi personali? Inizia a personalizzare oggi stesso la tua opera d'arte Fase Lunare con Foto.","breadcrumb":{"@id":"https:\/\/positiveprints.com\/it\/prodotto\/fase-lunare-con-foto\/#breadcrumb"},"inLanguage":"it-IT","potentialAction":[{"@type":"ReadAction","target":["https:\/\/positiveprints.com\/it\/prodotto\/fase-lunare-con-foto\/"]}]},{"@type":"ImageObject","inLanguage":"it-IT","@id":"https:\/\/positiveprints.com\/it\/prodotto\/fase-lunare-con-foto\/#primaryimage","url":"https:\/\/positiveprints.com\/wp-content\/uploads\/2024\/08\/Fase-Lunare-con-Foto.jpg","contentUrl":"https:\/\/positiveprints.com\/wp-content\/uploads\/2024\/08\/Fase-Lunare-con-Foto.jpg","width":1080,"height":1080},{"@type":"BreadcrumbList","@id":"https:\/\/positiveprints.com\/it\/prodotto\/fase-lunare-con-foto\/#breadcrumb","itemListElement":[{"@type":"ListItem","position":1,"name":"Home","item":"https:\/\/positiveprints.com\/it\/"},{"@type":"ListItem","position":2,"name":"Prodotti","item":"https:\/\/positiveprints.com\/it\/shop\/"},{"@type":"ListItem","position":3,"name":"Fase Lunare con Foto"}]},{"@type":"WebSite","@id":"https:\/\/positiveprints.com\/it\/#website","url":"https:\/\/positiveprints.com\/it\/","name":"Positive Prints","description":"Amazing Custom Personalized Gifts","publisher":{"@id":"https:\/\/positiveprints.com\/it\/#organization"},"potentialAction":[{"@type":"SearchAction","target":{"@type":"EntryPoint","urlTemplate":"https:\/\/positiveprints.com\/it\/?s={search_term_string}"},"query-input":{"@type":"PropertyValueSpecification","valueRequired":true,"valueName":"search_term_string"}}],"inLanguage":"it-IT"},{"@type":"Organization","@id":"https:\/\/positiveprints.com\/it\/#organization","name":"Positive Prints","alternateName":"Positive Prints","url":"https:\/\/positiveprints.com\/it\/","logo":{"@type":"ImageObject","inLanguage":"it-IT","@id":"https:\/\/positiveprints.com\/it\/#\/schema\/logo\/image\/","url":"https:\/\/positiveprints.com\/wp-content\/uploads\/2026\/03\/245815646_1337939713319158_5671353136411139666_n.png","contentUrl":"https:\/\/positiveprints.com\/wp-content\/uploads\/2026\/03\/245815646_1337939713319158_5671353136411139666_n.png","width":800,"height":800,"caption":"Positive Prints"},"image":{"@id":"https:\/\/positiveprints.com\/it\/#\/schema\/logo\/image\/"},"sameAs":["https:\/\/www.facebook.com\/positiveprintscom","https:\/\/www.instagram.com\/positiveprintscom\/","https:\/\/www.tiktok.com\/@positiveprintscom","https:\/\/www.pinterest.com\/positiveprintscom\/"]}]}},"jetpack_sharing_enabled":true,"_links":{"self":[{"href":"https:\/\/positiveprints.com\/it\/wp-json\/wp\/v2\/product\/1170005","targetHints":{"allow":["GET"]}}],"collection":[{"href":"https:\/\/positiveprints.com\/it\/wp-json\/wp\/v2\/product"}],"about":[{"href":"https:\/\/positiveprints.com\/it\/wp-json\/wp\/v2\/types\/product"}],"wp:featuredmedia":[{"embeddable":true,"href":"https:\/\/positiveprints.com\/it\/wp-json\/wp\/v2\/media\/1176182"}],"wp:attachment":[{"href":"https:\/\/positiveprints.com\/it\/wp-json\/wp\/v2\/media?parent=1170005"}],"wp:term":[{"taxonomy":"product_brand","embeddable":true,"href":"https:\/\/positiveprints.com\/it\/wp-json\/wp\/v2\/product_brand?post=1170005"},{"taxonomy":"product_cat","embeddable":true,"href":"https:\/\/positiveprints.com\/it\/wp-json\/wp\/v2\/product_cat?post=1170005"},{"taxonomy":"product_tag","embeddable":true,"href":"https:\/\/positiveprints.com\/it\/wp-json\/wp\/v2\/product_tag?post=1170005"}],"curies":[{"name":"wp","href":"https:\/\/api.w.org\/{rel}","templated":true}]}}